{"id":1110,"date":"2023-03-22T12:30:13","date_gmt":"2023-03-22T11:30:13","guid":{"rendered":"https:\/\/airportsmokinglounge.com\/?page_id=1110"},"modified":"2023-05-23T18:11:50","modified_gmt":"2023-05-23T16:11:50","slug":"smoking-areas-at-stockholm-skavsta-airport-nyo","status":"publish","type":"page","link":"https:\/\/airportsmokinglounge.com\/de\/raucherbereiche-am-flughafen-stockholm-skavsta-nyo\/","title":{"rendered":"Raucherbereiche am Flughafen Stockholm Skavsta (NYO)"},"content":{"rendered":"<p>Der Flughafen Stockholm Skavsta (NYO) ist ein internationaler Flughafen, der etwa 100 Kilometer s\u00fcdwestlich von Stockholm, Schweden, liegt. Er dient als Sekund\u00e4rflughafen f\u00fcr die Region Stockholm und bedient haupts\u00e4chlich Billig- und Charterfluggesellschaften.<\/p>\n<p>Der Flughafen Skavsta ist vor allem f\u00fcr seine von Ryanair durchgef\u00fchrten Fl\u00fcge bekannt, die Verbindungen zu verschiedenen europ\u00e4ischen Zielen anbieten. Zu den beliebten Strecken vom Flughafen Skavsta geh\u00f6ren unter anderem Fl\u00fcge in St\u00e4dte wie London, Barcelona, Warschau, Mailand und Edinburgh. Obwohl er im Vergleich zum Flughafen Stockholm Arlanda oder dem Flughafen Stockholm Bromma weiter vom Zentrum Stockholms entfernt ist, kann er dennoch eine praktikable Option f\u00fcr Reisende sein, die nach erschwinglichen Fl\u00fcgen in die und aus der Region suchen.<\/p>\n<h2>Raucherbereiche vor der Sicherheitskontrolle<\/h2>\n<ul>\n<li><span style=\"font-size: 14pt;\">Rauchen ist nur au\u00dferhalb des Terminals gestattet<\/span><\/li>\n<\/ul>\n<h2>Raucherbereiche nach der Sicherheitskontrolle<\/h2>\n<ul>\n<li><span style=\"font-size: 14pt;\">Nach der Sicherheitskontrolle in der N\u00e4he von Gate 2 gibt es Raucherbereiche.<\/span><\/li>\n<\/ul>\n<p><span style=\"font-size: 14pt;\">Weitere Informationen auf der offiziellen Website<\/span><\/p>\n<ul>\n<li><a href=\"https:\/\/www.skavsta.se\/en\/getting-to-and-from\/directions-to-the-airport\/\" target=\"_blank\" rel=\"noopener\">www.skavsta.se<\/a><\/li>\n<\/ul>\n<p><strong><span style=\"font-size: 14pt;\">Sende uns Feedback<\/span><\/strong><\/p>\n<p><span style=\"font-size: 14pt;\">Wenn Sie am Flughafen sind, k\u00f6nnen Sie uns gerne Bilder der Raucherbereiche zusenden. Dies wird uns helfen, unsere Datenbank schneller zu f\u00fcllen. Du kannst das <strong><a href=\"https:\/\/airportsmokinglounge.com\/de\/kontakt\/\">Hier<\/a>.<\/strong> Die Bilder werden unter Angabe der Bildquelle (Name) auf unserer Website ver\u00f6ffentlicht. Teilen Sie diese Bilder gerne mit uns und allen Besuchern von Airport Smoking Lounge.com<\/span>.<\/p>\n<h2>Schweden-Rauchgesetz<\/h2>\n<p>Schweden hat Rauchergesetze und -vorschriften eingef\u00fchrt, um die \u00f6ffentliche Gesundheit zu sch\u00fctzen und den Tabakkonsum zu reduzieren. Bitte beachten Sie jedoch, dass sich die Rauchgesetze im Laufe der Zeit \u00e4ndern k\u00f6nnen. Daher ist es ratsam, sich \u00fcber die neuesten Gesetze zu informieren oder die \u00f6rtlichen Beh\u00f6rden zu konsultieren, um die aktuellsten Informationen zu den schwedischen Rauchgesetzen zu erhalten.<\/p>\n<p>In Schweden ist das Rauchen in geschlossenen \u00f6ffentlichen R\u00e4umen, einschlie\u00dflich Innenbereichen von Restaurants, Bars, Caf\u00e9s, Einkaufszentren und Regierungsgeb\u00e4uden, generell verboten. Diese Bereiche sind als rauchfrei ausgewiesen und das Rauchen ist im Inneren nicht gestattet.<\/p>\n<p>Schweden hat au\u00dferdem Beschr\u00e4nkungen f\u00fcr das Rauchen in \u00f6ffentlichen Au\u00dfenbereichen eingef\u00fchrt, beispielsweise in der N\u00e4he von Geb\u00e4udeeing\u00e4ngen, Bushaltestellen und bestimmten Sitzbereichen im Freien. Dar\u00fcber hinaus kann das Rauchen innerhalb bestimmter Entfernungen zu bestimmten Bereichen, wie z. B. Schulen und Gesundheitseinrichtungen, verboten sein.<\/p>\n<p>Der Verkauf von Tabakprodukten an Minderj\u00e4hrige unter 18 Jahren ist in Schweden strengstens verboten. Das Land hat grafische Gesundheitswarnungen auf Zigarettenverpackungen eingef\u00fchrt, um das Bewusstsein f\u00fcr die mit dem Rauchen verbundenen Gesundheitsrisiken zu sch\u00e4rfen.<\/p>\n<h3>H\u00e4ufig gestellte Fragen<\/h3>\n<h4>Sind Raucherbereiche am Flughafen rund um die Uhr verf\u00fcgbar?<\/h4>\n<p>Die Verf\u00fcgbarkeit von Raucherbereichen am Flughafen kann je nach Flughafen und Standort variieren. Einige Raucherbereiche sind 24 Stunden am Tag ge\u00f6ffnet, w\u00e4hrend andere m\u00f6glicherweise eingeschr\u00e4nkte \u00d6ffnungszeiten haben oder zu bestimmten Zeiten geschlossen sind. Am besten erkundigen Sie sich beim Flughafen oder besuchen Sie dessen Website, um genaue Informationen zu den \u00d6ffnungszeiten des Raucherbereichs zu erhalten.<\/p>\n<h4>Darf ich eigene Speisen und Getr\u00e4nke in den Raucherbereich mitbringen?<\/h4>\n<p>Dies kann vom jeweiligen Raucherbereich und Flughafen abh\u00e4ngen. In einigen Bereichen ist das Rauchen von Speisen und Getr\u00e4nken au\u00dferhalb des Raucherbereichs gestattet, w\u00e4hrend in anderen Bereichen m\u00f6glicherweise Einschr\u00e4nkungen gelten oder dies ganz verboten ist. Erkundigen Sie sich am besten beim Flughafen oder an der Beschilderung des Raucherbereichs nach den spezifischen Regeln und Vorschriften.<\/p>\n<h4>Ist das Rauchen in allen Raucherbereichen des Flughafens erlaubt?<\/h4>\n<p>M\u00f6glicherweise ist das Rauchen nicht in allen Raucherbereichen des Flughafens gestattet. Einige Flugh\u00e4fen verf\u00fcgen m\u00f6glicherweise \u00fcber ausgewiesene Bereiche f\u00fcr elektronische Zigaretten oder E-Zigaretten, die von den herk\u00f6mmlichen Raucherbereichen getrennt sind. Informieren Sie sich unbedingt \u00fcber die spezifischen Regeln und Vorschriften f\u00fcr den Raucherbereich, den Sie nutzen m\u00f6chten.<\/p>\n<h4>Sind Raucherbereiche klimatisiert oder beheizt?<\/h4>\n<p>Die Temperatur und Bel\u00fcftung der Raucherbereiche am Flughafen kann stark variieren. Einige sind m\u00f6glicherweise klimatisiert oder beheizt, w\u00e4hrend es sich bei anderen m\u00f6glicherweise um Freiluftr\u00e4ume mit begrenztem Schutz vor Witterungseinfl\u00fcssen handelt. Erkundigen Sie sich unbedingt vorab beim Flughafen oder besuchen Sie den Raucherbereich, um die Bedingungen zu ermitteln und sich entsprechend vorzubereiten.<\/p>\n<h4>Sind Raucherbereiche f\u00fcr Reisende mit Behinderungen zug\u00e4nglich?<\/h4>\n<p>Viele Flugh\u00e4fen haben Anstrengungen unternommen, ihre Raucherbereiche f\u00fcr Reisende mit Behinderungen zug\u00e4nglich zu machen. Allerdings kann die Zug\u00e4nglichkeit bestimmter Raucherbereiche stark variieren. Erkundigen Sie sich unbedingt beim Flughafen oder besuchen Sie den Raucherbereich im Voraus, um festzustellen, ob er zug\u00e4nglich ist und Ihren Bed\u00fcrfnissen entspricht.<\/p>\n<p><span style=\"font-size: 14pt;\"><strong>Weitere Flugh\u00e4fen in Schweden:<\/strong> <\/span><\/p>\n<ul>\n<li><a href=\"https:\/\/airportsmokinglounge.com\/de\/raucherbereiche-in-schweden-flughafen\/\"><span style=\"font-size: 14pt;\">Flugh\u00e4fen in Schweden<\/span><\/a><\/li>\n<\/ul>\n<p><span style=\"font-size: 14pt;\"><strong>Raucherzonen in Europa<\/strong><\/span><\/p>\n<ul>\n<li><span style=\"font-size: 14pt;\"><a href=\"https:\/\/airportsmokinglounge.com\/de\/raucherbereiche-in-europaischen-flughafen\/\">Europ\u00e4ische Flugh\u00e4fen<\/a><\/span><\/li>\n<\/ul>","protected":false},"excerpt":{"rendered":"<p>Der Flughafen Stockholm-Skavsta (NYO) ist ein internationaler Flughafen, der etwa 100 Kilometer s\u00fcdwestlich von Stockholm, Schweden, liegt. Er dient als Nebenflughafen f\u00fcr die Region Stockholm und wird haupts\u00e4chlich von Billig- und Charterfluggesellschaften angeflogen. Der Flughafen Skavsta ist vor allem f\u00fcr seine Fl\u00fcge mit Ryanair bekannt, die Verbindungen zu verschiedenen europ\u00e4ischen Zielen bietet. Beliebte Strecken ab Skavsta\u2026&nbsp;<a href=\"https:\/\/airportsmokinglounge.com\/de\/raucherbereiche-am-flughafen-stockholm-skavsta-nyo\/\" rel=\"bookmark\">Mehr lesen \u00bb<span class=\"screen-reader-text\">Raucherbereiche am Flughafen Stockholm Skavsta (NYO)<\/span><\/a><\/p>","protected":false},"author":1,"featured_media":1199,"parent":0,"menu_order":0,"comment_status":"closed","ping_status":"closed","template":"","meta":{"neve_meta_sidebar":"","neve_meta_container":"","neve_meta_enable_content_width":"off","neve_meta_content_width":100,"neve_meta_title_alignment":"","neve_meta_author_avatar":"","neve_post_elements_order":"","neve_meta_disable_header":"","neve_meta_disable_footer":"","neve_meta_disable_title":"","neve_meta_reading_time":"","footnotes":""},"class_list":["post-1110","page","type-page","status-publish","has-post-thumbnail","hentry"],"yoast_head":"<!-- This site is optimized with the Yoast SEO plugin v26.6 - https:\/\/yoast.com\/wordpress\/plugins\/seo\/ -->\n<title>Smoking areas at Stockholm Skavsta Airport (NYO)<\/title>\n<meta name=\"description\" content=\"Smoking areas Stockholm Skavsta Airport - Find a smoking area in the airport \u2714\ufe0e Smoking Guide in Airports: Information for Travelers \u2714\ufe0e\" \/>\n<meta name=\"robots\" content=\"index, follow, max-snippet:-1, max-image-preview:large, max-video-preview:-1\" \/>\n<link rel=\"canonical\" href=\"https:\/\/airportsmokinglounge.com\/de\/raucherbereiche-am-flughafen-stockholm-skavsta-nyo\/\" \/>\n<meta property=\"og:locale\" content=\"de_DE\" \/>\n<meta property=\"og:type\" content=\"article\" \/>\n<meta property=\"og:title\" content=\"Smoking areas at Stockholm Skavsta Airport (NYO)\" \/>\n<meta property=\"og:description\" content=\"Smoking areas Stockholm Skavsta Airport - Find a smoking area in the airport \u2714\ufe0e Smoking Guide in Airports: Information for Travelers \u2714\ufe0e\" \/>\n<meta property=\"og:url\" content=\"https:\/\/airportsmokinglounge.com\/de\/raucherbereiche-am-flughafen-stockholm-skavsta-nyo\/\" \/>\n<meta property=\"og:site_name\" content=\"airportsmokinglounge.com\" \/>\n<meta property=\"article:modified_time\" content=\"2023-05-23T16:11:50+00:00\" \/>\n<meta property=\"og:image\" content=\"https:\/\/airportsmokinglounge.com\/wp-content\/uploads\/2023\/03\/airport-smoking-lounge-4.jpg\" \/>\n\t<meta property=\"og:image:width\" content=\"2048\" \/>\n\t<meta property=\"og:image:height\" content=\"1152\" \/>\n\t<meta property=\"og:image:type\" content=\"image\/jpeg\" \/>\n<meta name=\"twitter:card\" content=\"summary_large_image\" \/>\n<meta name=\"twitter:label1\" content=\"Gesch\u00e4tzte Lesezeit\" \/>\n\t<meta name=\"twitter:data1\" content=\"3\u00a0Minuten\" \/>\n<script type=\"application\/ld+json\" class=\"yoast-schema-graph\">{\"@context\":\"https:\/\/schema.org\",\"@graph\":[{\"@type\":\"WebPage\",\"@id\":\"https:\/\/airportsmokinglounge.com\/smoking-areas-at-stockholm-skavsta-airport-nyo\/\",\"url\":\"https:\/\/airportsmokinglounge.com\/smoking-areas-at-stockholm-skavsta-airport-nyo\/\",\"name\":\"Smoking areas at Stockholm Skavsta Airport (NYO)\",\"isPartOf\":{\"@id\":\"https:\/\/airportsmokinglounge.com\/#website\"},\"primaryImageOfPage\":{\"@id\":\"https:\/\/airportsmokinglounge.com\/smoking-areas-at-stockholm-skavsta-airport-nyo\/#primaryimage\"},\"image\":{\"@id\":\"https:\/\/airportsmokinglounge.com\/smoking-areas-at-stockholm-skavsta-airport-nyo\/#primaryimage\"},\"thumbnailUrl\":\"https:\/\/airportsmokinglounge.com\/wp-content\/uploads\/2023\/03\/airport-smoking-lounge-4.jpg\",\"datePublished\":\"2023-03-22T11:30:13+00:00\",\"dateModified\":\"2023-05-23T16:11:50+00:00\",\"description\":\"Smoking areas Stockholm Skavsta Airport - Find a smoking area in the airport \u2714\ufe0e Smoking Guide in Airports: Information for Travelers \u2714\ufe0e\",\"breadcrumb\":{\"@id\":\"https:\/\/airportsmokinglounge.com\/smoking-areas-at-stockholm-skavsta-airport-nyo\/#breadcrumb\"},\"inLanguage\":\"de\",\"potentialAction\":[{\"@type\":\"ReadAction\",\"target\":[\"https:\/\/airportsmokinglounge.com\/smoking-areas-at-stockholm-skavsta-airport-nyo\/\"]}]},{\"@type\":\"ImageObject\",\"inLanguage\":\"de\",\"@id\":\"https:\/\/airportsmokinglounge.com\/smoking-areas-at-stockholm-skavsta-airport-nyo\/#primaryimage\",\"url\":\"https:\/\/airportsmokinglounge.com\/wp-content\/uploads\/2023\/03\/airport-smoking-lounge-4.jpg\",\"contentUrl\":\"https:\/\/airportsmokinglounge.com\/wp-content\/uploads\/2023\/03\/airport-smoking-lounge-4.jpg\",\"width\":2048,\"height\":1152,\"caption\":\"Airport Smoking\"},{\"@type\":\"BreadcrumbList\",\"@id\":\"https:\/\/airportsmokinglounge.com\/smoking-areas-at-stockholm-skavsta-airport-nyo\/#breadcrumb\",\"itemListElement\":[{\"@type\":\"ListItem\",\"position\":1,\"name\":\"Home\",\"item\":\"https:\/\/airportsmokinglounge.com\/\"},{\"@type\":\"ListItem\",\"position\":2,\"name\":\"Smoking areas at Stockholm Skavsta Airport (NYO)\"}]},{\"@type\":\"WebSite\",\"@id\":\"https:\/\/airportsmokinglounge.com\/#website\",\"url\":\"https:\/\/airportsmokinglounge.com\/\",\"name\":\"airportsmokinglounge.com\",\"description\":\"\",\"potentialAction\":[{\"@type\":\"SearchAction\",\"target\":{\"@type\":\"EntryPoint\",\"urlTemplate\":\"https:\/\/airportsmokinglounge.com\/?s={search_term_string}\"},\"query-input\":{\"@type\":\"PropertyValueSpecification\",\"valueRequired\":true,\"valueName\":\"search_term_string\"}}],\"inLanguage\":\"de\"}]}<\/script>\n<!-- \/ Yoast SEO plugin. -->","yoast_head_json":{"title":"Raucherbereiche am Flughafen Stockholm Skavsta (NYO)","description":"Raucherbereiche am Flughafen Stockholm-Skavsta \u2013 Finden Sie einen Raucherbereich am Flughafen \u2714\ufe0e Raucherf\u00fchrer an Flugh\u00e4fen: Informationen f\u00fcr Reisende \u2714\ufe0e","robots":{"index":"index","follow":"follow","max-snippet":"max-snippet:-1","max-image-preview":"max-image-preview:large","max-video-preview":"max-video-preview:-1"},"canonical":"https:\/\/airportsmokinglounge.com\/de\/raucherbereiche-am-flughafen-stockholm-skavsta-nyo\/","og_locale":"de_DE","og_type":"article","og_title":"Smoking areas at Stockholm Skavsta Airport (NYO)","og_description":"Smoking areas Stockholm Skavsta Airport - Find a smoking area in the airport \u2714\ufe0e Smoking Guide in Airports: Information for Travelers \u2714\ufe0e","og_url":"https:\/\/airportsmokinglounge.com\/de\/raucherbereiche-am-flughafen-stockholm-skavsta-nyo\/","og_site_name":"airportsmokinglounge.com","article_modified_time":"2023-05-23T16:11:50+00:00","og_image":[{"width":2048,"height":1152,"url":"https:\/\/airportsmokinglounge.com\/wp-content\/uploads\/2023\/03\/airport-smoking-lounge-4.jpg","type":"image\/jpeg"}],"twitter_card":"summary_large_image","twitter_misc":{"Gesch\u00e4tzte Lesezeit":"3\u00a0Minuten"},"schema":{"@context":"https:\/\/schema.org","@graph":[{"@type":"WebPage","@id":"https:\/\/airportsmokinglounge.com\/smoking-areas-at-stockholm-skavsta-airport-nyo\/","url":"https:\/\/airportsmokinglounge.com\/smoking-areas-at-stockholm-skavsta-airport-nyo\/","name":"Raucherbereiche am Flughafen Stockholm Skavsta (NYO)","isPartOf":{"@id":"https:\/\/airportsmokinglounge.com\/#website"},"primaryImageOfPage":{"@id":"https:\/\/airportsmokinglounge.com\/smoking-areas-at-stockholm-skavsta-airport-nyo\/#primaryimage"},"image":{"@id":"https:\/\/airportsmokinglounge.com\/smoking-areas-at-stockholm-skavsta-airport-nyo\/#primaryimage"},"thumbnailUrl":"https:\/\/airportsmokinglounge.com\/wp-content\/uploads\/2023\/03\/airport-smoking-lounge-4.jpg","datePublished":"2023-03-22T11:30:13+00:00","dateModified":"2023-05-23T16:11:50+00:00","description":"Raucherbereiche am Flughafen Stockholm-Skavsta \u2013 Finden Sie einen Raucherbereich am Flughafen \u2714\ufe0e Raucherf\u00fchrer an Flugh\u00e4fen: Informationen f\u00fcr Reisende \u2714\ufe0e","breadcrumb":{"@id":"https:\/\/airportsmokinglounge.com\/smoking-areas-at-stockholm-skavsta-airport-nyo\/#breadcrumb"},"inLanguage":"de","potentialAction":[{"@type":"ReadAction","target":["https:\/\/airportsmokinglounge.com\/smoking-areas-at-stockholm-skavsta-airport-nyo\/"]}]},{"@type":"ImageObject","inLanguage":"de","@id":"https:\/\/airportsmokinglounge.com\/smoking-areas-at-stockholm-skavsta-airport-nyo\/#primaryimage","url":"https:\/\/airportsmokinglounge.com\/wp-content\/uploads\/2023\/03\/airport-smoking-lounge-4.jpg","contentUrl":"https:\/\/airportsmokinglounge.com\/wp-content\/uploads\/2023\/03\/airport-smoking-lounge-4.jpg","width":2048,"height":1152,"caption":"Airport Smoking"},{"@type":"BreadcrumbList","@id":"https:\/\/airportsmokinglounge.com\/smoking-areas-at-stockholm-skavsta-airport-nyo\/#breadcrumb","itemListElement":[{"@type":"ListItem","position":1,"name":"Home","item":"https:\/\/airportsmokinglounge.com\/"},{"@type":"ListItem","position":2,"name":"Smoking areas at Stockholm Skavsta Airport (NYO)"}]},{"@type":"WebSite","@id":"https:\/\/airportsmokinglounge.com\/#website","url":"https:\/\/airportsmokinglounge.com\/","name":"Flughafenraucherlounge.com","description":"","potentialAction":[{"@type":"SearchAction","target":{"@type":"EntryPoint","urlTemplate":"https:\/\/airportsmokinglounge.com\/?s={search_term_string}"},"query-input":{"@type":"PropertyValueSpecification","valueRequired":true,"valueName":"search_term_string"}}],"inLanguage":"de"}]}},"_links":{"self":[{"href":"https:\/\/airportsmokinglounge.com\/de\/wp-json\/wp\/v2\/pages\/1110","targetHints":{"allow":["GET"]}}],"collection":[{"href":"https:\/\/airportsmokinglounge.com\/de\/wp-json\/wp\/v2\/pages"}],"about":[{"href":"https:\/\/airportsmokinglounge.com\/de\/wp-json\/wp\/v2\/types\/page"}],"author":[{"embeddable":true,"href":"https:\/\/airportsmokinglounge.com\/de\/wp-json\/wp\/v2\/users\/1"}],"replies":[{"embeddable":true,"href":"https:\/\/airportsmokinglounge.com\/de\/wp-json\/wp\/v2\/comments?post=1110"}],"version-history":[{"count":6,"href":"https:\/\/airportsmokinglounge.com\/de\/wp-json\/wp\/v2\/pages\/1110\/revisions"}],"predecessor-version":[{"id":6024,"href":"https:\/\/airportsmokinglounge.com\/de\/wp-json\/wp\/v2\/pages\/1110\/revisions\/6024"}],"wp:featuredmedia":[{"embeddable":true,"href":"https:\/\/airportsmokinglounge.com\/de\/wp-json\/wp\/v2\/media\/1199"}],"wp:attachment":[{"href":"https:\/\/airportsmokinglounge.com\/de\/wp-json\/wp\/v2\/media?parent=1110"}],"curies":[{"name":"wp","href":"https:\/\/api.w.org\/{rel}","templated":true}]}}