{"id":131,"date":"2023-02-23T16:13:54","date_gmt":"2023-02-23T15:13:54","guid":{"rendered":"https:\/\/airportsmokinglounge.com\/?page_id=131"},"modified":"2023-05-25T12:25:35","modified_gmt":"2023-05-25T10:25:35","slug":"smoking-areas-in-danish-airports","status":"publish","type":"page","link":"https:\/\/airportsmokinglounge.com\/de\/raucherbereiche-in-danischen-flughafen\/","title":{"rendered":"Raucherbereiche auf d\u00e4nischen Flugh\u00e4fen"},"content":{"rendered":"<p>D\u00e4nemark ist ein kleines Land im Norden Europas und verf\u00fcgt \u00fcber mehrere Flugh\u00e4fen, die sowohl Inlands- als auch internationale Fl\u00fcge anbieten.<\/p>\n<p>Auf dieser Website finden Sie alle Raucherbereiche an Flugh\u00e4fen, einschlie\u00dflich ausgewiesener Raucherbereiche und verf\u00fcgbarer Einrichtungen. Wir verstehen die Frustration, wenn man durch die Sicherheitskontrolle geht und dann feststellt, dass es nirgendwo Raucherbereiche gibt und in manchen F\u00e4llen E-Zigaretten m\u00f6glicherweise nicht erlaubt sind.<\/p>\n<p>Dieser Service richtet sich an alle Raucher, die vor oder nach langen Fl\u00fcgen eine Zigarette genie\u00dfen m\u00f6chten.<\/p>\n<h2>D\u00e4nische Flugh\u00e4fen<\/h2>\n<ul style=\"list-style-type: circle;\">\n<li><a href=\"https:\/\/airportsmokinglounge.com\/de\/raucherbereiche-am-flughafen-kopenhagen-kastrup-cph\/\">FLUGHAFEN KOPENHAGEN KASTRUP (CPH)<\/a><\/li>\n<li><a href=\"https:\/\/airportsmokinglounge.com\/de\/raucherbereiche-am-flughafen-billund-bll\/\">FLUGHAFEN BILLUND (BLL)<\/a><\/li>\n<li><a href=\"https:\/\/airportsmokinglounge.com\/de\/raucherbereiche-am-aalborg-flughafen-aal\/\">FLUGHAFEN AALBORG (AAL)<\/a><\/li>\n<li><a href=\"https:\/\/airportsmokinglounge.com\/de\/raucherbereiche-am-aarhus-flughafen-aar\/\">FLUGHAFEN AARHUS (AAR)<\/a><\/li>\n<\/ul>\n<h2>D\u00e4nisches Rauchergesetz<\/h2>\n<p>D\u00e4nemark hat einige der strengsten Rauchgesetze der Welt. Im Jahr 2007 f\u00fchrte das Land ein umfassendes Rauchverbot ein, das das Rauchen in allen geschlossenen \u00f6ffentlichen R\u00e4umen, einschlie\u00dflich Restaurants, Bars und Arbeitspl\u00e4tzen, verbietet.<\/p>\n<p>Das Gesetz verbietet auch das Rauchen in Au\u00dfenbereichen wie Spielpl\u00e4tzen, Sportpl\u00e4tzen und Haltestellen \u00f6ffentlicher Verkehrsmittel. Auch im Umkreis von 10 Metern um Geb\u00e4udeeing\u00e4nge ist das Rauchen verboten. Die einzige Ausnahme vom Gesetz sind ausgewiesene Raucherr\u00e4ume auf Flugh\u00e4fen.<\/p>\n<p>&nbsp;<\/p>\n<div class=\"container single-page-container\">\n<div class=\"row\">\n<div class=\"nv-single-page-wrap col\">\n<div class=\"nv-content-wrap entry-content\">\n<p><strong>Weitere Raucherbereiche am Flughafen\u00a0<\/strong><\/p>\n<ul>\n<li><a href=\"https:\/\/airportsmokinglounge.com\/de\/rauchen-in-den-flughafen-von-nordamerika\/\">Nordamerika<\/a><\/li>\n<li><a href=\"https:\/\/airportsmokinglounge.com\/de\/rauchen-auf-den-flughafen-sudamerikas\/\">S\u00fcdamerika<\/a><\/li>\n<li><a href=\"https:\/\/airportsmokinglounge.com\/de\/raucherbereiche-in-europaischen-flughafen\/\">Europa<\/a><\/li>\n<li><a href=\"https:\/\/airportsmokinglounge.com\/de\/rauchen-auf-flughafen-in-asien\/\">Asien<\/a><\/li>\n<li><a href=\"https:\/\/airportsmokinglounge.com\/de\/rauchen-auf-flughafen-in-ozeanien\/\">Ozeanien<\/a><\/li>\n<li><a href=\"https:\/\/airportsmokinglounge.com\/de\/rauchen-auf-flughafen-in-afrika\/\">Afrika<\/a><\/li>\n<\/ul>\n<\/div>\n<\/div>\n<\/div>\n<\/div>\n<p>&nbsp;<\/p>\n<footer id=\"site-footer\" class=\"site-footer\">\n<div class=\"hfg_footer\">\n<div id=\"cb-row--footer-top\" class=\"footer--row footer-top layout-full-contained\" data-row-id=\"top\" data-show-on=\"desktop\">\n<div class=\"footer--row-inner footer-top-inner footer-content-wrap\">\n<div class=\"container\">\n<div class=\"hfg-grid nv-footer-content hfg-grid-top row--wrapper row\" data-section=\"hfg_footer_layout_top\">\n<div class=\"hfg-slot left\">\n<div class=\"builder-item desktop-left tablet-left mobile-left\">\n<div class=\"item--inner builder-item--footer-one-widgets\" data-section=\"neve_sidebar-widgets-footer-one-widgets\" data-item-id=\"footer-one-widgets\">\n<div class=\"widget-area\">\n<div id=\"text-2\" class=\"widget widget_text\">\n<div class=\"textwidget\"><\/div>\n<\/div>\n<\/div>\n<\/div>\n<\/div>\n<\/div>\n<\/div>\n<\/div>\n<\/div>\n<\/div>\n<\/div>\n<\/footer>","protected":false},"excerpt":{"rendered":"<p>D\u00e4nemark ist ein kleines Land in Nordeuropa mit mehreren Flugh\u00e4fen f\u00fcr Inlands- und Auslandsfl\u00fcge. Auf dieser Website finden Sie alle Raucherbereiche an Flugh\u00e4fen, inklusive ausgewiesener Raucherzonen und der dazugeh\u00f6rigen Einrichtungen. Wir verstehen Ihren \u00c4rger, wenn Sie die Sicherheitskontrolle passieren und feststellen, dass es keine Raucherbereiche gibt\u2026&nbsp;<a href=\"https:\/\/airportsmokinglounge.com\/de\/raucherbereiche-in-danischen-flughafen\/\" rel=\"bookmark\">Mehr lesen \u00bb<span class=\"screen-reader-text\">Raucherbereiche auf d\u00e4nischen Flugh\u00e4fen<\/span><\/a><\/p>","protected":false},"author":1,"featured_media":1199,"parent":0,"menu_order":0,"comment_status":"closed","ping_status":"closed","template":"","meta":{"neve_meta_sidebar":"","neve_meta_container":"","neve_meta_enable_content_width":"off","neve_meta_content_width":100,"neve_meta_title_alignment":"","neve_meta_author_avatar":"","neve_post_elements_order":"","neve_meta_disable_header":"","neve_meta_disable_footer":"","neve_meta_disable_title":"","neve_meta_reading_time":"","footnotes":""},"class_list":["post-131","page","type-page","status-publish","has-post-thumbnail","hentry"],"yoast_head":"<!-- This site is optimized with the Yoast SEO plugin v26.6 - https:\/\/yoast.com\/wordpress\/plugins\/seo\/ -->\n<title>Smoking areas in Danish Airports - airportsmokinglounge.com<\/title>\n<meta name=\"description\" content=\"Smoking Areas in Danish Airports - Your Ultimate Guide to Finding a Place to Smoke \u2714\ufe0e Find Your Next Smoke Break Spot \u2714\ufe0e\" \/>\n<meta name=\"robots\" content=\"index, follow, max-snippet:-1, max-image-preview:large, max-video-preview:-1\" \/>\n<link rel=\"canonical\" href=\"https:\/\/airportsmokinglounge.com\/de\/raucherbereiche-in-danischen-flughafen\/\" \/>\n<meta property=\"og:locale\" content=\"de_DE\" \/>\n<meta property=\"og:type\" content=\"article\" \/>\n<meta property=\"og:title\" content=\"Smoking areas in Danish Airports - airportsmokinglounge.com\" \/>\n<meta property=\"og:description\" content=\"Smoking Areas in Danish Airports - Your Ultimate Guide to Finding a Place to Smoke \u2714\ufe0e Find Your Next Smoke Break Spot \u2714\ufe0e\" \/>\n<meta property=\"og:url\" content=\"https:\/\/airportsmokinglounge.com\/de\/raucherbereiche-in-danischen-flughafen\/\" \/>\n<meta property=\"og:site_name\" content=\"airportsmokinglounge.com\" \/>\n<meta property=\"article:modified_time\" content=\"2023-05-25T10:25:35+00:00\" \/>\n<meta property=\"og:image\" content=\"https:\/\/airportsmokinglounge.com\/wp-content\/uploads\/2023\/03\/airport-smoking-lounge-4.jpg\" \/>\n\t<meta property=\"og:image:width\" content=\"2048\" \/>\n\t<meta property=\"og:image:height\" content=\"1152\" \/>\n\t<meta property=\"og:image:type\" content=\"image\/jpeg\" \/>\n<meta name=\"twitter:card\" content=\"summary_large_image\" \/>\n<meta name=\"twitter:label1\" content=\"Gesch\u00e4tzte Lesezeit\" \/>\n\t<meta name=\"twitter:data1\" content=\"1\u00a0Minute\" \/>\n<script type=\"application\/ld+json\" class=\"yoast-schema-graph\">{\"@context\":\"https:\/\/schema.org\",\"@graph\":[{\"@type\":\"WebPage\",\"@id\":\"https:\/\/airportsmokinglounge.com\/smoking-areas-in-danish-airports\/\",\"url\":\"https:\/\/airportsmokinglounge.com\/smoking-areas-in-danish-airports\/\",\"name\":\"Smoking areas in Danish Airports - airportsmokinglounge.com\",\"isPartOf\":{\"@id\":\"https:\/\/airportsmokinglounge.com\/#website\"},\"primaryImageOfPage\":{\"@id\":\"https:\/\/airportsmokinglounge.com\/smoking-areas-in-danish-airports\/#primaryimage\"},\"image\":{\"@id\":\"https:\/\/airportsmokinglounge.com\/smoking-areas-in-danish-airports\/#primaryimage\"},\"thumbnailUrl\":\"https:\/\/airportsmokinglounge.com\/wp-content\/uploads\/2023\/03\/airport-smoking-lounge-4.jpg\",\"datePublished\":\"2023-02-23T15:13:54+00:00\",\"dateModified\":\"2023-05-25T10:25:35+00:00\",\"description\":\"Smoking Areas in Danish Airports - Your Ultimate Guide to Finding a Place to Smoke \u2714\ufe0e Find Your Next Smoke Break Spot \u2714\ufe0e\",\"breadcrumb\":{\"@id\":\"https:\/\/airportsmokinglounge.com\/smoking-areas-in-danish-airports\/#breadcrumb\"},\"inLanguage\":\"de\",\"potentialAction\":[{\"@type\":\"ReadAction\",\"target\":[\"https:\/\/airportsmokinglounge.com\/smoking-areas-in-danish-airports\/\"]}]},{\"@type\":\"ImageObject\",\"inLanguage\":\"de\",\"@id\":\"https:\/\/airportsmokinglounge.com\/smoking-areas-in-danish-airports\/#primaryimage\",\"url\":\"https:\/\/airportsmokinglounge.com\/wp-content\/uploads\/2023\/03\/airport-smoking-lounge-4.jpg\",\"contentUrl\":\"https:\/\/airportsmokinglounge.com\/wp-content\/uploads\/2023\/03\/airport-smoking-lounge-4.jpg\",\"width\":2048,\"height\":1152,\"caption\":\"Airport Smoking\"},{\"@type\":\"BreadcrumbList\",\"@id\":\"https:\/\/airportsmokinglounge.com\/smoking-areas-in-danish-airports\/#breadcrumb\",\"itemListElement\":[{\"@type\":\"ListItem\",\"position\":1,\"name\":\"Home\",\"item\":\"https:\/\/airportsmokinglounge.com\/\"},{\"@type\":\"ListItem\",\"position\":2,\"name\":\"Smoking areas in Danish Airports\"}]},{\"@type\":\"WebSite\",\"@id\":\"https:\/\/airportsmokinglounge.com\/#website\",\"url\":\"https:\/\/airportsmokinglounge.com\/\",\"name\":\"airportsmokinglounge.com\",\"description\":\"\",\"potentialAction\":[{\"@type\":\"SearchAction\",\"target\":{\"@type\":\"EntryPoint\",\"urlTemplate\":\"https:\/\/airportsmokinglounge.com\/?s={search_term_string}\"},\"query-input\":{\"@type\":\"PropertyValueSpecification\",\"valueRequired\":true,\"valueName\":\"search_term_string\"}}],\"inLanguage\":\"de\"}]}<\/script>\n<!-- \/ Yoast SEO plugin. -->","yoast_head_json":{"title":"Raucherbereiche in d\u00e4nischen Flugh\u00e4fen \u2013 Airport Smokinglounge.com","description":"Raucherbereiche auf d\u00e4nischen Flugh\u00e4fen \u2013 Ihr ultimativer Leitfaden zur Suche nach einem Ort zum Rauchen \u2714\ufe0e Finden Sie Ihren n\u00e4chsten Raucherpausenplatz \u2714\ufe0e","robots":{"index":"index","follow":"follow","max-snippet":"max-snippet:-1","max-image-preview":"max-image-preview:large","max-video-preview":"max-video-preview:-1"},"canonical":"https:\/\/airportsmokinglounge.com\/de\/raucherbereiche-in-danischen-flughafen\/","og_locale":"de_DE","og_type":"article","og_title":"Smoking areas in Danish Airports - airportsmokinglounge.com","og_description":"Smoking Areas in Danish Airports - Your Ultimate Guide to Finding a Place to Smoke \u2714\ufe0e Find Your Next Smoke Break Spot \u2714\ufe0e","og_url":"https:\/\/airportsmokinglounge.com\/de\/raucherbereiche-in-danischen-flughafen\/","og_site_name":"airportsmokinglounge.com","article_modified_time":"2023-05-25T10:25:35+00:00","og_image":[{"width":2048,"height":1152,"url":"https:\/\/airportsmokinglounge.com\/wp-content\/uploads\/2023\/03\/airport-smoking-lounge-4.jpg","type":"image\/jpeg"}],"twitter_card":"summary_large_image","twitter_misc":{"Gesch\u00e4tzte Lesezeit":"1\u00a0Minute"},"schema":{"@context":"https:\/\/schema.org","@graph":[{"@type":"WebPage","@id":"https:\/\/airportsmokinglounge.com\/smoking-areas-in-danish-airports\/","url":"https:\/\/airportsmokinglounge.com\/smoking-areas-in-danish-airports\/","name":"Raucherbereiche in d\u00e4nischen Flugh\u00e4fen \u2013 Airport Smokinglounge.com","isPartOf":{"@id":"https:\/\/airportsmokinglounge.com\/#website"},"primaryImageOfPage":{"@id":"https:\/\/airportsmokinglounge.com\/smoking-areas-in-danish-airports\/#primaryimage"},"image":{"@id":"https:\/\/airportsmokinglounge.com\/smoking-areas-in-danish-airports\/#primaryimage"},"thumbnailUrl":"https:\/\/airportsmokinglounge.com\/wp-content\/uploads\/2023\/03\/airport-smoking-lounge-4.jpg","datePublished":"2023-02-23T15:13:54+00:00","dateModified":"2023-05-25T10:25:35+00:00","description":"Raucherbereiche auf d\u00e4nischen Flugh\u00e4fen \u2013 Ihr ultimativer Leitfaden zur Suche nach einem Ort zum Rauchen \u2714\ufe0e Finden Sie Ihren n\u00e4chsten Raucherpausenplatz \u2714\ufe0e","breadcrumb":{"@id":"https:\/\/airportsmokinglounge.com\/smoking-areas-in-danish-airports\/#breadcrumb"},"inLanguage":"de","potentialAction":[{"@type":"ReadAction","target":["https:\/\/airportsmokinglounge.com\/smoking-areas-in-danish-airports\/"]}]},{"@type":"ImageObject","inLanguage":"de","@id":"https:\/\/airportsmokinglounge.com\/smoking-areas-in-danish-airports\/#primaryimage","url":"https:\/\/airportsmokinglounge.com\/wp-content\/uploads\/2023\/03\/airport-smoking-lounge-4.jpg","contentUrl":"https:\/\/airportsmokinglounge.com\/wp-content\/uploads\/2023\/03\/airport-smoking-lounge-4.jpg","width":2048,"height":1152,"caption":"Airport Smoking"},{"@type":"BreadcrumbList","@id":"https:\/\/airportsmokinglounge.com\/smoking-areas-in-danish-airports\/#breadcrumb","itemListElement":[{"@type":"ListItem","position":1,"name":"Home","item":"https:\/\/airportsmokinglounge.com\/"},{"@type":"ListItem","position":2,"name":"Smoking areas in Danish Airports"}]},{"@type":"WebSite","@id":"https:\/\/airportsmokinglounge.com\/#website","url":"https:\/\/airportsmokinglounge.com\/","name":"Flughafenraucherlounge.com","description":"","potentialAction":[{"@type":"SearchAction","target":{"@type":"EntryPoint","urlTemplate":"https:\/\/airportsmokinglounge.com\/?s={search_term_string}"},"query-input":{"@type":"PropertyValueSpecification","valueRequired":true,"valueName":"search_term_string"}}],"inLanguage":"de"}]}},"_links":{"self":[{"href":"https:\/\/airportsmokinglounge.com\/de\/wp-json\/wp\/v2\/pages\/131","targetHints":{"allow":["GET"]}}],"collection":[{"href":"https:\/\/airportsmokinglounge.com\/de\/wp-json\/wp\/v2\/pages"}],"about":[{"href":"https:\/\/airportsmokinglounge.com\/de\/wp-json\/wp\/v2\/types\/page"}],"author":[{"embeddable":true,"href":"https:\/\/airportsmokinglounge.com\/de\/wp-json\/wp\/v2\/users\/1"}],"replies":[{"embeddable":true,"href":"https:\/\/airportsmokinglounge.com\/de\/wp-json\/wp\/v2\/comments?post=131"}],"version-history":[{"count":8,"href":"https:\/\/airportsmokinglounge.com\/de\/wp-json\/wp\/v2\/pages\/131\/revisions"}],"predecessor-version":[{"id":6123,"href":"https:\/\/airportsmokinglounge.com\/de\/wp-json\/wp\/v2\/pages\/131\/revisions\/6123"}],"wp:featuredmedia":[{"embeddable":true,"href":"https:\/\/airportsmokinglounge.com\/de\/wp-json\/wp\/v2\/media\/1199"}],"wp:attachment":[{"href":"https:\/\/airportsmokinglounge.com\/de\/wp-json\/wp\/v2\/media?parent=131"}],"curies":[{"name":"wp","href":"https:\/\/api.w.org\/{rel}","templated":true}]}}