{"id":147,"date":"2023-02-23T18:27:08","date_gmt":"2023-02-23T17:27:08","guid":{"rendered":"https:\/\/airportsmokinglounge.com\/?page_id=147"},"modified":"2023-05-25T12:01:31","modified_gmt":"2023-05-25T10:01:31","slug":"smoking-areas-in-croatias-airports","status":"publish","type":"page","link":"https:\/\/airportsmokinglounge.com\/de\/raucherbereiche-in-kroatien-flughafen\/","title":{"rendered":"Raucherbereiche auf den kroatischen Flugh\u00e4fen"},"content":{"rendered":"<p>Kroatien verf\u00fcgt \u00fcber mehrere gro\u00dfe Flugh\u00e4fen, darunter den Flughafen Zagreb, den Flughafen Split, den Flughafen Dubrovnik und den Flughafen Pula. Jeder dieser Flugh\u00e4fen verf\u00fcgt \u00fcber ausgewiesene Raucherbereiche au\u00dferhalb des Terminalgeb\u00e4udes, in denen Passagiere in einem daf\u00fcr vorgesehenen und gut bel\u00fcfteten Raum rauchen k\u00f6nnen.<\/p>\n<p>Auf dieser Website finden Sie alle Raucherbereiche an Flugh\u00e4fen, einschlie\u00dflich ausgewiesener Raucherbereiche und verf\u00fcgbarer Einrichtungen. Wir verstehen die Frustration, wenn man durch die Sicherheitskontrolle geht und dann feststellt, dass es nirgendwo Raucherbereiche gibt und in manchen F\u00e4llen E-Zigaretten m\u00f6glicherweise nicht erlaubt sind.<\/p>\n<p>Dieser Service richtet sich an alle Raucher, die vor oder nach langen Fl\u00fcgen eine Zigarette genie\u00dfen m\u00f6chten.<\/p>\n<h2>Flugh\u00e4fen in Kroatien<\/h2>\n<ul style=\"list-style-type: circle;\">\n<li><a href=\"https:\/\/airportsmokinglounge.com\/de\/raucherbereiche-am-internationalen-flughafen-zagreb-zag\/\">FLUGHAFEN ZAGREB (ZAG)<\/a><\/li>\n<li><a href=\"https:\/\/airportsmokinglounge.com\/de\/raucherbereiche-am-flughafen-dubrovnik-dbv\/\">FLUGHAFEN DUBROVNIK (DBV)<\/a><\/li>\n<li><a href=\"https:\/\/airportsmokinglounge.com\/de\/raucherbereiche-am-split-airport-spu\/\">FLUGHAFEN SPLIT (SPU)<\/a><\/li>\n<li><a href=\"https:\/\/airportsmokinglounge.com\/de\/raucherbereiche-am-flughafen-pula-puy\/\">FLUGHAFEN PULA (PUY)<\/a><\/li>\n<li><a href=\"https:\/\/airportsmokinglounge.com\/de\/raucherbereiche-am-flughafen-zadar-zad\/\">FLUGHAFEN ZADAR (ZAD)<\/a><\/li>\n<li><a href=\"https:\/\/airportsmokinglounge.com\/de\/raucherbereiche-am-flughafen-rijeka-rjk\/\">FLUGHAFEN RIJEKA (RJK)<\/a><\/li>\n<\/ul>\n<h2>Rauchgesetz in Kroatien<\/h2>\n<p>In Kroatien wird das Rauchen von der Regierung stark reguliert, um die negativen Auswirkungen des Tabakkonsums auf die Gesundheit zu verringern.<\/p>\n<p>Das wichtigste Gesetz zur Regelung des Rauchens in Kroatien ist das Gesetz zur Beschr\u00e4nkung der Verwendung von Tabakprodukten, das 2008 eingef\u00fchrt wurde. Nach diesem Gesetz ist das Rauchen in allen \u00f6ffentlichen Innenr\u00e4umen, einschlie\u00dflich Restaurants, Caf\u00e9s, Bars und Nachtclubs, verboten.<\/p>\n<p>In diesen Einrichtungen gibt es keine ausgewiesenen Raucherbereiche und das Rauchen ist nur in Au\u00dfenbereichen gestattet, die mindestens 10 Meter vom Eingang entfernt sind.<\/p>\n<p>Personen, die beim Rauchen in verbotenen Bereichen erwischt werden, k\u00f6nnen mit einer Geldstrafe von bis zu 2.000 Kuna (ca. 270 EUR) belegt werden, w\u00e4hrend Unternehmen, die das Rauchen erlauben, mit einer Geldstrafe von bis zu 15.000 Kuna (ca. 2.000 EUR) belegt werden k\u00f6nnen. Dar\u00fcber hinaus k\u00f6nnen Personen, die Tabakprodukte an Minderj\u00e4hrige verkaufen, mit einer Geldstrafe von bis zu 30.000 Kuna (ca. 4.000 EUR) belegt werden.<\/p>\n<p>&nbsp;<\/p>\n<p>&nbsp;<\/p>\n<div class=\"container single-page-container\">\n<div class=\"row\">\n<div class=\"nv-single-page-wrap col\">\n<div class=\"nv-content-wrap entry-content\">\n<p><strong>Weitere Raucherbereiche am Flughafen\u00a0<\/strong><\/p>\n<ul>\n<li><a href=\"https:\/\/airportsmokinglounge.com\/de\/rauchen-in-den-flughafen-von-nordamerika\/\">Nordamerika<\/a><\/li>\n<li><a href=\"https:\/\/airportsmokinglounge.com\/de\/rauchen-auf-den-flughafen-sudamerikas\/\">S\u00fcdamerika<\/a><\/li>\n<li><a href=\"https:\/\/airportsmokinglounge.com\/de\/raucherbereiche-in-europaischen-flughafen\/\">Europa<\/a><\/li>\n<li><a href=\"https:\/\/airportsmokinglounge.com\/de\/rauchen-auf-flughafen-in-asien\/\">Asien<\/a><\/li>\n<li><a href=\"https:\/\/airportsmokinglounge.com\/de\/rauchen-auf-flughafen-in-ozeanien\/\">Ozeanien<\/a><\/li>\n<li><a href=\"https:\/\/airportsmokinglounge.com\/de\/rauchen-auf-flughafen-in-afrika\/\">Afrika<\/a><\/li>\n<\/ul>\n<\/div>\n<\/div>\n<\/div>\n<\/div>\n<p>&nbsp;<\/p>\n<p>&nbsp;<\/p>\n<footer id=\"site-footer\" class=\"site-footer\">\n<div class=\"hfg_footer\">\n<div id=\"cb-row--footer-top\" class=\"footer--row footer-top layout-full-contained\" data-row-id=\"top\" data-show-on=\"desktop\">\n<div class=\"footer--row-inner footer-top-inner footer-content-wrap\">\n<div class=\"container\">\n<div class=\"hfg-grid nv-footer-content hfg-grid-top row--wrapper row\" data-section=\"hfg_footer_layout_top\">\n<div class=\"hfg-slot left\"><\/div>\n<\/div>\n<\/div>\n<\/div>\n<\/div>\n<\/div>\n<\/footer>","protected":false},"excerpt":{"rendered":"<p>Kroatien verf\u00fcgt \u00fcber mehrere gro\u00dfe Flugh\u00e4fen, darunter die Flugh\u00e4fen Zagreb, Split, Dubrovnik und Pula. Jeder dieser Flugh\u00e4fen verf\u00fcgt \u00fcber ausgewiesene Raucherbereiche au\u00dferhalb des Terminalgeb\u00e4udes, wo Passagiere in einem ausgewiesenen und gut bel\u00fcfteten Bereich rauchen k\u00f6nnen. Auf dieser Website finden Sie alle Raucherbereiche in Flugh\u00e4fen, einschlie\u00dflich ausgewiesener Raucherbereiche und\u2026&nbsp;<a href=\"https:\/\/airportsmokinglounge.com\/de\/raucherbereiche-in-kroatien-flughafen\/\" rel=\"bookmark\">Mehr lesen \u00bb<span class=\"screen-reader-text\">Raucherbereiche auf den kroatischen Flugh\u00e4fen<\/span><\/a><\/p>","protected":false},"author":1,"featured_media":1199,"parent":0,"menu_order":0,"comment_status":"closed","ping_status":"closed","template":"","meta":{"neve_meta_sidebar":"","neve_meta_container":"","neve_meta_enable_content_width":"off","neve_meta_content_width":100,"neve_meta_title_alignment":"","neve_meta_author_avatar":"","neve_post_elements_order":"","neve_meta_disable_header":"","neve_meta_disable_footer":"","neve_meta_disable_title":"","neve_meta_reading_time":"","footnotes":""},"class_list":["post-147","page","type-page","status-publish","has-post-thumbnail","hentry"],"yoast_head":"<!-- This site is optimized with the Yoast SEO plugin v26.6 - https:\/\/yoast.com\/wordpress\/plugins\/seo\/ -->\n<title>Smoking areas in Croatia&#039;s airports - airportsmokinglounge.com<\/title>\n<meta name=\"description\" content=\"Smoking Areas in Croatia&#039;s Airports - Your Ultimate Guide to Finding a Place to Smoke \u2714\ufe0e Find Your Next Smoke Break Spot \u2714\ufe0e\" \/>\n<meta name=\"robots\" content=\"index, follow, max-snippet:-1, max-image-preview:large, max-video-preview:-1\" \/>\n<link rel=\"canonical\" href=\"https:\/\/airportsmokinglounge.com\/de\/raucherbereiche-in-kroatien-flughafen\/\" \/>\n<meta property=\"og:locale\" content=\"de_DE\" \/>\n<meta property=\"og:type\" content=\"article\" \/>\n<meta property=\"og:title\" content=\"Smoking areas in Croatia&#039;s airports - airportsmokinglounge.com\" \/>\n<meta property=\"og:description\" content=\"Smoking Areas in Croatia&#039;s Airports - Your Ultimate Guide to Finding a Place to Smoke \u2714\ufe0e Find Your Next Smoke Break Spot \u2714\ufe0e\" \/>\n<meta property=\"og:url\" content=\"https:\/\/airportsmokinglounge.com\/de\/raucherbereiche-in-kroatien-flughafen\/\" \/>\n<meta property=\"og:site_name\" content=\"airportsmokinglounge.com\" \/>\n<meta property=\"article:modified_time\" content=\"2023-05-25T10:01:31+00:00\" \/>\n<meta property=\"og:image\" content=\"https:\/\/airportsmokinglounge.com\/wp-content\/uploads\/2023\/03\/airport-smoking-lounge-4.jpg\" \/>\n\t<meta property=\"og:image:width\" content=\"2048\" \/>\n\t<meta property=\"og:image:height\" content=\"1152\" \/>\n\t<meta property=\"og:image:type\" content=\"image\/jpeg\" \/>\n<meta name=\"twitter:card\" content=\"summary_large_image\" \/>\n<meta name=\"twitter:label1\" content=\"Gesch\u00e4tzte Lesezeit\" \/>\n\t<meta name=\"twitter:data1\" content=\"2\u00a0Minuten\" \/>\n<script type=\"application\/ld+json\" class=\"yoast-schema-graph\">{\"@context\":\"https:\/\/schema.org\",\"@graph\":[{\"@type\":\"WebPage\",\"@id\":\"https:\/\/airportsmokinglounge.com\/smoking-areas-in-croatias-airports\/\",\"url\":\"https:\/\/airportsmokinglounge.com\/smoking-areas-in-croatias-airports\/\",\"name\":\"Smoking areas in Croatia's airports - airportsmokinglounge.com\",\"isPartOf\":{\"@id\":\"https:\/\/airportsmokinglounge.com\/#website\"},\"primaryImageOfPage\":{\"@id\":\"https:\/\/airportsmokinglounge.com\/smoking-areas-in-croatias-airports\/#primaryimage\"},\"image\":{\"@id\":\"https:\/\/airportsmokinglounge.com\/smoking-areas-in-croatias-airports\/#primaryimage\"},\"thumbnailUrl\":\"https:\/\/airportsmokinglounge.com\/wp-content\/uploads\/2023\/03\/airport-smoking-lounge-4.jpg\",\"datePublished\":\"2023-02-23T17:27:08+00:00\",\"dateModified\":\"2023-05-25T10:01:31+00:00\",\"description\":\"Smoking Areas in Croatia's Airports - Your Ultimate Guide to Finding a Place to Smoke \u2714\ufe0e Find Your Next Smoke Break Spot \u2714\ufe0e\",\"breadcrumb\":{\"@id\":\"https:\/\/airportsmokinglounge.com\/smoking-areas-in-croatias-airports\/#breadcrumb\"},\"inLanguage\":\"de\",\"potentialAction\":[{\"@type\":\"ReadAction\",\"target\":[\"https:\/\/airportsmokinglounge.com\/smoking-areas-in-croatias-airports\/\"]}]},{\"@type\":\"ImageObject\",\"inLanguage\":\"de\",\"@id\":\"https:\/\/airportsmokinglounge.com\/smoking-areas-in-croatias-airports\/#primaryimage\",\"url\":\"https:\/\/airportsmokinglounge.com\/wp-content\/uploads\/2023\/03\/airport-smoking-lounge-4.jpg\",\"contentUrl\":\"https:\/\/airportsmokinglounge.com\/wp-content\/uploads\/2023\/03\/airport-smoking-lounge-4.jpg\",\"width\":2048,\"height\":1152,\"caption\":\"Airport Smoking\"},{\"@type\":\"BreadcrumbList\",\"@id\":\"https:\/\/airportsmokinglounge.com\/smoking-areas-in-croatias-airports\/#breadcrumb\",\"itemListElement\":[{\"@type\":\"ListItem\",\"position\":1,\"name\":\"Home\",\"item\":\"https:\/\/airportsmokinglounge.com\/\"},{\"@type\":\"ListItem\",\"position\":2,\"name\":\"Smoking areas in Croatia&#8217;s airports\"}]},{\"@type\":\"WebSite\",\"@id\":\"https:\/\/airportsmokinglounge.com\/#website\",\"url\":\"https:\/\/airportsmokinglounge.com\/\",\"name\":\"airportsmokinglounge.com\",\"description\":\"\",\"potentialAction\":[{\"@type\":\"SearchAction\",\"target\":{\"@type\":\"EntryPoint\",\"urlTemplate\":\"https:\/\/airportsmokinglounge.com\/?s={search_term_string}\"},\"query-input\":{\"@type\":\"PropertyValueSpecification\",\"valueRequired\":true,\"valueName\":\"search_term_string\"}}],\"inLanguage\":\"de\"}]}<\/script>\n<!-- \/ Yoast SEO plugin. -->","yoast_head_json":{"title":"Raucherbereiche in Kroatiens Flugh\u00e4fen - Airport Smoking Lounge.com","description":"Raucherbereiche auf kroatischen Flugh\u00e4fen \u2013 Ihr ultimativer Leitfaden zur Suche nach einem Ort zum Rauchen \u2714\ufe0e Finden Sie Ihren n\u00e4chsten Raucherpausenplatz \u2714\ufe0e","robots":{"index":"index","follow":"follow","max-snippet":"max-snippet:-1","max-image-preview":"max-image-preview:large","max-video-preview":"max-video-preview:-1"},"canonical":"https:\/\/airportsmokinglounge.com\/de\/raucherbereiche-in-kroatien-flughafen\/","og_locale":"de_DE","og_type":"article","og_title":"Smoking areas in Croatia's airports - airportsmokinglounge.com","og_description":"Smoking Areas in Croatia's Airports - Your Ultimate Guide to Finding a Place to Smoke \u2714\ufe0e Find Your Next Smoke Break Spot \u2714\ufe0e","og_url":"https:\/\/airportsmokinglounge.com\/de\/raucherbereiche-in-kroatien-flughafen\/","og_site_name":"airportsmokinglounge.com","article_modified_time":"2023-05-25T10:01:31+00:00","og_image":[{"width":2048,"height":1152,"url":"https:\/\/airportsmokinglounge.com\/wp-content\/uploads\/2023\/03\/airport-smoking-lounge-4.jpg","type":"image\/jpeg"}],"twitter_card":"summary_large_image","twitter_misc":{"Gesch\u00e4tzte Lesezeit":"2\u00a0Minuten"},"schema":{"@context":"https:\/\/schema.org","@graph":[{"@type":"WebPage","@id":"https:\/\/airportsmokinglounge.com\/smoking-areas-in-croatias-airports\/","url":"https:\/\/airportsmokinglounge.com\/smoking-areas-in-croatias-airports\/","name":"Raucherbereiche in Kroatiens Flugh\u00e4fen - Airport Smoking Lounge.com","isPartOf":{"@id":"https:\/\/airportsmokinglounge.com\/#website"},"primaryImageOfPage":{"@id":"https:\/\/airportsmokinglounge.com\/smoking-areas-in-croatias-airports\/#primaryimage"},"image":{"@id":"https:\/\/airportsmokinglounge.com\/smoking-areas-in-croatias-airports\/#primaryimage"},"thumbnailUrl":"https:\/\/airportsmokinglounge.com\/wp-content\/uploads\/2023\/03\/airport-smoking-lounge-4.jpg","datePublished":"2023-02-23T17:27:08+00:00","dateModified":"2023-05-25T10:01:31+00:00","description":"Raucherbereiche auf kroatischen Flugh\u00e4fen \u2013 Ihr ultimativer Leitfaden zur Suche nach einem Ort zum Rauchen \u2714\ufe0e Finden Sie Ihren n\u00e4chsten Raucherpausenplatz \u2714\ufe0e","breadcrumb":{"@id":"https:\/\/airportsmokinglounge.com\/smoking-areas-in-croatias-airports\/#breadcrumb"},"inLanguage":"de","potentialAction":[{"@type":"ReadAction","target":["https:\/\/airportsmokinglounge.com\/smoking-areas-in-croatias-airports\/"]}]},{"@type":"ImageObject","inLanguage":"de","@id":"https:\/\/airportsmokinglounge.com\/smoking-areas-in-croatias-airports\/#primaryimage","url":"https:\/\/airportsmokinglounge.com\/wp-content\/uploads\/2023\/03\/airport-smoking-lounge-4.jpg","contentUrl":"https:\/\/airportsmokinglounge.com\/wp-content\/uploads\/2023\/03\/airport-smoking-lounge-4.jpg","width":2048,"height":1152,"caption":"Airport Smoking"},{"@type":"BreadcrumbList","@id":"https:\/\/airportsmokinglounge.com\/smoking-areas-in-croatias-airports\/#breadcrumb","itemListElement":[{"@type":"ListItem","position":1,"name":"Home","item":"https:\/\/airportsmokinglounge.com\/"},{"@type":"ListItem","position":2,"name":"Smoking areas in Croatia&#8217;s airports"}]},{"@type":"WebSite","@id":"https:\/\/airportsmokinglounge.com\/#website","url":"https:\/\/airportsmokinglounge.com\/","name":"Flughafenraucherlounge.com","description":"","potentialAction":[{"@type":"SearchAction","target":{"@type":"EntryPoint","urlTemplate":"https:\/\/airportsmokinglounge.com\/?s={search_term_string}"},"query-input":{"@type":"PropertyValueSpecification","valueRequired":true,"valueName":"search_term_string"}}],"inLanguage":"de"}]}},"_links":{"self":[{"href":"https:\/\/airportsmokinglounge.com\/de\/wp-json\/wp\/v2\/pages\/147","targetHints":{"allow":["GET"]}}],"collection":[{"href":"https:\/\/airportsmokinglounge.com\/de\/wp-json\/wp\/v2\/pages"}],"about":[{"href":"https:\/\/airportsmokinglounge.com\/de\/wp-json\/wp\/v2\/types\/page"}],"author":[{"embeddable":true,"href":"https:\/\/airportsmokinglounge.com\/de\/wp-json\/wp\/v2\/users\/1"}],"replies":[{"embeddable":true,"href":"https:\/\/airportsmokinglounge.com\/de\/wp-json\/wp\/v2\/comments?post=147"}],"version-history":[{"count":10,"href":"https:\/\/airportsmokinglounge.com\/de\/wp-json\/wp\/v2\/pages\/147\/revisions"}],"predecessor-version":[{"id":6113,"href":"https:\/\/airportsmokinglounge.com\/de\/wp-json\/wp\/v2\/pages\/147\/revisions\/6113"}],"wp:featuredmedia":[{"embeddable":true,"href":"https:\/\/airportsmokinglounge.com\/de\/wp-json\/wp\/v2\/media\/1199"}],"wp:attachment":[{"href":"https:\/\/airportsmokinglounge.com\/de\/wp-json\/wp\/v2\/media?parent=147"}],"curies":[{"name":"wp","href":"https:\/\/api.w.org\/{rel}","templated":true}]}}