{"id":1519,"date":"2023-03-30T17:43:47","date_gmt":"2023-03-30T15:43:47","guid":{"rendered":"https:\/\/airportsmokinglounge.com\/?page_id=1519"},"modified":"2023-05-10T15:14:17","modified_gmt":"2023-05-10T13:14:17","slug":"smoking-areas-at-ted-stevens-anchorage-airport-anc","status":"publish","type":"page","link":"https:\/\/airportsmokinglounge.com\/de\/raucherbereiche-am-ted-stevens-anchorage-airport-anc\/","title":{"rendered":"Raucherbereiche am Ted Stevens Anchorage Airport (ANC)"},"content":{"rendered":"<p>Der Ted Stevens Anchorage International Airport (ANC) ist der gr\u00f6\u00dfte und verkehrsreichste Flughafen im Bundesstaat Alaska und befindet sich in Anchorage. Er dient als wichtiger Verkehrsknotenpunkt f\u00fcr Inlands- und Auslandsreisen und verbindet Alaska mit verschiedenen Zielen auf der ganzen Welt.<\/p>\n<p>Der Flughafen verf\u00fcgt \u00fcber ein modernes und ger\u00e4umiges Terminalgeb\u00e4ude mit einer breiten Palette an Annehmlichkeiten und Dienstleistungen. Dazu geh\u00f6ren Check-in-Schalter, Sicherheitskontrollen, Gep\u00e4ckausgabebereiche, Autovermietungen, Speisem\u00f6glichkeiten, Einzelhandelsgesch\u00e4fte, Lounges und mehr. Das Terminal ist so konzipiert, dass es Reisenden ein komfortables und angenehmes Erlebnis bietet.<\/p>\n<h2>Raucherbereiche vor der Sicherheitskontrolle<\/h2>\n<ul>\n<li><span style=\"font-size: 14pt;\">Rauchen ist nur au\u00dferhalb des Terminals gestattet<\/span><\/li>\n<\/ul>\n<h2>Raucherbereiche nach der Sicherheitskontrolle<\/h2>\n<ul>\n<li><span style=\"font-size: 14pt;\">Im Terminal gibt es keine Raucherbereiche.<\/span><\/li>\n<\/ul>\n<p><span style=\"font-size: 14pt;\">Weitere Informationen auf der offiziellen Website<\/span><\/p>\n<ul>\n<li><a href=\"https:\/\/dot.alaska.gov\/anc\/\" target=\"_blank\" rel=\"noopener\">www.dot.alaska.gov<\/a><\/li>\n<\/ul>\n<p><strong><span style=\"font-size: 14pt;\">Sende uns Feedback<\/span><\/strong><\/p>\n<p><span style=\"font-size: 14pt;\">Wenn Sie am Flughafen in Anchorage sind, k\u00f6nnen Sie uns gerne Bilder der Raucherbereiche schicken. Dies hilft uns, unsere Datenbank schneller zu f\u00fcllen. Sie k\u00f6nnen dies tun <strong><a href=\"https:\/\/airportsmokinglounge.com\/de\/kontakt\/\">Hier<\/a>.<\/strong> Die Bilder werden unter Angabe der Bildquelle (Name) auf unserer Website ver\u00f6ffentlicht. Teilen Sie diese Bilder gerne mit uns und allen Besuchern von Airport Smoking Lounge.com<\/span>.<\/p>\n<h3>H\u00e4ufig gestellte Fragen<\/h3>\n<h4>Sind Raucherbereiche am Flughafen rund um die Uhr verf\u00fcgbar?<\/h4>\n<p>Die Verf\u00fcgbarkeit von Raucherbereichen am Flughafen kann je nach Flughafen und Standort variieren. Einige Raucherbereiche sind 24 Stunden am Tag ge\u00f6ffnet, w\u00e4hrend andere m\u00f6glicherweise eingeschr\u00e4nkte \u00d6ffnungszeiten haben oder zu bestimmten Zeiten geschlossen sind. Am besten erkundigen Sie sich beim Flughafen oder besuchen Sie dessen Website, um genaue Informationen zu den \u00d6ffnungszeiten des Raucherbereichs zu erhalten.<\/p>\n<h4>Darf ich eigene Speisen und Getr\u00e4nke in den Raucherbereich mitbringen?<\/h4>\n<p>Dies kann vom jeweiligen Raucherbereich und Flughafen abh\u00e4ngen. In einigen Bereichen ist das Rauchen von Speisen und Getr\u00e4nken au\u00dferhalb des Raucherbereichs gestattet, w\u00e4hrend in anderen Bereichen m\u00f6glicherweise Einschr\u00e4nkungen gelten oder dies ganz verboten ist. Erkundigen Sie sich am besten beim Flughafen oder an der Beschilderung des Raucherbereichs nach den spezifischen Regeln und Vorschriften.<\/p>\n<h4>Ist das Rauchen in allen Raucherbereichen des Flughafens erlaubt?<\/h4>\n<p>M\u00f6glicherweise ist das Rauchen nicht in allen Raucherbereichen des Flughafens gestattet. Einige Flugh\u00e4fen verf\u00fcgen m\u00f6glicherweise \u00fcber ausgewiesene Bereiche f\u00fcr elektronische Zigaretten oder E-Zigaretten, die von den herk\u00f6mmlichen Raucherbereichen getrennt sind. Informieren Sie sich unbedingt \u00fcber die spezifischen Regeln und Vorschriften f\u00fcr den Raucherbereich, den Sie nutzen m\u00f6chten.<\/p>\n<h4>Sind Raucherbereiche klimatisiert oder beheizt?<\/h4>\n<p>Die Temperatur und Bel\u00fcftung der Raucherbereiche am Flughafen kann stark variieren. Einige sind m\u00f6glicherweise klimatisiert oder beheizt, w\u00e4hrend es sich bei anderen m\u00f6glicherweise um Freiluftr\u00e4ume mit begrenztem Schutz vor Witterungseinfl\u00fcssen handelt. Erkundigen Sie sich unbedingt vorab beim Flughafen oder besuchen Sie den Raucherbereich, um die Bedingungen zu ermitteln und sich entsprechend vorzubereiten.<\/p>\n<h4>Sind Raucherbereiche f\u00fcr Reisende mit Behinderungen zug\u00e4nglich?<\/h4>\n<p>Viele Flugh\u00e4fen haben Anstrengungen unternommen, ihre Raucherbereiche f\u00fcr Reisende mit Behinderungen zug\u00e4nglich zu machen. Allerdings kann die Zug\u00e4nglichkeit bestimmter Raucherbereiche stark variieren. Erkundigen Sie sich unbedingt beim Flughafen oder besuchen Sie den Raucherbereich im Voraus, um festzustellen, ob er zug\u00e4nglich ist und Ihren Bed\u00fcrfnissen entspricht.<\/p>\n<p><span style=\"font-size: 14pt;\"><strong>Weitere Flugh\u00e4fen in Alaska:<\/strong> <\/span><\/p>\n<ul>\n<li><a href=\"https:\/\/airportsmokinglounge.com\/de\/raucherbereiche-an-flughafen-in-alaska\/\"><span style=\"font-size: 14pt;\">Flugh\u00e4fen in Alaska<\/span><\/a><\/li>\n<\/ul>\n<p><span style=\"font-size: 14pt;\"><strong>Rauchergebiete in Nordamerika:<\/strong><\/span><\/p>\n<ul>\n<li><a href=\"https:\/\/airportsmokinglounge.com\/de\/rauchen-in-den-flughafen-von-nordamerika\/\"><span style=\"font-size: 14pt;\">Flugh\u00e4fen in Nordamerika<\/span><\/a><\/li>\n<\/ul>","protected":false},"excerpt":{"rendered":"<p>Der Ted Stevens Anchorage International Airport (ANC) ist der gr\u00f6\u00dfte und verkehrsreichste Flughafen im US-Bundesstaat Alaska und befindet sich in Anchorage. Er dient als wichtiger Verkehrsknotenpunkt f\u00fcr Inlands- und Auslandsreisen und verbindet Alaska mit zahlreichen Zielen weltweit. Der Flughafen verf\u00fcgt \u00fcber ein modernes und ger\u00e4umiges Terminalgeb\u00e4ude mit einer breiten Palette an\u2026&nbsp;<a href=\"https:\/\/airportsmokinglounge.com\/de\/raucherbereiche-am-ted-stevens-anchorage-airport-anc\/\" rel=\"bookmark\">Mehr lesen \u00bb<span class=\"screen-reader-text\">Raucherbereiche am Ted Stevens Anchorage Airport (ANC)<\/span><\/a><\/p>","protected":false},"author":1,"featured_media":1199,"parent":0,"menu_order":0,"comment_status":"closed","ping_status":"closed","template":"","meta":{"neve_meta_sidebar":"","neve_meta_container":"","neve_meta_enable_content_width":"off","neve_meta_content_width":100,"neve_meta_title_alignment":"","neve_meta_author_avatar":"","neve_post_elements_order":"","neve_meta_disable_header":"","neve_meta_disable_footer":"","neve_meta_disable_title":"","neve_meta_reading_time":"","footnotes":""},"class_list":["post-1519","page","type-page","status-publish","has-post-thumbnail","hentry"],"yoast_head":"<!-- This site is optimized with the Yoast SEO plugin v26.6 - https:\/\/yoast.com\/wordpress\/plugins\/seo\/ -->\n<title>Smoking areas at Ted Stevens Anchorage Airport (ANC)<\/title>\n<meta name=\"description\" content=\"Smoking areas Ted Stevens Anchorage Airport - Find a smoking area in the airport \u2714\ufe0e Smoking Guide in Airports for Travelers \u2714\ufe0e\" \/>\n<meta name=\"robots\" content=\"index, follow, max-snippet:-1, max-image-preview:large, max-video-preview:-1\" \/>\n<link rel=\"canonical\" href=\"https:\/\/airportsmokinglounge.com\/de\/raucherbereiche-am-ted-stevens-anchorage-airport-anc\/\" \/>\n<meta property=\"og:locale\" content=\"de_DE\" \/>\n<meta property=\"og:type\" content=\"article\" \/>\n<meta property=\"og:title\" content=\"Smoking areas at Ted Stevens Anchorage Airport (ANC)\" \/>\n<meta property=\"og:description\" content=\"Smoking areas Ted Stevens Anchorage Airport - Find a smoking area in the airport \u2714\ufe0e Smoking Guide in Airports for Travelers \u2714\ufe0e\" \/>\n<meta property=\"og:url\" content=\"https:\/\/airportsmokinglounge.com\/de\/raucherbereiche-am-ted-stevens-anchorage-airport-anc\/\" \/>\n<meta property=\"og:site_name\" content=\"airportsmokinglounge.com\" \/>\n<meta property=\"article:modified_time\" content=\"2023-05-10T13:14:17+00:00\" \/>\n<meta property=\"og:image\" content=\"https:\/\/airportsmokinglounge.com\/wp-content\/uploads\/2023\/03\/airport-smoking-lounge-4.jpg\" \/>\n\t<meta property=\"og:image:width\" content=\"2048\" \/>\n\t<meta property=\"og:image:height\" content=\"1152\" \/>\n\t<meta property=\"og:image:type\" content=\"image\/jpeg\" \/>\n<meta name=\"twitter:card\" content=\"summary_large_image\" \/>\n<meta name=\"twitter:label1\" content=\"Gesch\u00e4tzte Lesezeit\" \/>\n\t<meta name=\"twitter:data1\" content=\"3\u00a0Minuten\" \/>\n<script type=\"application\/ld+json\" class=\"yoast-schema-graph\">{\"@context\":\"https:\/\/schema.org\",\"@graph\":[{\"@type\":\"WebPage\",\"@id\":\"https:\/\/airportsmokinglounge.com\/smoking-areas-at-ted-stevens-anchorage-airport-anc\/\",\"url\":\"https:\/\/airportsmokinglounge.com\/smoking-areas-at-ted-stevens-anchorage-airport-anc\/\",\"name\":\"Smoking areas at Ted Stevens Anchorage Airport (ANC)\",\"isPartOf\":{\"@id\":\"https:\/\/airportsmokinglounge.com\/#website\"},\"primaryImageOfPage\":{\"@id\":\"https:\/\/airportsmokinglounge.com\/smoking-areas-at-ted-stevens-anchorage-airport-anc\/#primaryimage\"},\"image\":{\"@id\":\"https:\/\/airportsmokinglounge.com\/smoking-areas-at-ted-stevens-anchorage-airport-anc\/#primaryimage\"},\"thumbnailUrl\":\"https:\/\/airportsmokinglounge.com\/wp-content\/uploads\/2023\/03\/airport-smoking-lounge-4.jpg\",\"datePublished\":\"2023-03-30T15:43:47+00:00\",\"dateModified\":\"2023-05-10T13:14:17+00:00\",\"description\":\"Smoking areas Ted Stevens Anchorage Airport - Find a smoking area in the airport \u2714\ufe0e Smoking Guide in Airports for Travelers \u2714\ufe0e\",\"breadcrumb\":{\"@id\":\"https:\/\/airportsmokinglounge.com\/smoking-areas-at-ted-stevens-anchorage-airport-anc\/#breadcrumb\"},\"inLanguage\":\"de\",\"potentialAction\":[{\"@type\":\"ReadAction\",\"target\":[\"https:\/\/airportsmokinglounge.com\/smoking-areas-at-ted-stevens-anchorage-airport-anc\/\"]}]},{\"@type\":\"ImageObject\",\"inLanguage\":\"de\",\"@id\":\"https:\/\/airportsmokinglounge.com\/smoking-areas-at-ted-stevens-anchorage-airport-anc\/#primaryimage\",\"url\":\"https:\/\/airportsmokinglounge.com\/wp-content\/uploads\/2023\/03\/airport-smoking-lounge-4.jpg\",\"contentUrl\":\"https:\/\/airportsmokinglounge.com\/wp-content\/uploads\/2023\/03\/airport-smoking-lounge-4.jpg\",\"width\":2048,\"height\":1152,\"caption\":\"Airport Smoking\"},{\"@type\":\"BreadcrumbList\",\"@id\":\"https:\/\/airportsmokinglounge.com\/smoking-areas-at-ted-stevens-anchorage-airport-anc\/#breadcrumb\",\"itemListElement\":[{\"@type\":\"ListItem\",\"position\":1,\"name\":\"Home\",\"item\":\"https:\/\/airportsmokinglounge.com\/\"},{\"@type\":\"ListItem\",\"position\":2,\"name\":\"Smoking areas at Ted Stevens Anchorage Airport (ANC)\"}]},{\"@type\":\"WebSite\",\"@id\":\"https:\/\/airportsmokinglounge.com\/#website\",\"url\":\"https:\/\/airportsmokinglounge.com\/\",\"name\":\"airportsmokinglounge.com\",\"description\":\"\",\"potentialAction\":[{\"@type\":\"SearchAction\",\"target\":{\"@type\":\"EntryPoint\",\"urlTemplate\":\"https:\/\/airportsmokinglounge.com\/?s={search_term_string}\"},\"query-input\":{\"@type\":\"PropertyValueSpecification\",\"valueRequired\":true,\"valueName\":\"search_term_string\"}}],\"inLanguage\":\"de\"}]}<\/script>\n<!-- \/ Yoast SEO plugin. -->","yoast_head_json":{"title":"Raucherbereiche am Ted Stevens Anchorage Airport (ANC)","description":"Raucherbereiche am Ted Stevens Anchorage Airport \u2013 Finden Sie einen Raucherbereich im Flughafen \u2714\ufe0e Raucherleitfaden f\u00fcr Flugh\u00e4fen f\u00fcr Reisende \u2714\ufe0e","robots":{"index":"index","follow":"follow","max-snippet":"max-snippet:-1","max-image-preview":"max-image-preview:large","max-video-preview":"max-video-preview:-1"},"canonical":"https:\/\/airportsmokinglounge.com\/de\/raucherbereiche-am-ted-stevens-anchorage-airport-anc\/","og_locale":"de_DE","og_type":"article","og_title":"Smoking areas at Ted Stevens Anchorage Airport (ANC)","og_description":"Smoking areas Ted Stevens Anchorage Airport - Find a smoking area in the airport \u2714\ufe0e Smoking Guide in Airports for Travelers \u2714\ufe0e","og_url":"https:\/\/airportsmokinglounge.com\/de\/raucherbereiche-am-ted-stevens-anchorage-airport-anc\/","og_site_name":"airportsmokinglounge.com","article_modified_time":"2023-05-10T13:14:17+00:00","og_image":[{"width":2048,"height":1152,"url":"https:\/\/airportsmokinglounge.com\/wp-content\/uploads\/2023\/03\/airport-smoking-lounge-4.jpg","type":"image\/jpeg"}],"twitter_card":"summary_large_image","twitter_misc":{"Gesch\u00e4tzte Lesezeit":"3\u00a0Minuten"},"schema":{"@context":"https:\/\/schema.org","@graph":[{"@type":"WebPage","@id":"https:\/\/airportsmokinglounge.com\/smoking-areas-at-ted-stevens-anchorage-airport-anc\/","url":"https:\/\/airportsmokinglounge.com\/smoking-areas-at-ted-stevens-anchorage-airport-anc\/","name":"Raucherbereiche am Ted Stevens Anchorage Airport (ANC)","isPartOf":{"@id":"https:\/\/airportsmokinglounge.com\/#website"},"primaryImageOfPage":{"@id":"https:\/\/airportsmokinglounge.com\/smoking-areas-at-ted-stevens-anchorage-airport-anc\/#primaryimage"},"image":{"@id":"https:\/\/airportsmokinglounge.com\/smoking-areas-at-ted-stevens-anchorage-airport-anc\/#primaryimage"},"thumbnailUrl":"https:\/\/airportsmokinglounge.com\/wp-content\/uploads\/2023\/03\/airport-smoking-lounge-4.jpg","datePublished":"2023-03-30T15:43:47+00:00","dateModified":"2023-05-10T13:14:17+00:00","description":"Raucherbereiche am Ted Stevens Anchorage Airport \u2013 Finden Sie einen Raucherbereich im Flughafen \u2714\ufe0e Raucherleitfaden f\u00fcr Flugh\u00e4fen f\u00fcr Reisende \u2714\ufe0e","breadcrumb":{"@id":"https:\/\/airportsmokinglounge.com\/smoking-areas-at-ted-stevens-anchorage-airport-anc\/#breadcrumb"},"inLanguage":"de","potentialAction":[{"@type":"ReadAction","target":["https:\/\/airportsmokinglounge.com\/smoking-areas-at-ted-stevens-anchorage-airport-anc\/"]}]},{"@type":"ImageObject","inLanguage":"de","@id":"https:\/\/airportsmokinglounge.com\/smoking-areas-at-ted-stevens-anchorage-airport-anc\/#primaryimage","url":"https:\/\/airportsmokinglounge.com\/wp-content\/uploads\/2023\/03\/airport-smoking-lounge-4.jpg","contentUrl":"https:\/\/airportsmokinglounge.com\/wp-content\/uploads\/2023\/03\/airport-smoking-lounge-4.jpg","width":2048,"height":1152,"caption":"Airport Smoking"},{"@type":"BreadcrumbList","@id":"https:\/\/airportsmokinglounge.com\/smoking-areas-at-ted-stevens-anchorage-airport-anc\/#breadcrumb","itemListElement":[{"@type":"ListItem","position":1,"name":"Home","item":"https:\/\/airportsmokinglounge.com\/"},{"@type":"ListItem","position":2,"name":"Smoking areas at Ted Stevens Anchorage Airport (ANC)"}]},{"@type":"WebSite","@id":"https:\/\/airportsmokinglounge.com\/#website","url":"https:\/\/airportsmokinglounge.com\/","name":"Flughafenraucherlounge.com","description":"","potentialAction":[{"@type":"SearchAction","target":{"@type":"EntryPoint","urlTemplate":"https:\/\/airportsmokinglounge.com\/?s={search_term_string}"},"query-input":{"@type":"PropertyValueSpecification","valueRequired":true,"valueName":"search_term_string"}}],"inLanguage":"de"}]}},"_links":{"self":[{"href":"https:\/\/airportsmokinglounge.com\/de\/wp-json\/wp\/v2\/pages\/1519","targetHints":{"allow":["GET"]}}],"collection":[{"href":"https:\/\/airportsmokinglounge.com\/de\/wp-json\/wp\/v2\/pages"}],"about":[{"href":"https:\/\/airportsmokinglounge.com\/de\/wp-json\/wp\/v2\/types\/page"}],"author":[{"embeddable":true,"href":"https:\/\/airportsmokinglounge.com\/de\/wp-json\/wp\/v2\/users\/1"}],"replies":[{"embeddable":true,"href":"https:\/\/airportsmokinglounge.com\/de\/wp-json\/wp\/v2\/comments?post=1519"}],"version-history":[{"count":5,"href":"https:\/\/airportsmokinglounge.com\/de\/wp-json\/wp\/v2\/pages\/1519\/revisions"}],"predecessor-version":[{"id":4766,"href":"https:\/\/airportsmokinglounge.com\/de\/wp-json\/wp\/v2\/pages\/1519\/revisions\/4766"}],"wp:featuredmedia":[{"embeddable":true,"href":"https:\/\/airportsmokinglounge.com\/de\/wp-json\/wp\/v2\/media\/1199"}],"wp:attachment":[{"href":"https:\/\/airportsmokinglounge.com\/de\/wp-json\/wp\/v2\/media?parent=1519"}],"curies":[{"name":"wp","href":"https:\/\/api.w.org\/{rel}","templated":true}]}}