{"id":1842,"date":"2023-04-08T09:36:25","date_gmt":"2023-04-08T07:36:25","guid":{"rendered":"https:\/\/airportsmokinglounge.com\/?page_id=1842"},"modified":"2023-05-04T20:51:43","modified_gmt":"2023-05-04T18:51:43","slug":"smoking-areas-at-chandigarh-airport-ixc","status":"publish","type":"page","link":"https:\/\/airportsmokinglounge.com\/de\/raucherbereiche-am-flughafen-chandigarh-ixc\/","title":{"rendered":"Raucherbereiche am Flughafen Chandigarh (IXC)"},"content":{"rendered":"<h2>Raucherbereiche vor der Sicherheitskontrolle<\/h2>\n<ul>\n<li><span style=\"font-size: 14pt;\">Rauchen ist nur au\u00dferhalb des Terminals gestattet<\/span><\/li>\n<\/ul>\n<h2>Raucherbereiche nach der Sicherheitskontrolle<\/h2>\n<p>&nbsp;<\/p>\n<p><span style=\"font-size: 14pt;\">Weitere Informationen auf der offiziellen Website<\/span><\/p>\n<ul>\n<li><a href=\"https:\/\/www.aai.aero\/en\/airports\/chandigarh\" target=\"_blank\" rel=\"noopener\">www.aai.aero<\/a><\/li>\n<\/ul>\n<p><strong><span style=\"font-size: 14pt;\">Sende uns Feedback<\/span><\/strong><\/p>\n<p><span style=\"font-size: 14pt;\">Wenn Sie am Flughafen in Chandigarh sind, k\u00f6nnen Sie uns gerne Bilder der Raucherbereiche schicken. Dies wird uns helfen, unsere Datenbank schneller zu f\u00fcllen. Du kannst das <strong><a href=\"https:\/\/airportsmokinglounge.com\/de\/kontakt\/\">Hier<\/a>.<\/strong> Die Bilder werden unter Angabe der Bildquelle (Name) auf unserer Website ver\u00f6ffentlicht. Teilen Sie diese Bilder gerne mit uns und allen Besuchern von Airport Smoking Lounge.com<\/span>.<\/p>\n<p>&nbsp;<\/p>\n<p><span style=\"font-size: 14pt;\"><strong>Weitere Flugh\u00e4fen in Indien:<\/strong> <\/span><\/p>\n<ul>\n<li><a href=\"https:\/\/airportsmokinglounge.com\/de\/raucherbereiche-in-indien-flughafen\/\"><span style=\"font-size: 14pt;\">Flugh\u00e4fen in Indien<\/span><\/a><\/li>\n<\/ul>\n<p><span style=\"font-size: 14pt;\"><strong>Raucherbereiche in:<\/strong><\/span><\/p>\n<ul>\n<li><a href=\"https:\/\/airportsmokinglounge.com\/de\/rauchen-auf-flughafen-in-asien\/\"><span style=\"font-size: 14pt;\">Asiatische Flugh\u00e4fen<\/span><\/a><\/li>\n<\/ul>","protected":false},"excerpt":{"rendered":"<p>Smoking areas before the Security Check Smoking is only allowed outside the terminal Smoking areas after Security Check &nbsp; More Information on the official Website www.aai.aero Send us feedback If you are at the Airport in Chandigarh, you are more than welcome to send us pictures of the smoking areas. This will help us fill&hellip;&nbsp;<a href=\"https:\/\/airportsmokinglounge.com\/de\/raucherbereiche-am-flughafen-chandigarh-ixc\/\" rel=\"bookmark\">Mehr lesen \u00bb<span class=\"screen-reader-text\">Raucherbereiche am Flughafen Chandigarh (IXC)<\/span><\/a><\/p>","protected":false},"author":1,"featured_media":1199,"parent":0,"menu_order":0,"comment_status":"closed","ping_status":"closed","template":"","meta":{"neve_meta_sidebar":"","neve_meta_container":"","neve_meta_enable_content_width":"off","neve_meta_content_width":100,"neve_meta_title_alignment":"","neve_meta_author_avatar":"","neve_post_elements_order":"","neve_meta_disable_header":"","neve_meta_disable_footer":"","neve_meta_disable_title":"","neve_meta_reading_time":"","footnotes":""},"class_list":["post-1842","page","type-page","status-publish","has-post-thumbnail","hentry"],"yoast_head":"<!-- This site is optimized with the Yoast SEO plugin v26.6 - https:\/\/yoast.com\/wordpress\/plugins\/seo\/ -->\n<title>Smoking areas at Chandigarh Airport (IXC)<\/title>\n<meta name=\"description\" content=\"Smoking areas Chandigarh Airport - Find a smoking area in the airport \u2714\ufe0e Smoking Guide in Airports: Information for Travelers \u2714\ufe0e\" \/>\n<meta name=\"robots\" content=\"index, follow, max-snippet:-1, max-image-preview:large, max-video-preview:-1\" \/>\n<link rel=\"canonical\" href=\"https:\/\/airportsmokinglounge.com\/de\/raucherbereiche-am-flughafen-chandigarh-ixc\/\" \/>\n<meta property=\"og:locale\" content=\"de_DE\" \/>\n<meta property=\"og:type\" content=\"article\" \/>\n<meta property=\"og:title\" content=\"Smoking areas at Chandigarh Airport (IXC)\" \/>\n<meta property=\"og:description\" content=\"Smoking areas Chandigarh Airport - Find a smoking area in the airport \u2714\ufe0e Smoking Guide in Airports: Information for Travelers \u2714\ufe0e\" \/>\n<meta property=\"og:url\" content=\"https:\/\/airportsmokinglounge.com\/de\/raucherbereiche-am-flughafen-chandigarh-ixc\/\" \/>\n<meta property=\"og:site_name\" content=\"airportsmokinglounge.com\" \/>\n<meta property=\"article:modified_time\" content=\"2023-05-04T18:51:43+00:00\" \/>\n<meta property=\"og:image\" content=\"https:\/\/airportsmokinglounge.com\/wp-content\/uploads\/2023\/03\/airport-smoking-lounge-4.jpg\" \/>\n\t<meta property=\"og:image:width\" content=\"2048\" \/>\n\t<meta property=\"og:image:height\" content=\"1152\" \/>\n\t<meta property=\"og:image:type\" content=\"image\/jpeg\" \/>\n<meta name=\"twitter:card\" content=\"summary_large_image\" \/>\n<meta name=\"twitter:label1\" content=\"Gesch\u00e4tzte Lesezeit\" \/>\n\t<meta name=\"twitter:data1\" content=\"1\u00a0Minute\" \/>\n<script type=\"application\/ld+json\" class=\"yoast-schema-graph\">{\"@context\":\"https:\/\/schema.org\",\"@graph\":[{\"@type\":\"WebPage\",\"@id\":\"https:\/\/airportsmokinglounge.com\/smoking-areas-at-chandigarh-airport-ixc\/\",\"url\":\"https:\/\/airportsmokinglounge.com\/smoking-areas-at-chandigarh-airport-ixc\/\",\"name\":\"Smoking areas at Chandigarh Airport (IXC)\",\"isPartOf\":{\"@id\":\"https:\/\/airportsmokinglounge.com\/#website\"},\"primaryImageOfPage\":{\"@id\":\"https:\/\/airportsmokinglounge.com\/smoking-areas-at-chandigarh-airport-ixc\/#primaryimage\"},\"image\":{\"@id\":\"https:\/\/airportsmokinglounge.com\/smoking-areas-at-chandigarh-airport-ixc\/#primaryimage\"},\"thumbnailUrl\":\"https:\/\/airportsmokinglounge.com\/wp-content\/uploads\/2023\/03\/airport-smoking-lounge-4.jpg\",\"datePublished\":\"2023-04-08T07:36:25+00:00\",\"dateModified\":\"2023-05-04T18:51:43+00:00\",\"description\":\"Smoking areas Chandigarh Airport - Find a smoking area in the airport \u2714\ufe0e Smoking Guide in Airports: Information for Travelers \u2714\ufe0e\",\"breadcrumb\":{\"@id\":\"https:\/\/airportsmokinglounge.com\/smoking-areas-at-chandigarh-airport-ixc\/#breadcrumb\"},\"inLanguage\":\"de\",\"potentialAction\":[{\"@type\":\"ReadAction\",\"target\":[\"https:\/\/airportsmokinglounge.com\/smoking-areas-at-chandigarh-airport-ixc\/\"]}]},{\"@type\":\"ImageObject\",\"inLanguage\":\"de\",\"@id\":\"https:\/\/airportsmokinglounge.com\/smoking-areas-at-chandigarh-airport-ixc\/#primaryimage\",\"url\":\"https:\/\/airportsmokinglounge.com\/wp-content\/uploads\/2023\/03\/airport-smoking-lounge-4.jpg\",\"contentUrl\":\"https:\/\/airportsmokinglounge.com\/wp-content\/uploads\/2023\/03\/airport-smoking-lounge-4.jpg\",\"width\":2048,\"height\":1152,\"caption\":\"Airport Smoking\"},{\"@type\":\"BreadcrumbList\",\"@id\":\"https:\/\/airportsmokinglounge.com\/smoking-areas-at-chandigarh-airport-ixc\/#breadcrumb\",\"itemListElement\":[{\"@type\":\"ListItem\",\"position\":1,\"name\":\"Home\",\"item\":\"https:\/\/airportsmokinglounge.com\/\"},{\"@type\":\"ListItem\",\"position\":2,\"name\":\"Smoking areas at Chandigarh Airport (IXC)\"}]},{\"@type\":\"WebSite\",\"@id\":\"https:\/\/airportsmokinglounge.com\/#website\",\"url\":\"https:\/\/airportsmokinglounge.com\/\",\"name\":\"airportsmokinglounge.com\",\"description\":\"\",\"potentialAction\":[{\"@type\":\"SearchAction\",\"target\":{\"@type\":\"EntryPoint\",\"urlTemplate\":\"https:\/\/airportsmokinglounge.com\/?s={search_term_string}\"},\"query-input\":{\"@type\":\"PropertyValueSpecification\",\"valueRequired\":true,\"valueName\":\"search_term_string\"}}],\"inLanguage\":\"de\"}]}<\/script>\n<!-- \/ Yoast SEO plugin. -->","yoast_head_json":{"title":"Raucherbereiche am Flughafen Chandigarh (IXC)","description":"Raucherbereiche am Flughafen Chandigarh \u2013 Finden Sie einen Raucherbereich am Flughafen \u2714\ufe0e Raucherf\u00fchrer an Flugh\u00e4fen: Informationen f\u00fcr Reisende \u2714\ufe0e","robots":{"index":"index","follow":"follow","max-snippet":"max-snippet:-1","max-image-preview":"max-image-preview:large","max-video-preview":"max-video-preview:-1"},"canonical":"https:\/\/airportsmokinglounge.com\/de\/raucherbereiche-am-flughafen-chandigarh-ixc\/","og_locale":"de_DE","og_type":"article","og_title":"Smoking areas at Chandigarh Airport (IXC)","og_description":"Smoking areas Chandigarh Airport - Find a smoking area in the airport \u2714\ufe0e Smoking Guide in Airports: Information for Travelers \u2714\ufe0e","og_url":"https:\/\/airportsmokinglounge.com\/de\/raucherbereiche-am-flughafen-chandigarh-ixc\/","og_site_name":"airportsmokinglounge.com","article_modified_time":"2023-05-04T18:51:43+00:00","og_image":[{"width":2048,"height":1152,"url":"https:\/\/airportsmokinglounge.com\/wp-content\/uploads\/2023\/03\/airport-smoking-lounge-4.jpg","type":"image\/jpeg"}],"twitter_card":"summary_large_image","twitter_misc":{"Gesch\u00e4tzte Lesezeit":"1\u00a0Minute"},"schema":{"@context":"https:\/\/schema.org","@graph":[{"@type":"WebPage","@id":"https:\/\/airportsmokinglounge.com\/smoking-areas-at-chandigarh-airport-ixc\/","url":"https:\/\/airportsmokinglounge.com\/smoking-areas-at-chandigarh-airport-ixc\/","name":"Raucherbereiche am Flughafen Chandigarh (IXC)","isPartOf":{"@id":"https:\/\/airportsmokinglounge.com\/#website"},"primaryImageOfPage":{"@id":"https:\/\/airportsmokinglounge.com\/smoking-areas-at-chandigarh-airport-ixc\/#primaryimage"},"image":{"@id":"https:\/\/airportsmokinglounge.com\/smoking-areas-at-chandigarh-airport-ixc\/#primaryimage"},"thumbnailUrl":"https:\/\/airportsmokinglounge.com\/wp-content\/uploads\/2023\/03\/airport-smoking-lounge-4.jpg","datePublished":"2023-04-08T07:36:25+00:00","dateModified":"2023-05-04T18:51:43+00:00","description":"Raucherbereiche am Flughafen Chandigarh \u2013 Finden Sie einen Raucherbereich am Flughafen \u2714\ufe0e Raucherf\u00fchrer an Flugh\u00e4fen: Informationen f\u00fcr Reisende \u2714\ufe0e","breadcrumb":{"@id":"https:\/\/airportsmokinglounge.com\/smoking-areas-at-chandigarh-airport-ixc\/#breadcrumb"},"inLanguage":"de","potentialAction":[{"@type":"ReadAction","target":["https:\/\/airportsmokinglounge.com\/smoking-areas-at-chandigarh-airport-ixc\/"]}]},{"@type":"ImageObject","inLanguage":"de","@id":"https:\/\/airportsmokinglounge.com\/smoking-areas-at-chandigarh-airport-ixc\/#primaryimage","url":"https:\/\/airportsmokinglounge.com\/wp-content\/uploads\/2023\/03\/airport-smoking-lounge-4.jpg","contentUrl":"https:\/\/airportsmokinglounge.com\/wp-content\/uploads\/2023\/03\/airport-smoking-lounge-4.jpg","width":2048,"height":1152,"caption":"Airport Smoking"},{"@type":"BreadcrumbList","@id":"https:\/\/airportsmokinglounge.com\/smoking-areas-at-chandigarh-airport-ixc\/#breadcrumb","itemListElement":[{"@type":"ListItem","position":1,"name":"Home","item":"https:\/\/airportsmokinglounge.com\/"},{"@type":"ListItem","position":2,"name":"Smoking areas at Chandigarh Airport (IXC)"}]},{"@type":"WebSite","@id":"https:\/\/airportsmokinglounge.com\/#website","url":"https:\/\/airportsmokinglounge.com\/","name":"Flughafenraucherlounge.com","description":"","potentialAction":[{"@type":"SearchAction","target":{"@type":"EntryPoint","urlTemplate":"https:\/\/airportsmokinglounge.com\/?s={search_term_string}"},"query-input":{"@type":"PropertyValueSpecification","valueRequired":true,"valueName":"search_term_string"}}],"inLanguage":"de"}]}},"_links":{"self":[{"href":"https:\/\/airportsmokinglounge.com\/de\/wp-json\/wp\/v2\/pages\/1842","targetHints":{"allow":["GET"]}}],"collection":[{"href":"https:\/\/airportsmokinglounge.com\/de\/wp-json\/wp\/v2\/pages"}],"about":[{"href":"https:\/\/airportsmokinglounge.com\/de\/wp-json\/wp\/v2\/types\/page"}],"author":[{"embeddable":true,"href":"https:\/\/airportsmokinglounge.com\/de\/wp-json\/wp\/v2\/users\/1"}],"replies":[{"embeddable":true,"href":"https:\/\/airportsmokinglounge.com\/de\/wp-json\/wp\/v2\/comments?post=1842"}],"version-history":[{"count":4,"href":"https:\/\/airportsmokinglounge.com\/de\/wp-json\/wp\/v2\/pages\/1842\/revisions"}],"predecessor-version":[{"id":4241,"href":"https:\/\/airportsmokinglounge.com\/de\/wp-json\/wp\/v2\/pages\/1842\/revisions\/4241"}],"wp:featuredmedia":[{"embeddable":true,"href":"https:\/\/airportsmokinglounge.com\/de\/wp-json\/wp\/v2\/media\/1199"}],"wp:attachment":[{"href":"https:\/\/airportsmokinglounge.com\/de\/wp-json\/wp\/v2\/media?parent=1842"}],"curies":[{"name":"wp","href":"https:\/\/api.w.org\/{rel}","templated":true}]}}