{"id":2154,"date":"2023-04-11T10:42:41","date_gmt":"2023-04-11T08:42:41","guid":{"rendered":"https:\/\/airportsmokinglounge.com\/?page_id=2154"},"modified":"2023-05-16T13:30:33","modified_gmt":"2023-05-16T11:30:33","slug":"smoking-areas-at-bangkok-suvarnabhumi-airport-bkk","status":"publish","type":"page","link":"https:\/\/airportsmokinglounge.com\/de\/raucherbereiche-am-flughafen-bangkok-suvarnabhumi-bkk\/","title":{"rendered":"Raucherbereiche am Flughafen Bangkok Suvarnabhumi (BKK)"},"content":{"rendered":"<p>Der Flughafen Bangkok Suvarnabhumi (BKK) ist der wichtigste internationale Flughafen f\u00fcr Bangkok, die Hauptstadt Thailands. Der Flughafen Suvarnabhumi liegt in der Provinz Samut Prakan, etwa 25 Kilometer \u00f6stlich der Innenstadt von Bangkok und ist einer der verkehrsreichsten Flugh\u00e4fen in S\u00fcdostasien.<\/p>\n<p>Der Flughafen verf\u00fcgt \u00fcber einen modernen und ger\u00e4umigen Terminalkomplex mit hervorragenden Einrichtungen und Annehmlichkeiten. Es bietet eine gro\u00dfe Auswahl an inl\u00e4ndischen und internationalen Fl\u00fcgen und verbindet Bangkok mit zahlreichen Zielen weltweit. Der Flughafen Suvarnabhumi dient als wichtiges Drehkreuz f\u00fcr mehrere Fluggesellschaften und ist ein beliebtes Tor nach Thailand und in die Region.<\/p>\n<h2>Raucherbereiche vor der Sicherheitskontrolle<\/h2>\n<p><img decoding=\"async\" class=\"aligncenter size-full wp-image-3886\" src=\"https:\/\/airportsmokinglounge.com\/wp-content\/uploads\/2023\/04\/Bangkok-Airport-Smiking-Area-scaled-e1682590385298.jpg\" alt=\"Rauchbereich am Flughafen Bangkok\" width=\"600\" height=\"338\" srcset=\"https:\/\/airportsmokinglounge.com\/wp-content\/uploads\/2023\/04\/Bangkok-Airport-Smiking-Area-scaled-e1682590385298.jpg 600w, https:\/\/airportsmokinglounge.com\/wp-content\/uploads\/2023\/04\/Bangkok-Airport-Smiking-Area-scaled-e1682590385298-300x169.jpg 300w\" sizes=\"(max-width: 600px) 100vw, 600px\" \/><\/p>\n<p><img decoding=\"async\" class=\"aligncenter size-full wp-image-3883\" src=\"https:\/\/airportsmokinglounge.com\/wp-content\/uploads\/2023\/04\/Bangkok-Suvarnabhumi-Airport-scaled-e1682590259230.jpg\" alt=\"Flughafen Bangkok Suvarnabhumi\" width=\"600\" height=\"338\" srcset=\"https:\/\/airportsmokinglounge.com\/wp-content\/uploads\/2023\/04\/Bangkok-Suvarnabhumi-Airport-scaled-e1682590259230.jpg 600w, https:\/\/airportsmokinglounge.com\/wp-content\/uploads\/2023\/04\/Bangkok-Suvarnabhumi-Airport-scaled-e1682590259230-300x169.jpg 300w\" sizes=\"(max-width: 600px) 100vw, 600px\" \/><\/p>\n<p><img decoding=\"async\" class=\"aligncenter size-full wp-image-3885\" src=\"https:\/\/airportsmokinglounge.com\/wp-content\/uploads\/2023\/04\/Smoking-areas-at-Bangkok-Suvarnabhumi-Airport-BKK-1-scaled-e1682590319386.jpg\" alt=\"Raucherbereiche am Flughafen Bangkok Suvarnabhumi (BKK)\" width=\"600\" height=\"338\" srcset=\"https:\/\/airportsmokinglounge.com\/wp-content\/uploads\/2023\/04\/Smoking-areas-at-Bangkok-Suvarnabhumi-Airport-BKK-1-scaled-e1682590319386.jpg 600w, https:\/\/airportsmokinglounge.com\/wp-content\/uploads\/2023\/04\/Smoking-areas-at-Bangkok-Suvarnabhumi-Airport-BKK-1-scaled-e1682590319386-300x169.jpg 300w\" sizes=\"(max-width: 600px) 100vw, 600px\" \/><\/p>\n<ul>\n<li><span style=\"font-size: 14pt;\">Rauchen ist nur au\u00dferhalb des Terminals gestattet. Im Erdgeschoss am Eingang 8 gibt es einen Raucherbereich.<\/span><\/li>\n<\/ul>\n<h2>Raucherbereiche nach der Sicherheitskontrolle<\/h2>\n<ul>\n<li><span style=\"font-size: 14pt;\">Im Flughafen gibt es keine Raucherbereiche.<\/span><\/li>\n<\/ul>\n<p><span style=\"font-size: 14pt;\">Weitere Informationen o<\/span><span style=\"font-size: 18.6667px;\">n der Offiziellen<\/span><span style=\"font-size: 14pt;\"> Webseite<\/span><\/p>\n<ul>\n<li><a href=\"https:\/\/www.airportthai.co.th\/en\/\" target=\"_blank\" rel=\"noopener\">www.airportthai.co.th<\/a><\/li>\n<\/ul>\n<p><strong><span style=\"font-size: 14pt;\">Sende uns Feedback<\/span><\/strong><\/p>\n<p><span style=\"font-size: 14pt;\">Wenn Sie am Flughafen in Bangkok sind, k\u00f6nnen Sie uns gerne Bilder der Raucherbereiche schicken. Dies wird uns helfen, unsere Datenbank schneller zu f\u00fcllen. Du kannst das <strong><a href=\"https:\/\/airportsmokinglounge.com\/de\/kontakt\/\">Hier<\/a>.<\/strong> Die Bilder werden unter Angabe der Bildquelle (Name) auf unserer Website ver\u00f6ffentlicht. Teilen Sie diese Bilder gerne mit uns und allen Besuchern von Airport Smoking Lounge.com<\/span>.<\/p>\n<h2>Thailands Rauchergesetz<\/h2>\n<p>Alle Raucherr\u00e4ume auf thail\u00e4ndischen Flugh\u00e4fen wurden gem\u00e4\u00df den Raucherbestimmungen geschlossen. Wenn Sie rauchen m\u00f6chten, m\u00fcssen Sie daher die Passkontrolle passieren und die ausgewiesenen Raucherbereiche au\u00dferhalb der Flughafenterminals nutzen. Am Flughafen Suvarnabhumi stehen sowohl im luft- als auch landseitigen Bereich des Terminals keine Raucherbereiche zur Verf\u00fcgung. Bitte beachten Sie daher, dass Sie das Terminalgeb\u00e4ude verlassen m\u00fcssen, um zu den ausgewiesenen Raucherbereichen zu gelangen.<\/p>\n<h3>H\u00e4ufig gestellte Fragen<\/h3>\n<h4>Sind Raucherbereiche am Flughafen rund um die Uhr verf\u00fcgbar?<\/h4>\n<p>Die Verf\u00fcgbarkeit von Raucherbereichen am Flughafen kann je nach Flughafen und Standort variieren. Einige Raucherbereiche sind 24 Stunden am Tag ge\u00f6ffnet, w\u00e4hrend andere m\u00f6glicherweise eingeschr\u00e4nkte \u00d6ffnungszeiten haben oder zu bestimmten Zeiten geschlossen sind. Am besten erkundigen Sie sich beim Flughafen oder besuchen Sie dessen Website, um genaue Informationen zu den \u00d6ffnungszeiten des Raucherbereichs zu erhalten.<\/p>\n<h4>Darf ich eigene Speisen und Getr\u00e4nke in den Raucherbereich mitbringen?<\/h4>\n<p>Dies kann vom jeweiligen Raucherbereich und Flughafen abh\u00e4ngen. In einigen Bereichen ist das Rauchen von Speisen und Getr\u00e4nken au\u00dferhalb des Raucherbereichs gestattet, w\u00e4hrend in anderen Bereichen m\u00f6glicherweise Einschr\u00e4nkungen gelten oder dies ganz verboten ist. Erkundigen Sie sich am besten beim Flughafen oder an der Beschilderung des Raucherbereichs nach den spezifischen Regeln und Vorschriften.<\/p>\n<h4>Ist das Rauchen in allen Raucherbereichen des Flughafens erlaubt?<\/h4>\n<p>M\u00f6glicherweise ist das Rauchen nicht in allen Raucherbereichen des Flughafens gestattet. Einige Flugh\u00e4fen verf\u00fcgen m\u00f6glicherweise \u00fcber ausgewiesene Bereiche f\u00fcr elektronische Zigaretten oder E-Zigaretten, die von den herk\u00f6mmlichen Raucherbereichen getrennt sind. Informieren Sie sich unbedingt \u00fcber die spezifischen Regeln und Vorschriften f\u00fcr den Raucherbereich, den Sie nutzen m\u00f6chten.<\/p>\n<h4>Sind Raucherbereiche klimatisiert oder beheizt?<\/h4>\n<p>Die Temperatur und Bel\u00fcftung der Raucherbereiche am Flughafen kann stark variieren. Einige sind m\u00f6glicherweise klimatisiert oder beheizt, w\u00e4hrend es sich bei anderen m\u00f6glicherweise um Freiluftr\u00e4ume mit begrenztem Schutz vor Witterungseinfl\u00fcssen handelt. Erkundigen Sie sich unbedingt vorab beim Flughafen oder besuchen Sie den Raucherbereich, um die Bedingungen zu ermitteln und sich entsprechend vorzubereiten.<\/p>\n<h4>Sind Raucherbereiche f\u00fcr Reisende mit Behinderungen zug\u00e4nglich?<\/h4>\n<p>Viele Flugh\u00e4fen haben Anstrengungen unternommen, ihre Raucherbereiche f\u00fcr Reisende mit Behinderungen zug\u00e4nglich zu machen. Allerdings kann die Zug\u00e4nglichkeit bestimmter Raucherbereiche stark variieren. Erkundigen Sie sich unbedingt beim Flughafen oder besuchen Sie den Raucherbereich im Voraus, um festzustellen, ob er zug\u00e4nglich ist und Ihren Bed\u00fcrfnissen entspricht.<\/p>\n<p><span style=\"font-size: 14pt;\"><strong>Weitere Flugh\u00e4fen in Thailand:<\/strong> <\/span><\/p>\n<ul>\n<li><a href=\"https:\/\/airportsmokinglounge.com\/de\/raucherbereiche-in-thailand-flughafen\/\"><span style=\"font-size: 14pt;\">Flugh\u00e4fen in Thailand<\/span><\/a><\/li>\n<\/ul>\n<p><span style=\"font-size: 14pt;\"><strong>Raucherzonen in Asien<\/strong><\/span><\/p>\n<ul>\n<li><a href=\"https:\/\/airportsmokinglounge.com\/de\/rauchen-auf-flughafen-in-asien\/\"><span style=\"font-size: 14pt;\">Asiatische Flugh\u00e4fen<\/span><\/a><\/li>\n<\/ul>","protected":false},"excerpt":{"rendered":"<p>Bangkok Suvarnabhumi Airport (BKK) is the main international airport serving Bangkok, the capital city of Thailand. Located in the Samut Prakan Province, about 25 kilometers east of downtown Bangkok, Suvarnabhumi Airport is one of the busiest airports in Southeast Asia. The airport features a modern and spacious terminal complex with excellent facilities and amenities. It&hellip;&nbsp;<a href=\"https:\/\/airportsmokinglounge.com\/de\/raucherbereiche-am-flughafen-bangkok-suvarnabhumi-bkk\/\" rel=\"bookmark\">Mehr lesen \u00bb<span class=\"screen-reader-text\">Raucherbereiche am Flughafen Bangkok Suvarnabhumi (BKK)<\/span><\/a><\/p>","protected":false},"author":1,"featured_media":3885,"parent":0,"menu_order":0,"comment_status":"closed","ping_status":"closed","template":"","meta":{"neve_meta_sidebar":"","neve_meta_container":"","neve_meta_enable_content_width":"off","neve_meta_content_width":100,"neve_meta_title_alignment":"","neve_meta_author_avatar":"","neve_post_elements_order":"","neve_meta_disable_header":"","neve_meta_disable_footer":"","neve_meta_disable_title":"","neve_meta_reading_time":"","footnotes":""},"class_list":["post-2154","page","type-page","status-publish","has-post-thumbnail","hentry"],"yoast_head":"<!-- This site is optimized with the Yoast SEO plugin v26.6 - https:\/\/yoast.com\/wordpress\/plugins\/seo\/ -->\n<title>Smoking areas at Bangkok Suvarnabhumi Airport (BKK)<\/title>\n<meta name=\"description\" content=\"Smoking areas Bangkok Suvarnabhumi Airport - Find a smoking area in the airport \u2714\ufe0e Smoking Guide in Airports for Travelers \u2714\ufe0e\" \/>\n<meta name=\"robots\" content=\"index, follow, max-snippet:-1, max-image-preview:large, max-video-preview:-1\" \/>\n<link rel=\"canonical\" href=\"https:\/\/airportsmokinglounge.com\/de\/raucherbereiche-am-flughafen-bangkok-suvarnabhumi-bkk\/\" \/>\n<meta property=\"og:locale\" content=\"de_DE\" \/>\n<meta property=\"og:type\" content=\"article\" \/>\n<meta property=\"og:title\" content=\"Smoking areas at Bangkok Suvarnabhumi Airport (BKK)\" \/>\n<meta property=\"og:description\" content=\"Smoking areas Bangkok Suvarnabhumi Airport - Find a smoking area in the airport \u2714\ufe0e Smoking Guide in Airports for Travelers \u2714\ufe0e\" \/>\n<meta property=\"og:url\" content=\"https:\/\/airportsmokinglounge.com\/de\/raucherbereiche-am-flughafen-bangkok-suvarnabhumi-bkk\/\" \/>\n<meta property=\"og:site_name\" content=\"airportsmokinglounge.com\" \/>\n<meta property=\"article:modified_time\" content=\"2023-05-16T11:30:33+00:00\" \/>\n<meta property=\"og:image\" content=\"https:\/\/airportsmokinglounge.com\/wp-content\/uploads\/2023\/04\/Smoking-areas-at-Bangkok-Suvarnabhumi-Airport-BKK-1-scaled-e1682590319386.jpg\" \/>\n\t<meta property=\"og:image:width\" content=\"600\" \/>\n\t<meta property=\"og:image:height\" content=\"338\" \/>\n\t<meta property=\"og:image:type\" content=\"image\/jpeg\" \/>\n<meta name=\"twitter:card\" content=\"summary_large_image\" \/>\n<meta name=\"twitter:label1\" content=\"Gesch\u00e4tzte Lesezeit\" \/>\n\t<meta name=\"twitter:data1\" content=\"4\u00a0Minuten\" \/>\n<script type=\"application\/ld+json\" class=\"yoast-schema-graph\">{\"@context\":\"https:\/\/schema.org\",\"@graph\":[{\"@type\":\"WebPage\",\"@id\":\"https:\/\/airportsmokinglounge.com\/smoking-areas-at-bangkok-suvarnabhumi-airport-bkk\/\",\"url\":\"https:\/\/airportsmokinglounge.com\/smoking-areas-at-bangkok-suvarnabhumi-airport-bkk\/\",\"name\":\"Smoking areas at Bangkok Suvarnabhumi Airport (BKK)\",\"isPartOf\":{\"@id\":\"https:\/\/airportsmokinglounge.com\/#website\"},\"primaryImageOfPage\":{\"@id\":\"https:\/\/airportsmokinglounge.com\/smoking-areas-at-bangkok-suvarnabhumi-airport-bkk\/#primaryimage\"},\"image\":{\"@id\":\"https:\/\/airportsmokinglounge.com\/smoking-areas-at-bangkok-suvarnabhumi-airport-bkk\/#primaryimage\"},\"thumbnailUrl\":\"https:\/\/airportsmokinglounge.com\/wp-content\/uploads\/2023\/04\/Smoking-areas-at-Bangkok-Suvarnabhumi-Airport-BKK-1-scaled-e1682590319386.jpg\",\"datePublished\":\"2023-04-11T08:42:41+00:00\",\"dateModified\":\"2023-05-16T11:30:33+00:00\",\"description\":\"Smoking areas Bangkok Suvarnabhumi Airport - Find a smoking area in the airport \u2714\ufe0e Smoking Guide in Airports for Travelers \u2714\ufe0e\",\"breadcrumb\":{\"@id\":\"https:\/\/airportsmokinglounge.com\/smoking-areas-at-bangkok-suvarnabhumi-airport-bkk\/#breadcrumb\"},\"inLanguage\":\"de\",\"potentialAction\":[{\"@type\":\"ReadAction\",\"target\":[\"https:\/\/airportsmokinglounge.com\/smoking-areas-at-bangkok-suvarnabhumi-airport-bkk\/\"]}]},{\"@type\":\"ImageObject\",\"inLanguage\":\"de\",\"@id\":\"https:\/\/airportsmokinglounge.com\/smoking-areas-at-bangkok-suvarnabhumi-airport-bkk\/#primaryimage\",\"url\":\"https:\/\/airportsmokinglounge.com\/wp-content\/uploads\/2023\/04\/Smoking-areas-at-Bangkok-Suvarnabhumi-Airport-BKK-1-scaled-e1682590319386.jpg\",\"contentUrl\":\"https:\/\/airportsmokinglounge.com\/wp-content\/uploads\/2023\/04\/Smoking-areas-at-Bangkok-Suvarnabhumi-Airport-BKK-1-scaled-e1682590319386.jpg\",\"width\":600,\"height\":338,\"caption\":\"Smoking areas at Bangkok Suvarnabhumi Airport (BKK)\"},{\"@type\":\"BreadcrumbList\",\"@id\":\"https:\/\/airportsmokinglounge.com\/smoking-areas-at-bangkok-suvarnabhumi-airport-bkk\/#breadcrumb\",\"itemListElement\":[{\"@type\":\"ListItem\",\"position\":1,\"name\":\"Home\",\"item\":\"https:\/\/airportsmokinglounge.com\/\"},{\"@type\":\"ListItem\",\"position\":2,\"name\":\"Smoking areas at Bangkok Suvarnabhumi Airport (BKK)\"}]},{\"@type\":\"WebSite\",\"@id\":\"https:\/\/airportsmokinglounge.com\/#website\",\"url\":\"https:\/\/airportsmokinglounge.com\/\",\"name\":\"airportsmokinglounge.com\",\"description\":\"\",\"potentialAction\":[{\"@type\":\"SearchAction\",\"target\":{\"@type\":\"EntryPoint\",\"urlTemplate\":\"https:\/\/airportsmokinglounge.com\/?s={search_term_string}\"},\"query-input\":{\"@type\":\"PropertyValueSpecification\",\"valueRequired\":true,\"valueName\":\"search_term_string\"}}],\"inLanguage\":\"de\"}]}<\/script>\n<!-- \/ Yoast SEO plugin. -->","yoast_head_json":{"title":"Raucherbereiche am Flughafen Bangkok Suvarnabhumi (BKK)","description":"Raucherbereiche am Flughafen Bangkok Suvarnabhumi \u2013 Finden Sie einen Raucherbereich am Flughafen \u2714\ufe0e Raucherf\u00fchrer in Flugh\u00e4fen f\u00fcr Reisende \u2714\ufe0e","robots":{"index":"index","follow":"follow","max-snippet":"max-snippet:-1","max-image-preview":"max-image-preview:large","max-video-preview":"max-video-preview:-1"},"canonical":"https:\/\/airportsmokinglounge.com\/de\/raucherbereiche-am-flughafen-bangkok-suvarnabhumi-bkk\/","og_locale":"de_DE","og_type":"article","og_title":"Smoking areas at Bangkok Suvarnabhumi Airport (BKK)","og_description":"Smoking areas Bangkok Suvarnabhumi Airport - Find a smoking area in the airport \u2714\ufe0e Smoking Guide in Airports for Travelers \u2714\ufe0e","og_url":"https:\/\/airportsmokinglounge.com\/de\/raucherbereiche-am-flughafen-bangkok-suvarnabhumi-bkk\/","og_site_name":"airportsmokinglounge.com","article_modified_time":"2023-05-16T11:30:33+00:00","og_image":[{"width":600,"height":338,"url":"https:\/\/airportsmokinglounge.com\/wp-content\/uploads\/2023\/04\/Smoking-areas-at-Bangkok-Suvarnabhumi-Airport-BKK-1-scaled-e1682590319386.jpg","type":"image\/jpeg"}],"twitter_card":"summary_large_image","twitter_misc":{"Gesch\u00e4tzte Lesezeit":"4\u00a0Minuten"},"schema":{"@context":"https:\/\/schema.org","@graph":[{"@type":"WebPage","@id":"https:\/\/airportsmokinglounge.com\/smoking-areas-at-bangkok-suvarnabhumi-airport-bkk\/","url":"https:\/\/airportsmokinglounge.com\/smoking-areas-at-bangkok-suvarnabhumi-airport-bkk\/","name":"Raucherbereiche am Flughafen Bangkok Suvarnabhumi (BKK)","isPartOf":{"@id":"https:\/\/airportsmokinglounge.com\/#website"},"primaryImageOfPage":{"@id":"https:\/\/airportsmokinglounge.com\/smoking-areas-at-bangkok-suvarnabhumi-airport-bkk\/#primaryimage"},"image":{"@id":"https:\/\/airportsmokinglounge.com\/smoking-areas-at-bangkok-suvarnabhumi-airport-bkk\/#primaryimage"},"thumbnailUrl":"https:\/\/airportsmokinglounge.com\/wp-content\/uploads\/2023\/04\/Smoking-areas-at-Bangkok-Suvarnabhumi-Airport-BKK-1-scaled-e1682590319386.jpg","datePublished":"2023-04-11T08:42:41+00:00","dateModified":"2023-05-16T11:30:33+00:00","description":"Raucherbereiche am Flughafen Bangkok Suvarnabhumi \u2013 Finden Sie einen Raucherbereich am Flughafen \u2714\ufe0e Raucherf\u00fchrer in Flugh\u00e4fen f\u00fcr Reisende \u2714\ufe0e","breadcrumb":{"@id":"https:\/\/airportsmokinglounge.com\/smoking-areas-at-bangkok-suvarnabhumi-airport-bkk\/#breadcrumb"},"inLanguage":"de","potentialAction":[{"@type":"ReadAction","target":["https:\/\/airportsmokinglounge.com\/smoking-areas-at-bangkok-suvarnabhumi-airport-bkk\/"]}]},{"@type":"ImageObject","inLanguage":"de","@id":"https:\/\/airportsmokinglounge.com\/smoking-areas-at-bangkok-suvarnabhumi-airport-bkk\/#primaryimage","url":"https:\/\/airportsmokinglounge.com\/wp-content\/uploads\/2023\/04\/Smoking-areas-at-Bangkok-Suvarnabhumi-Airport-BKK-1-scaled-e1682590319386.jpg","contentUrl":"https:\/\/airportsmokinglounge.com\/wp-content\/uploads\/2023\/04\/Smoking-areas-at-Bangkok-Suvarnabhumi-Airport-BKK-1-scaled-e1682590319386.jpg","width":600,"height":338,"caption":"Smoking areas at Bangkok Suvarnabhumi Airport (BKK)"},{"@type":"BreadcrumbList","@id":"https:\/\/airportsmokinglounge.com\/smoking-areas-at-bangkok-suvarnabhumi-airport-bkk\/#breadcrumb","itemListElement":[{"@type":"ListItem","position":1,"name":"Home","item":"https:\/\/airportsmokinglounge.com\/"},{"@type":"ListItem","position":2,"name":"Smoking areas at Bangkok Suvarnabhumi Airport (BKK)"}]},{"@type":"WebSite","@id":"https:\/\/airportsmokinglounge.com\/#website","url":"https:\/\/airportsmokinglounge.com\/","name":"Flughafenraucherlounge.com","description":"","potentialAction":[{"@type":"SearchAction","target":{"@type":"EntryPoint","urlTemplate":"https:\/\/airportsmokinglounge.com\/?s={search_term_string}"},"query-input":{"@type":"PropertyValueSpecification","valueRequired":true,"valueName":"search_term_string"}}],"inLanguage":"de"}]}},"_links":{"self":[{"href":"https:\/\/airportsmokinglounge.com\/de\/wp-json\/wp\/v2\/pages\/2154","targetHints":{"allow":["GET"]}}],"collection":[{"href":"https:\/\/airportsmokinglounge.com\/de\/wp-json\/wp\/v2\/pages"}],"about":[{"href":"https:\/\/airportsmokinglounge.com\/de\/wp-json\/wp\/v2\/types\/page"}],"author":[{"embeddable":true,"href":"https:\/\/airportsmokinglounge.com\/de\/wp-json\/wp\/v2\/users\/1"}],"replies":[{"embeddable":true,"href":"https:\/\/airportsmokinglounge.com\/de\/wp-json\/wp\/v2\/comments?post=2154"}],"version-history":[{"count":6,"href":"https:\/\/airportsmokinglounge.com\/de\/wp-json\/wp\/v2\/pages\/2154\/revisions"}],"predecessor-version":[{"id":5265,"href":"https:\/\/airportsmokinglounge.com\/de\/wp-json\/wp\/v2\/pages\/2154\/revisions\/5265"}],"wp:featuredmedia":[{"embeddable":true,"href":"https:\/\/airportsmokinglounge.com\/de\/wp-json\/wp\/v2\/media\/3885"}],"wp:attachment":[{"href":"https:\/\/airportsmokinglounge.com\/de\/wp-json\/wp\/v2\/media?parent=2154"}],"curies":[{"name":"wp","href":"https:\/\/api.w.org\/{rel}","templated":true}]}}