{"id":221,"date":"2023-02-28T15:30:48","date_gmt":"2023-02-28T14:30:48","guid":{"rendered":"https:\/\/airportsmokinglounge.com\/?page_id=221"},"modified":"2023-05-22T16:11:36","modified_gmt":"2023-05-22T14:11:36","slug":"smoking-areas-in-canadas-airports","status":"publish","type":"page","link":"https:\/\/airportsmokinglounge.com\/de\/raucherbereiche-in-kanadas-flughafen\/","title":{"rendered":"Raucherbereiche auf Kanadas Flugh\u00e4fen"},"content":{"rendered":"<p>Kanada verf\u00fcgt \u00fcber mehrere Flugh\u00e4fen, von kleinen Regionalflugh\u00e4fen bis hin zu gr\u00f6\u00dferen internationalen Drehkreuzen.<\/p>\n<p>Auf dieser Website finden Sie alle Raucherbereiche an Flugh\u00e4fen, einschlie\u00dflich ausgewiesener Raucherbereiche und verf\u00fcgbarer Einrichtungen. Wir verstehen die Frustration, wenn man durch die Sicherheitskontrolle geht und dann feststellt, dass es nirgendwo Raucherbereiche gibt und in manchen F\u00e4llen E-Zigaretten m\u00f6glicherweise nicht erlaubt sind.<\/p>\n<p>Dieser Service richtet sich an alle Raucher, die vor oder nach langen Fl\u00fcgen eine Zigarette genie\u00dfen m\u00f6chten.<\/p>\n<h2>Flugh\u00e4fen in Kanada<\/h2>\n<ul style=\"list-style-type: circle;\">\n<li><a href=\"https:\/\/airportsmokinglounge.com\/de\/raucherbereiche-am-toronto-pearson-international-airport-yyz\/\">TORONTO \u2013 INTERNATIONALER FLUGHAFEN LESTER B. PEARSON (YYZ)<\/a><\/li>\n<li><a href=\"https:\/\/airportsmokinglounge.com\/de\/raucherbereiche-am-montreal-international-airport-yul\/\">MONTREAL \/ PIERRE ELLIOTT TRUDEAU INTERNATIONALER FLUGHAFEN (YUL)<\/a><\/li>\n<li><a href=\"https:\/\/airportsmokinglounge.com\/de\/raucherbereiche-am-vancouver-international-airport-yvr\/\">INTERNATIONALER FLUGHAFEN VANCOUVER (YVR)<\/a><\/li>\n<li><a href=\"https:\/\/airportsmokinglounge.com\/de\/raucherbereiche-am-calgary-international-airport-yyc\/\">INTERNATIONALER FLUGHAFEN CALGARY (YYC)<\/a><\/li>\n<li><a href=\"https:\/\/airportsmokinglounge.com\/de\/raucherbereiche-am-edmonton-international-airport-yeg\/\">INTERNATIONALER FLUGHAFEN EDMONTON (YEG)<\/a><\/li>\n<li><a href=\"https:\/\/airportsmokinglounge.com\/de\/raucherbereiche-am-halifax-stanfield-international-airport-yhz\/\">HALIFAX \/ STANFIELD INTERNATIONAL AIRPORT (YHZ)<\/a><\/li>\n<li><a href=\"https:\/\/airportsmokinglounge.com\/de\/raucherbereiche-am-ottawa-international-airport-yow\/\">OTTAWA MACDONALD-CARTIER INTERNATIONAL AIRPORT (YOW)<\/a><\/li>\n<li><a href=\"https:\/\/airportsmokinglounge.com\/de\/raucherbereiche-am-winnipeg-international-airport-ywg\/\">WINNIPEG \/ JAMES ARMSTRONG RICHARDSON INTERNATIONAL AIRPORT (YWG)<\/a><\/li>\n<li><a href=\"https:\/\/airportsmokinglounge.com\/de\/raucherbereiche-am-st-johns-international-airport-yyt\/\">ST. JOHN&#039;S INTERNATIONAL AIRPORT (YYT)<\/a><\/li>\n<li><a href=\"https:\/\/airportsmokinglounge.com\/de\/raucherbereiche-am-victoria-international-airport-yyj\/\">VICTORIA INTERNATIONAL AIRPORT (YYJ)<\/a><\/li>\n<li><a href=\"https:\/\/airportsmokinglounge.com\/de\/raucherbereiche-am-quebec-international-airport-yqb\/\">INTERNATIONALER FLUGHAFEN QUEBEC JEAN LESAGE (YQB)<\/a><\/li>\n<li><a href=\"https:\/\/airportsmokinglounge.com\/de\/raucherbereiche-am-flughafen-yellowknife-yzf\/\">YELLOWKNIFE FLUGHAFEN (YZF)<\/a><\/li>\n<li><a href=\"https:\/\/airportsmokinglounge.com\/de\/raucherbereiche-am-kelowna-international-airport-ylw\/\">INTERNATIONALER FLUGHAFEN KELOWNA (YLW)<\/a><\/li>\n<li><a href=\"https:\/\/airportsmokinglounge.com\/de\/raucherbereiche-am-flughafen-sept-iles-yzv\/\">FLUGHAFEN SEPT-\u00ceLES (YZV)<\/a><\/li>\n<li><a href=\"https:\/\/airportsmokinglounge.com\/de\/raucherbereiche-am-greater-moncton-international-airport-yqm\/\">GREATER MONCTON INTERNATIONAL AIRPORT (YQM)<\/a><\/li>\n<li><a href=\"https:\/\/airportsmokinglounge.com\/de\/raucherbereiche-am-thunder-bay-airport-yqt\/\">FLUGHAFEN THUNDER BAY (YQT)<\/a><\/li>\n<li><a href=\"https:\/\/airportsmokinglounge.com\/de\/raucherbereiche-am-flughafen-wabush-ywk\/\">FLUGHAFEN WABUSH (YWK)<\/a><\/li>\n<li><a href=\"https:\/\/airportsmokinglounge.com\/de\/raucherbereiche-am-saskatoon-john-g-diefenbaker-international-airport-yxe\/\">SASKATOON JOHN G. DIEFENBAKER INTERNATIONAL AIRPORT (YXE)<\/a><\/li>\n<\/ul>\n<h2>Kanadas Rauchgesetz<\/h2>\n<p>Kanada hat sowohl auf Bundes- als auch auf Provinz-\/Territorialebene Rauchvorschriften eingef\u00fchrt, um die \u00f6ffentliche Gesundheit zu sch\u00fctzen und den Tabakkonsum zu reduzieren. Bitte beachten Sie jedoch, dass die Rauchgesetze und -bestimmungen in den verschiedenen Provinzen und Territorien Kanadas unterschiedlich sein k\u00f6nnen. Daher ist es ratsam, die spezifischen Gesetze der Provinz oder des Territoriums zu konsultieren, an denen Sie interessiert sind, um die aktuellsten Informationen zu erhalten.<\/p>\n<p>Auf Bundesebene hat Kanada den Tobacco and Vaping Products Act (TVPA) umgesetzt, um die Herstellung, den Verkauf, die Kennzeichnung und die Werbung f\u00fcr Tabak- und Vaping-Produkte zu regeln. Gem\u00e4\u00df TVPA ist das Rauchen in bestimmten \u00f6ffentlichen Innenr\u00e4umen, einschlie\u00dflich Regierungsgeb\u00e4uden, Gesundheitseinrichtungen, Bildungseinrichtungen und \u00f6ffentlichen Verkehrsmitteln im Rahmen der Bundesgerichtsbarkeit, generell verboten. Das Gesetz verbietet au\u00dferdem das Rauchen in Bereichen in der N\u00e4he von Ein- und Ausg\u00e4ngen von Bundesgeb\u00e4uden sowie auf Fl\u00fcgen kommerzieller Fluggesellschaften.<\/p>\n<p>Allerdings k\u00f6nnen die Rauchbestimmungen je nach Provinz und Territorium unterschiedlich sein. Viele Provinzen und Territorien haben ihre eigenen Rauchverbotsgesetze erlassen, die m\u00f6glicherweise zus\u00e4tzliche Beschr\u00e4nkungen f\u00fcr das Rauchen an \u00f6ffentlichen Orten, am Arbeitsplatz, in Restaurants, Bars und anderen Veranstaltungsorten umfassen. Einige Gerichtsbarkeiten haben umfassende Rauchverbotsgesetze erlassen, die das Rauchen in \u00f6ffentlichen Innenr\u00e4umen verbieten, w\u00e4hrend andere m\u00f6glicherweise begrenztere Beschr\u00e4nkungen haben oder in bestimmten Einrichtungen ausgewiesene Raucherbereiche zulassen.<\/p>\n<p>Das gesetzliche Mindestalter f\u00fcr den Kauf und Besitz von Tabakerzeugnissen variiert ebenfalls je nach Provinz oder Territorium und liegt in den meisten F\u00e4llen bei 19 Jahren. Einige Provinzen haben sie jedoch auf 21 Jahre angehoben.<\/p>\n<p>Die Durchsetzung der Rauchgesetze wird in der Regel von den zust\u00e4ndigen Provinz-\/Gebietsbeh\u00f6rden \u00fcberwacht, und Verst\u00f6\u00dfe k\u00f6nnen zu Geldstrafen oder anderen gerichtsspezifischen Strafen f\u00fchren.<\/p>\n<p>Um die genauesten und aktuellsten Informationen zu den Rauchgesetzen in Kanada zu erhalten, empfehlen wir Ihnen, die Gesetze der jeweiligen Provinz oder des Territoriums zu konsultieren, an dem Sie interessiert sind, oder sich an \u00f6rtliche Beh\u00f6rden oder Gesundheitsorganisationen zu wenden.<\/p>\n<p><strong>Weitere Raucherbereiche am Flughafen\u00a0<\/strong><\/p>\n<ul>\n<li><a href=\"https:\/\/airportsmokinglounge.com\/de\/rauchen-in-den-flughafen-von-nordamerika\/\">Nordamerika<\/a><\/li>\n<li><a href=\"https:\/\/airportsmokinglounge.com\/de\/rauchen-auf-den-flughafen-sudamerikas\/\">S\u00fcdamerika<\/a><\/li>\n<li><a href=\"https:\/\/airportsmokinglounge.com\/de\/raucherbereiche-in-europaischen-flughafen\/\">Europa<\/a><\/li>\n<li><a href=\"https:\/\/airportsmokinglounge.com\/de\/rauchen-auf-flughafen-in-asien\/\">Asien<\/a><\/li>\n<li><a href=\"https:\/\/airportsmokinglounge.com\/de\/rauchen-auf-flughafen-in-ozeanien\/\">Ozeanien<\/a><\/li>\n<\/ul>","protected":false},"excerpt":{"rendered":"<p>Kanada verf\u00fcgt \u00fcber mehrere Flugh\u00e4fen, von kleinen Regionalflugh\u00e4fen bis hin zu gro\u00dfen internationalen Drehkreuzen. Auf dieser Website finden Sie alle Raucherbereiche in Flugh\u00e4fen, einschlie\u00dflich ausgewiesener Raucherbereiche und verf\u00fcgbarer Einrichtungen. Wir verstehen die Frustration, wenn Sie bei der Sicherheitskontrolle feststellen, dass es nirgendwo Raucherbereiche gibt und in manchen F\u00e4llen E-Zigaretten\u2026&nbsp;<a href=\"https:\/\/airportsmokinglounge.com\/de\/raucherbereiche-in-kanadas-flughafen\/\" rel=\"bookmark\">Mehr lesen \u00bb<span class=\"screen-reader-text\">Raucherbereiche auf Kanadas Flugh\u00e4fen<\/span><\/a><\/p>","protected":false},"author":1,"featured_media":1199,"parent":0,"menu_order":0,"comment_status":"closed","ping_status":"closed","template":"","meta":{"neve_meta_sidebar":"","neve_meta_container":"","neve_meta_enable_content_width":"off","neve_meta_content_width":100,"neve_meta_title_alignment":"","neve_meta_author_avatar":"","neve_post_elements_order":"","neve_meta_disable_header":"","neve_meta_disable_footer":"","neve_meta_disable_title":"","neve_meta_reading_time":"","footnotes":""},"class_list":["post-221","page","type-page","status-publish","has-post-thumbnail","hentry"],"yoast_head":"<!-- This site is optimized with the Yoast SEO plugin v26.6 - https:\/\/yoast.com\/wordpress\/plugins\/seo\/ -->\n<title>Smoking areas in Canada&#039;s airports - airportsmokinglounge.com<\/title>\n<meta name=\"description\" content=\"Smoking areas at Canada&#039;s airports - Find Your Next Smoke Break Spot \u2714\ufe0e - Your Ultimate Guide to Finding a Place to Smoke at the airport \u2714\ufe0e\" \/>\n<meta name=\"robots\" content=\"index, follow, max-snippet:-1, max-image-preview:large, max-video-preview:-1\" \/>\n<link rel=\"canonical\" href=\"https:\/\/airportsmokinglounge.com\/de\/raucherbereiche-in-kanadas-flughafen\/\" \/>\n<meta property=\"og:locale\" content=\"de_DE\" \/>\n<meta property=\"og:type\" content=\"article\" \/>\n<meta property=\"og:title\" content=\"Smoking areas in Canada&#039;s airports - airportsmokinglounge.com\" \/>\n<meta property=\"og:description\" content=\"Smoking areas at Canada&#039;s airports - Find Your Next Smoke Break Spot \u2714\ufe0e - Your Ultimate Guide to Finding a Place to Smoke at the airport \u2714\ufe0e\" \/>\n<meta property=\"og:url\" content=\"https:\/\/airportsmokinglounge.com\/de\/raucherbereiche-in-kanadas-flughafen\/\" \/>\n<meta property=\"og:site_name\" content=\"airportsmokinglounge.com\" \/>\n<meta property=\"article:modified_time\" content=\"2023-05-22T14:11:36+00:00\" \/>\n<meta property=\"og:image\" content=\"https:\/\/airportsmokinglounge.com\/wp-content\/uploads\/2023\/03\/airport-smoking-lounge-4.jpg\" \/>\n\t<meta property=\"og:image:width\" content=\"2048\" \/>\n\t<meta property=\"og:image:height\" content=\"1152\" \/>\n\t<meta property=\"og:image:type\" content=\"image\/jpeg\" \/>\n<meta name=\"twitter:card\" content=\"summary_large_image\" \/>\n<meta name=\"twitter:label1\" content=\"Gesch\u00e4tzte Lesezeit\" \/>\n\t<meta name=\"twitter:data1\" content=\"3\u00a0Minuten\" \/>\n<script type=\"application\/ld+json\" class=\"yoast-schema-graph\">{\"@context\":\"https:\/\/schema.org\",\"@graph\":[{\"@type\":\"WebPage\",\"@id\":\"https:\/\/airportsmokinglounge.com\/smoking-areas-in-canadas-airports\/\",\"url\":\"https:\/\/airportsmokinglounge.com\/smoking-areas-in-canadas-airports\/\",\"name\":\"Smoking areas in Canada's airports - airportsmokinglounge.com\",\"isPartOf\":{\"@id\":\"https:\/\/airportsmokinglounge.com\/#website\"},\"primaryImageOfPage\":{\"@id\":\"https:\/\/airportsmokinglounge.com\/smoking-areas-in-canadas-airports\/#primaryimage\"},\"image\":{\"@id\":\"https:\/\/airportsmokinglounge.com\/smoking-areas-in-canadas-airports\/#primaryimage\"},\"thumbnailUrl\":\"https:\/\/airportsmokinglounge.com\/wp-content\/uploads\/2023\/03\/airport-smoking-lounge-4.jpg\",\"datePublished\":\"2023-02-28T14:30:48+00:00\",\"dateModified\":\"2023-05-22T14:11:36+00:00\",\"description\":\"Smoking areas at Canada's airports - Find Your Next Smoke Break Spot \u2714\ufe0e - Your Ultimate Guide to Finding a Place to Smoke at the airport \u2714\ufe0e\",\"breadcrumb\":{\"@id\":\"https:\/\/airportsmokinglounge.com\/smoking-areas-in-canadas-airports\/#breadcrumb\"},\"inLanguage\":\"de\",\"potentialAction\":[{\"@type\":\"ReadAction\",\"target\":[\"https:\/\/airportsmokinglounge.com\/smoking-areas-in-canadas-airports\/\"]}]},{\"@type\":\"ImageObject\",\"inLanguage\":\"de\",\"@id\":\"https:\/\/airportsmokinglounge.com\/smoking-areas-in-canadas-airports\/#primaryimage\",\"url\":\"https:\/\/airportsmokinglounge.com\/wp-content\/uploads\/2023\/03\/airport-smoking-lounge-4.jpg\",\"contentUrl\":\"https:\/\/airportsmokinglounge.com\/wp-content\/uploads\/2023\/03\/airport-smoking-lounge-4.jpg\",\"width\":2048,\"height\":1152,\"caption\":\"Airport Smoking\"},{\"@type\":\"BreadcrumbList\",\"@id\":\"https:\/\/airportsmokinglounge.com\/smoking-areas-in-canadas-airports\/#breadcrumb\",\"itemListElement\":[{\"@type\":\"ListItem\",\"position\":1,\"name\":\"Home\",\"item\":\"https:\/\/airportsmokinglounge.com\/\"},{\"@type\":\"ListItem\",\"position\":2,\"name\":\"Smoking areas in Canada&#8217;s airports\"}]},{\"@type\":\"WebSite\",\"@id\":\"https:\/\/airportsmokinglounge.com\/#website\",\"url\":\"https:\/\/airportsmokinglounge.com\/\",\"name\":\"airportsmokinglounge.com\",\"description\":\"\",\"potentialAction\":[{\"@type\":\"SearchAction\",\"target\":{\"@type\":\"EntryPoint\",\"urlTemplate\":\"https:\/\/airportsmokinglounge.com\/?s={search_term_string}\"},\"query-input\":{\"@type\":\"PropertyValueSpecification\",\"valueRequired\":true,\"valueName\":\"search_term_string\"}}],\"inLanguage\":\"de\"}]}<\/script>\n<!-- \/ Yoast SEO plugin. -->","yoast_head_json":{"title":"Raucherbereiche in Kanadas Flugh\u00e4fen \u2013 Airport Smoking Lounge.com","description":"Raucherbereiche an Kanadas Flugh\u00e4fen \u2013 Finden Sie Ihren n\u00e4chsten Raucherpausenplatz \u2714\ufe0e \u2013 Ihr ultimativer Leitfaden f\u00fcr die Suche nach einem Platz zum Rauchen am Flughafen \u2714\ufe0e","robots":{"index":"index","follow":"follow","max-snippet":"max-snippet:-1","max-image-preview":"max-image-preview:large","max-video-preview":"max-video-preview:-1"},"canonical":"https:\/\/airportsmokinglounge.com\/de\/raucherbereiche-in-kanadas-flughafen\/","og_locale":"de_DE","og_type":"article","og_title":"Smoking areas in Canada's airports - airportsmokinglounge.com","og_description":"Smoking areas at Canada's airports - Find Your Next Smoke Break Spot \u2714\ufe0e - Your Ultimate Guide to Finding a Place to Smoke at the airport \u2714\ufe0e","og_url":"https:\/\/airportsmokinglounge.com\/de\/raucherbereiche-in-kanadas-flughafen\/","og_site_name":"airportsmokinglounge.com","article_modified_time":"2023-05-22T14:11:36+00:00","og_image":[{"width":2048,"height":1152,"url":"https:\/\/airportsmokinglounge.com\/wp-content\/uploads\/2023\/03\/airport-smoking-lounge-4.jpg","type":"image\/jpeg"}],"twitter_card":"summary_large_image","twitter_misc":{"Gesch\u00e4tzte Lesezeit":"3\u00a0Minuten"},"schema":{"@context":"https:\/\/schema.org","@graph":[{"@type":"WebPage","@id":"https:\/\/airportsmokinglounge.com\/smoking-areas-in-canadas-airports\/","url":"https:\/\/airportsmokinglounge.com\/smoking-areas-in-canadas-airports\/","name":"Raucherbereiche in Kanadas Flugh\u00e4fen \u2013 Airport Smoking Lounge.com","isPartOf":{"@id":"https:\/\/airportsmokinglounge.com\/#website"},"primaryImageOfPage":{"@id":"https:\/\/airportsmokinglounge.com\/smoking-areas-in-canadas-airports\/#primaryimage"},"image":{"@id":"https:\/\/airportsmokinglounge.com\/smoking-areas-in-canadas-airports\/#primaryimage"},"thumbnailUrl":"https:\/\/airportsmokinglounge.com\/wp-content\/uploads\/2023\/03\/airport-smoking-lounge-4.jpg","datePublished":"2023-02-28T14:30:48+00:00","dateModified":"2023-05-22T14:11:36+00:00","description":"Raucherbereiche an Kanadas Flugh\u00e4fen \u2013 Finden Sie Ihren n\u00e4chsten Raucherpausenplatz \u2714\ufe0e \u2013 Ihr ultimativer Leitfaden f\u00fcr die Suche nach einem Platz zum Rauchen am Flughafen \u2714\ufe0e","breadcrumb":{"@id":"https:\/\/airportsmokinglounge.com\/smoking-areas-in-canadas-airports\/#breadcrumb"},"inLanguage":"de","potentialAction":[{"@type":"ReadAction","target":["https:\/\/airportsmokinglounge.com\/smoking-areas-in-canadas-airports\/"]}]},{"@type":"ImageObject","inLanguage":"de","@id":"https:\/\/airportsmokinglounge.com\/smoking-areas-in-canadas-airports\/#primaryimage","url":"https:\/\/airportsmokinglounge.com\/wp-content\/uploads\/2023\/03\/airport-smoking-lounge-4.jpg","contentUrl":"https:\/\/airportsmokinglounge.com\/wp-content\/uploads\/2023\/03\/airport-smoking-lounge-4.jpg","width":2048,"height":1152,"caption":"Airport Smoking"},{"@type":"BreadcrumbList","@id":"https:\/\/airportsmokinglounge.com\/smoking-areas-in-canadas-airports\/#breadcrumb","itemListElement":[{"@type":"ListItem","position":1,"name":"Home","item":"https:\/\/airportsmokinglounge.com\/"},{"@type":"ListItem","position":2,"name":"Smoking areas in Canada&#8217;s airports"}]},{"@type":"WebSite","@id":"https:\/\/airportsmokinglounge.com\/#website","url":"https:\/\/airportsmokinglounge.com\/","name":"Flughafenraucherlounge.com","description":"","potentialAction":[{"@type":"SearchAction","target":{"@type":"EntryPoint","urlTemplate":"https:\/\/airportsmokinglounge.com\/?s={search_term_string}"},"query-input":{"@type":"PropertyValueSpecification","valueRequired":true,"valueName":"search_term_string"}}],"inLanguage":"de"}]}},"_links":{"self":[{"href":"https:\/\/airportsmokinglounge.com\/de\/wp-json\/wp\/v2\/pages\/221","targetHints":{"allow":["GET"]}}],"collection":[{"href":"https:\/\/airportsmokinglounge.com\/de\/wp-json\/wp\/v2\/pages"}],"about":[{"href":"https:\/\/airportsmokinglounge.com\/de\/wp-json\/wp\/v2\/types\/page"}],"author":[{"embeddable":true,"href":"https:\/\/airportsmokinglounge.com\/de\/wp-json\/wp\/v2\/users\/1"}],"replies":[{"embeddable":true,"href":"https:\/\/airportsmokinglounge.com\/de\/wp-json\/wp\/v2\/comments?post=221"}],"version-history":[{"count":10,"href":"https:\/\/airportsmokinglounge.com\/de\/wp-json\/wp\/v2\/pages\/221\/revisions"}],"predecessor-version":[{"id":5669,"href":"https:\/\/airportsmokinglounge.com\/de\/wp-json\/wp\/v2\/pages\/221\/revisions\/5669"}],"wp:featuredmedia":[{"embeddable":true,"href":"https:\/\/airportsmokinglounge.com\/de\/wp-json\/wp\/v2\/media\/1199"}],"wp:attachment":[{"href":"https:\/\/airportsmokinglounge.com\/de\/wp-json\/wp\/v2\/media?parent=221"}],"curies":[{"name":"wp","href":"https:\/\/api.w.org\/{rel}","templated":true}]}}