{"id":224,"date":"2023-02-28T15:48:45","date_gmt":"2023-02-28T14:48:45","guid":{"rendered":"https:\/\/airportsmokinglounge.com\/?page_id=224"},"modified":"2023-05-21T21:52:19","modified_gmt":"2023-05-21T19:52:19","slug":"smoking-areas-in-united-states-airports","status":"publish","type":"page","link":"https:\/\/airportsmokinglounge.com\/de\/raucherbereiche-in-flughafen-der-vereinigten-staaten\/","title":{"rendered":"Raucherbereiche auf Flugh\u00e4fen in den Vereinigten Staaten"},"content":{"rendered":"<p>Die Vereinigten Staaten von Amerika verf\u00fcgen \u00fcber mehrere Flugh\u00e4fen, von kleinen Regionalflugh\u00e4fen bis hin zu gr\u00f6\u00dferen internationalen Drehkreuzen.<\/p>\n<p>Auf dieser Website finden Sie alle Raucherbereiche an Flugh\u00e4fen, einschlie\u00dflich ausgewiesener Raucherbereiche und verf\u00fcgbarer Einrichtungen. Wir verstehen die Frustration, wenn man durch die Sicherheitskontrolle geht und dann feststellt, dass es nirgendwo Raucherbereiche gibt und in manchen F\u00e4llen E-Zigaretten m\u00f6glicherweise nicht erlaubt sind.<\/p>\n<p>Dieser Service richtet sich an alle Raucher, die vor oder nach langen Fl\u00fcgen eine Zigarette genie\u00dfen m\u00f6chten.<\/p>\n<h2>Flugh\u00e4fen in den Vereinigten Staaten von Amerika<\/h2>\n<ul style=\"list-style-type: circle;\">\n<li><a href=\"https:\/\/airportsmokinglounge.com\/de\/raucherbereiche-am-new-york-john-f-kennedy-airport-jfk\/\">NEW YORK \u2013 JOHN F KENNEDY INTERNATIONAL AIRPORT (JFK)<\/a><\/li>\n<li><a href=\"https:\/\/airportsmokinglounge.com\/de\/raucherbereiche-am-los-angeles-international-airport-lax\/\">INTERNATIONALER FLUGHAFEN LOS ANGELES (LAX)<\/a><\/li>\n<li><a href=\"https:\/\/airportsmokinglounge.com\/de\/raucherbereiche-am-chicago-ohare-international-airport-ord\/\">CHICAGO O&#039;HARE INTERNATIONAL AIRPORT (ORD)<\/a><\/li>\n<li><a href=\"https:\/\/airportsmokinglounge.com\/de\/raucherbereiche-am-miami-international-airport-mia\/\">INTERNATIONALER FLUGHAFEN MIAMI (MIA)<\/a><\/li>\n<li><a href=\"https:\/\/airportsmokinglounge.com\/de\/raucherbereiche-am-daytona-beach-international-airport-dab\/\">DAYTONA BEACH INTERNATIONAL AIRPORT (DAB)<\/a><\/li>\n<li><a href=\"https:\/\/airportsmokinglounge.com\/de\/raucherbereiche-am-san-francisco-international-airport-sfo\/\">INTERNATIONALER FLUGHAFEN SAN FRANCISCO (SFO)<\/a><\/li>\n<li><a href=\"https:\/\/airportsmokinglounge.com\/de\/raucherbereiche-am-washington-international-airport-iad\/\">WASHINGTON DULLES INTERNATIONAL AIRPORT (IAD)<\/a><\/li>\n<li><a href=\"https:\/\/airportsmokinglounge.com\/de\/raucherbereiche-am-atlanta-hartsfield-international-airport-atl\/\">HARTSFIELD JACKSON ATLANTA INTERNATIONAL AIRPORT (ATL)<\/a><\/li>\n<li><a href=\"https:\/\/airportsmokinglounge.com\/de\/raucherbereiche-am-newark-liberty-international-airport-ewr\/\">INTERNATIONALER FLUGHAFEN NEWARK LIBERTY (EWR)<\/a><\/li>\n<li><a href=\"https:\/\/airportsmokinglounge.com\/de\/raucherbereiche-am-orlando-international-airport-mco\/\">INTERNATIONALER FLUGHAFEN ORLANDO (MCO)<\/a><\/li>\n<li><a href=\"https:\/\/airportsmokinglounge.com\/de\/raucherbereiche-am-boston-international-airport-bos\/\">BOSTON \u2013 GENERAL EDWARD LAWRENCE LOGAN INTERNATIONAL AIRPORT (BOS)<\/a><\/li>\n<li><a href=\"https:\/\/airportsmokinglounge.com\/de\/raucherbereiche-am-las-vegas-international-airport-las\/\">LAS VEGAS \u2013 MCCARRAN INTERNATIONAL AIRPORT (LAS)<\/a><\/li>\n<li><a href=\"https:\/\/airportsmokinglounge.com\/de\/raucherbereiche-am-seattle-tacoma-international-airport-sea\/\">INTERNATIONALER FLUGHAFEN SEATTLE TACOMA (MEER)<\/a><\/li>\n<li><a href=\"https:\/\/airportsmokinglounge.com\/de\/raucherbereiche-am-new-orleans-louis-armstrong-airport-msy\/\">LOUIS ARMSTRONG NEW ORLEANS INTERNATIONAL AIRPORT (MSY)<\/a><\/li>\n<li><a href=\"https:\/\/airportsmokinglounge.com\/de\/raucherbereiche-am-dallas-forth-worth-international-airport-dfw\/\">INTERNATIONALER FLUGHAFEN DALLAS FORT WORTH (DFW)<\/a><\/li>\n<li><a href=\"https:\/\/airportsmokinglounge.com\/de\/raucherbereiche-am-houston-george-bush-airport-iah\/\">GEORGE BUSH INTERCONTINENTAL FLUGHAFEN HOUSTON (IAH)<\/a><\/li>\n<li><a href=\"https:\/\/airportsmokinglounge.com\/de\/raucherbereiche-am-san-diego-international-airport-san\/\">INTERNATIONALER FLUGHAFEN SAN DIEGO (SAN)<\/a><\/li>\n<li><a href=\"https:\/\/airportsmokinglounge.com\/de\/raucherbereiche-am-honolulu-international-airport-hnl\/\">HONOLULU \u2013 DANIEL K INOUYE INTERNATIONAL AIRPORT (HNL)<\/a><\/li>\n<li><a href=\"https:\/\/airportsmokinglounge.com\/de\/raucherbereiche-am-fort-lauderdale-international-airport-fll\/\">INTERNATIONALER FLUGHAFEN FORT LAUDERDALE HOLLYWOOD (FLL)<\/a><\/li>\n<li><a href=\"https:\/\/airportsmokinglounge.com\/de\/raucherbereiche-am-phoenix-international-airport-phx\/\">PHOENIX SKY HARBOR INTERNATIONAL AIRPORT (PHX)<\/a><\/li>\n<li><a href=\"https:\/\/airportsmokinglounge.com\/de\/raucherbereiche-am-denver-international-airport-den\/\">INTERNATIONALER FLUGHAFEN DENVER (DEN)<\/a><\/li>\n<li><a href=\"https:\/\/airportsmokinglounge.com\/de\/raucherbereiche-am-detroit-metropolitan-airport-dtw\/\">DETROIT METROPOLITAN WAYNE COUNTRY AIRPORT (DTW)<\/a><\/li>\n<li><a href=\"https:\/\/airportsmokinglounge.com\/de\/raucherbereiche-am-tampa-international-airport-tpa\/\">INTERNATIONALER FLUGHAFEN TAMPA (TPA)<\/a><\/li>\n<li><a href=\"https:\/\/airportsmokinglounge.com\/de\/raucherbereiche-am-philadelphia-international-airport-phl\/\">PHILADELPHIA INTERNATIONAL AIRPORT (PHL)<\/a><\/li>\n<li><a href=\"https:\/\/airportsmokinglounge.com\/de\/raucherbereiche-am-austin-bergstrom-international-airport-aus\/\">AUSTIN BERGSTROM INTERNATIONALER FLUGHAFEN (AUS)<\/a><\/li>\n<li><a href=\"https:\/\/airportsmokinglounge.com\/de\/raucherbereiche-am-raleigh-durham-international-airport-rdu\/\">RALEIGH DURHAM INTERNATIONALER FLUGHAFEN (RDU)<\/a><\/li>\n<li><a href=\"https:\/\/airportsmokinglounge.com\/de\/raucherbereiche-in-fort-mayers-southwest-florida-international-airport-rsw\/\">FORT MAYERS \u2013 SOUTHWEST FLORIDA INTERNATIONAL AIRPORT (RSW)<\/a><\/li>\n<li><a href=\"https:\/\/airportsmokinglounge.com\/de\/raucherbereiche-am-minneapolis-international-airport-msp\/\">MINNEAPOLIS-ST PAUL INTERNATIONAL\/WOLD-CHAMBERLAIN AIRPORT (MSP)<\/a><\/li>\n<li><a href=\"https:\/\/airportsmokinglounge.com\/de\/raucherbereiche-am-charlotte-international-airport-clt\/\">CHARLOTTE DOUGLAS INTERNATIONAL AIRPORT (CLT)<\/a><\/li>\n<li><a href=\"https:\/\/airportsmokinglounge.com\/de\/raucherbereiche-am-baltimore-washington-international-airport-bwi\/\">BALTIMORE\/WASHINGTON INTERNATIONAL AIRPORT (BWI)<\/a><\/li>\n<li><a href=\"https:\/\/airportsmokinglounge.com\/de\/raucherbereiche-am-st-louis-international-airport-stl\/\">INTERNATIONALER FLUGHAFEN ST. LOUIS LAMBERT (STL)<\/a><\/li>\n<\/ul>\n<h2>Rauchgesetz der Vereinigten Staaten von Amerika<\/h2>\n<p>Die Vereinigten Staaten haben sowohl auf Bundes- als auch auf Landesebene Rauchvorschriften eingef\u00fchrt, um die \u00f6ffentliche Gesundheit zu sch\u00fctzen und den Tabakkonsum zu reduzieren. Bitte beachten Sie jedoch, dass die Rauchgesetze und -bestimmungen in den einzelnen Bundesstaaten und \u00f6rtlichen Gerichtsbarkeiten innerhalb der Vereinigten Staaten unterschiedlich sein k\u00f6nnen. Daher ist es ratsam, sich f\u00fcr die aktuellsten Informationen an die spezifischen Gesetze des Bundesstaats oder Ortes zu halten, an dem Sie interessiert sind.<\/p>\n<p>Auf Bundesebene ist das Rauchen in bestimmten \u00f6ffentlichen Innenr\u00e4umen gem\u00e4\u00df den Vorschriften des US-Gesundheitsministeriums generell verboten. Dazu geh\u00f6ren Regierungsgeb\u00e4ude, Gesundheitseinrichtungen, Bildungseinrichtungen, die Bundesmittel erhalten, und \u00f6ffentliche Verkehrsmittel, die der Bundeshoheit unterliegen. Dar\u00fcber hinaus verbietet das Bundesgesetz das Rauchen auf Fl\u00fcgen von kommerziellen Fluggesellschaften und in bestimmten Fahrzeugen der Bundesregierung.<\/p>\n<p>Allerdings k\u00f6nnen die Rauchbestimmungen zwischen den Bundesstaaten und Orten in den Vereinigten Staaten erheblich variieren. Viele Staaten haben ihre eigenen Gesetze und Vorschriften zum Rauchen an \u00f6ffentlichen Orten, am Arbeitsplatz, in Restaurants, Bars und anderen Veranstaltungsorten erlassen. Einige Staaten haben umfassende Rauchverbotsgesetze erlassen, die das Rauchen in \u00f6ffentlichen Innenr\u00e4umen verbieten, w\u00e4hrend andere m\u00f6glicherweise begrenztere Beschr\u00e4nkungen haben oder in bestimmten Einrichtungen ausgewiesene Raucherbereiche zulassen.<\/p>\n<p>Das gesetzliche Mindestalter f\u00fcr den Kauf und Besitz von Tabakprodukten variiert ebenfalls je nach Bundesstaat. Die meisten Bundesstaaten legen es auf 18 Jahre fest, w\u00e4hrend einige es im Einklang mit der Bundesgesetzgebung, dem so genannten Tobacco 21-Gesetz, auf 21 Jahre angehoben haben.<\/p>\n<p>Die Durchsetzung der Rauchgesetze wird in der Regel von den zust\u00e4ndigen staatlichen oder lokalen Beh\u00f6rden \u00fcberwacht, und Verst\u00f6\u00dfe k\u00f6nnen zu Geldstrafen oder anderen gerichtsspezifischen Strafen f\u00fchren.<\/p>\n<p>Um die genauesten und aktuellsten Informationen zu den Rauchgesetzen in den Vereinigten Staaten zu erhalten, empfehlen wir Ihnen, die Gesetze des jeweiligen Staates oder Ortes zu konsultieren, an dem Sie interessiert sind, oder sich an \u00f6rtliche Beh\u00f6rden oder Gesundheitsorganisationen zu wenden.<\/p>\n<p><strong>Weitere Raucherbereiche am Flughafen\u00a0<\/strong><\/p>\n<ul>\n<li><a href=\"https:\/\/airportsmokinglounge.com\/de\/rauchen-in-den-flughafen-von-nordamerika\/\">Nordamerika<\/a><\/li>\n<li><a href=\"https:\/\/airportsmokinglounge.com\/de\/rauchen-auf-den-flughafen-sudamerikas\/\">S\u00fcdamerika<\/a><\/li>\n<li><a href=\"https:\/\/airportsmokinglounge.com\/de\/raucherbereiche-in-europaischen-flughafen\/\">Europa<\/a><\/li>\n<li><a href=\"https:\/\/airportsmokinglounge.com\/de\/rauchen-auf-flughafen-in-asien\/\">Asien<\/a><\/li>\n<li><a href=\"https:\/\/airportsmokinglounge.com\/de\/rauchen-auf-flughafen-in-ozeanien\/\">Ozeanien<\/a><\/li>\n<\/ul>","protected":false},"excerpt":{"rendered":"<p>Die Vereinigten Staaten von Amerika verf\u00fcgen \u00fcber zahlreiche Flugh\u00e4fen, von kleinen Regionalflugh\u00e4fen bis hin zu gro\u00dfen internationalen Drehkreuzen. Auf dieser Website finden Sie alle Raucherbereiche an Flugh\u00e4fen, einschlie\u00dflich ausgewiesener Raucherzonen und der verf\u00fcgbaren Einrichtungen. Wir verstehen Ihren \u00c4rger, wenn Sie die Sicherheitskontrolle passieren und dann feststellen, dass es nirgends Raucherbereiche gibt\u2026&nbsp;<a href=\"https:\/\/airportsmokinglounge.com\/de\/raucherbereiche-in-flughafen-der-vereinigten-staaten\/\" rel=\"bookmark\">Mehr lesen \u00bb<span class=\"screen-reader-text\">Raucherbereiche auf Flugh\u00e4fen in den Vereinigten Staaten<\/span><\/a><\/p>","protected":false},"author":1,"featured_media":1199,"parent":0,"menu_order":0,"comment_status":"closed","ping_status":"closed","template":"","meta":{"neve_meta_sidebar":"","neve_meta_container":"","neve_meta_enable_content_width":"off","neve_meta_content_width":100,"neve_meta_title_alignment":"","neve_meta_author_avatar":"","neve_post_elements_order":"","neve_meta_disable_header":"","neve_meta_disable_footer":"","neve_meta_disable_title":"","neve_meta_reading_time":"","footnotes":""},"class_list":["post-224","page","type-page","status-publish","has-post-thumbnail","hentry"],"yoast_head":"<!-- This site is optimized with the Yoast SEO plugin v26.6 - https:\/\/yoast.com\/wordpress\/plugins\/seo\/ -->\n<title>Smoking areas in United States airports<\/title>\n<meta name=\"description\" content=\"Smoking areas at United States airports - Where to Smoke at the Airport? - Your Ultimate Guide to Finding a Place to Smoke \u2714\ufe0e\" \/>\n<meta name=\"robots\" content=\"index, follow, max-snippet:-1, max-image-preview:large, max-video-preview:-1\" \/>\n<link rel=\"canonical\" href=\"https:\/\/airportsmokinglounge.com\/de\/raucherbereiche-in-flughafen-der-vereinigten-staaten\/\" \/>\n<meta property=\"og:locale\" content=\"de_DE\" \/>\n<meta property=\"og:type\" content=\"article\" \/>\n<meta property=\"og:title\" content=\"Smoking areas in United States airports\" \/>\n<meta property=\"og:description\" content=\"Smoking areas at United States airports - Where to Smoke at the Airport? - Your Ultimate Guide to Finding a Place to Smoke \u2714\ufe0e\" \/>\n<meta property=\"og:url\" content=\"https:\/\/airportsmokinglounge.com\/de\/raucherbereiche-in-flughafen-der-vereinigten-staaten\/\" \/>\n<meta property=\"og:site_name\" content=\"airportsmokinglounge.com\" \/>\n<meta property=\"article:modified_time\" content=\"2023-05-21T19:52:19+00:00\" \/>\n<meta property=\"og:image\" content=\"https:\/\/airportsmokinglounge.com\/wp-content\/uploads\/2023\/03\/airport-smoking-lounge-4.jpg\" \/>\n\t<meta property=\"og:image:width\" content=\"2048\" \/>\n\t<meta property=\"og:image:height\" content=\"1152\" \/>\n\t<meta property=\"og:image:type\" content=\"image\/jpeg\" \/>\n<meta name=\"twitter:card\" content=\"summary_large_image\" \/>\n<meta name=\"twitter:label1\" content=\"Gesch\u00e4tzte Lesezeit\" \/>\n\t<meta name=\"twitter:data1\" content=\"3\u00a0Minuten\" \/>\n<script type=\"application\/ld+json\" class=\"yoast-schema-graph\">{\"@context\":\"https:\/\/schema.org\",\"@graph\":[{\"@type\":\"WebPage\",\"@id\":\"https:\/\/airportsmokinglounge.com\/smoking-areas-in-united-states-airports\/\",\"url\":\"https:\/\/airportsmokinglounge.com\/smoking-areas-in-united-states-airports\/\",\"name\":\"Smoking areas in United States airports\",\"isPartOf\":{\"@id\":\"https:\/\/airportsmokinglounge.com\/#website\"},\"primaryImageOfPage\":{\"@id\":\"https:\/\/airportsmokinglounge.com\/smoking-areas-in-united-states-airports\/#primaryimage\"},\"image\":{\"@id\":\"https:\/\/airportsmokinglounge.com\/smoking-areas-in-united-states-airports\/#primaryimage\"},\"thumbnailUrl\":\"https:\/\/airportsmokinglounge.com\/wp-content\/uploads\/2023\/03\/airport-smoking-lounge-4.jpg\",\"datePublished\":\"2023-02-28T14:48:45+00:00\",\"dateModified\":\"2023-05-21T19:52:19+00:00\",\"description\":\"Smoking areas at United States airports - Where to Smoke at the Airport? - Your Ultimate Guide to Finding a Place to Smoke \u2714\ufe0e\",\"breadcrumb\":{\"@id\":\"https:\/\/airportsmokinglounge.com\/smoking-areas-in-united-states-airports\/#breadcrumb\"},\"inLanguage\":\"de\",\"potentialAction\":[{\"@type\":\"ReadAction\",\"target\":[\"https:\/\/airportsmokinglounge.com\/smoking-areas-in-united-states-airports\/\"]}]},{\"@type\":\"ImageObject\",\"inLanguage\":\"de\",\"@id\":\"https:\/\/airportsmokinglounge.com\/smoking-areas-in-united-states-airports\/#primaryimage\",\"url\":\"https:\/\/airportsmokinglounge.com\/wp-content\/uploads\/2023\/03\/airport-smoking-lounge-4.jpg\",\"contentUrl\":\"https:\/\/airportsmokinglounge.com\/wp-content\/uploads\/2023\/03\/airport-smoking-lounge-4.jpg\",\"width\":2048,\"height\":1152,\"caption\":\"Airport Smoking\"},{\"@type\":\"BreadcrumbList\",\"@id\":\"https:\/\/airportsmokinglounge.com\/smoking-areas-in-united-states-airports\/#breadcrumb\",\"itemListElement\":[{\"@type\":\"ListItem\",\"position\":1,\"name\":\"Home\",\"item\":\"https:\/\/airportsmokinglounge.com\/\"},{\"@type\":\"ListItem\",\"position\":2,\"name\":\"Smoking areas in United States airports\"}]},{\"@type\":\"WebSite\",\"@id\":\"https:\/\/airportsmokinglounge.com\/#website\",\"url\":\"https:\/\/airportsmokinglounge.com\/\",\"name\":\"airportsmokinglounge.com\",\"description\":\"\",\"potentialAction\":[{\"@type\":\"SearchAction\",\"target\":{\"@type\":\"EntryPoint\",\"urlTemplate\":\"https:\/\/airportsmokinglounge.com\/?s={search_term_string}\"},\"query-input\":{\"@type\":\"PropertyValueSpecification\",\"valueRequired\":true,\"valueName\":\"search_term_string\"}}],\"inLanguage\":\"de\"}]}<\/script>\n<!-- \/ Yoast SEO plugin. -->","yoast_head_json":{"title":"Raucherbereiche auf Flugh\u00e4fen in den Vereinigten Staaten","description":"Raucherbereiche an Flugh\u00e4fen in den Vereinigten Staaten \u2013 Wo darf am Flughafen geraucht werden? - Ihr ultimativer Leitfaden zur Suche nach einem Ort zum Rauchen \u2714\ufe0e","robots":{"index":"index","follow":"follow","max-snippet":"max-snippet:-1","max-image-preview":"max-image-preview:large","max-video-preview":"max-video-preview:-1"},"canonical":"https:\/\/airportsmokinglounge.com\/de\/raucherbereiche-in-flughafen-der-vereinigten-staaten\/","og_locale":"de_DE","og_type":"article","og_title":"Smoking areas in United States airports","og_description":"Smoking areas at United States airports - Where to Smoke at the Airport? - Your Ultimate Guide to Finding a Place to Smoke \u2714\ufe0e","og_url":"https:\/\/airportsmokinglounge.com\/de\/raucherbereiche-in-flughafen-der-vereinigten-staaten\/","og_site_name":"airportsmokinglounge.com","article_modified_time":"2023-05-21T19:52:19+00:00","og_image":[{"width":2048,"height":1152,"url":"https:\/\/airportsmokinglounge.com\/wp-content\/uploads\/2023\/03\/airport-smoking-lounge-4.jpg","type":"image\/jpeg"}],"twitter_card":"summary_large_image","twitter_misc":{"Gesch\u00e4tzte Lesezeit":"3\u00a0Minuten"},"schema":{"@context":"https:\/\/schema.org","@graph":[{"@type":"WebPage","@id":"https:\/\/airportsmokinglounge.com\/smoking-areas-in-united-states-airports\/","url":"https:\/\/airportsmokinglounge.com\/smoking-areas-in-united-states-airports\/","name":"Raucherbereiche auf Flugh\u00e4fen in den Vereinigten Staaten","isPartOf":{"@id":"https:\/\/airportsmokinglounge.com\/#website"},"primaryImageOfPage":{"@id":"https:\/\/airportsmokinglounge.com\/smoking-areas-in-united-states-airports\/#primaryimage"},"image":{"@id":"https:\/\/airportsmokinglounge.com\/smoking-areas-in-united-states-airports\/#primaryimage"},"thumbnailUrl":"https:\/\/airportsmokinglounge.com\/wp-content\/uploads\/2023\/03\/airport-smoking-lounge-4.jpg","datePublished":"2023-02-28T14:48:45+00:00","dateModified":"2023-05-21T19:52:19+00:00","description":"Raucherbereiche an Flugh\u00e4fen in den Vereinigten Staaten \u2013 Wo darf am Flughafen geraucht werden? - Ihr ultimativer Leitfaden zur Suche nach einem Ort zum Rauchen \u2714\ufe0e","breadcrumb":{"@id":"https:\/\/airportsmokinglounge.com\/smoking-areas-in-united-states-airports\/#breadcrumb"},"inLanguage":"de","potentialAction":[{"@type":"ReadAction","target":["https:\/\/airportsmokinglounge.com\/smoking-areas-in-united-states-airports\/"]}]},{"@type":"ImageObject","inLanguage":"de","@id":"https:\/\/airportsmokinglounge.com\/smoking-areas-in-united-states-airports\/#primaryimage","url":"https:\/\/airportsmokinglounge.com\/wp-content\/uploads\/2023\/03\/airport-smoking-lounge-4.jpg","contentUrl":"https:\/\/airportsmokinglounge.com\/wp-content\/uploads\/2023\/03\/airport-smoking-lounge-4.jpg","width":2048,"height":1152,"caption":"Airport Smoking"},{"@type":"BreadcrumbList","@id":"https:\/\/airportsmokinglounge.com\/smoking-areas-in-united-states-airports\/#breadcrumb","itemListElement":[{"@type":"ListItem","position":1,"name":"Home","item":"https:\/\/airportsmokinglounge.com\/"},{"@type":"ListItem","position":2,"name":"Smoking areas in United States airports"}]},{"@type":"WebSite","@id":"https:\/\/airportsmokinglounge.com\/#website","url":"https:\/\/airportsmokinglounge.com\/","name":"Flughafenraucherlounge.com","description":"","potentialAction":[{"@type":"SearchAction","target":{"@type":"EntryPoint","urlTemplate":"https:\/\/airportsmokinglounge.com\/?s={search_term_string}"},"query-input":{"@type":"PropertyValueSpecification","valueRequired":true,"valueName":"search_term_string"}}],"inLanguage":"de"}]}},"_links":{"self":[{"href":"https:\/\/airportsmokinglounge.com\/de\/wp-json\/wp\/v2\/pages\/224","targetHints":{"allow":["GET"]}}],"collection":[{"href":"https:\/\/airportsmokinglounge.com\/de\/wp-json\/wp\/v2\/pages"}],"about":[{"href":"https:\/\/airportsmokinglounge.com\/de\/wp-json\/wp\/v2\/types\/page"}],"author":[{"embeddable":true,"href":"https:\/\/airportsmokinglounge.com\/de\/wp-json\/wp\/v2\/users\/1"}],"replies":[{"embeddable":true,"href":"https:\/\/airportsmokinglounge.com\/de\/wp-json\/wp\/v2\/comments?post=224"}],"version-history":[{"count":10,"href":"https:\/\/airportsmokinglounge.com\/de\/wp-json\/wp\/v2\/pages\/224\/revisions"}],"predecessor-version":[{"id":5645,"href":"https:\/\/airportsmokinglounge.com\/de\/wp-json\/wp\/v2\/pages\/224\/revisions\/5645"}],"wp:featuredmedia":[{"embeddable":true,"href":"https:\/\/airportsmokinglounge.com\/de\/wp-json\/wp\/v2\/media\/1199"}],"wp:attachment":[{"href":"https:\/\/airportsmokinglounge.com\/de\/wp-json\/wp\/v2\/media?parent=224"}],"curies":[{"name":"wp","href":"https:\/\/api.w.org\/{rel}","templated":true}]}}