{"id":2265,"date":"2023-04-11T12:25:22","date_gmt":"2023-04-11T10:25:22","guid":{"rendered":"https:\/\/airportsmokinglounge.com\/?page_id=2265"},"modified":"2023-05-20T14:04:26","modified_gmt":"2023-05-20T12:04:26","slug":"smoking-areas-at-podgorica-airport-tgd","status":"publish","type":"page","link":"https:\/\/airportsmokinglounge.com\/de\/raucherbereiche-am-flughafen-podgorica-tgd\/","title":{"rendered":"Raucherbereiche am Flughafen Podgorica (TGD)"},"content":{"rendered":"<p>Der Flughafen Podgorica dient als Drehkreuz f\u00fcr Inlands- und Auslandsfl\u00fcge. Es bietet verschiedene Flugverbindungen zu Zielen innerhalb und au\u00dferhalb Europas und erm\u00f6glicht sowohl Linien- als auch Charterfl\u00fcge.<\/p>\n<h2>Raucherbereiche vor der Sicherheitskontrolle<\/h2>\n<ul>\n<li>Das Rauchen ist au\u00dferhalb des Terminals nur in den daf\u00fcr vorgesehenen Bereichen gestattet<\/li>\n<\/ul>\n<h2>Raucherbereiche nach der Sicherheitskontrolle<\/h2>\n<ul>\n<li>Keine Raucherbereiche<\/li>\n<\/ul>\n<p><span style=\"font-size: 12pt;\">Weitere Informationen auf der offiziellen Website<\/span><\/p>\n<ul>\n<li><span style=\"font-size: 12pt;\"><a href=\"https:\/\/montenegroairports.com\/?menu=2\" target=\"_blank\" rel=\"noopener\">www.montenegroairports.com<\/a><\/span><\/li>\n<\/ul>\n<p><span style=\"font-size: 12pt;\"><strong>Sende uns Feedback<\/strong><\/span><\/p>\n<p><span style=\"font-size: 12pt;\">Wenn Sie am Flughafen in Podgorica sind, k\u00f6nnen Sie uns gerne Bilder der Raucherbereiche schicken. Dies wird uns helfen, unsere Datenbank schneller zu f\u00fcllen. Du kannst das <strong><a href=\"https:\/\/airportsmokinglounge.com\/de\/kontakt\/\">Hier<\/a>.<\/strong> Die Bilder werden unter Angabe der Bildquelle (Name) auf unserer Website ver\u00f6ffentlicht. Teilen Sie diese Bilder gerne mit uns und allen Besuchern von Airport Smoking Lounge.com.<\/span><\/p>\n<div class=\"group w-full text-gray-800 dark:text-gray-100 border-b border-black\/10 dark:border-gray-900\/50 dark:bg-gray-800\">\n<div class=\"flex p-4 gap-4 text-base md:gap-6 md:max-w-2xl lg:max-w-xl xl:max-w-3xl md:py-6 lg:px-0 m-auto\">\n<div class=\"relative flex w-[calc(100%-50px)] flex-col gap-1 md:gap-3 lg:w-[calc(100%-115px)]\">\n<div class=\"flex flex-grow flex-col gap-3\">\n<h2 class=\"min-h-[20px] flex flex-col items-start gap-4 whitespace-pre-wrap break-words\">Rauchen auf den Flugh\u00e4fen Montenegros<\/h2>\n<p>Montenegro hat strenge Rauchverbote an \u00f6ffentlichen Orten, einschlie\u00dflich Flugh\u00e4fen, eingef\u00fchrt. Das Rauchen ist in Flughafenterminals, einschlie\u00dflich Wartebereichen, Check-in-Hallen, Flugsteigen und anderen geschlossenen R\u00e4umen, grunds\u00e4tzlich verboten.<\/p>\n<p>Die meisten Flugh\u00e4fen in Montenegro verf\u00fcgen \u00fcber ausgewiesene Raucherbereiche au\u00dferhalb der Terminalgeb\u00e4ude. Diese Bereiche befinden sich in der Regel in ausgewiesenen Zonen, abseits von Eing\u00e4ngen und Bereichen, in denen sich Nichtraucher aufhalten. Diese ausgewiesenen Raucherbereiche bieten Personen, die rauchen m\u00f6chten, die M\u00f6glichkeit, dies zu tun, ohne Nichtraucher zu beeintr\u00e4chtigen oder gegen die Rauchvorschriften zu versto\u00dfen.<\/p>\n<h3>H\u00e4ufig gestellte Fragen<\/h3>\n<h4>Sind Raucherbereiche am Flughafen rund um die Uhr verf\u00fcgbar?<\/h4>\n<p>Die Verf\u00fcgbarkeit von Raucherbereichen am Flughafen kann je nach Flughafen und Standort variieren. Einige Raucherbereiche sind 24 Stunden am Tag ge\u00f6ffnet, w\u00e4hrend andere m\u00f6glicherweise eingeschr\u00e4nkte \u00d6ffnungszeiten haben oder zu bestimmten Zeiten geschlossen sind. Am besten erkundigen Sie sich beim Flughafen oder besuchen Sie dessen Website, um genaue Informationen zu den \u00d6ffnungszeiten des Raucherbereichs zu erhalten.<\/p>\n<h4>Darf ich eigene Speisen und Getr\u00e4nke in den Raucherbereich mitbringen?<\/h4>\n<p>Dies kann vom jeweiligen Raucherbereich und Flughafen abh\u00e4ngen. In einigen Bereichen ist das Rauchen von Speisen und Getr\u00e4nken au\u00dferhalb des Raucherbereichs gestattet, w\u00e4hrend in anderen Bereichen m\u00f6glicherweise Einschr\u00e4nkungen gelten oder dies ganz verboten ist. Erkundigen Sie sich am besten beim Flughafen oder an der Beschilderung des Raucherbereichs nach den spezifischen Regeln und Vorschriften.<\/p>\n<h4>Ist das Rauchen in allen Raucherbereichen des Flughafens erlaubt?<\/h4>\n<p>M\u00f6glicherweise ist das Rauchen nicht in allen Raucherbereichen des Flughafens gestattet. Einige Flugh\u00e4fen verf\u00fcgen m\u00f6glicherweise \u00fcber ausgewiesene Bereiche f\u00fcr elektronische Zigaretten oder E-Zigaretten, die von den herk\u00f6mmlichen Raucherbereichen getrennt sind. Informieren Sie sich unbedingt \u00fcber die spezifischen Regeln und Vorschriften f\u00fcr den Raucherbereich, den Sie nutzen m\u00f6chten.<\/p>\n<h4>Sind Raucherbereiche klimatisiert oder beheizt?<\/h4>\n<p>Die Temperatur und Bel\u00fcftung der Raucherbereiche am Flughafen kann stark variieren. Einige sind m\u00f6glicherweise klimatisiert oder beheizt, w\u00e4hrend es sich bei anderen m\u00f6glicherweise um Freiluftr\u00e4ume mit begrenztem Schutz vor Witterungseinfl\u00fcssen handelt. Erkundigen Sie sich unbedingt vorab beim Flughafen oder besuchen Sie den Raucherbereich, um die Bedingungen zu ermitteln und sich entsprechend vorzubereiten.<\/p>\n<h4>Sind Raucherbereiche f\u00fcr Reisende mit Behinderungen zug\u00e4nglich?<\/h4>\n<p>Viele Flugh\u00e4fen haben Anstrengungen unternommen, ihre Raucherbereiche f\u00fcr Reisende mit Behinderungen zug\u00e4nglich zu machen. Allerdings kann die Zug\u00e4nglichkeit bestimmter Raucherbereiche stark variieren. Erkundigen Sie sich unbedingt beim Flughafen oder besuchen Sie den Raucherbereich im Voraus, um festzustellen, ob er zug\u00e4nglich ist und Ihren Bed\u00fcrfnissen entspricht.<\/p>\n<\/div>\n<\/div>\n<\/div>\n<\/div>\n<p><span style=\"font-size: 12pt;\"><strong>Weitere Flugh\u00e4fen in Montenegro:<\/strong> <\/span><\/p>\n<ul>\n<li><span style=\"font-size: 12pt;\"><a href=\"https:\/\/airportsmokinglounge.com\/de\/rauchen-auf-flughafen-in-montenegro\/\">Flugh\u00e4fen in Montenegro<\/a><\/span><\/li>\n<\/ul>\n<p><span style=\"font-size: 12pt;\"><strong>Raucherbereiche in:<\/strong><\/span><\/p>\n<ul>\n<li><span style=\"font-size: 12pt;\"><a href=\"https:\/\/airportsmokinglounge.com\/de\/raucherbereiche-in-europaischen-flughafen\/\">Europ\u00e4ische Flugh\u00e4fen<\/a><\/span><\/li>\n<\/ul>","protected":false},"excerpt":{"rendered":"<p>Podgorica Airport serves as a hub for both domestic and international flights. It offers various airline connections to destinations within Europe and beyond, accommodating both scheduled and charter flights. Smoking areas before the Security Check Smoking is only permitted outside the terminal in the designated areas Smoking areas after Security Check No smoking areas More&hellip;&nbsp;<a href=\"https:\/\/airportsmokinglounge.com\/de\/raucherbereiche-am-flughafen-podgorica-tgd\/\" rel=\"bookmark\">Mehr lesen \u00bb<span class=\"screen-reader-text\">Raucherbereiche am Flughafen Podgorica (TGD)<\/span><\/a><\/p>","protected":false},"author":1,"featured_media":1198,"parent":0,"menu_order":0,"comment_status":"closed","ping_status":"closed","template":"","meta":{"neve_meta_sidebar":"","neve_meta_container":"","neve_meta_enable_content_width":"off","neve_meta_content_width":100,"neve_meta_title_alignment":"","neve_meta_author_avatar":"","neve_post_elements_order":"","neve_meta_disable_header":"","neve_meta_disable_footer":"","neve_meta_disable_title":"","neve_meta_reading_time":"","footnotes":""},"class_list":["post-2265","page","type-page","status-publish","has-post-thumbnail","hentry"],"yoast_head":"<!-- This site is optimized with the Yoast SEO plugin v26.6 - https:\/\/yoast.com\/wordpress\/plugins\/seo\/ -->\n<title>Smoking areas at Podgorica Airport (TGD)<\/title>\n<meta name=\"description\" content=\"Smoking areas Podgorica Airport - Find a smoking area in the airport \u2714\ufe0e Smoking Guide in Airports: Information for Travelers \u2714\ufe0e\" \/>\n<meta name=\"robots\" content=\"index, follow, max-snippet:-1, max-image-preview:large, max-video-preview:-1\" \/>\n<link rel=\"canonical\" href=\"https:\/\/airportsmokinglounge.com\/de\/raucherbereiche-am-flughafen-podgorica-tgd\/\" \/>\n<meta property=\"og:locale\" content=\"de_DE\" \/>\n<meta property=\"og:type\" content=\"article\" \/>\n<meta property=\"og:title\" content=\"Smoking areas at Podgorica Airport (TGD)\" \/>\n<meta property=\"og:description\" content=\"Smoking areas Podgorica Airport - Find a smoking area in the airport \u2714\ufe0e Smoking Guide in Airports: Information for Travelers \u2714\ufe0e\" \/>\n<meta property=\"og:url\" content=\"https:\/\/airportsmokinglounge.com\/de\/raucherbereiche-am-flughafen-podgorica-tgd\/\" \/>\n<meta property=\"og:site_name\" content=\"airportsmokinglounge.com\" \/>\n<meta property=\"article:modified_time\" content=\"2023-05-20T12:04:26+00:00\" \/>\n<meta property=\"og:image\" content=\"https:\/\/airportsmokinglounge.com\/wp-content\/uploads\/2023\/03\/airport-smoking-lounge-1.jpg\" \/>\n\t<meta property=\"og:image:width\" content=\"2048\" \/>\n\t<meta property=\"og:image:height\" content=\"1152\" \/>\n\t<meta property=\"og:image:type\" content=\"image\/jpeg\" \/>\n<meta name=\"twitter:card\" content=\"summary_large_image\" \/>\n<meta name=\"twitter:label1\" content=\"Gesch\u00e4tzte Lesezeit\" \/>\n\t<meta name=\"twitter:data1\" content=\"3\u00a0Minuten\" \/>\n<script type=\"application\/ld+json\" class=\"yoast-schema-graph\">{\"@context\":\"https:\/\/schema.org\",\"@graph\":[{\"@type\":\"WebPage\",\"@id\":\"https:\/\/airportsmokinglounge.com\/smoking-areas-at-podgorica-airport-tgd\/\",\"url\":\"https:\/\/airportsmokinglounge.com\/smoking-areas-at-podgorica-airport-tgd\/\",\"name\":\"Smoking areas at Podgorica Airport (TGD)\",\"isPartOf\":{\"@id\":\"https:\/\/airportsmokinglounge.com\/#website\"},\"primaryImageOfPage\":{\"@id\":\"https:\/\/airportsmokinglounge.com\/smoking-areas-at-podgorica-airport-tgd\/#primaryimage\"},\"image\":{\"@id\":\"https:\/\/airportsmokinglounge.com\/smoking-areas-at-podgorica-airport-tgd\/#primaryimage\"},\"thumbnailUrl\":\"https:\/\/airportsmokinglounge.com\/wp-content\/uploads\/2023\/03\/airport-smoking-lounge-1.jpg\",\"datePublished\":\"2023-04-11T10:25:22+00:00\",\"dateModified\":\"2023-05-20T12:04:26+00:00\",\"description\":\"Smoking areas Podgorica Airport - Find a smoking area in the airport \u2714\ufe0e Smoking Guide in Airports: Information for Travelers \u2714\ufe0e\",\"breadcrumb\":{\"@id\":\"https:\/\/airportsmokinglounge.com\/smoking-areas-at-podgorica-airport-tgd\/#breadcrumb\"},\"inLanguage\":\"de\",\"potentialAction\":[{\"@type\":\"ReadAction\",\"target\":[\"https:\/\/airportsmokinglounge.com\/smoking-areas-at-podgorica-airport-tgd\/\"]}]},{\"@type\":\"ImageObject\",\"inLanguage\":\"de\",\"@id\":\"https:\/\/airportsmokinglounge.com\/smoking-areas-at-podgorica-airport-tgd\/#primaryimage\",\"url\":\"https:\/\/airportsmokinglounge.com\/wp-content\/uploads\/2023\/03\/airport-smoking-lounge-1.jpg\",\"contentUrl\":\"https:\/\/airportsmokinglounge.com\/wp-content\/uploads\/2023\/03\/airport-smoking-lounge-1.jpg\",\"width\":2048,\"height\":1152,\"caption\":\"Airport smoking Lounge\"},{\"@type\":\"BreadcrumbList\",\"@id\":\"https:\/\/airportsmokinglounge.com\/smoking-areas-at-podgorica-airport-tgd\/#breadcrumb\",\"itemListElement\":[{\"@type\":\"ListItem\",\"position\":1,\"name\":\"Home\",\"item\":\"https:\/\/airportsmokinglounge.com\/\"},{\"@type\":\"ListItem\",\"position\":2,\"name\":\"Smoking areas at Podgorica Airport (TGD)\"}]},{\"@type\":\"WebSite\",\"@id\":\"https:\/\/airportsmokinglounge.com\/#website\",\"url\":\"https:\/\/airportsmokinglounge.com\/\",\"name\":\"airportsmokinglounge.com\",\"description\":\"\",\"potentialAction\":[{\"@type\":\"SearchAction\",\"target\":{\"@type\":\"EntryPoint\",\"urlTemplate\":\"https:\/\/airportsmokinglounge.com\/?s={search_term_string}\"},\"query-input\":{\"@type\":\"PropertyValueSpecification\",\"valueRequired\":true,\"valueName\":\"search_term_string\"}}],\"inLanguage\":\"de\"}]}<\/script>\n<!-- \/ Yoast SEO plugin. -->","yoast_head_json":{"title":"Raucherbereiche am Flughafen Podgorica (TGD)","description":"Raucherbereiche am Flughafen Podgorica \u2013 Finden Sie einen Raucherbereich am Flughafen \u2714\ufe0e Raucherf\u00fchrer an Flugh\u00e4fen: Informationen f\u00fcr Reisende \u2714\ufe0e","robots":{"index":"index","follow":"follow","max-snippet":"max-snippet:-1","max-image-preview":"max-image-preview:large","max-video-preview":"max-video-preview:-1"},"canonical":"https:\/\/airportsmokinglounge.com\/de\/raucherbereiche-am-flughafen-podgorica-tgd\/","og_locale":"de_DE","og_type":"article","og_title":"Smoking areas at Podgorica Airport (TGD)","og_description":"Smoking areas Podgorica Airport - Find a smoking area in the airport \u2714\ufe0e Smoking Guide in Airports: Information for Travelers \u2714\ufe0e","og_url":"https:\/\/airportsmokinglounge.com\/de\/raucherbereiche-am-flughafen-podgorica-tgd\/","og_site_name":"airportsmokinglounge.com","article_modified_time":"2023-05-20T12:04:26+00:00","og_image":[{"width":2048,"height":1152,"url":"https:\/\/airportsmokinglounge.com\/wp-content\/uploads\/2023\/03\/airport-smoking-lounge-1.jpg","type":"image\/jpeg"}],"twitter_card":"summary_large_image","twitter_misc":{"Gesch\u00e4tzte Lesezeit":"3\u00a0Minuten"},"schema":{"@context":"https:\/\/schema.org","@graph":[{"@type":"WebPage","@id":"https:\/\/airportsmokinglounge.com\/smoking-areas-at-podgorica-airport-tgd\/","url":"https:\/\/airportsmokinglounge.com\/smoking-areas-at-podgorica-airport-tgd\/","name":"Raucherbereiche am Flughafen Podgorica (TGD)","isPartOf":{"@id":"https:\/\/airportsmokinglounge.com\/#website"},"primaryImageOfPage":{"@id":"https:\/\/airportsmokinglounge.com\/smoking-areas-at-podgorica-airport-tgd\/#primaryimage"},"image":{"@id":"https:\/\/airportsmokinglounge.com\/smoking-areas-at-podgorica-airport-tgd\/#primaryimage"},"thumbnailUrl":"https:\/\/airportsmokinglounge.com\/wp-content\/uploads\/2023\/03\/airport-smoking-lounge-1.jpg","datePublished":"2023-04-11T10:25:22+00:00","dateModified":"2023-05-20T12:04:26+00:00","description":"Raucherbereiche am Flughafen Podgorica \u2013 Finden Sie einen Raucherbereich am Flughafen \u2714\ufe0e Raucherf\u00fchrer an Flugh\u00e4fen: Informationen f\u00fcr Reisende \u2714\ufe0e","breadcrumb":{"@id":"https:\/\/airportsmokinglounge.com\/smoking-areas-at-podgorica-airport-tgd\/#breadcrumb"},"inLanguage":"de","potentialAction":[{"@type":"ReadAction","target":["https:\/\/airportsmokinglounge.com\/smoking-areas-at-podgorica-airport-tgd\/"]}]},{"@type":"ImageObject","inLanguage":"de","@id":"https:\/\/airportsmokinglounge.com\/smoking-areas-at-podgorica-airport-tgd\/#primaryimage","url":"https:\/\/airportsmokinglounge.com\/wp-content\/uploads\/2023\/03\/airport-smoking-lounge-1.jpg","contentUrl":"https:\/\/airportsmokinglounge.com\/wp-content\/uploads\/2023\/03\/airport-smoking-lounge-1.jpg","width":2048,"height":1152,"caption":"Airport smoking Lounge"},{"@type":"BreadcrumbList","@id":"https:\/\/airportsmokinglounge.com\/smoking-areas-at-podgorica-airport-tgd\/#breadcrumb","itemListElement":[{"@type":"ListItem","position":1,"name":"Home","item":"https:\/\/airportsmokinglounge.com\/"},{"@type":"ListItem","position":2,"name":"Smoking areas at Podgorica Airport (TGD)"}]},{"@type":"WebSite","@id":"https:\/\/airportsmokinglounge.com\/#website","url":"https:\/\/airportsmokinglounge.com\/","name":"Flughafenraucherlounge.com","description":"","potentialAction":[{"@type":"SearchAction","target":{"@type":"EntryPoint","urlTemplate":"https:\/\/airportsmokinglounge.com\/?s={search_term_string}"},"query-input":{"@type":"PropertyValueSpecification","valueRequired":true,"valueName":"search_term_string"}}],"inLanguage":"de"}]}},"_links":{"self":[{"href":"https:\/\/airportsmokinglounge.com\/de\/wp-json\/wp\/v2\/pages\/2265","targetHints":{"allow":["GET"]}}],"collection":[{"href":"https:\/\/airportsmokinglounge.com\/de\/wp-json\/wp\/v2\/pages"}],"about":[{"href":"https:\/\/airportsmokinglounge.com\/de\/wp-json\/wp\/v2\/types\/page"}],"author":[{"embeddable":true,"href":"https:\/\/airportsmokinglounge.com\/de\/wp-json\/wp\/v2\/users\/1"}],"replies":[{"embeddable":true,"href":"https:\/\/airportsmokinglounge.com\/de\/wp-json\/wp\/v2\/comments?post=2265"}],"version-history":[{"count":7,"href":"https:\/\/airportsmokinglounge.com\/de\/wp-json\/wp\/v2\/pages\/2265\/revisions"}],"predecessor-version":[{"id":5506,"href":"https:\/\/airportsmokinglounge.com\/de\/wp-json\/wp\/v2\/pages\/2265\/revisions\/5506"}],"wp:featuredmedia":[{"embeddable":true,"href":"https:\/\/airportsmokinglounge.com\/de\/wp-json\/wp\/v2\/media\/1198"}],"wp:attachment":[{"href":"https:\/\/airportsmokinglounge.com\/de\/wp-json\/wp\/v2\/media?parent=2265"}],"curies":[{"name":"wp","href":"https:\/\/api.w.org\/{rel}","templated":true}]}}