{"id":2400,"date":"2023-04-13T10:47:45","date_gmt":"2023-04-13T08:47:45","guid":{"rendered":"https:\/\/airportsmokinglounge.com\/?page_id=2400"},"modified":"2023-05-16T12:37:42","modified_gmt":"2023-05-16T10:37:42","slug":"smoking-areas-at-doha-hamad-international-airport-doh","status":"publish","type":"page","link":"https:\/\/airportsmokinglounge.com\/de\/raucherbereiche-am-doha-hamad-international-airport-doh\/","title":{"rendered":"Raucherbereiche am Doha Hamad International Airport (DOH)"},"content":{"rendered":"<p>Der Doha Hamad International Airport ist der Hauptflughafen der Stadt Doha, der Hauptstadt Katars. Der etwa 15 Kilometer s\u00fcd\u00f6stlich der Innenstadt von Doha gelegene Flughafen ist ein Drehkreuz f\u00fcr Qatar Airways und dient als wichtiges Tor zum Nahen Osten.<\/p>\n<p>Der Flughafen verf\u00fcgt \u00fcber ein modernes und ger\u00e4umiges Terminal mit hochmodernen Einrichtungen, darunter mehrere Restaurants und Einkaufsm\u00f6glichkeiten, Lounges und eine Reihe anderer Annehmlichkeiten. Er verf\u00fcgt \u00fcber eine einzige Start- und Landebahn und kann ein gro\u00dfes Flug- und Passagieraufkommen abfertigen. Fluggesellschaften aus der ganzen Welt bieten regelm\u00e4\u00dfige Fl\u00fcge von und zum Flughafen an.<\/p>\n<h2>Raucherbereiche vor der Sicherheitskontrolle<\/h2>\n<p><span style=\"font-size: 14pt;\">Das Rauchen (einschlie\u00dflich der Verwendung elektronischer Zigaretten) ist nur in Raucherbereichen au\u00dferhalb der Terminals gestattet.<\/span><\/p>\n<h2>Raucherbereiche nach der Sicherheitskontrolle<\/h2>\n<p><span style=\"font-size: 14pt;\">Im Terminal gibt es Raucherm\u00f6glichkeiten.<\/span><\/p>\n<ul>\n<li class=\"style8\"><span style=\"font-size: 14pt;\">Halle A: Befindet sich an Gate A 1<\/span><\/li>\n<li class=\"style8\"><span style=\"font-size: 14pt;\">Halle B: Befindet sich vor Gate B 1 auf der linken Seite.<\/span><\/li>\n<li class=\"style8\"><span style=\"font-size: 14pt;\">Halle C: Befindet sich am Gate C4 vor Gate C13<\/span><\/li>\n<li class=\"style8\"><span style=\"font-size: 14pt;\">Halle D und E: Befindet sich gegen\u00fcber von Gate D20 vor Gate E1 und gegen\u00fcber von Gate E20<\/span><\/li>\n<\/ul>\n<p><img decoding=\"async\" class=\"aligncenter size-full wp-image-4042\" src=\"https:\/\/airportsmokinglounge.com\/wp-content\/uploads\/2023\/04\/Smoking-areas-at-Doha-Hamad-International-Airport-scaled-e1682785109489.jpg\" alt=\"Raucherbereiche am Doha Hamad International Airport\" width=\"600\" height=\"338\" srcset=\"https:\/\/airportsmokinglounge.com\/wp-content\/uploads\/2023\/04\/Smoking-areas-at-Doha-Hamad-International-Airport-scaled-e1682785109489.jpg 600w, https:\/\/airportsmokinglounge.com\/wp-content\/uploads\/2023\/04\/Smoking-areas-at-Doha-Hamad-International-Airport-scaled-e1682785109489-300x169.jpg 300w\" sizes=\"(max-width: 600px) 100vw, 600px\" \/><\/p>\n<p><img decoding=\"async\" class=\"aligncenter size-full wp-image-4043\" src=\"https:\/\/airportsmokinglounge.com\/wp-content\/uploads\/2023\/04\/IMG_2469-scaled-e1682785156912.jpg\" alt=\"Raucherbereich am Flughafen Doha\" width=\"600\" height=\"338\" srcset=\"https:\/\/airportsmokinglounge.com\/wp-content\/uploads\/2023\/04\/IMG_2469-scaled-e1682785156912.jpg 600w, https:\/\/airportsmokinglounge.com\/wp-content\/uploads\/2023\/04\/IMG_2469-scaled-e1682785156912-300x169.jpg 300w\" sizes=\"(max-width: 600px) 100vw, 600px\" \/><\/p>\n<p><img decoding=\"async\" class=\"aligncenter size-full wp-image-4044\" src=\"https:\/\/airportsmokinglounge.com\/wp-content\/uploads\/2023\/04\/Smoking-Lounge-Doha-Hamad-International-Airport-scaled-e1682785184817.jpg\" alt=\"Raucherlounge Doha Hamad International Airport\" width=\"600\" height=\"338\" srcset=\"https:\/\/airportsmokinglounge.com\/wp-content\/uploads\/2023\/04\/Smoking-Lounge-Doha-Hamad-International-Airport-scaled-e1682785184817.jpg 600w, https:\/\/airportsmokinglounge.com\/wp-content\/uploads\/2023\/04\/Smoking-Lounge-Doha-Hamad-International-Airport-scaled-e1682785184817-300x169.jpg 300w\" sizes=\"(max-width: 600px) 100vw, 600px\" \/><\/p>\n<p><span style=\"font-size: 14pt;\">Weitere Informationen auf der offiziellen Website<\/span><\/p>\n<ul>\n<li><a href=\"https:\/\/dohahamadairport.com\/\" target=\"_blank\" rel=\"noopener\">www.dohahamadairport.com<\/a><\/li>\n<\/ul>\n<p><strong><span style=\"font-size: 14pt;\">Sende uns Feedback<\/span><\/strong><\/p>\n<p><span style=\"font-size: 14pt;\">Wenn Sie am Flughafen in Doha sind, k\u00f6nnen Sie uns gerne Bilder der Raucherbereiche schicken. Dies wird uns helfen, unsere Datenbank schneller zu f\u00fcllen. Du kannst das <strong><a href=\"https:\/\/airportsmokinglounge.com\/de\/kontakt\/\">Hier<\/a>.<\/strong> Die Bilder werden unter Angabe der Bildquelle (Name) auf unserer Website ver\u00f6ffentlicht. Teilen Sie diese Bilder gerne mit uns und allen Besuchern von Airport Smoking Lounge.com<\/span>.<\/p>\n<h3>Rauchgesetz von Katar<\/h3>\n<p>Katar hat ein strenges Rauchgesetz, das das Rauchen in allen \u00f6ffentlichen Innenr\u00e4umen, einschlie\u00dflich Restaurants, Caf\u00e9s und Einkaufszentren, verbietet. Das Gesetz gilt auch f\u00fcr alle staatlichen und nichtstaatlichen Arbeitspl\u00e4tze, einschlie\u00dflich B\u00fcros, Fabriken und Fahrzeuge.<\/p>\n<p>Dar\u00fcber hinaus ist der Verkauf von Tabakwaren auf lizenzierte Verkaufsstellen beschr\u00e4nkt und das Rauchen in Fahrzeugen mit Kindern unter 18 Jahren ist ebenfalls verboten. Das Gesetz verbietet auch die Werbung und Verkaufsf\u00f6rderung f\u00fcr Tabakprodukte in Katar.<\/p>\n<p>An manchen Orten ist das Rauchen in ausgewiesenen Au\u00dfenbereichen erlaubt, allerdings nur, wenn bestimmte Kriterien erf\u00fcllt sind, z. B. der Abstand zu Ein- und Ausg\u00e4ngen von Geb\u00e4uden und die Gefahr, anderen in der N\u00e4he Schaden zuzuf\u00fcgen.<\/p>\n<p>Verst\u00f6\u00dfe gegen das Rauchgesetz k\u00f6nnen mit Geldstrafen und bei Wiederholungst\u00e4tern sogar mit Gef\u00e4ngnisstrafen geahndet werden. Es ist auch erw\u00e4hnenswert, dass Katar ein islamisches Land ist und Rauchen im Islam generell nicht empfohlen wird, da man davon ausgeht, dass es gesundheitssch\u00e4dlich ist.<\/p>\n<h3>H\u00e4ufig gestellte Fragen<\/h3>\n<h4>Sind Raucherbereiche am Flughafen rund um die Uhr verf\u00fcgbar?<\/h4>\n<p>Die Verf\u00fcgbarkeit von Raucherbereichen am Flughafen kann je nach Flughafen und Standort variieren. Einige Raucherbereiche sind 24 Stunden am Tag ge\u00f6ffnet, w\u00e4hrend andere m\u00f6glicherweise eingeschr\u00e4nkte \u00d6ffnungszeiten haben oder zu bestimmten Zeiten geschlossen sind. Am besten erkundigen Sie sich beim Flughafen oder besuchen Sie dessen Website, um genaue Informationen zu den \u00d6ffnungszeiten des Raucherbereichs zu erhalten.<\/p>\n<h4>Darf ich eigene Speisen und Getr\u00e4nke in den Raucherbereich mitbringen?<\/h4>\n<p>Dies kann vom jeweiligen Raucherbereich und Flughafen abh\u00e4ngen. In einigen Bereichen ist das Rauchen von Speisen und Getr\u00e4nken au\u00dferhalb des Raucherbereichs gestattet, w\u00e4hrend in anderen Bereichen m\u00f6glicherweise Einschr\u00e4nkungen gelten oder dies ganz verboten ist. Erkundigen Sie sich am besten beim Flughafen oder an der Beschilderung des Raucherbereichs nach den spezifischen Regeln und Vorschriften.<\/p>\n<h4>Ist das Rauchen in allen Raucherbereichen des Flughafens erlaubt?<\/h4>\n<p>M\u00f6glicherweise ist das Rauchen nicht in allen Raucherbereichen des Flughafens gestattet. Einige Flugh\u00e4fen verf\u00fcgen m\u00f6glicherweise \u00fcber ausgewiesene Bereiche f\u00fcr elektronische Zigaretten oder E-Zigaretten, die von den herk\u00f6mmlichen Raucherbereichen getrennt sind. Informieren Sie sich unbedingt \u00fcber die spezifischen Regeln und Vorschriften f\u00fcr den Raucherbereich, den Sie nutzen m\u00f6chten.<\/p>\n<h4>Sind Raucherbereiche klimatisiert oder beheizt?<\/h4>\n<p>Die Temperatur und Bel\u00fcftung der Raucherbereiche am Flughafen kann stark variieren. Einige sind m\u00f6glicherweise klimatisiert oder beheizt, w\u00e4hrend es sich bei anderen m\u00f6glicherweise um Freiluftr\u00e4ume mit begrenztem Schutz vor Witterungseinfl\u00fcssen handelt. Erkundigen Sie sich unbedingt vorab beim Flughafen oder besuchen Sie den Raucherbereich, um die Bedingungen zu ermitteln und sich entsprechend vorzubereiten.<\/p>\n<h4>Sind Raucherbereiche f\u00fcr Reisende mit Behinderungen zug\u00e4nglich?<\/h4>\n<p>Viele Flugh\u00e4fen haben Anstrengungen unternommen, ihre Raucherbereiche f\u00fcr Reisende mit Behinderungen zug\u00e4nglich zu machen. Allerdings kann die Zug\u00e4nglichkeit bestimmter Raucherbereiche stark variieren. Erkundigen Sie sich unbedingt beim Flughafen oder besuchen Sie den Raucherbereich im Voraus, um festzustellen, ob er zug\u00e4nglich ist und Ihren Bed\u00fcrfnissen entspricht.<\/p>\n<p><span style=\"font-size: 14pt;\"><strong>Raucherbereiche in:<\/strong><\/span><\/p>\n<ul>\n<li><a href=\"https:\/\/airportsmokinglounge.com\/de\/rauchen-auf-flughafen-in-asien\/\"><span style=\"font-size: 14pt;\">Asiatische Flugh\u00e4fen<\/span><\/a><\/li>\n<\/ul>","protected":false},"excerpt":{"rendered":"<p>Doha Hamad International Airport is the main airport serving the city of Doha, the capital of Qatar. Located about 15 kilometers southeast of downtown Doha, the airport is a hub for Qatar Airways and serves as a major gateway to the Middle East. The airport features a modern and spacious terminal with state-of-the-art facilities, including&hellip;&nbsp;<a href=\"https:\/\/airportsmokinglounge.com\/de\/raucherbereiche-am-doha-hamad-international-airport-doh\/\" rel=\"bookmark\">Mehr lesen \u00bb<span class=\"screen-reader-text\">Raucherbereiche am Doha Hamad International Airport (DOH)<\/span><\/a><\/p>","protected":false},"author":1,"featured_media":1199,"parent":0,"menu_order":0,"comment_status":"closed","ping_status":"closed","template":"","meta":{"neve_meta_sidebar":"","neve_meta_container":"","neve_meta_enable_content_width":"off","neve_meta_content_width":100,"neve_meta_title_alignment":"","neve_meta_author_avatar":"","neve_post_elements_order":"","neve_meta_disable_header":"","neve_meta_disable_footer":"","neve_meta_disable_title":"","neve_meta_reading_time":"","footnotes":""},"class_list":["post-2400","page","type-page","status-publish","has-post-thumbnail","hentry"],"yoast_head":"<!-- This site is optimized with the Yoast SEO plugin v26.6 - https:\/\/yoast.com\/wordpress\/plugins\/seo\/ -->\n<title>Smoking areas at Doha Hamad International Airport (DOH)<\/title>\n<meta name=\"description\" content=\"Smoking areas Doha Hamad International Airport - Find a smoking area in the airport \u2714\ufe0e Smoking Guide in Airports for Travelers \u2714\ufe0e\" \/>\n<meta name=\"robots\" content=\"index, follow, max-snippet:-1, max-image-preview:large, max-video-preview:-1\" \/>\n<link rel=\"canonical\" href=\"https:\/\/airportsmokinglounge.com\/de\/raucherbereiche-am-doha-hamad-international-airport-doh\/\" \/>\n<meta property=\"og:locale\" content=\"de_DE\" \/>\n<meta property=\"og:type\" content=\"article\" \/>\n<meta property=\"og:title\" content=\"Smoking areas at Doha Hamad International Airport (DOH)\" \/>\n<meta property=\"og:description\" content=\"Smoking areas Doha Hamad International Airport - Find a smoking area in the airport \u2714\ufe0e Smoking Guide in Airports for Travelers \u2714\ufe0e\" \/>\n<meta property=\"og:url\" content=\"https:\/\/airportsmokinglounge.com\/de\/raucherbereiche-am-doha-hamad-international-airport-doh\/\" \/>\n<meta property=\"og:site_name\" content=\"airportsmokinglounge.com\" \/>\n<meta property=\"article:modified_time\" content=\"2023-05-16T10:37:42+00:00\" \/>\n<meta property=\"og:image\" content=\"https:\/\/airportsmokinglounge.com\/wp-content\/uploads\/2023\/03\/airport-smoking-lounge-4.jpg\" \/>\n\t<meta property=\"og:image:width\" content=\"2048\" \/>\n\t<meta property=\"og:image:height\" content=\"1152\" \/>\n\t<meta property=\"og:image:type\" content=\"image\/jpeg\" \/>\n<meta name=\"twitter:card\" content=\"summary_large_image\" \/>\n<meta name=\"twitter:label1\" content=\"Gesch\u00e4tzte Lesezeit\" \/>\n\t<meta name=\"twitter:data1\" content=\"4\u00a0Minuten\" \/>\n<script type=\"application\/ld+json\" class=\"yoast-schema-graph\">{\"@context\":\"https:\/\/schema.org\",\"@graph\":[{\"@type\":\"WebPage\",\"@id\":\"https:\/\/airportsmokinglounge.com\/smoking-areas-at-doha-hamad-international-airport-doh\/\",\"url\":\"https:\/\/airportsmokinglounge.com\/smoking-areas-at-doha-hamad-international-airport-doh\/\",\"name\":\"Smoking areas at Doha Hamad International Airport (DOH)\",\"isPartOf\":{\"@id\":\"https:\/\/airportsmokinglounge.com\/#website\"},\"primaryImageOfPage\":{\"@id\":\"https:\/\/airportsmokinglounge.com\/smoking-areas-at-doha-hamad-international-airport-doh\/#primaryimage\"},\"image\":{\"@id\":\"https:\/\/airportsmokinglounge.com\/smoking-areas-at-doha-hamad-international-airport-doh\/#primaryimage\"},\"thumbnailUrl\":\"https:\/\/airportsmokinglounge.com\/wp-content\/uploads\/2023\/03\/airport-smoking-lounge-4.jpg\",\"datePublished\":\"2023-04-13T08:47:45+00:00\",\"dateModified\":\"2023-05-16T10:37:42+00:00\",\"description\":\"Smoking areas Doha Hamad International Airport - Find a smoking area in the airport \u2714\ufe0e Smoking Guide in Airports for Travelers \u2714\ufe0e\",\"breadcrumb\":{\"@id\":\"https:\/\/airportsmokinglounge.com\/smoking-areas-at-doha-hamad-international-airport-doh\/#breadcrumb\"},\"inLanguage\":\"de\",\"potentialAction\":[{\"@type\":\"ReadAction\",\"target\":[\"https:\/\/airportsmokinglounge.com\/smoking-areas-at-doha-hamad-international-airport-doh\/\"]}]},{\"@type\":\"ImageObject\",\"inLanguage\":\"de\",\"@id\":\"https:\/\/airportsmokinglounge.com\/smoking-areas-at-doha-hamad-international-airport-doh\/#primaryimage\",\"url\":\"https:\/\/airportsmokinglounge.com\/wp-content\/uploads\/2023\/03\/airport-smoking-lounge-4.jpg\",\"contentUrl\":\"https:\/\/airportsmokinglounge.com\/wp-content\/uploads\/2023\/03\/airport-smoking-lounge-4.jpg\",\"width\":2048,\"height\":1152,\"caption\":\"Airport Smoking\"},{\"@type\":\"BreadcrumbList\",\"@id\":\"https:\/\/airportsmokinglounge.com\/smoking-areas-at-doha-hamad-international-airport-doh\/#breadcrumb\",\"itemListElement\":[{\"@type\":\"ListItem\",\"position\":1,\"name\":\"Home\",\"item\":\"https:\/\/airportsmokinglounge.com\/\"},{\"@type\":\"ListItem\",\"position\":2,\"name\":\"Smoking areas at Doha Hamad International Airport (DOH)\"}]},{\"@type\":\"WebSite\",\"@id\":\"https:\/\/airportsmokinglounge.com\/#website\",\"url\":\"https:\/\/airportsmokinglounge.com\/\",\"name\":\"airportsmokinglounge.com\",\"description\":\"\",\"potentialAction\":[{\"@type\":\"SearchAction\",\"target\":{\"@type\":\"EntryPoint\",\"urlTemplate\":\"https:\/\/airportsmokinglounge.com\/?s={search_term_string}\"},\"query-input\":{\"@type\":\"PropertyValueSpecification\",\"valueRequired\":true,\"valueName\":\"search_term_string\"}}],\"inLanguage\":\"de\"}]}<\/script>\n<!-- \/ Yoast SEO plugin. -->","yoast_head_json":{"title":"Raucherbereiche am Doha Hamad International Airport (DOH)","description":"Raucherbereiche Doha Hamad International Airport \u2013 Finden Sie einen Raucherbereich am Flughafen \u2714\ufe0e Raucherf\u00fchrer in Flugh\u00e4fen f\u00fcr Reisende \u2714\ufe0e","robots":{"index":"index","follow":"follow","max-snippet":"max-snippet:-1","max-image-preview":"max-image-preview:large","max-video-preview":"max-video-preview:-1"},"canonical":"https:\/\/airportsmokinglounge.com\/de\/raucherbereiche-am-doha-hamad-international-airport-doh\/","og_locale":"de_DE","og_type":"article","og_title":"Smoking areas at Doha Hamad International Airport (DOH)","og_description":"Smoking areas Doha Hamad International Airport - Find a smoking area in the airport \u2714\ufe0e Smoking Guide in Airports for Travelers \u2714\ufe0e","og_url":"https:\/\/airportsmokinglounge.com\/de\/raucherbereiche-am-doha-hamad-international-airport-doh\/","og_site_name":"airportsmokinglounge.com","article_modified_time":"2023-05-16T10:37:42+00:00","og_image":[{"width":2048,"height":1152,"url":"https:\/\/airportsmokinglounge.com\/wp-content\/uploads\/2023\/03\/airport-smoking-lounge-4.jpg","type":"image\/jpeg"}],"twitter_card":"summary_large_image","twitter_misc":{"Gesch\u00e4tzte Lesezeit":"4\u00a0Minuten"},"schema":{"@context":"https:\/\/schema.org","@graph":[{"@type":"WebPage","@id":"https:\/\/airportsmokinglounge.com\/smoking-areas-at-doha-hamad-international-airport-doh\/","url":"https:\/\/airportsmokinglounge.com\/smoking-areas-at-doha-hamad-international-airport-doh\/","name":"Raucherbereiche am Doha Hamad International Airport (DOH)","isPartOf":{"@id":"https:\/\/airportsmokinglounge.com\/#website"},"primaryImageOfPage":{"@id":"https:\/\/airportsmokinglounge.com\/smoking-areas-at-doha-hamad-international-airport-doh\/#primaryimage"},"image":{"@id":"https:\/\/airportsmokinglounge.com\/smoking-areas-at-doha-hamad-international-airport-doh\/#primaryimage"},"thumbnailUrl":"https:\/\/airportsmokinglounge.com\/wp-content\/uploads\/2023\/03\/airport-smoking-lounge-4.jpg","datePublished":"2023-04-13T08:47:45+00:00","dateModified":"2023-05-16T10:37:42+00:00","description":"Raucherbereiche Doha Hamad International Airport \u2013 Finden Sie einen Raucherbereich am Flughafen \u2714\ufe0e Raucherf\u00fchrer in Flugh\u00e4fen f\u00fcr Reisende \u2714\ufe0e","breadcrumb":{"@id":"https:\/\/airportsmokinglounge.com\/smoking-areas-at-doha-hamad-international-airport-doh\/#breadcrumb"},"inLanguage":"de","potentialAction":[{"@type":"ReadAction","target":["https:\/\/airportsmokinglounge.com\/smoking-areas-at-doha-hamad-international-airport-doh\/"]}]},{"@type":"ImageObject","inLanguage":"de","@id":"https:\/\/airportsmokinglounge.com\/smoking-areas-at-doha-hamad-international-airport-doh\/#primaryimage","url":"https:\/\/airportsmokinglounge.com\/wp-content\/uploads\/2023\/03\/airport-smoking-lounge-4.jpg","contentUrl":"https:\/\/airportsmokinglounge.com\/wp-content\/uploads\/2023\/03\/airport-smoking-lounge-4.jpg","width":2048,"height":1152,"caption":"Airport Smoking"},{"@type":"BreadcrumbList","@id":"https:\/\/airportsmokinglounge.com\/smoking-areas-at-doha-hamad-international-airport-doh\/#breadcrumb","itemListElement":[{"@type":"ListItem","position":1,"name":"Home","item":"https:\/\/airportsmokinglounge.com\/"},{"@type":"ListItem","position":2,"name":"Smoking areas at Doha Hamad International Airport (DOH)"}]},{"@type":"WebSite","@id":"https:\/\/airportsmokinglounge.com\/#website","url":"https:\/\/airportsmokinglounge.com\/","name":"Flughafenraucherlounge.com","description":"","potentialAction":[{"@type":"SearchAction","target":{"@type":"EntryPoint","urlTemplate":"https:\/\/airportsmokinglounge.com\/?s={search_term_string}"},"query-input":{"@type":"PropertyValueSpecification","valueRequired":true,"valueName":"search_term_string"}}],"inLanguage":"de"}]}},"_links":{"self":[{"href":"https:\/\/airportsmokinglounge.com\/de\/wp-json\/wp\/v2\/pages\/2400","targetHints":{"allow":["GET"]}}],"collection":[{"href":"https:\/\/airportsmokinglounge.com\/de\/wp-json\/wp\/v2\/pages"}],"about":[{"href":"https:\/\/airportsmokinglounge.com\/de\/wp-json\/wp\/v2\/types\/page"}],"author":[{"embeddable":true,"href":"https:\/\/airportsmokinglounge.com\/de\/wp-json\/wp\/v2\/users\/1"}],"replies":[{"embeddable":true,"href":"https:\/\/airportsmokinglounge.com\/de\/wp-json\/wp\/v2\/comments?post=2400"}],"version-history":[{"count":9,"href":"https:\/\/airportsmokinglounge.com\/de\/wp-json\/wp\/v2\/pages\/2400\/revisions"}],"predecessor-version":[{"id":5240,"href":"https:\/\/airportsmokinglounge.com\/de\/wp-json\/wp\/v2\/pages\/2400\/revisions\/5240"}],"wp:featuredmedia":[{"embeddable":true,"href":"https:\/\/airportsmokinglounge.com\/de\/wp-json\/wp\/v2\/media\/1199"}],"wp:attachment":[{"href":"https:\/\/airportsmokinglounge.com\/de\/wp-json\/wp\/v2\/media?parent=2400"}],"curies":[{"name":"wp","href":"https:\/\/api.w.org\/{rel}","templated":true}]}}