{"id":25,"date":"2023-02-12T19:36:00","date_gmt":"2023-02-12T18:36:00","guid":{"rendered":"https:\/\/airportsmokinglounge.com\/?page_id=25"},"modified":"2023-05-21T21:41:35","modified_gmt":"2023-05-21T19:41:35","slug":"smoking-at-airports-in-africa","status":"publish","type":"page","link":"https:\/\/airportsmokinglounge.com\/de\/rauchen-auf-flughafen-in-afrika\/","title":{"rendered":"Rauchen auf Flugh\u00e4fen in Afrika"},"content":{"rendered":"<p><span style=\"font-size: 14pt;\">Auf dieser Website finden Sie alle Raucherbereiche in afrikanischen Flugh\u00e4fen, einschlie\u00dflich ausgewiesener Raucherbereiche und verf\u00fcgbarer Einrichtungen. Wir verstehen die Frustration, wenn man durch die Sicherheitskontrolle geht und dann feststellt, dass es nirgendwo Raucherbereiche gibt und in manchen F\u00e4llen E-Zigaretten m\u00f6glicherweise nicht erlaubt sind. <\/span><\/p>\n<p><span style=\"font-size: 14pt;\">Dieser Service richtet sich an alle Raucher, die vor oder nach langen Fl\u00fcgen eine Zigarette genie\u00dfen m\u00f6chten.<\/span><\/p>\n<h2>Raucherbereiche auf afrikanischen Flugh\u00e4fen<\/h2>\n<p><strong><span style=\"font-size: 14pt;\">W\u00e4hle dein Land:<\/span><\/strong><\/p>\n<ul style=\"list-style-type: circle;\">\n<li><a href=\"https:\/\/airportsmokinglounge.com\/de\/rauchen-in-algerien-flughafen\/\">ALGERIEN<\/a><\/li>\n<li><a href=\"https:\/\/airportsmokinglounge.com\/de\/raucherbereiche-in-angolas-flughafen\/\">ANGOLA<\/a><\/li>\n<li><a href=\"https:\/\/airportsmokinglounge.com\/de\/raucherbereiche-in-botswanas-flughafen\/\">BOTSWANA<\/a><\/li>\n<li><a href=\"https:\/\/airportsmokinglounge.com\/de\/raucherbereiche-in-kamerun-flughafen\/\">KAMERUN<\/a><em>\u00a0<\/em><\/li>\n<li><a href=\"https:\/\/airportsmokinglounge.com\/de\/raucherbereiche-in-kapverdischen-flughafen\/\">KAP VERDE<\/a><\/li>\n<li><a href=\"https:\/\/airportsmokinglounge.com\/de\/raucherbereiche-am-bangui-mpoko-international-airport-bgf\/\">ZENTRALAFRIKANISCHE REPUBLIK<\/a><\/li>\n<li><a href=\"https:\/\/airportsmokinglounge.com\/de\/raucherbereiche-am-kinshasa-ndjili-international-airport-fih\/\">DEMOKRATISCHE REPUBLIK KONGO<\/a><\/li>\n<li><a href=\"https:\/\/airportsmokinglounge.com\/de\/raucherbereiche-am-flughafen-dschibuti-ambouli-jib\/\">Dschibuti<\/a><em>\u00a0<\/em><\/li>\n<li><a href=\"https:\/\/airportsmokinglounge.com\/de\/raucherbereiche-in-agypten-flughafen\/\">\u00c4GYPTEN<\/a><\/li>\n<li><a href=\"https:\/\/airportsmokinglounge.com\/de\/raucherbereiche-in-athiopien-flughafen\/\">\u00c4THIOPIEN<\/a><\/li>\n<li><a href=\"https:\/\/airportsmokinglounge.com\/de\/raucherbereiche-am-libreville-international-airport-lbv\/\">Gabun<\/a><\/li>\n<li><a href=\"https:\/\/airportsmokinglounge.com\/de\/raucherbereiche-am-banjul-international-airport-bjl\/\">GAMBIA<\/a><\/li>\n<li><a href=\"https:\/\/airportsmokinglounge.com\/de\/raucherbereiche-am-accra-kotoka-international-airport-acc\/\">GHANA<\/a><\/li>\n<li><a href=\"https:\/\/airportsmokinglounge.com\/de\/raucherbereiche-am-abidjan-port-bouet-airport-abj\/\">ELFENBEINK\u00dcSTE<\/a><em>\u00a0<\/em><\/li>\n<li><a href=\"https:\/\/airportsmokinglounge.com\/de\/raucherbereiche-in-kenia-flughafen\/\">KENIA<\/a><em>\u00a0<\/em><\/li>\n<li><a href=\"https:\/\/airportsmokinglounge.com\/de\/raucherbereiche-in-madagaskar-flughafen\/\">MADAGASKAR<\/a><\/li>\n<li><a href=\"https:\/\/airportsmokinglounge.com\/de\/raucherbereiche-in-mali-flughafen\/\">MALI<\/a><\/li>\n<li><a href=\"https:\/\/airportsmokinglounge.com\/de\/raucherbereiche-am-port-louis-international-airport-mru\/\">MAURITIUS<\/a><em>\u00a0<\/em><\/li>\n<li><a href=\"https:\/\/airportsmokinglounge.com\/de\/raucherbereiche-in-marokko-flughafen\/\">MAROKKO<\/a><\/li>\n<li><a href=\"https:\/\/airportsmokinglounge.com\/de\/raucherbereiche-in-mosambik-flughafen\/\">MOSAMBIK<\/a><\/li>\n<li><a href=\"https:\/\/airportsmokinglounge.com\/de\/raucherbereiche-in-nigerias-flughafen\/\">NIGERIA<\/a><\/li>\n<li><a href=\"https:\/\/airportsmokinglounge.com\/de\/raucherbereiche-in-namibias-flughafen\/\">NAMIBIA<\/a><\/li>\n<li><a href=\"https:\/\/airportsmokinglounge.com\/de\/raucherbereiche-in-ruandas-flughafen\/\">Ruanda<\/a><\/li>\n<li><a href=\"https:\/\/airportsmokinglounge.com\/de\/raucherbereiche-am-freetown-international-airport-fna\/\">SIERRA LEONE<\/a><\/li>\n<li><a href=\"https:\/\/airportsmokinglounge.com\/de\/raucherbereiche-in-liberia-flughafen\/\">LIBERIA<\/a><\/li>\n<li><a href=\"https:\/\/airportsmokinglounge.com\/de\/raucherbereiche-in-senegalischen-flughafen\/\">SENEGAL<\/a><\/li>\n<li><a href=\"https:\/\/airportsmokinglounge.com\/de\/raucherbereiche-an-somalischen-flughafen\/\"><span class=\"auto-style3\">SOMALIA<\/span><\/a><\/li>\n<li><a href=\"https:\/\/airportsmokinglounge.com\/de\/raucherbereiche-in-sudafrikanischen-flughafen\/\">S\u00dcDAFRIKA<\/a><\/li>\n<li><a href=\"https:\/\/airportsmokinglounge.com\/de\/rauchergebiete-im-sudan\/\">SUDAN<\/a><\/li>\n<li><a href=\"https:\/\/airportsmokinglounge.com\/de\/raucherbereiche-in-tansanias-flughafen\/\">TANSANIA<\/a><\/li>\n<li><a href=\"https:\/\/airportsmokinglounge.com\/de\/raucherbereiche-in-tunesien-flughafen\/\">TUNESIEN<\/a><\/li>\n<li><a href=\"https:\/\/airportsmokinglounge.com\/de\/raucherbereiche-in-uganda-flughafen\/\">UGANDA<\/a><\/li>\n<li><a href=\"https:\/\/airportsmokinglounge.com\/de\/raucherbereiche-an-sambia-flughafen\/\">SAMBIA<\/a><\/li>\n<li><a href=\"https:\/\/airportsmokinglounge.com\/de\/raucherbereiche-in-simbabwe-flughafen\/\">ZIMBABWE<\/a><\/li>\n<\/ul>\n<h2>Raucherservice am afrikanischen Flughafen<\/h2>\n<p><span style=\"font-size: 14pt;\">Rauchen auf afrikanischen Flugh\u00e4fen ist ein Thema, das von verschiedenen Rauchverbotsbestimmungen, kulturellen Normen und Gesundheitsproblemen beeinflusst wird. Afrika ist ein vielf\u00e4ltiger Kontinent mit unterschiedlichen L\u00e4ndern und Regionen und bietet eine einzigartige Landschaft, wenn es um das Rauchen am Flughafen geht.<\/span><\/p>\n<p><span style=\"font-size: 14pt;\">In einigen afrikanischen L\u00e4ndern ist das Rauchen immer noch weithin akzeptiert und an vielen Flugh\u00e4fen gibt es ausgewiesene Raucherbereiche. Diese Raucherbereiche k\u00f6nnen sich in Au\u00dfenbereichen abseits des Hauptterminalgeb\u00e4udes befinden und mit Aschenbechern, Sitzgelegenheiten und Unterst\u00e4nden f\u00fcr Raucher ausgestattet sein. <\/span><\/p>\n<p><span style=\"font-size: 14pt;\">Es ist jedoch wichtig zu beachten, dass die Verf\u00fcgbarkeit und Qualit\u00e4t dieser ausgewiesenen Raucherbereiche von Flughafen zu Flughafen erheblich variieren kann und m\u00f6glicherweise nicht immer den Erwartungen rauchender Reisender entspricht.<\/span><\/p>\n<p><span style=\"font-size: 14pt;\">Andererseits gibt es auch afrikanische L\u00e4nder, in denen das Rauchen streng reglementiert ist und das Rauchen an Flugh\u00e4fen in allen Innen- und Au\u00dfenbereichen verboten ist. Dies bedeutet, dass rauchende Reisende m\u00f6glicherweise Schwierigkeiten haben, auf dem Flughafengel\u00e4nde geeignete Orte zum Rauchen zu finden, und m\u00f6glicherweise das Flughafengel\u00e4nde zum Rauchen verlassen m\u00fcssen, sofern die \u00f6rtlichen Gesetze dies zulassen.<\/span><\/p>\n<p><span style=\"font-size: 14pt;\">Hier finden Sie alle Informationen, die Sie ben\u00f6tigen, um einen Raucherbereich an einem afrikanischen Flughafen zu finden.<\/span><\/p>\n<h3><span style=\"font-size: 14pt;\">Sende uns Feedback<\/span><\/h3>\n<p><span style=\"font-size: 14pt;\">Wenn Sie sich an einem Flughafen in Afrika befinden, k\u00f6nnen Sie uns gerne Bilder der Raucherbereiche schicken. Dies wird uns helfen, unsere Datenbank schneller zu f\u00fcllen. Du kannst das <strong><a href=\"https:\/\/airportsmokinglounge.com\/de\/kontakt\/\">Hier<\/a>.<\/strong>\u00a0Die Bilder werden unter Angabe der Bildquelle (Name) auf unserer Website ver\u00f6ffentlicht. Teilen Sie diese Bilder gerne mit uns und allen Besuchern von Airport Smoking Lounge.com.<\/span><\/p>\n<p><strong><span style=\"font-size: 14pt;\">Weitere Raucherbereiche am Flughafen\u00a0<\/span><\/strong><\/p>\n<ul style=\"list-style-type: circle;\">\n<li><a href=\"https:\/\/airportsmokinglounge.com\/de\/rauchen-in-den-flughafen-von-nordamerika\/\">Nordamerika<\/a><\/li>\n<li><a href=\"https:\/\/airportsmokinglounge.com\/de\/rauchen-auf-den-flughafen-sudamerikas\/\">S\u00fcdamerika<\/a><\/li>\n<li><a href=\"https:\/\/airportsmokinglounge.com\/de\/raucherbereiche-in-europaischen-flughafen\/\">Europa<\/a><\/li>\n<li><a href=\"https:\/\/airportsmokinglounge.com\/de\/rauchen-auf-flughafen-in-asien\/\">Asien<\/a><\/li>\n<li><a href=\"https:\/\/airportsmokinglounge.com\/de\/rauchen-auf-flughafen-in-ozeanien\/\">Ozeanien<\/a><\/li>\n<\/ul>","protected":false},"excerpt":{"rendered":"<p>Auf dieser Website finden Sie alle Raucherbereiche an afrikanischen Flugh\u00e4fen, einschlie\u00dflich ausgewiesener Raucherzonen und der dort verf\u00fcgbaren Einrichtungen. Wir verstehen den Frust, die Sicherheitskontrolle zu passieren und dann festzustellen, dass es nirgends Raucherbereiche gibt und in manchen F\u00e4llen sogar E-Zigaretten verboten sind. Dieser Service richtet sich an alle Raucher, die\u2026&nbsp;<a href=\"https:\/\/airportsmokinglounge.com\/de\/rauchen-auf-flughafen-in-afrika\/\" rel=\"bookmark\">Mehr lesen \u00bb<span class=\"screen-reader-text\">Rauchen auf Flugh\u00e4fen in Afrika<\/span><\/a><\/p>","protected":false},"author":1,"featured_media":1202,"parent":0,"menu_order":0,"comment_status":"closed","ping_status":"closed","template":"","meta":{"neve_meta_sidebar":"","neve_meta_container":"","neve_meta_enable_content_width":"off","neve_meta_content_width":100,"neve_meta_title_alignment":"","neve_meta_author_avatar":"","neve_post_elements_order":"","neve_meta_disable_header":"","neve_meta_disable_footer":"","neve_meta_disable_title":"","neve_meta_reading_time":"","footnotes":""},"class_list":["post-25","page","type-page","status-publish","has-post-thumbnail","hentry"],"yoast_head":"<!-- This site is optimized with the Yoast SEO plugin v26.6 - https:\/\/yoast.com\/wordpress\/plugins\/seo\/ -->\n<title>Smoking at airports in Africa - airportsmokinglounge.com<\/title>\n<meta name=\"description\" content=\"Smoking at airports in Africa \u2714\ufe0e A Comprehensive Guide to Smoking Areas and Smoking Policies in Major African Airports \u2714\ufe0e\" \/>\n<meta name=\"robots\" content=\"index, follow, max-snippet:-1, max-image-preview:large, max-video-preview:-1\" \/>\n<link rel=\"canonical\" href=\"https:\/\/airportsmokinglounge.com\/de\/rauchen-auf-flughafen-in-afrika\/\" \/>\n<meta property=\"og:locale\" content=\"de_DE\" \/>\n<meta property=\"og:type\" content=\"article\" \/>\n<meta property=\"og:title\" content=\"Smoking at airports in Africa - airportsmokinglounge.com\" \/>\n<meta property=\"og:description\" content=\"Smoking at airports in Africa \u2714\ufe0e A Comprehensive Guide to Smoking Areas and Smoking Policies in Major African Airports \u2714\ufe0e\" \/>\n<meta property=\"og:url\" content=\"https:\/\/airportsmokinglounge.com\/de\/rauchen-auf-flughafen-in-afrika\/\" \/>\n<meta property=\"og:site_name\" content=\"airportsmokinglounge.com\" \/>\n<meta property=\"article:modified_time\" content=\"2023-05-21T19:41:35+00:00\" \/>\n<meta property=\"og:image\" content=\"https:\/\/airportsmokinglounge.com\/wp-content\/uploads\/2023\/03\/airport-smoking-lounge-7.jpg\" \/>\n\t<meta property=\"og:image:width\" content=\"2048\" \/>\n\t<meta property=\"og:image:height\" content=\"1152\" \/>\n\t<meta property=\"og:image:type\" content=\"image\/jpeg\" \/>\n<meta name=\"twitter:card\" content=\"summary_large_image\" \/>\n<meta name=\"twitter:label1\" content=\"Gesch\u00e4tzte Lesezeit\" \/>\n\t<meta name=\"twitter:data1\" content=\"2\u00a0Minuten\" \/>\n<script type=\"application\/ld+json\" class=\"yoast-schema-graph\">{\"@context\":\"https:\/\/schema.org\",\"@graph\":[{\"@type\":\"WebPage\",\"@id\":\"https:\/\/airportsmokinglounge.com\/smoking-at-airports-in-africa\/\",\"url\":\"https:\/\/airportsmokinglounge.com\/smoking-at-airports-in-africa\/\",\"name\":\"Smoking at airports in Africa - airportsmokinglounge.com\",\"isPartOf\":{\"@id\":\"https:\/\/airportsmokinglounge.com\/#website\"},\"primaryImageOfPage\":{\"@id\":\"https:\/\/airportsmokinglounge.com\/smoking-at-airports-in-africa\/#primaryimage\"},\"image\":{\"@id\":\"https:\/\/airportsmokinglounge.com\/smoking-at-airports-in-africa\/#primaryimage\"},\"thumbnailUrl\":\"https:\/\/airportsmokinglounge.com\/wp-content\/uploads\/2023\/03\/airport-smoking-lounge-7.jpg\",\"datePublished\":\"2023-02-12T18:36:00+00:00\",\"dateModified\":\"2023-05-21T19:41:35+00:00\",\"description\":\"Smoking at airports in Africa \u2714\ufe0e A Comprehensive Guide to Smoking Areas and Smoking Policies in Major African Airports \u2714\ufe0e\",\"breadcrumb\":{\"@id\":\"https:\/\/airportsmokinglounge.com\/smoking-at-airports-in-africa\/#breadcrumb\"},\"inLanguage\":\"de\",\"potentialAction\":[{\"@type\":\"ReadAction\",\"target\":[\"https:\/\/airportsmokinglounge.com\/smoking-at-airports-in-africa\/\"]}]},{\"@type\":\"ImageObject\",\"inLanguage\":\"de\",\"@id\":\"https:\/\/airportsmokinglounge.com\/smoking-at-airports-in-africa\/#primaryimage\",\"url\":\"https:\/\/airportsmokinglounge.com\/wp-content\/uploads\/2023\/03\/airport-smoking-lounge-7.jpg\",\"contentUrl\":\"https:\/\/airportsmokinglounge.com\/wp-content\/uploads\/2023\/03\/airport-smoking-lounge-7.jpg\",\"width\":2048,\"height\":1152,\"caption\":\"Airport Smoking areas\"},{\"@type\":\"BreadcrumbList\",\"@id\":\"https:\/\/airportsmokinglounge.com\/smoking-at-airports-in-africa\/#breadcrumb\",\"itemListElement\":[{\"@type\":\"ListItem\",\"position\":1,\"name\":\"Home\",\"item\":\"https:\/\/airportsmokinglounge.com\/\"},{\"@type\":\"ListItem\",\"position\":2,\"name\":\"Smoking at airports in Africa\"}]},{\"@type\":\"WebSite\",\"@id\":\"https:\/\/airportsmokinglounge.com\/#website\",\"url\":\"https:\/\/airportsmokinglounge.com\/\",\"name\":\"airportsmokinglounge.com\",\"description\":\"\",\"potentialAction\":[{\"@type\":\"SearchAction\",\"target\":{\"@type\":\"EntryPoint\",\"urlTemplate\":\"https:\/\/airportsmokinglounge.com\/?s={search_term_string}\"},\"query-input\":{\"@type\":\"PropertyValueSpecification\",\"valueRequired\":true,\"valueName\":\"search_term_string\"}}],\"inLanguage\":\"de\"}]}<\/script>\n<!-- \/ Yoast SEO plugin. -->","yoast_head_json":{"title":"Rauchen an Flugh\u00e4fen in Afrika - Airport Smoking Lounge.com","description":"Rauchen an Flugh\u00e4fen in Afrika \u2714\ufe0e Ein umfassender Leitfaden zu Raucherbereichen und Raucherrichtlinien auf gro\u00dfen afrikanischen Flugh\u00e4fen \u2714\ufe0e","robots":{"index":"index","follow":"follow","max-snippet":"max-snippet:-1","max-image-preview":"max-image-preview:large","max-video-preview":"max-video-preview:-1"},"canonical":"https:\/\/airportsmokinglounge.com\/de\/rauchen-auf-flughafen-in-afrika\/","og_locale":"de_DE","og_type":"article","og_title":"Smoking at airports in Africa - airportsmokinglounge.com","og_description":"Smoking at airports in Africa \u2714\ufe0e A Comprehensive Guide to Smoking Areas and Smoking Policies in Major African Airports \u2714\ufe0e","og_url":"https:\/\/airportsmokinglounge.com\/de\/rauchen-auf-flughafen-in-afrika\/","og_site_name":"airportsmokinglounge.com","article_modified_time":"2023-05-21T19:41:35+00:00","og_image":[{"width":2048,"height":1152,"url":"https:\/\/airportsmokinglounge.com\/wp-content\/uploads\/2023\/03\/airport-smoking-lounge-7.jpg","type":"image\/jpeg"}],"twitter_card":"summary_large_image","twitter_misc":{"Gesch\u00e4tzte Lesezeit":"2\u00a0Minuten"},"schema":{"@context":"https:\/\/schema.org","@graph":[{"@type":"WebPage","@id":"https:\/\/airportsmokinglounge.com\/smoking-at-airports-in-africa\/","url":"https:\/\/airportsmokinglounge.com\/smoking-at-airports-in-africa\/","name":"Rauchen an Flugh\u00e4fen in Afrika - Airport Smoking Lounge.com","isPartOf":{"@id":"https:\/\/airportsmokinglounge.com\/#website"},"primaryImageOfPage":{"@id":"https:\/\/airportsmokinglounge.com\/smoking-at-airports-in-africa\/#primaryimage"},"image":{"@id":"https:\/\/airportsmokinglounge.com\/smoking-at-airports-in-africa\/#primaryimage"},"thumbnailUrl":"https:\/\/airportsmokinglounge.com\/wp-content\/uploads\/2023\/03\/airport-smoking-lounge-7.jpg","datePublished":"2023-02-12T18:36:00+00:00","dateModified":"2023-05-21T19:41:35+00:00","description":"Rauchen an Flugh\u00e4fen in Afrika \u2714\ufe0e Ein umfassender Leitfaden zu Raucherbereichen und Raucherrichtlinien auf gro\u00dfen afrikanischen Flugh\u00e4fen \u2714\ufe0e","breadcrumb":{"@id":"https:\/\/airportsmokinglounge.com\/smoking-at-airports-in-africa\/#breadcrumb"},"inLanguage":"de","potentialAction":[{"@type":"ReadAction","target":["https:\/\/airportsmokinglounge.com\/smoking-at-airports-in-africa\/"]}]},{"@type":"ImageObject","inLanguage":"de","@id":"https:\/\/airportsmokinglounge.com\/smoking-at-airports-in-africa\/#primaryimage","url":"https:\/\/airportsmokinglounge.com\/wp-content\/uploads\/2023\/03\/airport-smoking-lounge-7.jpg","contentUrl":"https:\/\/airportsmokinglounge.com\/wp-content\/uploads\/2023\/03\/airport-smoking-lounge-7.jpg","width":2048,"height":1152,"caption":"Airport Smoking areas"},{"@type":"BreadcrumbList","@id":"https:\/\/airportsmokinglounge.com\/smoking-at-airports-in-africa\/#breadcrumb","itemListElement":[{"@type":"ListItem","position":1,"name":"Home","item":"https:\/\/airportsmokinglounge.com\/"},{"@type":"ListItem","position":2,"name":"Smoking at airports in Africa"}]},{"@type":"WebSite","@id":"https:\/\/airportsmokinglounge.com\/#website","url":"https:\/\/airportsmokinglounge.com\/","name":"Flughafenraucherlounge.com","description":"","potentialAction":[{"@type":"SearchAction","target":{"@type":"EntryPoint","urlTemplate":"https:\/\/airportsmokinglounge.com\/?s={search_term_string}"},"query-input":{"@type":"PropertyValueSpecification","valueRequired":true,"valueName":"search_term_string"}}],"inLanguage":"de"}]}},"_links":{"self":[{"href":"https:\/\/airportsmokinglounge.com\/de\/wp-json\/wp\/v2\/pages\/25","targetHints":{"allow":["GET"]}}],"collection":[{"href":"https:\/\/airportsmokinglounge.com\/de\/wp-json\/wp\/v2\/pages"}],"about":[{"href":"https:\/\/airportsmokinglounge.com\/de\/wp-json\/wp\/v2\/types\/page"}],"author":[{"embeddable":true,"href":"https:\/\/airportsmokinglounge.com\/de\/wp-json\/wp\/v2\/users\/1"}],"replies":[{"embeddable":true,"href":"https:\/\/airportsmokinglounge.com\/de\/wp-json\/wp\/v2\/comments?post=25"}],"version-history":[{"count":10,"href":"https:\/\/airportsmokinglounge.com\/de\/wp-json\/wp\/v2\/pages\/25\/revisions"}],"predecessor-version":[{"id":5631,"href":"https:\/\/airportsmokinglounge.com\/de\/wp-json\/wp\/v2\/pages\/25\/revisions\/5631"}],"wp:featuredmedia":[{"embeddable":true,"href":"https:\/\/airportsmokinglounge.com\/de\/wp-json\/wp\/v2\/media\/1202"}],"wp:attachment":[{"href":"https:\/\/airportsmokinglounge.com\/de\/wp-json\/wp\/v2\/media?parent=25"}],"curies":[{"name":"wp","href":"https:\/\/api.w.org\/{rel}","templated":true}]}}