{"id":422,"date":"2023-03-07T10:30:17","date_gmt":"2023-03-07T09:30:17","guid":{"rendered":"https:\/\/airportsmokinglounge.com\/?page_id=422"},"modified":"2023-05-16T13:12:29","modified_gmt":"2023-05-16T11:12:29","slug":"smoking-areas-in-sri-lankas-airports","status":"publish","type":"page","link":"https:\/\/airportsmokinglounge.com\/de\/raucherbereiche-in-sri-lankas-flughafen\/","title":{"rendered":"Raucherbereiche auf Sri Lankas Flugh\u00e4fen"},"content":{"rendered":"<p>Sri Lanka verf\u00fcgt \u00fcber mehrere Flugh\u00e4fen, von kleinen Regionalflugh\u00e4fen bis hin zu gr\u00f6\u00dferen internationalen Drehkreuzen.<\/p>\n<p>Auf dieser Website finden Sie alle Raucherbereiche an Flugh\u00e4fen, einschlie\u00dflich ausgewiesener Raucherbereiche und verf\u00fcgbarer Einrichtungen. Wir verstehen die Frustration, wenn man durch die Sicherheitskontrolle geht und dann feststellt, dass es nirgendwo Raucherbereiche gibt und in manchen F\u00e4llen E-Zigaretten m\u00f6glicherweise nicht erlaubt sind.<\/p>\n<p>Dieser Service richtet sich an alle Raucher, die vor oder nach langen Fl\u00fcgen eine Zigarette genie\u00dfen m\u00f6chten.<\/p>\n<h2>Flugh\u00e4fen in Sri Lanka<\/h2>\n<ul style=\"list-style-type: circle;\">\n<li><a href=\"https:\/\/airportsmokinglounge.com\/de\/raucherbereiche-am-colombo-international-airport-cmb\/\">INTERNATIONALER FLUGHAFEN COLOMBO BANDARANAIKE (CMB)<\/a><\/li>\n<li><a href=\"https:\/\/airportsmokinglounge.com\/de\/raucherbereiche-am-mattala-rajapaksa-international-airport-hri\/\">MATTALA RAJAPAKSA INTERNATIONALER FLUGHAFEN (HRI)<\/a><\/li>\n<\/ul>\n<h2>Rauchgesetz in Sri Lanka<\/h2>\n<p>Sri Lanka hat strenge Rauchvorschriften eingef\u00fchrt, um die \u00f6ffentliche Gesundheit zu f\u00f6rdern und den Tabakkonsum zu reduzieren. Bitte beachten Sie jedoch, dass sich die Rauchgesetze und -bestimmungen im Laufe der Zeit \u00e4ndern k\u00f6nnen. Daher ist es ratsam, sich \u00fcber die neuesten Gesetze zu informieren oder die \u00f6rtlichen Beh\u00f6rden zu konsultieren, um die aktuellsten Informationen zu den Rauchgesetzen in Sri Lanka zu erhalten.<\/p>\n<p>In Sri Lanka ist das Rauchen in den meisten \u00f6ffentlichen Innenr\u00e4umen, einschlie\u00dflich Regierungsgeb\u00e4uden, Gesundheitseinrichtungen, Bildungseinrichtungen und \u00f6ffentlichen Verkehrsmitteln, generell verboten. Das Gesetz schr\u00e4nkt das Rauchen auch in Bereichen wie Restaurants, Caf\u00e9s und Einkaufszentren ein, es sei denn, dort sind Raucherbereiche ausgewiesen, die bestimmte Anforderungen erf\u00fcllen.<\/p>\n<p>Dar\u00fcber hinaus ist das Rauchen in bestimmten Au\u00dfenbereichen, einschlie\u00dflich der N\u00e4he von Eing\u00e4ngen zu \u00f6ffentlichen Geb\u00e4uden, Bushaltestellen und Bahnh\u00f6fen, nicht gestattet. Das Gesetz verbietet au\u00dferdem das Rauchen in Bereichen in der N\u00e4he von Kinderparks, Krankenh\u00e4usern und Sportst\u00e4tten.<\/p>\n<p>Der Verkauf von Tabakprodukten an Minderj\u00e4hrige unter 21 Jahren ist in Sri Lanka verboten. Das Land hat au\u00dferdem strenge Vorschriften f\u00fcr Tabakwerbung, Verkaufsf\u00f6rderung und Sponsoring eingef\u00fchrt.<\/p>\n<p>Sri Lanka hat umfangreiche Ma\u00dfnahmen ergriffen, um die \u00d6ffentlichkeit f\u00fcr die mit dem Rauchen verbundenen Gesundheitsrisiken zu sensibilisieren. Das Land hat auf Verpackungen von Tabakprodukten grafische Gesundheitswarnungen angebracht und f\u00fchrt Anti-Raucher-Kampagnen durch, um die \u00d6ffentlichkeit aufzukl\u00e4ren.<\/p>\n<p>Die Durchsetzung der Rauchgesetze erfolgt durch die zust\u00e4ndigen Beh\u00f6rden und Verst\u00f6\u00dfe k\u00f6nnen zu Geldstrafen oder anderen Strafen f\u00fchren.<\/p>\n<p>Es ist wichtig zu beachten, dass die Einhaltung der Rauchvorschriften in Sri Lanka im Allgemeinen hoch ist und das Rauchen in verbotenen Bereichen zu erheblichen Strafen f\u00fchren kann.<\/p>\n<p>Um die genauesten und aktuellsten Informationen zu den Rauchgesetzen Sri Lankas zu erhalten, wird empfohlen, die neuesten Gesetze zu konsultieren oder sich an das Gesundheitsministerium oder andere relevante Beh\u00f6rden zu wenden.<\/p>\n<p><strong>Weitere Raucherbereiche am Flughafen\u00a0<\/strong><\/p>\n<ul>\n<li><a href=\"https:\/\/airportsmokinglounge.com\/de\/rauchen-in-den-flughafen-von-nordamerika\/\">Nordamerika<\/a><\/li>\n<li><a href=\"https:\/\/airportsmokinglounge.com\/de\/rauchen-auf-den-flughafen-sudamerikas\/\">S\u00fcdamerika<\/a><\/li>\n<li><a href=\"https:\/\/airportsmokinglounge.com\/de\/raucherbereiche-in-europaischen-flughafen\/\">Europa<\/a><\/li>\n<li><a href=\"https:\/\/airportsmokinglounge.com\/de\/rauchen-auf-flughafen-in-asien\/\">Asien<\/a><\/li>\n<li><a href=\"https:\/\/airportsmokinglounge.com\/de\/rauchen-auf-flughafen-in-ozeanien\/\">Ozeanien<\/a><\/li>\n<\/ul>","protected":false},"excerpt":{"rendered":"<p>Sri Lanka has several airports, ranging from small regional airports to larger international hubs. On this website you can find all smoking areas in airports, including designated smoking areas and available facilities. We understand the frustration of going through security only to find that there are no smoking areas anywhere and in some cases e-cigarettes&hellip;&nbsp;<a href=\"https:\/\/airportsmokinglounge.com\/de\/raucherbereiche-in-sri-lankas-flughafen\/\" rel=\"bookmark\">Mehr lesen \u00bb<span class=\"screen-reader-text\">Raucherbereiche auf Sri Lankas Flugh\u00e4fen<\/span><\/a><\/p>","protected":false},"author":1,"featured_media":1199,"parent":0,"menu_order":0,"comment_status":"closed","ping_status":"closed","template":"","meta":{"neve_meta_sidebar":"","neve_meta_container":"","neve_meta_enable_content_width":"off","neve_meta_content_width":100,"neve_meta_title_alignment":"","neve_meta_author_avatar":"","neve_post_elements_order":"","neve_meta_disable_header":"","neve_meta_disable_footer":"","neve_meta_disable_title":"","neve_meta_reading_time":"","footnotes":""},"class_list":["post-422","page","type-page","status-publish","has-post-thumbnail","hentry"],"yoast_head":"<!-- This site is optimized with the Yoast SEO plugin v26.6 - https:\/\/yoast.com\/wordpress\/plugins\/seo\/ -->\n<title>Smoking areas in Sri Lanka&#039;s airports - airportsmokinglounge.com<\/title>\n<meta name=\"description\" content=\"Smoking Areas in Sri Lanka&#039;s Airports - Your Ultimate Guide to Finding a Place to Smoke \u2714\ufe0e Find Your Next Smoke Break Spot \u2714\ufe0e\" \/>\n<meta name=\"robots\" content=\"index, follow, max-snippet:-1, max-image-preview:large, max-video-preview:-1\" \/>\n<link rel=\"canonical\" href=\"https:\/\/airportsmokinglounge.com\/de\/raucherbereiche-in-sri-lankas-flughafen\/\" \/>\n<meta property=\"og:locale\" content=\"de_DE\" \/>\n<meta property=\"og:type\" content=\"article\" \/>\n<meta property=\"og:title\" content=\"Smoking areas in Sri Lanka&#039;s airports - airportsmokinglounge.com\" \/>\n<meta property=\"og:description\" content=\"Smoking Areas in Sri Lanka&#039;s Airports - Your Ultimate Guide to Finding a Place to Smoke \u2714\ufe0e Find Your Next Smoke Break Spot \u2714\ufe0e\" \/>\n<meta property=\"og:url\" content=\"https:\/\/airportsmokinglounge.com\/de\/raucherbereiche-in-sri-lankas-flughafen\/\" \/>\n<meta property=\"og:site_name\" content=\"airportsmokinglounge.com\" \/>\n<meta property=\"article:modified_time\" content=\"2023-05-16T11:12:29+00:00\" \/>\n<meta property=\"og:image\" content=\"https:\/\/airportsmokinglounge.com\/wp-content\/uploads\/2023\/03\/airport-smoking-lounge-4.jpg\" \/>\n\t<meta property=\"og:image:width\" content=\"2048\" \/>\n\t<meta property=\"og:image:height\" content=\"1152\" \/>\n\t<meta property=\"og:image:type\" content=\"image\/jpeg\" \/>\n<meta name=\"twitter:card\" content=\"summary_large_image\" \/>\n<meta name=\"twitter:label1\" content=\"Gesch\u00e4tzte Lesezeit\" \/>\n\t<meta name=\"twitter:data1\" content=\"2\u00a0Minuten\" \/>\n<script type=\"application\/ld+json\" class=\"yoast-schema-graph\">{\"@context\":\"https:\/\/schema.org\",\"@graph\":[{\"@type\":\"WebPage\",\"@id\":\"https:\/\/airportsmokinglounge.com\/smoking-areas-in-sri-lankas-airports\/\",\"url\":\"https:\/\/airportsmokinglounge.com\/smoking-areas-in-sri-lankas-airports\/\",\"name\":\"Smoking areas in Sri Lanka's airports - airportsmokinglounge.com\",\"isPartOf\":{\"@id\":\"https:\/\/airportsmokinglounge.com\/#website\"},\"primaryImageOfPage\":{\"@id\":\"https:\/\/airportsmokinglounge.com\/smoking-areas-in-sri-lankas-airports\/#primaryimage\"},\"image\":{\"@id\":\"https:\/\/airportsmokinglounge.com\/smoking-areas-in-sri-lankas-airports\/#primaryimage\"},\"thumbnailUrl\":\"https:\/\/airportsmokinglounge.com\/wp-content\/uploads\/2023\/03\/airport-smoking-lounge-4.jpg\",\"datePublished\":\"2023-03-07T09:30:17+00:00\",\"dateModified\":\"2023-05-16T11:12:29+00:00\",\"description\":\"Smoking Areas in Sri Lanka's Airports - Your Ultimate Guide to Finding a Place to Smoke \u2714\ufe0e Find Your Next Smoke Break Spot \u2714\ufe0e\",\"breadcrumb\":{\"@id\":\"https:\/\/airportsmokinglounge.com\/smoking-areas-in-sri-lankas-airports\/#breadcrumb\"},\"inLanguage\":\"de\",\"potentialAction\":[{\"@type\":\"ReadAction\",\"target\":[\"https:\/\/airportsmokinglounge.com\/smoking-areas-in-sri-lankas-airports\/\"]}]},{\"@type\":\"ImageObject\",\"inLanguage\":\"de\",\"@id\":\"https:\/\/airportsmokinglounge.com\/smoking-areas-in-sri-lankas-airports\/#primaryimage\",\"url\":\"https:\/\/airportsmokinglounge.com\/wp-content\/uploads\/2023\/03\/airport-smoking-lounge-4.jpg\",\"contentUrl\":\"https:\/\/airportsmokinglounge.com\/wp-content\/uploads\/2023\/03\/airport-smoking-lounge-4.jpg\",\"width\":2048,\"height\":1152,\"caption\":\"Airport Smoking\"},{\"@type\":\"BreadcrumbList\",\"@id\":\"https:\/\/airportsmokinglounge.com\/smoking-areas-in-sri-lankas-airports\/#breadcrumb\",\"itemListElement\":[{\"@type\":\"ListItem\",\"position\":1,\"name\":\"Home\",\"item\":\"https:\/\/airportsmokinglounge.com\/\"},{\"@type\":\"ListItem\",\"position\":2,\"name\":\"Smoking areas in Sri Lanka&#8217;s airports\"}]},{\"@type\":\"WebSite\",\"@id\":\"https:\/\/airportsmokinglounge.com\/#website\",\"url\":\"https:\/\/airportsmokinglounge.com\/\",\"name\":\"airportsmokinglounge.com\",\"description\":\"\",\"potentialAction\":[{\"@type\":\"SearchAction\",\"target\":{\"@type\":\"EntryPoint\",\"urlTemplate\":\"https:\/\/airportsmokinglounge.com\/?s={search_term_string}\"},\"query-input\":{\"@type\":\"PropertyValueSpecification\",\"valueRequired\":true,\"valueName\":\"search_term_string\"}}],\"inLanguage\":\"de\"}]}<\/script>\n<!-- \/ Yoast SEO plugin. -->","yoast_head_json":{"title":"Raucherbereiche in Sri Lankas Flugh\u00e4fen \u2013 Airport Smoking Lounge.com","description":"Raucherbereiche in Sri Lankas Flugh\u00e4fen \u2013 Ihr ultimativer Leitfaden zur Suche nach einem Ort zum Rauchen \u2714\ufe0e Finden Sie Ihren n\u00e4chsten Raucherpausenplatz \u2714\ufe0e","robots":{"index":"index","follow":"follow","max-snippet":"max-snippet:-1","max-image-preview":"max-image-preview:large","max-video-preview":"max-video-preview:-1"},"canonical":"https:\/\/airportsmokinglounge.com\/de\/raucherbereiche-in-sri-lankas-flughafen\/","og_locale":"de_DE","og_type":"article","og_title":"Smoking areas in Sri Lanka's airports - airportsmokinglounge.com","og_description":"Smoking Areas in Sri Lanka's Airports - Your Ultimate Guide to Finding a Place to Smoke \u2714\ufe0e Find Your Next Smoke Break Spot \u2714\ufe0e","og_url":"https:\/\/airportsmokinglounge.com\/de\/raucherbereiche-in-sri-lankas-flughafen\/","og_site_name":"airportsmokinglounge.com","article_modified_time":"2023-05-16T11:12:29+00:00","og_image":[{"width":2048,"height":1152,"url":"https:\/\/airportsmokinglounge.com\/wp-content\/uploads\/2023\/03\/airport-smoking-lounge-4.jpg","type":"image\/jpeg"}],"twitter_card":"summary_large_image","twitter_misc":{"Gesch\u00e4tzte Lesezeit":"2\u00a0Minuten"},"schema":{"@context":"https:\/\/schema.org","@graph":[{"@type":"WebPage","@id":"https:\/\/airportsmokinglounge.com\/smoking-areas-in-sri-lankas-airports\/","url":"https:\/\/airportsmokinglounge.com\/smoking-areas-in-sri-lankas-airports\/","name":"Raucherbereiche in Sri Lankas Flugh\u00e4fen \u2013 Airport Smoking Lounge.com","isPartOf":{"@id":"https:\/\/airportsmokinglounge.com\/#website"},"primaryImageOfPage":{"@id":"https:\/\/airportsmokinglounge.com\/smoking-areas-in-sri-lankas-airports\/#primaryimage"},"image":{"@id":"https:\/\/airportsmokinglounge.com\/smoking-areas-in-sri-lankas-airports\/#primaryimage"},"thumbnailUrl":"https:\/\/airportsmokinglounge.com\/wp-content\/uploads\/2023\/03\/airport-smoking-lounge-4.jpg","datePublished":"2023-03-07T09:30:17+00:00","dateModified":"2023-05-16T11:12:29+00:00","description":"Raucherbereiche in Sri Lankas Flugh\u00e4fen \u2013 Ihr ultimativer Leitfaden zur Suche nach einem Ort zum Rauchen \u2714\ufe0e Finden Sie Ihren n\u00e4chsten Raucherpausenplatz \u2714\ufe0e","breadcrumb":{"@id":"https:\/\/airportsmokinglounge.com\/smoking-areas-in-sri-lankas-airports\/#breadcrumb"},"inLanguage":"de","potentialAction":[{"@type":"ReadAction","target":["https:\/\/airportsmokinglounge.com\/smoking-areas-in-sri-lankas-airports\/"]}]},{"@type":"ImageObject","inLanguage":"de","@id":"https:\/\/airportsmokinglounge.com\/smoking-areas-in-sri-lankas-airports\/#primaryimage","url":"https:\/\/airportsmokinglounge.com\/wp-content\/uploads\/2023\/03\/airport-smoking-lounge-4.jpg","contentUrl":"https:\/\/airportsmokinglounge.com\/wp-content\/uploads\/2023\/03\/airport-smoking-lounge-4.jpg","width":2048,"height":1152,"caption":"Airport Smoking"},{"@type":"BreadcrumbList","@id":"https:\/\/airportsmokinglounge.com\/smoking-areas-in-sri-lankas-airports\/#breadcrumb","itemListElement":[{"@type":"ListItem","position":1,"name":"Home","item":"https:\/\/airportsmokinglounge.com\/"},{"@type":"ListItem","position":2,"name":"Smoking areas in Sri Lanka&#8217;s airports"}]},{"@type":"WebSite","@id":"https:\/\/airportsmokinglounge.com\/#website","url":"https:\/\/airportsmokinglounge.com\/","name":"Flughafenraucherlounge.com","description":"","potentialAction":[{"@type":"SearchAction","target":{"@type":"EntryPoint","urlTemplate":"https:\/\/airportsmokinglounge.com\/?s={search_term_string}"},"query-input":{"@type":"PropertyValueSpecification","valueRequired":true,"valueName":"search_term_string"}}],"inLanguage":"de"}]}},"_links":{"self":[{"href":"https:\/\/airportsmokinglounge.com\/de\/wp-json\/wp\/v2\/pages\/422","targetHints":{"allow":["GET"]}}],"collection":[{"href":"https:\/\/airportsmokinglounge.com\/de\/wp-json\/wp\/v2\/pages"}],"about":[{"href":"https:\/\/airportsmokinglounge.com\/de\/wp-json\/wp\/v2\/types\/page"}],"author":[{"embeddable":true,"href":"https:\/\/airportsmokinglounge.com\/de\/wp-json\/wp\/v2\/users\/1"}],"replies":[{"embeddable":true,"href":"https:\/\/airportsmokinglounge.com\/de\/wp-json\/wp\/v2\/comments?post=422"}],"version-history":[{"count":5,"href":"https:\/\/airportsmokinglounge.com\/de\/wp-json\/wp\/v2\/pages\/422\/revisions"}],"predecessor-version":[{"id":5255,"href":"https:\/\/airportsmokinglounge.com\/de\/wp-json\/wp\/v2\/pages\/422\/revisions\/5255"}],"wp:featuredmedia":[{"embeddable":true,"href":"https:\/\/airportsmokinglounge.com\/de\/wp-json\/wp\/v2\/media\/1199"}],"wp:attachment":[{"href":"https:\/\/airportsmokinglounge.com\/de\/wp-json\/wp\/v2\/media?parent=422"}],"curies":[{"name":"wp","href":"https:\/\/api.w.org\/{rel}","templated":true}]}}