{"id":55,"date":"2023-02-15T16:05:13","date_gmt":"2023-02-15T15:05:13","guid":{"rendered":"https:\/\/airportsmokinglounge.com\/?page_id=55"},"modified":"2023-02-15T16:08:03","modified_gmt":"2023-02-15T15:08:03","slug":"disclaimer","status":"publish","type":"page","link":"https:\/\/airportsmokinglounge.com\/de\/haftungsausschluss\/","title":{"rendered":"Haftungsausschluss"},"content":{"rendered":"<p>Die Website \u201eairportsmokinglounge.com\u201c (die \u201eWebsite\u201c) ist ein Online-Informationsdienst. \u201eairportsmokinglounge.com\u201c, vorbehaltlich Ihrer Einhaltung der unten aufgef\u00fchrten Gesch\u00e4ftsbedingungen. <strong>Bitte lesen Sie dieses Dokument sorgf\u00e4ltig durch, bevor Sie auf die Website zugreifen oder diese nutzen. <\/strong>Durch den Zugriff auf oder die Nutzung der Website erkl\u00e4ren Sie sich mit den unten aufgef\u00fchrten Gesch\u00e4ftsbedingungen einverstanden. WENN SIE NICHT AN DIESE GESCH\u00c4FTSBEDINGUNGEN GEBUNDEN SEIN M\u00d6CHTEN, D\u00dcRFEN SIE NICHT AUF DIE WEBSITE ZUGREIFEN ODER DIESE NUTZEN. Airportsmokinglounge.com KANN DIESE VEREINBARUNG JEDERZEIT \u00c4NDERN. SOLCHE \u00c4NDERUNGEN WERDEN SOFORT NACH DER VER\u00d6FFENTLICHUNG DER GE\u00c4NDERTEN VEREINBARUNG AUF DER WEBSITE WIRKLICH. SIE STIMMEN ZU, DIE VEREINBARUNG IN REGELM\u00c4SSIGEN \u00dcBERPR\u00dcFUNGEN ZU \u00dcBERPR\u00dcFEN, UM SICH \u00dcBER SOLCHE \u00c4NDERUNGEN ZU KENNEN. IHR FORTGESETZTER ZUGRIFF ODER DIE NUTZUNG DER WEBSITE GILT ALS IHRE ENDG\u00dcLTIGE ANNAHME DER GE\u00c4NDERTEN VEREINBARUNG.<\/p>\n<p><strong>1. Urheberrecht, Lizenzen und Ideeneinreichungen.<\/strong><\/p>\n<p>Der gesamte Inhalt der Website ist durch internationale Urheberrechts- und Markengesetze gesch\u00fctzt. Eigent\u00fcmer der Urheberrechte und Marken sind Airportsmokinglounge.com, seine verbundenen Unternehmen oder andere Drittlizenzgeber. <strong>SIE D\u00dcRFEN DAS MATERIAL AUF DER WEBSITE, EINSCHLIESSLICH TEXT, GRAFIKEN, CODE UND\/ODER SOFTWARE, NICHT \u00c4NDERN, KOPIEREN, REPRODUZIEREN, NEU VER\u00d6FFENTLICHEN, HOCHLADEN, VER\u00d6FFENTLICHEN, \u00dcBERTRAGEN ODER VERBREITEN.<\/strong> Sie d\u00fcrfen Teile des Materials aus den verschiedenen Bereichen der Website ausschlie\u00dflich f\u00fcr Ihren eigenen, nicht kommerziellen Gebrauch ausdrucken und herunterladen, vorausgesetzt, Sie stimmen zu, keine Urheberrechts- oder Eigentumshinweise aus den Materialien zu \u00e4ndern oder zu l\u00f6schen. Sie erkl\u00e4ren sich damit einverstanden, Airport Smoking Lounge.com eine nicht ausschlie\u00dfliche, geb\u00fchrenfreie, weltweite, unbefristete Lizenz zu gew\u00e4hren, mit dem Recht zur Unterlizenzierung, zur Vervielf\u00e4ltigung, Verbreitung, \u00dcbertragung, Erstellung abgeleiteter Werke, \u00f6ffentlicher Darstellung und \u00f6ffentlicher Auff\u00fchrung jeglicher Materialien und sonstige Informationen (einschlie\u00dflich, aber nicht beschr\u00e4nkt auf die darin enthaltenen Ideen f\u00fcr neue oder verbesserte Produkte und Dienstleistungen), die Sie in allen \u00f6ffentlichen Bereichen der Website (z. B. Bulletin Boards, Foren und Newsgroups) oder per E-Mail an Airport Smoking Lounge.com \u00fcbermitteln und in allen Medien, die jetzt bekannt sind oder sp\u00e4ter entwickelt werden. Sie gew\u00e4hren Airport Smoking Lounge.com au\u00dferdem das Recht, Ihren Namen im Zusammenhang mit den \u00fcbermittelten Materialien und anderen Informationen sowie im Zusammenhang mit allen damit verbundenen Werbe-, Marketing- und Verkaufsf\u00f6rderungsmaterialien zu verwenden. Sie erkl\u00e4ren sich damit einverstanden, dass Sie bei angeblicher oder tats\u00e4chlicher Verletzung oder widerrechtlicher Aneignung von Eigentumsrechten in Ihren Mitteilungen an Airport Smoking Lounge.com keinen R\u00fcckgriff gegen Airport Smoking Lounge.com haben. MARKEN, Ver\u00f6ffentlichungen, Produkte, Inhalte oder Dienstleistungen, auf die hier oder auf der Website verwiesen wird, sind die ausschlie\u00dflichen Marken oder Dienstleistungsmarken von Airport Smoking Lounge.com. Andere auf der Website erw\u00e4hnte Produkt- und Firmennamen k\u00f6nnen Marken ihrer jeweiligen Eigent\u00fcmer sein.<\/p>\n<p><strong>2. Nutzung der Website.<\/strong><\/p>\n<p>Sie verstehen, dass, mit Ausnahme von Informationen, Produkten oder Dienstleistungen, die eindeutig als von Airport Smoking Lounge.com bereitgestellt gekennzeichnet sind, Airport Smoking Lounge.com in keiner Weise Informationen, Produkte oder Dienstleistungen im Internet betreibt, kontrolliert oder unterst\u00fctzt. Mit Ausnahme der durch Airport Smoking Lounge.com identifizierten Informationen, Produkte oder Dienstleistungen werden alle \u00fcber die Website oder im Internet angebotenen Informationen, Produkte und Dienstleistungen im Allgemeinen von Dritten angeboten, die nicht mit Airport Smoking Lounge.com verbunden sind. Sie verstehen auch, dass Airport Smoking Lounge.com nicht garantieren oder garantieren kann und wird, dass die zum Herunterladen \u00fcber die Website verf\u00fcgbaren Dateien frei von Infektionen oder Viren, W\u00fcrmern, Trojanern oder anderen Codes sind, die kontaminierende oder zerst\u00f6rerische Eigenschaften aufweisen. Sie sind daf\u00fcr verantwortlich, ausreichende Verfahren und Kontrollpunkte zu implementieren, um Ihre besonderen Anforderungen an die Genauigkeit der Dateneingabe und -ausgabe zu erf\u00fcllen, und f\u00fcr die Aufrechterhaltung einer externen M\u00f6glichkeit zur Wiederherstellung verlorener Daten.<\/p>\n<p>SIE \u00dcBERNEHMEN DIE VOLLST\u00c4NDIGE VERANTWORTUNG UND DAS RISIKO F\u00dcR IHRE NUTZUNG DER WEBSITE UND DES INTERNETS. Airport Smoking Lounge.com stellt die Website und die damit verbundenen Informationen \u201ewie besehen\u201c zur Verf\u00fcgung und \u00fcbernimmt keinerlei ausdr\u00fcckliche oder stillschweigende Gew\u00e4hrleistungen, Zusicherungen oder Empfehlungen jeglicher Art (einschlie\u00dflich, aber nicht beschr\u00e4nkt auf Gew\u00e4hrleistungen des Eigentumsrechts oder der Nichtverletzung von Rechten Dritter oder der stillschweigenden Gew\u00e4hrleistungen der Marktg\u00e4ngigkeit oder der Eignung f\u00fcr einen bestimmten Zweck). IN BEZUG AUF DEN DIENST, JEGLICHE WARENINFORMATIONEN ODER DIENSTLEISTUNGEN, DIE \u00dcBER DEN DIENST ODER IM INTERNET IM ALLGEMEINEN BEREITGESTELLT WERDEN, UND Airport Smoking Lounge.com \u00dcbernimmt keine Haftung f\u00fcr Kosten oder Sch\u00e4den, die sich direkt oder indirekt aus einer solchen Transaktion ergeben. Es liegt allein in Ihrer Verantwortung, die Richtigkeit, Vollst\u00e4ndigkeit und N\u00fctzlichkeit aller Meinungen, Ratschl\u00e4ge, Dienste, Waren und sonstigen Informationen zu bewerten, die \u00fcber den Dienst oder im Internet im Allgemeinen bereitgestellt werden. Airportsmokinglounge.com GARANTIERT NICHT, DASS DER DIENST UNUNTERBROCHEN ODER FEHLERFREI IST ODER DASS FEHLER IM DIENST BEHOBEN WERDEN.<\/p>\n<p>SIE VERSTEHEN FERNER, DASS DIE REINE NATUR DES INTERNETS UNBEARBEITETES MATERIAL ENTH\u00c4LT, VON DEM EINIGE SEXUELL EXPLIZIT SIND ODER F\u00dcR SIE BELETZEND SIND. IHR ZUGRIFF AUF DIESE MATERIALIEN ERFOLGT AUF EIGENE GEFAHR. Airportsmokinglounge.com HAT KEINE KONTROLLE \u00dcBER DIESE MATERIALIEN UND \u00dcBERNIMMT KEINERLEI VERANTWORTUNG.<\/p>\n<p><strong>HAFTUNGSBESCHR\u00c4NKUNG<\/strong><\/p>\n<p>IN KEINEM FALL \u00dcBERNIMMT Airport Smoking Lounge.com die Haftung f\u00fcr (I) sich daraus ergebende zuf\u00e4llige, Folge- oder indirekte Sch\u00e4den (einschlie\u00dflich, aber nicht beschr\u00e4nkt auf Sch\u00e4den durch Gewinnverlust, Betriebsunterbrechung, Verlust von Programmen oder Informationen und \u00c4hnliches). DER NUTZUNG ODER UNM\u00d6GLICHKEIT DER NUTZUNG DES DIENSTES ODER VON INFORMATIONEN ODER TRANSAKTIONEN, DIE AUF DEM DIENST BEREITGESTELLT ODER VON DEM DIENST HERUNTERGELADEN WERDEN, ODER JEGLICHER VERZ\u00d6GERUNG DIESER INFORMATIONEN ODER DIESES DIENSTES. AUCH WENN \u201eairportsmokinglounge.com\u201c ODER SEINE AUTORISIERTEN VERTRETER \u00dcBER DIE M\u00d6GLICHKEIT SOLCHER SCH\u00c4DEN INFORMIERT WURDEN, ODER (II) JEGLICHE ANSPR\u00dcCHE, DIE AUF FEHLER, AUSLASSUNGEN ODER ANDERE UNGENAUIGKEITEN IM DIENST UND\/ODER \u00dcBER DEN DIENST HERUNTERGELADENE MATERIALIEN ODER INFORMATIONEN ZUR\u00dcCKZUF\u00dcHREN SIND. DA IN EINIGEN STAATEN DER AUSSCHLUSS ODER DIE BESCHR\u00c4NKUNG DER HAFTUNG F\u00dcR FOLGESCH\u00c4DEN ODER ZUF\u00c4LLIGE SCH\u00c4DEN NICHT ZUL\u00c4SSIG IST, GILT DIE OBIGE BESCHR\u00c4NKUNG M\u00d6GLICHERWEISE NICHT F\u00dcR SIE. IN DIESEN STAATEN IST DIE HAFTUNG VON Airport Smoking Lounge.com auf den gr\u00f6\u00dftm\u00f6glichen gesetzlich zul\u00e4ssigen Umfang beschr\u00e4nkt.<\/p>\n<p>Airportsmokinglounge.com \u00fcbernimmt keinerlei Haftung f\u00fcr andere Websites, auf die Sie \u00fcber diese Website zugreifen oder die m\u00f6glicherweise mit dieser Website verlinkt sind. Wenn Sie auf eine Website zugreifen, die nicht zu Airport Smoking Lounge.com geh\u00f6rt, beachten Sie bitte, dass diese von Airport Smoking Lounge.com unabh\u00e4ngig ist und dass Airport Smoking Lounge.com keine Kontrolle \u00fcber den Inhalt dieser Website hat. Dar\u00fcber hinaus bedeutet ein Link zu einer Website von Airport Smoking Lounge.com nicht, dass Airport Smoking Lounge.com den Inhalt oder die Nutzung dieser Website bef\u00fcrwortet oder irgendeine Verantwortung daf\u00fcr \u00fcbernimmt.<\/p>\n<p><strong>3. Schadensersatz.<\/strong><\/p>\n<p>Sie erkl\u00e4ren sich damit einverstanden, Airport Smoking Lounge.com, seine leitenden Angestellten, Direktoren, Mitarbeiter, Vertreter, Lizenzgeber, Lieferanten und alle externen Informationsanbieter des Dienstes von allen Verlusten, Ausgaben, Sch\u00e4den und Kosten, einschlie\u00dflich angemessener Anwaltskosten, freizustellen, zu verteidigen und schadlos zu halten. Geb\u00fchren, die aus einem Versto\u00df gegen diese Vereinbarung (einschlie\u00dflich fahrl\u00e4ssigem oder unrechtm\u00e4\u00dfigem Verhalten) durch Sie oder eine andere Person, die auf den Dienst zugreift, entstehen.<\/p>\n<p><strong>4. Rechte Dritter.<\/strong><\/p>\n<p>Die Bestimmungen der Abs\u00e4tze 2 (Nutzung des Dienstes) und 3 (Entsch\u00e4digung) gelten zugunsten von Airport Smoking Lounge.com und seinen leitenden Angestellten, Direktoren, Mitarbeitern, Vertretern, Lizenzgebern, Lieferanten und allen Drittanbietern von Informationen f\u00fcr den Dienst. Jede dieser nat\u00fcrlichen oder juristischen Personen hat das Recht, diese Bestimmungen im eigenen Namen direkt gegen Sie geltend zu machen und durchzusetzen.<\/p>\n<p><strong>5. Begriff; Beendigung.<\/strong><\/p>\n<p>Diese Vereinbarung kann von beiden Parteien jederzeit und aus beliebigem Grund fristlos gek\u00fcndigt werden. Die Bestimmungen der Abs\u00e4tze 1 (Urheberrecht, Lizenzen und Einreichung von Ideen), 2 (Nutzung des Dienstes), 3 (Schadensersatz), 4 (Rechte Dritter) und 6 (Sonstiges) bleiben auch nach Beendigung dieser Vereinbarung bestehen.<\/p>\n<p><strong>6. Verschiedenes.<\/strong><\/p>\n<p>Diese Vereinbarung unterliegt den Gesetzen Bulgariens, die f\u00fcr in Bulgarien geschlossene und auszuf\u00fchrende Vereinbarungen gelten, und wird in \u00dcbereinstimmung mit diesen ausgelegt. Sie erkl\u00e4ren sich damit einverstanden, dass alle rechtlichen Schritte oder Verfahren zwischen Airport Smoking Lounge.com und Ihnen zu irgendeinem Zweck im Zusammenhang mit dieser Vereinbarung oder den Verpflichtungen der Parteien hieraus ausschlie\u00dflich vor einem zust\u00e4ndigen Bundes- oder Landesgericht mit Sitz in Bulgarien verhandelt werden. Alle Klagegr\u00fcnde oder Anspr\u00fcche, die Sie in Bezug auf den Dienst haben, m\u00fcssen innerhalb eines (1) Jahres nach Entstehung des Anspruchs oder Klagegrunds geltend gemacht werden, andernfalls ist ein solcher Anspruch oder Klagegrund ausgeschlossen. Das Vers\u00e4umnis von Airport Smoking Lounge.com, auf der strikten Einhaltung einer Bestimmung dieser Vereinbarung zu bestehen oder diese durchzusetzen, kann nicht als Verzicht auf eine Bestimmung oder ein Recht ausgelegt werden. Weder das Verhalten zwischen den Parteien noch die Handelspraxis d\u00fcrfen eine Bestimmung dieser Vereinbarung \u00e4ndern. Airport Smoking Lounge.com kann seine Rechte und Pflichten aus dieser Vereinbarung jederzeit und ohne vorherige Ank\u00fcndigung an eine beliebige Partei abtreten. Alle Rechte, die hier nicht ausdr\u00fccklich gew\u00e4hrt werden, bleiben vorbehalten.<\/p>","protected":false},"excerpt":{"rendered":"<p>The airportsmokinglounge.com Web Site (the \u201cSite\u201d) is an online information service . \u201cairportsmokinglounge.com \u201c, subject to your compliance with the terms and conditions set forth below. PLEASE READ THIS DOCUMENT CAREFULLY BEFORE ACCESSING OR USING THE SITE. BY ACCESSING OR USING THE SITE, YOU AGREE TO BE BOUND BY THE TERMS AND CONDITIONS SET FORTH&hellip;&nbsp;<a href=\"https:\/\/airportsmokinglounge.com\/de\/haftungsausschluss\/\" rel=\"bookmark\">Mehr lesen \u00bb<span class=\"screen-reader-text\">Haftungsausschluss<\/span><\/a><\/p>","protected":false},"author":1,"featured_media":0,"parent":0,"menu_order":0,"comment_status":"closed","ping_status":"closed","template":"","meta":{"neve_meta_sidebar":"","neve_meta_container":"","neve_meta_enable_content_width":"off","neve_meta_content_width":100,"neve_meta_title_alignment":"","neve_meta_author_avatar":"","neve_post_elements_order":"","neve_meta_disable_header":"","neve_meta_disable_footer":"","neve_meta_disable_title":"","neve_meta_reading_time":"","footnotes":""},"class_list":["post-55","page","type-page","status-publish","hentry"],"yoast_head":"<!-- This site is optimized with the Yoast SEO plugin v26.6 - https:\/\/yoast.com\/wordpress\/plugins\/seo\/ -->\n<title>Disclaimer - airportsmokinglounge.com<\/title>\n<meta name=\"robots\" content=\"noindex, follow\" \/>\n<meta property=\"og:locale\" content=\"de_DE\" \/>\n<meta property=\"og:type\" content=\"article\" \/>\n<meta property=\"og:title\" content=\"Disclaimer - airportsmokinglounge.com\" \/>\n<meta property=\"og:description\" content=\"The airportsmokinglounge.com Web Site (the \u201cSite\u201d) is an online information service . \u201cairportsmokinglounge.com \u201c, subject to your compliance with the terms and conditions set forth below. PLEASE READ THIS DOCUMENT CAREFULLY BEFORE ACCESSING OR USING THE SITE. BY ACCESSING OR USING THE SITE, YOU AGREE TO BE BOUND BY THE TERMS AND CONDITIONS SET FORTH&hellip;&nbsp;Mehr lesen &raquo;Disclaimer\" \/>\n<meta property=\"og:url\" content=\"https:\/\/airportsmokinglounge.com\/de\/haftungsausschluss\/\" \/>\n<meta property=\"og:site_name\" content=\"airportsmokinglounge.com\" \/>\n<meta property=\"article:modified_time\" content=\"2023-02-15T15:08:03+00:00\" \/>\n<meta name=\"twitter:card\" content=\"summary_large_image\" \/>\n<meta name=\"twitter:label1\" content=\"Gesch\u00e4tzte Lesezeit\" \/>\n\t<meta name=\"twitter:data1\" content=\"6\u00a0Minuten\" \/>\n<script type=\"application\/ld+json\" class=\"yoast-schema-graph\">{\"@context\":\"https:\/\/schema.org\",\"@graph\":[{\"@type\":\"WebPage\",\"@id\":\"https:\/\/airportsmokinglounge.com\/disclaimer\/\",\"url\":\"https:\/\/airportsmokinglounge.com\/disclaimer\/\",\"name\":\"Disclaimer - airportsmokinglounge.com\",\"isPartOf\":{\"@id\":\"https:\/\/airportsmokinglounge.com\/#website\"},\"datePublished\":\"2023-02-15T15:05:13+00:00\",\"dateModified\":\"2023-02-15T15:08:03+00:00\",\"breadcrumb\":{\"@id\":\"https:\/\/airportsmokinglounge.com\/disclaimer\/#breadcrumb\"},\"inLanguage\":\"de\",\"potentialAction\":[{\"@type\":\"ReadAction\",\"target\":[\"https:\/\/airportsmokinglounge.com\/disclaimer\/\"]}]},{\"@type\":\"BreadcrumbList\",\"@id\":\"https:\/\/airportsmokinglounge.com\/disclaimer\/#breadcrumb\",\"itemListElement\":[{\"@type\":\"ListItem\",\"position\":1,\"name\":\"Home\",\"item\":\"https:\/\/airportsmokinglounge.com\/\"},{\"@type\":\"ListItem\",\"position\":2,\"name\":\"Disclaimer\"}]},{\"@type\":\"WebSite\",\"@id\":\"https:\/\/airportsmokinglounge.com\/#website\",\"url\":\"https:\/\/airportsmokinglounge.com\/\",\"name\":\"airportsmokinglounge.com\",\"description\":\"\",\"potentialAction\":[{\"@type\":\"SearchAction\",\"target\":{\"@type\":\"EntryPoint\",\"urlTemplate\":\"https:\/\/airportsmokinglounge.com\/?s={search_term_string}\"},\"query-input\":{\"@type\":\"PropertyValueSpecification\",\"valueRequired\":true,\"valueName\":\"search_term_string\"}}],\"inLanguage\":\"de\"}]}<\/script>\n<!-- \/ Yoast SEO plugin. -->","yoast_head_json":{"title":"Haftungsausschluss \u2013 Airport Smoking Lounge.com","robots":{"index":"noindex","follow":"follow"},"og_locale":"de_DE","og_type":"article","og_title":"Disclaimer - airportsmokinglounge.com","og_description":"The airportsmokinglounge.com Web Site (the \u201cSite\u201d) is an online information service . \u201cairportsmokinglounge.com \u201c, subject to your compliance with the terms and conditions set forth below. PLEASE READ THIS DOCUMENT CAREFULLY BEFORE ACCESSING OR USING THE SITE. BY ACCESSING OR USING THE SITE, YOU AGREE TO BE BOUND BY THE TERMS AND CONDITIONS SET FORTH&hellip;&nbsp;Mehr lesen &raquo;Disclaimer","og_url":"https:\/\/airportsmokinglounge.com\/de\/haftungsausschluss\/","og_site_name":"airportsmokinglounge.com","article_modified_time":"2023-02-15T15:08:03+00:00","twitter_card":"summary_large_image","twitter_misc":{"Gesch\u00e4tzte Lesezeit":"6\u00a0Minuten"},"schema":{"@context":"https:\/\/schema.org","@graph":[{"@type":"WebPage","@id":"https:\/\/airportsmokinglounge.com\/disclaimer\/","url":"https:\/\/airportsmokinglounge.com\/disclaimer\/","name":"Haftungsausschluss \u2013 Airport Smoking Lounge.com","isPartOf":{"@id":"https:\/\/airportsmokinglounge.com\/#website"},"datePublished":"2023-02-15T15:05:13+00:00","dateModified":"2023-02-15T15:08:03+00:00","breadcrumb":{"@id":"https:\/\/airportsmokinglounge.com\/disclaimer\/#breadcrumb"},"inLanguage":"de","potentialAction":[{"@type":"ReadAction","target":["https:\/\/airportsmokinglounge.com\/disclaimer\/"]}]},{"@type":"BreadcrumbList","@id":"https:\/\/airportsmokinglounge.com\/disclaimer\/#breadcrumb","itemListElement":[{"@type":"ListItem","position":1,"name":"Home","item":"https:\/\/airportsmokinglounge.com\/"},{"@type":"ListItem","position":2,"name":"Disclaimer"}]},{"@type":"WebSite","@id":"https:\/\/airportsmokinglounge.com\/#website","url":"https:\/\/airportsmokinglounge.com\/","name":"Flughafenraucherlounge.com","description":"","potentialAction":[{"@type":"SearchAction","target":{"@type":"EntryPoint","urlTemplate":"https:\/\/airportsmokinglounge.com\/?s={search_term_string}"},"query-input":{"@type":"PropertyValueSpecification","valueRequired":true,"valueName":"search_term_string"}}],"inLanguage":"de"}]}},"_links":{"self":[{"href":"https:\/\/airportsmokinglounge.com\/de\/wp-json\/wp\/v2\/pages\/55","targetHints":{"allow":["GET"]}}],"collection":[{"href":"https:\/\/airportsmokinglounge.com\/de\/wp-json\/wp\/v2\/pages"}],"about":[{"href":"https:\/\/airportsmokinglounge.com\/de\/wp-json\/wp\/v2\/types\/page"}],"author":[{"embeddable":true,"href":"https:\/\/airportsmokinglounge.com\/de\/wp-json\/wp\/v2\/users\/1"}],"replies":[{"embeddable":true,"href":"https:\/\/airportsmokinglounge.com\/de\/wp-json\/wp\/v2\/comments?post=55"}],"version-history":[{"count":2,"href":"https:\/\/airportsmokinglounge.com\/de\/wp-json\/wp\/v2\/pages\/55\/revisions"}],"predecessor-version":[{"id":57,"href":"https:\/\/airportsmokinglounge.com\/de\/wp-json\/wp\/v2\/pages\/55\/revisions\/57"}],"wp:attachment":[{"href":"https:\/\/airportsmokinglounge.com\/de\/wp-json\/wp\/v2\/media?parent=55"}],"curies":[{"name":"wp","href":"https:\/\/api.w.org\/{rel}","templated":true}]}}