{"id":5564,"date":"2023-05-21T20:46:02","date_gmt":"2023-05-21T18:46:02","guid":{"rendered":"https:\/\/airportsmokinglounge.com\/?page_id=5564"},"modified":"2023-05-21T21:26:15","modified_gmt":"2023-05-21T19:26:15","slug":"smoking-areas-in-senegal-airports","status":"publish","type":"page","link":"https:\/\/airportsmokinglounge.com\/de\/raucherbereiche-in-senegalischen-flughafen\/","title":{"rendered":"Raucherbereiche auf Flugh\u00e4fen im Senegal"},"content":{"rendered":"<p>Senegal verf\u00fcgt \u00fcber mehrere Flugh\u00e4fen, von kleinen Regionalflugh\u00e4fen bis hin zu gr\u00f6\u00dferen internationalen Drehkreuzen.<\/p>\n<p>Auf dieser Website finden Sie alle Raucherbereiche an Flugh\u00e4fen, einschlie\u00dflich ausgewiesener Raucherbereiche und verf\u00fcgbarer Einrichtungen. Wir verstehen die Frustration, wenn man durch die Sicherheitskontrolle geht und dann feststellt, dass es nirgendwo Raucherbereiche gibt und in manchen F\u00e4llen E-Zigaretten m\u00f6glicherweise nicht erlaubt sind.<\/p>\n<p>Dieser Service richtet sich an alle Raucher, die vor oder nach langen Fl\u00fcgen eine Zigarette genie\u00dfen m\u00f6chten.<\/p>\n<h2>Flugh\u00e4fen im Senegal<\/h2>\n<ul>\n<li><a href=\"https:\/\/airportsmokinglounge.com\/de\/raucherbereiche-am-blaise-diagne-international-airport-dss\/\">Internationaler Flughafen Dakar-Blaise Diagne (DSS)<\/a><\/li>\n<li><a href=\"https:\/\/airportsmokinglounge.com\/de\/raucherbereiche-am-leopold-sedar-senghor-international-airport-dkr\/\">Internationaler Flughafen L\u00e9opold S\u00e9dar Senghor (DKR)<\/a><\/li>\n<li><a href=\"https:\/\/airportsmokinglounge.com\/de\/raucherbereiche-am-flughafen-ziguinchor-zig\/\">Flughafen Ziguinchor (ZIG)<\/a><\/li>\n<li><a href=\"https:\/\/airportsmokinglounge.com\/de\/raucherbereiche-am-cap-skirring-airport-csk\/\">Flughafen Cap Skirring (CSK)<\/a><\/li>\n<li><a href=\"https:\/\/airportsmokinglounge.com\/de\/raucherbereiche-am-flughafen-saint-louis-xls\/\">Flughafen Saint-Louis (XLS)<\/a><\/li>\n<\/ul>\n<h2>Senegalisches Rauchergesetz<\/h2>\n<p>Der Sudan hat Rauchergesetze und -vorschriften eingef\u00fchrt, um die \u00f6ffentliche Gesundheit zu sch\u00fctzen und den Tabakkonsum zu reduzieren. Bitte beachten Sie jedoch, dass sich die Rauchgesetze im Laufe der Zeit \u00e4ndern k\u00f6nnen. Daher ist es ratsam, sich \u00fcber die neuesten Gesetze zu informieren oder die \u00f6rtlichen Beh\u00f6rden zu konsultieren, um die aktuellsten Informationen zu den Rauchgesetzen im Sudan zu erhalten.<\/p>\n<p>Im Sudan ist das Rauchen in geschlossenen \u00f6ffentlichen R\u00e4umen, einschlie\u00dflich Innenbereichen von Restaurants, Bars, Einkaufszentren und Regierungsgeb\u00e4uden, generell verboten. Diese Bereiche sind als rauchfrei ausgewiesen und das Rauchen ist im Inneren nicht gestattet.<\/p>\n<p><strong>Weitere Raucherbereiche am Flughafen\u00a0<\/strong><\/p>\n<ul>\n<li><a href=\"https:\/\/airportsmokinglounge.com\/de\/rauchen-in-den-flughafen-von-nordamerika\/\">Nordamerika<\/a><\/li>\n<li><a href=\"https:\/\/airportsmokinglounge.com\/de\/rauchen-auf-den-flughafen-sudamerikas\/\">S\u00fcdamerika<\/a><\/li>\n<li><a href=\"https:\/\/airportsmokinglounge.com\/de\/raucherbereiche-in-europaischen-flughafen\/\">Europa<\/a><\/li>\n<li><a href=\"https:\/\/airportsmokinglounge.com\/de\/rauchen-auf-flughafen-in-asien\/\">Asien<\/a><\/li>\n<li><a href=\"https:\/\/airportsmokinglounge.com\/de\/rauchen-auf-flughafen-in-ozeanien\/\">Ozeanien<\/a><\/li>\n<\/ul>","protected":false},"excerpt":{"rendered":"<p>Senegal verf\u00fcgt \u00fcber mehrere Flugh\u00e4fen, von kleinen Regionalflugh\u00e4fen bis hin zu gro\u00dfen internationalen Drehkreuzen. Auf dieser Website finden Sie alle Raucherbereiche an Flugh\u00e4fen, einschlie\u00dflich ausgewiesener Raucherbereiche und verf\u00fcgbarer Einrichtungen. Wir verstehen die Frustration, wenn Sie bei der Sicherheitskontrolle feststellen, dass es nirgendwo Raucherbereiche gibt und in manchen F\u00e4llen E-Zigaretten\u2026&nbsp;<a href=\"https:\/\/airportsmokinglounge.com\/de\/raucherbereiche-in-senegalischen-flughafen\/\" rel=\"bookmark\">Mehr lesen \u00bb<span class=\"screen-reader-text\">Raucherbereiche auf Flugh\u00e4fen im Senegal<\/span><\/a><\/p>","protected":false},"author":1,"featured_media":1199,"parent":0,"menu_order":0,"comment_status":"closed","ping_status":"closed","template":"","meta":{"neve_meta_sidebar":"","neve_meta_container":"","neve_meta_enable_content_width":"off","neve_meta_content_width":100,"neve_meta_title_alignment":"","neve_meta_author_avatar":"","neve_post_elements_order":"","neve_meta_disable_header":"","neve_meta_disable_footer":"","neve_meta_disable_title":"","neve_meta_reading_time":"","footnotes":""},"class_list":["post-5564","page","type-page","status-publish","has-post-thumbnail","hentry"],"yoast_head":"<!-- This site is optimized with the Yoast SEO plugin v26.6 - https:\/\/yoast.com\/wordpress\/plugins\/seo\/ -->\n<title>Smoking areas in Senegal airports - airportsmokinglounge.com<\/title>\n<meta name=\"description\" content=\"Smoking Areas in Senegal Airports - Your Ultimate Guide to Finding a Place to Smoke \u2714\ufe0e Find Your Next Smoke Break Spot \u2714\ufe0e\" \/>\n<meta name=\"robots\" content=\"index, follow, max-snippet:-1, max-image-preview:large, max-video-preview:-1\" \/>\n<link rel=\"canonical\" href=\"https:\/\/airportsmokinglounge.com\/de\/raucherbereiche-in-senegalischen-flughafen\/\" \/>\n<meta property=\"og:locale\" content=\"de_DE\" \/>\n<meta property=\"og:type\" content=\"article\" \/>\n<meta property=\"og:title\" content=\"Smoking areas in Senegal airports - airportsmokinglounge.com\" \/>\n<meta property=\"og:description\" content=\"Smoking Areas in Senegal Airports - Your Ultimate Guide to Finding a Place to Smoke \u2714\ufe0e Find Your Next Smoke Break Spot \u2714\ufe0e\" \/>\n<meta property=\"og:url\" content=\"https:\/\/airportsmokinglounge.com\/de\/raucherbereiche-in-senegalischen-flughafen\/\" \/>\n<meta property=\"og:site_name\" content=\"airportsmokinglounge.com\" \/>\n<meta property=\"article:modified_time\" content=\"2023-05-21T19:26:15+00:00\" \/>\n<meta property=\"og:image\" content=\"https:\/\/airportsmokinglounge.com\/wp-content\/uploads\/2023\/03\/airport-smoking-lounge-4.jpg\" \/>\n\t<meta property=\"og:image:width\" content=\"2048\" \/>\n\t<meta property=\"og:image:height\" content=\"1152\" \/>\n\t<meta property=\"og:image:type\" content=\"image\/jpeg\" \/>\n<meta name=\"twitter:card\" content=\"summary_large_image\" \/>\n<meta name=\"twitter:label1\" content=\"Gesch\u00e4tzte Lesezeit\" \/>\n\t<meta name=\"twitter:data1\" content=\"1\u00a0Minute\" \/>\n<script type=\"application\/ld+json\" class=\"yoast-schema-graph\">{\"@context\":\"https:\/\/schema.org\",\"@graph\":[{\"@type\":\"WebPage\",\"@id\":\"https:\/\/airportsmokinglounge.com\/smoking-areas-in-senegal-airports\/\",\"url\":\"https:\/\/airportsmokinglounge.com\/smoking-areas-in-senegal-airports\/\",\"name\":\"Smoking areas in Senegal airports - airportsmokinglounge.com\",\"isPartOf\":{\"@id\":\"https:\/\/airportsmokinglounge.com\/#website\"},\"primaryImageOfPage\":{\"@id\":\"https:\/\/airportsmokinglounge.com\/smoking-areas-in-senegal-airports\/#primaryimage\"},\"image\":{\"@id\":\"https:\/\/airportsmokinglounge.com\/smoking-areas-in-senegal-airports\/#primaryimage\"},\"thumbnailUrl\":\"https:\/\/airportsmokinglounge.com\/wp-content\/uploads\/2023\/03\/airport-smoking-lounge-4.jpg\",\"datePublished\":\"2023-05-21T18:46:02+00:00\",\"dateModified\":\"2023-05-21T19:26:15+00:00\",\"description\":\"Smoking Areas in Senegal Airports - Your Ultimate Guide to Finding a Place to Smoke \u2714\ufe0e Find Your Next Smoke Break Spot \u2714\ufe0e\",\"breadcrumb\":{\"@id\":\"https:\/\/airportsmokinglounge.com\/smoking-areas-in-senegal-airports\/#breadcrumb\"},\"inLanguage\":\"de\",\"potentialAction\":[{\"@type\":\"ReadAction\",\"target\":[\"https:\/\/airportsmokinglounge.com\/smoking-areas-in-senegal-airports\/\"]}]},{\"@type\":\"ImageObject\",\"inLanguage\":\"de\",\"@id\":\"https:\/\/airportsmokinglounge.com\/smoking-areas-in-senegal-airports\/#primaryimage\",\"url\":\"https:\/\/airportsmokinglounge.com\/wp-content\/uploads\/2023\/03\/airport-smoking-lounge-4.jpg\",\"contentUrl\":\"https:\/\/airportsmokinglounge.com\/wp-content\/uploads\/2023\/03\/airport-smoking-lounge-4.jpg\",\"width\":2048,\"height\":1152,\"caption\":\"Airport Smoking\"},{\"@type\":\"BreadcrumbList\",\"@id\":\"https:\/\/airportsmokinglounge.com\/smoking-areas-in-senegal-airports\/#breadcrumb\",\"itemListElement\":[{\"@type\":\"ListItem\",\"position\":1,\"name\":\"Home\",\"item\":\"https:\/\/airportsmokinglounge.com\/\"},{\"@type\":\"ListItem\",\"position\":2,\"name\":\"Smoking areas in Senegal airports\"}]},{\"@type\":\"WebSite\",\"@id\":\"https:\/\/airportsmokinglounge.com\/#website\",\"url\":\"https:\/\/airportsmokinglounge.com\/\",\"name\":\"airportsmokinglounge.com\",\"description\":\"\",\"potentialAction\":[{\"@type\":\"SearchAction\",\"target\":{\"@type\":\"EntryPoint\",\"urlTemplate\":\"https:\/\/airportsmokinglounge.com\/?s={search_term_string}\"},\"query-input\":{\"@type\":\"PropertyValueSpecification\",\"valueRequired\":true,\"valueName\":\"search_term_string\"}}],\"inLanguage\":\"de\"}]}<\/script>\n<!-- \/ Yoast SEO plugin. -->","yoast_head_json":{"title":"Raucherbereiche in Flugh\u00e4fen im Senegal - Airport Smoking Lounge.com","description":"Raucherbereiche auf senegalesischen Flugh\u00e4fen \u2013 Ihr ultimativer Leitfaden zur Suche nach einem Ort zum Rauchen \u2714\ufe0e Finden Sie Ihren n\u00e4chsten Raucherpausenplatz \u2714\ufe0e","robots":{"index":"index","follow":"follow","max-snippet":"max-snippet:-1","max-image-preview":"max-image-preview:large","max-video-preview":"max-video-preview:-1"},"canonical":"https:\/\/airportsmokinglounge.com\/de\/raucherbereiche-in-senegalischen-flughafen\/","og_locale":"de_DE","og_type":"article","og_title":"Smoking areas in Senegal airports - airportsmokinglounge.com","og_description":"Smoking Areas in Senegal Airports - Your Ultimate Guide to Finding a Place to Smoke \u2714\ufe0e Find Your Next Smoke Break Spot \u2714\ufe0e","og_url":"https:\/\/airportsmokinglounge.com\/de\/raucherbereiche-in-senegalischen-flughafen\/","og_site_name":"airportsmokinglounge.com","article_modified_time":"2023-05-21T19:26:15+00:00","og_image":[{"width":2048,"height":1152,"url":"https:\/\/airportsmokinglounge.com\/wp-content\/uploads\/2023\/03\/airport-smoking-lounge-4.jpg","type":"image\/jpeg"}],"twitter_card":"summary_large_image","twitter_misc":{"Gesch\u00e4tzte Lesezeit":"1\u00a0Minute"},"schema":{"@context":"https:\/\/schema.org","@graph":[{"@type":"WebPage","@id":"https:\/\/airportsmokinglounge.com\/smoking-areas-in-senegal-airports\/","url":"https:\/\/airportsmokinglounge.com\/smoking-areas-in-senegal-airports\/","name":"Raucherbereiche in Flugh\u00e4fen im Senegal - Airport Smoking Lounge.com","isPartOf":{"@id":"https:\/\/airportsmokinglounge.com\/#website"},"primaryImageOfPage":{"@id":"https:\/\/airportsmokinglounge.com\/smoking-areas-in-senegal-airports\/#primaryimage"},"image":{"@id":"https:\/\/airportsmokinglounge.com\/smoking-areas-in-senegal-airports\/#primaryimage"},"thumbnailUrl":"https:\/\/airportsmokinglounge.com\/wp-content\/uploads\/2023\/03\/airport-smoking-lounge-4.jpg","datePublished":"2023-05-21T18:46:02+00:00","dateModified":"2023-05-21T19:26:15+00:00","description":"Raucherbereiche auf senegalesischen Flugh\u00e4fen \u2013 Ihr ultimativer Leitfaden zur Suche nach einem Ort zum Rauchen \u2714\ufe0e Finden Sie Ihren n\u00e4chsten Raucherpausenplatz \u2714\ufe0e","breadcrumb":{"@id":"https:\/\/airportsmokinglounge.com\/smoking-areas-in-senegal-airports\/#breadcrumb"},"inLanguage":"de","potentialAction":[{"@type":"ReadAction","target":["https:\/\/airportsmokinglounge.com\/smoking-areas-in-senegal-airports\/"]}]},{"@type":"ImageObject","inLanguage":"de","@id":"https:\/\/airportsmokinglounge.com\/smoking-areas-in-senegal-airports\/#primaryimage","url":"https:\/\/airportsmokinglounge.com\/wp-content\/uploads\/2023\/03\/airport-smoking-lounge-4.jpg","contentUrl":"https:\/\/airportsmokinglounge.com\/wp-content\/uploads\/2023\/03\/airport-smoking-lounge-4.jpg","width":2048,"height":1152,"caption":"Airport Smoking"},{"@type":"BreadcrumbList","@id":"https:\/\/airportsmokinglounge.com\/smoking-areas-in-senegal-airports\/#breadcrumb","itemListElement":[{"@type":"ListItem","position":1,"name":"Home","item":"https:\/\/airportsmokinglounge.com\/"},{"@type":"ListItem","position":2,"name":"Smoking areas in Senegal airports"}]},{"@type":"WebSite","@id":"https:\/\/airportsmokinglounge.com\/#website","url":"https:\/\/airportsmokinglounge.com\/","name":"Flughafenraucherlounge.com","description":"","potentialAction":[{"@type":"SearchAction","target":{"@type":"EntryPoint","urlTemplate":"https:\/\/airportsmokinglounge.com\/?s={search_term_string}"},"query-input":{"@type":"PropertyValueSpecification","valueRequired":true,"valueName":"search_term_string"}}],"inLanguage":"de"}]}},"_links":{"self":[{"href":"https:\/\/airportsmokinglounge.com\/de\/wp-json\/wp\/v2\/pages\/5564","targetHints":{"allow":["GET"]}}],"collection":[{"href":"https:\/\/airportsmokinglounge.com\/de\/wp-json\/wp\/v2\/pages"}],"about":[{"href":"https:\/\/airportsmokinglounge.com\/de\/wp-json\/wp\/v2\/types\/page"}],"author":[{"embeddable":true,"href":"https:\/\/airportsmokinglounge.com\/de\/wp-json\/wp\/v2\/users\/1"}],"replies":[{"embeddable":true,"href":"https:\/\/airportsmokinglounge.com\/de\/wp-json\/wp\/v2\/comments?post=5564"}],"version-history":[{"count":3,"href":"https:\/\/airportsmokinglounge.com\/de\/wp-json\/wp\/v2\/pages\/5564\/revisions"}],"predecessor-version":[{"id":5606,"href":"https:\/\/airportsmokinglounge.com\/de\/wp-json\/wp\/v2\/pages\/5564\/revisions\/5606"}],"wp:featuredmedia":[{"embeddable":true,"href":"https:\/\/airportsmokinglounge.com\/de\/wp-json\/wp\/v2\/media\/1199"}],"wp:attachment":[{"href":"https:\/\/airportsmokinglounge.com\/de\/wp-json\/wp\/v2\/media?parent=5564"}],"curies":[{"name":"wp","href":"https:\/\/api.w.org\/{rel}","templated":true}]}}