{"id":5597,"date":"2023-05-21T21:14:43","date_gmt":"2023-05-21T19:14:43","guid":{"rendered":"https:\/\/airportsmokinglounge.com\/?page_id=5597"},"modified":"2023-11-28T21:01:49","modified_gmt":"2023-11-28T20:01:49","slug":"smoking-areas-at-leopold-sedar-senghor-international-airport-dkr","status":"publish","type":"page","link":"https:\/\/airportsmokinglounge.com\/de\/raucherbereiche-am-leopold-sedar-senghor-international-airport-dkr\/","title":{"rendered":"Raucherbereiche am L\u00e9opold S\u00e9dar Senghor International Airport (DKR)"},"content":{"rendered":"<p>Der L\u00e9opold S\u00e9dar Senghor International Airport (DKR), auch bekannt als Dakar Airport, ist der wichtigste internationale Flughafen f\u00fcr Dakar, die Hauptstadt Senegals. Er liegt in Yoff, etwa 17 Kilometer nordwestlich der Innenstadt von Dakar, und ist der gr\u00f6\u00dfte und verkehrsreichste Flughafen des Landes.<\/p>\n<p>Der internationale Flughafen L\u00e9opold S\u00e9dar Senghor verf\u00fcgt \u00fcber ein modernes Terminalgeb\u00e4ude, das den Passagieren eine breite Palette an Einrichtungen und Dienstleistungen bietet. Dazu geh\u00f6ren Check-in-Schalter, Einwanderungs- und Zolleinrichtungen, Duty-Free-Shops, Restaurants, Geldwechseldienste, Autovermietungen und Lounges. Der Flughafen wurde renoviert und erweitert, um seine Infrastruktur und Kapazit\u00e4t zu verbessern.<\/p>\n<h2>Raucherbereiche vor der Sicherheitskontrolle<\/h2>\n<ul>\n<li><span style=\"font-size: 14pt;\">Rauchen ist nur au\u00dferhalb des Terminals gestattet<\/span><\/li>\n<\/ul>\n<h2>Raucherbereiche nach der Sicherheitskontrolle<\/h2>\n<ul>\n<li><span style=\"font-size: 14pt;\">Nach dem Check-in d\u00fcrfen Sie hier nur gegen Geb\u00fchr rauchen.<br \/>\nDie Infiniti Lounge (Eintritt derzeit 10.000 FCFA oder 16Euro) <\/span>Senegalisches Rauchergesetz<\/li>\n<\/ul>\n<figure id=\"attachment_6433\" aria-describedby=\"caption-attachment-6433\" style=\"width: 900px\" class=\"wp-caption aligncenter\"><img decoding=\"async\" class=\"size-full wp-image-6433\" src=\"https:\/\/airportsmokinglounge.com\/wp-content\/uploads\/2023\/11\/20231121_235427-scaled-e1701201699105.jpg\" alt=\"Raucherlounge am internationalen Flughafen Dakar (DKR)\" width=\"900\" height=\"415\" \/><figcaption id=\"caption-attachment-6433\" class=\"wp-caption-text\">\u00a9 Ludwig<\/figcaption><\/figure>\n<figure id=\"attachment_6432\" aria-describedby=\"caption-attachment-6432\" style=\"width: 472px\" class=\"wp-caption aligncenter\"><img decoding=\"async\" class=\"wp-image-6432 size-large\" src=\"https:\/\/airportsmokinglounge.com\/wp-content\/uploads\/2023\/11\/20231121_235413-472x1024.jpg\" alt=\"Raucherbereiche am internationalen Flughafen Dakar L\u00e9opold S\u00e9dar Senghor (DKR)\" width=\"472\" height=\"1024\" srcset=\"https:\/\/airportsmokinglounge.com\/wp-content\/uploads\/2023\/11\/20231121_235413-472x1024.jpg 472w, https:\/\/airportsmokinglounge.com\/wp-content\/uploads\/2023\/11\/20231121_235413-138x300.jpg 138w, https:\/\/airportsmokinglounge.com\/wp-content\/uploads\/2023\/11\/20231121_235413-768x1666.jpg 768w, https:\/\/airportsmokinglounge.com\/wp-content\/uploads\/2023\/11\/20231121_235413-708x1536.jpg 708w, https:\/\/airportsmokinglounge.com\/wp-content\/uploads\/2023\/11\/20231121_235413-944x2048.jpg 944w, https:\/\/airportsmokinglounge.com\/wp-content\/uploads\/2023\/11\/20231121_235413-6x12.jpg 6w, https:\/\/airportsmokinglounge.com\/wp-content\/uploads\/2023\/11\/20231121_235413-scaled.jpg 1180w\" sizes=\"(max-width: 472px) 100vw, 472px\" \/><figcaption id=\"caption-attachment-6432\" class=\"wp-caption-text\">\u00a9 Ludwig<\/figcaption><\/figure>\n<figure id=\"attachment_6431\" aria-describedby=\"caption-attachment-6431\" style=\"width: 472px\" class=\"wp-caption aligncenter\"><img decoding=\"async\" class=\"wp-image-6431 size-large\" src=\"https:\/\/airportsmokinglounge.com\/wp-content\/uploads\/2023\/11\/20231121_234450-472x1024.jpg\" alt=\"Raucherbereiche am L\u00e9opold S\u00e9dar Senghor International Airport (DKR)\" width=\"472\" height=\"1024\" srcset=\"https:\/\/airportsmokinglounge.com\/wp-content\/uploads\/2023\/11\/20231121_234450-472x1024.jpg 472w, https:\/\/airportsmokinglounge.com\/wp-content\/uploads\/2023\/11\/20231121_234450-138x300.jpg 138w, https:\/\/airportsmokinglounge.com\/wp-content\/uploads\/2023\/11\/20231121_234450-768x1667.jpg 768w, https:\/\/airportsmokinglounge.com\/wp-content\/uploads\/2023\/11\/20231121_234450-708x1536.jpg 708w, https:\/\/airportsmokinglounge.com\/wp-content\/uploads\/2023\/11\/20231121_234450-944x2048.jpg 944w, https:\/\/airportsmokinglounge.com\/wp-content\/uploads\/2023\/11\/20231121_234450-6x12.jpg 6w, https:\/\/airportsmokinglounge.com\/wp-content\/uploads\/2023\/11\/20231121_234450-scaled.jpg 1180w\" sizes=\"(max-width: 472px) 100vw, 472px\" \/><figcaption id=\"caption-attachment-6431\" class=\"wp-caption-text\">\u00a9 Ludwig<\/figcaption><\/figure>\n<p>Der Sudan hat Rauchergesetze und -vorschriften eingef\u00fchrt, um die \u00f6ffentliche Gesundheit zu sch\u00fctzen und den Tabakkonsum zu reduzieren. Bitte beachten Sie jedoch, dass sich die Rauchgesetze im Laufe der Zeit \u00e4ndern k\u00f6nnen. Daher ist es ratsam, sich \u00fcber die neuesten Gesetze zu informieren oder die \u00f6rtlichen Beh\u00f6rden zu konsultieren, um die aktuellsten Informationen zu den Rauchgesetzen im Sudan zu erhalten.<\/p>\n<p>Im Sudan ist das Rauchen in geschlossenen \u00f6ffentlichen R\u00e4umen, einschlie\u00dflich Innenbereichen von Restaurants, Bars, Einkaufszentren und Regierungsgeb\u00e4uden, generell verboten. Diese Bereiche sind als rauchfrei ausgewiesen und das Rauchen ist im Inneren nicht gestattet.<\/p>\n<h3>H\u00e4ufig gestellte Fragen<\/h3>\n<h4>Sind Raucherbereiche am Flughafen rund um die Uhr verf\u00fcgbar?<\/h4>\n<p>Die Verf\u00fcgbarkeit von Raucherbereichen am Flughafen kann je nach Flughafen und Standort variieren. Einige Raucherbereiche sind 24 Stunden am Tag ge\u00f6ffnet, w\u00e4hrend andere m\u00f6glicherweise eingeschr\u00e4nkte \u00d6ffnungszeiten haben oder zu bestimmten Zeiten geschlossen sind. Am besten erkundigen Sie sich beim Flughafen oder besuchen Sie dessen Website, um genaue Informationen zu den \u00d6ffnungszeiten des Raucherbereichs zu erhalten.<\/p>\n<h4>Darf ich eigene Speisen und Getr\u00e4nke in den Raucherbereich mitbringen?<\/h4>\n<p>Dies kann vom jeweiligen Raucherbereich und Flughafen abh\u00e4ngen. In einigen Bereichen ist das Rauchen von Speisen und Getr\u00e4nken au\u00dferhalb des Raucherbereichs gestattet, w\u00e4hrend in anderen Bereichen m\u00f6glicherweise Einschr\u00e4nkungen gelten oder dies ganz verboten ist. Erkundigen Sie sich am besten beim Flughafen oder an der Beschilderung des Raucherbereichs nach den spezifischen Regeln und Vorschriften.<\/p>\n<h4>Ist das Rauchen in allen Raucherbereichen des Flughafens erlaubt?<\/h4>\n<p>M\u00f6glicherweise ist das Rauchen nicht in allen Raucherbereichen des Flughafens gestattet. Einige Flugh\u00e4fen verf\u00fcgen m\u00f6glicherweise \u00fcber ausgewiesene Bereiche f\u00fcr elektronische Zigaretten oder E-Zigaretten, die von den herk\u00f6mmlichen Raucherbereichen getrennt sind. Informieren Sie sich unbedingt \u00fcber die spezifischen Regeln und Vorschriften f\u00fcr den Raucherbereich, den Sie nutzen m\u00f6chten.<\/p>\n<h4>Sind Raucherbereiche klimatisiert oder beheizt?<\/h4>\n<p>Die Temperatur und Bel\u00fcftung der Raucherbereiche am Flughafen kann stark variieren. Einige sind m\u00f6glicherweise klimatisiert oder beheizt, w\u00e4hrend es sich bei anderen m\u00f6glicherweise um Freiluftr\u00e4ume mit begrenztem Schutz vor Witterungseinfl\u00fcssen handelt. Erkundigen Sie sich unbedingt vorab beim Flughafen oder besuchen Sie den Raucherbereich, um die Bedingungen zu ermitteln und sich entsprechend vorzubereiten.<\/p>\n<h4>Sind Raucherbereiche f\u00fcr Reisende mit Behinderungen zug\u00e4nglich?<\/h4>\n<p>Viele Flugh\u00e4fen haben Anstrengungen unternommen, ihre Raucherbereiche f\u00fcr Reisende mit Behinderungen zug\u00e4nglich zu machen. Allerdings kann die Zug\u00e4nglichkeit bestimmter Raucherbereiche stark variieren. Erkundigen Sie sich unbedingt beim Flughafen oder besuchen Sie den Raucherbereich im Voraus, um festzustellen, ob er zug\u00e4nglich ist und Ihren Bed\u00fcrfnissen entspricht.<\/p>\n<p><strong><span style=\"font-size: 14pt;\">Sende uns Feedback<\/span><\/strong><\/p>\n<p><span style=\"font-size: 14pt;\">Wenn Sie am Flughafen sind, k\u00f6nnen Sie uns gerne Bilder der Raucherbereiche zusenden. Dies wird uns helfen, unsere Datenbank schneller zu f\u00fcllen. Du kannst das <strong><a href=\"https:\/\/airportsmokinglounge.com\/de\/kontakt\/\">Hier<\/a>.<\/strong> Die Bilder werden unter Angabe der Bildquelle (Name) auf unserer Website ver\u00f6ffentlicht. Teilen Sie diese Bilder gerne mit uns und allen Besuchern von Airport Smoking Lounge.com<\/span>.<\/p>\n<p><span style=\"font-size: 14pt;\"><strong>Rauchergebiete in Afrika:<\/strong><\/span><\/p>\n<ul>\n<li><a href=\"https:\/\/airportsmokinglounge.com\/de\/rauchen-auf-flughafen-in-afrika\/\"><span style=\"font-size: 14pt;\">Flugh\u00e4fen in Afrika<\/span><\/a><\/li>\n<\/ul>","protected":false},"excerpt":{"rendered":"<p>L\u00e9opold S\u00e9dar Senghor International Airport (DKR), also known as Dakar Airport, is the main international airport serving Dakar, the capital city of Senegal. Located in Yoff, approximately 17 kilometers northwest of downtown Dakar, it is the largest and busiest airport in the country. L\u00e9opold S\u00e9dar Senghor International Airport features a modern terminal building that offers&hellip;&nbsp;<a href=\"https:\/\/airportsmokinglounge.com\/de\/raucherbereiche-am-leopold-sedar-senghor-international-airport-dkr\/\" rel=\"bookmark\">Mehr lesen \u00bb<span class=\"screen-reader-text\">Raucherbereiche am L\u00e9opold S\u00e9dar Senghor International Airport (DKR)<\/span><\/a><\/p>","protected":false},"author":1,"featured_media":1199,"parent":0,"menu_order":0,"comment_status":"closed","ping_status":"closed","template":"","meta":{"neve_meta_sidebar":"","neve_meta_container":"","neve_meta_enable_content_width":"off","neve_meta_content_width":100,"neve_meta_title_alignment":"","neve_meta_author_avatar":"","neve_post_elements_order":"","neve_meta_disable_header":"","neve_meta_disable_footer":"","neve_meta_disable_title":"","neve_meta_reading_time":"","footnotes":""},"class_list":["post-5597","page","type-page","status-publish","has-post-thumbnail","hentry"],"yoast_head":"<!-- This site is optimized with the Yoast SEO plugin v26.6 - https:\/\/yoast.com\/wordpress\/plugins\/seo\/ -->\n<title>Smoking areas at L\u00e9opold S\u00e9dar Senghor International Airport (DKR)<\/title>\n<meta name=\"description\" content=\"Smoking Areas in L\u00e9opold S\u00e9dar Senghor International Airport (DKR)- Your Ultimate Guide to Finding a Place to Smoke\" \/>\n<meta name=\"robots\" content=\"index, follow, max-snippet:-1, max-image-preview:large, max-video-preview:-1\" \/>\n<link rel=\"canonical\" href=\"https:\/\/airportsmokinglounge.com\/de\/raucherbereiche-am-leopold-sedar-senghor-international-airport-dkr\/\" \/>\n<meta property=\"og:locale\" content=\"de_DE\" \/>\n<meta property=\"og:type\" content=\"article\" \/>\n<meta property=\"og:title\" content=\"Smoking areas at L\u00e9opold S\u00e9dar Senghor International Airport (DKR)\" \/>\n<meta property=\"og:description\" content=\"Smoking Areas in L\u00e9opold S\u00e9dar Senghor International Airport (DKR)- Your Ultimate Guide to Finding a Place to Smoke\" \/>\n<meta property=\"og:url\" content=\"https:\/\/airportsmokinglounge.com\/de\/raucherbereiche-am-leopold-sedar-senghor-international-airport-dkr\/\" \/>\n<meta property=\"og:site_name\" content=\"airportsmokinglounge.com\" \/>\n<meta property=\"article:modified_time\" content=\"2023-11-28T20:01:49+00:00\" \/>\n<meta property=\"og:image\" content=\"https:\/\/airportsmokinglounge.com\/wp-content\/uploads\/2023\/03\/airport-smoking-lounge-4.jpg\" \/>\n\t<meta property=\"og:image:width\" content=\"2048\" \/>\n\t<meta property=\"og:image:height\" content=\"1152\" \/>\n\t<meta property=\"og:image:type\" content=\"image\/jpeg\" \/>\n<meta name=\"twitter:card\" content=\"summary_large_image\" \/>\n<meta name=\"twitter:label1\" content=\"Gesch\u00e4tzte Lesezeit\" \/>\n\t<meta name=\"twitter:data1\" content=\"4\u00a0Minuten\" \/>\n<script type=\"application\/ld+json\" class=\"yoast-schema-graph\">{\"@context\":\"https:\/\/schema.org\",\"@graph\":[{\"@type\":\"WebPage\",\"@id\":\"https:\/\/airportsmokinglounge.com\/smoking-areas-at-leopold-sedar-senghor-international-airport-dkr\/\",\"url\":\"https:\/\/airportsmokinglounge.com\/smoking-areas-at-leopold-sedar-senghor-international-airport-dkr\/\",\"name\":\"Smoking areas at L\u00e9opold S\u00e9dar Senghor International Airport (DKR)\",\"isPartOf\":{\"@id\":\"https:\/\/airportsmokinglounge.com\/#website\"},\"primaryImageOfPage\":{\"@id\":\"https:\/\/airportsmokinglounge.com\/smoking-areas-at-leopold-sedar-senghor-international-airport-dkr\/#primaryimage\"},\"image\":{\"@id\":\"https:\/\/airportsmokinglounge.com\/smoking-areas-at-leopold-sedar-senghor-international-airport-dkr\/#primaryimage\"},\"thumbnailUrl\":\"https:\/\/airportsmokinglounge.com\/wp-content\/uploads\/2023\/03\/airport-smoking-lounge-4.jpg\",\"datePublished\":\"2023-05-21T19:14:43+00:00\",\"dateModified\":\"2023-11-28T20:01:49+00:00\",\"description\":\"Smoking Areas in L\u00e9opold S\u00e9dar Senghor International Airport (DKR)- Your Ultimate Guide to Finding a Place to Smoke\",\"breadcrumb\":{\"@id\":\"https:\/\/airportsmokinglounge.com\/smoking-areas-at-leopold-sedar-senghor-international-airport-dkr\/#breadcrumb\"},\"inLanguage\":\"de\",\"potentialAction\":[{\"@type\":\"ReadAction\",\"target\":[\"https:\/\/airportsmokinglounge.com\/smoking-areas-at-leopold-sedar-senghor-international-airport-dkr\/\"]}]},{\"@type\":\"ImageObject\",\"inLanguage\":\"de\",\"@id\":\"https:\/\/airportsmokinglounge.com\/smoking-areas-at-leopold-sedar-senghor-international-airport-dkr\/#primaryimage\",\"url\":\"https:\/\/airportsmokinglounge.com\/wp-content\/uploads\/2023\/03\/airport-smoking-lounge-4.jpg\",\"contentUrl\":\"https:\/\/airportsmokinglounge.com\/wp-content\/uploads\/2023\/03\/airport-smoking-lounge-4.jpg\",\"width\":2048,\"height\":1152,\"caption\":\"Airport Smoking\"},{\"@type\":\"BreadcrumbList\",\"@id\":\"https:\/\/airportsmokinglounge.com\/smoking-areas-at-leopold-sedar-senghor-international-airport-dkr\/#breadcrumb\",\"itemListElement\":[{\"@type\":\"ListItem\",\"position\":1,\"name\":\"Home\",\"item\":\"https:\/\/airportsmokinglounge.com\/\"},{\"@type\":\"ListItem\",\"position\":2,\"name\":\"Smoking areas at L\u00e9opold S\u00e9dar Senghor International Airport (DKR)\"}]},{\"@type\":\"WebSite\",\"@id\":\"https:\/\/airportsmokinglounge.com\/#website\",\"url\":\"https:\/\/airportsmokinglounge.com\/\",\"name\":\"airportsmokinglounge.com\",\"description\":\"\",\"potentialAction\":[{\"@type\":\"SearchAction\",\"target\":{\"@type\":\"EntryPoint\",\"urlTemplate\":\"https:\/\/airportsmokinglounge.com\/?s={search_term_string}\"},\"query-input\":{\"@type\":\"PropertyValueSpecification\",\"valueRequired\":true,\"valueName\":\"search_term_string\"}}],\"inLanguage\":\"de\"}]}<\/script>\n<!-- \/ Yoast SEO plugin. -->","yoast_head_json":{"title":"Raucherbereiche am L\u00e9opold S\u00e9dar Senghor International Airport (DKR)","description":"Raucherbereiche am internationalen Flughafen L\u00e9opold S\u00e9dar Senghor (DKR) \u2013 Ihr ultimativer Leitfaden f\u00fcr die Suche nach einem Ort zum Rauchen","robots":{"index":"index","follow":"follow","max-snippet":"max-snippet:-1","max-image-preview":"max-image-preview:large","max-video-preview":"max-video-preview:-1"},"canonical":"https:\/\/airportsmokinglounge.com\/de\/raucherbereiche-am-leopold-sedar-senghor-international-airport-dkr\/","og_locale":"de_DE","og_type":"article","og_title":"Smoking areas at L\u00e9opold S\u00e9dar Senghor International Airport (DKR)","og_description":"Smoking Areas in L\u00e9opold S\u00e9dar Senghor International Airport (DKR)- Your Ultimate Guide to Finding a Place to Smoke","og_url":"https:\/\/airportsmokinglounge.com\/de\/raucherbereiche-am-leopold-sedar-senghor-international-airport-dkr\/","og_site_name":"airportsmokinglounge.com","article_modified_time":"2023-11-28T20:01:49+00:00","og_image":[{"width":2048,"height":1152,"url":"https:\/\/airportsmokinglounge.com\/wp-content\/uploads\/2023\/03\/airport-smoking-lounge-4.jpg","type":"image\/jpeg"}],"twitter_card":"summary_large_image","twitter_misc":{"Gesch\u00e4tzte Lesezeit":"4\u00a0Minuten"},"schema":{"@context":"https:\/\/schema.org","@graph":[{"@type":"WebPage","@id":"https:\/\/airportsmokinglounge.com\/smoking-areas-at-leopold-sedar-senghor-international-airport-dkr\/","url":"https:\/\/airportsmokinglounge.com\/smoking-areas-at-leopold-sedar-senghor-international-airport-dkr\/","name":"Raucherbereiche am L\u00e9opold S\u00e9dar Senghor International Airport (DKR)","isPartOf":{"@id":"https:\/\/airportsmokinglounge.com\/#website"},"primaryImageOfPage":{"@id":"https:\/\/airportsmokinglounge.com\/smoking-areas-at-leopold-sedar-senghor-international-airport-dkr\/#primaryimage"},"image":{"@id":"https:\/\/airportsmokinglounge.com\/smoking-areas-at-leopold-sedar-senghor-international-airport-dkr\/#primaryimage"},"thumbnailUrl":"https:\/\/airportsmokinglounge.com\/wp-content\/uploads\/2023\/03\/airport-smoking-lounge-4.jpg","datePublished":"2023-05-21T19:14:43+00:00","dateModified":"2023-11-28T20:01:49+00:00","description":"Raucherbereiche am internationalen Flughafen L\u00e9opold S\u00e9dar Senghor (DKR) \u2013 Ihr ultimativer Leitfaden f\u00fcr die Suche nach einem Ort zum Rauchen","breadcrumb":{"@id":"https:\/\/airportsmokinglounge.com\/smoking-areas-at-leopold-sedar-senghor-international-airport-dkr\/#breadcrumb"},"inLanguage":"de","potentialAction":[{"@type":"ReadAction","target":["https:\/\/airportsmokinglounge.com\/smoking-areas-at-leopold-sedar-senghor-international-airport-dkr\/"]}]},{"@type":"ImageObject","inLanguage":"de","@id":"https:\/\/airportsmokinglounge.com\/smoking-areas-at-leopold-sedar-senghor-international-airport-dkr\/#primaryimage","url":"https:\/\/airportsmokinglounge.com\/wp-content\/uploads\/2023\/03\/airport-smoking-lounge-4.jpg","contentUrl":"https:\/\/airportsmokinglounge.com\/wp-content\/uploads\/2023\/03\/airport-smoking-lounge-4.jpg","width":2048,"height":1152,"caption":"Airport Smoking"},{"@type":"BreadcrumbList","@id":"https:\/\/airportsmokinglounge.com\/smoking-areas-at-leopold-sedar-senghor-international-airport-dkr\/#breadcrumb","itemListElement":[{"@type":"ListItem","position":1,"name":"Home","item":"https:\/\/airportsmokinglounge.com\/"},{"@type":"ListItem","position":2,"name":"Smoking areas at L\u00e9opold S\u00e9dar Senghor International Airport (DKR)"}]},{"@type":"WebSite","@id":"https:\/\/airportsmokinglounge.com\/#website","url":"https:\/\/airportsmokinglounge.com\/","name":"Flughafenraucherlounge.com","description":"","potentialAction":[{"@type":"SearchAction","target":{"@type":"EntryPoint","urlTemplate":"https:\/\/airportsmokinglounge.com\/?s={search_term_string}"},"query-input":{"@type":"PropertyValueSpecification","valueRequired":true,"valueName":"search_term_string"}}],"inLanguage":"de"}]}},"_links":{"self":[{"href":"https:\/\/airportsmokinglounge.com\/de\/wp-json\/wp\/v2\/pages\/5597","targetHints":{"allow":["GET"]}}],"collection":[{"href":"https:\/\/airportsmokinglounge.com\/de\/wp-json\/wp\/v2\/pages"}],"about":[{"href":"https:\/\/airportsmokinglounge.com\/de\/wp-json\/wp\/v2\/types\/page"}],"author":[{"embeddable":true,"href":"https:\/\/airportsmokinglounge.com\/de\/wp-json\/wp\/v2\/users\/1"}],"replies":[{"embeddable":true,"href":"https:\/\/airportsmokinglounge.com\/de\/wp-json\/wp\/v2\/comments?post=5597"}],"version-history":[{"count":3,"href":"https:\/\/airportsmokinglounge.com\/de\/wp-json\/wp\/v2\/pages\/5597\/revisions"}],"predecessor-version":[{"id":6434,"href":"https:\/\/airportsmokinglounge.com\/de\/wp-json\/wp\/v2\/pages\/5597\/revisions\/6434"}],"wp:featuredmedia":[{"embeddable":true,"href":"https:\/\/airportsmokinglounge.com\/de\/wp-json\/wp\/v2\/media\/1199"}],"wp:attachment":[{"href":"https:\/\/airportsmokinglounge.com\/de\/wp-json\/wp\/v2\/media?parent=5597"}],"curies":[{"name":"wp","href":"https:\/\/api.w.org\/{rel}","templated":true}]}}