{"id":5813,"date":"2023-05-22T22:55:21","date_gmt":"2023-05-22T20:55:21","guid":{"rendered":"https:\/\/airportsmokinglounge.com\/?page_id=5813"},"modified":"2023-05-22T22:55:21","modified_gmt":"2023-05-22T20:55:21","slug":"smoking-areas-at-calicut-international-airport-ccj","status":"publish","type":"page","link":"https:\/\/airportsmokinglounge.com\/de\/raucherbereiche-am-calicut-international-airport-ccj\/","title":{"rendered":"Raucherbereiche am CALICUT INTERNATIONAL AIRPORT (CCJ)"},"content":{"rendered":"<p>Der Calicut International Airport (CCJ), auch bekannt als Karipur Airport, ist ein internationaler Flughafen in Karipur, Kerala, Indien. Er bedient die St\u00e4dte Kozhikode und Malappuram im Bundesstaat Kerala. Der Flughafen ist nach der Stadt Kozhikode benannt, die fr\u00fcher als Calicut bekannt war.<\/p>\n<p>Der Calicut International Airport ist der drittgr\u00f6\u00dfte Flughafen in Kerala und verf\u00fcgt \u00fcber eine gute Anbindung an nationale und internationale Ziele. Er bietet Passagieren eine Reihe von Einrichtungen und Dienstleistungen, darunter Check-in-Schalter, Sicherheitskontrollen, Einwanderungs- und Zollverfahren, Lounges, Duty-Free-Shops, Restaurants und Autovermietungen.<\/p>\n<h2>Raucherbereiche vor der Sicherheitskontrolle<\/h2>\n<ul>\n<li><span style=\"font-size: 14pt;\">Rauchen ist nur au\u00dferhalb des Terminals gestattet<\/span><\/li>\n<\/ul>\n<h2>Raucherbereiche nach der Sicherheitskontrolle<\/h2>\n<ul>\n<li><span style=\"font-size: 14pt;\">Derzeit liegen keine Informationen zu Rauchereinrichtungen im Flughafen vor.<\/span><\/li>\n<\/ul>\n<p><strong><span style=\"font-size: 14pt;\">Sende uns Feedback<\/span><\/strong><\/p>\n<p><span style=\"font-size: 14pt;\">Wenn Sie am Flughafen sind, k\u00f6nnen Sie uns gerne Bilder der Raucherbereiche zusenden. Dies wird uns helfen, unsere Datenbank schneller zu f\u00fcllen. Du kannst das <strong><a href=\"https:\/\/airportsmokinglounge.com\/de\/kontakt\/\">Hier<\/a>.<\/strong> Die Bilder werden unter Angabe der Bildquelle (Name) auf unserer Website ver\u00f6ffentlicht. Teilen Sie diese Bilder gerne mit uns und allen Besuchern von Airport Smoking Lounge.com<\/span>.<\/p>\n<h2>Indisches Rauchergesetz<\/h2>\n<p>Indien hat umfassende Rauchvorschriften eingef\u00fchrt, um die \u00f6ffentliche Gesundheit zu sch\u00fctzen und den Tabakkonsum zu reduzieren. Bitte beachten Sie jedoch, dass sich die Rauchgesetze und -bestimmungen im Laufe der Zeit \u00e4ndern k\u00f6nnen. Daher ist es ratsam, sich \u00fcber die neuesten Gesetze zu informieren oder die \u00f6rtlichen Beh\u00f6rden zu konsultieren, um die aktuellsten Informationen zu den Rauchgesetzen in Indien zu erhalten.<\/p>\n<p>In Indien ist das Rauchen in allen \u00f6ffentlichen Innenr\u00e4umen generell verboten, einschlie\u00dflich Regierungsgeb\u00e4uden, Gesundheitseinrichtungen, Bildungseinrichtungen, \u00f6ffentlichen Verkehrsmitteln, Restaurants, Bars und Arbeitspl\u00e4tzen. Das Gesetz verbietet das Rauchen auch in Au\u00dfenbereichen wie Parks, Stadien und in der N\u00e4he von Bildungseinrichtungen. Indien hat viele \u00f6ffentliche Bereiche als rauchfreie Zonen ausgewiesen, um seinen B\u00fcrgern eine ges\u00fcndere Umgebung zu bieten.<\/p>\n<p>Der Verkauf von Tabakprodukten an Minderj\u00e4hrige unter 18 Jahren ist in Indien verboten. Dar\u00fcber hinaus hat das Land strenge Vorschriften f\u00fcr Tabakwerbung, Verkaufsf\u00f6rderung und Sponsoring eingef\u00fchrt.<\/p>\n<p>Indien hat umfangreiche Ma\u00dfnahmen ergriffen, um die \u00d6ffentlichkeit durch Gesundheitskampagnen, Aufkl\u00e4rungsprogramme und Warnhinweise auf Zigarettenpackungen f\u00fcr die mit dem Rauchen verbundenen Gesundheitsrisiken zu sensibilisieren. Das Land hat grafische Gesundheitswarnungen in Bildform auf Verpackungen von Tabakprodukten eingef\u00fchrt.<\/p>\n<p>Die Durchsetzung der Rauchgesetze erfolgt durch die zust\u00e4ndigen Beh\u00f6rden und Verst\u00f6\u00dfe k\u00f6nnen zu Geldstrafen oder anderen Strafen f\u00fchren.<\/p>\n<p>Es ist zu beachten, dass in einigen indischen Bundesstaaten und Unionsterritorien m\u00f6glicherweise zus\u00e4tzliche Rauchbeschr\u00e4nkungen und -bestimmungen gelten, die \u00fcber die nationalen Gesetze hinausgehen. Daher ist es wichtig, f\u00fcr detailliertere Informationen die spezifischen Gesetze und Vorschriften des jeweiligen Staates oder Unionsterritoriums zu konsultieren.<\/p>\n<p>Um die genauesten und aktuellsten Informationen zu den Rauchgesetzen Indiens zu erhalten, wird empfohlen, die neuesten Gesetze zu konsultieren oder sich an \u00f6rtliche Beh\u00f6rden oder Gesundheitsorganisationen zu wenden.<\/p>\n<h3>H\u00e4ufig gestellte Fragen<\/h3>\n<h4>Sind Raucherbereiche am Flughafen rund um die Uhr verf\u00fcgbar?<\/h4>\n<p>Die Verf\u00fcgbarkeit von Raucherbereichen am Flughafen kann je nach Flughafen und Standort variieren. Einige Raucherbereiche sind 24 Stunden am Tag ge\u00f6ffnet, w\u00e4hrend andere m\u00f6glicherweise eingeschr\u00e4nkte \u00d6ffnungszeiten haben oder zu bestimmten Zeiten geschlossen sind. Am besten erkundigen Sie sich beim Flughafen oder besuchen Sie dessen Website, um genaue Informationen zu den \u00d6ffnungszeiten des Raucherbereichs zu erhalten.<\/p>\n<h4>Darf ich eigene Speisen und Getr\u00e4nke in den Raucherbereich mitbringen?<\/h4>\n<p>Dies kann vom jeweiligen Raucherbereich und Flughafen abh\u00e4ngen. In einigen Bereichen ist das Rauchen von Speisen und Getr\u00e4nken au\u00dferhalb des Raucherbereichs gestattet, w\u00e4hrend in anderen Bereichen m\u00f6glicherweise Einschr\u00e4nkungen gelten oder dies ganz verboten ist. Erkundigen Sie sich am besten beim Flughafen oder an der Beschilderung des Raucherbereichs nach den spezifischen Regeln und Vorschriften.<\/p>\n<h4>Ist das Rauchen in allen Raucherbereichen des Flughafens erlaubt?<\/h4>\n<p>M\u00f6glicherweise ist das Rauchen nicht in allen Raucherbereichen des Flughafens gestattet. Einige Flugh\u00e4fen verf\u00fcgen m\u00f6glicherweise \u00fcber ausgewiesene Bereiche f\u00fcr elektronische Zigaretten oder E-Zigaretten, die von den herk\u00f6mmlichen Raucherbereichen getrennt sind. Informieren Sie sich unbedingt \u00fcber die spezifischen Regeln und Vorschriften f\u00fcr den Raucherbereich, den Sie nutzen m\u00f6chten.<\/p>\n<h4>Sind Raucherbereiche klimatisiert oder beheizt?<\/h4>\n<p>Die Temperatur und Bel\u00fcftung der Raucherbereiche am Flughafen kann stark variieren. Einige sind m\u00f6glicherweise klimatisiert oder beheizt, w\u00e4hrend es sich bei anderen m\u00f6glicherweise um Freiluftr\u00e4ume mit begrenztem Schutz vor Witterungseinfl\u00fcssen handelt. Erkundigen Sie sich unbedingt vorab beim Flughafen oder besuchen Sie den Raucherbereich, um die Bedingungen zu ermitteln und sich entsprechend vorzubereiten.<\/p>\n<h4>Sind Raucherbereiche f\u00fcr Reisende mit Behinderungen zug\u00e4nglich?<\/h4>\n<p>Viele Flugh\u00e4fen haben Anstrengungen unternommen, ihre Raucherbereiche f\u00fcr Reisende mit Behinderungen zug\u00e4nglich zu machen. Allerdings kann die Zug\u00e4nglichkeit bestimmter Raucherbereiche stark variieren. Erkundigen Sie sich unbedingt beim Flughafen oder besuchen Sie den Raucherbereich im Voraus, um festzustellen, ob er zug\u00e4nglich ist und Ihren Bed\u00fcrfnissen entspricht.<\/p>\n<p><strong>Weitere Flugh\u00e4fen in Indien:<\/strong><\/p>\n<ul>\n<li><a href=\"https:\/\/airportsmokinglounge.com\/de\/raucherbereiche-in-indien-flughafen\/\">Flugh\u00e4fen in Indien<\/a><\/li>\n<\/ul>\n<p><strong>Raucherzonen in Asien<\/strong><\/p>\n<ul>\n<li><a href=\"https:\/\/airportsmokinglounge.com\/de\/rauchen-auf-flughafen-in-asien\/\">Asiatische Flugh\u00e4fen<\/a><\/li>\n<\/ul>","protected":false},"excerpt":{"rendered":"<p>Der Calicut International Airport (CCJ), auch bekannt als Karipur Airport, ist ein internationaler Flughafen in Karipur, Kerala, Indien. Er bedient die St\u00e4dte Kozhikode und Malappuram im Bundesstaat Kerala. Der Flughafen ist nach der Stadt Kozhikode benannt, die historisch als Calicut bekannt war. Der Calicut International Airport ist der drittgr\u00f6\u00dfte Flughafen in\u2026&nbsp;<a href=\"https:\/\/airportsmokinglounge.com\/de\/raucherbereiche-am-calicut-international-airport-ccj\/\" rel=\"bookmark\">Mehr lesen \u00bb<span class=\"screen-reader-text\">Raucherbereiche am CALICUT INTERNATIONAL AIRPORT (CCJ)<\/span><\/a><\/p>","protected":false},"author":1,"featured_media":1199,"parent":0,"menu_order":0,"comment_status":"closed","ping_status":"closed","template":"","meta":{"neve_meta_sidebar":"","neve_meta_container":"","neve_meta_enable_content_width":"off","neve_meta_content_width":100,"neve_meta_title_alignment":"","neve_meta_author_avatar":"","neve_post_elements_order":"","neve_meta_disable_header":"","neve_meta_disable_footer":"","neve_meta_disable_title":"","neve_meta_reading_time":"","footnotes":""},"class_list":["post-5813","page","type-page","status-publish","has-post-thumbnail","hentry"],"yoast_head":"<!-- This site is optimized with the Yoast SEO plugin v26.6 - https:\/\/yoast.com\/wordpress\/plugins\/seo\/ -->\n<title>Smoking areas at CALICUT INTERNATIONAL AIRPORT (CCJ)<\/title>\n<meta name=\"description\" content=\"Smoking areas at CALICUT INTERNATIONAL AIRPORT (CCJ) - Find a smoking area in the airport \u2714\ufe0e Smoking Guide in Airports: Information\" \/>\n<meta name=\"robots\" content=\"index, follow, max-snippet:-1, max-image-preview:large, max-video-preview:-1\" \/>\n<link rel=\"canonical\" href=\"https:\/\/airportsmokinglounge.com\/de\/raucherbereiche-am-calicut-international-airport-ccj\/\" \/>\n<meta property=\"og:locale\" content=\"de_DE\" \/>\n<meta property=\"og:type\" content=\"article\" \/>\n<meta property=\"og:title\" content=\"Smoking areas at CALICUT INTERNATIONAL AIRPORT (CCJ)\" \/>\n<meta property=\"og:description\" content=\"Smoking areas at CALICUT INTERNATIONAL AIRPORT (CCJ) - Find a smoking area in the airport \u2714\ufe0e Smoking Guide in Airports: Information\" \/>\n<meta property=\"og:url\" content=\"https:\/\/airportsmokinglounge.com\/de\/raucherbereiche-am-calicut-international-airport-ccj\/\" \/>\n<meta property=\"og:site_name\" content=\"airportsmokinglounge.com\" \/>\n<meta property=\"og:image\" content=\"https:\/\/airportsmokinglounge.com\/wp-content\/uploads\/2023\/03\/airport-smoking-lounge-4.jpg\" \/>\n\t<meta property=\"og:image:width\" content=\"2048\" \/>\n\t<meta property=\"og:image:height\" content=\"1152\" \/>\n\t<meta property=\"og:image:type\" content=\"image\/jpeg\" \/>\n<meta name=\"twitter:card\" content=\"summary_large_image\" \/>\n<meta name=\"twitter:label1\" content=\"Gesch\u00e4tzte Lesezeit\" \/>\n\t<meta name=\"twitter:data1\" content=\"4\u00a0Minuten\" \/>\n<script type=\"application\/ld+json\" class=\"yoast-schema-graph\">{\"@context\":\"https:\/\/schema.org\",\"@graph\":[{\"@type\":\"WebPage\",\"@id\":\"https:\/\/airportsmokinglounge.com\/smoking-areas-at-calicut-international-airport-ccj\/\",\"url\":\"https:\/\/airportsmokinglounge.com\/smoking-areas-at-calicut-international-airport-ccj\/\",\"name\":\"Smoking areas at CALICUT INTERNATIONAL AIRPORT (CCJ)\",\"isPartOf\":{\"@id\":\"https:\/\/airportsmokinglounge.com\/#website\"},\"primaryImageOfPage\":{\"@id\":\"https:\/\/airportsmokinglounge.com\/smoking-areas-at-calicut-international-airport-ccj\/#primaryimage\"},\"image\":{\"@id\":\"https:\/\/airportsmokinglounge.com\/smoking-areas-at-calicut-international-airport-ccj\/#primaryimage\"},\"thumbnailUrl\":\"https:\/\/airportsmokinglounge.com\/wp-content\/uploads\/2023\/03\/airport-smoking-lounge-4.jpg\",\"datePublished\":\"2023-05-22T20:55:21+00:00\",\"description\":\"Smoking areas at CALICUT INTERNATIONAL AIRPORT (CCJ) - Find a smoking area in the airport \u2714\ufe0e Smoking Guide in Airports: Information\",\"breadcrumb\":{\"@id\":\"https:\/\/airportsmokinglounge.com\/smoking-areas-at-calicut-international-airport-ccj\/#breadcrumb\"},\"inLanguage\":\"de\",\"potentialAction\":[{\"@type\":\"ReadAction\",\"target\":[\"https:\/\/airportsmokinglounge.com\/smoking-areas-at-calicut-international-airport-ccj\/\"]}]},{\"@type\":\"ImageObject\",\"inLanguage\":\"de\",\"@id\":\"https:\/\/airportsmokinglounge.com\/smoking-areas-at-calicut-international-airport-ccj\/#primaryimage\",\"url\":\"https:\/\/airportsmokinglounge.com\/wp-content\/uploads\/2023\/03\/airport-smoking-lounge-4.jpg\",\"contentUrl\":\"https:\/\/airportsmokinglounge.com\/wp-content\/uploads\/2023\/03\/airport-smoking-lounge-4.jpg\",\"width\":2048,\"height\":1152,\"caption\":\"Airport Smoking\"},{\"@type\":\"BreadcrumbList\",\"@id\":\"https:\/\/airportsmokinglounge.com\/smoking-areas-at-calicut-international-airport-ccj\/#breadcrumb\",\"itemListElement\":[{\"@type\":\"ListItem\",\"position\":1,\"name\":\"Home\",\"item\":\"https:\/\/airportsmokinglounge.com\/\"},{\"@type\":\"ListItem\",\"position\":2,\"name\":\"Smoking areas at CALICUT INTERNATIONAL AIRPORT (CCJ)\"}]},{\"@type\":\"WebSite\",\"@id\":\"https:\/\/airportsmokinglounge.com\/#website\",\"url\":\"https:\/\/airportsmokinglounge.com\/\",\"name\":\"airportsmokinglounge.com\",\"description\":\"\",\"potentialAction\":[{\"@type\":\"SearchAction\",\"target\":{\"@type\":\"EntryPoint\",\"urlTemplate\":\"https:\/\/airportsmokinglounge.com\/?s={search_term_string}\"},\"query-input\":{\"@type\":\"PropertyValueSpecification\",\"valueRequired\":true,\"valueName\":\"search_term_string\"}}],\"inLanguage\":\"de\"}]}<\/script>\n<!-- \/ Yoast SEO plugin. -->","yoast_head_json":{"title":"Raucherbereiche am CALICUT INTERNATIONAL AIRPORT (CCJ)","description":"Raucherbereiche am CALICUT INTERNATIONAL AIRPORT (CCJ) - Finden Sie einen Raucherbereich im Flughafen \u2714\ufe0e Raucherleitfaden in Flugh\u00e4fen: Informationen","robots":{"index":"index","follow":"follow","max-snippet":"max-snippet:-1","max-image-preview":"max-image-preview:large","max-video-preview":"max-video-preview:-1"},"canonical":"https:\/\/airportsmokinglounge.com\/de\/raucherbereiche-am-calicut-international-airport-ccj\/","og_locale":"de_DE","og_type":"article","og_title":"Smoking areas at CALICUT INTERNATIONAL AIRPORT (CCJ)","og_description":"Smoking areas at CALICUT INTERNATIONAL AIRPORT (CCJ) - Find a smoking area in the airport \u2714\ufe0e Smoking Guide in Airports: Information","og_url":"https:\/\/airportsmokinglounge.com\/de\/raucherbereiche-am-calicut-international-airport-ccj\/","og_site_name":"airportsmokinglounge.com","og_image":[{"width":2048,"height":1152,"url":"https:\/\/airportsmokinglounge.com\/wp-content\/uploads\/2023\/03\/airport-smoking-lounge-4.jpg","type":"image\/jpeg"}],"twitter_card":"summary_large_image","twitter_misc":{"Gesch\u00e4tzte Lesezeit":"4\u00a0Minuten"},"schema":{"@context":"https:\/\/schema.org","@graph":[{"@type":"WebPage","@id":"https:\/\/airportsmokinglounge.com\/smoking-areas-at-calicut-international-airport-ccj\/","url":"https:\/\/airportsmokinglounge.com\/smoking-areas-at-calicut-international-airport-ccj\/","name":"Raucherbereiche am CALICUT INTERNATIONAL AIRPORT (CCJ)","isPartOf":{"@id":"https:\/\/airportsmokinglounge.com\/#website"},"primaryImageOfPage":{"@id":"https:\/\/airportsmokinglounge.com\/smoking-areas-at-calicut-international-airport-ccj\/#primaryimage"},"image":{"@id":"https:\/\/airportsmokinglounge.com\/smoking-areas-at-calicut-international-airport-ccj\/#primaryimage"},"thumbnailUrl":"https:\/\/airportsmokinglounge.com\/wp-content\/uploads\/2023\/03\/airport-smoking-lounge-4.jpg","datePublished":"2023-05-22T20:55:21+00:00","description":"Raucherbereiche am CALICUT INTERNATIONAL AIRPORT (CCJ) - Finden Sie einen Raucherbereich im Flughafen \u2714\ufe0e Raucherleitfaden in Flugh\u00e4fen: Informationen","breadcrumb":{"@id":"https:\/\/airportsmokinglounge.com\/smoking-areas-at-calicut-international-airport-ccj\/#breadcrumb"},"inLanguage":"de","potentialAction":[{"@type":"ReadAction","target":["https:\/\/airportsmokinglounge.com\/smoking-areas-at-calicut-international-airport-ccj\/"]}]},{"@type":"ImageObject","inLanguage":"de","@id":"https:\/\/airportsmokinglounge.com\/smoking-areas-at-calicut-international-airport-ccj\/#primaryimage","url":"https:\/\/airportsmokinglounge.com\/wp-content\/uploads\/2023\/03\/airport-smoking-lounge-4.jpg","contentUrl":"https:\/\/airportsmokinglounge.com\/wp-content\/uploads\/2023\/03\/airport-smoking-lounge-4.jpg","width":2048,"height":1152,"caption":"Airport Smoking"},{"@type":"BreadcrumbList","@id":"https:\/\/airportsmokinglounge.com\/smoking-areas-at-calicut-international-airport-ccj\/#breadcrumb","itemListElement":[{"@type":"ListItem","position":1,"name":"Home","item":"https:\/\/airportsmokinglounge.com\/"},{"@type":"ListItem","position":2,"name":"Smoking areas at CALICUT INTERNATIONAL AIRPORT (CCJ)"}]},{"@type":"WebSite","@id":"https:\/\/airportsmokinglounge.com\/#website","url":"https:\/\/airportsmokinglounge.com\/","name":"Flughafenraucherlounge.com","description":"","potentialAction":[{"@type":"SearchAction","target":{"@type":"EntryPoint","urlTemplate":"https:\/\/airportsmokinglounge.com\/?s={search_term_string}"},"query-input":{"@type":"PropertyValueSpecification","valueRequired":true,"valueName":"search_term_string"}}],"inLanguage":"de"}]}},"_links":{"self":[{"href":"https:\/\/airportsmokinglounge.com\/de\/wp-json\/wp\/v2\/pages\/5813","targetHints":{"allow":["GET"]}}],"collection":[{"href":"https:\/\/airportsmokinglounge.com\/de\/wp-json\/wp\/v2\/pages"}],"about":[{"href":"https:\/\/airportsmokinglounge.com\/de\/wp-json\/wp\/v2\/types\/page"}],"author":[{"embeddable":true,"href":"https:\/\/airportsmokinglounge.com\/de\/wp-json\/wp\/v2\/users\/1"}],"replies":[{"embeddable":true,"href":"https:\/\/airportsmokinglounge.com\/de\/wp-json\/wp\/v2\/comments?post=5813"}],"version-history":[{"count":1,"href":"https:\/\/airportsmokinglounge.com\/de\/wp-json\/wp\/v2\/pages\/5813\/revisions"}],"predecessor-version":[{"id":5814,"href":"https:\/\/airportsmokinglounge.com\/de\/wp-json\/wp\/v2\/pages\/5813\/revisions\/5814"}],"wp:featuredmedia":[{"embeddable":true,"href":"https:\/\/airportsmokinglounge.com\/de\/wp-json\/wp\/v2\/media\/1199"}],"wp:attachment":[{"href":"https:\/\/airportsmokinglounge.com\/de\/wp-json\/wp\/v2\/media?parent=5813"}],"curies":[{"name":"wp","href":"https:\/\/api.w.org\/{rel}","templated":true}]}}