{"id":5826,"date":"2023-05-22T23:03:25","date_gmt":"2023-05-22T21:03:25","guid":{"rendered":"https:\/\/airportsmokinglounge.com\/?page_id=5826"},"modified":"2023-05-22T23:03:25","modified_gmt":"2023-05-22T21:03:25","slug":"smoking-areas-at-batam-island-hang-nadim-international-airport-bth","status":"publish","type":"page","link":"https:\/\/airportsmokinglounge.com\/de\/raucherbereiche-auf-der-insel-batam-hang-nadim-international-airport-bth\/","title":{"rendered":"Raucherbereiche auf der Insel BATAM \u2013 HANG NADIM INTERNATIONAL AIRPORT (BTH)"},"content":{"rendered":"<p>Der internationale Flughafen Hang Nadim (BTH) ist der wichtigste Flughafen der indonesischen Insel Batam. Er befindet sich in der Stadt Batam, die zur Provinz Riau-Inseln geh\u00f6rt. Der Flughafen liegt etwa 15 Kilometer s\u00fcd\u00f6stlich des Stadtzentrums.<\/p>\n<p>Der internationale Flughafen Hang Nadim ist ein wichtiger Verkehrsknotenpunkt in der Region und bedient sowohl Inlandsfl\u00fcge als auch internationale Fl\u00fcge. Er bietet Verbindungen zu verschiedenen Zielen in Indonesien sowie zu mehreren L\u00e4ndern in Asien. Beliebte Inlandsfl\u00fcge sind Jakarta, Surabaya, Medan und Bali, w\u00e4hrend internationale Fl\u00fcge Batam mit Singapur, Malaysia, Thailand und anderen Zielen in der Region verbinden.<\/p>\n<h2>Raucherbereiche vor der Sicherheitskontrolle<\/h2>\n<ul>\n<li><span style=\"font-size: 14pt;\">Rauchen ist nur au\u00dferhalb des Terminals gestattet<\/span><\/li>\n<\/ul>\n<h2>Raucherbereiche nach der Sicherheitskontrolle<\/h2>\n<ul>\n<li><span style=\"font-size: 14pt;\">Derzeit liegen keine Informationen zu Rauchereinrichtungen im Flughafen vor.<\/span><\/li>\n<\/ul>\n<p><strong><span style=\"font-size: 14pt;\">Sende uns Feedback<\/span><\/strong><\/p>\n<p><span style=\"font-size: 14pt;\">Wenn Sie am Flughafen sind, k\u00f6nnen Sie uns gerne Bilder der Raucherbereiche zusenden. Dies wird uns helfen, unsere Datenbank schneller zu f\u00fcllen. Du kannst das <strong><a href=\"https:\/\/airportsmokinglounge.com\/de\/kontakt\/\">Hier<\/a>.<\/strong> Die Bilder werden unter Angabe der Bildquelle (Name) auf unserer Website ver\u00f6ffentlicht. Teilen Sie diese Bilder gerne mit uns und allen Besuchern von Airport Smoking Lounge.com<\/span>.<\/p>\n<h2>Indonesisches Rauchergesetz<\/h2>\n<p>Indonesien verf\u00fcgt \u00fcber Rauchvorschriften, um Bedenken hinsichtlich der \u00f6ffentlichen Gesundheit im Zusammenhang mit dem Tabakkonsum auszur\u00e4umen. Es ist jedoch wichtig zu beachten, dass die Gesetze und Vorschriften zum Rauchen in Indonesien je nach Region unterschiedlich sein k\u00f6nnen und dass auch die Durchsetzung unterschiedlich sein kann.<\/p>\n<p>In Indonesien konzentrieren sich die Rauchverbote im Allgemeinen auf bestimmte \u00f6ffentliche Innenr\u00e4ume, beispielsweise Regierungsgeb\u00e4ude, Gesundheitseinrichtungen, Bildungseinrichtungen und \u00f6ffentliche Verkehrsmittel. Es kann jedoch zu Abweichungen bei der Umsetzung und Durchsetzung dieser Beschr\u00e4nkungen kommen.<\/p>\n<p>Der Verkauf von Tabakprodukten an Minderj\u00e4hrige unter 18 Jahren ist in Indonesien verboten, die Durchsetzung kann jedoch aufgrund verschiedener Faktoren schwierig sein.<\/p>\n<p>Indonesien hat einige Vorschriften zu Tabakwerbung, Verkaufsf\u00f6rderung und Sponsoring eingef\u00fchrt, aber diese Vorschriften sind m\u00f6glicherweise nicht so umfassend wie in einigen anderen L\u00e4ndern.<\/p>\n<p>In Indonesien wurden Anstrengungen unternommen, um das \u00f6ffentliche Bewusstsein f\u00fcr die Gesundheitsrisiken des Rauchens zu sch\u00e4rfen, einschlie\u00dflich Gesundheitskampagnen und Warnhinweisen auf Zigarettenverpackungen. Allerdings verf\u00fcgt das Land derzeit nicht \u00fcber grafische Gesundheitswarnungen auf Tabakprodukten.<\/p>\n<p>Es ist erw\u00e4hnenswert, dass Rauchen in Indonesien relativ weit verbreitet ist und es eine gro\u00dfe Herausforderung darstellt, die Rauchvorschriften in allen Bereichen vollst\u00e4ndig durchzusetzen.<\/p>\n<p>Um die genauesten und aktuellsten Informationen zu den Rauchgesetzen in bestimmten St\u00e4dten oder Regionen in Indonesien zu erhalten, wird empfohlen, die \u00f6rtlichen Vorschriften zu konsultieren oder sich an \u00f6rtliche Beh\u00f6rden oder Gesundheitsorganisationen zu wenden.<\/p>\n<h3>H\u00e4ufig gestellte Fragen<\/h3>\n<h4>Sind Raucherbereiche am Flughafen rund um die Uhr verf\u00fcgbar?<\/h4>\n<p>Die Verf\u00fcgbarkeit von Raucherbereichen am Flughafen kann je nach Flughafen und Standort variieren. Einige Raucherbereiche sind 24 Stunden am Tag ge\u00f6ffnet, w\u00e4hrend andere m\u00f6glicherweise eingeschr\u00e4nkte \u00d6ffnungszeiten haben oder zu bestimmten Zeiten geschlossen sind. Am besten erkundigen Sie sich beim Flughafen oder besuchen Sie dessen Website, um genaue Informationen zu den \u00d6ffnungszeiten des Raucherbereichs zu erhalten.<\/p>\n<h4>Darf ich eigene Speisen und Getr\u00e4nke in den Raucherbereich mitbringen?<\/h4>\n<p>Dies kann vom jeweiligen Raucherbereich und Flughafen abh\u00e4ngen. In einigen Bereichen ist das Rauchen von Speisen und Getr\u00e4nken au\u00dferhalb des Raucherbereichs gestattet, w\u00e4hrend in anderen Bereichen m\u00f6glicherweise Einschr\u00e4nkungen gelten oder dies ganz verboten ist. Erkundigen Sie sich am besten beim Flughafen oder an der Beschilderung des Raucherbereichs nach den spezifischen Regeln und Vorschriften.<\/p>\n<h4>Ist das Rauchen in allen Raucherbereichen des Flughafens erlaubt?<\/h4>\n<p>M\u00f6glicherweise ist das Rauchen nicht in allen Raucherbereichen des Flughafens gestattet. Einige Flugh\u00e4fen verf\u00fcgen m\u00f6glicherweise \u00fcber ausgewiesene Bereiche f\u00fcr elektronische Zigaretten oder E-Zigaretten, die von den herk\u00f6mmlichen Raucherbereichen getrennt sind. Informieren Sie sich unbedingt \u00fcber die spezifischen Regeln und Vorschriften f\u00fcr den Raucherbereich, den Sie nutzen m\u00f6chten.<\/p>\n<h4>Sind Raucherbereiche klimatisiert oder beheizt?<\/h4>\n<p>Die Temperatur und Bel\u00fcftung der Raucherbereiche am Flughafen kann stark variieren. Einige sind m\u00f6glicherweise klimatisiert oder beheizt, w\u00e4hrend es sich bei anderen m\u00f6glicherweise um Freiluftr\u00e4ume mit begrenztem Schutz vor Witterungseinfl\u00fcssen handelt. Erkundigen Sie sich unbedingt vorab beim Flughafen oder besuchen Sie den Raucherbereich, um die Bedingungen zu ermitteln und sich entsprechend vorzubereiten.<\/p>\n<h4>Sind Raucherbereiche f\u00fcr Reisende mit Behinderungen zug\u00e4nglich?<\/h4>\n<p>Viele Flugh\u00e4fen haben Anstrengungen unternommen, ihre Raucherbereiche f\u00fcr Reisende mit Behinderungen zug\u00e4nglich zu machen. Allerdings kann die Zug\u00e4nglichkeit bestimmter Raucherbereiche stark variieren. Erkundigen Sie sich unbedingt beim Flughafen oder besuchen Sie den Raucherbereich im Voraus, um festzustellen, ob er zug\u00e4nglich ist und Ihren Bed\u00fcrfnissen entspricht.<\/p>\n<p><strong>Weitere Flugh\u00e4fen in Indonesien:<\/strong><\/p>\n<ul>\n<li><a href=\"https:\/\/airportsmokinglounge.com\/de\/raucherbereiche-in-indonesien-flughafen\/\">Flugh\u00e4fen in Indonesien<\/a><\/li>\n<\/ul>\n<p><strong>Raucherzonen in Asien<\/strong><\/p>\n<ul>\n<li><a href=\"https:\/\/airportsmokinglounge.com\/de\/rauchen-auf-flughafen-in-asien\/\">Asiatische Flugh\u00e4fen<\/a><\/li>\n<\/ul>","protected":false},"excerpt":{"rendered":"<p>Der internationale Flughafen Hang Nadim (BTH) ist der wichtigste Flughafen der indonesischen Insel Batam. Er befindet sich in der Stadt Batam, die zur Provinz Riau-Inseln geh\u00f6rt. Der Flughafen liegt etwa 15 Kilometer s\u00fcd\u00f6stlich des Stadtzentrums. Der internationale Flughafen Hang Nadim ist ein bedeutender Verkehrsknotenpunkt in der Region\u2026&nbsp;<a href=\"https:\/\/airportsmokinglounge.com\/de\/raucherbereiche-auf-der-insel-batam-hang-nadim-international-airport-bth\/\" rel=\"bookmark\">Mehr lesen \u00bb<span class=\"screen-reader-text\">Raucherbereiche auf der Insel BATAM \u2013 HANG NADIM INTERNATIONAL AIRPORT (BTH)<\/span><\/a><\/p>","protected":false},"author":1,"featured_media":1199,"parent":0,"menu_order":0,"comment_status":"closed","ping_status":"closed","template":"","meta":{"neve_meta_sidebar":"","neve_meta_container":"","neve_meta_enable_content_width":"off","neve_meta_content_width":100,"neve_meta_title_alignment":"","neve_meta_author_avatar":"","neve_post_elements_order":"","neve_meta_disable_header":"","neve_meta_disable_footer":"","neve_meta_disable_title":"","neve_meta_reading_time":"","footnotes":""},"class_list":["post-5826","page","type-page","status-publish","has-post-thumbnail","hentry"],"yoast_head":"<!-- This site is optimized with the Yoast SEO plugin v26.6 - https:\/\/yoast.com\/wordpress\/plugins\/seo\/ -->\n<title>Smoking areas at BATAM ISLAND \u2013 HANG NADIM INTERNATIONAL AIRPORT (BTH)<\/title>\n<meta name=\"description\" content=\"Smoking areas at BATAM ISLAND \u2013 HANG NADIM INTERNATIONAL AIRPORT (BTH) - Find a smoking area in the airport \u2714\ufe0e Smoking Guide in Airports\" \/>\n<meta name=\"robots\" content=\"index, follow, max-snippet:-1, max-image-preview:large, max-video-preview:-1\" \/>\n<link rel=\"canonical\" href=\"https:\/\/airportsmokinglounge.com\/de\/raucherbereiche-auf-der-insel-batam-hang-nadim-international-airport-bth\/\" \/>\n<meta property=\"og:locale\" content=\"de_DE\" \/>\n<meta property=\"og:type\" content=\"article\" \/>\n<meta property=\"og:title\" content=\"Smoking areas at BATAM ISLAND \u2013 HANG NADIM INTERNATIONAL AIRPORT (BTH)\" \/>\n<meta property=\"og:description\" content=\"Smoking areas at BATAM ISLAND \u2013 HANG NADIM INTERNATIONAL AIRPORT (BTH) - Find a smoking area in the airport \u2714\ufe0e Smoking Guide in Airports\" \/>\n<meta property=\"og:url\" content=\"https:\/\/airportsmokinglounge.com\/de\/raucherbereiche-auf-der-insel-batam-hang-nadim-international-airport-bth\/\" \/>\n<meta property=\"og:site_name\" content=\"airportsmokinglounge.com\" \/>\n<meta property=\"og:image\" content=\"https:\/\/airportsmokinglounge.com\/wp-content\/uploads\/2023\/03\/airport-smoking-lounge-4.jpg\" \/>\n\t<meta property=\"og:image:width\" content=\"2048\" \/>\n\t<meta property=\"og:image:height\" content=\"1152\" \/>\n\t<meta property=\"og:image:type\" content=\"image\/jpeg\" \/>\n<meta name=\"twitter:card\" content=\"summary_large_image\" \/>\n<meta name=\"twitter:label1\" content=\"Gesch\u00e4tzte Lesezeit\" \/>\n\t<meta name=\"twitter:data1\" content=\"3\u00a0Minuten\" \/>\n<script type=\"application\/ld+json\" class=\"yoast-schema-graph\">{\"@context\":\"https:\/\/schema.org\",\"@graph\":[{\"@type\":\"WebPage\",\"@id\":\"https:\/\/airportsmokinglounge.com\/smoking-areas-at-batam-island-hang-nadim-international-airport-bth\/\",\"url\":\"https:\/\/airportsmokinglounge.com\/smoking-areas-at-batam-island-hang-nadim-international-airport-bth\/\",\"name\":\"Smoking areas at BATAM ISLAND \u2013 HANG NADIM INTERNATIONAL AIRPORT (BTH)\",\"isPartOf\":{\"@id\":\"https:\/\/airportsmokinglounge.com\/#website\"},\"primaryImageOfPage\":{\"@id\":\"https:\/\/airportsmokinglounge.com\/smoking-areas-at-batam-island-hang-nadim-international-airport-bth\/#primaryimage\"},\"image\":{\"@id\":\"https:\/\/airportsmokinglounge.com\/smoking-areas-at-batam-island-hang-nadim-international-airport-bth\/#primaryimage\"},\"thumbnailUrl\":\"https:\/\/airportsmokinglounge.com\/wp-content\/uploads\/2023\/03\/airport-smoking-lounge-4.jpg\",\"datePublished\":\"2023-05-22T21:03:25+00:00\",\"description\":\"Smoking areas at BATAM ISLAND \u2013 HANG NADIM INTERNATIONAL AIRPORT (BTH) - Find a smoking area in the airport \u2714\ufe0e Smoking Guide in Airports\",\"breadcrumb\":{\"@id\":\"https:\/\/airportsmokinglounge.com\/smoking-areas-at-batam-island-hang-nadim-international-airport-bth\/#breadcrumb\"},\"inLanguage\":\"de\",\"potentialAction\":[{\"@type\":\"ReadAction\",\"target\":[\"https:\/\/airportsmokinglounge.com\/smoking-areas-at-batam-island-hang-nadim-international-airport-bth\/\"]}]},{\"@type\":\"ImageObject\",\"inLanguage\":\"de\",\"@id\":\"https:\/\/airportsmokinglounge.com\/smoking-areas-at-batam-island-hang-nadim-international-airport-bth\/#primaryimage\",\"url\":\"https:\/\/airportsmokinglounge.com\/wp-content\/uploads\/2023\/03\/airport-smoking-lounge-4.jpg\",\"contentUrl\":\"https:\/\/airportsmokinglounge.com\/wp-content\/uploads\/2023\/03\/airport-smoking-lounge-4.jpg\",\"width\":2048,\"height\":1152,\"caption\":\"Airport Smoking\"},{\"@type\":\"BreadcrumbList\",\"@id\":\"https:\/\/airportsmokinglounge.com\/smoking-areas-at-batam-island-hang-nadim-international-airport-bth\/#breadcrumb\",\"itemListElement\":[{\"@type\":\"ListItem\",\"position\":1,\"name\":\"Home\",\"item\":\"https:\/\/airportsmokinglounge.com\/\"},{\"@type\":\"ListItem\",\"position\":2,\"name\":\"Smoking areas at BATAM ISLAND \u2013 HANG NADIM INTERNATIONAL AIRPORT (BTH)\"}]},{\"@type\":\"WebSite\",\"@id\":\"https:\/\/airportsmokinglounge.com\/#website\",\"url\":\"https:\/\/airportsmokinglounge.com\/\",\"name\":\"airportsmokinglounge.com\",\"description\":\"\",\"potentialAction\":[{\"@type\":\"SearchAction\",\"target\":{\"@type\":\"EntryPoint\",\"urlTemplate\":\"https:\/\/airportsmokinglounge.com\/?s={search_term_string}\"},\"query-input\":{\"@type\":\"PropertyValueSpecification\",\"valueRequired\":true,\"valueName\":\"search_term_string\"}}],\"inLanguage\":\"de\"}]}<\/script>\n<!-- \/ Yoast SEO plugin. -->","yoast_head_json":{"title":"Raucherbereiche auf der Insel BATAM \u2013 HANG NADIM INTERNATIONAL AIRPORT (BTH)","description":"Raucherbereiche am BATAM ISLAND \u2013 HANG NADIM INTERNATIONAL AIRPORT (BTH) - Finden Sie einen Raucherbereich im Flughafen \u2714\ufe0e Raucherleitfaden f\u00fcr Flugh\u00e4fen","robots":{"index":"index","follow":"follow","max-snippet":"max-snippet:-1","max-image-preview":"max-image-preview:large","max-video-preview":"max-video-preview:-1"},"canonical":"https:\/\/airportsmokinglounge.com\/de\/raucherbereiche-auf-der-insel-batam-hang-nadim-international-airport-bth\/","og_locale":"de_DE","og_type":"article","og_title":"Smoking areas at BATAM ISLAND \u2013 HANG NADIM INTERNATIONAL AIRPORT (BTH)","og_description":"Smoking areas at BATAM ISLAND \u2013 HANG NADIM INTERNATIONAL AIRPORT (BTH) - Find a smoking area in the airport \u2714\ufe0e Smoking Guide in Airports","og_url":"https:\/\/airportsmokinglounge.com\/de\/raucherbereiche-auf-der-insel-batam-hang-nadim-international-airport-bth\/","og_site_name":"airportsmokinglounge.com","og_image":[{"width":2048,"height":1152,"url":"https:\/\/airportsmokinglounge.com\/wp-content\/uploads\/2023\/03\/airport-smoking-lounge-4.jpg","type":"image\/jpeg"}],"twitter_card":"summary_large_image","twitter_misc":{"Gesch\u00e4tzte Lesezeit":"3\u00a0Minuten"},"schema":{"@context":"https:\/\/schema.org","@graph":[{"@type":"WebPage","@id":"https:\/\/airportsmokinglounge.com\/smoking-areas-at-batam-island-hang-nadim-international-airport-bth\/","url":"https:\/\/airportsmokinglounge.com\/smoking-areas-at-batam-island-hang-nadim-international-airport-bth\/","name":"Raucherbereiche auf der Insel BATAM \u2013 HANG NADIM INTERNATIONAL AIRPORT (BTH)","isPartOf":{"@id":"https:\/\/airportsmokinglounge.com\/#website"},"primaryImageOfPage":{"@id":"https:\/\/airportsmokinglounge.com\/smoking-areas-at-batam-island-hang-nadim-international-airport-bth\/#primaryimage"},"image":{"@id":"https:\/\/airportsmokinglounge.com\/smoking-areas-at-batam-island-hang-nadim-international-airport-bth\/#primaryimage"},"thumbnailUrl":"https:\/\/airportsmokinglounge.com\/wp-content\/uploads\/2023\/03\/airport-smoking-lounge-4.jpg","datePublished":"2023-05-22T21:03:25+00:00","description":"Raucherbereiche am BATAM ISLAND \u2013 HANG NADIM INTERNATIONAL AIRPORT (BTH) - Finden Sie einen Raucherbereich im Flughafen \u2714\ufe0e Raucherleitfaden f\u00fcr Flugh\u00e4fen","breadcrumb":{"@id":"https:\/\/airportsmokinglounge.com\/smoking-areas-at-batam-island-hang-nadim-international-airport-bth\/#breadcrumb"},"inLanguage":"de","potentialAction":[{"@type":"ReadAction","target":["https:\/\/airportsmokinglounge.com\/smoking-areas-at-batam-island-hang-nadim-international-airport-bth\/"]}]},{"@type":"ImageObject","inLanguage":"de","@id":"https:\/\/airportsmokinglounge.com\/smoking-areas-at-batam-island-hang-nadim-international-airport-bth\/#primaryimage","url":"https:\/\/airportsmokinglounge.com\/wp-content\/uploads\/2023\/03\/airport-smoking-lounge-4.jpg","contentUrl":"https:\/\/airportsmokinglounge.com\/wp-content\/uploads\/2023\/03\/airport-smoking-lounge-4.jpg","width":2048,"height":1152,"caption":"Airport Smoking"},{"@type":"BreadcrumbList","@id":"https:\/\/airportsmokinglounge.com\/smoking-areas-at-batam-island-hang-nadim-international-airport-bth\/#breadcrumb","itemListElement":[{"@type":"ListItem","position":1,"name":"Home","item":"https:\/\/airportsmokinglounge.com\/"},{"@type":"ListItem","position":2,"name":"Smoking areas at BATAM ISLAND \u2013 HANG NADIM INTERNATIONAL AIRPORT (BTH)"}]},{"@type":"WebSite","@id":"https:\/\/airportsmokinglounge.com\/#website","url":"https:\/\/airportsmokinglounge.com\/","name":"Flughafenraucherlounge.com","description":"","potentialAction":[{"@type":"SearchAction","target":{"@type":"EntryPoint","urlTemplate":"https:\/\/airportsmokinglounge.com\/?s={search_term_string}"},"query-input":{"@type":"PropertyValueSpecification","valueRequired":true,"valueName":"search_term_string"}}],"inLanguage":"de"}]}},"_links":{"self":[{"href":"https:\/\/airportsmokinglounge.com\/de\/wp-json\/wp\/v2\/pages\/5826","targetHints":{"allow":["GET"]}}],"collection":[{"href":"https:\/\/airportsmokinglounge.com\/de\/wp-json\/wp\/v2\/pages"}],"about":[{"href":"https:\/\/airportsmokinglounge.com\/de\/wp-json\/wp\/v2\/types\/page"}],"author":[{"embeddable":true,"href":"https:\/\/airportsmokinglounge.com\/de\/wp-json\/wp\/v2\/users\/1"}],"replies":[{"embeddable":true,"href":"https:\/\/airportsmokinglounge.com\/de\/wp-json\/wp\/v2\/comments?post=5826"}],"version-history":[{"count":1,"href":"https:\/\/airportsmokinglounge.com\/de\/wp-json\/wp\/v2\/pages\/5826\/revisions"}],"predecessor-version":[{"id":5827,"href":"https:\/\/airportsmokinglounge.com\/de\/wp-json\/wp\/v2\/pages\/5826\/revisions\/5827"}],"wp:featuredmedia":[{"embeddable":true,"href":"https:\/\/airportsmokinglounge.com\/de\/wp-json\/wp\/v2\/media\/1199"}],"wp:attachment":[{"href":"https:\/\/airportsmokinglounge.com\/de\/wp-json\/wp\/v2\/media?parent=5826"}],"curies":[{"name":"wp","href":"https:\/\/api.w.org\/{rel}","templated":true}]}}