{"id":59,"date":"2023-02-20T13:25:13","date_gmt":"2023-02-20T12:25:13","guid":{"rendered":"https:\/\/airportsmokinglounge.com\/?page_id=59"},"modified":"2023-05-22T17:12:29","modified_gmt":"2023-05-22T15:12:29","slug":"smoking-in-the-airports-of-north-america","status":"publish","type":"page","link":"https:\/\/airportsmokinglounge.com\/de\/rauchen-in-den-flughafen-von-nordamerika\/","title":{"rendered":"Rauchen auf den Flugh\u00e4fen Nordamerikas"},"content":{"rendered":"<p><span style=\"font-size: 14pt;\">Auf dieser Website finden Sie alle Raucherbereiche an nordamerikanischen Flugh\u00e4fen, einschlie\u00dflich ausgewiesener Raucherbereiche und verf\u00fcgbarer Einrichtungen. Wir verstehen die Frustration, wenn man durch die Sicherheitskontrolle geht und dann feststellt, dass es nirgendwo Raucherbereiche gibt und in manchen F\u00e4llen E-Zigaretten m\u00f6glicherweise nicht erlaubt sind. <\/span><\/p>\n<p><span style=\"font-size: 14pt;\">Dieser Service richtet sich an alle Raucher, die vor oder nach langen Fl\u00fcgen eine Zigarette genie\u00dfen m\u00f6chten.<\/span><\/p>\n<h2>Raucherbereiche auf nordamerikanischen Flugh\u00e4fen<\/h2>\n<p><span style=\"font-size: 14pt;\"><strong>W\u00e4hle dein Land:<\/strong><\/span><\/p>\n<ul style=\"list-style-type: circle;\">\n<li><a href=\"https:\/\/airportsmokinglounge.com\/de\/raucherbereiche-an-flughafen-in-alaska\/\">ALASKA<\/a><\/li>\n<li><a href=\"https:\/\/airportsmokinglounge.com\/de\/raucherbereiche-am-antigua-vc-bird-international-airport-anu\/\">ANTIGUA UND BARBUDA<\/a><\/li>\n<li><a href=\"https:\/\/airportsmokinglounge.com\/de\/raucherbereiche-in-flughafen-der-vereinigten-staaten\/\">VEREINIGTE STAATEN VON AMERIKA<\/a><\/li>\n<li><a href=\"https:\/\/airportsmokinglounge.com\/de\/raucherbereiche-in-bahamas-flughafen\/\">BAHAMAS<\/a><\/li>\n<li><a href=\"https:\/\/airportsmokinglounge.com\/de\/raucherbereiche-am-bridgetown-grantley-adams-airport-bgi\/\">BARBADOS<\/a><\/li>\n<li><a href=\"https:\/\/airportsmokinglounge.com\/de\/raucherbereiche-in-belize-flughafen\/\">BELIZE<\/a><\/li>\n<li><a href=\"https:\/\/airportsmokinglounge.com\/de\/raucherbereiche-in-kanadas-flughafen\/\">KANADA<\/a><\/li>\n<li><a href=\"https:\/\/airportsmokinglounge.com\/de\/raucherbereiche-in-flughafen-der-cayman-inseln\/\">CAYMAN INSELN<\/a><\/li>\n<li><a href=\"https:\/\/airportsmokinglounge.com\/de\/raucherbereiche-in-flughafen-von-costa-rica\/\">COSTA RICA<\/a><\/li>\n<li><a href=\"https:\/\/airportsmokinglounge.com\/de\/raucherbereiche-in-kuba-flughafen\/\">KUBA<\/a><\/li>\n<li><a href=\"https:\/\/airportsmokinglounge.com\/de\/raucherbereiche-auf-flughafen-in-der-dominikanischen-republik\/\">DOMINIKANISCHE REPUBLIK<\/a><\/li>\n<li><a href=\"https:\/\/airportsmokinglounge.com\/de\/raucherbereiche-am-oscar-arnulfo-romero-international-airport-sal\/\">EL SALVADOR<\/a><\/li>\n<li><a href=\"https:\/\/airportsmokinglounge.com\/de\/raucherbereiche-in-guatemala-flughafen\/\">GUATEMALA<\/a><\/li>\n<li><a href=\"https:\/\/airportsmokinglounge.com\/de\/raucherbereiche-am-flughafen-guadeloupe-pointe-a-pitre-ptp\/\">GUADELOUPE<\/a><\/li>\n<li><a href=\"https:\/\/airportsmokinglounge.com\/de\/raucherbereiche-am-grenada-maurice-bishop-airport-gnd\/\">GRENADA<\/a><\/li>\n<li><a href=\"https:\/\/airportsmokinglounge.com\/de\/raucherbereiche-im-toussaint-louverture-airport-pap\/\">HAITI<\/a><\/li>\n<li><a href=\"https:\/\/airportsmokinglounge.com\/de\/raucherbereiche-in-honduras-flughafen\/\">HONDURAS<\/a><\/li>\n<li><a href=\"https:\/\/airportsmokinglounge.com\/de\/raucherbereiche-auf-flughafen-in-jamaika\/\">JAMAIKA<\/a><\/li>\n<li><a href=\"https:\/\/airportsmokinglounge.com\/de\/raucherbereiche-in-mexiko-flughafen\/\">MEXIKO<\/a><\/li>\n<li><a href=\"https:\/\/airportsmokinglounge.com\/de\/raucherbereiche-am-flughafen-martinique-aime-casaire-fdf\/\">MARTINIQUE<\/a><\/li>\n<li><a href=\"https:\/\/airportsmokinglounge.com\/de\/raucherbereiche-in-nicaragua-flughafen\/\">NICARAGUA<\/a><\/li>\n<li><a href=\"https:\/\/airportsmokinglounge.com\/de\/raucherbereiche-am-flughafen-in-panama\/\">PANAMA<\/a><\/li>\n<li><a href=\"https:\/\/airportsmokinglounge.com\/de\/raucherbereiche-in-puerto-rico-flughafen\/\">PUERTO RICO<\/a><\/li>\n<li><a href=\"https:\/\/airportsmokinglounge.com\/de\/raucherbereiche-am-flughafen-in-saint-kitts-und-nevis\/\">ST. KITTS UND NEVIS<\/a><\/li>\n<li><a href=\"https:\/\/airportsmokinglounge.com\/de\/flughafen-raucherbereiche-in-saint-lucia\/\">HEILIGE LUCIA<\/a><\/li>\n<li><a href=\"https:\/\/airportsmokinglounge.com\/de\/raucherbereiche-am-providenciales-international-airport-pls\/\">Turks- und Caicosinseln<\/a><\/li>\n<li><a href=\"https:\/\/airportsmokinglounge.com\/de\/raucherbereiche-in-virgin-islands-flughafen\/\">JUNGFERNINSELN<\/a><\/li>\n<\/ul>\n<h2>Raucherservice am nordamerikanischen Flughafen<\/h2>\n<p><span style=\"font-size: 14pt;\">Die meisten nordamerikanischen Flugh\u00e4fen haben mittlerweile Rauchverbotsrichtlinien eingef\u00fchrt, die das Rauchen in allen Innen- und Au\u00dfenbereichen des Flughafens, einschlie\u00dflich Terminals, Wartebereichen und Au\u00dfenbereichen wie Parkpl\u00e4tzen und Gehwegen, verbieten.<\/span><\/p>\n<p><span style=\"font-size: 14pt;\">W\u00e4hrend das Rauchen auf nordamerikanischen Flugh\u00e4fen grunds\u00e4tzlich nicht gestattet ist, haben einige Flugh\u00e4fen ausgewiesene Raucherbereiche au\u00dferhalb der Terminals eingerichtet. Diese Bereiche befinden sich normalerweise in ausgewiesenen Au\u00dfenbereichen abseits des Hauptterminalgeb\u00e4udes und k\u00f6nnen mit Aschenbechern, Sitzgelegenheiten und Unterst\u00e4nden f\u00fcr Raucher ausgestattet sein. Es ist jedoch wichtig zu beachten, dass die Verf\u00fcgbarkeit und Qualit\u00e4t dieser Raucherbereiche von Flughafen zu Flughafen stark variieren kann.<\/span><\/p>\n<p><span style=\"font-size: 14pt;\">F\u00fcr Reisende ist es wichtig, sich \u00fcber die \u00f6rtlichen Rauchbestimmungen und Richtlinien an den Flugh\u00e4fen zu informieren, zu denen sie reisen oder \u00fcber die sie reisen.<\/span><\/p>\n<p><span style=\"font-size: 14pt;\">Hier finden Sie alle Informationen, die Sie ben\u00f6tigen, um an einem nordamerikanischen Flughafen einen Raucherbereich zu finden.<\/span><\/p>\n<h3><span style=\"font-size: 14pt;\">Sende uns Feedback<\/span><\/h3>\n<p><span style=\"font-size: 14pt;\">Wenn Sie sich an einem Flughafen befinden, k\u00f6nnen Sie uns gerne Bilder der Raucherbereiche zusenden. Dies wird uns helfen, unsere Datenbank schneller zu f\u00fcllen. Du kannst das <strong><a href=\"https:\/\/airportsmokinglounge.com\/de\/kontakt\/\">Hier<\/a>.<\/strong>\u00a0Die Bilder werden unter Angabe der Bildquelle (Name) auf unserer Website ver\u00f6ffentlicht. Teilen Sie diese Bilder gerne mit uns und allen Besuchern von Airport Smoking Lounge.com.<\/span><\/p>\n<p><strong><span style=\"font-size: 14pt;\">Weitere Raucherbereiche am Flughafen<\/span><\/strong><\/p>\n<ul style=\"list-style-type: circle;\">\n<li><a href=\"https:\/\/airportsmokinglounge.com\/de\/rauchen-auf-flughafen-in-afrika\/\">Afrika<\/a><\/li>\n<li><a href=\"https:\/\/airportsmokinglounge.com\/de\/rauchen-auf-den-flughafen-sudamerikas\/\">S\u00fcdamerika<\/a><\/li>\n<li><a href=\"https:\/\/airportsmokinglounge.com\/de\/raucherbereiche-in-europaischen-flughafen\/\">Europa<\/a><\/li>\n<li><a href=\"https:\/\/airportsmokinglounge.com\/de\/rauchen-auf-flughafen-in-asien\/\">Asien<\/a><\/li>\n<li><a href=\"https:\/\/airportsmokinglounge.com\/de\/rauchen-auf-flughafen-in-ozeanien\/\">Ozeanien<\/a><\/li>\n<\/ul>","protected":false},"excerpt":{"rendered":"<p>Auf dieser Website finden Sie alle Raucherbereiche in nordamerikanischen Flugh\u00e4fen, einschlie\u00dflich ausgewiesener Raucherbereiche und verf\u00fcgbarer Einrichtungen. Wir verstehen die Frustration, wenn man durch die Sicherheitskontrolle geht und dann feststellt, dass es nirgendwo Raucherbereiche gibt und in manchen F\u00e4llen E-Zigaretten nicht erlaubt sind. Dieser Service ist f\u00fcr alle Raucher, die\u2026&nbsp;<a href=\"https:\/\/airportsmokinglounge.com\/de\/rauchen-in-den-flughafen-von-nordamerika\/\" rel=\"bookmark\">Mehr lesen \u00bb<span class=\"screen-reader-text\">Rauchen auf den Flugh\u00e4fen Nordamerikas<\/span><\/a><\/p>","protected":false},"author":1,"featured_media":1202,"parent":0,"menu_order":0,"comment_status":"closed","ping_status":"closed","template":"","meta":{"neve_meta_sidebar":"","neve_meta_container":"","neve_meta_enable_content_width":"off","neve_meta_content_width":100,"neve_meta_title_alignment":"","neve_meta_author_avatar":"","neve_post_elements_order":"","neve_meta_disable_header":"","neve_meta_disable_footer":"","neve_meta_disable_title":"","neve_meta_reading_time":"","footnotes":""},"class_list":["post-59","page","type-page","status-publish","has-post-thumbnail","hentry"],"yoast_head":"<!-- This site is optimized with the Yoast SEO plugin v26.6 - https:\/\/yoast.com\/wordpress\/plugins\/seo\/ -->\n<title>Smoking in the Airports of North America<\/title>\n<meta name=\"description\" content=\"Smoking in the Airports of North America \u2714\ufe0e A Comprehensive Guide to Smoking Areas and Smoking Policies in Major North American Airports \u2714\ufe0e\" \/>\n<meta name=\"robots\" content=\"index, follow, max-snippet:-1, max-image-preview:large, max-video-preview:-1\" \/>\n<link rel=\"canonical\" href=\"https:\/\/airportsmokinglounge.com\/de\/rauchen-in-den-flughafen-von-nordamerika\/\" \/>\n<meta property=\"og:locale\" content=\"de_DE\" \/>\n<meta property=\"og:type\" content=\"article\" \/>\n<meta property=\"og:title\" content=\"Smoking in the Airports of North America\" \/>\n<meta property=\"og:description\" content=\"Smoking in the Airports of North America \u2714\ufe0e A Comprehensive Guide to Smoking Areas and Smoking Policies in Major North American Airports \u2714\ufe0e\" \/>\n<meta property=\"og:url\" content=\"https:\/\/airportsmokinglounge.com\/de\/rauchen-in-den-flughafen-von-nordamerika\/\" \/>\n<meta property=\"og:site_name\" content=\"airportsmokinglounge.com\" \/>\n<meta property=\"article:modified_time\" content=\"2023-05-22T15:12:29+00:00\" \/>\n<meta property=\"og:image\" content=\"https:\/\/airportsmokinglounge.com\/wp-content\/uploads\/2023\/03\/airport-smoking-lounge-7.jpg\" \/>\n\t<meta property=\"og:image:width\" content=\"2048\" \/>\n\t<meta property=\"og:image:height\" content=\"1152\" \/>\n\t<meta property=\"og:image:type\" content=\"image\/jpeg\" \/>\n<meta name=\"twitter:card\" content=\"summary_large_image\" \/>\n<meta name=\"twitter:label1\" content=\"Gesch\u00e4tzte Lesezeit\" \/>\n\t<meta name=\"twitter:data1\" content=\"2\u00a0Minuten\" \/>\n<script type=\"application\/ld+json\" class=\"yoast-schema-graph\">{\"@context\":\"https:\/\/schema.org\",\"@graph\":[{\"@type\":\"WebPage\",\"@id\":\"https:\/\/airportsmokinglounge.com\/smoking-in-the-airports-of-north-america\/\",\"url\":\"https:\/\/airportsmokinglounge.com\/smoking-in-the-airports-of-north-america\/\",\"name\":\"Smoking in the Airports of North America\",\"isPartOf\":{\"@id\":\"https:\/\/airportsmokinglounge.com\/#website\"},\"primaryImageOfPage\":{\"@id\":\"https:\/\/airportsmokinglounge.com\/smoking-in-the-airports-of-north-america\/#primaryimage\"},\"image\":{\"@id\":\"https:\/\/airportsmokinglounge.com\/smoking-in-the-airports-of-north-america\/#primaryimage\"},\"thumbnailUrl\":\"https:\/\/airportsmokinglounge.com\/wp-content\/uploads\/2023\/03\/airport-smoking-lounge-7.jpg\",\"datePublished\":\"2023-02-20T12:25:13+00:00\",\"dateModified\":\"2023-05-22T15:12:29+00:00\",\"description\":\"Smoking in the Airports of North America \u2714\ufe0e A Comprehensive Guide to Smoking Areas and Smoking Policies in Major North American Airports \u2714\ufe0e\",\"breadcrumb\":{\"@id\":\"https:\/\/airportsmokinglounge.com\/smoking-in-the-airports-of-north-america\/#breadcrumb\"},\"inLanguage\":\"de\",\"potentialAction\":[{\"@type\":\"ReadAction\",\"target\":[\"https:\/\/airportsmokinglounge.com\/smoking-in-the-airports-of-north-america\/\"]}]},{\"@type\":\"ImageObject\",\"inLanguage\":\"de\",\"@id\":\"https:\/\/airportsmokinglounge.com\/smoking-in-the-airports-of-north-america\/#primaryimage\",\"url\":\"https:\/\/airportsmokinglounge.com\/wp-content\/uploads\/2023\/03\/airport-smoking-lounge-7.jpg\",\"contentUrl\":\"https:\/\/airportsmokinglounge.com\/wp-content\/uploads\/2023\/03\/airport-smoking-lounge-7.jpg\",\"width\":2048,\"height\":1152,\"caption\":\"Airport Smoking areas\"},{\"@type\":\"BreadcrumbList\",\"@id\":\"https:\/\/airportsmokinglounge.com\/smoking-in-the-airports-of-north-america\/#breadcrumb\",\"itemListElement\":[{\"@type\":\"ListItem\",\"position\":1,\"name\":\"Home\",\"item\":\"https:\/\/airportsmokinglounge.com\/\"},{\"@type\":\"ListItem\",\"position\":2,\"name\":\"Smoking in the Airports of North America\"}]},{\"@type\":\"WebSite\",\"@id\":\"https:\/\/airportsmokinglounge.com\/#website\",\"url\":\"https:\/\/airportsmokinglounge.com\/\",\"name\":\"airportsmokinglounge.com\",\"description\":\"\",\"potentialAction\":[{\"@type\":\"SearchAction\",\"target\":{\"@type\":\"EntryPoint\",\"urlTemplate\":\"https:\/\/airportsmokinglounge.com\/?s={search_term_string}\"},\"query-input\":{\"@type\":\"PropertyValueSpecification\",\"valueRequired\":true,\"valueName\":\"search_term_string\"}}],\"inLanguage\":\"de\"}]}<\/script>\n<!-- \/ Yoast SEO plugin. -->","yoast_head_json":{"title":"Rauchen auf den Flugh\u00e4fen Nordamerikas","description":"Rauchen auf den Flugh\u00e4fen Nordamerikas \u2714\ufe0e Ein umfassender Leitfaden zu Raucherbereichen und Raucherrichtlinien auf den wichtigsten Flugh\u00e4fen Nordamerikas \u2714\ufe0e","robots":{"index":"index","follow":"follow","max-snippet":"max-snippet:-1","max-image-preview":"max-image-preview:large","max-video-preview":"max-video-preview:-1"},"canonical":"https:\/\/airportsmokinglounge.com\/de\/rauchen-in-den-flughafen-von-nordamerika\/","og_locale":"de_DE","og_type":"article","og_title":"Smoking in the Airports of North America","og_description":"Smoking in the Airports of North America \u2714\ufe0e A Comprehensive Guide to Smoking Areas and Smoking Policies in Major North American Airports \u2714\ufe0e","og_url":"https:\/\/airportsmokinglounge.com\/de\/rauchen-in-den-flughafen-von-nordamerika\/","og_site_name":"airportsmokinglounge.com","article_modified_time":"2023-05-22T15:12:29+00:00","og_image":[{"width":2048,"height":1152,"url":"https:\/\/airportsmokinglounge.com\/wp-content\/uploads\/2023\/03\/airport-smoking-lounge-7.jpg","type":"image\/jpeg"}],"twitter_card":"summary_large_image","twitter_misc":{"Gesch\u00e4tzte Lesezeit":"2\u00a0Minuten"},"schema":{"@context":"https:\/\/schema.org","@graph":[{"@type":"WebPage","@id":"https:\/\/airportsmokinglounge.com\/smoking-in-the-airports-of-north-america\/","url":"https:\/\/airportsmokinglounge.com\/smoking-in-the-airports-of-north-america\/","name":"Rauchen auf den Flugh\u00e4fen Nordamerikas","isPartOf":{"@id":"https:\/\/airportsmokinglounge.com\/#website"},"primaryImageOfPage":{"@id":"https:\/\/airportsmokinglounge.com\/smoking-in-the-airports-of-north-america\/#primaryimage"},"image":{"@id":"https:\/\/airportsmokinglounge.com\/smoking-in-the-airports-of-north-america\/#primaryimage"},"thumbnailUrl":"https:\/\/airportsmokinglounge.com\/wp-content\/uploads\/2023\/03\/airport-smoking-lounge-7.jpg","datePublished":"2023-02-20T12:25:13+00:00","dateModified":"2023-05-22T15:12:29+00:00","description":"Rauchen auf den Flugh\u00e4fen Nordamerikas \u2714\ufe0e Ein umfassender Leitfaden zu Raucherbereichen und Raucherrichtlinien auf den wichtigsten Flugh\u00e4fen Nordamerikas \u2714\ufe0e","breadcrumb":{"@id":"https:\/\/airportsmokinglounge.com\/smoking-in-the-airports-of-north-america\/#breadcrumb"},"inLanguage":"de","potentialAction":[{"@type":"ReadAction","target":["https:\/\/airportsmokinglounge.com\/smoking-in-the-airports-of-north-america\/"]}]},{"@type":"ImageObject","inLanguage":"de","@id":"https:\/\/airportsmokinglounge.com\/smoking-in-the-airports-of-north-america\/#primaryimage","url":"https:\/\/airportsmokinglounge.com\/wp-content\/uploads\/2023\/03\/airport-smoking-lounge-7.jpg","contentUrl":"https:\/\/airportsmokinglounge.com\/wp-content\/uploads\/2023\/03\/airport-smoking-lounge-7.jpg","width":2048,"height":1152,"caption":"Airport Smoking areas"},{"@type":"BreadcrumbList","@id":"https:\/\/airportsmokinglounge.com\/smoking-in-the-airports-of-north-america\/#breadcrumb","itemListElement":[{"@type":"ListItem","position":1,"name":"Home","item":"https:\/\/airportsmokinglounge.com\/"},{"@type":"ListItem","position":2,"name":"Smoking in the Airports of North America"}]},{"@type":"WebSite","@id":"https:\/\/airportsmokinglounge.com\/#website","url":"https:\/\/airportsmokinglounge.com\/","name":"Flughafenraucherlounge.com","description":"","potentialAction":[{"@type":"SearchAction","target":{"@type":"EntryPoint","urlTemplate":"https:\/\/airportsmokinglounge.com\/?s={search_term_string}"},"query-input":{"@type":"PropertyValueSpecification","valueRequired":true,"valueName":"search_term_string"}}],"inLanguage":"de"}]}},"_links":{"self":[{"href":"https:\/\/airportsmokinglounge.com\/de\/wp-json\/wp\/v2\/pages\/59","targetHints":{"allow":["GET"]}}],"collection":[{"href":"https:\/\/airportsmokinglounge.com\/de\/wp-json\/wp\/v2\/pages"}],"about":[{"href":"https:\/\/airportsmokinglounge.com\/de\/wp-json\/wp\/v2\/types\/page"}],"author":[{"embeddable":true,"href":"https:\/\/airportsmokinglounge.com\/de\/wp-json\/wp\/v2\/users\/1"}],"replies":[{"embeddable":true,"href":"https:\/\/airportsmokinglounge.com\/de\/wp-json\/wp\/v2\/comments?post=59"}],"version-history":[{"count":10,"href":"https:\/\/airportsmokinglounge.com\/de\/wp-json\/wp\/v2\/pages\/59\/revisions"}],"predecessor-version":[{"id":5725,"href":"https:\/\/airportsmokinglounge.com\/de\/wp-json\/wp\/v2\/pages\/59\/revisions\/5725"}],"wp:featuredmedia":[{"embeddable":true,"href":"https:\/\/airportsmokinglounge.com\/de\/wp-json\/wp\/v2\/media\/1202"}],"wp:attachment":[{"href":"https:\/\/airportsmokinglounge.com\/de\/wp-json\/wp\/v2\/media?parent=59"}],"curies":[{"name":"wp","href":"https:\/\/api.w.org\/{rel}","templated":true}]}}