{"id":5901,"date":"2023-05-23T12:58:38","date_gmt":"2023-05-23T10:58:38","guid":{"rendered":"https:\/\/airportsmokinglounge.com\/?page_id=5901"},"modified":"2024-01-05T17:24:19","modified_gmt":"2024-01-05T16:24:19","slug":"smoking-areas-at-port-vila-bauerfield-international-airport-vli","status":"publish","type":"page","link":"https:\/\/airportsmokinglounge.com\/de\/raucherbereiche-am-port-vila-bauerfield-international-airport-vli\/","title":{"rendered":"Raucherbereiche am PORT VILA \u2013 BAUERFIELD INTERNATIONAL AIRPORT (VLI)"},"content":{"rendered":"<p>Der Bauerfield International Airport (VLI) in Port Vila ist das wichtigste internationale Tor zur Republik Vanuatu, einem Archipelstaat im S\u00fcdpazifik. Der Flughafen liegt etwa 6 Kilometer vom Stadtzentrum entfernt und bietet einfachen Zugang zu Port Vila und den umliegenden Gebieten.<\/p>\n<h2>Raucherbereiche vor der Sicherheitskontrolle<\/h2>\n<ul>\n<li><span style=\"font-size: 14pt;\">Rauchen ist nur au\u00dferhalb des Terminals gestattet<\/span><\/li>\n<\/ul>\n<h2>Raucherbereiche nach der Sicherheitskontrolle<\/h2>\n<ul>\n<li><span style=\"font-size: 14pt;\">Nach der Sicherheitskontrolle gibt es im Flughafen keine Raucherbereiche.<\/span><\/li>\n<\/ul>\n<figure id=\"attachment_7241\" aria-describedby=\"caption-attachment-7241\" style=\"width: 768px\" class=\"wp-caption aligncenter\"><img decoding=\"async\" class=\"wp-image-7241 size-large\" src=\"https:\/\/airportsmokinglounge.com\/wp-content\/uploads\/2024\/01\/Atmospheres-Desk-Pic-768x1024.jpg\" alt=\"Raucherbereiche am PORT VILA \u2013 BAUERFIELD INTERNATIONAL AIRPORT (VLI)\" width=\"768\" height=\"1024\" srcset=\"https:\/\/airportsmokinglounge.com\/wp-content\/uploads\/2024\/01\/Atmospheres-Desk-Pic-768x1024.jpg 768w, https:\/\/airportsmokinglounge.com\/wp-content\/uploads\/2024\/01\/Atmospheres-Desk-Pic-225x300.jpg 225w, https:\/\/airportsmokinglounge.com\/wp-content\/uploads\/2024\/01\/Atmospheres-Desk-Pic-1152x1536.jpg 1152w, https:\/\/airportsmokinglounge.com\/wp-content\/uploads\/2024\/01\/Atmospheres-Desk-Pic-1536x2048.jpg 1536w, https:\/\/airportsmokinglounge.com\/wp-content\/uploads\/2024\/01\/Atmospheres-Desk-Pic-9x12.jpg 9w, https:\/\/airportsmokinglounge.com\/wp-content\/uploads\/2024\/01\/Atmospheres-Desk-Pic-scaled.jpg 1920w\" sizes=\"(max-width: 768px) 100vw, 768px\" \/><figcaption id=\"caption-attachment-7241\" class=\"wp-caption-text\">\u00a9 Nathan<\/figcaption><\/figure>\n<p><strong><span style=\"font-size: 14pt;\">Sende uns Feedback<\/span><\/strong><\/p>\n<p><span style=\"font-size: 14pt;\">Wenn Sie am Flughafen sind, k\u00f6nnen Sie uns gerne Bilder der Raucherbereiche zusenden. Dies wird uns helfen, unsere Datenbank schneller zu f\u00fcllen. Du kannst das <strong><a href=\"https:\/\/airportsmokinglounge.com\/de\/kontakt\/\">Hier<\/a>.<\/strong> Die Bilder werden unter Angabe der Bildquelle (Name) auf unserer Website ver\u00f6ffentlicht. Teilen Sie diese Bilder gerne mit uns und allen Besuchern von Airport Smoking Lounge.com<\/span>.<\/p>\n<h2>Vanuatu Rauchergesetz<\/h2>\n<div class=\"group w-full text-gray-800 dark:text-gray-100 border-b border-black\/10 dark:border-gray-900\/50 bg-gray-50 dark:bg-[#444654]\">\n<div class=\"flex p-4 gap-4 text-base md:gap-6 md:max-w-2xl lg:max-w-xl xl:max-w-3xl md:py-6 lg:px-0 m-auto\">\n<div class=\"relative flex w-[calc(100%-50px)] flex-col gap-1 md:gap-3 lg:w-[calc(100%-115px)]\">\n<div class=\"flex flex-grow flex-col gap-3\">\n<div class=\"min-h-[20px] flex flex-col items-start gap-4 whitespace-pre-wrap break-words\">\n<div class=\"markdown prose w-full break-words dark:prose-invert light\">\n<p>Vanuatu hat Rauchergesetze und -vorschriften eingef\u00fchrt, um die \u00f6ffentliche Gesundheit zu sch\u00fctzen und den Tabakkonsum zu reduzieren. Beachten Sie jedoch, dass sich Rauchergesetze im Laufe der Zeit \u00e4ndern k\u00f6nnen. Es ist daher ratsam, die aktuellsten Gesetze zu lesen oder sich bei den \u00f6rtlichen Beh\u00f6rden \u00fcber die aktuellsten Rauchergesetze von Vanuatu zu informieren.<\/p>\n<p>In Vanuatu ist das Rauchen in geschlossenen \u00f6ffentlichen R\u00e4umen, einschlie\u00dflich Innenbereichen von Restaurants, Bars, Einkaufszentren und Regierungsgeb\u00e4uden, generell verboten. Diese Bereiche sind als rauchfrei ausgewiesen und das Rauchen ist im Inneren nicht gestattet.<\/p>\n<p>Vanuatu hat au\u00dferdem Beschr\u00e4nkungen f\u00fcr das Rauchen in \u00f6ffentlichen Au\u00dfenbereichen eingef\u00fchrt, beispielsweise in der N\u00e4he von Geb\u00e4udeeing\u00e4ngen, Bushaltestellen und \u00f6ffentlichen Parks. Dar\u00fcber hinaus ist das Rauchen innerhalb bestimmter Entfernungen zu bestimmten Bereichen, wie z. B. Schulen und Gesundheitseinrichtungen, nicht gestattet.<\/p>\n<\/div>\n<\/div>\n<\/div>\n<\/div>\n<\/div>\n<\/div>\n<h3>H\u00e4ufig gestellte Fragen<\/h3>\n<h4>Sind Raucherbereiche am Flughafen rund um die Uhr verf\u00fcgbar?<\/h4>\n<p>Die Verf\u00fcgbarkeit von Raucherbereichen am Flughafen kann je nach Flughafen und Standort variieren. Einige Raucherbereiche sind 24 Stunden am Tag ge\u00f6ffnet, w\u00e4hrend andere m\u00f6glicherweise eingeschr\u00e4nkte \u00d6ffnungszeiten haben oder zu bestimmten Zeiten geschlossen sind. Am besten erkundigen Sie sich beim Flughafen oder besuchen Sie dessen Website, um genaue Informationen zu den \u00d6ffnungszeiten des Raucherbereichs zu erhalten.<\/p>\n<h4>Darf ich eigene Speisen und Getr\u00e4nke in den Raucherbereich mitbringen?<\/h4>\n<p>Dies kann vom jeweiligen Raucherbereich und Flughafen abh\u00e4ngen. In einigen Bereichen ist das Rauchen von Speisen und Getr\u00e4nken au\u00dferhalb des Raucherbereichs gestattet, w\u00e4hrend in anderen Bereichen m\u00f6glicherweise Einschr\u00e4nkungen gelten oder dies ganz verboten ist. Erkundigen Sie sich am besten beim Flughafen oder an der Beschilderung des Raucherbereichs nach den spezifischen Regeln und Vorschriften.<\/p>\n<h4>Ist das Rauchen in allen Raucherbereichen des Flughafens erlaubt?<\/h4>\n<p>M\u00f6glicherweise ist das Rauchen nicht in allen Raucherbereichen des Flughafens gestattet. Einige Flugh\u00e4fen verf\u00fcgen m\u00f6glicherweise \u00fcber ausgewiesene Bereiche f\u00fcr elektronische Zigaretten oder E-Zigaretten, die von den herk\u00f6mmlichen Raucherbereichen getrennt sind. Informieren Sie sich unbedingt \u00fcber die spezifischen Regeln und Vorschriften f\u00fcr den Raucherbereich, den Sie nutzen m\u00f6chten.<\/p>\n<h4>Sind Raucherbereiche klimatisiert oder beheizt?<\/h4>\n<p>Die Temperatur und Bel\u00fcftung der Raucherbereiche am Flughafen kann stark variieren. Einige sind m\u00f6glicherweise klimatisiert oder beheizt, w\u00e4hrend es sich bei anderen m\u00f6glicherweise um Freiluftr\u00e4ume mit begrenztem Schutz vor Witterungseinfl\u00fcssen handelt. Erkundigen Sie sich unbedingt vorab beim Flughafen oder besuchen Sie den Raucherbereich, um die Bedingungen zu ermitteln und sich entsprechend vorzubereiten.<\/p>\n<h4>Sind Raucherbereiche f\u00fcr Reisende mit Behinderungen zug\u00e4nglich?<\/h4>\n<p>Viele Flugh\u00e4fen haben Anstrengungen unternommen, ihre Raucherbereiche f\u00fcr Reisende mit Behinderungen zug\u00e4nglich zu machen. Allerdings kann die Zug\u00e4nglichkeit bestimmter Raucherbereiche stark variieren. Erkundigen Sie sich unbedingt beim Flughafen oder besuchen Sie den Raucherbereich im Voraus, um festzustellen, ob er zug\u00e4nglich ist und Ihren Bed\u00fcrfnissen entspricht.<\/p>\n<p><span style=\"font-size: 14pt;\"><strong>Raucherbereiche in Ozeanien<\/strong><\/span><\/p>\n<ul>\n<li><a href=\"https:\/\/airportsmokinglounge.com\/de\/rauchen-auf-flughafen-in-ozeanien\/\"><span style=\"font-size: 14pt;\">Flugh\u00e4fen in Ozeanien<\/span><\/a><\/li>\n<\/ul>","protected":false},"excerpt":{"rendered":"<p>Bauerfield International Airport (VLI), located in Port Vila, is the main international gateway to the Republic of Vanuatu, an archipelago nation in the South Pacific Ocean. The airport is situated about 6 kilometers from the city center, offering easy access to Port Vila and surrounding areas. Smoking areas before the Security Check Smoking is only&hellip;&nbsp;<a href=\"https:\/\/airportsmokinglounge.com\/de\/raucherbereiche-am-port-vila-bauerfield-international-airport-vli\/\" rel=\"bookmark\">Mehr lesen \u00bb<span class=\"screen-reader-text\">Raucherbereiche am PORT VILA \u2013 BAUERFIELD INTERNATIONAL AIRPORT (VLI)<\/span><\/a><\/p>","protected":false},"author":1,"featured_media":1199,"parent":0,"menu_order":0,"comment_status":"closed","ping_status":"closed","template":"","meta":{"neve_meta_sidebar":"","neve_meta_container":"","neve_meta_enable_content_width":"off","neve_meta_content_width":100,"neve_meta_title_alignment":"","neve_meta_author_avatar":"","neve_post_elements_order":"","neve_meta_disable_header":"","neve_meta_disable_footer":"","neve_meta_disable_title":"","neve_meta_reading_time":"","footnotes":""},"class_list":["post-5901","page","type-page","status-publish","has-post-thumbnail","hentry"],"yoast_head":"<!-- This site is optimized with the Yoast SEO plugin v26.6 - https:\/\/yoast.com\/wordpress\/plugins\/seo\/ -->\n<title>Smoking areas at PORT VILA \u2013 BAUERFIELD INTERNATIONAL AIRPORT (VLI)<\/title>\n<meta name=\"description\" content=\"Smoking areas at PORT VILA \u2013 BAUERFIELD INTERNATIONAL AIRPORT (VLI) - Find a smoking area in the airport \u2714\ufe0e Smoking Guide\" \/>\n<meta name=\"robots\" content=\"index, follow, max-snippet:-1, max-image-preview:large, max-video-preview:-1\" \/>\n<link rel=\"canonical\" href=\"https:\/\/airportsmokinglounge.com\/de\/raucherbereiche-am-port-vila-bauerfield-international-airport-vli\/\" \/>\n<meta property=\"og:locale\" content=\"de_DE\" \/>\n<meta property=\"og:type\" content=\"article\" \/>\n<meta property=\"og:title\" content=\"Smoking areas at PORT VILA \u2013 BAUERFIELD INTERNATIONAL AIRPORT (VLI)\" \/>\n<meta property=\"og:description\" content=\"Smoking areas at PORT VILA \u2013 BAUERFIELD INTERNATIONAL AIRPORT (VLI) - Find a smoking area in the airport \u2714\ufe0e Smoking Guide\" \/>\n<meta property=\"og:url\" content=\"https:\/\/airportsmokinglounge.com\/de\/raucherbereiche-am-port-vila-bauerfield-international-airport-vli\/\" \/>\n<meta property=\"og:site_name\" content=\"airportsmokinglounge.com\" \/>\n<meta property=\"article:modified_time\" content=\"2024-01-05T16:24:19+00:00\" \/>\n<meta property=\"og:image\" content=\"https:\/\/airportsmokinglounge.com\/wp-content\/uploads\/2023\/03\/airport-smoking-lounge-4.jpg\" \/>\n\t<meta property=\"og:image:width\" content=\"2048\" \/>\n\t<meta property=\"og:image:height\" content=\"1152\" \/>\n\t<meta property=\"og:image:type\" content=\"image\/jpeg\" \/>\n<meta name=\"twitter:card\" content=\"summary_large_image\" \/>\n<meta name=\"twitter:label1\" content=\"Gesch\u00e4tzte Lesezeit\" \/>\n\t<meta name=\"twitter:data1\" content=\"3\u00a0Minuten\" \/>\n<script type=\"application\/ld+json\" class=\"yoast-schema-graph\">{\"@context\":\"https:\/\/schema.org\",\"@graph\":[{\"@type\":\"WebPage\",\"@id\":\"https:\/\/airportsmokinglounge.com\/smoking-areas-at-port-vila-bauerfield-international-airport-vli\/\",\"url\":\"https:\/\/airportsmokinglounge.com\/smoking-areas-at-port-vila-bauerfield-international-airport-vli\/\",\"name\":\"Smoking areas at PORT VILA \u2013 BAUERFIELD INTERNATIONAL AIRPORT (VLI)\",\"isPartOf\":{\"@id\":\"https:\/\/airportsmokinglounge.com\/#website\"},\"primaryImageOfPage\":{\"@id\":\"https:\/\/airportsmokinglounge.com\/smoking-areas-at-port-vila-bauerfield-international-airport-vli\/#primaryimage\"},\"image\":{\"@id\":\"https:\/\/airportsmokinglounge.com\/smoking-areas-at-port-vila-bauerfield-international-airport-vli\/#primaryimage\"},\"thumbnailUrl\":\"https:\/\/airportsmokinglounge.com\/wp-content\/uploads\/2023\/03\/airport-smoking-lounge-4.jpg\",\"datePublished\":\"2023-05-23T10:58:38+00:00\",\"dateModified\":\"2024-01-05T16:24:19+00:00\",\"description\":\"Smoking areas at PORT VILA \u2013 BAUERFIELD INTERNATIONAL AIRPORT (VLI) - Find a smoking area in the airport \u2714\ufe0e Smoking Guide\",\"breadcrumb\":{\"@id\":\"https:\/\/airportsmokinglounge.com\/smoking-areas-at-port-vila-bauerfield-international-airport-vli\/#breadcrumb\"},\"inLanguage\":\"de\",\"potentialAction\":[{\"@type\":\"ReadAction\",\"target\":[\"https:\/\/airportsmokinglounge.com\/smoking-areas-at-port-vila-bauerfield-international-airport-vli\/\"]}]},{\"@type\":\"ImageObject\",\"inLanguage\":\"de\",\"@id\":\"https:\/\/airportsmokinglounge.com\/smoking-areas-at-port-vila-bauerfield-international-airport-vli\/#primaryimage\",\"url\":\"https:\/\/airportsmokinglounge.com\/wp-content\/uploads\/2023\/03\/airport-smoking-lounge-4.jpg\",\"contentUrl\":\"https:\/\/airportsmokinglounge.com\/wp-content\/uploads\/2023\/03\/airport-smoking-lounge-4.jpg\",\"width\":2048,\"height\":1152,\"caption\":\"Airport Smoking\"},{\"@type\":\"BreadcrumbList\",\"@id\":\"https:\/\/airportsmokinglounge.com\/smoking-areas-at-port-vila-bauerfield-international-airport-vli\/#breadcrumb\",\"itemListElement\":[{\"@type\":\"ListItem\",\"position\":1,\"name\":\"Home\",\"item\":\"https:\/\/airportsmokinglounge.com\/\"},{\"@type\":\"ListItem\",\"position\":2,\"name\":\"Smoking areas at PORT VILA \u2013 BAUERFIELD INTERNATIONAL AIRPORT (VLI)\"}]},{\"@type\":\"WebSite\",\"@id\":\"https:\/\/airportsmokinglounge.com\/#website\",\"url\":\"https:\/\/airportsmokinglounge.com\/\",\"name\":\"airportsmokinglounge.com\",\"description\":\"\",\"potentialAction\":[{\"@type\":\"SearchAction\",\"target\":{\"@type\":\"EntryPoint\",\"urlTemplate\":\"https:\/\/airportsmokinglounge.com\/?s={search_term_string}\"},\"query-input\":{\"@type\":\"PropertyValueSpecification\",\"valueRequired\":true,\"valueName\":\"search_term_string\"}}],\"inLanguage\":\"de\"}]}<\/script>\n<!-- \/ Yoast SEO plugin. -->","yoast_head_json":{"title":"Raucherbereiche am PORT VILA \u2013 BAUERFIELD INTERNATIONAL AIRPORT (VLI)","description":"Raucherbereiche am PORT VILA \u2013 BAUERFIELD INTERNATIONAL AIRPORT (VLI) - Finden Sie einen Raucherbereich im Flughafen \u2714\ufe0e Raucherleitfaden","robots":{"index":"index","follow":"follow","max-snippet":"max-snippet:-1","max-image-preview":"max-image-preview:large","max-video-preview":"max-video-preview:-1"},"canonical":"https:\/\/airportsmokinglounge.com\/de\/raucherbereiche-am-port-vila-bauerfield-international-airport-vli\/","og_locale":"de_DE","og_type":"article","og_title":"Smoking areas at PORT VILA \u2013 BAUERFIELD INTERNATIONAL AIRPORT (VLI)","og_description":"Smoking areas at PORT VILA \u2013 BAUERFIELD INTERNATIONAL AIRPORT (VLI) - Find a smoking area in the airport \u2714\ufe0e Smoking Guide","og_url":"https:\/\/airportsmokinglounge.com\/de\/raucherbereiche-am-port-vila-bauerfield-international-airport-vli\/","og_site_name":"airportsmokinglounge.com","article_modified_time":"2024-01-05T16:24:19+00:00","og_image":[{"width":2048,"height":1152,"url":"https:\/\/airportsmokinglounge.com\/wp-content\/uploads\/2023\/03\/airport-smoking-lounge-4.jpg","type":"image\/jpeg"}],"twitter_card":"summary_large_image","twitter_misc":{"Gesch\u00e4tzte Lesezeit":"3\u00a0Minuten"},"schema":{"@context":"https:\/\/schema.org","@graph":[{"@type":"WebPage","@id":"https:\/\/airportsmokinglounge.com\/smoking-areas-at-port-vila-bauerfield-international-airport-vli\/","url":"https:\/\/airportsmokinglounge.com\/smoking-areas-at-port-vila-bauerfield-international-airport-vli\/","name":"Raucherbereiche am PORT VILA \u2013 BAUERFIELD INTERNATIONAL AIRPORT (VLI)","isPartOf":{"@id":"https:\/\/airportsmokinglounge.com\/#website"},"primaryImageOfPage":{"@id":"https:\/\/airportsmokinglounge.com\/smoking-areas-at-port-vila-bauerfield-international-airport-vli\/#primaryimage"},"image":{"@id":"https:\/\/airportsmokinglounge.com\/smoking-areas-at-port-vila-bauerfield-international-airport-vli\/#primaryimage"},"thumbnailUrl":"https:\/\/airportsmokinglounge.com\/wp-content\/uploads\/2023\/03\/airport-smoking-lounge-4.jpg","datePublished":"2023-05-23T10:58:38+00:00","dateModified":"2024-01-05T16:24:19+00:00","description":"Raucherbereiche am PORT VILA \u2013 BAUERFIELD INTERNATIONAL AIRPORT (VLI) - Finden Sie einen Raucherbereich im Flughafen \u2714\ufe0e Raucherleitfaden","breadcrumb":{"@id":"https:\/\/airportsmokinglounge.com\/smoking-areas-at-port-vila-bauerfield-international-airport-vli\/#breadcrumb"},"inLanguage":"de","potentialAction":[{"@type":"ReadAction","target":["https:\/\/airportsmokinglounge.com\/smoking-areas-at-port-vila-bauerfield-international-airport-vli\/"]}]},{"@type":"ImageObject","inLanguage":"de","@id":"https:\/\/airportsmokinglounge.com\/smoking-areas-at-port-vila-bauerfield-international-airport-vli\/#primaryimage","url":"https:\/\/airportsmokinglounge.com\/wp-content\/uploads\/2023\/03\/airport-smoking-lounge-4.jpg","contentUrl":"https:\/\/airportsmokinglounge.com\/wp-content\/uploads\/2023\/03\/airport-smoking-lounge-4.jpg","width":2048,"height":1152,"caption":"Airport Smoking"},{"@type":"BreadcrumbList","@id":"https:\/\/airportsmokinglounge.com\/smoking-areas-at-port-vila-bauerfield-international-airport-vli\/#breadcrumb","itemListElement":[{"@type":"ListItem","position":1,"name":"Home","item":"https:\/\/airportsmokinglounge.com\/"},{"@type":"ListItem","position":2,"name":"Smoking areas at PORT VILA \u2013 BAUERFIELD INTERNATIONAL AIRPORT (VLI)"}]},{"@type":"WebSite","@id":"https:\/\/airportsmokinglounge.com\/#website","url":"https:\/\/airportsmokinglounge.com\/","name":"Flughafenraucherlounge.com","description":"","potentialAction":[{"@type":"SearchAction","target":{"@type":"EntryPoint","urlTemplate":"https:\/\/airportsmokinglounge.com\/?s={search_term_string}"},"query-input":{"@type":"PropertyValueSpecification","valueRequired":true,"valueName":"search_term_string"}}],"inLanguage":"de"}]}},"_links":{"self":[{"href":"https:\/\/airportsmokinglounge.com\/de\/wp-json\/wp\/v2\/pages\/5901","targetHints":{"allow":["GET"]}}],"collection":[{"href":"https:\/\/airportsmokinglounge.com\/de\/wp-json\/wp\/v2\/pages"}],"about":[{"href":"https:\/\/airportsmokinglounge.com\/de\/wp-json\/wp\/v2\/types\/page"}],"author":[{"embeddable":true,"href":"https:\/\/airportsmokinglounge.com\/de\/wp-json\/wp\/v2\/users\/1"}],"replies":[{"embeddable":true,"href":"https:\/\/airportsmokinglounge.com\/de\/wp-json\/wp\/v2\/comments?post=5901"}],"version-history":[{"count":3,"href":"https:\/\/airportsmokinglounge.com\/de\/wp-json\/wp\/v2\/pages\/5901\/revisions"}],"predecessor-version":[{"id":7242,"href":"https:\/\/airportsmokinglounge.com\/de\/wp-json\/wp\/v2\/pages\/5901\/revisions\/7242"}],"wp:featuredmedia":[{"embeddable":true,"href":"https:\/\/airportsmokinglounge.com\/de\/wp-json\/wp\/v2\/media\/1199"}],"wp:attachment":[{"href":"https:\/\/airportsmokinglounge.com\/de\/wp-json\/wp\/v2\/media?parent=5901"}],"curies":[{"name":"wp","href":"https:\/\/api.w.org\/{rel}","templated":true}]}}