{"id":6409,"date":"2023-06-18T16:59:52","date_gmt":"2023-06-18T14:59:52","guid":{"rendered":"https:\/\/airportsmokinglounge.com\/?page_id=6409"},"modified":"2023-06-18T16:59:52","modified_gmt":"2023-06-18T14:59:52","slug":"about-us","status":"publish","type":"page","link":"https:\/\/airportsmokinglounge.com\/de\/uber-uns\/","title":{"rendered":"\u00dcber uns"},"content":{"rendered":"<p>Willkommen bei Airport Smokinglounge.com, Ihrer umfassenden Informationsquelle zu Raucherbereichen an Flugh\u00e4fen weltweit.<\/p>\n<p>Unsere Mission ist es, das Reisen f\u00fcr Raucher angenehmer zu gestalten, indem wir detaillierte Informationen \u00fcber ausgewiesene Raucherbereiche und verf\u00fcgbare Einrichtungen auf Flugh\u00e4fen auf der ganzen Welt bereitstellen. Wir verstehen die Frustration, wenn man durch die Sicherheitskontrolle geht und dann feststellt, dass es keine Raucherbereiche gibt oder in manchen F\u00e4llen E-Zigaretten nicht erlaubt sind.<\/p>\n<p>Egal, ob Sie auf der Durchreise sind, auf einen Anschlussflug warten oder gerade erst an Ihrem Ziel angekommen sind: Wir m\u00f6chten Ihnen helfen, einen Ort zu finden, an dem Sie entspannen und rauchen k\u00f6nnen, ohne bef\u00fcrchten zu m\u00fcssen, gegen Regeln zu versto\u00dfen.<\/p>\n<p>Wir aktualisieren unsere Datenbank kontinuierlich, um sicherzustellen, dass Sie stets \u00fcber die aktuellsten und genauesten Informationen verf\u00fcgen. Von den gr\u00f6\u00dften internationalen Flugh\u00e4fen bis hin zu kleineren inl\u00e4ndischen Flugh\u00e4fen sind wir bestrebt, sie alle abzudecken.<\/p>\n<p>Unser Team ist bestrebt, Ihr Reiseerlebnis so reibungslos wie m\u00f6glich zu gestalten. Wenn Sie Fragen oder Anregungen haben oder Informationen zu einem Raucherbereich in einem Flughafen beisteuern m\u00f6chten, die wir noch nicht abgedeckt haben, k\u00f6nnen Sie dies gerne tun <a href=\"https:\/\/airportsmokinglounge.com\/de\/kontakt\/\">Kontakt<\/a> uns.<\/p>\n<p>Vielen Dank, dass Sie sich f\u00fcr Airportsmokinglounge.com entschieden haben, und w\u00fcnschen Ihnen eine gute Reise!\u201c<\/p>","protected":false},"excerpt":{"rendered":"<p>Willkommen bei airportsmokinglounge.com, Ihrer umfassenden Quelle f\u00fcr Informationen zu Raucherbereichen auf Flugh\u00e4fen weltweit. Unsere Mission ist es, das Reisen f\u00fcr Raucher angenehmer zu gestalten, indem wir detaillierte Informationen zu ausgewiesenen Raucherbereichen und verf\u00fcgbaren Einrichtungen auf Flugh\u00e4fen auf der ganzen Welt bereitstellen. Wir verstehen die Frustration, wenn man durch die Sicherheitskontrolle geht und dann feststellt, dass es keine gibt\u2026&nbsp;<a href=\"https:\/\/airportsmokinglounge.com\/de\/uber-uns\/\" rel=\"bookmark\">Mehr lesen \u00bb<span class=\"screen-reader-text\">\u00dcber uns<\/span><\/a><\/p>","protected":false},"author":1,"featured_media":1274,"parent":0,"menu_order":0,"comment_status":"closed","ping_status":"closed","template":"","meta":{"neve_meta_sidebar":"","neve_meta_container":"","neve_meta_enable_content_width":"off","neve_meta_content_width":100,"neve_meta_title_alignment":"","neve_meta_author_avatar":"","neve_post_elements_order":"","neve_meta_disable_header":"","neve_meta_disable_footer":"","neve_meta_disable_title":"","neve_meta_reading_time":"","footnotes":""},"class_list":["post-6409","page","type-page","status-publish","has-post-thumbnail","hentry"],"yoast_head":"<!-- This site is optimized with the Yoast SEO plugin v26.6 - https:\/\/yoast.com\/wordpress\/plugins\/seo\/ -->\n<title>About us - airportsmokinglounge.com<\/title>\n<meta name=\"robots\" content=\"index, follow, max-snippet:-1, max-image-preview:large, max-video-preview:-1\" \/>\n<link rel=\"canonical\" href=\"https:\/\/airportsmokinglounge.com\/de\/uber-uns\/\" \/>\n<meta property=\"og:locale\" content=\"de_DE\" \/>\n<meta property=\"og:type\" content=\"article\" \/>\n<meta property=\"og:title\" content=\"About us - airportsmokinglounge.com\" \/>\n<meta property=\"og:description\" content=\"Welcome to airportsmokinglounge.com, your comprehensive source for information on smoking areas in airports worldwide. Our mission is to make travel more enjoyable for smokers by providing detailed information about designated smoking areas and available facilities in airports across the globe. We understand the frustration of going through security, only to find that there are no&hellip;&nbsp;Mehr lesen &raquo;About us\" \/>\n<meta property=\"og:url\" content=\"https:\/\/airportsmokinglounge.com\/de\/uber-uns\/\" \/>\n<meta property=\"og:site_name\" content=\"airportsmokinglounge.com\" \/>\n<meta property=\"og:image\" content=\"https:\/\/airportsmokinglounge.com\/wp-content\/uploads\/2023\/03\/Fiverr1-smoking-2.png\" \/>\n\t<meta property=\"og:image:width\" content=\"5990\" \/>\n\t<meta property=\"og:image:height\" content=\"1296\" \/>\n\t<meta property=\"og:image:type\" content=\"image\/png\" \/>\n<meta name=\"twitter:card\" content=\"summary_large_image\" \/>\n<meta name=\"twitter:label1\" content=\"Gesch\u00e4tzte Lesezeit\" \/>\n\t<meta name=\"twitter:data1\" content=\"1\u00a0Minute\" \/>\n<script type=\"application\/ld+json\" class=\"yoast-schema-graph\">{\"@context\":\"https:\/\/schema.org\",\"@graph\":[{\"@type\":\"WebPage\",\"@id\":\"https:\/\/airportsmokinglounge.com\/about-us\/\",\"url\":\"https:\/\/airportsmokinglounge.com\/about-us\/\",\"name\":\"About us - airportsmokinglounge.com\",\"isPartOf\":{\"@id\":\"https:\/\/airportsmokinglounge.com\/#website\"},\"primaryImageOfPage\":{\"@id\":\"https:\/\/airportsmokinglounge.com\/about-us\/#primaryimage\"},\"image\":{\"@id\":\"https:\/\/airportsmokinglounge.com\/about-us\/#primaryimage\"},\"thumbnailUrl\":\"https:\/\/airportsmokinglounge.com\/wp-content\/uploads\/2023\/03\/Fiverr1-smoking-2.png\",\"datePublished\":\"2023-06-18T14:59:52+00:00\",\"breadcrumb\":{\"@id\":\"https:\/\/airportsmokinglounge.com\/about-us\/#breadcrumb\"},\"inLanguage\":\"de\",\"potentialAction\":[{\"@type\":\"ReadAction\",\"target\":[\"https:\/\/airportsmokinglounge.com\/about-us\/\"]}]},{\"@type\":\"ImageObject\",\"inLanguage\":\"de\",\"@id\":\"https:\/\/airportsmokinglounge.com\/about-us\/#primaryimage\",\"url\":\"https:\/\/airportsmokinglounge.com\/wp-content\/uploads\/2023\/03\/Fiverr1-smoking-2.png\",\"contentUrl\":\"https:\/\/airportsmokinglounge.com\/wp-content\/uploads\/2023\/03\/Fiverr1-smoking-2.png\",\"width\":5990,\"height\":1296,\"caption\":\"Airport smoking lounge\"},{\"@type\":\"BreadcrumbList\",\"@id\":\"https:\/\/airportsmokinglounge.com\/about-us\/#breadcrumb\",\"itemListElement\":[{\"@type\":\"ListItem\",\"position\":1,\"name\":\"Home\",\"item\":\"https:\/\/airportsmokinglounge.com\/\"},{\"@type\":\"ListItem\",\"position\":2,\"name\":\"About us\"}]},{\"@type\":\"WebSite\",\"@id\":\"https:\/\/airportsmokinglounge.com\/#website\",\"url\":\"https:\/\/airportsmokinglounge.com\/\",\"name\":\"airportsmokinglounge.com\",\"description\":\"\",\"potentialAction\":[{\"@type\":\"SearchAction\",\"target\":{\"@type\":\"EntryPoint\",\"urlTemplate\":\"https:\/\/airportsmokinglounge.com\/?s={search_term_string}\"},\"query-input\":{\"@type\":\"PropertyValueSpecification\",\"valueRequired\":true,\"valueName\":\"search_term_string\"}}],\"inLanguage\":\"de\"}]}<\/script>\n<!-- \/ Yoast SEO plugin. -->","yoast_head_json":{"title":"\u00dcber uns - Airport Smoking Lounge.com","robots":{"index":"index","follow":"follow","max-snippet":"max-snippet:-1","max-image-preview":"max-image-preview:large","max-video-preview":"max-video-preview:-1"},"canonical":"https:\/\/airportsmokinglounge.com\/de\/uber-uns\/","og_locale":"de_DE","og_type":"article","og_title":"About us - airportsmokinglounge.com","og_description":"Welcome to airportsmokinglounge.com, your comprehensive source for information on smoking areas in airports worldwide. Our mission is to make travel more enjoyable for smokers by providing detailed information about designated smoking areas and available facilities in airports across the globe. We understand the frustration of going through security, only to find that there are no&hellip;&nbsp;Mehr lesen &raquo;About us","og_url":"https:\/\/airportsmokinglounge.com\/de\/uber-uns\/","og_site_name":"airportsmokinglounge.com","og_image":[{"width":5990,"height":1296,"url":"https:\/\/airportsmokinglounge.com\/wp-content\/uploads\/2023\/03\/Fiverr1-smoking-2.png","type":"image\/png"}],"twitter_card":"summary_large_image","twitter_misc":{"Gesch\u00e4tzte Lesezeit":"1\u00a0Minute"},"schema":{"@context":"https:\/\/schema.org","@graph":[{"@type":"WebPage","@id":"https:\/\/airportsmokinglounge.com\/about-us\/","url":"https:\/\/airportsmokinglounge.com\/about-us\/","name":"\u00dcber uns - Airport Smoking Lounge.com","isPartOf":{"@id":"https:\/\/airportsmokinglounge.com\/#website"},"primaryImageOfPage":{"@id":"https:\/\/airportsmokinglounge.com\/about-us\/#primaryimage"},"image":{"@id":"https:\/\/airportsmokinglounge.com\/about-us\/#primaryimage"},"thumbnailUrl":"https:\/\/airportsmokinglounge.com\/wp-content\/uploads\/2023\/03\/Fiverr1-smoking-2.png","datePublished":"2023-06-18T14:59:52+00:00","breadcrumb":{"@id":"https:\/\/airportsmokinglounge.com\/about-us\/#breadcrumb"},"inLanguage":"de","potentialAction":[{"@type":"ReadAction","target":["https:\/\/airportsmokinglounge.com\/about-us\/"]}]},{"@type":"ImageObject","inLanguage":"de","@id":"https:\/\/airportsmokinglounge.com\/about-us\/#primaryimage","url":"https:\/\/airportsmokinglounge.com\/wp-content\/uploads\/2023\/03\/Fiverr1-smoking-2.png","contentUrl":"https:\/\/airportsmokinglounge.com\/wp-content\/uploads\/2023\/03\/Fiverr1-smoking-2.png","width":5990,"height":1296,"caption":"Airport smoking lounge"},{"@type":"BreadcrumbList","@id":"https:\/\/airportsmokinglounge.com\/about-us\/#breadcrumb","itemListElement":[{"@type":"ListItem","position":1,"name":"Home","item":"https:\/\/airportsmokinglounge.com\/"},{"@type":"ListItem","position":2,"name":"About us"}]},{"@type":"WebSite","@id":"https:\/\/airportsmokinglounge.com\/#website","url":"https:\/\/airportsmokinglounge.com\/","name":"Flughafenraucherlounge.com","description":"","potentialAction":[{"@type":"SearchAction","target":{"@type":"EntryPoint","urlTemplate":"https:\/\/airportsmokinglounge.com\/?s={search_term_string}"},"query-input":{"@type":"PropertyValueSpecification","valueRequired":true,"valueName":"search_term_string"}}],"inLanguage":"de"}]}},"_links":{"self":[{"href":"https:\/\/airportsmokinglounge.com\/de\/wp-json\/wp\/v2\/pages\/6409","targetHints":{"allow":["GET"]}}],"collection":[{"href":"https:\/\/airportsmokinglounge.com\/de\/wp-json\/wp\/v2\/pages"}],"about":[{"href":"https:\/\/airportsmokinglounge.com\/de\/wp-json\/wp\/v2\/types\/page"}],"author":[{"embeddable":true,"href":"https:\/\/airportsmokinglounge.com\/de\/wp-json\/wp\/v2\/users\/1"}],"replies":[{"embeddable":true,"href":"https:\/\/airportsmokinglounge.com\/de\/wp-json\/wp\/v2\/comments?post=6409"}],"version-history":[{"count":1,"href":"https:\/\/airportsmokinglounge.com\/de\/wp-json\/wp\/v2\/pages\/6409\/revisions"}],"predecessor-version":[{"id":6410,"href":"https:\/\/airportsmokinglounge.com\/de\/wp-json\/wp\/v2\/pages\/6409\/revisions\/6410"}],"wp:featuredmedia":[{"embeddable":true,"href":"https:\/\/airportsmokinglounge.com\/de\/wp-json\/wp\/v2\/media\/1274"}],"wp:attachment":[{"href":"https:\/\/airportsmokinglounge.com\/de\/wp-json\/wp\/v2\/media?parent=6409"}],"curies":[{"name":"wp","href":"https:\/\/api.w.org\/{rel}","templated":true}]}}