{"id":65,"date":"2023-02-20T13:30:23","date_gmt":"2023-02-20T12:30:23","guid":{"rendered":"https:\/\/airportsmokinglounge.com\/?page_id=65"},"modified":"2023-05-22T23:51:57","modified_gmt":"2023-05-22T21:51:57","slug":"smoking-in-airports-in-asia","status":"publish","type":"page","link":"https:\/\/airportsmokinglounge.com\/de\/rauchen-auf-flughafen-in-asien\/","title":{"rendered":"Rauchen auf Flugh\u00e4fen in Asien"},"content":{"rendered":"<h2>Raucherbereiche in Asiens Flugh\u00e4fen<\/h2>\n<p><span style=\"font-size: 14pt;\">Auf dieser Website finden Sie alle Raucherbereiche in asiatischen Flugh\u00e4fen, einschlie\u00dflich ausgewiesener Raucherbereiche und verf\u00fcgbarer Einrichtungen. Wir verstehen die Frustration, wenn man durch die Sicherheitskontrolle geht und dann feststellt, dass es nirgendwo Raucherbereiche gibt und in manchen F\u00e4llen E-Zigaretten m\u00f6glicherweise nicht erlaubt sind. <\/span><\/p>\n<p><span style=\"font-size: 14pt;\">Dieser Service richtet sich an alle Raucher, die vor oder nach langen Fl\u00fcgen eine Zigarette genie\u00dfen m\u00f6chten.<\/span><\/p>\n<p><span style=\"font-size: 14pt;\"><strong>W\u00e4hle dein Land:<\/strong><\/span><\/p>\n<ul style=\"list-style-type: circle;\">\n<li><a href=\"https:\/\/airportsmokinglounge.com\/de\/raucherbereiche-in-afghanistans-flughafen\/\">AFGHANISTAN<\/a><\/li>\n<li><a href=\"https:\/\/airportsmokinglounge.com\/de\/raucherbereiche-in-armenien-flughafen\/\">ARMENIEN<\/a><\/li>\n<li><a href=\"https:\/\/airportsmokinglounge.com\/de\/raucherbereiche-am-bahrain-international-airport-bah\/\">BAHRAIN<\/a><\/li>\n<li><a href=\"https:\/\/airportsmokinglounge.com\/de\/raucherbereiche-in-bangladesch-flughafen\/\">BANGLADESCH<\/a><\/li>\n<li><a href=\"https:\/\/airportsmokinglounge.com\/de\/raucherbereiche-am-brunei-international-airport-bwn\/\">BRUNEI<\/a><\/li>\n<li><a href=\"https:\/\/airportsmokinglounge.com\/de\/raucherbereiche-in-kambodscha-flughafen\/\">KAMBODSCHA<\/a><\/li>\n<li><a href=\"https:\/\/airportsmokinglounge.com\/de\/raucherbereiche-in-china-flughafen\/\">CHINA<\/a><\/li>\n<li><a href=\"https:\/\/airportsmokinglounge.com\/de\/raucherbereiche-am-flughafen-dili-president-nicolaus-lobato-dil\/\">OSTTIMOR<\/a><\/li>\n<li><a href=\"https:\/\/airportsmokinglounge.com\/de\/raucherbereiche-am-hong-kong-international-airport-hkg\/\">HONGKONG<\/a><\/li>\n<li><a href=\"https:\/\/airportsmokinglounge.com\/de\/raucherbereiche-in-indien-flughafen\/\">INDIEN<\/a><\/li>\n<li><a href=\"https:\/\/airportsmokinglounge.com\/de\/raucherbereiche-in-indonesien-flughafen\/\">INDONESIEN<\/a><\/li>\n<li><a href=\"https:\/\/airportsmokinglounge.com\/de\/raucherbereiche-auf-iranischen-flughafen\/\">IRAN<\/a><\/li>\n<li><a href=\"https:\/\/airportsmokinglounge.com\/de\/raucherbereiche-in-irakischen-flughafen\/\">IRAK<\/a><\/li>\n<li><a href=\"https:\/\/airportsmokinglounge.com\/de\/raucherbereiche-in-israelischen-flughafen\/\">ISRAEL<\/a><\/li>\n<li><a href=\"https:\/\/airportsmokinglounge.com\/de\/raucherbereiche-in-japanischen-flughafen\/\">JAPAN<\/a><\/li>\n<li><a href=\"https:\/\/airportsmokinglounge.com\/de\/raucherbereiche-in-jordanien-flughafen\/\">JORDANIEN<\/a><\/li>\n<li><a href=\"https:\/\/airportsmokinglounge.com\/de\/raucherbereiche-auf-kasachstan-flughafen\/\">KASACHSTAN<\/a><\/li>\n<li><a href=\"https:\/\/airportsmokinglounge.com\/de\/raucherbereiche-am-kuwait-international-airport-kwi\/\">KUWAIT<\/a><\/li>\n<li><a href=\"https:\/\/airportsmokinglounge.com\/de\/raucherbereiche-in-laos-flughafen\/\">LAOS<\/a><\/li>\n<li><a href=\"https:\/\/airportsmokinglounge.com\/de\/raucherbereiche-am-beirut-international-airport-bey\/\">LIBANON<\/a><\/li>\n<li><a href=\"https:\/\/airportsmokinglounge.com\/de\/raucherbereiche-am-macau-international-airport-mfm\/\">MACAU<\/a><\/li>\n<li><a href=\"https:\/\/airportsmokinglounge.com\/de\/raucherbereiche-in-malaysias-flughafen\/\">MALAYSIA<\/a><\/li>\n<li><a href=\"https:\/\/airportsmokinglounge.com\/de\/raucherbereiche-am-male-international-airport-mle\/\">MALEDIVEN<\/a><\/li>\n<li><a href=\"https:\/\/airportsmokinglounge.com\/de\/raucherbereiche-in-flughafen-der-mongolei\/\">MONGOLEI<\/a><\/li>\n<li><a href=\"https:\/\/airportsmokinglounge.com\/de\/raucherbereiche-in-myanmars-burmas-flughafen\/\">MYANMAR (BURMA)<\/a><\/li>\n<li><a href=\"https:\/\/airportsmokinglounge.com\/de\/raucherbereiche-am-kathmandu-international-airport-ktm\/\">NEPAL<\/a><\/li>\n<li><a href=\"https:\/\/airportsmokinglounge.com\/de\/raucherbereiche-in-den-flughafen-des-oman\/\">OMAN<\/a><\/li>\n<li><a href=\"https:\/\/airportsmokinglounge.com\/de\/raucherbereiche-in-pakistans-flughafen\/\">PAKISTAN<\/a><\/li>\n<li><a href=\"https:\/\/airportsmokinglounge.com\/de\/raucherbereiche-auf-philippinischen-flughafen\/\">PHILIPPINEN<\/a><\/li>\n<li><a href=\"https:\/\/airportsmokinglounge.com\/de\/raucherbereiche-am-doha-hamad-international-airport-doh\/\">KATAR<\/a><\/li>\n<li><a href=\"https:\/\/airportsmokinglounge.com\/de\/raucherbereiche-in-saudi-arabien-flughafen\/\">SAUDI-ARABIEN<\/a><\/li>\n<li><a href=\"https:\/\/airportsmokinglounge.com\/de\/raucherbereiche-in-singapur-flughafen\/\">SINGAPUR<\/a><\/li>\n<li><a href=\"https:\/\/airportsmokinglounge.com\/de\/raucherbereiche-in-sudkoreanischen-flughafen\/\">S\u00dcDKOREA<\/a><\/li>\n<li><a href=\"https:\/\/airportsmokinglounge.com\/de\/raucherbereiche-in-sri-lankas-flughafen\/\">SRI LANKA<\/a><\/li>\n<li><a href=\"https:\/\/airportsmokinglounge.com\/de\/raucherbereiche-in-taiwanischen-flughafen\/\">TAIWAN<\/a><\/li>\n<li><a href=\"https:\/\/airportsmokinglounge.com\/de\/raucherbereiche-in-thailand-flughafen\/\">THAILAND<\/a><\/li>\n<li><a href=\"https:\/\/airportsmokinglounge.com\/de\/raucherbereiche-in-flughafen-der-vereinigten-arabischen-emirate\/\">VEREINIGTE ARABISCHE EMIRATE<\/a><\/li>\n<li><a href=\"https:\/\/airportsmokinglounge.com\/de\/raucherbereiche-in-usbekischen-flughafen\/\">USBEKISTAN<\/a><\/li>\n<li><a href=\"https:\/\/airportsmokinglounge.com\/de\/raucherbereiche-auf-flughafen-im-jemen\/\">JEMEN<\/a><\/li>\n<li><a href=\"https:\/\/airportsmokinglounge.com\/de\/raucherbereiche-in-vietnams-flughafen\/\">VIETNAM<\/a><\/li>\n<\/ul>\n<h2>Asiatischer Raucherservice am Flughafen<\/h2>\n<p><span style=\"font-size: 14pt;\">In einigen asiatischen L\u00e4ndern ist das Rauchen immer noch weithin akzeptiert und \u00fcblich, und auf vielen Flugh\u00e4fen gibt es ausgewiesene Raucherbereiche. Diese ausgewiesenen Raucherbereiche befinden sich normalerweise im Freien abseits des Hauptterminalgeb\u00e4udes und k\u00f6nnen mit Aschenbechern, Sitzgelegenheiten und Unterst\u00e4nden f\u00fcr Raucher ausgestattet sein. <\/span><\/p>\n<p><span style=\"font-size: 14pt;\">Es ist jedoch wichtig zu beachten, dass die Verf\u00fcgbarkeit und Qualit\u00e4t dieser Raucherbereiche von Flughafen zu Flughafen stark variieren kann und m\u00f6glicherweise nicht immer den Erwartungen rauchender Reisender entspricht.<\/span><\/p>\n<p><span style=\"font-size: 14pt;\">Andererseits gibt es auch asiatische L\u00e4nder, in denen das Rauchen streng reglementiert ist und das Rauchen auf Flugh\u00e4fen in allen Innen- und Au\u00dfenbereichen verboten ist. Dies bedeutet, dass Reisende, die rauchen, m\u00f6glicherweise Schwierigkeiten haben, geeignete Orte zum Rauchen auf dem Flughafengel\u00e4nde zu finden, und m\u00f6glicherweise das Flughafengel\u00e4nde verlassen m\u00fcssen, um zu rauchen, sofern die \u00f6rtlichen Gesetze dies zulassen.<\/span><\/p>\n<p><span style=\"font-size: 14pt;\">Hier finden Sie alle Informationen, die Sie ben\u00f6tigen, um an einem asiatischen Flughafen einen Raucherbereich zu finden.<\/span><\/p>\n<h3><span style=\"font-size: 14pt;\">Sende uns Feedback<\/span><\/h3>\n<p><span style=\"font-size: 14pt;\">Wenn Sie sich an einem Flughafen in Asien befinden, k\u00f6nnen Sie uns gerne Bilder der Raucherbereiche zusenden. Dies wird uns helfen, unsere Datenbank schneller zu f\u00fcllen. Du kannst das <strong><a href=\"https:\/\/airportsmokinglounge.com\/de\/kontakt\/\">Hier<\/a>.<\/strong>\u00a0Die Bilder werden unter Angabe der Bildquelle (Name) auf unserer Website ver\u00f6ffentlicht. Teilen Sie diese Bilder gerne mit uns und allen Besuchern von Airport Smoking Lounge.com.<\/span><\/p>\n<p><strong><span style=\"font-size: 14pt;\">Weitere Raucherbereiche am Flughafen<\/span><\/strong><\/p>\n<ul style=\"list-style-type: circle;\">\n<li><a href=\"https:\/\/airportsmokinglounge.com\/de\/rauchen-auf-flughafen-in-afrika\/\">Afrika<\/a><\/li>\n<li><a href=\"https:\/\/airportsmokinglounge.com\/de\/rauchen-in-den-flughafen-von-nordamerika\/\">Nordamerika<\/a><\/li>\n<li><a href=\"https:\/\/airportsmokinglounge.com\/de\/raucherbereiche-in-europaischen-flughafen\/\">Europa<\/a><\/li>\n<li><a href=\"https:\/\/airportsmokinglounge.com\/de\/rauchen-auf-den-flughafen-sudamerikas\/\">S\u00fcdamerika<\/a><\/li>\n<li><a href=\"https:\/\/airportsmokinglounge.com\/de\/rauchen-auf-flughafen-in-ozeanien\/\">Ozeanien<\/a><\/li>\n<\/ul>","protected":false},"excerpt":{"rendered":"<p>Raucherbereiche in asiatischen Flugh\u00e4fen Auf dieser Website finden Sie alle Raucherbereiche in asiatischen Flugh\u00e4fen, einschlie\u00dflich ausgewiesener Raucherbereiche und verf\u00fcgbarer Einrichtungen. Wir verstehen die Frustration, wenn man durch die Sicherheitskontrolle geht und dann feststellt, dass es nirgendwo Raucherbereiche gibt und in manchen F\u00e4llen E-Zigaretten nicht erlaubt sind. Dieser Service ist f\u00fcr\u2026&nbsp;<a href=\"https:\/\/airportsmokinglounge.com\/de\/rauchen-auf-flughafen-in-asien\/\" rel=\"bookmark\">Mehr lesen \u00bb<span class=\"screen-reader-text\">Rauchen auf Flugh\u00e4fen in Asien<\/span><\/a><\/p>","protected":false},"author":1,"featured_media":1202,"parent":0,"menu_order":0,"comment_status":"closed","ping_status":"closed","template":"","meta":{"neve_meta_sidebar":"","neve_meta_container":"","neve_meta_enable_content_width":"off","neve_meta_content_width":100,"neve_meta_title_alignment":"","neve_meta_author_avatar":"","neve_post_elements_order":"","neve_meta_disable_header":"","neve_meta_disable_footer":"","neve_meta_disable_title":"","neve_meta_reading_time":"","footnotes":""},"class_list":["post-65","page","type-page","status-publish","has-post-thumbnail","hentry"],"yoast_head":"<!-- This site is optimized with the Yoast SEO plugin v26.6 - https:\/\/yoast.com\/wordpress\/plugins\/seo\/ -->\n<title>Smoking in airports in Asia - airportsmokinglounge.com<\/title>\n<meta name=\"description\" content=\"Smoking in airports in Asia \u2714\ufe0e A Comprehensive Guide to Smoking Areas and Smoking Policies in Major Asian Airports \u2714\ufe0e\" \/>\n<meta name=\"robots\" content=\"index, follow, max-snippet:-1, max-image-preview:large, max-video-preview:-1\" \/>\n<link rel=\"canonical\" href=\"https:\/\/airportsmokinglounge.com\/de\/rauchen-auf-flughafen-in-asien\/\" \/>\n<meta property=\"og:locale\" content=\"de_DE\" \/>\n<meta property=\"og:type\" content=\"article\" \/>\n<meta property=\"og:title\" content=\"Smoking in airports in Asia - airportsmokinglounge.com\" \/>\n<meta property=\"og:description\" content=\"Smoking in airports in Asia \u2714\ufe0e A Comprehensive Guide to Smoking Areas and Smoking Policies in Major Asian Airports \u2714\ufe0e\" \/>\n<meta property=\"og:url\" content=\"https:\/\/airportsmokinglounge.com\/de\/rauchen-auf-flughafen-in-asien\/\" \/>\n<meta property=\"og:site_name\" content=\"airportsmokinglounge.com\" \/>\n<meta property=\"article:modified_time\" content=\"2023-05-22T21:51:57+00:00\" \/>\n<meta property=\"og:image\" content=\"https:\/\/airportsmokinglounge.com\/wp-content\/uploads\/2023\/03\/airport-smoking-lounge-7.jpg\" \/>\n\t<meta property=\"og:image:width\" content=\"2048\" \/>\n\t<meta property=\"og:image:height\" content=\"1152\" \/>\n\t<meta property=\"og:image:type\" content=\"image\/jpeg\" \/>\n<meta name=\"twitter:card\" content=\"summary_large_image\" \/>\n<meta name=\"twitter:label1\" content=\"Gesch\u00e4tzte Lesezeit\" \/>\n\t<meta name=\"twitter:data1\" content=\"2\u00a0Minuten\" \/>\n<script type=\"application\/ld+json\" class=\"yoast-schema-graph\">{\"@context\":\"https:\/\/schema.org\",\"@graph\":[{\"@type\":\"WebPage\",\"@id\":\"https:\/\/airportsmokinglounge.com\/smoking-in-airports-in-asia\/\",\"url\":\"https:\/\/airportsmokinglounge.com\/smoking-in-airports-in-asia\/\",\"name\":\"Smoking in airports in Asia - airportsmokinglounge.com\",\"isPartOf\":{\"@id\":\"https:\/\/airportsmokinglounge.com\/#website\"},\"primaryImageOfPage\":{\"@id\":\"https:\/\/airportsmokinglounge.com\/smoking-in-airports-in-asia\/#primaryimage\"},\"image\":{\"@id\":\"https:\/\/airportsmokinglounge.com\/smoking-in-airports-in-asia\/#primaryimage\"},\"thumbnailUrl\":\"https:\/\/airportsmokinglounge.com\/wp-content\/uploads\/2023\/03\/airport-smoking-lounge-7.jpg\",\"datePublished\":\"2023-02-20T12:30:23+00:00\",\"dateModified\":\"2023-05-22T21:51:57+00:00\",\"description\":\"Smoking in airports in Asia \u2714\ufe0e A Comprehensive Guide to Smoking Areas and Smoking Policies in Major Asian Airports \u2714\ufe0e\",\"breadcrumb\":{\"@id\":\"https:\/\/airportsmokinglounge.com\/smoking-in-airports-in-asia\/#breadcrumb\"},\"inLanguage\":\"de\",\"potentialAction\":[{\"@type\":\"ReadAction\",\"target\":[\"https:\/\/airportsmokinglounge.com\/smoking-in-airports-in-asia\/\"]}]},{\"@type\":\"ImageObject\",\"inLanguage\":\"de\",\"@id\":\"https:\/\/airportsmokinglounge.com\/smoking-in-airports-in-asia\/#primaryimage\",\"url\":\"https:\/\/airportsmokinglounge.com\/wp-content\/uploads\/2023\/03\/airport-smoking-lounge-7.jpg\",\"contentUrl\":\"https:\/\/airportsmokinglounge.com\/wp-content\/uploads\/2023\/03\/airport-smoking-lounge-7.jpg\",\"width\":2048,\"height\":1152,\"caption\":\"Airport Smoking areas\"},{\"@type\":\"BreadcrumbList\",\"@id\":\"https:\/\/airportsmokinglounge.com\/smoking-in-airports-in-asia\/#breadcrumb\",\"itemListElement\":[{\"@type\":\"ListItem\",\"position\":1,\"name\":\"Home\",\"item\":\"https:\/\/airportsmokinglounge.com\/\"},{\"@type\":\"ListItem\",\"position\":2,\"name\":\"Smoking in airports in Asia\"}]},{\"@type\":\"WebSite\",\"@id\":\"https:\/\/airportsmokinglounge.com\/#website\",\"url\":\"https:\/\/airportsmokinglounge.com\/\",\"name\":\"airportsmokinglounge.com\",\"description\":\"\",\"potentialAction\":[{\"@type\":\"SearchAction\",\"target\":{\"@type\":\"EntryPoint\",\"urlTemplate\":\"https:\/\/airportsmokinglounge.com\/?s={search_term_string}\"},\"query-input\":{\"@type\":\"PropertyValueSpecification\",\"valueRequired\":true,\"valueName\":\"search_term_string\"}}],\"inLanguage\":\"de\"}]}<\/script>\n<!-- \/ Yoast SEO plugin. -->","yoast_head_json":{"title":"Rauchen auf Flugh\u00e4fen in Asien - Airport Smokinglounge.com","description":"Rauchen auf Flugh\u00e4fen in Asien \u2714\ufe0e Ein umfassender Leitfaden zu Raucherbereichen und Raucherrichtlinien auf gro\u00dfen asiatischen Flugh\u00e4fen \u2714\ufe0e","robots":{"index":"index","follow":"follow","max-snippet":"max-snippet:-1","max-image-preview":"max-image-preview:large","max-video-preview":"max-video-preview:-1"},"canonical":"https:\/\/airportsmokinglounge.com\/de\/rauchen-auf-flughafen-in-asien\/","og_locale":"de_DE","og_type":"article","og_title":"Smoking in airports in Asia - airportsmokinglounge.com","og_description":"Smoking in airports in Asia \u2714\ufe0e A Comprehensive Guide to Smoking Areas and Smoking Policies in Major Asian Airports \u2714\ufe0e","og_url":"https:\/\/airportsmokinglounge.com\/de\/rauchen-auf-flughafen-in-asien\/","og_site_name":"airportsmokinglounge.com","article_modified_time":"2023-05-22T21:51:57+00:00","og_image":[{"width":2048,"height":1152,"url":"https:\/\/airportsmokinglounge.com\/wp-content\/uploads\/2023\/03\/airport-smoking-lounge-7.jpg","type":"image\/jpeg"}],"twitter_card":"summary_large_image","twitter_misc":{"Gesch\u00e4tzte Lesezeit":"2\u00a0Minuten"},"schema":{"@context":"https:\/\/schema.org","@graph":[{"@type":"WebPage","@id":"https:\/\/airportsmokinglounge.com\/smoking-in-airports-in-asia\/","url":"https:\/\/airportsmokinglounge.com\/smoking-in-airports-in-asia\/","name":"Rauchen auf Flugh\u00e4fen in Asien - Airport Smokinglounge.com","isPartOf":{"@id":"https:\/\/airportsmokinglounge.com\/#website"},"primaryImageOfPage":{"@id":"https:\/\/airportsmokinglounge.com\/smoking-in-airports-in-asia\/#primaryimage"},"image":{"@id":"https:\/\/airportsmokinglounge.com\/smoking-in-airports-in-asia\/#primaryimage"},"thumbnailUrl":"https:\/\/airportsmokinglounge.com\/wp-content\/uploads\/2023\/03\/airport-smoking-lounge-7.jpg","datePublished":"2023-02-20T12:30:23+00:00","dateModified":"2023-05-22T21:51:57+00:00","description":"Rauchen auf Flugh\u00e4fen in Asien \u2714\ufe0e Ein umfassender Leitfaden zu Raucherbereichen und Raucherrichtlinien auf gro\u00dfen asiatischen Flugh\u00e4fen \u2714\ufe0e","breadcrumb":{"@id":"https:\/\/airportsmokinglounge.com\/smoking-in-airports-in-asia\/#breadcrumb"},"inLanguage":"de","potentialAction":[{"@type":"ReadAction","target":["https:\/\/airportsmokinglounge.com\/smoking-in-airports-in-asia\/"]}]},{"@type":"ImageObject","inLanguage":"de","@id":"https:\/\/airportsmokinglounge.com\/smoking-in-airports-in-asia\/#primaryimage","url":"https:\/\/airportsmokinglounge.com\/wp-content\/uploads\/2023\/03\/airport-smoking-lounge-7.jpg","contentUrl":"https:\/\/airportsmokinglounge.com\/wp-content\/uploads\/2023\/03\/airport-smoking-lounge-7.jpg","width":2048,"height":1152,"caption":"Airport Smoking areas"},{"@type":"BreadcrumbList","@id":"https:\/\/airportsmokinglounge.com\/smoking-in-airports-in-asia\/#breadcrumb","itemListElement":[{"@type":"ListItem","position":1,"name":"Home","item":"https:\/\/airportsmokinglounge.com\/"},{"@type":"ListItem","position":2,"name":"Smoking in airports in Asia"}]},{"@type":"WebSite","@id":"https:\/\/airportsmokinglounge.com\/#website","url":"https:\/\/airportsmokinglounge.com\/","name":"Flughafenraucherlounge.com","description":"","potentialAction":[{"@type":"SearchAction","target":{"@type":"EntryPoint","urlTemplate":"https:\/\/airportsmokinglounge.com\/?s={search_term_string}"},"query-input":{"@type":"PropertyValueSpecification","valueRequired":true,"valueName":"search_term_string"}}],"inLanguage":"de"}]}},"_links":{"self":[{"href":"https:\/\/airportsmokinglounge.com\/de\/wp-json\/wp\/v2\/pages\/65","targetHints":{"allow":["GET"]}}],"collection":[{"href":"https:\/\/airportsmokinglounge.com\/de\/wp-json\/wp\/v2\/pages"}],"about":[{"href":"https:\/\/airportsmokinglounge.com\/de\/wp-json\/wp\/v2\/types\/page"}],"author":[{"embeddable":true,"href":"https:\/\/airportsmokinglounge.com\/de\/wp-json\/wp\/v2\/users\/1"}],"replies":[{"embeddable":true,"href":"https:\/\/airportsmokinglounge.com\/de\/wp-json\/wp\/v2\/comments?post=65"}],"version-history":[{"count":10,"href":"https:\/\/airportsmokinglounge.com\/de\/wp-json\/wp\/v2\/pages\/65\/revisions"}],"predecessor-version":[{"id":5871,"href":"https:\/\/airportsmokinglounge.com\/de\/wp-json\/wp\/v2\/pages\/65\/revisions\/5871"}],"wp:featuredmedia":[{"embeddable":true,"href":"https:\/\/airportsmokinglounge.com\/de\/wp-json\/wp\/v2\/media\/1202"}],"wp:attachment":[{"href":"https:\/\/airportsmokinglounge.com\/de\/wp-json\/wp\/v2\/media?parent=65"}],"curies":[{"name":"wp","href":"https:\/\/api.w.org\/{rel}","templated":true}]}}