{"id":68,"date":"2023-02-20T13:42:44","date_gmt":"2023-02-20T12:42:44","guid":{"rendered":"https:\/\/airportsmokinglounge.com\/?page_id=68"},"modified":"2023-05-30T23:53:35","modified_gmt":"2023-05-30T21:53:35","slug":"smoking-areas-in-european-airports","status":"publish","type":"page","link":"https:\/\/airportsmokinglounge.com\/de\/raucherbereiche-in-europaischen-flughafen\/","title":{"rendered":"Raucherbereiche auf europ\u00e4ischen Flugh\u00e4fen"},"content":{"rendered":"<h2>Rauchen auf europ\u00e4ischen Flugh\u00e4fen<\/h2>\n<p><span style=\"font-size: 14pt;\">Auf dieser Website finden Sie alle Raucherbereiche an europ\u00e4ischen Flugh\u00e4fen, einschlie\u00dflich ausgewiesener Raucherbereiche und verf\u00fcgbarer Einrichtungen. Wir verstehen die Frustration, wenn man durch die Sicherheitskontrolle geht und dann feststellt, dass es nirgendwo Raucherbereiche gibt und in manchen F\u00e4llen E-Zigaretten m\u00f6glicherweise nicht erlaubt sind. <\/span><\/p>\n<p><span style=\"font-size: 14pt;\">Dieser Service richtet sich an alle Raucher, die vor oder nach langen Fl\u00fcgen eine Zigarette genie\u00dfen m\u00f6chten.<\/span><\/p>\n<p><strong><span style=\"font-size: 14pt;\">W\u00e4hle dein Land:<\/span><\/strong><\/p>\n<ul style=\"list-style-type: circle;\">\n<li><a href=\"https:\/\/airportsmokinglounge.com\/de\/rauchen-am-flughafen-andorra-la-seu-durgell-leu\/\">ANDORRA<\/a><\/li>\n<li><a href=\"https:\/\/airportsmokinglounge.com\/de\/rauchen-auf-osterreichischen-flughafen\/\">\u00d6STERREICH<\/a><\/li>\n<li><a href=\"https:\/\/airportsmokinglounge.com\/de\/raucherbereiche-am-tirana-international-airport-tia\/\">ALBANIEN<\/a><\/li>\n<li><a href=\"https:\/\/airportsmokinglounge.com\/de\/rauchen-in-belgien-flughafen\/\">BELGIEN<\/a><\/li>\n<li><a href=\"https:\/\/airportsmokinglounge.com\/de\/raucherbereiche-in-belarussischen-flughafen\/\">WEISSRUSSLAND<\/a><\/li>\n<li><a href=\"https:\/\/airportsmokinglounge.com\/de\/raucherbereiche-in-bosnien-und-herzegowina-flughafen\/\">BOSNIEN UND HERZEGOWINA<\/a><\/li>\n<li><a href=\"https:\/\/airportsmokinglounge.com\/de\/raucherbereiche-in-bulgarischen-flughafen\/\">BULGARIEN<\/a><\/li>\n<li><a href=\"https:\/\/airportsmokinglounge.com\/de\/raucherbereiche-in-kroatien-flughafen\/\">KROATIEN<\/a><\/li>\n<li><a href=\"https:\/\/airportsmokinglounge.com\/de\/raucherbereiche-in-zypern-flughafen\/\">ZYPERN<\/a><\/li>\n<li><a href=\"https:\/\/airportsmokinglounge.com\/de\/raucherbereiche-in-tschechischen-republik-flughafen\/\">TSCHECHIEN<\/a><\/li>\n<li><a href=\"https:\/\/airportsmokinglounge.com\/de\/raucherbereiche-in-danischen-flughafen\/\">D\u00c4NEMARK<\/a><\/li>\n<li><a href=\"https:\/\/airportsmokinglounge.com\/de\/raucherbereiche-in-flughafen-des-vereinigten-konigreichs-england\/\">VEREINIGTES K\u00d6NIGREICH ENGLAND<\/a><\/li>\n<li><a href=\"https:\/\/airportsmokinglounge.com\/de\/raucherbereiche-in-estland-flughafen\/\">ESTLAND<\/a><\/li>\n<li><a href=\"https:\/\/airportsmokinglounge.com\/de\/raucherbereiche-in-finnland-flughafen\/\">FINNLAND<\/a><\/li>\n<li><a href=\"https:\/\/airportsmokinglounge.com\/de\/raucherbereiche-in-franzosischen-flughafen\/\">FRANKREICH<\/a><\/li>\n<li><a href=\"https:\/\/airportsmokinglounge.com\/de\/raucherbereiche-in-georgias-flughafen\/\">GEORGIA<\/a><\/li>\n<li><a href=\"https:\/\/airportsmokinglounge.com\/de\/raucherbereiche-in-deutschen-flughafen\/\">DEUTSCHLAND<\/a><\/li>\n<li><a href=\"https:\/\/airportsmokinglounge.com\/de\/raucherbereiche-in-griechenland-flughafen\/\">GRIECHENLAND<\/a><\/li>\n<li><a href=\"https:\/\/airportsmokinglounge.com\/de\/raucherbereiche-in-ungarn-flughafen\/\">UNGARN<\/a><\/li>\n<li><a href=\"https:\/\/airportsmokinglounge.com\/de\/raucherbereiche-in-island-flughafen\/\">ISLAND<\/a><\/li>\n<li><a href=\"https:\/\/airportsmokinglounge.com\/de\/raucherbereiche-in-italienischen-flughafen\/\">ITALIEN<\/a><\/li>\n<li><a href=\"https:\/\/airportsmokinglounge.com\/de\/raucherbereiche-in-irischen-flughafen\/\">IRLAND<\/a><\/li>\n<li><a href=\"https:\/\/airportsmokinglounge.com\/de\/raucherbereiche-an-nordirland-flughafen\/\">NORDIRLAND<\/a><\/li>\n<li><a href=\"https:\/\/airportsmokinglounge.com\/de\/raucherbereiche-am-pristina-international-airport-prn\/\">KOSOVO<\/a><\/li>\n<li><a href=\"https:\/\/airportsmokinglounge.com\/de\/raucherbereiche-am-flughafen-riga-rix\/\">LETTLAND<\/a><\/li>\n<li><a href=\"https:\/\/airportsmokinglounge.com\/de\/raucherbereiche-am-vilnius-international-airport-vno\/\">LITAUEN<\/a><\/li>\n<li><a href=\"https:\/\/airportsmokinglounge.com\/de\/raucherbereiche-am-vaduz-flughafen-qvu\/\">LIECHTENSTEIN<\/a><\/li>\n<li><a href=\"https:\/\/airportsmokinglounge.com\/de\/raucherbereiche-am-findel-airport-lux\/\">LUXEMBURG<\/a><\/li>\n<li><a href=\"https:\/\/airportsmokinglounge.com\/de\/raucherbereiche-am-chisinau-international-airport-kiv\/\">MOLDAWIEN<\/a><\/li>\n<li><a href=\"https:\/\/airportsmokinglounge.com\/de\/raucherbereiche-am-malta-international-airport-mla\/\">MALTA<\/a><\/li>\n<li><a href=\"https:\/\/airportsmokinglounge.com\/de\/rauchen-auf-flughafen-in-montenegro\/\">MONTENEGRO<\/a><\/li>\n<li><a href=\"https:\/\/airportsmokinglounge.com\/de\/raucherbereiche-in-mazedonien-flughafen\/\">MAZEDONIEN<\/a><\/li>\n<li><a href=\"https:\/\/airportsmokinglounge.com\/de\/raucherbereiche-in-niederlandischen-flughafen\/\">NIEDERLANDE \u2013 HOLLAND<\/a><\/li>\n<li><a href=\"https:\/\/airportsmokinglounge.com\/de\/raucherbereiche-in-norwegischen-flughafen\/\">NORWEGEN<\/a><\/li>\n<li><a href=\"https:\/\/airportsmokinglounge.com\/de\/raucherbereiche-in-portugiesischen-flughafen\/\">PORTUGAL<\/a><\/li>\n<li><a href=\"https:\/\/airportsmokinglounge.com\/de\/raucherbereiche-in-polen-flughafen\/\">POLEN<\/a><\/li>\n<li><a href=\"https:\/\/airportsmokinglounge.com\/de\/raucherbereiche-in-rumanien-flughafen\/\">RUM\u00c4NIEN<\/a><\/li>\n<li><a href=\"https:\/\/airportsmokinglounge.com\/de\/raucherbereiche-in-russischen-flughafen\/\">RUSSLAND<\/a><\/li>\n<li><a href=\"https:\/\/airportsmokinglounge.com\/de\/raucherbereiche-an-flughafen-in-schottland\/\">SCHOTTLAND<\/a><\/li>\n<li><a href=\"https:\/\/airportsmokinglounge.com\/de\/raucherbereiche-in-spanischen-flughafen\/\">SPANIEN<\/a><\/li>\n<li><a href=\"https:\/\/airportsmokinglounge.com\/de\/raucherbereiche-in-schweden-flughafen\/\">SCHWEDEN<\/a><\/li>\n<li><a href=\"https:\/\/airportsmokinglounge.com\/de\/raucherbereiche-in-schweizer-flughafen\/\">SCHWEIZ<\/a><\/li>\n<li><a href=\"https:\/\/airportsmokinglounge.com\/de\/raucherbereiche-in-serbien-flughafen\/\">SERBIEN<\/a><\/li>\n<li><a href=\"https:\/\/airportsmokinglounge.com\/de\/raucherbereiche-in-slowakei-flughafen\/\">SLOWAKEI<\/a><\/li>\n<li><a href=\"https:\/\/airportsmokinglounge.com\/de\/raucherbereiche-in-slowenischen-flughafen\/\">SLOWENIEN<\/a><\/li>\n<li><a href=\"https:\/\/airportsmokinglounge.com\/de\/raucherbereiche-in-turken-flughafen\/\">TRUTHAHN<\/a><\/li>\n<li><a href=\"https:\/\/airportsmokinglounge.com\/de\/raucherbereiche-in-ukrainischen-flughafen\/\">UKRAINE<\/a><\/li>\n<li><a href=\"https:\/\/airportsmokinglounge.com\/de\/raucherbereiche-in-den-flughafen-des-vatikan\/\">VATIKAN<\/a><\/li>\n<li><a href=\"https:\/\/airportsmokinglounge.com\/de\/raucherbereiche-in-wales-flughafen\/\">WALES<\/a><\/li>\n<\/ul>\n<h2>Europ\u00e4ischer Raucherservice am Flughafen<\/h2>\n<p><span style=\"font-size: 14pt;\">Das Rauchen auf europ\u00e4ischen Flugh\u00e4fen ist f\u00fcr rauchende Reisende ein Thema von gro\u00dfem Interesse. Viele Flugh\u00e4fen verf\u00fcgen \u00fcber ausgewiesene Raucherbereiche, die sich normalerweise au\u00dferhalb der Terminals befinden. Die Verf\u00fcgbarkeit von Raucherbereichen an europ\u00e4ischen Flugh\u00e4fen variiert je nach Land und Flughafen.<\/span><\/p>\n<p><span style=\"font-size: 14pt;\">Eine Herausforderung f\u00fcr rauchende Reisende ist die begrenzte Verf\u00fcgbarkeit von Raucherbereichen an einigen europ\u00e4ischen Flugh\u00e4fen. In einigen F\u00e4llen liegen Raucherbereiche weit vom Terminal entfernt oder sind nicht gut gekennzeichnet, was es f\u00fcr Reisende schwierig macht, sie zu finden. Dies kann besonders frustrierend sein f\u00fcr Reisende, die es eilig haben, einen Flug zu erreichen und vor dem Einsteigen rauchen m\u00fcssen.<\/span><\/p>\n<p><span style=\"font-size: 14pt;\">Trotz der Herausforderungen haben viele europ\u00e4ische Flugh\u00e4fen Schritte unternommen, um ihre Raucherbereiche zu verbessern und sie f\u00fcr Reisende zug\u00e4nglicher zu machen. Einige Flugh\u00e4fen haben Raucherlounges im Innenbereich eingerichtet, die Rauchern eine komfortablere und bequemere Option bieten. Andere Flugh\u00e4fen haben Raucherbereiche im Freien mit \u00dcberdachung und Sitzgelegenheiten eingerichtet, um das Erlebnis komfortabler zu gestalten.<\/span><\/p>\n<p><span style=\"font-size: 14pt;\">Zusammenfassend l\u00e4sst sich sagen, dass das Rauchen an Flugh\u00e4fen ein wichtiges Thema f\u00fcr rauchende Reisende ist. Zwar gibt es an vielen Flugh\u00e4fen Raucherbereiche, allerdings variieren die Verf\u00fcgbarkeit und Zug\u00e4nglichkeit dieser Bereiche je nach Flughafen und Land stark. Daher ist es f\u00fcr europ\u00e4ische Flugh\u00e4fen wichtig, ihre Raucherbereiche weiter zu verbessern und sichere und bequeme Optionen f\u00fcr Raucher bereitzustellen und gleichzeitig die Gesundheit und Rechte von Nichtrauchern zu sch\u00fctzen.<\/span><\/p>\n<p><span style=\"font-size: 14pt;\">Hier finden Sie alle Informationen, die Sie ben\u00f6tigen, um einen Raucherbereich an einem europ\u00e4ischen Flughafen zu finden.<\/span><\/p>\n<h3><span style=\"font-size: 14pt;\">Sende uns Feedback<\/span><\/h3>\n<p><span style=\"font-size: 14pt;\">Wenn Sie sich an einem Flughafen in Europa befinden, k\u00f6nnen Sie uns gerne Bilder der Raucherbereiche zusenden. Dies wird uns helfen, unsere Datenbank schneller zu f\u00fcllen. Du kannst das <strong><a href=\"https:\/\/airportsmokinglounge.com\/de\/kontakt\/\">Hier<\/a>.<\/strong>\u00a0Die Bilder werden unter Angabe der Bildquelle (Name) auf unserer Website ver\u00f6ffentlicht. Teilen Sie diese Bilder gerne mit uns und allen Besuchern von Airport Smoking Lounge.com.<\/span><\/p>\n<p><strong><span style=\"font-size: 14pt;\">Weitere Raucherbereiche am Flughafen<\/span><\/strong><\/p>\n<ul style=\"list-style-type: circle;\">\n<li><a href=\"https:\/\/airportsmokinglounge.com\/de\/rauchen-in-den-flughafen-von-nordamerika\/\">Nordamerika<\/a><\/li>\n<li><a href=\"https:\/\/airportsmokinglounge.com\/de\/rauchen-auf-den-flughafen-sudamerikas\/\">S\u00fcdamerika<\/a><\/li>\n<li><a href=\"https:\/\/airportsmokinglounge.com\/de\/rauchen-auf-flughafen-in-afrika\/\">Afrika<\/a><\/li>\n<li><a href=\"https:\/\/airportsmokinglounge.com\/de\/rauchen-auf-flughafen-in-asien\/\">Asien<\/a><\/li>\n<li><a href=\"https:\/\/airportsmokinglounge.com\/de\/rauchen-auf-flughafen-in-ozeanien\/\">Ozeanien<\/a><\/li>\n<\/ul>","protected":false},"excerpt":{"rendered":"<p>Rauchen an europ\u00e4ischen Flugh\u00e4fen: Auf dieser Website finden Sie alle Raucherbereiche an europ\u00e4ischen Flugh\u00e4fen, einschlie\u00dflich der ausgewiesenen Raucherbereiche und der verf\u00fcgbaren Einrichtungen. Wir verstehen die Frustration, wenn Sie bei der Sicherheitskontrolle feststellen, dass es nirgendwo Raucherbereiche gibt und E-Zigaretten in manchen F\u00e4llen nicht erlaubt sind. Dieser Service richtet sich an alle\u2026&nbsp;<a href=\"https:\/\/airportsmokinglounge.com\/de\/raucherbereiche-in-europaischen-flughafen\/\" rel=\"bookmark\">Mehr lesen \u00bb<span class=\"screen-reader-text\">Raucherbereiche auf europ\u00e4ischen Flugh\u00e4fen<\/span><\/a><\/p>","protected":false},"author":1,"featured_media":1202,"parent":0,"menu_order":0,"comment_status":"closed","ping_status":"closed","template":"","meta":{"neve_meta_sidebar":"","neve_meta_container":"","neve_meta_enable_content_width":"off","neve_meta_content_width":100,"neve_meta_title_alignment":"","neve_meta_author_avatar":"","neve_post_elements_order":"","neve_meta_disable_header":"","neve_meta_disable_footer":"","neve_meta_disable_title":"","neve_meta_reading_time":"","footnotes":""},"class_list":["post-68","page","type-page","status-publish","has-post-thumbnail","hentry"],"yoast_head":"<!-- This site is optimized with the Yoast SEO plugin v26.6 - https:\/\/yoast.com\/wordpress\/plugins\/seo\/ -->\n<title>Smoking areas in European Airports - airportsmokinglounge.com<\/title>\n<meta name=\"description\" content=\"Smoking areas in European Airports \u2714\ufe0e A Comprehensive Guide to Smoking Areas and Smoking Policies in Major European Airports \u2714\ufe0e\" \/>\n<meta name=\"robots\" content=\"index, follow, max-snippet:-1, max-image-preview:large, max-video-preview:-1\" \/>\n<link rel=\"canonical\" href=\"https:\/\/airportsmokinglounge.com\/de\/raucherbereiche-in-europaischen-flughafen\/\" \/>\n<meta property=\"og:locale\" content=\"de_DE\" \/>\n<meta property=\"og:type\" content=\"article\" \/>\n<meta property=\"og:title\" content=\"Smoking areas in European Airports - airportsmokinglounge.com\" \/>\n<meta property=\"og:description\" content=\"Smoking areas in European Airports \u2714\ufe0e A Comprehensive Guide to Smoking Areas and Smoking Policies in Major European Airports \u2714\ufe0e\" \/>\n<meta property=\"og:url\" content=\"https:\/\/airportsmokinglounge.com\/de\/raucherbereiche-in-europaischen-flughafen\/\" \/>\n<meta property=\"og:site_name\" content=\"airportsmokinglounge.com\" \/>\n<meta property=\"article:modified_time\" content=\"2023-05-30T21:53:35+00:00\" \/>\n<meta property=\"og:image\" content=\"https:\/\/airportsmokinglounge.com\/wp-content\/uploads\/2023\/03\/airport-smoking-lounge-7.jpg\" \/>\n\t<meta property=\"og:image:width\" content=\"2048\" \/>\n\t<meta property=\"og:image:height\" content=\"1152\" \/>\n\t<meta property=\"og:image:type\" content=\"image\/jpeg\" \/>\n<meta name=\"twitter:card\" content=\"summary_large_image\" \/>\n<meta name=\"twitter:label1\" content=\"Gesch\u00e4tzte Lesezeit\" \/>\n\t<meta name=\"twitter:data1\" content=\"2\u00a0Minuten\" \/>\n<script type=\"application\/ld+json\" class=\"yoast-schema-graph\">{\"@context\":\"https:\/\/schema.org\",\"@graph\":[{\"@type\":\"WebPage\",\"@id\":\"https:\/\/airportsmokinglounge.com\/smoking-areas-in-european-airports\/\",\"url\":\"https:\/\/airportsmokinglounge.com\/smoking-areas-in-european-airports\/\",\"name\":\"Smoking areas in European Airports - airportsmokinglounge.com\",\"isPartOf\":{\"@id\":\"https:\/\/airportsmokinglounge.com\/#website\"},\"primaryImageOfPage\":{\"@id\":\"https:\/\/airportsmokinglounge.com\/smoking-areas-in-european-airports\/#primaryimage\"},\"image\":{\"@id\":\"https:\/\/airportsmokinglounge.com\/smoking-areas-in-european-airports\/#primaryimage\"},\"thumbnailUrl\":\"https:\/\/airportsmokinglounge.com\/wp-content\/uploads\/2023\/03\/airport-smoking-lounge-7.jpg\",\"datePublished\":\"2023-02-20T12:42:44+00:00\",\"dateModified\":\"2023-05-30T21:53:35+00:00\",\"description\":\"Smoking areas in European Airports \u2714\ufe0e A Comprehensive Guide to Smoking Areas and Smoking Policies in Major European Airports \u2714\ufe0e\",\"breadcrumb\":{\"@id\":\"https:\/\/airportsmokinglounge.com\/smoking-areas-in-european-airports\/#breadcrumb\"},\"inLanguage\":\"de\",\"potentialAction\":[{\"@type\":\"ReadAction\",\"target\":[\"https:\/\/airportsmokinglounge.com\/smoking-areas-in-european-airports\/\"]}]},{\"@type\":\"ImageObject\",\"inLanguage\":\"de\",\"@id\":\"https:\/\/airportsmokinglounge.com\/smoking-areas-in-european-airports\/#primaryimage\",\"url\":\"https:\/\/airportsmokinglounge.com\/wp-content\/uploads\/2023\/03\/airport-smoking-lounge-7.jpg\",\"contentUrl\":\"https:\/\/airportsmokinglounge.com\/wp-content\/uploads\/2023\/03\/airport-smoking-lounge-7.jpg\",\"width\":2048,\"height\":1152,\"caption\":\"Airport Smoking areas\"},{\"@type\":\"BreadcrumbList\",\"@id\":\"https:\/\/airportsmokinglounge.com\/smoking-areas-in-european-airports\/#breadcrumb\",\"itemListElement\":[{\"@type\":\"ListItem\",\"position\":1,\"name\":\"Home\",\"item\":\"https:\/\/airportsmokinglounge.com\/\"},{\"@type\":\"ListItem\",\"position\":2,\"name\":\"Smoking areas in European Airports\"}]},{\"@type\":\"WebSite\",\"@id\":\"https:\/\/airportsmokinglounge.com\/#website\",\"url\":\"https:\/\/airportsmokinglounge.com\/\",\"name\":\"airportsmokinglounge.com\",\"description\":\"\",\"potentialAction\":[{\"@type\":\"SearchAction\",\"target\":{\"@type\":\"EntryPoint\",\"urlTemplate\":\"https:\/\/airportsmokinglounge.com\/?s={search_term_string}\"},\"query-input\":{\"@type\":\"PropertyValueSpecification\",\"valueRequired\":true,\"valueName\":\"search_term_string\"}}],\"inLanguage\":\"de\"}]}<\/script>\n<!-- \/ Yoast SEO plugin. -->","yoast_head_json":{"title":"Raucherbereiche in europ\u00e4ischen Flugh\u00e4fen - Airport Smoking Lounge.com","description":"Raucherbereiche in europ\u00e4ischen Flugh\u00e4fen \u2714\ufe0e Ein umfassender Leitfaden zu Raucherbereichen und Raucherrichtlinien in gro\u00dfen europ\u00e4ischen Flugh\u00e4fen \u2714\ufe0e","robots":{"index":"index","follow":"follow","max-snippet":"max-snippet:-1","max-image-preview":"max-image-preview:large","max-video-preview":"max-video-preview:-1"},"canonical":"https:\/\/airportsmokinglounge.com\/de\/raucherbereiche-in-europaischen-flughafen\/","og_locale":"de_DE","og_type":"article","og_title":"Smoking areas in European Airports - airportsmokinglounge.com","og_description":"Smoking areas in European Airports \u2714\ufe0e A Comprehensive Guide to Smoking Areas and Smoking Policies in Major European Airports \u2714\ufe0e","og_url":"https:\/\/airportsmokinglounge.com\/de\/raucherbereiche-in-europaischen-flughafen\/","og_site_name":"airportsmokinglounge.com","article_modified_time":"2023-05-30T21:53:35+00:00","og_image":[{"width":2048,"height":1152,"url":"https:\/\/airportsmokinglounge.com\/wp-content\/uploads\/2023\/03\/airport-smoking-lounge-7.jpg","type":"image\/jpeg"}],"twitter_card":"summary_large_image","twitter_misc":{"Gesch\u00e4tzte Lesezeit":"2\u00a0Minuten"},"schema":{"@context":"https:\/\/schema.org","@graph":[{"@type":"WebPage","@id":"https:\/\/airportsmokinglounge.com\/smoking-areas-in-european-airports\/","url":"https:\/\/airportsmokinglounge.com\/smoking-areas-in-european-airports\/","name":"Raucherbereiche in europ\u00e4ischen Flugh\u00e4fen - Airport Smoking Lounge.com","isPartOf":{"@id":"https:\/\/airportsmokinglounge.com\/#website"},"primaryImageOfPage":{"@id":"https:\/\/airportsmokinglounge.com\/smoking-areas-in-european-airports\/#primaryimage"},"image":{"@id":"https:\/\/airportsmokinglounge.com\/smoking-areas-in-european-airports\/#primaryimage"},"thumbnailUrl":"https:\/\/airportsmokinglounge.com\/wp-content\/uploads\/2023\/03\/airport-smoking-lounge-7.jpg","datePublished":"2023-02-20T12:42:44+00:00","dateModified":"2023-05-30T21:53:35+00:00","description":"Raucherbereiche in europ\u00e4ischen Flugh\u00e4fen \u2714\ufe0e Ein umfassender Leitfaden zu Raucherbereichen und Raucherrichtlinien in gro\u00dfen europ\u00e4ischen Flugh\u00e4fen \u2714\ufe0e","breadcrumb":{"@id":"https:\/\/airportsmokinglounge.com\/smoking-areas-in-european-airports\/#breadcrumb"},"inLanguage":"de","potentialAction":[{"@type":"ReadAction","target":["https:\/\/airportsmokinglounge.com\/smoking-areas-in-european-airports\/"]}]},{"@type":"ImageObject","inLanguage":"de","@id":"https:\/\/airportsmokinglounge.com\/smoking-areas-in-european-airports\/#primaryimage","url":"https:\/\/airportsmokinglounge.com\/wp-content\/uploads\/2023\/03\/airport-smoking-lounge-7.jpg","contentUrl":"https:\/\/airportsmokinglounge.com\/wp-content\/uploads\/2023\/03\/airport-smoking-lounge-7.jpg","width":2048,"height":1152,"caption":"Airport Smoking areas"},{"@type":"BreadcrumbList","@id":"https:\/\/airportsmokinglounge.com\/smoking-areas-in-european-airports\/#breadcrumb","itemListElement":[{"@type":"ListItem","position":1,"name":"Home","item":"https:\/\/airportsmokinglounge.com\/"},{"@type":"ListItem","position":2,"name":"Smoking areas in European Airports"}]},{"@type":"WebSite","@id":"https:\/\/airportsmokinglounge.com\/#website","url":"https:\/\/airportsmokinglounge.com\/","name":"Flughafenraucherlounge.com","description":"","potentialAction":[{"@type":"SearchAction","target":{"@type":"EntryPoint","urlTemplate":"https:\/\/airportsmokinglounge.com\/?s={search_term_string}"},"query-input":{"@type":"PropertyValueSpecification","valueRequired":true,"valueName":"search_term_string"}}],"inLanguage":"de"}]}},"_links":{"self":[{"href":"https:\/\/airportsmokinglounge.com\/de\/wp-json\/wp\/v2\/pages\/68","targetHints":{"allow":["GET"]}}],"collection":[{"href":"https:\/\/airportsmokinglounge.com\/de\/wp-json\/wp\/v2\/pages"}],"about":[{"href":"https:\/\/airportsmokinglounge.com\/de\/wp-json\/wp\/v2\/types\/page"}],"author":[{"embeddable":true,"href":"https:\/\/airportsmokinglounge.com\/de\/wp-json\/wp\/v2\/users\/1"}],"replies":[{"embeddable":true,"href":"https:\/\/airportsmokinglounge.com\/de\/wp-json\/wp\/v2\/comments?post=68"}],"version-history":[{"count":10,"href":"https:\/\/airportsmokinglounge.com\/de\/wp-json\/wp\/v2\/pages\/68\/revisions"}],"predecessor-version":[{"id":6387,"href":"https:\/\/airportsmokinglounge.com\/de\/wp-json\/wp\/v2\/pages\/68\/revisions\/6387"}],"wp:featuredmedia":[{"embeddable":true,"href":"https:\/\/airportsmokinglounge.com\/de\/wp-json\/wp\/v2\/media\/1202"}],"wp:attachment":[{"href":"https:\/\/airportsmokinglounge.com\/de\/wp-json\/wp\/v2\/media?parent=68"}],"curies":[{"name":"wp","href":"https:\/\/api.w.org\/{rel}","templated":true}]}}