{"id":76,"date":"2023-02-21T15:40:49","date_gmt":"2023-02-21T14:40:49","guid":{"rendered":"https:\/\/airportsmokinglounge.com\/?page_id=76"},"modified":"2023-05-10T11:28:34","modified_gmt":"2023-05-10T09:28:34","slug":"smoking-in-andorra-airport-la-seu-durgell-leu","status":"publish","type":"page","link":"https:\/\/airportsmokinglounge.com\/de\/rauchen-am-flughafen-andorra-la-seu-durgell-leu\/","title":{"rendered":"Rauchen am Flughafen Andorra \u2013 La Seu d&#039;Urgell (LEU)"},"content":{"rendered":"<h2><span style=\"color: #333333;\">Raucherbereiche im Flughafen Andorra vor der Sicherheitskontrolle<\/span><\/h2>\n<ul>\n<li><span style=\"font-size: 14pt;\">Das Rauchen ist au\u00dferhalb des Terminals nur in den daf\u00fcr vorgesehenen Raucherbereichen gestattet.<\/span><\/li>\n<li><span style=\"font-size: 14pt;\">Im Terminalgeb\u00e4ude ist das Rauchen verboten.<\/span><\/li>\n<\/ul>\n<h2>Raucherbereiche nach der Sicherheitskontrolle<\/h2>\n<ul>\n<li><span style=\"font-size: 14pt;\">Nach der Sicherheitskontrolle sind im Terminal keine Raucherm\u00f6glichkeiten vorhanden.<\/span><\/li>\n<li><span style=\"font-size: 14pt;\">Passagiere mit Anschlussfl\u00fcgen m\u00fcssen zun\u00e4chst die Einreisekontrolle durchlaufen und k\u00f6nnen dann au\u00dferhalb des Terminals rauchen. Es gibt ausgewiesene Raucherbereiche. Gehen Sie anschlie\u00dfend erneut durch die Sicherheitskontrolle f\u00fcr Ihren Anschlussflug.<\/span><\/li>\n<\/ul>\n<p><span style=\"font-size: 14pt;\">Weitere Informationen auf der offiziellen Website<\/span><\/p>\n<ul>\n<li><a href=\"https:\/\/www.aeroportandorralaseu.cat\/\" target=\"_blank\" rel=\"noopener\"><span style=\"font-size: 14pt;\">aeroportandorralaseu.cat<\/span><\/a><\/li>\n<\/ul>\n<p><strong><span style=\"font-size: 14pt;\">Sende uns Feedback<\/span><\/strong><\/p>\n<p><span style=\"font-size: 14pt;\">Wenn Sie sich am Flughafen in Andorra befinden, k\u00f6nnen Sie uns gerne Bilder der Raucherbereiche schicken. Dies hilft uns, unsere Datenbank schneller zu f\u00fcllen. Sie k\u00f6nnen dies tun <strong><a href=\"https:\/\/airportsmokinglounge.com\/de\/kontakt\/\">Hier<\/a>.<\/strong> Die Bilder werden unter Angabe der Bildquelle (Name) auf unserer Website ver\u00f6ffentlicht. Teilen Sie diese Bilder gerne mit uns und allen Besuchern von Airport Smoking Lounge.com<\/span>.<\/p>\n<h2>Andorras Rauchergesetz<\/h2>\n<p><span style=\"font-size: 14pt;\">Das Rauchen ist in allen geschlossenen \u00f6ffentlichen R\u00e4umen, einschlie\u00dflich Bars, Restaurants und Arbeitspl\u00e4tzen, verboten. Dieses Verbot gilt auch f\u00fcr Au\u00dfenbereiche, in denen sich wahrscheinlich Menschen versammeln, wie Spielpl\u00e4tze und Sportanlagen.<\/span><\/p>\n<p><span style=\"font-size: 14pt;\">Neben dem Rauchverbot im \u00f6ffentlichen Raum gibt es auch Einschr\u00e4nkungen bei der Werbung und Verkaufsf\u00f6rderung f\u00fcr Tabakerzeugnisse. Der Verkauf von Tabakwaren an Personen unter 18 Jahren ist illegal und das Rauchen ist auch in Privatfahrzeugen verboten, wenn der Passagier unter 18 Jahre alt ist.<\/span><\/p>\n<p><span style=\"font-size: 14pt;\">Die Strafen f\u00fcr Verst\u00f6\u00dfe gegen diese Rauchergesetze in Andorra sind ziemlich streng. Personen, die beim Rauchen an \u00f6ffentlichen Orten erwischt werden, m\u00fcssen mit Geldstrafen von bis zu 600 Euro rechnen, w\u00e4hrend Einrichtungen, in denen das Rauchen gestattet ist, mit einer Geldstrafe von bis zu 12.000 Euro belegt werden k\u00f6nnen. Wiederholungst\u00e4ter k\u00f6nnen mit noch h\u00f6heren Geldstrafen oder m\u00f6glicherweise sogar einer Gef\u00e4ngnisstrafe rechnen.<\/span><\/p>\n<p><span style=\"font-size: 14pt;\">Insgesamt sind die Rauchgesetze in Andorra recht streng und werden rigoros durchgesetzt.<\/span><\/p>\n<p>&nbsp;<\/p>\n<h3>H\u00e4ufig gestellte Fragen<\/h3>\n<h4><span style=\"font-size: 14pt;\">Sind Raucherbereiche am Flughafen rund um die Uhr verf\u00fcgbar?<\/span><\/h4>\n<p><span style=\"font-size: 14pt;\">Die Verf\u00fcgbarkeit von Raucherbereichen am Flughafen kann je nach Flughafen und Standort variieren. Einige Raucherbereiche sind 24 Stunden am Tag ge\u00f6ffnet, w\u00e4hrend andere m\u00f6glicherweise eingeschr\u00e4nkte \u00d6ffnungszeiten haben oder zu bestimmten Zeiten geschlossen sind. Am besten erkundigen Sie sich beim Flughafen oder besuchen Sie dessen Website, um genaue Informationen zu den \u00d6ffnungszeiten des Raucherbereichs zu erhalten.<\/span><\/p>\n<h4><span style=\"font-size: 14pt;\">Darf ich eigene Speisen und Getr\u00e4nke in den Raucherbereich mitbringen?<\/span><\/h4>\n<p><span style=\"font-size: 14pt;\">Dies kann vom jeweiligen Raucherbereich und Flughafen abh\u00e4ngen. In einigen Bereichen ist das Rauchen von Speisen und Getr\u00e4nken au\u00dferhalb des Raucherbereichs gestattet, w\u00e4hrend in anderen Bereichen m\u00f6glicherweise Einschr\u00e4nkungen gelten oder dies ganz verboten ist. Erkundigen Sie sich am besten beim Flughafen oder an der Beschilderung des Raucherbereichs nach den spezifischen Regeln und Vorschriften.<\/span><\/p>\n<h4><span style=\"font-size: 14pt;\">Ist das Rauchen in allen Raucherbereichen des Flughafens erlaubt?<\/span><\/h4>\n<p><span style=\"font-size: 14pt;\">M\u00f6glicherweise ist das Rauchen nicht in allen Raucherbereichen des Flughafens gestattet. Einige Flugh\u00e4fen verf\u00fcgen m\u00f6glicherweise \u00fcber ausgewiesene Bereiche f\u00fcr elektronische Zigaretten oder E-Zigaretten, die von den herk\u00f6mmlichen Raucherbereichen getrennt sind. Informieren Sie sich unbedingt \u00fcber die spezifischen Regeln und Vorschriften f\u00fcr den Raucherbereich, den Sie nutzen m\u00f6chten.<\/span><\/p>\n<h4><span style=\"font-size: 14pt;\">Sind Raucherbereiche klimatisiert oder beheizt?<\/span><\/h4>\n<p><span style=\"font-size: 14pt;\">Die Temperatur und Bel\u00fcftung der Raucherbereiche am Flughafen kann stark variieren. Einige sind m\u00f6glicherweise klimatisiert oder beheizt, w\u00e4hrend es sich bei anderen m\u00f6glicherweise um Freiluftr\u00e4ume mit begrenztem Schutz vor Witterungseinfl\u00fcssen handelt. Erkundigen Sie sich unbedingt vorab beim Flughafen oder besuchen Sie den Raucherbereich, um die Bedingungen zu ermitteln und sich entsprechend vorzubereiten.<\/span><\/p>\n<h4><span style=\"font-size: 14pt;\">Sind Raucherbereiche f\u00fcr Reisende mit Behinderungen zug\u00e4nglich?<\/span><\/h4>\n<p><span style=\"font-size: 14pt;\">Viele Flugh\u00e4fen haben Anstrengungen unternommen, ihre Raucherbereiche f\u00fcr Reisende mit Behinderungen zug\u00e4nglich zu machen. Allerdings kann die Zug\u00e4nglichkeit bestimmter Raucherbereiche stark variieren. Erkundigen Sie sich unbedingt beim Flughafen oder besuchen Sie den Raucherbereich im Voraus, um festzustellen, ob er zug\u00e4nglich ist und Ihren Bed\u00fcrfnissen entspricht.<\/span><\/p>\n<p><span style=\"font-size: 14pt;\"><strong>Raucherbereiche in:<\/strong><\/span><\/p>\n<ul>\n<li><a href=\"https:\/\/airportsmokinglounge.com\/de\/raucherbereiche-in-europaischen-flughafen\/\">Europ\u00e4ische Flugh\u00e4fen<\/a><\/li>\n<\/ul>","protected":false},"excerpt":{"rendered":"<p>Smoking areas in Andorra Airport before Security Check Smoking is only permitted outside the terminal in the designated Smoking areas. Smoking is forbidden in the terminal building. Smoking areas after Security Check There are no smoking facilities inside the Terminal after Security Check. Passengers with connecting flights have to immigrate first and can then smoke&hellip;&nbsp;<a href=\"https:\/\/airportsmokinglounge.com\/de\/rauchen-am-flughafen-andorra-la-seu-durgell-leu\/\" rel=\"bookmark\">Mehr lesen \u00bb<span class=\"screen-reader-text\">Rauchen am Flughafen Andorra \u2013 La Seu d&#039;Urgell (LEU)<\/span><\/a><\/p>","protected":false},"author":1,"featured_media":1199,"parent":0,"menu_order":0,"comment_status":"closed","ping_status":"closed","template":"","meta":{"neve_meta_sidebar":"","neve_meta_container":"","neve_meta_enable_content_width":"off","neve_meta_content_width":100,"neve_meta_title_alignment":"","neve_meta_author_avatar":"","neve_post_elements_order":"","neve_meta_disable_header":"","neve_meta_disable_footer":"","neve_meta_disable_title":"","neve_meta_reading_time":"","footnotes":""},"class_list":["post-76","page","type-page","status-publish","has-post-thumbnail","hentry"],"yoast_head":"<!-- This site is optimized with the Yoast SEO plugin v26.6 - https:\/\/yoast.com\/wordpress\/plugins\/seo\/ -->\n<title>Smoking in Andorra Airport - La Seu d\u2019Urgell (LEU)<\/title>\n<meta name=\"description\" content=\"Smoking in Andorra Airport - Find a smoking area in the airport from Andorra \u2714\ufe0e Smoking Guide in Airports: Information for Travelers \u2714\ufe0e\" \/>\n<meta name=\"robots\" content=\"index, follow, max-snippet:-1, max-image-preview:large, max-video-preview:-1\" \/>\n<link rel=\"canonical\" href=\"https:\/\/airportsmokinglounge.com\/de\/rauchen-am-flughafen-andorra-la-seu-durgell-leu\/\" \/>\n<meta property=\"og:locale\" content=\"de_DE\" \/>\n<meta property=\"og:type\" content=\"article\" \/>\n<meta property=\"og:title\" content=\"Smoking in Andorra Airport - La Seu d\u2019Urgell (LEU)\" \/>\n<meta property=\"og:description\" content=\"Smoking in Andorra Airport - Find a smoking area in the airport from Andorra \u2714\ufe0e Smoking Guide in Airports: Information for Travelers \u2714\ufe0e\" \/>\n<meta property=\"og:url\" content=\"https:\/\/airportsmokinglounge.com\/de\/rauchen-am-flughafen-andorra-la-seu-durgell-leu\/\" \/>\n<meta property=\"og:site_name\" content=\"airportsmokinglounge.com\" \/>\n<meta property=\"article:modified_time\" content=\"2023-05-10T09:28:34+00:00\" \/>\n<meta property=\"og:image\" content=\"https:\/\/airportsmokinglounge.com\/wp-content\/uploads\/2023\/03\/airport-smoking-lounge-4.jpg\" \/>\n\t<meta property=\"og:image:width\" content=\"2048\" \/>\n\t<meta property=\"og:image:height\" content=\"1152\" \/>\n\t<meta property=\"og:image:type\" content=\"image\/jpeg\" \/>\n<meta name=\"twitter:card\" content=\"summary_large_image\" \/>\n<meta name=\"twitter:label1\" content=\"Gesch\u00e4tzte Lesezeit\" \/>\n\t<meta name=\"twitter:data1\" content=\"3\u00a0Minuten\" \/>\n<script type=\"application\/ld+json\" class=\"yoast-schema-graph\">{\"@context\":\"https:\/\/schema.org\",\"@graph\":[{\"@type\":\"WebPage\",\"@id\":\"https:\/\/airportsmokinglounge.com\/smoking-in-andorra-airport-la-seu-durgell-leu\/\",\"url\":\"https:\/\/airportsmokinglounge.com\/smoking-in-andorra-airport-la-seu-durgell-leu\/\",\"name\":\"Smoking in Andorra Airport - La Seu d\u2019Urgell (LEU)\",\"isPartOf\":{\"@id\":\"https:\/\/airportsmokinglounge.com\/#website\"},\"primaryImageOfPage\":{\"@id\":\"https:\/\/airportsmokinglounge.com\/smoking-in-andorra-airport-la-seu-durgell-leu\/#primaryimage\"},\"image\":{\"@id\":\"https:\/\/airportsmokinglounge.com\/smoking-in-andorra-airport-la-seu-durgell-leu\/#primaryimage\"},\"thumbnailUrl\":\"https:\/\/airportsmokinglounge.com\/wp-content\/uploads\/2023\/03\/airport-smoking-lounge-4.jpg\",\"datePublished\":\"2023-02-21T14:40:49+00:00\",\"dateModified\":\"2023-05-10T09:28:34+00:00\",\"description\":\"Smoking in Andorra Airport - Find a smoking area in the airport from Andorra \u2714\ufe0e Smoking Guide in Airports: Information for Travelers \u2714\ufe0e\",\"breadcrumb\":{\"@id\":\"https:\/\/airportsmokinglounge.com\/smoking-in-andorra-airport-la-seu-durgell-leu\/#breadcrumb\"},\"inLanguage\":\"de\",\"potentialAction\":[{\"@type\":\"ReadAction\",\"target\":[\"https:\/\/airportsmokinglounge.com\/smoking-in-andorra-airport-la-seu-durgell-leu\/\"]}]},{\"@type\":\"ImageObject\",\"inLanguage\":\"de\",\"@id\":\"https:\/\/airportsmokinglounge.com\/smoking-in-andorra-airport-la-seu-durgell-leu\/#primaryimage\",\"url\":\"https:\/\/airportsmokinglounge.com\/wp-content\/uploads\/2023\/03\/airport-smoking-lounge-4.jpg\",\"contentUrl\":\"https:\/\/airportsmokinglounge.com\/wp-content\/uploads\/2023\/03\/airport-smoking-lounge-4.jpg\",\"width\":2048,\"height\":1152,\"caption\":\"Airport Smoking\"},{\"@type\":\"BreadcrumbList\",\"@id\":\"https:\/\/airportsmokinglounge.com\/smoking-in-andorra-airport-la-seu-durgell-leu\/#breadcrumb\",\"itemListElement\":[{\"@type\":\"ListItem\",\"position\":1,\"name\":\"Home\",\"item\":\"https:\/\/airportsmokinglounge.com\/\"},{\"@type\":\"ListItem\",\"position\":2,\"name\":\"Smoking in Andorra Airport &#8211; La Seu d\u2019Urgell (LEU)\"}]},{\"@type\":\"WebSite\",\"@id\":\"https:\/\/airportsmokinglounge.com\/#website\",\"url\":\"https:\/\/airportsmokinglounge.com\/\",\"name\":\"airportsmokinglounge.com\",\"description\":\"\",\"potentialAction\":[{\"@type\":\"SearchAction\",\"target\":{\"@type\":\"EntryPoint\",\"urlTemplate\":\"https:\/\/airportsmokinglounge.com\/?s={search_term_string}\"},\"query-input\":{\"@type\":\"PropertyValueSpecification\",\"valueRequired\":true,\"valueName\":\"search_term_string\"}}],\"inLanguage\":\"de\"}]}<\/script>\n<!-- \/ Yoast SEO plugin. -->","yoast_head_json":{"title":"Rauchen am Flughafen Andorra \u2013 La Seu d&#039;Urgell (LEU)","description":"Rauchen am Flughafen Andorra - Finden Sie einen Raucherbereich im Flughafen von Andorra \u2714\ufe0e Raucherleitfaden in Flugh\u00e4fen: Informationen f\u00fcr Reisende \u2714\ufe0e","robots":{"index":"index","follow":"follow","max-snippet":"max-snippet:-1","max-image-preview":"max-image-preview:large","max-video-preview":"max-video-preview:-1"},"canonical":"https:\/\/airportsmokinglounge.com\/de\/rauchen-am-flughafen-andorra-la-seu-durgell-leu\/","og_locale":"de_DE","og_type":"article","og_title":"Smoking in Andorra Airport - La Seu d\u2019Urgell (LEU)","og_description":"Smoking in Andorra Airport - Find a smoking area in the airport from Andorra \u2714\ufe0e Smoking Guide in Airports: Information for Travelers \u2714\ufe0e","og_url":"https:\/\/airportsmokinglounge.com\/de\/rauchen-am-flughafen-andorra-la-seu-durgell-leu\/","og_site_name":"airportsmokinglounge.com","article_modified_time":"2023-05-10T09:28:34+00:00","og_image":[{"width":2048,"height":1152,"url":"https:\/\/airportsmokinglounge.com\/wp-content\/uploads\/2023\/03\/airport-smoking-lounge-4.jpg","type":"image\/jpeg"}],"twitter_card":"summary_large_image","twitter_misc":{"Gesch\u00e4tzte Lesezeit":"3\u00a0Minuten"},"schema":{"@context":"https:\/\/schema.org","@graph":[{"@type":"WebPage","@id":"https:\/\/airportsmokinglounge.com\/smoking-in-andorra-airport-la-seu-durgell-leu\/","url":"https:\/\/airportsmokinglounge.com\/smoking-in-andorra-airport-la-seu-durgell-leu\/","name":"Rauchen am Flughafen Andorra \u2013 La Seu d&#039;Urgell (LEU)","isPartOf":{"@id":"https:\/\/airportsmokinglounge.com\/#website"},"primaryImageOfPage":{"@id":"https:\/\/airportsmokinglounge.com\/smoking-in-andorra-airport-la-seu-durgell-leu\/#primaryimage"},"image":{"@id":"https:\/\/airportsmokinglounge.com\/smoking-in-andorra-airport-la-seu-durgell-leu\/#primaryimage"},"thumbnailUrl":"https:\/\/airportsmokinglounge.com\/wp-content\/uploads\/2023\/03\/airport-smoking-lounge-4.jpg","datePublished":"2023-02-21T14:40:49+00:00","dateModified":"2023-05-10T09:28:34+00:00","description":"Rauchen am Flughafen Andorra - Finden Sie einen Raucherbereich im Flughafen von Andorra \u2714\ufe0e Raucherleitfaden in Flugh\u00e4fen: Informationen f\u00fcr Reisende \u2714\ufe0e","breadcrumb":{"@id":"https:\/\/airportsmokinglounge.com\/smoking-in-andorra-airport-la-seu-durgell-leu\/#breadcrumb"},"inLanguage":"de","potentialAction":[{"@type":"ReadAction","target":["https:\/\/airportsmokinglounge.com\/smoking-in-andorra-airport-la-seu-durgell-leu\/"]}]},{"@type":"ImageObject","inLanguage":"de","@id":"https:\/\/airportsmokinglounge.com\/smoking-in-andorra-airport-la-seu-durgell-leu\/#primaryimage","url":"https:\/\/airportsmokinglounge.com\/wp-content\/uploads\/2023\/03\/airport-smoking-lounge-4.jpg","contentUrl":"https:\/\/airportsmokinglounge.com\/wp-content\/uploads\/2023\/03\/airport-smoking-lounge-4.jpg","width":2048,"height":1152,"caption":"Airport Smoking"},{"@type":"BreadcrumbList","@id":"https:\/\/airportsmokinglounge.com\/smoking-in-andorra-airport-la-seu-durgell-leu\/#breadcrumb","itemListElement":[{"@type":"ListItem","position":1,"name":"Home","item":"https:\/\/airportsmokinglounge.com\/"},{"@type":"ListItem","position":2,"name":"Smoking in Andorra Airport &#8211; La Seu d\u2019Urgell (LEU)"}]},{"@type":"WebSite","@id":"https:\/\/airportsmokinglounge.com\/#website","url":"https:\/\/airportsmokinglounge.com\/","name":"Flughafenraucherlounge.com","description":"","potentialAction":[{"@type":"SearchAction","target":{"@type":"EntryPoint","urlTemplate":"https:\/\/airportsmokinglounge.com\/?s={search_term_string}"},"query-input":{"@type":"PropertyValueSpecification","valueRequired":true,"valueName":"search_term_string"}}],"inLanguage":"de"}]}},"_links":{"self":[{"href":"https:\/\/airportsmokinglounge.com\/de\/wp-json\/wp\/v2\/pages\/76","targetHints":{"allow":["GET"]}}],"collection":[{"href":"https:\/\/airportsmokinglounge.com\/de\/wp-json\/wp\/v2\/pages"}],"about":[{"href":"https:\/\/airportsmokinglounge.com\/de\/wp-json\/wp\/v2\/types\/page"}],"author":[{"embeddable":true,"href":"https:\/\/airportsmokinglounge.com\/de\/wp-json\/wp\/v2\/users\/1"}],"replies":[{"embeddable":true,"href":"https:\/\/airportsmokinglounge.com\/de\/wp-json\/wp\/v2\/comments?post=76"}],"version-history":[{"count":10,"href":"https:\/\/airportsmokinglounge.com\/de\/wp-json\/wp\/v2\/pages\/76\/revisions"}],"predecessor-version":[{"id":4736,"href":"https:\/\/airportsmokinglounge.com\/de\/wp-json\/wp\/v2\/pages\/76\/revisions\/4736"}],"wp:featuredmedia":[{"embeddable":true,"href":"https:\/\/airportsmokinglounge.com\/de\/wp-json\/wp\/v2\/media\/1199"}],"wp:attachment":[{"href":"https:\/\/airportsmokinglounge.com\/de\/wp-json\/wp\/v2\/media?parent=76"}],"curies":[{"name":"wp","href":"https:\/\/api.w.org\/{rel}","templated":true}]}}