{"id":99,"date":"2023-02-21T20:39:57","date_gmt":"2023-02-21T19:39:57","guid":{"rendered":"https:\/\/airportsmokinglounge.com\/?page_id=99"},"modified":"2023-05-26T20:44:23","modified_gmt":"2023-05-26T18:44:23","slug":"smoking-areas-in-italian-airports","status":"publish","type":"page","link":"https:\/\/airportsmokinglounge.com\/de\/raucherbereiche-in-italienischen-flughafen\/","title":{"rendered":"Raucherbereiche auf italienischen Flugh\u00e4fen"},"content":{"rendered":"<p>In Italien gibt es mehrere Flugh\u00e4fen, die sowohl f\u00fcr inl\u00e4ndische als auch f\u00fcr internationale Reisende als wichtige Gateways dienen.<\/p>\n<p>Auf dieser Website finden Sie alle Raucherbereiche an Flugh\u00e4fen, einschlie\u00dflich ausgewiesener Raucherbereiche und verf\u00fcgbarer Einrichtungen. Wir verstehen die Frustration, wenn man durch die Sicherheitskontrolle geht und dann feststellt, dass es nirgendwo Raucherbereiche gibt und in manchen F\u00e4llen E-Zigaretten m\u00f6glicherweise nicht erlaubt sind.<\/p>\n<p>Dieser Service richtet sich an alle Raucher, die vor oder nach langen Fl\u00fcgen eine Zigarette genie\u00dfen m\u00f6chten.<\/p>\n<h2>Italienische Flugh\u00e4fen<\/h2>\n<ul style=\"list-style-type: circle;\">\n<li><a href=\"https:\/\/airportsmokinglounge.com\/de\/raucherbereiche-am-flughafen-rom-fiumicino-fco\/\">FLUGHAFEN ROM FIUMICINO (FCO)<\/a><\/li>\n<li><a href=\"https:\/\/airportsmokinglounge.com\/de\/raucherbereiche-am-flughafen-mailand-malpensa-mxp\/\">INTERNATIONALER FLUGHAFEN MAILAND-MALPENSA (MXP)<\/a><\/li>\n<li><a href=\"https:\/\/airportsmokinglounge.com\/de\/raucherbereiche-am-flughafen-venedig-marco-polo-vce\/\">FLUGHAFEN VENEDIG MARCO POLO (VCE)<\/a><\/li>\n<li><a href=\"https:\/\/airportsmokinglounge.com\/de\/raucherbereiche-am-flughafen-bologna\/\">FLUGHAFEN BOLOGNA (BLQ)<\/a><\/li>\n<li><a href=\"https:\/\/airportsmokinglounge.com\/de\/raucherbereiche-am-flughafen-neapel-nickerchen\/\">INTERNATIONALER FLUGHAFEN NEAPEL N\u00c0POLI (NAP)<\/a><\/li>\n<li><a href=\"https:\/\/airportsmokinglounge.com\/de\/raucherbereiche-am-flughafen-catania-cta\/\">FLUGHAFEN CATANIA-FONTANAROSSA (CTA)<\/a><\/li>\n<li><a href=\"https:\/\/airportsmokinglounge.com\/de\/raucherbereiche-am-flughafen-mailand-linate\/\">FLUGHAFEN MAILAND LINATE (LIN)<\/a><\/li>\n<li><a href=\"https:\/\/airportsmokinglounge.com\/de\/raucherbereiche-am-turin-flughafen-trn\/\">FLUGHAFEN TURIN (TRN)<\/a><\/li>\n<li><a href=\"https:\/\/airportsmokinglounge.com\/de\/raucherbereiche-am-verona-flughafen-vrn\/\">FLUGHAFEN VERONA VILLAFRANCA (VRN)<\/a><\/li>\n<li><a href=\"https:\/\/airportsmokinglounge.com\/de\/raucherbereiche-am-flughafen-palermo-pmo\/\">FLUGHAFEN PALERMO (PMO)<\/a><\/li>\n<li><a href=\"https:\/\/airportsmokinglounge.com\/de\/raucherbereiche-am-flughafen-pisa-psa\/\">INTERNATIONALER FLUGHAFEN PISA (PSA)<\/a><\/li>\n<li><a href=\"https:\/\/airportsmokinglounge.com\/de\/raucherbereiche-am-flughafen-bari-bri\/\">FLUGHAFEN BARI (BRI)<\/a><\/li>\n<li><a href=\"https:\/\/airportsmokinglounge.com\/de\/raucherbereiche-am-flughafen-genua-in-goa\/\">GENOVA FLUGHAFEN GENUA CRISTOFORO COLOMBO (GOA)<\/a><\/li>\n<li><a href=\"https:\/\/airportsmokinglounge.com\/de\/raucherbereiche-am-flughafen-cagliari-elmas-cag\/\">FLUGHAFEN CAGLIARI ELMAS (CAG)<\/a><\/li>\n<li><a href=\"https:\/\/airportsmokinglounge.com\/de\/raucherbereiche-am-bergamo-international-airport-bgy\/\">INTERNATIONALER FLUGHAFEN BERGAMO (BGY)<\/a><\/li>\n<li><a href=\"https:\/\/airportsmokinglounge.com\/de\/raucherbereiche-am-flughafen-treviso-tsf\/\">FLUGHAFEN TREVISO (TSF)<\/a><\/li>\n<li><a href=\"https:\/\/airportsmokinglounge.com\/de\/raucherbereiche-am-flughafen-rom-ciampino-cia\/\">FLUGHAFEN ROM CIAMPINO (CIA)<\/a><\/li>\n<li><a href=\"https:\/\/airportsmokinglounge.com\/de\/raucherbereiche-am-flughafen-florenz\/\">FLUGHAFEN FIRENZE PERETOLA (FLR)<\/a><\/li>\n<li><a href=\"https:\/\/airportsmokinglounge.com\/de\/raucherbereiche-am-flughafen-olbia-olb\/\">FLUGHAFEN OLBIA (OLB)<\/a><\/li>\n<li><a href=\"https:\/\/airportsmokinglounge.com\/de\/raucherbereiche-am-lamezia-airport-suf\/\">FLUGHAFEN LAMEZIA TERME (SUF)<\/a><\/li>\n<li><a href=\"https:\/\/airportsmokinglounge.com\/de\/raucherbereiche-am-flughafen-brindisi-bds\/\">BRINDISI \u2013 FLUGHAFEN SALENTO (BDS)<\/a><\/li>\n<li><a href=\"https:\/\/airportsmokinglounge.com\/de\/raucherbereiche-am-flughafen-ancona-aoi\/\">FLUGHAFEN ANCONA FALCONARA (AOI)<\/a><\/li>\n<li><a href=\"https:\/\/airportsmokinglounge.com\/de\/raucherbereiche-am-flughafen-triest\/\">FLUGHAFEN TRIEST (TRS)<\/a><\/li>\n<\/ul>\n<h2>Italiens Rauchergesetz<\/h2>\n<p>Das Rauchen ist in \u00f6ffentlichen Innenr\u00e4umen, einschlie\u00dflich Flugh\u00e4fen, verboten, mit Ausnahme der ausgewiesenen Raucherbereiche, die speziell f\u00fcr das Rauchen vorgesehen und ausgestattet sind. Diese Bereiche sind in der Regel geschlossen und verf\u00fcgen \u00fcber geeignete Bel\u00fcftungssysteme, um die Belastung durch Passivrauchen einzud\u00e4mmen und zu reduzieren.<\/p>\n<p>Auf Flugh\u00e4fen und anderen \u00f6ffentlichen Pl\u00e4tzen ist es Pflicht, in Bereichen, in denen das Rauchen verboten ist, gut sichtbare \u201eRauchverbot\u201c-Schilder anzubringen. Diese Schilder werden typischerweise an Ein- und Ausg\u00e4ngen und anderen auff\u00e4lligen Stellen angebracht, um Einzelpersonen \u00fcber die Rauchvorschriften zu informieren.<\/p>\n<p>In Bereichen wie Flughafenterminals, Wartebereichen, Check-in-Schaltern, Flugsteigen und anderen Innenr\u00e4umen, in denen sich Menschen versammeln, ist das Rauchen grunds\u00e4tzlich nicht gestattet. Allerdings k\u00f6nnen an einigen Flugh\u00e4fen ausgewiesene Raucherbereiche vorhanden sein, in denen Raucher unter Einhaltung der gesetzlichen Bestimmungen rauchen k\u00f6nnen.<\/p>\n<p>Im Au\u00dfenbereich von Flugh\u00e4fen ist das Rauchen generell erlaubt, sofern dies nicht durch \u00f6rtliche Vorschriften ausdr\u00fccklich eingeschr\u00e4nkt wird. Es ist jedoch immer wichtig, R\u00fccksicht auf andere zu nehmen und sicherzustellen, dass das Rauchen f\u00fcr Nichtraucher in der N\u00e4he keine Beschwerden oder Unannehmlichkeiten verursacht.<\/p>\n<p>Auch die Nutzung elektronischer Zigaretten bzw. das sogenannte \u201eDampfen\u201c unterliegt den gleichen Vorschriften wie das herk\u00f6mmliche Rauchen von Tabak. Daher ist es wichtig, die ausgewiesenen Raucherbereiche oder die spezifischen Regeln der Flughafenbeh\u00f6rden bez\u00fcglich der Verwendung elektronischer Zigaretten zu befolgen.<\/p>\n<p>Es wird immer empfohlen, sich bei den zust\u00e4ndigen Beh\u00f6rden \u00fcber die aktuellen Rauchvorschriften zu informieren oder offizielle Quellen zu konsultieren, um die aktuellsten Informationen zu erhalten.<\/p>\n<p>&nbsp;<\/p>\n<div class=\"container single-page-container\">\n<div class=\"row\">\n<div class=\"nv-single-page-wrap col\">\n<div class=\"nv-content-wrap entry-content\">\n<p><strong>Weitere Raucherbereiche am Flughafen\u00a0<\/strong><\/p>\n<ul>\n<li><a href=\"https:\/\/airportsmokinglounge.com\/de\/rauchen-in-den-flughafen-von-nordamerika\/\">Nordamerika<\/a><\/li>\n<li><a href=\"https:\/\/airportsmokinglounge.com\/de\/rauchen-auf-den-flughafen-sudamerikas\/\">S\u00fcdamerika<\/a><\/li>\n<li><a href=\"https:\/\/airportsmokinglounge.com\/de\/raucherbereiche-in-europaischen-flughafen\/\">Europa<\/a><\/li>\n<li><a href=\"https:\/\/airportsmokinglounge.com\/de\/rauchen-auf-flughafen-in-asien\/\">Asien<\/a><\/li>\n<li><a href=\"https:\/\/airportsmokinglounge.com\/de\/rauchen-auf-flughafen-in-ozeanien\/\">Ozeanien<\/a><\/li>\n<li><a href=\"https:\/\/airportsmokinglounge.com\/de\/rauchen-auf-flughafen-in-afrika\/\">Afrika<\/a><\/li>\n<\/ul>\n<\/div>\n<\/div>\n<\/div>\n<\/div>\n<p>&nbsp;<\/p>\n<p>&nbsp;<\/p>\n<footer id=\"site-footer\" class=\"site-footer\">\n<div class=\"hfg_footer\">\n<div id=\"cb-row--footer-top\" class=\"footer--row footer-top layout-full-contained\" data-row-id=\"top\" data-show-on=\"desktop\">\n<div class=\"footer--row-inner footer-top-inner footer-content-wrap\">\n<div class=\"container\">\n<div class=\"hfg-grid nv-footer-content hfg-grid-top row--wrapper row\" data-section=\"hfg_footer_layout_top\">\n<div class=\"hfg-slot left\"><\/div>\n<\/div>\n<\/div>\n<\/div>\n<\/div>\n<\/div>\n<\/footer>","protected":false},"excerpt":{"rendered":"<p>Italien verf\u00fcgt \u00fcber mehrere Flugh\u00e4fen, die sowohl f\u00fcr Inlands- als auch f\u00fcr Auslandsreisende wichtige Drehkreuze sind. Auf dieser Website finden Sie alle Raucherbereiche in Flugh\u00e4fen, einschlie\u00dflich ausgewiesener Raucherbereiche und verf\u00fcgbarer Einrichtungen. Wir verstehen die Frustration, wenn man durch die Sicherheitskontrolle geht und dann feststellt, dass es nirgendwo Raucherbereiche gibt und in\u2026&nbsp;<a href=\"https:\/\/airportsmokinglounge.com\/de\/raucherbereiche-in-italienischen-flughafen\/\" rel=\"bookmark\">Mehr lesen \u00bb<span class=\"screen-reader-text\">Raucherbereiche auf italienischen Flugh\u00e4fen<\/span><\/a><\/p>","protected":false},"author":1,"featured_media":1199,"parent":0,"menu_order":0,"comment_status":"closed","ping_status":"closed","template":"","meta":{"neve_meta_sidebar":"","neve_meta_container":"","neve_meta_enable_content_width":"off","neve_meta_content_width":100,"neve_meta_title_alignment":"","neve_meta_author_avatar":"","neve_post_elements_order":"","neve_meta_disable_header":"","neve_meta_disable_footer":"","neve_meta_disable_title":"","neve_meta_reading_time":"","footnotes":""},"class_list":["post-99","page","type-page","status-publish","has-post-thumbnail","hentry"],"yoast_head":"<!-- This site is optimized with the Yoast SEO plugin v26.6 - https:\/\/yoast.com\/wordpress\/plugins\/seo\/ -->\n<title>Smoking areas in Italian airports - airportsmokinglounge.com<\/title>\n<meta name=\"description\" content=\"Smoking Areas in Italian Airports - Your Ultimate Guide to Finding a Place to Smoke \u2714\ufe0e Find Your Next Smoke Break Spot \u2714\ufe0e\" \/>\n<meta name=\"robots\" content=\"index, follow, max-snippet:-1, max-image-preview:large, max-video-preview:-1\" \/>\n<link rel=\"canonical\" href=\"https:\/\/airportsmokinglounge.com\/de\/raucherbereiche-in-italienischen-flughafen\/\" \/>\n<meta property=\"og:locale\" content=\"de_DE\" \/>\n<meta property=\"og:type\" content=\"article\" \/>\n<meta property=\"og:title\" content=\"Smoking areas in Italian airports - airportsmokinglounge.com\" \/>\n<meta property=\"og:description\" content=\"Smoking Areas in Italian Airports - Your Ultimate Guide to Finding a Place to Smoke \u2714\ufe0e Find Your Next Smoke Break Spot \u2714\ufe0e\" \/>\n<meta property=\"og:url\" content=\"https:\/\/airportsmokinglounge.com\/de\/raucherbereiche-in-italienischen-flughafen\/\" \/>\n<meta property=\"og:site_name\" content=\"airportsmokinglounge.com\" \/>\n<meta property=\"article:modified_time\" content=\"2023-05-26T18:44:23+00:00\" \/>\n<meta property=\"og:image\" content=\"https:\/\/airportsmokinglounge.com\/wp-content\/uploads\/2023\/03\/airport-smoking-lounge-4.jpg\" \/>\n\t<meta property=\"og:image:width\" content=\"2048\" \/>\n\t<meta property=\"og:image:height\" content=\"1152\" \/>\n\t<meta property=\"og:image:type\" content=\"image\/jpeg\" \/>\n<meta name=\"twitter:card\" content=\"summary_large_image\" \/>\n<meta name=\"twitter:label1\" content=\"Gesch\u00e4tzte Lesezeit\" \/>\n\t<meta name=\"twitter:data1\" content=\"2\u00a0Minuten\" \/>\n<script type=\"application\/ld+json\" class=\"yoast-schema-graph\">{\"@context\":\"https:\/\/schema.org\",\"@graph\":[{\"@type\":\"WebPage\",\"@id\":\"https:\/\/airportsmokinglounge.com\/smoking-areas-in-italian-airports\/\",\"url\":\"https:\/\/airportsmokinglounge.com\/smoking-areas-in-italian-airports\/\",\"name\":\"Smoking areas in Italian airports - airportsmokinglounge.com\",\"isPartOf\":{\"@id\":\"https:\/\/airportsmokinglounge.com\/#website\"},\"primaryImageOfPage\":{\"@id\":\"https:\/\/airportsmokinglounge.com\/smoking-areas-in-italian-airports\/#primaryimage\"},\"image\":{\"@id\":\"https:\/\/airportsmokinglounge.com\/smoking-areas-in-italian-airports\/#primaryimage\"},\"thumbnailUrl\":\"https:\/\/airportsmokinglounge.com\/wp-content\/uploads\/2023\/03\/airport-smoking-lounge-4.jpg\",\"datePublished\":\"2023-02-21T19:39:57+00:00\",\"dateModified\":\"2023-05-26T18:44:23+00:00\",\"description\":\"Smoking Areas in Italian Airports - Your Ultimate Guide to Finding a Place to Smoke \u2714\ufe0e Find Your Next Smoke Break Spot \u2714\ufe0e\",\"breadcrumb\":{\"@id\":\"https:\/\/airportsmokinglounge.com\/smoking-areas-in-italian-airports\/#breadcrumb\"},\"inLanguage\":\"de\",\"potentialAction\":[{\"@type\":\"ReadAction\",\"target\":[\"https:\/\/airportsmokinglounge.com\/smoking-areas-in-italian-airports\/\"]}]},{\"@type\":\"ImageObject\",\"inLanguage\":\"de\",\"@id\":\"https:\/\/airportsmokinglounge.com\/smoking-areas-in-italian-airports\/#primaryimage\",\"url\":\"https:\/\/airportsmokinglounge.com\/wp-content\/uploads\/2023\/03\/airport-smoking-lounge-4.jpg\",\"contentUrl\":\"https:\/\/airportsmokinglounge.com\/wp-content\/uploads\/2023\/03\/airport-smoking-lounge-4.jpg\",\"width\":2048,\"height\":1152,\"caption\":\"Airport Smoking\"},{\"@type\":\"BreadcrumbList\",\"@id\":\"https:\/\/airportsmokinglounge.com\/smoking-areas-in-italian-airports\/#breadcrumb\",\"itemListElement\":[{\"@type\":\"ListItem\",\"position\":1,\"name\":\"Home\",\"item\":\"https:\/\/airportsmokinglounge.com\/\"},{\"@type\":\"ListItem\",\"position\":2,\"name\":\"Smoking areas in Italian airports\"}]},{\"@type\":\"WebSite\",\"@id\":\"https:\/\/airportsmokinglounge.com\/#website\",\"url\":\"https:\/\/airportsmokinglounge.com\/\",\"name\":\"airportsmokinglounge.com\",\"description\":\"\",\"potentialAction\":[{\"@type\":\"SearchAction\",\"target\":{\"@type\":\"EntryPoint\",\"urlTemplate\":\"https:\/\/airportsmokinglounge.com\/?s={search_term_string}\"},\"query-input\":{\"@type\":\"PropertyValueSpecification\",\"valueRequired\":true,\"valueName\":\"search_term_string\"}}],\"inLanguage\":\"de\"}]}<\/script>\n<!-- \/ Yoast SEO plugin. -->","yoast_head_json":{"title":"Raucherbereiche in italienischen Flugh\u00e4fen - Airport Smoking Lounge.com","description":"Raucherbereiche auf italienischen Flugh\u00e4fen \u2013 Ihr ultimativer Leitfaden zur Suche nach einem Ort zum Rauchen \u2714\ufe0e Finden Sie Ihren n\u00e4chsten Raucherpausenplatz \u2714\ufe0e","robots":{"index":"index","follow":"follow","max-snippet":"max-snippet:-1","max-image-preview":"max-image-preview:large","max-video-preview":"max-video-preview:-1"},"canonical":"https:\/\/airportsmokinglounge.com\/de\/raucherbereiche-in-italienischen-flughafen\/","og_locale":"de_DE","og_type":"article","og_title":"Smoking areas in Italian airports - airportsmokinglounge.com","og_description":"Smoking Areas in Italian Airports - Your Ultimate Guide to Finding a Place to Smoke \u2714\ufe0e Find Your Next Smoke Break Spot \u2714\ufe0e","og_url":"https:\/\/airportsmokinglounge.com\/de\/raucherbereiche-in-italienischen-flughafen\/","og_site_name":"airportsmokinglounge.com","article_modified_time":"2023-05-26T18:44:23+00:00","og_image":[{"width":2048,"height":1152,"url":"https:\/\/airportsmokinglounge.com\/wp-content\/uploads\/2023\/03\/airport-smoking-lounge-4.jpg","type":"image\/jpeg"}],"twitter_card":"summary_large_image","twitter_misc":{"Gesch\u00e4tzte Lesezeit":"2\u00a0Minuten"},"schema":{"@context":"https:\/\/schema.org","@graph":[{"@type":"WebPage","@id":"https:\/\/airportsmokinglounge.com\/smoking-areas-in-italian-airports\/","url":"https:\/\/airportsmokinglounge.com\/smoking-areas-in-italian-airports\/","name":"Raucherbereiche in italienischen Flugh\u00e4fen - Airport Smoking Lounge.com","isPartOf":{"@id":"https:\/\/airportsmokinglounge.com\/#website"},"primaryImageOfPage":{"@id":"https:\/\/airportsmokinglounge.com\/smoking-areas-in-italian-airports\/#primaryimage"},"image":{"@id":"https:\/\/airportsmokinglounge.com\/smoking-areas-in-italian-airports\/#primaryimage"},"thumbnailUrl":"https:\/\/airportsmokinglounge.com\/wp-content\/uploads\/2023\/03\/airport-smoking-lounge-4.jpg","datePublished":"2023-02-21T19:39:57+00:00","dateModified":"2023-05-26T18:44:23+00:00","description":"Raucherbereiche auf italienischen Flugh\u00e4fen \u2013 Ihr ultimativer Leitfaden zur Suche nach einem Ort zum Rauchen \u2714\ufe0e Finden Sie Ihren n\u00e4chsten Raucherpausenplatz \u2714\ufe0e","breadcrumb":{"@id":"https:\/\/airportsmokinglounge.com\/smoking-areas-in-italian-airports\/#breadcrumb"},"inLanguage":"de","potentialAction":[{"@type":"ReadAction","target":["https:\/\/airportsmokinglounge.com\/smoking-areas-in-italian-airports\/"]}]},{"@type":"ImageObject","inLanguage":"de","@id":"https:\/\/airportsmokinglounge.com\/smoking-areas-in-italian-airports\/#primaryimage","url":"https:\/\/airportsmokinglounge.com\/wp-content\/uploads\/2023\/03\/airport-smoking-lounge-4.jpg","contentUrl":"https:\/\/airportsmokinglounge.com\/wp-content\/uploads\/2023\/03\/airport-smoking-lounge-4.jpg","width":2048,"height":1152,"caption":"Airport Smoking"},{"@type":"BreadcrumbList","@id":"https:\/\/airportsmokinglounge.com\/smoking-areas-in-italian-airports\/#breadcrumb","itemListElement":[{"@type":"ListItem","position":1,"name":"Home","item":"https:\/\/airportsmokinglounge.com\/"},{"@type":"ListItem","position":2,"name":"Smoking areas in Italian airports"}]},{"@type":"WebSite","@id":"https:\/\/airportsmokinglounge.com\/#website","url":"https:\/\/airportsmokinglounge.com\/","name":"Flughafenraucherlounge.com","description":"","potentialAction":[{"@type":"SearchAction","target":{"@type":"EntryPoint","urlTemplate":"https:\/\/airportsmokinglounge.com\/?s={search_term_string}"},"query-input":{"@type":"PropertyValueSpecification","valueRequired":true,"valueName":"search_term_string"}}],"inLanguage":"de"}]}},"_links":{"self":[{"href":"https:\/\/airportsmokinglounge.com\/de\/wp-json\/wp\/v2\/pages\/99","targetHints":{"allow":["GET"]}}],"collection":[{"href":"https:\/\/airportsmokinglounge.com\/de\/wp-json\/wp\/v2\/pages"}],"about":[{"href":"https:\/\/airportsmokinglounge.com\/de\/wp-json\/wp\/v2\/types\/page"}],"author":[{"embeddable":true,"href":"https:\/\/airportsmokinglounge.com\/de\/wp-json\/wp\/v2\/users\/1"}],"replies":[{"embeddable":true,"href":"https:\/\/airportsmokinglounge.com\/de\/wp-json\/wp\/v2\/comments?post=99"}],"version-history":[{"count":10,"href":"https:\/\/airportsmokinglounge.com\/de\/wp-json\/wp\/v2\/pages\/99\/revisions"}],"predecessor-version":[{"id":6255,"href":"https:\/\/airportsmokinglounge.com\/de\/wp-json\/wp\/v2\/pages\/99\/revisions\/6255"}],"wp:featuredmedia":[{"embeddable":true,"href":"https:\/\/airportsmokinglounge.com\/de\/wp-json\/wp\/v2\/media\/1199"}],"wp:attachment":[{"href":"https:\/\/airportsmokinglounge.com\/de\/wp-json\/wp\/v2\/media?parent=99"}],"curies":[{"name":"wp","href":"https:\/\/api.w.org\/{rel}","templated":true}]}}