{"id":103,"date":"2023-02-21T20:59:05","date_gmt":"2023-02-21T19:59:05","guid":{"rendered":"https:\/\/airportsmokinglounge.com\/?page_id=103"},"modified":"2023-05-30T11:37:32","modified_gmt":"2023-05-30T09:37:32","slug":"smoking-areas-in-portuguese-airports","status":"publish","type":"page","link":"https:\/\/airportsmokinglounge.com\/es\/zonas-para-fumar-en-aeropuertos-portugueses\/","title":{"rendered":"Zonas de fumadores en los aeropuertos portugueses"},"content":{"rendered":"<p>Portugal alberga varios aeropuertos que sirven como centros de transporte clave para viajeros nacionales e internacionales.<\/p>\n<p>En este sitio web puede encontrar todas las \u00e1reas para fumadores en los aeropuertos, incluidas las \u00e1reas designadas para fumadores y las instalaciones disponibles. Entendemos la frustraci\u00f3n de pasar por seguridad solo para descubrir que no hay \u00e1reas para fumadores en ninguna parte y, en algunos casos, es posible que no se permitan los cigarrillos electr\u00f3nicos.<\/p>\n<p>Este servicio es para todos los fumadores que quieran disfrutar de un cigarrillo antes o despu\u00e9s de vuelos largos.<\/p>\n<h2>Aeropuertos en Portugal<\/h2>\n<ul style=\"list-style-type: circle;\">\n<li><a href=\"https:\/\/airportsmokinglounge.com\/es\/zonas-para-fumar-en-lisboa-portela-aeropuerto-lis\/\">LISBOA \u2013 AEROPUERTO DE PORTELA (LIS)<\/a><\/li>\n<li><a href=\"https:\/\/airportsmokinglounge.com\/es\/zonas-de-fumadores-en-el-aeropuerto-de-oporto-opo\/\">AEROPUERTO DE OPORTO (OPO)<\/a><\/li>\n<li><a href=\"https:\/\/airportsmokinglounge.com\/es\/zonas-para-fumar-en-el-aeropuerto-de-faro-fao\/\">AEROPUERTO DE FARO (FAO)<\/a><\/li>\n<li><a href=\"https:\/\/airportsmokinglounge.com\/es\/zonas-de-fumadores-en-ponta-delgada-pdl\/\" target=\"_blank\" rel=\"noopener\">AEROPUERTO JO\u00c3O PAULO II \u2013 PONTA DELGADA (PDL)<\/a><\/li>\n<li><a href=\"https:\/\/airportsmokinglounge.com\/es\/zonas-para-fumar-en-el-aeropuerto-de-lajes-ter\/\">AEROPUERTO DE LAJES (TER)<\/a><\/li>\n<li><a href=\"https:\/\/airportsmokinglounge.com\/es\/zonas-para-fumar-en-el-aeropuerto-de-madeira-funchal-fnc\/\">AEROPUERTO DE MADEIRA, FUNCHAL (FNC)<\/a><\/li>\n<li><a href=\"https:\/\/airportsmokinglounge.com\/es\/zonas-para-fumar-en-el-aeropuerto-santa-maria-sma\/\">AEROPUERTO DE SANTA MAR\u00cdA \u2013 VILA DO PORTO (SMA)<\/a><\/li>\n<li><a href=\"https:\/\/airportsmokinglounge.com\/es\/zonas-para-fumadores-en-el-aeropuerto-de-horta-hor\/\">AEROPUERTO DE HORTA (HOR)<\/a><\/li>\n<li><a href=\"https:\/\/airportsmokinglounge.com\/es\/zonas-para-fumadores-en-el-aeropuerto-de-flores\/\">AEROPUERTO DE FLORES (FLW)<\/a><\/li>\n<\/ul>\n<h2>La ley de tabaco de Portugal<\/h2>\n<p>En Portugal, existen normas sobre el tabaquismo para proteger la salud p\u00fablica y garantizar un entorno libre de humo. En general, est\u00e1 prohibido fumar en todos los espacios p\u00fablicos interiores, incluidos aeropuertos, restaurantes, bares, cafeter\u00edas, centros comerciales, oficinas y otras \u00e1reas cerradas accesibles al p\u00fablico. Esta prohibici\u00f3n se aplica tanto a los cigarrillos tradicionales como a los cigarrillos electr\u00f3nicos (e-cigarrillos).<\/p>\n<p>Algunos establecimientos pueden proporcionar \u00e1reas designadas para fumadores al aire libre, que est\u00e1n claramente marcadas y separadas de las \u00e1reas para no fumadores. Estas \u00e1reas est\u00e1n equipadas con ceniceros y ventilaci\u00f3n adecuada para minimizar el impacto del humo de segunda mano en los no fumadores. Sin embargo, es importante tener en cuenta que la disponibilidad de \u00e1reas designadas para fumadores puede variar y algunos establecimientos pueden optar por no ofrecerlas.<\/p>\n<p>Es recomendable consultar con la ubicaci\u00f3n o establecimiento espec\u00edfico para obtener la informaci\u00f3n m\u00e1s actualizada sobre las regulaciones y pautas para fumar.<\/p>\n<p><strong>M\u00e1s Aeropuerto Zonas de fumadores\u00a0<\/strong><\/p>\n<ul>\n<li><a href=\"https:\/\/airportsmokinglounge.com\/es\/fumar-en-los-aeropuertos-de-norteamerica\/\">Am\u00e9rica del norte<\/a><\/li>\n<li><a href=\"https:\/\/airportsmokinglounge.com\/es\/fumar-en-los-aeropuertos-de-america-del-sur\/\">Sudamerica<\/a><\/li>\n<li><a href=\"https:\/\/airportsmokinglounge.com\/es\/zonas-de-fumadores-en-aeropuertos-europeos\/\">Europa<\/a><\/li>\n<li><a href=\"https:\/\/airportsmokinglounge.com\/es\/fumar-en-aeropuertos-en-asia\/\">Asia<\/a><\/li>\n<li><a href=\"https:\/\/airportsmokinglounge.com\/es\/fumar-en-aeropuertos-en-oceania\/\">Ocean\u00eda<\/a><\/li>\n<li><a href=\"https:\/\/airportsmokinglounge.com\/es\/fumar-en-los-aeropuertos-en-africa\/\">\u00c1frica<\/a><\/li>\n<\/ul>","protected":false},"excerpt":{"rendered":"<p>Portugal is home to several airports that serve as key transportation hubs for both domestic and international travelers. On this website you can find all smoking areas in airports, including designated smoking areas and available facilities. We understand the frustration of going through security only to find that there are no smoking areas anywhere and&hellip;&nbsp;<a href=\"https:\/\/airportsmokinglounge.com\/es\/zonas-para-fumar-en-aeropuertos-portugueses\/\" rel=\"bookmark\">Leer m\u00e1s &quot;<span class=\"screen-reader-text\">Zonas de fumadores en los aeropuertos portugueses<\/span><\/a><\/p>","protected":false},"author":1,"featured_media":1199,"parent":0,"menu_order":0,"comment_status":"closed","ping_status":"closed","template":"","meta":{"neve_meta_sidebar":"","neve_meta_container":"","neve_meta_enable_content_width":"off","neve_meta_content_width":100,"neve_meta_title_alignment":"","neve_meta_author_avatar":"","neve_post_elements_order":"","neve_meta_disable_header":"","neve_meta_disable_footer":"","neve_meta_disable_title":"","neve_meta_reading_time":"","footnotes":""},"class_list":["post-103","page","type-page","status-publish","has-post-thumbnail","hentry"],"yoast_head":"<!-- This site is optimized with the Yoast SEO plugin v26.6 - https:\/\/yoast.com\/wordpress\/plugins\/seo\/ -->\n<title>Smoking areas in Portuguese airports - airportsmokinglounge.com<\/title>\n<meta name=\"description\" content=\"Smoking Areas in Portuguese Airports - Your Ultimate Guide to Finding a Place to Smoke \u2714\ufe0e Find Your Next Smoke Break Spot \u2714\ufe0e\" \/>\n<meta name=\"robots\" content=\"index, follow, max-snippet:-1, max-image-preview:large, max-video-preview:-1\" \/>\n<link rel=\"canonical\" href=\"https:\/\/airportsmokinglounge.com\/es\/zonas-para-fumar-en-aeropuertos-portugueses\/\" \/>\n<meta property=\"og:locale\" content=\"es_ES\" \/>\n<meta property=\"og:type\" content=\"article\" \/>\n<meta property=\"og:title\" content=\"Smoking areas in Portuguese airports - airportsmokinglounge.com\" \/>\n<meta property=\"og:description\" content=\"Smoking Areas in Portuguese Airports - Your Ultimate Guide to Finding a Place to Smoke \u2714\ufe0e Find Your Next Smoke Break Spot \u2714\ufe0e\" \/>\n<meta property=\"og:url\" content=\"https:\/\/airportsmokinglounge.com\/es\/zonas-para-fumar-en-aeropuertos-portugueses\/\" \/>\n<meta property=\"og:site_name\" content=\"airportsmokinglounge.com\" \/>\n<meta property=\"article:modified_time\" content=\"2023-05-30T09:37:32+00:00\" \/>\n<meta property=\"og:image\" content=\"https:\/\/airportsmokinglounge.com\/wp-content\/uploads\/2023\/03\/airport-smoking-lounge-4.jpg\" \/>\n\t<meta property=\"og:image:width\" content=\"2048\" \/>\n\t<meta property=\"og:image:height\" content=\"1152\" \/>\n\t<meta property=\"og:image:type\" content=\"image\/jpeg\" \/>\n<meta name=\"twitter:card\" content=\"summary_large_image\" \/>\n<meta name=\"twitter:label1\" content=\"Tiempo de lectura\" \/>\n\t<meta name=\"twitter:data1\" content=\"2 minutos\" \/>\n<script type=\"application\/ld+json\" class=\"yoast-schema-graph\">{\"@context\":\"https:\/\/schema.org\",\"@graph\":[{\"@type\":\"WebPage\",\"@id\":\"https:\/\/airportsmokinglounge.com\/smoking-areas-in-portuguese-airports\/\",\"url\":\"https:\/\/airportsmokinglounge.com\/smoking-areas-in-portuguese-airports\/\",\"name\":\"Smoking areas in Portuguese airports - airportsmokinglounge.com\",\"isPartOf\":{\"@id\":\"https:\/\/airportsmokinglounge.com\/#website\"},\"primaryImageOfPage\":{\"@id\":\"https:\/\/airportsmokinglounge.com\/smoking-areas-in-portuguese-airports\/#primaryimage\"},\"image\":{\"@id\":\"https:\/\/airportsmokinglounge.com\/smoking-areas-in-portuguese-airports\/#primaryimage\"},\"thumbnailUrl\":\"https:\/\/airportsmokinglounge.com\/wp-content\/uploads\/2023\/03\/airport-smoking-lounge-4.jpg\",\"datePublished\":\"2023-02-21T19:59:05+00:00\",\"dateModified\":\"2023-05-30T09:37:32+00:00\",\"description\":\"Smoking Areas in Portuguese Airports - Your Ultimate Guide to Finding a Place to Smoke \u2714\ufe0e Find Your Next Smoke Break Spot \u2714\ufe0e\",\"breadcrumb\":{\"@id\":\"https:\/\/airportsmokinglounge.com\/smoking-areas-in-portuguese-airports\/#breadcrumb\"},\"inLanguage\":\"es\",\"potentialAction\":[{\"@type\":\"ReadAction\",\"target\":[\"https:\/\/airportsmokinglounge.com\/smoking-areas-in-portuguese-airports\/\"]}]},{\"@type\":\"ImageObject\",\"inLanguage\":\"es\",\"@id\":\"https:\/\/airportsmokinglounge.com\/smoking-areas-in-portuguese-airports\/#primaryimage\",\"url\":\"https:\/\/airportsmokinglounge.com\/wp-content\/uploads\/2023\/03\/airport-smoking-lounge-4.jpg\",\"contentUrl\":\"https:\/\/airportsmokinglounge.com\/wp-content\/uploads\/2023\/03\/airport-smoking-lounge-4.jpg\",\"width\":2048,\"height\":1152,\"caption\":\"Airport Smoking\"},{\"@type\":\"BreadcrumbList\",\"@id\":\"https:\/\/airportsmokinglounge.com\/smoking-areas-in-portuguese-airports\/#breadcrumb\",\"itemListElement\":[{\"@type\":\"ListItem\",\"position\":1,\"name\":\"Home\",\"item\":\"https:\/\/airportsmokinglounge.com\/\"},{\"@type\":\"ListItem\",\"position\":2,\"name\":\"Smoking areas in Portuguese airports\"}]},{\"@type\":\"WebSite\",\"@id\":\"https:\/\/airportsmokinglounge.com\/#website\",\"url\":\"https:\/\/airportsmokinglounge.com\/\",\"name\":\"airportsmokinglounge.com\",\"description\":\"\",\"potentialAction\":[{\"@type\":\"SearchAction\",\"target\":{\"@type\":\"EntryPoint\",\"urlTemplate\":\"https:\/\/airportsmokinglounge.com\/?s={search_term_string}\"},\"query-input\":{\"@type\":\"PropertyValueSpecification\",\"valueRequired\":true,\"valueName\":\"search_term_string\"}}],\"inLanguage\":\"es\"}]}<\/script>\n<!-- \/ Yoast SEO plugin. -->","yoast_head_json":{"title":"Zonas de fumadores en los aeropuertos portugueses - Airportsmokinglounge.com","description":"\u00c1reas para fumadores en los aeropuertos portugueses: su gu\u00eda definitiva para encontrar un lugar para fumar \u2714\ufe0e Encuentre su pr\u00f3ximo lugar para fumar \u2714\ufe0e","robots":{"index":"index","follow":"follow","max-snippet":"max-snippet:-1","max-image-preview":"max-image-preview:large","max-video-preview":"max-video-preview:-1"},"canonical":"https:\/\/airportsmokinglounge.com\/es\/zonas-para-fumar-en-aeropuertos-portugueses\/","og_locale":"es_ES","og_type":"article","og_title":"Smoking areas in Portuguese airports - airportsmokinglounge.com","og_description":"Smoking Areas in Portuguese Airports - Your Ultimate Guide to Finding a Place to Smoke \u2714\ufe0e Find Your Next Smoke Break Spot \u2714\ufe0e","og_url":"https:\/\/airportsmokinglounge.com\/es\/zonas-para-fumar-en-aeropuertos-portugueses\/","og_site_name":"airportsmokinglounge.com","article_modified_time":"2023-05-30T09:37:32+00:00","og_image":[{"width":2048,"height":1152,"url":"https:\/\/airportsmokinglounge.com\/wp-content\/uploads\/2023\/03\/airport-smoking-lounge-4.jpg","type":"image\/jpeg"}],"twitter_card":"summary_large_image","twitter_misc":{"Tiempo de lectura":"2 minutos"},"schema":{"@context":"https:\/\/schema.org","@graph":[{"@type":"WebPage","@id":"https:\/\/airportsmokinglounge.com\/smoking-areas-in-portuguese-airports\/","url":"https:\/\/airportsmokinglounge.com\/smoking-areas-in-portuguese-airports\/","name":"Zonas de fumadores en los aeropuertos portugueses - Airportsmokinglounge.com","isPartOf":{"@id":"https:\/\/airportsmokinglounge.com\/#website"},"primaryImageOfPage":{"@id":"https:\/\/airportsmokinglounge.com\/smoking-areas-in-portuguese-airports\/#primaryimage"},"image":{"@id":"https:\/\/airportsmokinglounge.com\/smoking-areas-in-portuguese-airports\/#primaryimage"},"thumbnailUrl":"https:\/\/airportsmokinglounge.com\/wp-content\/uploads\/2023\/03\/airport-smoking-lounge-4.jpg","datePublished":"2023-02-21T19:59:05+00:00","dateModified":"2023-05-30T09:37:32+00:00","description":"\u00c1reas para fumadores en los aeropuertos portugueses: su gu\u00eda definitiva para encontrar un lugar para fumar \u2714\ufe0e Encuentre su pr\u00f3ximo lugar para fumar \u2714\ufe0e","breadcrumb":{"@id":"https:\/\/airportsmokinglounge.com\/smoking-areas-in-portuguese-airports\/#breadcrumb"},"inLanguage":"es","potentialAction":[{"@type":"ReadAction","target":["https:\/\/airportsmokinglounge.com\/smoking-areas-in-portuguese-airports\/"]}]},{"@type":"ImageObject","inLanguage":"es","@id":"https:\/\/airportsmokinglounge.com\/smoking-areas-in-portuguese-airports\/#primaryimage","url":"https:\/\/airportsmokinglounge.com\/wp-content\/uploads\/2023\/03\/airport-smoking-lounge-4.jpg","contentUrl":"https:\/\/airportsmokinglounge.com\/wp-content\/uploads\/2023\/03\/airport-smoking-lounge-4.jpg","width":2048,"height":1152,"caption":"Airport Smoking"},{"@type":"BreadcrumbList","@id":"https:\/\/airportsmokinglounge.com\/smoking-areas-in-portuguese-airports\/#breadcrumb","itemListElement":[{"@type":"ListItem","position":1,"name":"Home","item":"https:\/\/airportsmokinglounge.com\/"},{"@type":"ListItem","position":2,"name":"Smoking areas in Portuguese airports"}]},{"@type":"WebSite","@id":"https:\/\/airportsmokinglounge.com\/#website","url":"https:\/\/airportsmokinglounge.com\/","name":"aeropuertofumarlounge.com","description":"","potentialAction":[{"@type":"SearchAction","target":{"@type":"EntryPoint","urlTemplate":"https:\/\/airportsmokinglounge.com\/?s={search_term_string}"},"query-input":{"@type":"PropertyValueSpecification","valueRequired":true,"valueName":"search_term_string"}}],"inLanguage":"es"}]}},"_links":{"self":[{"href":"https:\/\/airportsmokinglounge.com\/es\/wp-json\/wp\/v2\/pages\/103","targetHints":{"allow":["GET"]}}],"collection":[{"href":"https:\/\/airportsmokinglounge.com\/es\/wp-json\/wp\/v2\/pages"}],"about":[{"href":"https:\/\/airportsmokinglounge.com\/es\/wp-json\/wp\/v2\/types\/page"}],"author":[{"embeddable":true,"href":"https:\/\/airportsmokinglounge.com\/es\/wp-json\/wp\/v2\/users\/1"}],"replies":[{"embeddable":true,"href":"https:\/\/airportsmokinglounge.com\/es\/wp-json\/wp\/v2\/comments?post=103"}],"version-history":[{"count":10,"href":"https:\/\/airportsmokinglounge.com\/es\/wp-json\/wp\/v2\/pages\/103\/revisions"}],"predecessor-version":[{"id":6315,"href":"https:\/\/airportsmokinglounge.com\/es\/wp-json\/wp\/v2\/pages\/103\/revisions\/6315"}],"wp:featuredmedia":[{"embeddable":true,"href":"https:\/\/airportsmokinglounge.com\/es\/wp-json\/wp\/v2\/media\/1199"}],"wp:attachment":[{"href":"https:\/\/airportsmokinglounge.com\/es\/wp-json\/wp\/v2\/media?parent=103"}],"curies":[{"name":"gracias","href":"https:\/\/api.w.org\/{rel}","templated":true}]}}