{"id":150,"date":"2023-02-23T18:30:27","date_gmt":"2023-02-23T17:30:27","guid":{"rendered":"https:\/\/airportsmokinglounge.com\/?page_id=150"},"modified":"2023-05-25T12:02:32","modified_gmt":"2023-05-25T10:02:32","slug":"smoking-areas-in-cyprus-airports","status":"publish","type":"page","link":"https:\/\/airportsmokinglounge.com\/es\/zonas-para-fumar-en-aeropuertos-de-chipre\/","title":{"rendered":"Zonas para fumadores en los aeropuertos de Chipre"},"content":{"rendered":"<p>No est\u00e1 permitido fumar dentro de ninguna de las terminales o \u00e1reas cerradas de los aeropuertos de Chipre, de acuerdo con las leyes nacionales sobre fumar. Esto incluye el aeropuerto internacional de Larnaca y el aeropuerto internacional de Paphos, los dos principales aeropuertos de Chipre.<\/p>\n<p>Sin embargo, ambos aeropuertos cuentan con \u00e1reas designadas para fumadores ubicadas fuera de las terminales, a las que se puede acceder antes o despu\u00e9s del control de seguridad. Estas zonas para fumadores est\u00e1n equipadas con ceniceros y est\u00e1n claramente se\u00f1alizadas con carteles.<\/p>\n<p>En este sitio web puede encontrar todas las \u00e1reas para fumadores en los aeropuertos, incluidas las \u00e1reas designadas para fumadores y las instalaciones disponibles. Entendemos la frustraci\u00f3n de pasar por seguridad solo para descubrir que no hay \u00e1reas para fumadores en ninguna parte y, en algunos casos, es posible que no se permitan los cigarrillos electr\u00f3nicos.<\/p>\n<p>Este servicio es para todos los fumadores que quieran disfrutar de un cigarrillo antes o despu\u00e9s de vuelos largos.<\/p>\n<h2>Aeropuertos en Chipre<\/h2>\n<ul style=\"list-style-type: circle;\">\n<li><a href=\"https:\/\/airportsmokinglounge.com\/es\/areas-para-fumar-en-el-aeropuerto-internacional-de-larnaca-lca\/\">AEROPUERTO INTERNACIONAL DE L\u00c1RNACA (LCA)<\/a><\/li>\n<li><a href=\"https:\/\/airportsmokinglounge.com\/es\/areas-para-fumar-en-el-aeropuerto-internacional-de-paphos-pfo\/\">AEROPUERTO INTERNACIONAL DE PAFOS (PFO)<\/a><\/li>\n<li><a href=\"https:\/\/airportsmokinglounge.com\/es\/zonas-para-fumar-en-el-aeropuerto-internacional-ercan-ecn\/\">AEROPUERTO INTERNACIONAL DE ERCAN (ECN)<\/a><\/li>\n<\/ul>\n<h2>Ley de fumar de Chipre<\/h2>\n<p>Seg\u00fan la ley, est\u00e1 prohibido fumar en todos los lugares p\u00fablicos cerrados, incluidos lugares de trabajo, bares, restaurantes y cafeter\u00edas, as\u00ed como en el transporte p\u00fablico y en determinadas zonas al aire libre, como parques infantiles e instalaciones deportivas. Tambi\u00e9n est\u00e1 prohibido fumar a menos de 10 metros de las entradas a edificios p\u00fablicos, incluidos hospitales, escuelas y oficinas gubernamentales.<\/p>\n<p>La ley exige que todas las zonas interiores de los lugares p\u00fablicos sean designadas como zonas para no fumadores, y s\u00f3lo se permite fumar en las zonas exteriores designadas, que deben estar claramente marcadas con carteles. Tambi\u00e9n es ilegal vender productos de tabaco a menores de 18 a\u00f1os y la publicidad del tabaco est\u00e1 prohibida.<\/p>\n<p>&nbsp;<\/p>\n<div class=\"container single-page-container\">\n<div class=\"row\">\n<div class=\"nv-single-page-wrap col\">\n<div class=\"nv-content-wrap entry-content\">\n<p><strong>M\u00e1s Aeropuerto Zonas de fumadores\u00a0<\/strong><\/p>\n<ul>\n<li><a href=\"https:\/\/airportsmokinglounge.com\/es\/fumar-en-los-aeropuertos-de-norteamerica\/\">Am\u00e9rica del norte<\/a><\/li>\n<li><a href=\"https:\/\/airportsmokinglounge.com\/es\/fumar-en-los-aeropuertos-de-america-del-sur\/\">Sudamerica<\/a><\/li>\n<li><a href=\"https:\/\/airportsmokinglounge.com\/es\/zonas-de-fumadores-en-aeropuertos-europeos\/\">Europa<\/a><\/li>\n<li><a href=\"https:\/\/airportsmokinglounge.com\/es\/fumar-en-aeropuertos-en-asia\/\">Asia<\/a><\/li>\n<li><a href=\"https:\/\/airportsmokinglounge.com\/es\/fumar-en-aeropuertos-en-oceania\/\">Ocean\u00eda<\/a><\/li>\n<li><a href=\"https:\/\/airportsmokinglounge.com\/es\/fumar-en-los-aeropuertos-en-africa\/\">\u00c1frica<\/a><\/li>\n<\/ul>\n<\/div>\n<\/div>\n<\/div>\n<\/div>\n<p>&nbsp;<\/p>\n<footer id=\"site-footer\" class=\"site-footer\">\n<div class=\"hfg_footer\">\n<div id=\"cb-row--footer-top\" class=\"footer--row footer-top layout-full-contained\" data-row-id=\"top\" data-show-on=\"desktop\">\n<div class=\"footer--row-inner footer-top-inner footer-content-wrap\">\n<div class=\"container\">\n<div class=\"hfg-grid nv-footer-content hfg-grid-top row--wrapper row\" data-section=\"hfg_footer_layout_top\">\n<div class=\"hfg-slot left\">\n<div class=\"builder-item desktop-left tablet-left mobile-left\">\n<div class=\"item--inner builder-item--footer-one-widgets\" data-section=\"neve_sidebar-widgets-footer-one-widgets\" data-item-id=\"footer-one-widgets\">\n<div class=\"widget-area\"><\/div>\n<\/div>\n<\/div>\n<\/div>\n<\/div>\n<\/div>\n<\/div>\n<\/div>\n<\/div>\n<\/footer>","protected":false},"excerpt":{"rendered":"<p>De acuerdo con la legislaci\u00f3n nacional sobre tabaco, no se permite fumar en ninguna terminal ni en ning\u00fan recinto de los aeropuertos de Chipre. Esto incluye el Aeropuerto Internacional de L\u00e1rnaca y el Aeropuerto Internacional de Pafos, los dos principales aeropuertos de Chipre. Sin embargo, ambos aeropuertos cuentan con zonas designadas para fumadores ubicadas fuera de las terminales, a las que se puede acceder antes de\u2026&nbsp;<a href=\"https:\/\/airportsmokinglounge.com\/es\/zonas-para-fumar-en-aeropuertos-de-chipre\/\" rel=\"bookmark\">Leer m\u00e1s &quot;<span class=\"screen-reader-text\">Zonas para fumadores en los aeropuertos de Chipre<\/span><\/a><\/p>","protected":false},"author":1,"featured_media":1199,"parent":0,"menu_order":0,"comment_status":"closed","ping_status":"closed","template":"","meta":{"neve_meta_sidebar":"","neve_meta_container":"","neve_meta_enable_content_width":"off","neve_meta_content_width":100,"neve_meta_title_alignment":"","neve_meta_author_avatar":"","neve_post_elements_order":"","neve_meta_disable_header":"","neve_meta_disable_footer":"","neve_meta_disable_title":"","neve_meta_reading_time":"","footnotes":""},"class_list":["post-150","page","type-page","status-publish","has-post-thumbnail","hentry"],"yoast_head":"<!-- This site is optimized with the Yoast SEO plugin v26.6 - https:\/\/yoast.com\/wordpress\/plugins\/seo\/ -->\n<title>Smoking areas in Cyprus airports - airportsmokinglounge.com<\/title>\n<meta name=\"description\" content=\"Smoking Areas in Cyprus Airports - Your Ultimate Guide to Finding a Place to Smoke \u2714\ufe0e Find Your Next Smoke Break Spot \u2714\ufe0e\" \/>\n<meta name=\"robots\" content=\"index, follow, max-snippet:-1, max-image-preview:large, max-video-preview:-1\" \/>\n<link rel=\"canonical\" href=\"https:\/\/airportsmokinglounge.com\/es\/zonas-para-fumar-en-aeropuertos-de-chipre\/\" \/>\n<meta property=\"og:locale\" content=\"es_ES\" \/>\n<meta property=\"og:type\" content=\"article\" \/>\n<meta property=\"og:title\" content=\"Smoking areas in Cyprus airports - airportsmokinglounge.com\" \/>\n<meta property=\"og:description\" content=\"Smoking Areas in Cyprus Airports - Your Ultimate Guide to Finding a Place to Smoke \u2714\ufe0e Find Your Next Smoke Break Spot \u2714\ufe0e\" \/>\n<meta property=\"og:url\" content=\"https:\/\/airportsmokinglounge.com\/es\/zonas-para-fumar-en-aeropuertos-de-chipre\/\" \/>\n<meta property=\"og:site_name\" content=\"airportsmokinglounge.com\" \/>\n<meta property=\"article:modified_time\" content=\"2023-05-25T10:02:32+00:00\" \/>\n<meta property=\"og:image\" content=\"https:\/\/airportsmokinglounge.com\/wp-content\/uploads\/2023\/03\/airport-smoking-lounge-4.jpg\" \/>\n\t<meta property=\"og:image:width\" content=\"2048\" \/>\n\t<meta property=\"og:image:height\" content=\"1152\" \/>\n\t<meta property=\"og:image:type\" content=\"image\/jpeg\" \/>\n<meta name=\"twitter:card\" content=\"summary_large_image\" \/>\n<meta name=\"twitter:label1\" content=\"Tiempo de lectura\" \/>\n\t<meta name=\"twitter:data1\" content=\"2 minutos\" \/>\n<script type=\"application\/ld+json\" class=\"yoast-schema-graph\">{\"@context\":\"https:\/\/schema.org\",\"@graph\":[{\"@type\":\"WebPage\",\"@id\":\"https:\/\/airportsmokinglounge.com\/smoking-areas-in-cyprus-airports\/\",\"url\":\"https:\/\/airportsmokinglounge.com\/smoking-areas-in-cyprus-airports\/\",\"name\":\"Smoking areas in Cyprus airports - airportsmokinglounge.com\",\"isPartOf\":{\"@id\":\"https:\/\/airportsmokinglounge.com\/#website\"},\"primaryImageOfPage\":{\"@id\":\"https:\/\/airportsmokinglounge.com\/smoking-areas-in-cyprus-airports\/#primaryimage\"},\"image\":{\"@id\":\"https:\/\/airportsmokinglounge.com\/smoking-areas-in-cyprus-airports\/#primaryimage\"},\"thumbnailUrl\":\"https:\/\/airportsmokinglounge.com\/wp-content\/uploads\/2023\/03\/airport-smoking-lounge-4.jpg\",\"datePublished\":\"2023-02-23T17:30:27+00:00\",\"dateModified\":\"2023-05-25T10:02:32+00:00\",\"description\":\"Smoking Areas in Cyprus Airports - Your Ultimate Guide to Finding a Place to Smoke \u2714\ufe0e Find Your Next Smoke Break Spot \u2714\ufe0e\",\"breadcrumb\":{\"@id\":\"https:\/\/airportsmokinglounge.com\/smoking-areas-in-cyprus-airports\/#breadcrumb\"},\"inLanguage\":\"es\",\"potentialAction\":[{\"@type\":\"ReadAction\",\"target\":[\"https:\/\/airportsmokinglounge.com\/smoking-areas-in-cyprus-airports\/\"]}]},{\"@type\":\"ImageObject\",\"inLanguage\":\"es\",\"@id\":\"https:\/\/airportsmokinglounge.com\/smoking-areas-in-cyprus-airports\/#primaryimage\",\"url\":\"https:\/\/airportsmokinglounge.com\/wp-content\/uploads\/2023\/03\/airport-smoking-lounge-4.jpg\",\"contentUrl\":\"https:\/\/airportsmokinglounge.com\/wp-content\/uploads\/2023\/03\/airport-smoking-lounge-4.jpg\",\"width\":2048,\"height\":1152,\"caption\":\"Airport Smoking\"},{\"@type\":\"BreadcrumbList\",\"@id\":\"https:\/\/airportsmokinglounge.com\/smoking-areas-in-cyprus-airports\/#breadcrumb\",\"itemListElement\":[{\"@type\":\"ListItem\",\"position\":1,\"name\":\"Home\",\"item\":\"https:\/\/airportsmokinglounge.com\/\"},{\"@type\":\"ListItem\",\"position\":2,\"name\":\"Smoking areas in Cyprus airports\"}]},{\"@type\":\"WebSite\",\"@id\":\"https:\/\/airportsmokinglounge.com\/#website\",\"url\":\"https:\/\/airportsmokinglounge.com\/\",\"name\":\"airportsmokinglounge.com\",\"description\":\"\",\"potentialAction\":[{\"@type\":\"SearchAction\",\"target\":{\"@type\":\"EntryPoint\",\"urlTemplate\":\"https:\/\/airportsmokinglounge.com\/?s={search_term_string}\"},\"query-input\":{\"@type\":\"PropertyValueSpecification\",\"valueRequired\":true,\"valueName\":\"search_term_string\"}}],\"inLanguage\":\"es\"}]}<\/script>\n<!-- \/ Yoast SEO plugin. -->","yoast_head_json":{"title":"Zonas para fumadores en los aeropuertos de Chipre - Airportsmokinglounge.com","description":"\u00c1reas para fumadores en los aeropuertos de Chipre: su gu\u00eda definitiva para encontrar un lugar para fumar \u2714\ufe0e Encuentre su pr\u00f3ximo lugar para fumar \u2714\ufe0e","robots":{"index":"index","follow":"follow","max-snippet":"max-snippet:-1","max-image-preview":"max-image-preview:large","max-video-preview":"max-video-preview:-1"},"canonical":"https:\/\/airportsmokinglounge.com\/es\/zonas-para-fumar-en-aeropuertos-de-chipre\/","og_locale":"es_ES","og_type":"article","og_title":"Smoking areas in Cyprus airports - airportsmokinglounge.com","og_description":"Smoking Areas in Cyprus Airports - Your Ultimate Guide to Finding a Place to Smoke \u2714\ufe0e Find Your Next Smoke Break Spot \u2714\ufe0e","og_url":"https:\/\/airportsmokinglounge.com\/es\/zonas-para-fumar-en-aeropuertos-de-chipre\/","og_site_name":"airportsmokinglounge.com","article_modified_time":"2023-05-25T10:02:32+00:00","og_image":[{"width":2048,"height":1152,"url":"https:\/\/airportsmokinglounge.com\/wp-content\/uploads\/2023\/03\/airport-smoking-lounge-4.jpg","type":"image\/jpeg"}],"twitter_card":"summary_large_image","twitter_misc":{"Tiempo de lectura":"2 minutos"},"schema":{"@context":"https:\/\/schema.org","@graph":[{"@type":"WebPage","@id":"https:\/\/airportsmokinglounge.com\/smoking-areas-in-cyprus-airports\/","url":"https:\/\/airportsmokinglounge.com\/smoking-areas-in-cyprus-airports\/","name":"Zonas para fumadores en los aeropuertos de Chipre - Airportsmokinglounge.com","isPartOf":{"@id":"https:\/\/airportsmokinglounge.com\/#website"},"primaryImageOfPage":{"@id":"https:\/\/airportsmokinglounge.com\/smoking-areas-in-cyprus-airports\/#primaryimage"},"image":{"@id":"https:\/\/airportsmokinglounge.com\/smoking-areas-in-cyprus-airports\/#primaryimage"},"thumbnailUrl":"https:\/\/airportsmokinglounge.com\/wp-content\/uploads\/2023\/03\/airport-smoking-lounge-4.jpg","datePublished":"2023-02-23T17:30:27+00:00","dateModified":"2023-05-25T10:02:32+00:00","description":"\u00c1reas para fumadores en los aeropuertos de Chipre: su gu\u00eda definitiva para encontrar un lugar para fumar \u2714\ufe0e Encuentre su pr\u00f3ximo lugar para fumar \u2714\ufe0e","breadcrumb":{"@id":"https:\/\/airportsmokinglounge.com\/smoking-areas-in-cyprus-airports\/#breadcrumb"},"inLanguage":"es","potentialAction":[{"@type":"ReadAction","target":["https:\/\/airportsmokinglounge.com\/smoking-areas-in-cyprus-airports\/"]}]},{"@type":"ImageObject","inLanguage":"es","@id":"https:\/\/airportsmokinglounge.com\/smoking-areas-in-cyprus-airports\/#primaryimage","url":"https:\/\/airportsmokinglounge.com\/wp-content\/uploads\/2023\/03\/airport-smoking-lounge-4.jpg","contentUrl":"https:\/\/airportsmokinglounge.com\/wp-content\/uploads\/2023\/03\/airport-smoking-lounge-4.jpg","width":2048,"height":1152,"caption":"Airport Smoking"},{"@type":"BreadcrumbList","@id":"https:\/\/airportsmokinglounge.com\/smoking-areas-in-cyprus-airports\/#breadcrumb","itemListElement":[{"@type":"ListItem","position":1,"name":"Home","item":"https:\/\/airportsmokinglounge.com\/"},{"@type":"ListItem","position":2,"name":"Smoking areas in Cyprus airports"}]},{"@type":"WebSite","@id":"https:\/\/airportsmokinglounge.com\/#website","url":"https:\/\/airportsmokinglounge.com\/","name":"aeropuertofumarlounge.com","description":"","potentialAction":[{"@type":"SearchAction","target":{"@type":"EntryPoint","urlTemplate":"https:\/\/airportsmokinglounge.com\/?s={search_term_string}"},"query-input":{"@type":"PropertyValueSpecification","valueRequired":true,"valueName":"search_term_string"}}],"inLanguage":"es"}]}},"_links":{"self":[{"href":"https:\/\/airportsmokinglounge.com\/es\/wp-json\/wp\/v2\/pages\/150","targetHints":{"allow":["GET"]}}],"collection":[{"href":"https:\/\/airportsmokinglounge.com\/es\/wp-json\/wp\/v2\/pages"}],"about":[{"href":"https:\/\/airportsmokinglounge.com\/es\/wp-json\/wp\/v2\/types\/page"}],"author":[{"embeddable":true,"href":"https:\/\/airportsmokinglounge.com\/es\/wp-json\/wp\/v2\/users\/1"}],"replies":[{"embeddable":true,"href":"https:\/\/airportsmokinglounge.com\/es\/wp-json\/wp\/v2\/comments?post=150"}],"version-history":[{"count":7,"href":"https:\/\/airportsmokinglounge.com\/es\/wp-json\/wp\/v2\/pages\/150\/revisions"}],"predecessor-version":[{"id":6114,"href":"https:\/\/airportsmokinglounge.com\/es\/wp-json\/wp\/v2\/pages\/150\/revisions\/6114"}],"wp:featuredmedia":[{"embeddable":true,"href":"https:\/\/airportsmokinglounge.com\/es\/wp-json\/wp\/v2\/media\/1199"}],"wp:attachment":[{"href":"https:\/\/airportsmokinglounge.com\/es\/wp-json\/wp\/v2\/media?parent=150"}],"curies":[{"name":"gracias","href":"https:\/\/api.w.org\/{rel}","templated":true}]}}