{"id":233,"date":"2023-02-28T23:24:45","date_gmt":"2023-02-28T22:24:45","guid":{"rendered":"https:\/\/airportsmokinglounge.com\/?page_id=233"},"modified":"2023-05-22T16:42:03","modified_gmt":"2023-05-22T14:42:03","slug":"smoking-areas-in-honduras-airports","status":"publish","type":"page","link":"https:\/\/airportsmokinglounge.com\/es\/zonas-para-fumar-en-aeropuertos-de-honduras\/","title":{"rendered":"Zonas para fumadores en los aeropuertos de Honduras"},"content":{"rendered":"<p>Honduras tiene varios aeropuertos, que van desde peque\u00f1os aeropuertos regionales hasta centros internacionales m\u00e1s grandes.<\/p>\n<p>En este sitio web puede encontrar todas las \u00e1reas para fumadores en los aeropuertos, incluidas las \u00e1reas designadas para fumadores y las instalaciones disponibles. Entendemos la frustraci\u00f3n de pasar por seguridad solo para descubrir que no hay \u00e1reas para fumadores en ninguna parte y, en algunos casos, es posible que no se permitan los cigarrillos electr\u00f3nicos.<\/p>\n<p>Este servicio es para todos los fumadores que quieran disfrutar de un cigarrillo antes o despu\u00e9s de vuelos largos.<\/p>\n<h2>Aeropuertos en Honduras<\/h2>\n<ul style=\"list-style-type: circle;\">\n<li><a href=\"https:\/\/airportsmokinglounge.com\/es\/areas-para-fumar-en-san-pedro-sula-ramon-villeda-morales-aeropuerto-internacional-sap\/\">SAN PEDRO SULA \u2013 AEROPUERTO INTERNACIONAL RAM\u00d3N VILLEDA MORALES (SAP)<\/a><\/li>\n<li><a href=\"https:\/\/airportsmokinglounge.com\/es\/areas-para-fumar-en-el-aeropuerto-internacional-toncontin-tgu\/\">AEROPUERTO INTERNACIONAL TONCONT\u00cdN (TGU)<\/a><\/li>\n<li><a href=\"https:\/\/airportsmokinglounge.com\/es\/zonas-de-fumadores-en-la-isla-de-roatan-aeropuerto-internacional-juan-manuel-galvez-rtb\/\">ISLA DE ROATAN \u2013 AEROPUERTO INTERNACIONAL JUAN MANUEL GALVEZ (RTB)<\/a><\/li>\n<li><a href=\"https:\/\/airportsmokinglounge.com\/es\/areas-para-fumar-en-la-ceiba-aeropuerto-internacional-goloson-lce\/\">AEROPUERTO INTERNACIONAL LA CEIBA \u2013 GOLOSON (LCE)<\/a><\/li>\n<\/ul>\n<div class=\"group w-full text-gray-800 dark:text-gray-100 border-b border-black\/10 dark:border-gray-900\/50 bg-gray-50 dark:bg-[#444654]\">\n<div class=\"flex p-4 gap-4 text-base md:gap-6 md:max-w-2xl lg:max-w-xl xl:max-w-3xl md:py-6 lg:px-0 m-auto\">\n<div class=\"relative flex flex-col w-[calc(100%-50px)] gap-1 md:gap-3 lg:w-[calc(100%-115px)]\">\n<div class=\"flex flex-grow flex-col gap-3\">\n<div class=\"min-h-[20px] flex flex-col items-start gap-4 whitespace-pre-wrap break-words\">\n<div class=\"markdown prose w-full break-words dark:prose-invert light\">\n<h2>Ley de Tabaquismo de Honduras<\/h2>\n<p>Honduras ha implementado regulaciones sobre el tabaquismo para proteger la salud p\u00fablica y reducir el consumo de tabaco. Sin embargo, tenga en cuenta que las leyes y regulaciones sobre fumar pueden cambiar con el tiempo, por lo que es recomendable consultar la legislaci\u00f3n m\u00e1s reciente o consultar a las autoridades locales para obtener la informaci\u00f3n m\u00e1s actualizada sobre las leyes sobre fumar en Honduras.<\/p>\n<p>En Honduras, generalmente est\u00e1 prohibido fumar en ciertos lugares p\u00fablicos cerrados, incluidos edificios gubernamentales, centros de salud, instituciones educativas y transporte p\u00fablico. La ley tambi\u00e9n puede restringir fumar en \u00e1reas designadas como zonas de no fumadores, como espacios p\u00fablicos cerrados y \u00e1reas cercanas a las entradas y salidas de edificios p\u00fablicos.<\/p>\n<p>En Honduras est\u00e1 prohibida la venta de productos de tabaco a menores de 18 a\u00f1os. Adem\u00e1s, el pa\u00eds ha implementado regulaciones sobre publicidad, promoci\u00f3n y patrocinio del tabaco.<\/p>\n<p>Honduras ha tomado medidas para aumentar la conciencia p\u00fablica sobre los riesgos para la salud asociados con el tabaquismo a trav\u00e9s de campa\u00f1as de salud y advertencias en los paquetes de cigarrillos. El pa\u00eds tambi\u00e9n ha implementado advertencias sanitarias gr\u00e1ficas pict\u00f3ricas en los envases de productos de tabaco.<\/p>\n<p>Por lo general, las autoridades competentes supervisan el cumplimiento de las leyes sobre fumar y las infracciones pueden dar lugar a multas u otras sanciones.<\/p>\n<p>Para obtener la informaci\u00f3n m\u00e1s precisa y actualizada sobre las leyes sobre fumar de Honduras, se recomienda consultar la legislaci\u00f3n m\u00e1s reciente o comunicarse con las autoridades locales u organizaciones de salud.<\/p>\n<\/div>\n<\/div>\n<\/div>\n<\/div>\n<\/div>\n<\/div>\n<p><strong>M\u00e1s Aeropuerto Zonas de fumadores\u00a0<\/strong><\/p>\n<ul>\n<li><a href=\"https:\/\/airportsmokinglounge.com\/es\/fumar-en-los-aeropuertos-de-norteamerica\/\">Am\u00e9rica del norte<\/a><\/li>\n<li><a href=\"https:\/\/airportsmokinglounge.com\/es\/fumar-en-los-aeropuertos-de-america-del-sur\/\">Sudamerica<\/a><\/li>\n<li><a href=\"https:\/\/airportsmokinglounge.com\/es\/zonas-de-fumadores-en-aeropuertos-europeos\/\">Europa<\/a><\/li>\n<li><a href=\"https:\/\/airportsmokinglounge.com\/es\/fumar-en-aeropuertos-en-asia\/\">Asia<\/a><\/li>\n<li><a href=\"https:\/\/airportsmokinglounge.com\/es\/fumar-en-aeropuertos-en-oceania\/\">Ocean\u00eda<\/a><\/li>\n<\/ul>","protected":false},"excerpt":{"rendered":"<p>Honduras cuenta con varios aeropuertos, desde peque\u00f1os aeropuertos regionales hasta grandes centros internacionales. En este sitio web encontrar\u00e1 todas las zonas para fumadores en los aeropuertos, incluyendo las designadas y las instalaciones disponibles. Entendemos la frustraci\u00f3n de pasar por el control de seguridad y descubrir que no hay zonas para fumadores en ning\u00fan lugar, y en algunos casos, los cigarrillos electr\u00f3nicos pueden\u2026&nbsp;<a href=\"https:\/\/airportsmokinglounge.com\/es\/zonas-para-fumar-en-aeropuertos-de-honduras\/\" rel=\"bookmark\">Leer m\u00e1s &quot;<span class=\"screen-reader-text\">Zonas para fumadores en los aeropuertos de Honduras<\/span><\/a><\/p>","protected":false},"author":1,"featured_media":1199,"parent":0,"menu_order":0,"comment_status":"closed","ping_status":"closed","template":"","meta":{"neve_meta_sidebar":"","neve_meta_container":"","neve_meta_enable_content_width":"off","neve_meta_content_width":100,"neve_meta_title_alignment":"","neve_meta_author_avatar":"","neve_post_elements_order":"","neve_meta_disable_header":"","neve_meta_disable_footer":"","neve_meta_disable_title":"","neve_meta_reading_time":"","footnotes":""},"class_list":["post-233","page","type-page","status-publish","has-post-thumbnail","hentry"],"yoast_head":"<!-- This site is optimized with the Yoast SEO plugin v26.6 - https:\/\/yoast.com\/wordpress\/plugins\/seo\/ -->\n<title>Smoking areas in Honduras airports - airportsmokinglounge.com<\/title>\n<meta name=\"description\" content=\"Smoking areas at Honduras airports - Find Your Next Smoke Break Spot \u2714\ufe0e - Your Ultimate Guide to Finding a Place to Smoke at the airport \u2714\ufe0e\" \/>\n<meta name=\"robots\" content=\"index, follow, max-snippet:-1, max-image-preview:large, max-video-preview:-1\" \/>\n<link rel=\"canonical\" href=\"https:\/\/airportsmokinglounge.com\/es\/zonas-para-fumar-en-aeropuertos-de-honduras\/\" \/>\n<meta property=\"og:locale\" content=\"es_ES\" \/>\n<meta property=\"og:type\" content=\"article\" \/>\n<meta property=\"og:title\" content=\"Smoking areas in Honduras airports - airportsmokinglounge.com\" \/>\n<meta property=\"og:description\" content=\"Smoking areas at Honduras airports - Find Your Next Smoke Break Spot \u2714\ufe0e - Your Ultimate Guide to Finding a Place to Smoke at the airport \u2714\ufe0e\" \/>\n<meta property=\"og:url\" content=\"https:\/\/airportsmokinglounge.com\/es\/zonas-para-fumar-en-aeropuertos-de-honduras\/\" \/>\n<meta property=\"og:site_name\" content=\"airportsmokinglounge.com\" \/>\n<meta property=\"article:modified_time\" content=\"2023-05-22T14:42:03+00:00\" \/>\n<meta property=\"og:image\" content=\"https:\/\/airportsmokinglounge.com\/wp-content\/uploads\/2023\/03\/airport-smoking-lounge-4.jpg\" \/>\n\t<meta property=\"og:image:width\" content=\"2048\" \/>\n\t<meta property=\"og:image:height\" content=\"1152\" \/>\n\t<meta property=\"og:image:type\" content=\"image\/jpeg\" \/>\n<meta name=\"twitter:card\" content=\"summary_large_image\" \/>\n<meta name=\"twitter:label1\" content=\"Tiempo de lectura\" \/>\n\t<meta name=\"twitter:data1\" content=\"2 minutos\" \/>\n<script type=\"application\/ld+json\" class=\"yoast-schema-graph\">{\"@context\":\"https:\/\/schema.org\",\"@graph\":[{\"@type\":\"WebPage\",\"@id\":\"https:\/\/airportsmokinglounge.com\/smoking-areas-in-honduras-airports\/\",\"url\":\"https:\/\/airportsmokinglounge.com\/smoking-areas-in-honduras-airports\/\",\"name\":\"Smoking areas in Honduras airports - airportsmokinglounge.com\",\"isPartOf\":{\"@id\":\"https:\/\/airportsmokinglounge.com\/#website\"},\"primaryImageOfPage\":{\"@id\":\"https:\/\/airportsmokinglounge.com\/smoking-areas-in-honduras-airports\/#primaryimage\"},\"image\":{\"@id\":\"https:\/\/airportsmokinglounge.com\/smoking-areas-in-honduras-airports\/#primaryimage\"},\"thumbnailUrl\":\"https:\/\/airportsmokinglounge.com\/wp-content\/uploads\/2023\/03\/airport-smoking-lounge-4.jpg\",\"datePublished\":\"2023-02-28T22:24:45+00:00\",\"dateModified\":\"2023-05-22T14:42:03+00:00\",\"description\":\"Smoking areas at Honduras airports - Find Your Next Smoke Break Spot \u2714\ufe0e - Your Ultimate Guide to Finding a Place to Smoke at the airport \u2714\ufe0e\",\"breadcrumb\":{\"@id\":\"https:\/\/airportsmokinglounge.com\/smoking-areas-in-honduras-airports\/#breadcrumb\"},\"inLanguage\":\"es\",\"potentialAction\":[{\"@type\":\"ReadAction\",\"target\":[\"https:\/\/airportsmokinglounge.com\/smoking-areas-in-honduras-airports\/\"]}]},{\"@type\":\"ImageObject\",\"inLanguage\":\"es\",\"@id\":\"https:\/\/airportsmokinglounge.com\/smoking-areas-in-honduras-airports\/#primaryimage\",\"url\":\"https:\/\/airportsmokinglounge.com\/wp-content\/uploads\/2023\/03\/airport-smoking-lounge-4.jpg\",\"contentUrl\":\"https:\/\/airportsmokinglounge.com\/wp-content\/uploads\/2023\/03\/airport-smoking-lounge-4.jpg\",\"width\":2048,\"height\":1152,\"caption\":\"Airport Smoking\"},{\"@type\":\"BreadcrumbList\",\"@id\":\"https:\/\/airportsmokinglounge.com\/smoking-areas-in-honduras-airports\/#breadcrumb\",\"itemListElement\":[{\"@type\":\"ListItem\",\"position\":1,\"name\":\"Home\",\"item\":\"https:\/\/airportsmokinglounge.com\/\"},{\"@type\":\"ListItem\",\"position\":2,\"name\":\"Smoking areas in Honduras airports\"}]},{\"@type\":\"WebSite\",\"@id\":\"https:\/\/airportsmokinglounge.com\/#website\",\"url\":\"https:\/\/airportsmokinglounge.com\/\",\"name\":\"airportsmokinglounge.com\",\"description\":\"\",\"potentialAction\":[{\"@type\":\"SearchAction\",\"target\":{\"@type\":\"EntryPoint\",\"urlTemplate\":\"https:\/\/airportsmokinglounge.com\/?s={search_term_string}\"},\"query-input\":{\"@type\":\"PropertyValueSpecification\",\"valueRequired\":true,\"valueName\":\"search_term_string\"}}],\"inLanguage\":\"es\"}]}<\/script>\n<!-- \/ Yoast SEO plugin. -->","yoast_head_json":{"title":"Zonas para fumadores en los aeropuertos de Honduras - Airportsmokinglounge.com","description":"\u00c1reas para fumadores en los aeropuertos de Honduras - Encuentre su pr\u00f3ximo lugar para fumar \u2714\ufe0e - Su gu\u00eda definitiva para encontrar un lugar para fumar en el aeropuerto \u2714\ufe0e","robots":{"index":"index","follow":"follow","max-snippet":"max-snippet:-1","max-image-preview":"max-image-preview:large","max-video-preview":"max-video-preview:-1"},"canonical":"https:\/\/airportsmokinglounge.com\/es\/zonas-para-fumar-en-aeropuertos-de-honduras\/","og_locale":"es_ES","og_type":"article","og_title":"Smoking areas in Honduras airports - airportsmokinglounge.com","og_description":"Smoking areas at Honduras airports - Find Your Next Smoke Break Spot \u2714\ufe0e - Your Ultimate Guide to Finding a Place to Smoke at the airport \u2714\ufe0e","og_url":"https:\/\/airportsmokinglounge.com\/es\/zonas-para-fumar-en-aeropuertos-de-honduras\/","og_site_name":"airportsmokinglounge.com","article_modified_time":"2023-05-22T14:42:03+00:00","og_image":[{"width":2048,"height":1152,"url":"https:\/\/airportsmokinglounge.com\/wp-content\/uploads\/2023\/03\/airport-smoking-lounge-4.jpg","type":"image\/jpeg"}],"twitter_card":"summary_large_image","twitter_misc":{"Tiempo de lectura":"2 minutos"},"schema":{"@context":"https:\/\/schema.org","@graph":[{"@type":"WebPage","@id":"https:\/\/airportsmokinglounge.com\/smoking-areas-in-honduras-airports\/","url":"https:\/\/airportsmokinglounge.com\/smoking-areas-in-honduras-airports\/","name":"Zonas para fumadores en los aeropuertos de Honduras - Airportsmokinglounge.com","isPartOf":{"@id":"https:\/\/airportsmokinglounge.com\/#website"},"primaryImageOfPage":{"@id":"https:\/\/airportsmokinglounge.com\/smoking-areas-in-honduras-airports\/#primaryimage"},"image":{"@id":"https:\/\/airportsmokinglounge.com\/smoking-areas-in-honduras-airports\/#primaryimage"},"thumbnailUrl":"https:\/\/airportsmokinglounge.com\/wp-content\/uploads\/2023\/03\/airport-smoking-lounge-4.jpg","datePublished":"2023-02-28T22:24:45+00:00","dateModified":"2023-05-22T14:42:03+00:00","description":"\u00c1reas para fumadores en los aeropuertos de Honduras - Encuentre su pr\u00f3ximo lugar para fumar \u2714\ufe0e - Su gu\u00eda definitiva para encontrar un lugar para fumar en el aeropuerto \u2714\ufe0e","breadcrumb":{"@id":"https:\/\/airportsmokinglounge.com\/smoking-areas-in-honduras-airports\/#breadcrumb"},"inLanguage":"es","potentialAction":[{"@type":"ReadAction","target":["https:\/\/airportsmokinglounge.com\/smoking-areas-in-honduras-airports\/"]}]},{"@type":"ImageObject","inLanguage":"es","@id":"https:\/\/airportsmokinglounge.com\/smoking-areas-in-honduras-airports\/#primaryimage","url":"https:\/\/airportsmokinglounge.com\/wp-content\/uploads\/2023\/03\/airport-smoking-lounge-4.jpg","contentUrl":"https:\/\/airportsmokinglounge.com\/wp-content\/uploads\/2023\/03\/airport-smoking-lounge-4.jpg","width":2048,"height":1152,"caption":"Airport Smoking"},{"@type":"BreadcrumbList","@id":"https:\/\/airportsmokinglounge.com\/smoking-areas-in-honduras-airports\/#breadcrumb","itemListElement":[{"@type":"ListItem","position":1,"name":"Home","item":"https:\/\/airportsmokinglounge.com\/"},{"@type":"ListItem","position":2,"name":"Smoking areas in Honduras airports"}]},{"@type":"WebSite","@id":"https:\/\/airportsmokinglounge.com\/#website","url":"https:\/\/airportsmokinglounge.com\/","name":"aeropuertofumarlounge.com","description":"","potentialAction":[{"@type":"SearchAction","target":{"@type":"EntryPoint","urlTemplate":"https:\/\/airportsmokinglounge.com\/?s={search_term_string}"},"query-input":{"@type":"PropertyValueSpecification","valueRequired":true,"valueName":"search_term_string"}}],"inLanguage":"es"}]}},"_links":{"self":[{"href":"https:\/\/airportsmokinglounge.com\/es\/wp-json\/wp\/v2\/pages\/233","targetHints":{"allow":["GET"]}}],"collection":[{"href":"https:\/\/airportsmokinglounge.com\/es\/wp-json\/wp\/v2\/pages"}],"about":[{"href":"https:\/\/airportsmokinglounge.com\/es\/wp-json\/wp\/v2\/types\/page"}],"author":[{"embeddable":true,"href":"https:\/\/airportsmokinglounge.com\/es\/wp-json\/wp\/v2\/users\/1"}],"replies":[{"embeddable":true,"href":"https:\/\/airportsmokinglounge.com\/es\/wp-json\/wp\/v2\/comments?post=233"}],"version-history":[{"count":5,"href":"https:\/\/airportsmokinglounge.com\/es\/wp-json\/wp\/v2\/pages\/233\/revisions"}],"predecessor-version":[{"id":5694,"href":"https:\/\/airportsmokinglounge.com\/es\/wp-json\/wp\/v2\/pages\/233\/revisions\/5694"}],"wp:featuredmedia":[{"embeddable":true,"href":"https:\/\/airportsmokinglounge.com\/es\/wp-json\/wp\/v2\/media\/1199"}],"wp:attachment":[{"href":"https:\/\/airportsmokinglounge.com\/es\/wp-json\/wp\/v2\/media?parent=233"}],"curies":[{"name":"gracias","href":"https:\/\/api.w.org\/{rel}","templated":true}]}}