{"id":2334,"date":"2023-04-13T08:53:42","date_gmt":"2023-04-13T06:53:42","guid":{"rendered":"https:\/\/airportsmokinglounge.com\/?page_id=2334"},"modified":"2023-05-09T16:20:29","modified_gmt":"2023-05-09T14:20:29","slug":"smoking-areas-at-freetown-international-airport-fna","status":"publish","type":"page","link":"https:\/\/airportsmokinglounge.com\/es\/zonas-para-fumadores-en-el-aeropuerto-internacional-de-freetown-fna\/","title":{"rendered":"Zonas para fumadores en el Aeropuerto Internacional de Freetown (FNA)"},"content":{"rendered":"<p>El Aeropuerto Internacional de Freetown (FNA), tambi\u00e9n conocido como Aeropuerto Internacional de Lungi, es el principal aeropuerto internacional de Freetown, capital de Sierra Leona. Ubicado en Lungi, en la orilla norte del estuario del r\u00edo Sierra Leona, es un importante centro de transporte para viajes nacionales e internacionales.<\/p>\n<h2>Zonas de fumadores antes del Control de Seguridad<\/h2>\n<ul>\n<li><span style=\"font-size: 14pt;\">Solo se permite fumar fuera de la terminal.<\/span><\/li>\n<\/ul>\n<h2>Zonas de fumadores despu\u00e9s del control de seguridad<\/h2>\n<ul>\n<li><span style=\"font-size: 14pt;\">Actualmente, no hay informaci\u00f3n disponible sobre instalaciones para fumadores dentro del aeropuerto.<\/span><\/li>\n<\/ul>\n<p><span style=\"font-size: 14pt;\">M\u00e1s informaci\u00f3n en el sitio web oficial<\/span><\/p>\n<ul>\n<li><a href=\"http:\/\/freetown-airport.aero\/\" target=\"_blank\" rel=\"noopener\">www.freetown-airport.aero<\/a><\/li>\n<\/ul>\n<p><strong><span style=\"font-size: 14pt;\">Envianos tus comentarios<\/span><\/strong><\/p>\n<p><span style=\"font-size: 14pt;\">Si se encuentra en el aeropuerto de Freetown, le invitamos a enviarnos fotos de las zonas de fumadores. Esto nos ayudar\u00e1 a completar nuestra base de datos m\u00e1s r\u00e1pido. Puede hacerlo. <strong><a href=\"https:\/\/airportsmokinglounge.com\/es\/contacto\/\">Aqu\u00ed<\/a>.<\/strong> Las im\u00e1genes se publican en nuestro sitio web, indicando la fuente de la imagen (nombre). Si\u00e9ntase libre de compartir estas fotos con nosotros y todos los visitantes de airportSmokinglounge.com<\/span>.<\/p>\n<h2>Ley de tabaquismo de Sierra Leona<\/h2>\n<p>Sierra Leona ha implementado regulaciones antitabaco para proteger la salud p\u00fablica y reducir el consumo de tabaco. Sin embargo, tenga en cuenta que las leyes y regulaciones antitabaco pueden cambiar con el tiempo, por lo que se recomienda consultar la legislaci\u00f3n m\u00e1s reciente o a las autoridades locales para obtener la informaci\u00f3n m\u00e1s actualizada sobre las leyes antitabaco en Sierra Leona.<\/p>\n<p>En Sierra Leona, fumar est\u00e1 generalmente prohibido en ciertos espacios p\u00fablicos cerrados, como edificios gubernamentales, centros de salud, instituciones educativas y transporte p\u00fablico. La ley tambi\u00e9n puede restringir fumar en zonas designadas como no fumadores, como espacios p\u00fablicos cerrados y zonas cercanas a las entradas y salidas de edificios p\u00fablicos.<\/p>\n<p>En Sierra Leona, la venta de productos de tabaco a menores de 18 a\u00f1os suele estar prohibida. Adem\u00e1s, la publicidad, la promoci\u00f3n y el patrocinio del tabaco pueden estar regulados o restringidos.<\/p>\n<p>Sierra Leona ha realizado esfuerzos para aumentar la conciencia p\u00fablica sobre los riesgos para la salud asociados con el h\u00e1bito de fumar mediante campa\u00f1as sanitarias y advertencias en los paquetes de cigarrillos.<\/p>\n<p>Por lo general, las autoridades competentes supervisan el cumplimiento de las leyes sobre fumar y las infracciones pueden dar lugar a multas u otras sanciones.<\/p>\n<p>Para obtener informaci\u00f3n m\u00e1s precisa y actualizada sobre las leyes antitabaco de Sierra Leona, se recomienda consultar la legislaci\u00f3n m\u00e1s reciente o comunicarse con las autoridades locales u organizaciones de salud.<\/p>\n<h3>Preguntas frecuentes<\/h3>\n<h4>\u00bfLas \u00e1reas para fumadores del aeropuerto est\u00e1n disponibles las 24 horas, los 7 d\u00edas de la semana?<\/h4>\n<p>La disponibilidad de \u00e1reas para fumadores en los aeropuertos puede variar seg\u00fan el aeropuerto y la ubicaci\u00f3n. Algunas \u00e1reas para fumadores est\u00e1n abiertas las 24 horas del d\u00eda, mientras que otras pueden tener horarios restringidos o estar cerradas durante ciertos horarios. Lo mejor es consultar con el aeropuerto o visitar su sitio web para obtener informaci\u00f3n espec\u00edfica sobre las horas de operaci\u00f3n del \u00e1rea para fumadores.<\/p>\n<h4>\u00bfEst\u00e1 permitido llevar mi propia comida y bebida a la zona de fumadores?<\/h4>\n<p>Esto puede depender de la zona espec\u00edfica para fumadores y del aeropuerto. Algunas \u00e1reas para fumadores pueden permitir alimentos y bebidas del exterior, mientras que otras pueden tener restricciones o prohibirlas por completo. Lo mejor es consultar con el aeropuerto o la se\u00f1alizaci\u00f3n de la zona de fumadores para conocer las normas y reglamentos espec\u00edficos.<\/p>\n<h4>\u00bfEst\u00e1 permitido fumar en todas las \u00e1reas para fumadores del aeropuerto?<\/h4>\n<p>No todas las \u00e1reas para fumadores del aeropuerto pueden permitir fumar. Algunos aeropuertos pueden tener \u00e1reas designadas para cigarrillos electr\u00f3nicos o vapeo, que est\u00e1n separadas de las \u00e1reas tradicionales para fumadores. Aseg\u00farese de verificar las reglas y regulaciones espec\u00edficas para el \u00e1rea para fumadores que planea usar.<\/p>\n<h4>\u00bfLas \u00e1reas para fumadores tienen aire acondicionado o calefacci\u00f3n?<\/h4>\n<p>La temperatura y la ventilaci\u00f3n de las \u00e1reas para fumadores de los aeropuertos pueden variar mucho. Algunos pueden tener aire acondicionado o calefacci\u00f3n, mientras que otros pueden ser espacios al aire libre con protecci\u00f3n limitada contra los elementos. Aseg\u00farese de consultar con el aeropuerto o visitar el \u00e1rea de fumadores con anticipaci\u00f3n para determinar las condiciones y prepararse en consecuencia.<\/p>\n<h4>\u00bfLas \u00e1reas para fumadores son accesibles para viajeros con discapacidades?<\/h4>\n<p>Muchos aeropuertos se han esforzado por hacer que sus \u00e1reas para fumadores sean accesibles para los viajeros con discapacidades. Sin embargo, la accesibilidad de las \u00e1reas espec\u00edficas para fumadores puede variar mucho. Aseg\u00farese de consultar con el aeropuerto o visitar el \u00e1rea de fumadores con anticipaci\u00f3n para determinar si es accesible y satisface sus necesidades.<\/p>\n<p><span style=\"font-size: 14pt;\"><strong>Zonas de fumadores en:<\/strong><\/span><\/p>\n<ul>\n<li><a href=\"https:\/\/airportsmokinglounge.com\/es\/fumar-en-los-aeropuertos-en-africa\/\"><span style=\"font-size: 14pt;\">aeropuertos de africa<\/span><\/a><\/li>\n<\/ul>","protected":false},"excerpt":{"rendered":"<p>Freetown International Airport (FNA), also known as Lungi International Airport, is the main international airport serving Freetown, the capital city of Sierra Leone. Located in Lungi, on the northern side of the Sierra Leone River estuary, it is a key transportation hub for both domestic and international travel. Smoking areas before the Security Check Smoking&hellip;&nbsp;<a href=\"https:\/\/airportsmokinglounge.com\/es\/zonas-para-fumadores-en-el-aeropuerto-internacional-de-freetown-fna\/\" rel=\"bookmark\">Leer m\u00e1s &quot;<span class=\"screen-reader-text\">Zonas para fumadores en el Aeropuerto Internacional de Freetown (FNA)<\/span><\/a><\/p>","protected":false},"author":1,"featured_media":1199,"parent":0,"menu_order":0,"comment_status":"closed","ping_status":"closed","template":"","meta":{"neve_meta_sidebar":"","neve_meta_container":"","neve_meta_enable_content_width":"off","neve_meta_content_width":100,"neve_meta_title_alignment":"","neve_meta_author_avatar":"","neve_post_elements_order":"","neve_meta_disable_header":"","neve_meta_disable_footer":"","neve_meta_disable_title":"","neve_meta_reading_time":"","footnotes":""},"class_list":["post-2334","page","type-page","status-publish","has-post-thumbnail","hentry"],"yoast_head":"<!-- This site is optimized with the Yoast SEO plugin v26.6 - https:\/\/yoast.com\/wordpress\/plugins\/seo\/ -->\n<title>Smoking areas at Freetown International Airport (FNA)<\/title>\n<meta name=\"description\" content=\"Smoking areas Freetown International Airport - Find a smoking area in the airport \u2714\ufe0e Smoking Guide in Airports for Travelers \u2714\ufe0e\" \/>\n<meta name=\"robots\" content=\"index, follow, max-snippet:-1, max-image-preview:large, max-video-preview:-1\" \/>\n<link rel=\"canonical\" href=\"https:\/\/airportsmokinglounge.com\/es\/zonas-para-fumadores-en-el-aeropuerto-internacional-de-freetown-fna\/\" \/>\n<meta property=\"og:locale\" content=\"es_ES\" \/>\n<meta property=\"og:type\" content=\"article\" \/>\n<meta property=\"og:title\" content=\"Smoking areas at Freetown International Airport (FNA)\" \/>\n<meta property=\"og:description\" content=\"Smoking areas Freetown International Airport - Find a smoking area in the airport \u2714\ufe0e Smoking Guide in Airports for Travelers \u2714\ufe0e\" \/>\n<meta property=\"og:url\" content=\"https:\/\/airportsmokinglounge.com\/es\/zonas-para-fumadores-en-el-aeropuerto-internacional-de-freetown-fna\/\" \/>\n<meta property=\"og:site_name\" content=\"airportsmokinglounge.com\" \/>\n<meta property=\"article:modified_time\" content=\"2023-05-09T14:20:29+00:00\" \/>\n<meta property=\"og:image\" content=\"https:\/\/airportsmokinglounge.com\/wp-content\/uploads\/2023\/03\/airport-smoking-lounge-4.jpg\" \/>\n\t<meta property=\"og:image:width\" content=\"2048\" \/>\n\t<meta property=\"og:image:height\" content=\"1152\" \/>\n\t<meta property=\"og:image:type\" content=\"image\/jpeg\" \/>\n<meta name=\"twitter:card\" content=\"summary_large_image\" \/>\n<meta name=\"twitter:label1\" content=\"Tiempo de lectura\" \/>\n\t<meta name=\"twitter:data1\" content=\"3 minutos\" \/>\n<script type=\"application\/ld+json\" class=\"yoast-schema-graph\">{\"@context\":\"https:\/\/schema.org\",\"@graph\":[{\"@type\":\"WebPage\",\"@id\":\"https:\/\/airportsmokinglounge.com\/smoking-areas-at-freetown-international-airport-fna\/\",\"url\":\"https:\/\/airportsmokinglounge.com\/smoking-areas-at-freetown-international-airport-fna\/\",\"name\":\"Smoking areas at Freetown International Airport (FNA)\",\"isPartOf\":{\"@id\":\"https:\/\/airportsmokinglounge.com\/#website\"},\"primaryImageOfPage\":{\"@id\":\"https:\/\/airportsmokinglounge.com\/smoking-areas-at-freetown-international-airport-fna\/#primaryimage\"},\"image\":{\"@id\":\"https:\/\/airportsmokinglounge.com\/smoking-areas-at-freetown-international-airport-fna\/#primaryimage\"},\"thumbnailUrl\":\"https:\/\/airportsmokinglounge.com\/wp-content\/uploads\/2023\/03\/airport-smoking-lounge-4.jpg\",\"datePublished\":\"2023-04-13T06:53:42+00:00\",\"dateModified\":\"2023-05-09T14:20:29+00:00\",\"description\":\"Smoking areas Freetown International Airport - Find a smoking area in the airport \u2714\ufe0e Smoking Guide in Airports for Travelers \u2714\ufe0e\",\"breadcrumb\":{\"@id\":\"https:\/\/airportsmokinglounge.com\/smoking-areas-at-freetown-international-airport-fna\/#breadcrumb\"},\"inLanguage\":\"es\",\"potentialAction\":[{\"@type\":\"ReadAction\",\"target\":[\"https:\/\/airportsmokinglounge.com\/smoking-areas-at-freetown-international-airport-fna\/\"]}]},{\"@type\":\"ImageObject\",\"inLanguage\":\"es\",\"@id\":\"https:\/\/airportsmokinglounge.com\/smoking-areas-at-freetown-international-airport-fna\/#primaryimage\",\"url\":\"https:\/\/airportsmokinglounge.com\/wp-content\/uploads\/2023\/03\/airport-smoking-lounge-4.jpg\",\"contentUrl\":\"https:\/\/airportsmokinglounge.com\/wp-content\/uploads\/2023\/03\/airport-smoking-lounge-4.jpg\",\"width\":2048,\"height\":1152,\"caption\":\"Airport Smoking\"},{\"@type\":\"BreadcrumbList\",\"@id\":\"https:\/\/airportsmokinglounge.com\/smoking-areas-at-freetown-international-airport-fna\/#breadcrumb\",\"itemListElement\":[{\"@type\":\"ListItem\",\"position\":1,\"name\":\"Home\",\"item\":\"https:\/\/airportsmokinglounge.com\/\"},{\"@type\":\"ListItem\",\"position\":2,\"name\":\"Smoking areas at Freetown International Airport (FNA)\"}]},{\"@type\":\"WebSite\",\"@id\":\"https:\/\/airportsmokinglounge.com\/#website\",\"url\":\"https:\/\/airportsmokinglounge.com\/\",\"name\":\"airportsmokinglounge.com\",\"description\":\"\",\"potentialAction\":[{\"@type\":\"SearchAction\",\"target\":{\"@type\":\"EntryPoint\",\"urlTemplate\":\"https:\/\/airportsmokinglounge.com\/?s={search_term_string}\"},\"query-input\":{\"@type\":\"PropertyValueSpecification\",\"valueRequired\":true,\"valueName\":\"search_term_string\"}}],\"inLanguage\":\"es\"}]}<\/script>\n<!-- \/ Yoast SEO plugin. -->","yoast_head_json":{"title":"Zonas para fumadores en el Aeropuerto Internacional de Freetown (FNA)","description":"Zonas de fumadores Aeropuerto Internacional de Freetown - Encuentra una zona de fumadores en el aeropuerto \u2714\ufe0e Gu\u00eda para fumadores en aeropuertos para viajeros \u2714\ufe0e","robots":{"index":"index","follow":"follow","max-snippet":"max-snippet:-1","max-image-preview":"max-image-preview:large","max-video-preview":"max-video-preview:-1"},"canonical":"https:\/\/airportsmokinglounge.com\/es\/zonas-para-fumadores-en-el-aeropuerto-internacional-de-freetown-fna\/","og_locale":"es_ES","og_type":"article","og_title":"Smoking areas at Freetown International Airport (FNA)","og_description":"Smoking areas Freetown International Airport - Find a smoking area in the airport \u2714\ufe0e Smoking Guide in Airports for Travelers \u2714\ufe0e","og_url":"https:\/\/airportsmokinglounge.com\/es\/zonas-para-fumadores-en-el-aeropuerto-internacional-de-freetown-fna\/","og_site_name":"airportsmokinglounge.com","article_modified_time":"2023-05-09T14:20:29+00:00","og_image":[{"width":2048,"height":1152,"url":"https:\/\/airportsmokinglounge.com\/wp-content\/uploads\/2023\/03\/airport-smoking-lounge-4.jpg","type":"image\/jpeg"}],"twitter_card":"summary_large_image","twitter_misc":{"Tiempo de lectura":"3 minutos"},"schema":{"@context":"https:\/\/schema.org","@graph":[{"@type":"WebPage","@id":"https:\/\/airportsmokinglounge.com\/smoking-areas-at-freetown-international-airport-fna\/","url":"https:\/\/airportsmokinglounge.com\/smoking-areas-at-freetown-international-airport-fna\/","name":"Zonas para fumadores en el Aeropuerto Internacional de Freetown (FNA)","isPartOf":{"@id":"https:\/\/airportsmokinglounge.com\/#website"},"primaryImageOfPage":{"@id":"https:\/\/airportsmokinglounge.com\/smoking-areas-at-freetown-international-airport-fna\/#primaryimage"},"image":{"@id":"https:\/\/airportsmokinglounge.com\/smoking-areas-at-freetown-international-airport-fna\/#primaryimage"},"thumbnailUrl":"https:\/\/airportsmokinglounge.com\/wp-content\/uploads\/2023\/03\/airport-smoking-lounge-4.jpg","datePublished":"2023-04-13T06:53:42+00:00","dateModified":"2023-05-09T14:20:29+00:00","description":"Zonas de fumadores Aeropuerto Internacional de Freetown - Encuentra una zona de fumadores en el aeropuerto \u2714\ufe0e Gu\u00eda para fumadores en aeropuertos para viajeros \u2714\ufe0e","breadcrumb":{"@id":"https:\/\/airportsmokinglounge.com\/smoking-areas-at-freetown-international-airport-fna\/#breadcrumb"},"inLanguage":"es","potentialAction":[{"@type":"ReadAction","target":["https:\/\/airportsmokinglounge.com\/smoking-areas-at-freetown-international-airport-fna\/"]}]},{"@type":"ImageObject","inLanguage":"es","@id":"https:\/\/airportsmokinglounge.com\/smoking-areas-at-freetown-international-airport-fna\/#primaryimage","url":"https:\/\/airportsmokinglounge.com\/wp-content\/uploads\/2023\/03\/airport-smoking-lounge-4.jpg","contentUrl":"https:\/\/airportsmokinglounge.com\/wp-content\/uploads\/2023\/03\/airport-smoking-lounge-4.jpg","width":2048,"height":1152,"caption":"Airport Smoking"},{"@type":"BreadcrumbList","@id":"https:\/\/airportsmokinglounge.com\/smoking-areas-at-freetown-international-airport-fna\/#breadcrumb","itemListElement":[{"@type":"ListItem","position":1,"name":"Home","item":"https:\/\/airportsmokinglounge.com\/"},{"@type":"ListItem","position":2,"name":"Smoking areas at Freetown International Airport (FNA)"}]},{"@type":"WebSite","@id":"https:\/\/airportsmokinglounge.com\/#website","url":"https:\/\/airportsmokinglounge.com\/","name":"aeropuertofumarlounge.com","description":"","potentialAction":[{"@type":"SearchAction","target":{"@type":"EntryPoint","urlTemplate":"https:\/\/airportsmokinglounge.com\/?s={search_term_string}"},"query-input":{"@type":"PropertyValueSpecification","valueRequired":true,"valueName":"search_term_string"}}],"inLanguage":"es"}]}},"_links":{"self":[{"href":"https:\/\/airportsmokinglounge.com\/es\/wp-json\/wp\/v2\/pages\/2334","targetHints":{"allow":["GET"]}}],"collection":[{"href":"https:\/\/airportsmokinglounge.com\/es\/wp-json\/wp\/v2\/pages"}],"about":[{"href":"https:\/\/airportsmokinglounge.com\/es\/wp-json\/wp\/v2\/types\/page"}],"author":[{"embeddable":true,"href":"https:\/\/airportsmokinglounge.com\/es\/wp-json\/wp\/v2\/users\/1"}],"replies":[{"embeddable":true,"href":"https:\/\/airportsmokinglounge.com\/es\/wp-json\/wp\/v2\/comments?post=2334"}],"version-history":[{"count":6,"href":"https:\/\/airportsmokinglounge.com\/es\/wp-json\/wp\/v2\/pages\/2334\/revisions"}],"predecessor-version":[{"id":4700,"href":"https:\/\/airportsmokinglounge.com\/es\/wp-json\/wp\/v2\/pages\/2334\/revisions\/4700"}],"wp:featuredmedia":[{"embeddable":true,"href":"https:\/\/airportsmokinglounge.com\/es\/wp-json\/wp\/v2\/media\/1199"}],"wp:attachment":[{"href":"https:\/\/airportsmokinglounge.com\/es\/wp-json\/wp\/v2\/media?parent=2334"}],"curies":[{"name":"gracias","href":"https:\/\/api.w.org\/{rel}","templated":true}]}}