{"id":25,"date":"2023-02-12T19:36:00","date_gmt":"2023-02-12T18:36:00","guid":{"rendered":"https:\/\/airportsmokinglounge.com\/?page_id=25"},"modified":"2023-05-21T21:41:35","modified_gmt":"2023-05-21T19:41:35","slug":"smoking-at-airports-in-africa","status":"publish","type":"page","link":"https:\/\/airportsmokinglounge.com\/es\/fumar-en-los-aeropuertos-en-africa\/","title":{"rendered":"Fumar en los aeropuertos de \u00c1frica"},"content":{"rendered":"<p><span style=\"font-size: 14pt;\">En este sitio web puede encontrar todas las \u00e1reas para fumadores en los aeropuertos africanos, incluidas las \u00e1reas designadas para fumadores y las instalaciones disponibles. Entendemos la frustraci\u00f3n de pasar por seguridad solo para descubrir que no hay \u00e1reas para fumadores en ninguna parte y, en algunos casos, es posible que no se permitan los cigarrillos electr\u00f3nicos. <\/span><\/p>\n<p><span style=\"font-size: 14pt;\">Este servicio es para todos los fumadores que quieran disfrutar de un cigarrillo antes o despu\u00e9s de vuelos largos.<\/span><\/p>\n<h2>Zonas de fumadores en aeropuertos africanos<\/h2>\n<p><strong><span style=\"font-size: 14pt;\">Elige tu pa\u00eds:<\/span><\/strong><\/p>\n<ul style=\"list-style-type: circle;\">\n<li><a href=\"https:\/\/airportsmokinglounge.com\/es\/fumar-en-argelia-aeropuertos\/\">ARGELIA<\/a><\/li>\n<li><a href=\"https:\/\/airportsmokinglounge.com\/es\/zonas-para-fumar-en-angolas-aeropuertos\/\">ANGOLA<\/a><\/li>\n<li><a href=\"https:\/\/airportsmokinglounge.com\/es\/zonas-para-fumadores-en-los-aeropuertos-de-botswana\/\">BOTSUANA<\/a><\/li>\n<li><a href=\"https:\/\/airportsmokinglounge.com\/es\/zonas-de-fumadores-en-aeropuertos-de-camerun\/\">CAMER\u00daN<\/a><em>\u00a0<\/em><\/li>\n<li><a href=\"https:\/\/airportsmokinglounge.com\/es\/zonas-de-fumadores-en-aeropuertos-de-cabo-verde\/\">CABO VERDE<\/a><\/li>\n<li><a href=\"https:\/\/airportsmokinglounge.com\/es\/zonas-para-fumadores-en-el-aeropuerto-internacional-de-bangui-mpoko-bgf\/\">REP\u00daBLICA CENTROAFRICANA<\/a><\/li>\n<li><a href=\"https:\/\/airportsmokinglounge.com\/es\/zonas-para-fumadores-en-el-aeropuerto-internacional-de-kinshasa-ndjili-fih\/\">REP\u00daBLICA DEMOCR\u00c1TICA DEL CONGO<\/a><\/li>\n<li><a href=\"https:\/\/airportsmokinglounge.com\/es\/zonas-para-fumar-en-jibouti-ambouli-aeropuerto-jib\/\">DJIBUTI<\/a><em>\u00a0<\/em><\/li>\n<li><a href=\"https:\/\/airportsmokinglounge.com\/es\/zonas-para-fumar-en-egiptos-aeropuertos\/\">EGIPTO<\/a><\/li>\n<li><a href=\"https:\/\/airportsmokinglounge.com\/es\/zonas-para-fumar-en-etiopia-aeropuertos\/\">ETIOP\u00cdA<\/a><\/li>\n<li><a href=\"https:\/\/airportsmokinglounge.com\/es\/areas-para-fumar-en-el-aeropuerto-internacional-libreville-lbv\/\">GAB\u00d3N<\/a><\/li>\n<li><a href=\"https:\/\/airportsmokinglounge.com\/es\/zonas-de-fumadores-en-el-aeropuerto-internacional-de-banjul-bjl\/\">GAMBIA<\/a><\/li>\n<li><a href=\"https:\/\/airportsmokinglounge.com\/es\/areas-para-fumar-en-accra-kotoka-aeropuerto-internacional-acc\/\">GHANA<\/a><\/li>\n<li><a href=\"https:\/\/airportsmokinglounge.com\/es\/zonas-para-fumar-en-abidjan-port-bouet-airport-abj\/\">COSTA DE MARFIL<\/a><em>\u00a0<\/em><\/li>\n<li><a href=\"https:\/\/airportsmokinglounge.com\/es\/zonas-de-fumadores-en-kenyas-aeropuertos\/\">KENIA<\/a><em>\u00a0<\/em><\/li>\n<li><a href=\"https:\/\/airportsmokinglounge.com\/es\/zonas-para-fumar-en-los-aeropuertos-de-madagascars\/\">MADAGASCAR<\/a><\/li>\n<li><a href=\"https:\/\/airportsmokinglounge.com\/es\/zonas-de-fumadores-en-mali-aeropuertos\/\">MAL\u00cd<\/a><\/li>\n<li><a href=\"https:\/\/airportsmokinglounge.com\/es\/zonas-de-fumadores-en-port-louis-international-airport-mru\/\">MAURICIO<\/a><em>\u00a0<\/em><\/li>\n<li><a href=\"https:\/\/airportsmokinglounge.com\/es\/zonas-de-fumadores-en-marruecos-aeropuertos\/\">MARRUECOS<\/a><\/li>\n<li><a href=\"https:\/\/airportsmokinglounge.com\/es\/zonas-para-fumar-en-aeropuertos-de-mozambiques\/\">MOZAMBIQUE<\/a><\/li>\n<li><a href=\"https:\/\/airportsmokinglounge.com\/es\/zonas-para-fumar-en-aeropuertos-de-nigeria\/\">NIGERIA<\/a><\/li>\n<li><a href=\"https:\/\/airportsmokinglounge.com\/es\/zonas-para-fumar-en-los-aeropuertos-de-namibias\/\">NAMIBIA<\/a><\/li>\n<li><a href=\"https:\/\/airportsmokinglounge.com\/es\/zonas-para-fumar-en-ruanda-aeropuertos\/\">RUANDA<\/a><\/li>\n<li><a href=\"https:\/\/airportsmokinglounge.com\/es\/zonas-para-fumadores-en-el-aeropuerto-internacional-de-freetown-fna\/\">SIERRA LEONA<\/a><\/li>\n<li><a href=\"https:\/\/airportsmokinglounge.com\/es\/zonas-para-fumar-en-los-aeropuertos-de-liberia\/\">LIBERIA<\/a><\/li>\n<li><a href=\"https:\/\/airportsmokinglounge.com\/es\/zonas-de-fumadores-en-aeropuertos-de-senegal\/\">SENEGAL<\/a><\/li>\n<li><a href=\"https:\/\/airportsmokinglounge.com\/es\/zonas-para-fumar-en-somalias-aeropuertos\/\"><span class=\"auto-style3\">SOMALIA<\/span><\/a><\/li>\n<li><a href=\"https:\/\/airportsmokinglounge.com\/es\/zonas-para-fumar-en-aeropuertos-de-sudafrica\/\">SUD\u00c1FRICA<\/a><\/li>\n<li><a href=\"https:\/\/airportsmokinglounge.com\/es\/zonas-para-fumar-en-sudan\/\">SUD\u00c1N<\/a><\/li>\n<li><a href=\"https:\/\/airportsmokinglounge.com\/es\/zonas-para-fumar-en-los-aeropuertos-de-tanzanias\/\">TANZANIA<\/a><\/li>\n<li><a href=\"https:\/\/airportsmokinglounge.com\/es\/zonas-para-fumar-en-aeropuertos-de-tunez\/\">T\u00daNEZ<\/a><\/li>\n<li><a href=\"https:\/\/airportsmokinglounge.com\/es\/zonas-de-fumadores-en-uganda-aeropuertos\/\">UGANDA<\/a><\/li>\n<li><a href=\"https:\/\/airportsmokinglounge.com\/es\/zonas-para-fumadores-en-los-aeropuertos-de-zambia\/\">ZAMBIA<\/a><\/li>\n<li><a href=\"https:\/\/airportsmokinglounge.com\/es\/zonas-para-fumar-en-los-aeropuertos-de-zimbabue\/\">ZIMBABUE<\/a><\/li>\n<\/ul>\n<h2>Servicio de fumadores de aeropuertos africanos<\/h2>\n<p><span style=\"font-size: 14pt;\">Fumar en los aeropuertos africanos es un tema que est\u00e1 influenciado por varias regulaciones libres de humo, normas culturales y problemas de salud. \u00c1frica, al ser un continente diverso con diferentes pa\u00edses y regiones, presenta un panorama \u00fanico cuando se trata de fumar en los aeropuertos.<\/span><\/p>\n<p><span style=\"font-size: 14pt;\">En algunos pa\u00edses africanos, fumar todav\u00eda es ampliamente aceptado y se pueden encontrar \u00e1reas designadas para fumar en muchos aeropuertos. Estas \u00e1reas para fumadores pueden ubicarse en \u00e1reas al aire libre alejadas del edificio de la terminal principal y pueden equiparse con ceniceros, asientos y refugios para fumadores. <\/span><\/p>\n<p><span style=\"font-size: 14pt;\">Sin embargo, es importante tener en cuenta que la disponibilidad y la calidad de estas \u00e1reas designadas para fumadores pueden variar significativamente de un aeropuerto a otro y es posible que no siempre cumplan con las expectativas de los viajeros fumadores.<\/span><\/p>\n<p><span style=\"font-size: 14pt;\">Por otro lado, tambi\u00e9n hay pa\u00edses africanos donde fumar est\u00e1 estrictamente regulado y est\u00e1 prohibido fumar en los aeropuertos en todas las \u00e1reas interiores y exteriores. Esto significa que los viajeros que fuman pueden tener dificultades para encontrar lugares adecuados para fumar en las instalaciones del aeropuerto y pueden necesitar salir de las instalaciones del aeropuerto para fumar, si las leyes locales lo permiten.<\/span><\/p>\n<p><span style=\"font-size: 14pt;\">Aqu\u00ed tienes toda la informaci\u00f3n que necesitas para encontrar una zona de fumadores en un aeropuerto africano.<\/span><\/p>\n<h3><span style=\"font-size: 14pt;\">Envianos tus comentarios<\/span><\/h3>\n<p><span style=\"font-size: 14pt;\">Si se encuentra en cualquier aeropuerto de \u00c1frica, es m\u00e1s que bienvenido a enviarnos fotos de las \u00e1reas para fumadores. Esto nos ayudar\u00e1 a llenar nuestra base de datos m\u00e1s r\u00e1pido. Puedes hacerlo <strong><a href=\"https:\/\/airportsmokinglounge.com\/es\/contacto\/\">Aqu\u00ed<\/a>.<\/strong>\u00a0Las im\u00e1genes se publican en nuestro sitio web, indicando la fuente de la imagen (nombre). Si\u00e9ntase libre de compartir estas fotos con nosotros y todos los visitantes de airportSmokinglounge.com.<\/span><\/p>\n<p><strong><span style=\"font-size: 14pt;\">M\u00e1s Aeropuerto Zonas de fumadores\u00a0<\/span><\/strong><\/p>\n<ul style=\"list-style-type: circle;\">\n<li><a href=\"https:\/\/airportsmokinglounge.com\/es\/fumar-en-los-aeropuertos-de-norteamerica\/\">Am\u00e9rica del norte<\/a><\/li>\n<li><a href=\"https:\/\/airportsmokinglounge.com\/es\/fumar-en-los-aeropuertos-de-america-del-sur\/\">Sudamerica<\/a><\/li>\n<li><a href=\"https:\/\/airportsmokinglounge.com\/es\/zonas-de-fumadores-en-aeropuertos-europeos\/\">Europa<\/a><\/li>\n<li><a href=\"https:\/\/airportsmokinglounge.com\/es\/fumar-en-aeropuertos-en-asia\/\">Asia<\/a><\/li>\n<li><a href=\"https:\/\/airportsmokinglounge.com\/es\/fumar-en-aeropuertos-en-oceania\/\">Ocean\u00eda<\/a><\/li>\n<\/ul>","protected":false},"excerpt":{"rendered":"<p>En este sitio web puede encontrar todas las \u00e1reas para fumadores en los aeropuertos africanos, incluidas las \u00e1reas designadas para fumadores y las instalaciones disponibles. Entendemos la frustraci\u00f3n de pasar por el control de seguridad y descubrir que no hay \u00e1reas para fumadores en ning\u00fan lado y, en algunos casos, es posible que no se permitan los cigarrillos electr\u00f3nicos. Este servicio es para todos los fumadores que quieran\u2026&nbsp;<a href=\"https:\/\/airportsmokinglounge.com\/es\/fumar-en-los-aeropuertos-en-africa\/\" rel=\"bookmark\">Leer m\u00e1s &quot;<span class=\"screen-reader-text\">Fumar en los aeropuertos de \u00c1frica<\/span><\/a><\/p>","protected":false},"author":1,"featured_media":1202,"parent":0,"menu_order":0,"comment_status":"closed","ping_status":"closed","template":"","meta":{"neve_meta_sidebar":"","neve_meta_container":"","neve_meta_enable_content_width":"off","neve_meta_content_width":100,"neve_meta_title_alignment":"","neve_meta_author_avatar":"","neve_post_elements_order":"","neve_meta_disable_header":"","neve_meta_disable_footer":"","neve_meta_disable_title":"","neve_meta_reading_time":"","footnotes":""},"class_list":["post-25","page","type-page","status-publish","has-post-thumbnail","hentry"],"yoast_head":"<!-- This site is optimized with the Yoast SEO plugin v26.6 - https:\/\/yoast.com\/wordpress\/plugins\/seo\/ -->\n<title>Smoking at airports in Africa - airportsmokinglounge.com<\/title>\n<meta name=\"description\" content=\"Smoking at airports in Africa \u2714\ufe0e A Comprehensive Guide to Smoking Areas and Smoking Policies in Major African Airports \u2714\ufe0e\" \/>\n<meta name=\"robots\" content=\"index, follow, max-snippet:-1, max-image-preview:large, max-video-preview:-1\" \/>\n<link rel=\"canonical\" href=\"https:\/\/airportsmokinglounge.com\/es\/fumar-en-los-aeropuertos-en-africa\/\" \/>\n<meta property=\"og:locale\" content=\"es_ES\" \/>\n<meta property=\"og:type\" content=\"article\" \/>\n<meta property=\"og:title\" content=\"Smoking at airports in Africa - airportsmokinglounge.com\" \/>\n<meta property=\"og:description\" content=\"Smoking at airports in Africa \u2714\ufe0e A Comprehensive Guide to Smoking Areas and Smoking Policies in Major African Airports \u2714\ufe0e\" \/>\n<meta property=\"og:url\" content=\"https:\/\/airportsmokinglounge.com\/es\/fumar-en-los-aeropuertos-en-africa\/\" \/>\n<meta property=\"og:site_name\" content=\"airportsmokinglounge.com\" \/>\n<meta property=\"article:modified_time\" content=\"2023-05-21T19:41:35+00:00\" \/>\n<meta property=\"og:image\" content=\"https:\/\/airportsmokinglounge.com\/wp-content\/uploads\/2023\/03\/airport-smoking-lounge-7.jpg\" \/>\n\t<meta property=\"og:image:width\" content=\"2048\" \/>\n\t<meta property=\"og:image:height\" content=\"1152\" \/>\n\t<meta property=\"og:image:type\" content=\"image\/jpeg\" \/>\n<meta name=\"twitter:card\" content=\"summary_large_image\" \/>\n<meta name=\"twitter:label1\" content=\"Tiempo de lectura\" \/>\n\t<meta name=\"twitter:data1\" content=\"2 minutos\" \/>\n<script type=\"application\/ld+json\" class=\"yoast-schema-graph\">{\"@context\":\"https:\/\/schema.org\",\"@graph\":[{\"@type\":\"WebPage\",\"@id\":\"https:\/\/airportsmokinglounge.com\/smoking-at-airports-in-africa\/\",\"url\":\"https:\/\/airportsmokinglounge.com\/smoking-at-airports-in-africa\/\",\"name\":\"Smoking at airports in Africa - airportsmokinglounge.com\",\"isPartOf\":{\"@id\":\"https:\/\/airportsmokinglounge.com\/#website\"},\"primaryImageOfPage\":{\"@id\":\"https:\/\/airportsmokinglounge.com\/smoking-at-airports-in-africa\/#primaryimage\"},\"image\":{\"@id\":\"https:\/\/airportsmokinglounge.com\/smoking-at-airports-in-africa\/#primaryimage\"},\"thumbnailUrl\":\"https:\/\/airportsmokinglounge.com\/wp-content\/uploads\/2023\/03\/airport-smoking-lounge-7.jpg\",\"datePublished\":\"2023-02-12T18:36:00+00:00\",\"dateModified\":\"2023-05-21T19:41:35+00:00\",\"description\":\"Smoking at airports in Africa \u2714\ufe0e A Comprehensive Guide to Smoking Areas and Smoking Policies in Major African Airports \u2714\ufe0e\",\"breadcrumb\":{\"@id\":\"https:\/\/airportsmokinglounge.com\/smoking-at-airports-in-africa\/#breadcrumb\"},\"inLanguage\":\"es\",\"potentialAction\":[{\"@type\":\"ReadAction\",\"target\":[\"https:\/\/airportsmokinglounge.com\/smoking-at-airports-in-africa\/\"]}]},{\"@type\":\"ImageObject\",\"inLanguage\":\"es\",\"@id\":\"https:\/\/airportsmokinglounge.com\/smoking-at-airports-in-africa\/#primaryimage\",\"url\":\"https:\/\/airportsmokinglounge.com\/wp-content\/uploads\/2023\/03\/airport-smoking-lounge-7.jpg\",\"contentUrl\":\"https:\/\/airportsmokinglounge.com\/wp-content\/uploads\/2023\/03\/airport-smoking-lounge-7.jpg\",\"width\":2048,\"height\":1152,\"caption\":\"Airport Smoking areas\"},{\"@type\":\"BreadcrumbList\",\"@id\":\"https:\/\/airportsmokinglounge.com\/smoking-at-airports-in-africa\/#breadcrumb\",\"itemListElement\":[{\"@type\":\"ListItem\",\"position\":1,\"name\":\"Home\",\"item\":\"https:\/\/airportsmokinglounge.com\/\"},{\"@type\":\"ListItem\",\"position\":2,\"name\":\"Smoking at airports in Africa\"}]},{\"@type\":\"WebSite\",\"@id\":\"https:\/\/airportsmokinglounge.com\/#website\",\"url\":\"https:\/\/airportsmokinglounge.com\/\",\"name\":\"airportsmokinglounge.com\",\"description\":\"\",\"potentialAction\":[{\"@type\":\"SearchAction\",\"target\":{\"@type\":\"EntryPoint\",\"urlTemplate\":\"https:\/\/airportsmokinglounge.com\/?s={search_term_string}\"},\"query-input\":{\"@type\":\"PropertyValueSpecification\",\"valueRequired\":true,\"valueName\":\"search_term_string\"}}],\"inLanguage\":\"es\"}]}<\/script>\n<!-- \/ Yoast SEO plugin. -->","yoast_head_json":{"title":"Fumar en los aeropuertos de \u00c1frica - airportSmokinglounge.com","description":"Fumar en los aeropuertos de \u00c1frica \u2714\ufe0e Una gu\u00eda completa sobre \u00e1reas para fumadores y pol\u00edticas para fumadores en los principales aeropuertos africanos \u2714\ufe0e","robots":{"index":"index","follow":"follow","max-snippet":"max-snippet:-1","max-image-preview":"max-image-preview:large","max-video-preview":"max-video-preview:-1"},"canonical":"https:\/\/airportsmokinglounge.com\/es\/fumar-en-los-aeropuertos-en-africa\/","og_locale":"es_ES","og_type":"article","og_title":"Smoking at airports in Africa - airportsmokinglounge.com","og_description":"Smoking at airports in Africa \u2714\ufe0e A Comprehensive Guide to Smoking Areas and Smoking Policies in Major African Airports \u2714\ufe0e","og_url":"https:\/\/airportsmokinglounge.com\/es\/fumar-en-los-aeropuertos-en-africa\/","og_site_name":"airportsmokinglounge.com","article_modified_time":"2023-05-21T19:41:35+00:00","og_image":[{"width":2048,"height":1152,"url":"https:\/\/airportsmokinglounge.com\/wp-content\/uploads\/2023\/03\/airport-smoking-lounge-7.jpg","type":"image\/jpeg"}],"twitter_card":"summary_large_image","twitter_misc":{"Tiempo de lectura":"2 minutos"},"schema":{"@context":"https:\/\/schema.org","@graph":[{"@type":"WebPage","@id":"https:\/\/airportsmokinglounge.com\/smoking-at-airports-in-africa\/","url":"https:\/\/airportsmokinglounge.com\/smoking-at-airports-in-africa\/","name":"Fumar en los aeropuertos de \u00c1frica - airportSmokinglounge.com","isPartOf":{"@id":"https:\/\/airportsmokinglounge.com\/#website"},"primaryImageOfPage":{"@id":"https:\/\/airportsmokinglounge.com\/smoking-at-airports-in-africa\/#primaryimage"},"image":{"@id":"https:\/\/airportsmokinglounge.com\/smoking-at-airports-in-africa\/#primaryimage"},"thumbnailUrl":"https:\/\/airportsmokinglounge.com\/wp-content\/uploads\/2023\/03\/airport-smoking-lounge-7.jpg","datePublished":"2023-02-12T18:36:00+00:00","dateModified":"2023-05-21T19:41:35+00:00","description":"Fumar en los aeropuertos de \u00c1frica \u2714\ufe0e Una gu\u00eda completa sobre \u00e1reas para fumadores y pol\u00edticas para fumadores en los principales aeropuertos africanos \u2714\ufe0e","breadcrumb":{"@id":"https:\/\/airportsmokinglounge.com\/smoking-at-airports-in-africa\/#breadcrumb"},"inLanguage":"es","potentialAction":[{"@type":"ReadAction","target":["https:\/\/airportsmokinglounge.com\/smoking-at-airports-in-africa\/"]}]},{"@type":"ImageObject","inLanguage":"es","@id":"https:\/\/airportsmokinglounge.com\/smoking-at-airports-in-africa\/#primaryimage","url":"https:\/\/airportsmokinglounge.com\/wp-content\/uploads\/2023\/03\/airport-smoking-lounge-7.jpg","contentUrl":"https:\/\/airportsmokinglounge.com\/wp-content\/uploads\/2023\/03\/airport-smoking-lounge-7.jpg","width":2048,"height":1152,"caption":"Airport Smoking areas"},{"@type":"BreadcrumbList","@id":"https:\/\/airportsmokinglounge.com\/smoking-at-airports-in-africa\/#breadcrumb","itemListElement":[{"@type":"ListItem","position":1,"name":"Home","item":"https:\/\/airportsmokinglounge.com\/"},{"@type":"ListItem","position":2,"name":"Smoking at airports in Africa"}]},{"@type":"WebSite","@id":"https:\/\/airportsmokinglounge.com\/#website","url":"https:\/\/airportsmokinglounge.com\/","name":"aeropuertofumarlounge.com","description":"","potentialAction":[{"@type":"SearchAction","target":{"@type":"EntryPoint","urlTemplate":"https:\/\/airportsmokinglounge.com\/?s={search_term_string}"},"query-input":{"@type":"PropertyValueSpecification","valueRequired":true,"valueName":"search_term_string"}}],"inLanguage":"es"}]}},"_links":{"self":[{"href":"https:\/\/airportsmokinglounge.com\/es\/wp-json\/wp\/v2\/pages\/25","targetHints":{"allow":["GET"]}}],"collection":[{"href":"https:\/\/airportsmokinglounge.com\/es\/wp-json\/wp\/v2\/pages"}],"about":[{"href":"https:\/\/airportsmokinglounge.com\/es\/wp-json\/wp\/v2\/types\/page"}],"author":[{"embeddable":true,"href":"https:\/\/airportsmokinglounge.com\/es\/wp-json\/wp\/v2\/users\/1"}],"replies":[{"embeddable":true,"href":"https:\/\/airportsmokinglounge.com\/es\/wp-json\/wp\/v2\/comments?post=25"}],"version-history":[{"count":10,"href":"https:\/\/airportsmokinglounge.com\/es\/wp-json\/wp\/v2\/pages\/25\/revisions"}],"predecessor-version":[{"id":5631,"href":"https:\/\/airportsmokinglounge.com\/es\/wp-json\/wp\/v2\/pages\/25\/revisions\/5631"}],"wp:featuredmedia":[{"embeddable":true,"href":"https:\/\/airportsmokinglounge.com\/es\/wp-json\/wp\/v2\/media\/1202"}],"wp:attachment":[{"href":"https:\/\/airportsmokinglounge.com\/es\/wp-json\/wp\/v2\/media?parent=25"}],"curies":[{"name":"gracias","href":"https:\/\/api.w.org\/{rel}","templated":true}]}}