{"id":367,"date":"2023-03-02T21:36:10","date_gmt":"2023-03-02T20:36:10","guid":{"rendered":"https:\/\/airportsmokinglounge.com\/?page_id=367"},"modified":"2023-05-09T16:25:01","modified_gmt":"2023-05-09T14:25:01","slug":"smoking-areas-in-south-africas-airports","status":"publish","type":"page","link":"https:\/\/airportsmokinglounge.com\/es\/zonas-para-fumar-en-aeropuertos-de-sudafrica\/","title":{"rendered":"Zonas para fumadores en los aeropuertos de Sud\u00e1frica"},"content":{"rendered":"<p>Sud\u00e1frica tiene varios aeropuertos, desde peque\u00f1os aeropuertos regionales hasta centros internacionales m\u00e1s grandes.<\/p>\n<p>En este sitio web puede encontrar todas las \u00e1reas para fumadores en los aeropuertos, incluidas las \u00e1reas designadas para fumadores y las instalaciones disponibles. Entendemos la frustraci\u00f3n de pasar por seguridad solo para descubrir que no hay \u00e1reas para fumadores en ninguna parte y, en algunos casos, es posible que no se permitan los cigarrillos electr\u00f3nicos.<\/p>\n<p>Este servicio es para todos los fumadores que quieran disfrutar de un cigarrillo antes o despu\u00e9s de vuelos largos.<\/p>\n<h2>Aeropuertos en Sud\u00e1frica<\/h2>\n<ul style=\"list-style-type: circle;\">\n<li><a href=\"https:\/\/airportsmokinglounge.com\/es\/areas-para-fumar-en-johannesburgo-o-tambo-aeropuerto-jnb\/\">JOHANNESBURGO \u2013 O AEROPUERTO INTERNACIONAL DE TAMBO (JNB)<\/a><\/li>\n<li><a href=\"https:\/\/airportsmokinglounge.com\/es\/areas-para-fumar-en-el-aeropuerto-internacional-de-ciudad-del-cabo-cpt\/\">AEROPUERTO INTERNACIONAL DE CIUDAD DEL CABO (CPT)<\/a><\/li>\n<li><a href=\"https:\/\/airportsmokinglounge.com\/es\/zonas-para-fumar-en-el-aeropuerto-king-shaka-dur-de-durban\/\">DURBAN \u2013 AEROPUERTO INTERNACIONAL REY SHAKA (DUR)<\/a><\/li>\n<li><a href=\"https:\/\/airportsmokinglounge.com\/es\/areas-para-fumar-en-el-aeropuerto-internacional-port-elizabeth-plz\/\">AEROPUERTO DE PUERTO ELIZABETH (PLZ)<\/a><\/li>\n<li><a href=\"https:\/\/airportsmokinglounge.com\/es\/zonas-para-fumar-en-els-aeropuerto-este-de-londres\/\">ESTE DE LONDRES \u2013 AEROPUERTO BEN SCHOEMAN (ELS)<\/a><\/li>\n<\/ul>\n<h2>La ley de tabaco de Sud\u00e1frica<\/h2>\n<p>Sud\u00e1frica ha implementado regulaciones sobre el tabaquismo para proteger la salud p\u00fablica y reducir el consumo de tabaco. Sin embargo, tenga en cuenta que las leyes y regulaciones sobre fumar pueden cambiar con el tiempo, por lo que es recomendable consultar la legislaci\u00f3n m\u00e1s reciente o consultar a las autoridades locales para obtener la informaci\u00f3n m\u00e1s actualizada sobre las leyes sobre fumar de Sud\u00e1frica.<\/p>\n<p>En Sud\u00e1frica, generalmente est\u00e1 prohibido fumar en ciertos lugares p\u00fablicos cerrados, incluidos edificios gubernamentales, centros de atenci\u00f3n m\u00e9dica, instituciones educativas y transporte p\u00fablico. La ley tambi\u00e9n puede restringir fumar en \u00e1reas designadas como zonas para no fumadores, como espacios p\u00fablicos cerrados y \u00e1reas cercanas a las entradas y salidas de edificios p\u00fablicos.<\/p>\n<p>La venta de productos de tabaco a menores de 18 a\u00f1os est\u00e1 prohibida en Sud\u00e1frica. Adem\u00e1s, la publicidad, la promoci\u00f3n y el patrocinio del tabaco est\u00e1n altamente regulados o restringidos.<\/p>\n<p>Sud\u00e1frica ha implementado advertencias sanitarias gr\u00e1ficas en los paquetes de cigarrillos y ha tomado medidas para concienciar al p\u00fablico sobre los riesgos para la salud asociados con el tabaquismo a trav\u00e9s de campa\u00f1as de salud.<\/p>\n<p>Por lo general, las autoridades competentes supervisan el cumplimiento de las leyes sobre fumar y las infracciones pueden dar lugar a multas u otras sanciones.<\/p>\n<p>Para obtener la informaci\u00f3n m\u00e1s precisa y actualizada sobre las leyes sobre fumar de Sud\u00e1frica, se recomienda consultar la legislaci\u00f3n m\u00e1s reciente o comunicarse con las autoridades locales u organizaciones de salud.<\/p>\n<p><strong>M\u00e1s Aeropuerto Zonas de fumadores\u00a0<\/strong><\/p>\n<ul>\n<li><a href=\"https:\/\/airportsmokinglounge.com\/es\/fumar-en-los-aeropuertos-de-norteamerica\/\">Am\u00e9rica del norte<\/a><\/li>\n<li><a href=\"https:\/\/airportsmokinglounge.com\/es\/fumar-en-los-aeropuertos-de-america-del-sur\/\">Sudamerica<\/a><\/li>\n<li><a href=\"https:\/\/airportsmokinglounge.com\/es\/zonas-de-fumadores-en-aeropuertos-europeos\/\">Europa<\/a><\/li>\n<li><a href=\"https:\/\/airportsmokinglounge.com\/es\/fumar-en-aeropuertos-en-asia\/\">Asia<\/a><\/li>\n<li><a href=\"https:\/\/airportsmokinglounge.com\/es\/fumar-en-aeropuertos-en-oceania\/\">Ocean\u00eda<\/a><\/li>\n<\/ul>","protected":false},"excerpt":{"rendered":"<p>Sud\u00e1frica cuenta con varios aeropuertos, desde peque\u00f1os regionales hasta grandes centros internacionales. En este sitio web encontrar\u00e1 todas las zonas para fumadores, incluyendo las designadas y las instalaciones disponibles. Entendemos la frustraci\u00f3n de pasar por el control de seguridad y descubrir que no hay zonas para fumadores y, en algunos casos, cigarrillos electr\u00f3nicos...&nbsp;<a href=\"https:\/\/airportsmokinglounge.com\/es\/zonas-para-fumar-en-aeropuertos-de-sudafrica\/\" rel=\"bookmark\">Leer m\u00e1s &quot;<span class=\"screen-reader-text\">Zonas para fumadores en los aeropuertos de Sud\u00e1frica<\/span><\/a><\/p>","protected":false},"author":1,"featured_media":1199,"parent":0,"menu_order":0,"comment_status":"closed","ping_status":"closed","template":"","meta":{"neve_meta_sidebar":"","neve_meta_container":"","neve_meta_enable_content_width":"off","neve_meta_content_width":100,"neve_meta_title_alignment":"","neve_meta_author_avatar":"","neve_post_elements_order":"","neve_meta_disable_header":"","neve_meta_disable_footer":"","neve_meta_disable_title":"","neve_meta_reading_time":"","footnotes":""},"class_list":["post-367","page","type-page","status-publish","has-post-thumbnail","hentry"],"yoast_head":"<!-- This site is optimized with the Yoast SEO plugin v26.6 - https:\/\/yoast.com\/wordpress\/plugins\/seo\/ -->\n<title>Smoking areas in South Africa&#039;s airports<\/title>\n<meta name=\"description\" content=\"Smoking Areas in South Africa&#039;s Airports - Your Ultimate Guide to Finding a Place to Smoke \u2714\ufe0e Find Your Next Smoke Break Spot \u2714\ufe0e\" \/>\n<meta name=\"robots\" content=\"index, follow, max-snippet:-1, max-image-preview:large, max-video-preview:-1\" \/>\n<link rel=\"canonical\" href=\"https:\/\/airportsmokinglounge.com\/es\/zonas-para-fumar-en-aeropuertos-de-sudafrica\/\" \/>\n<meta property=\"og:locale\" content=\"es_ES\" \/>\n<meta property=\"og:type\" content=\"article\" \/>\n<meta property=\"og:title\" content=\"Smoking areas in South Africa&#039;s airports\" \/>\n<meta property=\"og:description\" content=\"Smoking Areas in South Africa&#039;s Airports - Your Ultimate Guide to Finding a Place to Smoke \u2714\ufe0e Find Your Next Smoke Break Spot \u2714\ufe0e\" \/>\n<meta property=\"og:url\" content=\"https:\/\/airportsmokinglounge.com\/es\/zonas-para-fumar-en-aeropuertos-de-sudafrica\/\" \/>\n<meta property=\"og:site_name\" content=\"airportsmokinglounge.com\" \/>\n<meta property=\"article:modified_time\" content=\"2023-05-09T14:25:01+00:00\" \/>\n<meta property=\"og:image\" content=\"https:\/\/airportsmokinglounge.com\/wp-content\/uploads\/2023\/03\/airport-smoking-lounge-4.jpg\" \/>\n\t<meta property=\"og:image:width\" content=\"2048\" \/>\n\t<meta property=\"og:image:height\" content=\"1152\" \/>\n\t<meta property=\"og:image:type\" content=\"image\/jpeg\" \/>\n<meta name=\"twitter:card\" content=\"summary_large_image\" \/>\n<meta name=\"twitter:label1\" content=\"Tiempo de lectura\" \/>\n\t<meta name=\"twitter:data1\" content=\"1 minuto\" \/>\n<script type=\"application\/ld+json\" class=\"yoast-schema-graph\">{\"@context\":\"https:\/\/schema.org\",\"@graph\":[{\"@type\":\"WebPage\",\"@id\":\"https:\/\/airportsmokinglounge.com\/smoking-areas-in-south-africas-airports\/\",\"url\":\"https:\/\/airportsmokinglounge.com\/smoking-areas-in-south-africas-airports\/\",\"name\":\"Smoking areas in South Africa's airports\",\"isPartOf\":{\"@id\":\"https:\/\/airportsmokinglounge.com\/#website\"},\"primaryImageOfPage\":{\"@id\":\"https:\/\/airportsmokinglounge.com\/smoking-areas-in-south-africas-airports\/#primaryimage\"},\"image\":{\"@id\":\"https:\/\/airportsmokinglounge.com\/smoking-areas-in-south-africas-airports\/#primaryimage\"},\"thumbnailUrl\":\"https:\/\/airportsmokinglounge.com\/wp-content\/uploads\/2023\/03\/airport-smoking-lounge-4.jpg\",\"datePublished\":\"2023-03-02T20:36:10+00:00\",\"dateModified\":\"2023-05-09T14:25:01+00:00\",\"description\":\"Smoking Areas in South Africa's Airports - Your Ultimate Guide to Finding a Place to Smoke \u2714\ufe0e Find Your Next Smoke Break Spot \u2714\ufe0e\",\"breadcrumb\":{\"@id\":\"https:\/\/airportsmokinglounge.com\/smoking-areas-in-south-africas-airports\/#breadcrumb\"},\"inLanguage\":\"es\",\"potentialAction\":[{\"@type\":\"ReadAction\",\"target\":[\"https:\/\/airportsmokinglounge.com\/smoking-areas-in-south-africas-airports\/\"]}]},{\"@type\":\"ImageObject\",\"inLanguage\":\"es\",\"@id\":\"https:\/\/airportsmokinglounge.com\/smoking-areas-in-south-africas-airports\/#primaryimage\",\"url\":\"https:\/\/airportsmokinglounge.com\/wp-content\/uploads\/2023\/03\/airport-smoking-lounge-4.jpg\",\"contentUrl\":\"https:\/\/airportsmokinglounge.com\/wp-content\/uploads\/2023\/03\/airport-smoking-lounge-4.jpg\",\"width\":2048,\"height\":1152,\"caption\":\"Airport Smoking\"},{\"@type\":\"BreadcrumbList\",\"@id\":\"https:\/\/airportsmokinglounge.com\/smoking-areas-in-south-africas-airports\/#breadcrumb\",\"itemListElement\":[{\"@type\":\"ListItem\",\"position\":1,\"name\":\"Home\",\"item\":\"https:\/\/airportsmokinglounge.com\/\"},{\"@type\":\"ListItem\",\"position\":2,\"name\":\"Smoking areas in South Africa&#8217;s airports\"}]},{\"@type\":\"WebSite\",\"@id\":\"https:\/\/airportsmokinglounge.com\/#website\",\"url\":\"https:\/\/airportsmokinglounge.com\/\",\"name\":\"airportsmokinglounge.com\",\"description\":\"\",\"potentialAction\":[{\"@type\":\"SearchAction\",\"target\":{\"@type\":\"EntryPoint\",\"urlTemplate\":\"https:\/\/airportsmokinglounge.com\/?s={search_term_string}\"},\"query-input\":{\"@type\":\"PropertyValueSpecification\",\"valueRequired\":true,\"valueName\":\"search_term_string\"}}],\"inLanguage\":\"es\"}]}<\/script>\n<!-- \/ Yoast SEO plugin. -->","yoast_head_json":{"title":"Zonas para fumadores en los aeropuertos de Sud\u00e1frica","description":"\u00c1reas para fumadores en los aeropuertos de Sud\u00e1frica: su gu\u00eda definitiva para encontrar un lugar para fumar \u2714\ufe0e Encuentre su pr\u00f3ximo lugar para fumar \u2714\ufe0e","robots":{"index":"index","follow":"follow","max-snippet":"max-snippet:-1","max-image-preview":"max-image-preview:large","max-video-preview":"max-video-preview:-1"},"canonical":"https:\/\/airportsmokinglounge.com\/es\/zonas-para-fumar-en-aeropuertos-de-sudafrica\/","og_locale":"es_ES","og_type":"article","og_title":"Smoking areas in South Africa's airports","og_description":"Smoking Areas in South Africa's Airports - Your Ultimate Guide to Finding a Place to Smoke \u2714\ufe0e Find Your Next Smoke Break Spot \u2714\ufe0e","og_url":"https:\/\/airportsmokinglounge.com\/es\/zonas-para-fumar-en-aeropuertos-de-sudafrica\/","og_site_name":"airportsmokinglounge.com","article_modified_time":"2023-05-09T14:25:01+00:00","og_image":[{"width":2048,"height":1152,"url":"https:\/\/airportsmokinglounge.com\/wp-content\/uploads\/2023\/03\/airport-smoking-lounge-4.jpg","type":"image\/jpeg"}],"twitter_card":"summary_large_image","twitter_misc":{"Tiempo de lectura":"1 minuto"},"schema":{"@context":"https:\/\/schema.org","@graph":[{"@type":"WebPage","@id":"https:\/\/airportsmokinglounge.com\/smoking-areas-in-south-africas-airports\/","url":"https:\/\/airportsmokinglounge.com\/smoking-areas-in-south-africas-airports\/","name":"Zonas para fumadores en los aeropuertos de Sud\u00e1frica","isPartOf":{"@id":"https:\/\/airportsmokinglounge.com\/#website"},"primaryImageOfPage":{"@id":"https:\/\/airportsmokinglounge.com\/smoking-areas-in-south-africas-airports\/#primaryimage"},"image":{"@id":"https:\/\/airportsmokinglounge.com\/smoking-areas-in-south-africas-airports\/#primaryimage"},"thumbnailUrl":"https:\/\/airportsmokinglounge.com\/wp-content\/uploads\/2023\/03\/airport-smoking-lounge-4.jpg","datePublished":"2023-03-02T20:36:10+00:00","dateModified":"2023-05-09T14:25:01+00:00","description":"\u00c1reas para fumadores en los aeropuertos de Sud\u00e1frica: su gu\u00eda definitiva para encontrar un lugar para fumar \u2714\ufe0e Encuentre su pr\u00f3ximo lugar para fumar \u2714\ufe0e","breadcrumb":{"@id":"https:\/\/airportsmokinglounge.com\/smoking-areas-in-south-africas-airports\/#breadcrumb"},"inLanguage":"es","potentialAction":[{"@type":"ReadAction","target":["https:\/\/airportsmokinglounge.com\/smoking-areas-in-south-africas-airports\/"]}]},{"@type":"ImageObject","inLanguage":"es","@id":"https:\/\/airportsmokinglounge.com\/smoking-areas-in-south-africas-airports\/#primaryimage","url":"https:\/\/airportsmokinglounge.com\/wp-content\/uploads\/2023\/03\/airport-smoking-lounge-4.jpg","contentUrl":"https:\/\/airportsmokinglounge.com\/wp-content\/uploads\/2023\/03\/airport-smoking-lounge-4.jpg","width":2048,"height":1152,"caption":"Airport Smoking"},{"@type":"BreadcrumbList","@id":"https:\/\/airportsmokinglounge.com\/smoking-areas-in-south-africas-airports\/#breadcrumb","itemListElement":[{"@type":"ListItem","position":1,"name":"Home","item":"https:\/\/airportsmokinglounge.com\/"},{"@type":"ListItem","position":2,"name":"Smoking areas in South Africa&#8217;s airports"}]},{"@type":"WebSite","@id":"https:\/\/airportsmokinglounge.com\/#website","url":"https:\/\/airportsmokinglounge.com\/","name":"aeropuertofumarlounge.com","description":"","potentialAction":[{"@type":"SearchAction","target":{"@type":"EntryPoint","urlTemplate":"https:\/\/airportsmokinglounge.com\/?s={search_term_string}"},"query-input":{"@type":"PropertyValueSpecification","valueRequired":true,"valueName":"search_term_string"}}],"inLanguage":"es"}]}},"_links":{"self":[{"href":"https:\/\/airportsmokinglounge.com\/es\/wp-json\/wp\/v2\/pages\/367","targetHints":{"allow":["GET"]}}],"collection":[{"href":"https:\/\/airportsmokinglounge.com\/es\/wp-json\/wp\/v2\/pages"}],"about":[{"href":"https:\/\/airportsmokinglounge.com\/es\/wp-json\/wp\/v2\/types\/page"}],"author":[{"embeddable":true,"href":"https:\/\/airportsmokinglounge.com\/es\/wp-json\/wp\/v2\/users\/1"}],"replies":[{"embeddable":true,"href":"https:\/\/airportsmokinglounge.com\/es\/wp-json\/wp\/v2\/comments?post=367"}],"version-history":[{"count":8,"href":"https:\/\/airportsmokinglounge.com\/es\/wp-json\/wp\/v2\/pages\/367\/revisions"}],"predecessor-version":[{"id":4703,"href":"https:\/\/airportsmokinglounge.com\/es\/wp-json\/wp\/v2\/pages\/367\/revisions\/4703"}],"wp:featuredmedia":[{"embeddable":true,"href":"https:\/\/airportsmokinglounge.com\/es\/wp-json\/wp\/v2\/media\/1199"}],"wp:attachment":[{"href":"https:\/\/airportsmokinglounge.com\/es\/wp-json\/wp\/v2\/media?parent=367"}],"curies":[{"name":"gracias","href":"https:\/\/api.w.org\/{rel}","templated":true}]}}