{"id":398,"date":"2023-03-05T17:12:24","date_gmt":"2023-03-05T16:12:24","guid":{"rendered":"https:\/\/airportsmokinglounge.com\/?page_id=398"},"modified":"2023-05-15T18:41:28","modified_gmt":"2023-05-15T16:41:28","slug":"smoking-areas-in-chinas-airports","status":"publish","type":"page","link":"https:\/\/airportsmokinglounge.com\/es\/zonas-para-fumar-en-aeropuertos-de-china\/","title":{"rendered":"Zonas para fumadores en los aeropuertos de China"},"content":{"rendered":"<p>China tiene varios aeropuertos, desde peque\u00f1os aeropuertos regionales hasta centros internacionales m\u00e1s grandes.<\/p>\n<p>En este sitio web puede encontrar todas las \u00e1reas para fumadores en los aeropuertos, incluidas las \u00e1reas designadas para fumadores y las instalaciones disponibles. Entendemos la frustraci\u00f3n de pasar por seguridad solo para descubrir que no hay \u00e1reas para fumadores en ninguna parte y, en algunos casos, es posible que no se permitan los cigarrillos electr\u00f3nicos.<\/p>\n<p>Este servicio es para todos los fumadores que quieran disfrutar de un cigarrillo antes o despu\u00e9s de vuelos largos.<\/p>\n<h2>Aeropuertos en China<\/h2>\n<ul style=\"list-style-type: circle;\">\n<li><a href=\"https:\/\/airportsmokinglounge.com\/es\/zonas-de-fumadores-en-beijing-capital-international-airport-pek\/\">AEROPUERTO INTERNACIONAL DE PEK\u00cdN CAPITAL (PEK)<\/a><\/li>\n<li><a href=\"https:\/\/airportsmokinglounge.com\/es\/areas-para-fumar-en-shanghai-pudong-airport-pvg\/\">AEROPUERTO INTERNACIONAL DE SHANGHAI PUDONG (PVG)<\/a><\/li>\n<li><a href=\"https:\/\/airportsmokinglounge.com\/es\/zonas-para-fumar-en-el-aeropuerto-internacional-de-guangzhou-can\/\">AEROPUERTO INTERNACIONAL DE GUANGZHOU BAIYUN (CAN)<\/a><\/li>\n<li><a href=\"https:\/\/airportsmokinglounge.com\/es\/areas-para-fumar-en-el-aeropuerto-internacional-de-xiamen-xmn\/\">AEROPUERTO INTERNACIONAL XIAMEN GAOQI (XMN)<\/a><\/li>\n<li><a href=\"https:\/\/airportsmokinglounge.com\/es\/zonas-para-fumar-en-el-aeropuerto-internacional-de-hangzhou-hgh\/\">AEROPUERTO INTERNACIONAL DE HANGZHOU XIAOSHAN (HGH)<\/a><\/li>\n<li><a href=\"https:\/\/airportsmokinglounge.com\/es\/areas-para-fumar-en-el-aeropuerto-internacional-de-chongqing-ckg\/\">AEROPUERTO INTERNACIONAL DE CHONGQING JIANGBEI (CKG)<\/a><\/li>\n<li><a href=\"https:\/\/airportsmokinglounge.com\/es\/areas-para-fumar-en-el-aeropuerto-internacional-de-chengdu-ctu\/\">AEROPUERTO INTERNACIONAL DE CHENGDU SHUANGLIU (CTU)<\/a><\/li>\n<li><a href=\"https:\/\/airportsmokinglounge.com\/es\/zonas-para-fumadores-en-el-aeropuerto-internacional-de-kunming-kmg\/\">AEROPUERTO INTERNACIONAL DE KUNMING CHANGSHUI (KMG)<\/a><\/li>\n<li><a href=\"https:\/\/airportsmokinglounge.com\/es\/areas-para-fumar-en-el-aeropuerto-lukou-de-nanjing-nkg\/\">AEROPUERTO DE NANJING LUKOU (NKG)<\/a><\/li>\n<li><a href=\"https:\/\/airportsmokinglounge.com\/es\/areas-para-fumar-en-el-aeropuerto-internacional-de-changsha-csx\/\">AEROPUERTO INTERNACIONAL DE CHANGSHA HUANGHUA (CSX)<\/a><\/li>\n<li><a href=\"https:\/\/airportsmokinglounge.com\/es\/zonas-para-fumar-en-el-aeropuerto-internacional-de-xian-xianyang-xiy\/\">AEROPUERTO INTERNACIONAL XI&#039;AN XIANYANG (XIY)<\/a><\/li>\n<li><a href=\"https:\/\/airportsmokinglounge.com\/es\/areas-para-fumar-en-el-aeropuerto-internacional-de-shenzhen-szx\/\">AEROPUERTO INTERNACIONAL DE SHENZHEN BAO&#039;AN (SZX)<\/a><\/li>\n<li><a href=\"https:\/\/airportsmokinglounge.com\/es\/zonas-para-fumar-en-el-aeropuerto-de-wuhan-wuh\/\">AEROPUERTO INTERNACIONAL DE WUHAN TIANHE (WUH)<\/a><\/li>\n<li><a href=\"https:\/\/airportsmokinglounge.com\/es\/areas-para-fumar-en-el-aeropuerto-shenyang-taoxian-she\/\">AEROPUERTO DE SHENYANG TAOXIAN (ELLA)<\/a><\/li>\n<li><a href=\"https:\/\/airportsmokinglounge.com\/es\/areas-para-fumar-en-ningbo-lishe-aeropuerto-internacional-ngb\/\">AEROPUERTO INTERNACIONAL DE NINGBO LISHE (NGB)<\/a><\/li>\n<li><a href=\"https:\/\/airportsmokinglounge.com\/es\/zonas-para-fumadores-en-el-aeropuerto-de-harbin-taiping-hrb\/\">AEROPUERTO DE HARBIN TAIPING (HRB)<\/a><\/li>\n<li><a href=\"https:\/\/airportsmokinglounge.com\/es\/zonas-para-fumadores-en-el-aeropuerto-internacional-de-tianjin-tsn\/\">AEROPUERTO INTERNACIONAL DE TIANJIN (TSN)<\/a><\/li>\n<li><a href=\"https:\/\/airportsmokinglounge.com\/es\/zonas-para-fumadores-en-el-aeropuerto-internacional-de-guilin-liangjiang-kwl\/\">AEROPUERTO INTERNACIONAL DE GUILIN LIANGJIANG (KWL)<\/a><\/li>\n<li><a href=\"https:\/\/airportsmokinglounge.com\/es\/areas-para-fumar-en-el-aeropuerto-internacional-de-fuzhou-changle-foc\/\">AEROPUERTO INTERNACIONAL DE FUZHOU CHANGLE (FOC)<\/a><\/li>\n<li><a href=\"https:\/\/airportsmokinglounge.com\/es\/areas-para-fumar-en-el-aeropuerto-internacional-hongqiao-de-shanghai-sha\/\">AEROPUERTO INTERNACIONAL DE SHANGH\u00c1I HONGQIAO (SHA)<\/a><\/li>\n<li><a href=\"https:\/\/airportsmokinglounge.com\/es\/zonas-de-fumadores-en-urumqi-diwopu-aeropuerto-internacional-urc\/\">AEROPUERTO INTERNACIONAL \u00dcR\u00dcMQI DIWOPU (URC)<\/a><\/li>\n<li><a href=\"https:\/\/airportsmokinglounge.com\/es\/areas-para-fumadores-en-el-aeropuerto-internacional-de-dalian-zhoushuizi-dlc\/\">AEROPUERTO DE DALIAN ZHOUSHUIZI (DLC)<\/a><\/li>\n<li><a href=\"https:\/\/airportsmokinglounge.com\/es\/areas-para-fumar-en-nanning-wuxu-airport-nng\/\">AEROPUERTO DE NANNING WUXU (NNG)<\/a><\/li>\n<li><a href=\"https:\/\/airportsmokinglounge.com\/es\/zonas-para-fumadores-en-el-aeropuerto-internacional-de-sanya-phoenix-syx\/\">AEROPUERTO INTERNACIONAL DE SANYA PHOENIX (SYX)<\/a><\/li>\n<li><a href=\"https:\/\/airportsmokinglounge.com\/es\/zonas-para-fumar-en-el-aeropuerto-de-guiyang-kwe\/\">AEROPUERTO DE GUIYANG LONGONGBAO (KWE)<\/a><\/li>\n<li><a href=\"https:\/\/airportsmokinglounge.com\/es\/zonas-para-fumadores-en-el-aeropuerto-internacional-de-zhengzhou-cgo\/\">AEROPUERTO INTERNACIONAL DE ZHENGZHOU XINZHENG (CGO)<\/a><\/li>\n<li><a href=\"https:\/\/airportsmokinglounge.com\/es\/zonas-para-fumadores-en-el-aeropuerto-internacional-haikou-meilan-hak\/\">AEROPUERTO INTERNACIONAL DE HAIKOU MEILAN (HAK)<\/a><\/li>\n<li><a href=\"https:\/\/airportsmokinglounge.com\/es\/areas-para-fumar-en-el-aeropuerto-jinan-yaoqiang-tna\/\">AEROPUERTO DE JINAN YAOQIANG (TNA)<\/a><\/li>\n<li><a href=\"https:\/\/airportsmokinglounge.com\/es\/zonas-para-fumadores-en-el-aeropuerto-taiyuan-wusu-tyn\/\">AEROPUERTO DE TAIYUAN WUSU (TYN)<\/a><\/li>\n<li><a href=\"https:\/\/airportsmokinglounge.com\/es\/areas-para-fumar-en-el-aeropuerto-internacional-de-wenzhou-wnz\/\">AEROPUERTO INTERNACIONAL DE WENZHOU LONGWAN (WNZ)<\/a><\/li>\n<\/ul>\n<h2>Ley de fumadores de China<\/h2>\n<p>China ha implementado regulaciones para fumar para proteger la salud p\u00fablica y reducir el consumo de tabaco. Sin embargo, es importante tener en cuenta que las leyes y regulaciones sobre fumar en China pueden variar seg\u00fan las diferentes regiones y ciudades, y la aplicaci\u00f3n tambi\u00e9n puede variar.<\/p>\n<p>En China, generalmente est\u00e1 prohibido fumar en ciertos lugares p\u00fablicos cerrados, como edificios gubernamentales, centros de salud, instituciones educativas y transporte p\u00fablico. Algunas ciudades y regiones han implementado prohibiciones de fumar m\u00e1s completas, incluidas prohibiciones en restaurantes, bares y otros espacios p\u00fablicos cerrados. Sin embargo, es posible que las restricciones para fumar no se apliquen de manera uniforme en todas las \u00e1reas del pa\u00eds.<\/p>\n<p>La venta de productos de tabaco a menores de 18 a\u00f1os est\u00e1 prohibida en China. Adem\u00e1s, el pa\u00eds ha implementado regulaciones sobre publicidad, promoci\u00f3n y patrocinio del tabaco, aunque la aplicaci\u00f3n de estas regulaciones puede variar.<\/p>\n<p>China ha tomado medidas para aumentar la conciencia p\u00fablica sobre los riesgos para la salud asociados con el tabaquismo a trav\u00e9s de campa\u00f1as de salud y advertencias en los paquetes de cigarrillos. El pa\u00eds tambi\u00e9n ha implementado advertencias sanitarias gr\u00e1ficas pict\u00f3ricas en los empaques de productos de tabaco.<\/p>\n<p>Si bien existen regulaciones para fumar, la aplicaci\u00f3n y el cumplimiento pueden ser un desaf\u00edo debido a la gran poblaci\u00f3n y las normas culturales que rodean el tabaquismo en ciertas \u00e1reas de China.<\/p>\n<p>Para obtener la informaci\u00f3n m\u00e1s precisa y actualizada sobre las leyes sobre fumar en ciudades o regiones espec\u00edficas dentro de China, se recomienda consultar las reglamentaciones locales o comunicarse con las autoridades locales o las organizaciones de salud.<\/p>\n<p><strong>M\u00e1s Aeropuerto Zonas de fumadores\u00a0<\/strong><\/p>\n<ul>\n<li><a href=\"https:\/\/airportsmokinglounge.com\/es\/fumar-en-los-aeropuertos-de-norteamerica\/\">Am\u00e9rica del norte<\/a><\/li>\n<li><a href=\"https:\/\/airportsmokinglounge.com\/es\/fumar-en-los-aeropuertos-de-america-del-sur\/\">Sudamerica<\/a><\/li>\n<li><a href=\"https:\/\/airportsmokinglounge.com\/es\/zonas-de-fumadores-en-aeropuertos-europeos\/\">Europa<\/a><\/li>\n<li><a href=\"https:\/\/airportsmokinglounge.com\/es\/fumar-en-aeropuertos-en-asia\/\">Asia<\/a><\/li>\n<li><a href=\"https:\/\/airportsmokinglounge.com\/es\/fumar-en-aeropuertos-en-oceania\/\">Ocean\u00eda<\/a><\/li>\n<\/ul>","protected":false},"excerpt":{"rendered":"<p>China tiene varios aeropuertos, desde peque\u00f1os aeropuertos regionales hasta centros internacionales m\u00e1s grandes. En este sitio web podr\u00e1 encontrar todas las zonas para fumadores de los aeropuertos, incluidas las zonas designadas para fumadores y las instalaciones disponibles. Entendemos la frustraci\u00f3n de pasar por seguridad solo para descubrir que no hay \u00e1reas para fumadores en ning\u00fan lugar y, en algunos casos, los cigarrillos electr\u00f3nicos pueden...&nbsp;<a href=\"https:\/\/airportsmokinglounge.com\/es\/zonas-para-fumar-en-aeropuertos-de-china\/\" rel=\"bookmark\">Leer m\u00e1s &quot;<span class=\"screen-reader-text\">Zonas para fumadores en los aeropuertos de China<\/span><\/a><\/p>","protected":false},"author":1,"featured_media":1199,"parent":0,"menu_order":0,"comment_status":"closed","ping_status":"closed","template":"","meta":{"neve_meta_sidebar":"","neve_meta_container":"","neve_meta_enable_content_width":"off","neve_meta_content_width":100,"neve_meta_title_alignment":"","neve_meta_author_avatar":"","neve_post_elements_order":"","neve_meta_disable_header":"","neve_meta_disable_footer":"","neve_meta_disable_title":"","neve_meta_reading_time":"","footnotes":""},"class_list":["post-398","page","type-page","status-publish","has-post-thumbnail","hentry"],"yoast_head":"<!-- This site is optimized with the Yoast SEO plugin v26.6 - https:\/\/yoast.com\/wordpress\/plugins\/seo\/ -->\n<title>Smoking areas in China&#039;s airports - airportsmokinglounge.com<\/title>\n<meta name=\"description\" content=\"Smoking Areas in China&#039;s Airports - Your Ultimate Guide to Finding a Place to Smoke \u2714\ufe0e Find Your Next Smoke Break Spot \u2714\ufe0e\" \/>\n<meta name=\"robots\" content=\"index, follow, max-snippet:-1, max-image-preview:large, max-video-preview:-1\" \/>\n<link rel=\"canonical\" href=\"https:\/\/airportsmokinglounge.com\/es\/zonas-para-fumar-en-aeropuertos-de-china\/\" \/>\n<meta property=\"og:locale\" content=\"es_ES\" \/>\n<meta property=\"og:type\" content=\"article\" \/>\n<meta property=\"og:title\" content=\"Smoking areas in China&#039;s airports - airportsmokinglounge.com\" \/>\n<meta property=\"og:description\" content=\"Smoking Areas in China&#039;s Airports - Your Ultimate Guide to Finding a Place to Smoke \u2714\ufe0e Find Your Next Smoke Break Spot \u2714\ufe0e\" \/>\n<meta property=\"og:url\" content=\"https:\/\/airportsmokinglounge.com\/es\/zonas-para-fumar-en-aeropuertos-de-china\/\" \/>\n<meta property=\"og:site_name\" content=\"airportsmokinglounge.com\" \/>\n<meta property=\"article:modified_time\" content=\"2023-05-15T16:41:28+00:00\" \/>\n<meta property=\"og:image\" content=\"https:\/\/airportsmokinglounge.com\/wp-content\/uploads\/2023\/03\/airport-smoking-lounge-4.jpg\" \/>\n\t<meta property=\"og:image:width\" content=\"2048\" \/>\n\t<meta property=\"og:image:height\" content=\"1152\" \/>\n\t<meta property=\"og:image:type\" content=\"image\/jpeg\" \/>\n<meta name=\"twitter:card\" content=\"summary_large_image\" \/>\n<meta name=\"twitter:label1\" content=\"Tiempo de lectura\" \/>\n\t<meta name=\"twitter:data1\" content=\"3 minutos\" \/>\n<script type=\"application\/ld+json\" class=\"yoast-schema-graph\">{\"@context\":\"https:\/\/schema.org\",\"@graph\":[{\"@type\":\"WebPage\",\"@id\":\"https:\/\/airportsmokinglounge.com\/smoking-areas-in-chinas-airports\/\",\"url\":\"https:\/\/airportsmokinglounge.com\/smoking-areas-in-chinas-airports\/\",\"name\":\"Smoking areas in China's airports - airportsmokinglounge.com\",\"isPartOf\":{\"@id\":\"https:\/\/airportsmokinglounge.com\/#website\"},\"primaryImageOfPage\":{\"@id\":\"https:\/\/airportsmokinglounge.com\/smoking-areas-in-chinas-airports\/#primaryimage\"},\"image\":{\"@id\":\"https:\/\/airportsmokinglounge.com\/smoking-areas-in-chinas-airports\/#primaryimage\"},\"thumbnailUrl\":\"https:\/\/airportsmokinglounge.com\/wp-content\/uploads\/2023\/03\/airport-smoking-lounge-4.jpg\",\"datePublished\":\"2023-03-05T16:12:24+00:00\",\"dateModified\":\"2023-05-15T16:41:28+00:00\",\"description\":\"Smoking Areas in China's Airports - Your Ultimate Guide to Finding a Place to Smoke \u2714\ufe0e Find Your Next Smoke Break Spot \u2714\ufe0e\",\"breadcrumb\":{\"@id\":\"https:\/\/airportsmokinglounge.com\/smoking-areas-in-chinas-airports\/#breadcrumb\"},\"inLanguage\":\"es\",\"potentialAction\":[{\"@type\":\"ReadAction\",\"target\":[\"https:\/\/airportsmokinglounge.com\/smoking-areas-in-chinas-airports\/\"]}]},{\"@type\":\"ImageObject\",\"inLanguage\":\"es\",\"@id\":\"https:\/\/airportsmokinglounge.com\/smoking-areas-in-chinas-airports\/#primaryimage\",\"url\":\"https:\/\/airportsmokinglounge.com\/wp-content\/uploads\/2023\/03\/airport-smoking-lounge-4.jpg\",\"contentUrl\":\"https:\/\/airportsmokinglounge.com\/wp-content\/uploads\/2023\/03\/airport-smoking-lounge-4.jpg\",\"width\":2048,\"height\":1152,\"caption\":\"Airport Smoking\"},{\"@type\":\"BreadcrumbList\",\"@id\":\"https:\/\/airportsmokinglounge.com\/smoking-areas-in-chinas-airports\/#breadcrumb\",\"itemListElement\":[{\"@type\":\"ListItem\",\"position\":1,\"name\":\"Home\",\"item\":\"https:\/\/airportsmokinglounge.com\/\"},{\"@type\":\"ListItem\",\"position\":2,\"name\":\"Smoking areas in China&#8217;s airports\"}]},{\"@type\":\"WebSite\",\"@id\":\"https:\/\/airportsmokinglounge.com\/#website\",\"url\":\"https:\/\/airportsmokinglounge.com\/\",\"name\":\"airportsmokinglounge.com\",\"description\":\"\",\"potentialAction\":[{\"@type\":\"SearchAction\",\"target\":{\"@type\":\"EntryPoint\",\"urlTemplate\":\"https:\/\/airportsmokinglounge.com\/?s={search_term_string}\"},\"query-input\":{\"@type\":\"PropertyValueSpecification\",\"valueRequired\":true,\"valueName\":\"search_term_string\"}}],\"inLanguage\":\"es\"}]}<\/script>\n<!-- \/ Yoast SEO plugin. -->","yoast_head_json":{"title":"Zonas para fumadores en los aeropuertos de China - Airportsmokinglounge.com","description":"\u00c1reas para fumadores en los aeropuertos de China: su gu\u00eda definitiva para encontrar un lugar para fumar \u2714\ufe0e Encuentre su pr\u00f3ximo lugar para fumar \u2714\ufe0e","robots":{"index":"index","follow":"follow","max-snippet":"max-snippet:-1","max-image-preview":"max-image-preview:large","max-video-preview":"max-video-preview:-1"},"canonical":"https:\/\/airportsmokinglounge.com\/es\/zonas-para-fumar-en-aeropuertos-de-china\/","og_locale":"es_ES","og_type":"article","og_title":"Smoking areas in China's airports - airportsmokinglounge.com","og_description":"Smoking Areas in China's Airports - Your Ultimate Guide to Finding a Place to Smoke \u2714\ufe0e Find Your Next Smoke Break Spot \u2714\ufe0e","og_url":"https:\/\/airportsmokinglounge.com\/es\/zonas-para-fumar-en-aeropuertos-de-china\/","og_site_name":"airportsmokinglounge.com","article_modified_time":"2023-05-15T16:41:28+00:00","og_image":[{"width":2048,"height":1152,"url":"https:\/\/airportsmokinglounge.com\/wp-content\/uploads\/2023\/03\/airport-smoking-lounge-4.jpg","type":"image\/jpeg"}],"twitter_card":"summary_large_image","twitter_misc":{"Tiempo de lectura":"3 minutos"},"schema":{"@context":"https:\/\/schema.org","@graph":[{"@type":"WebPage","@id":"https:\/\/airportsmokinglounge.com\/smoking-areas-in-chinas-airports\/","url":"https:\/\/airportsmokinglounge.com\/smoking-areas-in-chinas-airports\/","name":"Zonas para fumadores en los aeropuertos de China - Airportsmokinglounge.com","isPartOf":{"@id":"https:\/\/airportsmokinglounge.com\/#website"},"primaryImageOfPage":{"@id":"https:\/\/airportsmokinglounge.com\/smoking-areas-in-chinas-airports\/#primaryimage"},"image":{"@id":"https:\/\/airportsmokinglounge.com\/smoking-areas-in-chinas-airports\/#primaryimage"},"thumbnailUrl":"https:\/\/airportsmokinglounge.com\/wp-content\/uploads\/2023\/03\/airport-smoking-lounge-4.jpg","datePublished":"2023-03-05T16:12:24+00:00","dateModified":"2023-05-15T16:41:28+00:00","description":"\u00c1reas para fumadores en los aeropuertos de China: su gu\u00eda definitiva para encontrar un lugar para fumar \u2714\ufe0e Encuentre su pr\u00f3ximo lugar para fumar \u2714\ufe0e","breadcrumb":{"@id":"https:\/\/airportsmokinglounge.com\/smoking-areas-in-chinas-airports\/#breadcrumb"},"inLanguage":"es","potentialAction":[{"@type":"ReadAction","target":["https:\/\/airportsmokinglounge.com\/smoking-areas-in-chinas-airports\/"]}]},{"@type":"ImageObject","inLanguage":"es","@id":"https:\/\/airportsmokinglounge.com\/smoking-areas-in-chinas-airports\/#primaryimage","url":"https:\/\/airportsmokinglounge.com\/wp-content\/uploads\/2023\/03\/airport-smoking-lounge-4.jpg","contentUrl":"https:\/\/airportsmokinglounge.com\/wp-content\/uploads\/2023\/03\/airport-smoking-lounge-4.jpg","width":2048,"height":1152,"caption":"Airport Smoking"},{"@type":"BreadcrumbList","@id":"https:\/\/airportsmokinglounge.com\/smoking-areas-in-chinas-airports\/#breadcrumb","itemListElement":[{"@type":"ListItem","position":1,"name":"Home","item":"https:\/\/airportsmokinglounge.com\/"},{"@type":"ListItem","position":2,"name":"Smoking areas in China&#8217;s airports"}]},{"@type":"WebSite","@id":"https:\/\/airportsmokinglounge.com\/#website","url":"https:\/\/airportsmokinglounge.com\/","name":"aeropuertofumarlounge.com","description":"","potentialAction":[{"@type":"SearchAction","target":{"@type":"EntryPoint","urlTemplate":"https:\/\/airportsmokinglounge.com\/?s={search_term_string}"},"query-input":{"@type":"PropertyValueSpecification","valueRequired":true,"valueName":"search_term_string"}}],"inLanguage":"es"}]}},"_links":{"self":[{"href":"https:\/\/airportsmokinglounge.com\/es\/wp-json\/wp\/v2\/pages\/398","targetHints":{"allow":["GET"]}}],"collection":[{"href":"https:\/\/airportsmokinglounge.com\/es\/wp-json\/wp\/v2\/pages"}],"about":[{"href":"https:\/\/airportsmokinglounge.com\/es\/wp-json\/wp\/v2\/types\/page"}],"author":[{"embeddable":true,"href":"https:\/\/airportsmokinglounge.com\/es\/wp-json\/wp\/v2\/users\/1"}],"replies":[{"embeddable":true,"href":"https:\/\/airportsmokinglounge.com\/es\/wp-json\/wp\/v2\/comments?post=398"}],"version-history":[{"count":10,"href":"https:\/\/airportsmokinglounge.com\/es\/wp-json\/wp\/v2\/pages\/398\/revisions"}],"predecessor-version":[{"id":5093,"href":"https:\/\/airportsmokinglounge.com\/es\/wp-json\/wp\/v2\/pages\/398\/revisions\/5093"}],"wp:featuredmedia":[{"embeddable":true,"href":"https:\/\/airportsmokinglounge.com\/es\/wp-json\/wp\/v2\/media\/1199"}],"wp:attachment":[{"href":"https:\/\/airportsmokinglounge.com\/es\/wp-json\/wp\/v2\/media?parent=398"}],"curies":[{"name":"gracias","href":"https:\/\/api.w.org\/{rel}","templated":true}]}}