{"id":401,"date":"2023-03-07T09:51:48","date_gmt":"2023-03-07T08:51:48","guid":{"rendered":"https:\/\/airportsmokinglounge.com\/?page_id=401"},"modified":"2023-05-16T10:43:57","modified_gmt":"2023-05-16T08:43:57","slug":"smoking-areas-in-japans-airports","status":"publish","type":"page","link":"https:\/\/airportsmokinglounge.com\/es\/zonas-de-fumadores-en-aeropuertos-japoneses\/","title":{"rendered":"Zonas de fumadores en los aeropuertos de Jap\u00f3n"},"content":{"rendered":"<p>Jap\u00f3n tiene varios aeropuertos, que van desde peque\u00f1os aeropuertos regionales hasta centros internacionales m\u00e1s grandes.<\/p>\n<p>En este sitio web puede encontrar todas las \u00e1reas para fumadores en los aeropuertos, incluidas las \u00e1reas designadas para fumadores y las instalaciones disponibles. Entendemos la frustraci\u00f3n de pasar por seguridad solo para descubrir que no hay \u00e1reas para fumadores en ninguna parte y, en algunos casos, es posible que no se permitan los cigarrillos electr\u00f3nicos.<\/p>\n<p>Este servicio es para todos los fumadores que quieran disfrutar de un cigarrillo antes o despu\u00e9s de vuelos largos.<\/p>\n<h2>Aeropuertos en Jap\u00f3n<\/h2>\n<ul style=\"list-style-type: circle;\">\n<li><a href=\"https:\/\/airportsmokinglounge.com\/es\/areas-para-fumar-en-el-aeropuerto-internacional-nrt-de-tokio-narita\/\">TOKIO \u2013 AEROPUERTO INTERNACIONAL DE NARITA (NRT)<\/a><\/li>\n<li><a href=\"https:\/\/airportsmokinglounge.com\/es\/zonas-para-fumar-en-el-aeropuerto-internacional-de-tokio-haneda-hnd\/\">TOKIO \u2013 AEROPUERTO INTERNACIONAL DE HANEDA (HND)<\/a><\/li>\n<li><a href=\"https:\/\/airportsmokinglounge.com\/es\/areas-para-fumar-en-osaka-kansai-international-airport-kix\/\">OSAKA \u2013 AEROPUERTO INTERNACIONAL DE KANSAI (KIX)<\/a><\/li>\n<li><a href=\"https:\/\/airportsmokinglounge.com\/es\/areas-para-fumar-en-el-aeropuerto-de-fukuoka-fuk\/\">AEROPUERTO DE FUKUOKA (FUK)<\/a><\/li>\n<li><a href=\"https:\/\/airportsmokinglounge.com\/es\/zonas-para-fumadores-en-el-aeropuerto-internacional-de-chubu-ong\/\">TOKONAME \u2013 AEROPUERTO INTERNACIONAL CHUBU CENTRAIR (ONG)<\/a><\/li>\n<li><a href=\"https:\/\/airportsmokinglounge.com\/es\/areas-para-fumar-en-el-nuevo-aeropuerto-de-chitose-cts\/\">NUEVO AEROPUERTO DE CHITOSE (CTS)<\/a><\/li>\n<li><a href=\"https:\/\/airportsmokinglounge.com\/es\/areas-para-fumar-en-el-aeropuerto-de-naha-oka\/\">AEROPUERTO DE NAHA (OKA)<\/a><\/li>\n<li><a href=\"https:\/\/airportsmokinglounge.com\/es\/zonas-para-fumadores-en-el-aeropuerto-yamaguchi-ube-ubj\/\">AEROPUERTO YAMAGUCHI UBE (UBJ)<\/a><\/li>\n<li><a href=\"https:\/\/airportsmokinglounge.com\/es\/zonas-para-fumadores-en-el-aeropuerto-de-kagoshima-koj\/\">AEROPUERTO DE KAGOSHIMA (KOJ)<\/a><\/li>\n<li><a href=\"https:\/\/airportsmokinglounge.com\/es\/areas-para-fumar-en-el-aeropuerto-internacional-de-osaka-itm\/\">AEROPUERTO INTERNACIONAL DE OSAKA (ITM)<\/a><\/li>\n<li><a href=\"https:\/\/airportsmokinglounge.com\/es\/zonas-para-fumar-en-el-aeropuerto-de-sendai-sdj\/\">AEROPUERTO DE SENDAI (SDJ)<\/a><\/li>\n<li><a href=\"https:\/\/airportsmokinglounge.com\/es\/areas-para-fumar-en-el-aeropuerto-de-okayama-okj\/\">AEROPUERTO DE OKAYAMA (OKJ)<\/a><\/li>\n<li><a href=\"https:\/\/airportsmokinglounge.com\/es\/zonas-para-fumar-en-el-aeropuerto-de-kanazawa-komatsu-kmq\/\">AEROPUERTO DE KANAZAWA-KOMATSU (KMQ)<\/a><\/li>\n<li><a href=\"https:\/\/airportsmokinglounge.com\/es\/zonas-para-fumar-en-el-aeropuerto-de-hiroshima-hij\/\">AEROPUERTO DE HIROSHIMA (HIJ)<\/a><\/li>\n<li><a href=\"https:\/\/airportsmokinglounge.com\/es\/zonas-para-fumadores-en-el-aeropuerto-de-nagasaki-ngs\/\">AEROPUERTO DE NAGASAKI (NGS)<\/a><\/li>\n<li><a href=\"https:\/\/airportsmokinglounge.com\/es\/areas-para-fumar-en-el-aeropuerto-niigata-kij\/\">AEROPUERTO DE NIIGATA (KIJ)<\/a><\/li>\n<li><a href=\"https:\/\/airportsmokinglounge.com\/es\/zonas-para-fumadores-en-el-aeropuerto-de-matsuyama-myj\/\">AEROPUERTO DE MATSUYAMA (MYJ)<\/a><\/li>\n<li><a href=\"https:\/\/airportsmokinglounge.com\/es\/zonas-para-fumar-en-el-aeropuerto-miyako-mmy\/\">AEROPUERTO DE MIYAKO (MMY)<\/a><\/li>\n<li><a href=\"https:\/\/airportsmokinglounge.com\/es\/zonas-para-fumadores-en-el-aeropuerto-de-takamatsu\/\">AEROPUERTO DE TAKAMATSU (TAK)<\/a><\/li>\n<li><a href=\"https:\/\/airportsmokinglounge.com\/es\/zonas-para-fumadores-en-el-aeropuerto-de-hakodate-hkd\/\">AEROPUERTO DE HAKODATE (HKD)<\/a><\/li>\n<li><a href=\"https:\/\/airportsmokinglounge.com\/es\/areas-para-fumar-en-hokkaido-asahikawa-airport-akj\/\">HOKKAIDO \u2013 AEROPUERTO DE ASAHIKAWA (AKJ)<\/a><\/li>\n<li><a href=\"https:\/\/airportsmokinglounge.com\/es\/zonas-para-fumadores-en-el-aeropuerto-de-miyazaki-kmi\/\">AEROPUERTO DE MIYAZAKI (KMI)<\/a><\/li>\n<li><a href=\"https:\/\/airportsmokinglounge.com\/es\/zonas-para-fumadores-en-el-aeropuerto-de-oita\/\">AEROPUERTO DE OITA (OIT)<\/a><\/li>\n<li><a href=\"https:\/\/airportsmokinglounge.com\/es\/areas-para-fumar-en-el-aeropuerto-de-kumamoto-kmj\/\">AEROPUERTO DE KUMAMOTO (KMJ)<\/a><\/li>\n<li><a href=\"https:\/\/airportsmokinglounge.com\/es\/zonas-para-fumadores-en-el-aeropuerto-de-kobe-reino-unido\/\">AEROPUERTO DE KOBE (UKB)<\/a><\/li>\n<\/ul>\n<h2>Ley de fumadores de Jap\u00f3n<\/h2>\n<p>Jap\u00f3n cuenta con regulaciones sobre el consumo de tabaco para abordar los problemas de salud p\u00fablica relacionados con el consumo de tabaco. Sin embargo, tenga en cuenta que las leyes y regulaciones sobre fumar pueden cambiar con el tiempo, por lo que se recomienda consultar la legislaci\u00f3n m\u00e1s reciente o consultar a las autoridades locales para obtener la informaci\u00f3n m\u00e1s actualizada sobre las leyes sobre fumar de Jap\u00f3n.<\/p>\n<p>En Jap\u00f3n, las normas sobre fumar var\u00edan seg\u00fan la ubicaci\u00f3n y el establecimiento. Si bien existen restricciones para fumar en ciertos lugares p\u00fablicos, incluidos edificios gubernamentales, centros de atenci\u00f3n m\u00e9dica e instituciones educativas, las regulaciones son generalmente menos estrictas en comparaci\u00f3n con otros pa\u00edses.<\/p>\n<p>Muchos restaurantes y bares en Jap\u00f3n tienen \u00e1reas designadas para fumadores, mientras que otros pueden permitir fumar en todo el establecimiento. Sin embargo, ha habido una tendencia creciente hacia la creaci\u00f3n de ambientes libres de humo y algunos establecimientos han implementado voluntariamente restricciones para fumar o adoptado pol\u00edticas libres de humo.<\/p>\n<p>La venta de productos de tabaco a menores de 20 a\u00f1os est\u00e1 prohibida en Jap\u00f3n. Adem\u00e1s, el pa\u00eds ha implementado regulaciones sobre publicidad, promoci\u00f3n y patrocinio del tabaco.<\/p>\n<p>En Jap\u00f3n se han realizado esfuerzos para aumentar la conciencia p\u00fablica sobre los riesgos para la salud asociados con el tabaquismo, incluidas campa\u00f1as de salud y advertencias en los paquetes de cigarrillos. El pa\u00eds ha implementado advertencias sanitarias gr\u00e1ficas pict\u00f3ricas en los empaques de productos de tabaco.<\/p>\n<p>La aplicaci\u00f3n de las leyes sobre fumar puede variar y el cumplimiento puede depender del establecimiento y las autoridades locales. Vale la pena se\u00f1alar que algunos municipios locales en Jap\u00f3n han implementado regulaciones m\u00e1s estrictas para fumar y han designado m\u00e1s \u00e1reas libres de humo.<\/p>\n<p>Para obtener la informaci\u00f3n m\u00e1s precisa y actualizada sobre las leyes de fumar de Jap\u00f3n, se recomienda consultar la legislaci\u00f3n m\u00e1s reciente o comunicarse con las autoridades locales o las organizaciones de salud.<\/p>\n<p><strong>M\u00e1s Aeropuerto Zonas de fumadores\u00a0<\/strong><\/p>\n<ul>\n<li><a href=\"https:\/\/airportsmokinglounge.com\/es\/fumar-en-los-aeropuertos-de-norteamerica\/\">Am\u00e9rica del norte<\/a><\/li>\n<li><a href=\"https:\/\/airportsmokinglounge.com\/es\/fumar-en-los-aeropuertos-de-america-del-sur\/\">Sudamerica<\/a><\/li>\n<li><a href=\"https:\/\/airportsmokinglounge.com\/es\/zonas-de-fumadores-en-aeropuertos-europeos\/\">Europa<\/a><\/li>\n<li><a href=\"https:\/\/airportsmokinglounge.com\/es\/fumar-en-aeropuertos-en-asia\/\">Asia<\/a><\/li>\n<li><a href=\"https:\/\/airportsmokinglounge.com\/es\/fumar-en-aeropuertos-en-oceania\/\">Ocean\u00eda<\/a><\/li>\n<\/ul>","protected":false},"excerpt":{"rendered":"<p>Jap\u00f3n cuenta con varios aeropuertos, desde peque\u00f1os aeropuertos regionales hasta grandes centros internacionales. En este sitio web puede encontrar todas las \u00e1reas para fumadores en los aeropuertos, incluidas las \u00e1reas designadas para fumadores y las instalaciones disponibles. Entendemos la frustraci\u00f3n de pasar por el control de seguridad y descubrir que no hay \u00e1reas para fumadores en ning\u00fan lado y, en algunos casos, los cigarrillos electr\u00f3nicos pueden\u2026&nbsp;<a href=\"https:\/\/airportsmokinglounge.com\/es\/zonas-de-fumadores-en-aeropuertos-japoneses\/\" rel=\"bookmark\">Leer m\u00e1s &quot;<span class=\"screen-reader-text\">Zonas de fumadores en los aeropuertos de Jap\u00f3n<\/span><\/a><\/p>","protected":false},"author":1,"featured_media":1199,"parent":0,"menu_order":0,"comment_status":"closed","ping_status":"closed","template":"","meta":{"neve_meta_sidebar":"","neve_meta_container":"","neve_meta_enable_content_width":"off","neve_meta_content_width":100,"neve_meta_title_alignment":"","neve_meta_author_avatar":"","neve_post_elements_order":"","neve_meta_disable_header":"","neve_meta_disable_footer":"","neve_meta_disable_title":"","neve_meta_reading_time":"","footnotes":""},"class_list":["post-401","page","type-page","status-publish","has-post-thumbnail","hentry"],"yoast_head":"<!-- This site is optimized with the Yoast SEO plugin v26.6 - https:\/\/yoast.com\/wordpress\/plugins\/seo\/ -->\n<title>Smoking areas in Japan&#039;s airports - airportsmokinglounge.com<\/title>\n<meta name=\"description\" content=\"Smoking Areas in Japan&#039;s Airports - Your Ultimate Guide to Finding a Place to Smoke \u2714\ufe0e Find Your Next Smoke Break Spot \u2714\ufe0e\" \/>\n<meta name=\"robots\" content=\"index, follow, max-snippet:-1, max-image-preview:large, max-video-preview:-1\" \/>\n<link rel=\"canonical\" href=\"https:\/\/airportsmokinglounge.com\/es\/zonas-de-fumadores-en-aeropuertos-japoneses\/\" \/>\n<meta property=\"og:locale\" content=\"es_ES\" \/>\n<meta property=\"og:type\" content=\"article\" \/>\n<meta property=\"og:title\" content=\"Smoking areas in Japan&#039;s airports - airportsmokinglounge.com\" \/>\n<meta property=\"og:description\" content=\"Smoking Areas in Japan&#039;s Airports - Your Ultimate Guide to Finding a Place to Smoke \u2714\ufe0e Find Your Next Smoke Break Spot \u2714\ufe0e\" \/>\n<meta property=\"og:url\" content=\"https:\/\/airportsmokinglounge.com\/es\/zonas-de-fumadores-en-aeropuertos-japoneses\/\" \/>\n<meta property=\"og:site_name\" content=\"airportsmokinglounge.com\" \/>\n<meta property=\"article:modified_time\" content=\"2023-05-16T08:43:57+00:00\" \/>\n<meta property=\"og:image\" content=\"https:\/\/airportsmokinglounge.com\/wp-content\/uploads\/2023\/03\/airport-smoking-lounge-4.jpg\" \/>\n\t<meta property=\"og:image:width\" content=\"2048\" \/>\n\t<meta property=\"og:image:height\" content=\"1152\" \/>\n\t<meta property=\"og:image:type\" content=\"image\/jpeg\" \/>\n<meta name=\"twitter:card\" content=\"summary_large_image\" \/>\n<meta name=\"twitter:label1\" content=\"Tiempo de lectura\" \/>\n\t<meta name=\"twitter:data1\" content=\"2 minutos\" \/>\n<script type=\"application\/ld+json\" class=\"yoast-schema-graph\">{\"@context\":\"https:\/\/schema.org\",\"@graph\":[{\"@type\":\"WebPage\",\"@id\":\"https:\/\/airportsmokinglounge.com\/smoking-areas-in-japans-airports\/\",\"url\":\"https:\/\/airportsmokinglounge.com\/smoking-areas-in-japans-airports\/\",\"name\":\"Smoking areas in Japan's airports - airportsmokinglounge.com\",\"isPartOf\":{\"@id\":\"https:\/\/airportsmokinglounge.com\/#website\"},\"primaryImageOfPage\":{\"@id\":\"https:\/\/airportsmokinglounge.com\/smoking-areas-in-japans-airports\/#primaryimage\"},\"image\":{\"@id\":\"https:\/\/airportsmokinglounge.com\/smoking-areas-in-japans-airports\/#primaryimage\"},\"thumbnailUrl\":\"https:\/\/airportsmokinglounge.com\/wp-content\/uploads\/2023\/03\/airport-smoking-lounge-4.jpg\",\"datePublished\":\"2023-03-07T08:51:48+00:00\",\"dateModified\":\"2023-05-16T08:43:57+00:00\",\"description\":\"Smoking Areas in Japan's Airports - Your Ultimate Guide to Finding a Place to Smoke \u2714\ufe0e Find Your Next Smoke Break Spot \u2714\ufe0e\",\"breadcrumb\":{\"@id\":\"https:\/\/airportsmokinglounge.com\/smoking-areas-in-japans-airports\/#breadcrumb\"},\"inLanguage\":\"es\",\"potentialAction\":[{\"@type\":\"ReadAction\",\"target\":[\"https:\/\/airportsmokinglounge.com\/smoking-areas-in-japans-airports\/\"]}]},{\"@type\":\"ImageObject\",\"inLanguage\":\"es\",\"@id\":\"https:\/\/airportsmokinglounge.com\/smoking-areas-in-japans-airports\/#primaryimage\",\"url\":\"https:\/\/airportsmokinglounge.com\/wp-content\/uploads\/2023\/03\/airport-smoking-lounge-4.jpg\",\"contentUrl\":\"https:\/\/airportsmokinglounge.com\/wp-content\/uploads\/2023\/03\/airport-smoking-lounge-4.jpg\",\"width\":2048,\"height\":1152,\"caption\":\"Airport Smoking\"},{\"@type\":\"BreadcrumbList\",\"@id\":\"https:\/\/airportsmokinglounge.com\/smoking-areas-in-japans-airports\/#breadcrumb\",\"itemListElement\":[{\"@type\":\"ListItem\",\"position\":1,\"name\":\"Home\",\"item\":\"https:\/\/airportsmokinglounge.com\/\"},{\"@type\":\"ListItem\",\"position\":2,\"name\":\"Smoking areas in Japan&#8217;s airports\"}]},{\"@type\":\"WebSite\",\"@id\":\"https:\/\/airportsmokinglounge.com\/#website\",\"url\":\"https:\/\/airportsmokinglounge.com\/\",\"name\":\"airportsmokinglounge.com\",\"description\":\"\",\"potentialAction\":[{\"@type\":\"SearchAction\",\"target\":{\"@type\":\"EntryPoint\",\"urlTemplate\":\"https:\/\/airportsmokinglounge.com\/?s={search_term_string}\"},\"query-input\":{\"@type\":\"PropertyValueSpecification\",\"valueRequired\":true,\"valueName\":\"search_term_string\"}}],\"inLanguage\":\"es\"}]}<\/script>\n<!-- \/ Yoast SEO plugin. -->","yoast_head_json":{"title":"Zonas de fumadores en los aeropuertos de Jap\u00f3n - airportSmokinglounge.com","description":"\u00c1reas para fumadores en los aeropuertos de Jap\u00f3n: su gu\u00eda definitiva para encontrar un lugar para fumar \u2714\ufe0e Encuentre su pr\u00f3ximo lugar para fumar \u2714\ufe0e","robots":{"index":"index","follow":"follow","max-snippet":"max-snippet:-1","max-image-preview":"max-image-preview:large","max-video-preview":"max-video-preview:-1"},"canonical":"https:\/\/airportsmokinglounge.com\/es\/zonas-de-fumadores-en-aeropuertos-japoneses\/","og_locale":"es_ES","og_type":"article","og_title":"Smoking areas in Japan's airports - airportsmokinglounge.com","og_description":"Smoking Areas in Japan's Airports - Your Ultimate Guide to Finding a Place to Smoke \u2714\ufe0e Find Your Next Smoke Break Spot \u2714\ufe0e","og_url":"https:\/\/airportsmokinglounge.com\/es\/zonas-de-fumadores-en-aeropuertos-japoneses\/","og_site_name":"airportsmokinglounge.com","article_modified_time":"2023-05-16T08:43:57+00:00","og_image":[{"width":2048,"height":1152,"url":"https:\/\/airportsmokinglounge.com\/wp-content\/uploads\/2023\/03\/airport-smoking-lounge-4.jpg","type":"image\/jpeg"}],"twitter_card":"summary_large_image","twitter_misc":{"Tiempo de lectura":"2 minutos"},"schema":{"@context":"https:\/\/schema.org","@graph":[{"@type":"WebPage","@id":"https:\/\/airportsmokinglounge.com\/smoking-areas-in-japans-airports\/","url":"https:\/\/airportsmokinglounge.com\/smoking-areas-in-japans-airports\/","name":"Zonas de fumadores en los aeropuertos de Jap\u00f3n - airportSmokinglounge.com","isPartOf":{"@id":"https:\/\/airportsmokinglounge.com\/#website"},"primaryImageOfPage":{"@id":"https:\/\/airportsmokinglounge.com\/smoking-areas-in-japans-airports\/#primaryimage"},"image":{"@id":"https:\/\/airportsmokinglounge.com\/smoking-areas-in-japans-airports\/#primaryimage"},"thumbnailUrl":"https:\/\/airportsmokinglounge.com\/wp-content\/uploads\/2023\/03\/airport-smoking-lounge-4.jpg","datePublished":"2023-03-07T08:51:48+00:00","dateModified":"2023-05-16T08:43:57+00:00","description":"\u00c1reas para fumadores en los aeropuertos de Jap\u00f3n: su gu\u00eda definitiva para encontrar un lugar para fumar \u2714\ufe0e Encuentre su pr\u00f3ximo lugar para fumar \u2714\ufe0e","breadcrumb":{"@id":"https:\/\/airportsmokinglounge.com\/smoking-areas-in-japans-airports\/#breadcrumb"},"inLanguage":"es","potentialAction":[{"@type":"ReadAction","target":["https:\/\/airportsmokinglounge.com\/smoking-areas-in-japans-airports\/"]}]},{"@type":"ImageObject","inLanguage":"es","@id":"https:\/\/airportsmokinglounge.com\/smoking-areas-in-japans-airports\/#primaryimage","url":"https:\/\/airportsmokinglounge.com\/wp-content\/uploads\/2023\/03\/airport-smoking-lounge-4.jpg","contentUrl":"https:\/\/airportsmokinglounge.com\/wp-content\/uploads\/2023\/03\/airport-smoking-lounge-4.jpg","width":2048,"height":1152,"caption":"Airport Smoking"},{"@type":"BreadcrumbList","@id":"https:\/\/airportsmokinglounge.com\/smoking-areas-in-japans-airports\/#breadcrumb","itemListElement":[{"@type":"ListItem","position":1,"name":"Home","item":"https:\/\/airportsmokinglounge.com\/"},{"@type":"ListItem","position":2,"name":"Smoking areas in Japan&#8217;s airports"}]},{"@type":"WebSite","@id":"https:\/\/airportsmokinglounge.com\/#website","url":"https:\/\/airportsmokinglounge.com\/","name":"aeropuertofumarlounge.com","description":"","potentialAction":[{"@type":"SearchAction","target":{"@type":"EntryPoint","urlTemplate":"https:\/\/airportsmokinglounge.com\/?s={search_term_string}"},"query-input":{"@type":"PropertyValueSpecification","valueRequired":true,"valueName":"search_term_string"}}],"inLanguage":"es"}]}},"_links":{"self":[{"href":"https:\/\/airportsmokinglounge.com\/es\/wp-json\/wp\/v2\/pages\/401","targetHints":{"allow":["GET"]}}],"collection":[{"href":"https:\/\/airportsmokinglounge.com\/es\/wp-json\/wp\/v2\/pages"}],"about":[{"href":"https:\/\/airportsmokinglounge.com\/es\/wp-json\/wp\/v2\/types\/page"}],"author":[{"embeddable":true,"href":"https:\/\/airportsmokinglounge.com\/es\/wp-json\/wp\/v2\/users\/1"}],"replies":[{"embeddable":true,"href":"https:\/\/airportsmokinglounge.com\/es\/wp-json\/wp\/v2\/comments?post=401"}],"version-history":[{"count":10,"href":"https:\/\/airportsmokinglounge.com\/es\/wp-json\/wp\/v2\/pages\/401\/revisions"}],"predecessor-version":[{"id":5170,"href":"https:\/\/airportsmokinglounge.com\/es\/wp-json\/wp\/v2\/pages\/401\/revisions\/5170"}],"wp:featuredmedia":[{"embeddable":true,"href":"https:\/\/airportsmokinglounge.com\/es\/wp-json\/wp\/v2\/media\/1199"}],"wp:attachment":[{"href":"https:\/\/airportsmokinglounge.com\/es\/wp-json\/wp\/v2\/media?parent=401"}],"curies":[{"name":"gracias","href":"https:\/\/api.w.org\/{rel}","templated":true}]}}