{"id":498,"date":"2023-03-15T18:52:05","date_gmt":"2023-03-15T17:52:05","guid":{"rendered":"https:\/\/airportsmokinglounge.com\/?page_id=498"},"modified":"2023-05-13T15:04:46","modified_gmt":"2023-05-13T13:04:46","slug":"smoking-areas-at-minsk-national-airport-msq","status":"publish","type":"page","link":"https:\/\/airportsmokinglounge.com\/es\/zonas-para-fumadores-en-el-aeropuerto-nacional-de-minsk-msq\/","title":{"rendered":"Zonas para fumadores en el Aeropuerto Nacional de Minsk (MSQ)"},"content":{"rendered":"<p>El Aeropuerto Nacional de Minsk es el m\u00e1s grande y concurrido de Bielorrusia, ubicado a unos 42 km al este de la capital, Minsk. Es el principal centro de operaciones de la aerol\u00ednea nacional, Belavia, y ofrece vuelos a numerosos destinos internacionales, como Europa, Asia y Norteam\u00e9rica. Tambi\u00e9n sirve como centro de operaciones para varias aerol\u00edneas internacionales, como Turkish Airlines, Lufthansa y AirBaltic.<\/p>\n<p>El aeropuerto de Minsk cuenta con dos terminales: la terminal principal y una segunda terminal que da servicio a aerol\u00edneas de bajo coste. La terminal principal tiene tres niveles: el primero est\u00e1 dedicado a llegadas, el segundo a salidas y el tercero a clase ejecutiva y salas VIP.<\/p>\n<h2>Zonas de fumadores antes del Control de Seguridad<\/h2>\n<ul>\n<li>Solo se permite fumar fuera de la terminal en las \u00e1reas designadas<\/li>\n<\/ul>\n<h2>Zonas de fumadores despu\u00e9s del control de seguridad<\/h2>\n<ul>\n<li>La sala de fumadores se encuentra en la zona principal de la terminal, despu\u00e9s del control de pasaportes, entre las puertas 5\/6 y 7\/8.<\/li>\n<li>Hay una zona de fumadores cerca de la puerta 13.<\/li>\n<li>Tambi\u00e9n hay un cartel de sala de fumadores cerca de las escaleras para todos los pasajeros que salen de las puertas 1 a 9 (A, B).<\/li>\n<\/ul>\n<p><span style=\"font-size: 12pt;\">M\u00e1s informaci\u00f3n en el sitio web oficial<\/span><\/p>\n<ul>\n<li><span style=\"font-size: 12pt;\"><a href=\"https:\/\/airport.by\/en\" target=\"_blank\" rel=\"noopener\">aeropuerto.by<\/a><\/span><\/li>\n<\/ul>\n<p><span style=\"font-size: 12pt;\"><strong>Envianos tus comentarios<\/strong><\/span><\/p>\n<p><span style=\"font-size: 12pt;\">Si se encuentra en el aeropuerto de Minsk, le invitamos a enviarnos fotos de las zonas de fumadores. Esto nos ayudar\u00e1 a completar nuestra base de datos m\u00e1s r\u00e1pido. Puede hacerlo. <strong><a href=\"https:\/\/airportsmokinglounge.com\/es\/contacto\/\">Aqu\u00ed<\/a>.<\/strong> Las im\u00e1genes se publican en nuestro sitio web, indicando la fuente de la imagen (nombre). Si\u00e9ntase libre de compartir estas fotos con nosotros y todos los visitantes de airportSmokinglounge.com.<\/span><\/p>\n<h2>Zonas para fumadores en los aeropuertos de Bielorrusia<\/h2>\n<p>En general, est\u00e1 prohibido fumar dentro de las terminales de todos los aeropuertos de Bielorrusia, incluidos el aeropuerto nacional de Minsk, el aeropuerto de Gomel, el aeropuerto de Grodno, el aeropuerto de Vitebsk y el aeropuerto de Mogilev.<\/p>\n<p>En el Aeropuerto Nacional de Minsk, solo se permite fumar en las \u00e1reas designadas para fumadores ubicadas fuera de las terminales. Estas zonas para fumadores est\u00e1n equipadas con ceniceros y bancos para los viajeros que deseen fumar antes o despu\u00e9s de sus vuelos. Est\u00e1 estrictamente prohibido fumar en todas las dem\u00e1s \u00e1reas del aeropuerto, incluidos los ba\u00f1os, las \u00e1reas de facturaci\u00f3n y las puertas de embarque.<\/p>\n<p>Otros aeropuertos de Bielorrusia tambi\u00e9n tienen \u00e1reas designadas para fumadores ubicadas fuera de las terminales. Sin embargo, no est\u00e1 permitido fumar dentro de las terminales del aeropuerto ni en ning\u00fan otro espacio p\u00fablico cerrado. Los pasajeros que violen la pol\u00edtica sobre fumar pueden enfrentarse a multas u otras sanciones, ya que fumar en lugares p\u00fablicos se considera un delito menor en Bielorrusia.<\/p>\n<p><span style=\"font-size: 12pt;\"><strong>Zonas de fumadores en:<\/strong><\/span><\/p>\n<ul>\n<li><span style=\"font-size: 12pt;\"><a href=\"https:\/\/airportsmokinglounge.com\/es\/zonas-de-fumadores-en-aeropuertos-europeos\/\">aeropuertos europeos<\/a><\/span><\/li>\n<\/ul>","protected":false},"excerpt":{"rendered":"<p>El Aeropuerto Nacional de Minsk es el m\u00e1s grande y concurrido de Bielorrusia, ubicado a unos 42 km al este de la capital, Minsk. Es el principal centro de operaciones de la aerol\u00ednea nacional, Belavia, y ofrece vuelos a numerosos destinos internacionales, como Europa, Asia y Norteam\u00e9rica. Tambi\u00e9n sirve como centro de operaciones para varios aeropuertos internacionales\u2026&nbsp;<a href=\"https:\/\/airportsmokinglounge.com\/es\/zonas-para-fumadores-en-el-aeropuerto-nacional-de-minsk-msq\/\" rel=\"bookmark\">Leer m\u00e1s &quot;<span class=\"screen-reader-text\">Zonas para fumadores en el Aeropuerto Nacional de Minsk (MSQ)<\/span><\/a><\/p>","protected":false},"author":1,"featured_media":1199,"parent":0,"menu_order":0,"comment_status":"closed","ping_status":"closed","template":"","meta":{"neve_meta_sidebar":"","neve_meta_container":"","neve_meta_enable_content_width":"off","neve_meta_content_width":100,"neve_meta_title_alignment":"","neve_meta_author_avatar":"","neve_post_elements_order":"","neve_meta_disable_header":"","neve_meta_disable_footer":"","neve_meta_disable_title":"","neve_meta_reading_time":"","footnotes":""},"class_list":["post-498","page","type-page","status-publish","has-post-thumbnail","hentry"],"yoast_head":"<!-- This site is optimized with the Yoast SEO plugin v26.6 - https:\/\/yoast.com\/wordpress\/plugins\/seo\/ -->\n<title>Smoking areas at Minsk National Airport (MSQ)<\/title>\n<meta name=\"description\" content=\"Smoking areas Minsk National Airport - Find a smoking area in the airport \u2714\ufe0e Smoking Guide in Airports: Information for Travelers \u2714\ufe0e\" \/>\n<meta name=\"robots\" content=\"index, follow, max-snippet:-1, max-image-preview:large, max-video-preview:-1\" \/>\n<link rel=\"canonical\" href=\"https:\/\/airportsmokinglounge.com\/es\/zonas-para-fumadores-en-el-aeropuerto-nacional-de-minsk-msq\/\" \/>\n<meta property=\"og:locale\" content=\"es_ES\" \/>\n<meta property=\"og:type\" content=\"article\" \/>\n<meta property=\"og:title\" content=\"Smoking areas at Minsk National Airport (MSQ)\" \/>\n<meta property=\"og:description\" content=\"Smoking areas Minsk National Airport - Find a smoking area in the airport \u2714\ufe0e Smoking Guide in Airports: Information for Travelers \u2714\ufe0e\" \/>\n<meta property=\"og:url\" content=\"https:\/\/airportsmokinglounge.com\/es\/zonas-para-fumadores-en-el-aeropuerto-nacional-de-minsk-msq\/\" \/>\n<meta property=\"og:site_name\" content=\"airportsmokinglounge.com\" \/>\n<meta property=\"article:modified_time\" content=\"2023-05-13T13:04:46+00:00\" \/>\n<meta property=\"og:image\" content=\"https:\/\/airportsmokinglounge.com\/wp-content\/uploads\/2023\/03\/airport-smoking-lounge-4.jpg\" \/>\n\t<meta property=\"og:image:width\" content=\"2048\" \/>\n\t<meta property=\"og:image:height\" content=\"1152\" \/>\n\t<meta property=\"og:image:type\" content=\"image\/jpeg\" \/>\n<meta name=\"twitter:card\" content=\"summary_large_image\" \/>\n<meta name=\"twitter:label1\" content=\"Tiempo de lectura\" \/>\n\t<meta name=\"twitter:data1\" content=\"2 minutos\" \/>\n<script type=\"application\/ld+json\" class=\"yoast-schema-graph\">{\"@context\":\"https:\/\/schema.org\",\"@graph\":[{\"@type\":\"WebPage\",\"@id\":\"https:\/\/airportsmokinglounge.com\/smoking-areas-at-minsk-national-airport-msq\/\",\"url\":\"https:\/\/airportsmokinglounge.com\/smoking-areas-at-minsk-national-airport-msq\/\",\"name\":\"Smoking areas at Minsk National Airport (MSQ)\",\"isPartOf\":{\"@id\":\"https:\/\/airportsmokinglounge.com\/#website\"},\"primaryImageOfPage\":{\"@id\":\"https:\/\/airportsmokinglounge.com\/smoking-areas-at-minsk-national-airport-msq\/#primaryimage\"},\"image\":{\"@id\":\"https:\/\/airportsmokinglounge.com\/smoking-areas-at-minsk-national-airport-msq\/#primaryimage\"},\"thumbnailUrl\":\"https:\/\/airportsmokinglounge.com\/wp-content\/uploads\/2023\/03\/airport-smoking-lounge-4.jpg\",\"datePublished\":\"2023-03-15T17:52:05+00:00\",\"dateModified\":\"2023-05-13T13:04:46+00:00\",\"description\":\"Smoking areas Minsk National Airport - Find a smoking area in the airport \u2714\ufe0e Smoking Guide in Airports: Information for Travelers \u2714\ufe0e\",\"breadcrumb\":{\"@id\":\"https:\/\/airportsmokinglounge.com\/smoking-areas-at-minsk-national-airport-msq\/#breadcrumb\"},\"inLanguage\":\"es\",\"potentialAction\":[{\"@type\":\"ReadAction\",\"target\":[\"https:\/\/airportsmokinglounge.com\/smoking-areas-at-minsk-national-airport-msq\/\"]}]},{\"@type\":\"ImageObject\",\"inLanguage\":\"es\",\"@id\":\"https:\/\/airportsmokinglounge.com\/smoking-areas-at-minsk-national-airport-msq\/#primaryimage\",\"url\":\"https:\/\/airportsmokinglounge.com\/wp-content\/uploads\/2023\/03\/airport-smoking-lounge-4.jpg\",\"contentUrl\":\"https:\/\/airportsmokinglounge.com\/wp-content\/uploads\/2023\/03\/airport-smoking-lounge-4.jpg\",\"width\":2048,\"height\":1152,\"caption\":\"Airport Smoking\"},{\"@type\":\"BreadcrumbList\",\"@id\":\"https:\/\/airportsmokinglounge.com\/smoking-areas-at-minsk-national-airport-msq\/#breadcrumb\",\"itemListElement\":[{\"@type\":\"ListItem\",\"position\":1,\"name\":\"Home\",\"item\":\"https:\/\/airportsmokinglounge.com\/\"},{\"@type\":\"ListItem\",\"position\":2,\"name\":\"Smoking areas at Minsk National Airport (MSQ)\"}]},{\"@type\":\"WebSite\",\"@id\":\"https:\/\/airportsmokinglounge.com\/#website\",\"url\":\"https:\/\/airportsmokinglounge.com\/\",\"name\":\"airportsmokinglounge.com\",\"description\":\"\",\"potentialAction\":[{\"@type\":\"SearchAction\",\"target\":{\"@type\":\"EntryPoint\",\"urlTemplate\":\"https:\/\/airportsmokinglounge.com\/?s={search_term_string}\"},\"query-input\":{\"@type\":\"PropertyValueSpecification\",\"valueRequired\":true,\"valueName\":\"search_term_string\"}}],\"inLanguage\":\"es\"}]}<\/script>\n<!-- \/ Yoast SEO plugin. -->","yoast_head_json":{"title":"Zonas para fumadores en el Aeropuerto Nacional de Minsk (MSQ)","description":"Zonas de fumadores Aeropuerto Nacional de Minsk - Encuentra una zona de fumadores en el aeropuerto \u2714\ufe0e Gu\u00eda para fumadores en aeropuertos: Informaci\u00f3n para viajeros \u2714\ufe0e","robots":{"index":"index","follow":"follow","max-snippet":"max-snippet:-1","max-image-preview":"max-image-preview:large","max-video-preview":"max-video-preview:-1"},"canonical":"https:\/\/airportsmokinglounge.com\/es\/zonas-para-fumadores-en-el-aeropuerto-nacional-de-minsk-msq\/","og_locale":"es_ES","og_type":"article","og_title":"Smoking areas at Minsk National Airport (MSQ)","og_description":"Smoking areas Minsk National Airport - Find a smoking area in the airport \u2714\ufe0e Smoking Guide in Airports: Information for Travelers \u2714\ufe0e","og_url":"https:\/\/airportsmokinglounge.com\/es\/zonas-para-fumadores-en-el-aeropuerto-nacional-de-minsk-msq\/","og_site_name":"airportsmokinglounge.com","article_modified_time":"2023-05-13T13:04:46+00:00","og_image":[{"width":2048,"height":1152,"url":"https:\/\/airportsmokinglounge.com\/wp-content\/uploads\/2023\/03\/airport-smoking-lounge-4.jpg","type":"image\/jpeg"}],"twitter_card":"summary_large_image","twitter_misc":{"Tiempo de lectura":"2 minutos"},"schema":{"@context":"https:\/\/schema.org","@graph":[{"@type":"WebPage","@id":"https:\/\/airportsmokinglounge.com\/smoking-areas-at-minsk-national-airport-msq\/","url":"https:\/\/airportsmokinglounge.com\/smoking-areas-at-minsk-national-airport-msq\/","name":"Zonas para fumadores en el Aeropuerto Nacional de Minsk (MSQ)","isPartOf":{"@id":"https:\/\/airportsmokinglounge.com\/#website"},"primaryImageOfPage":{"@id":"https:\/\/airportsmokinglounge.com\/smoking-areas-at-minsk-national-airport-msq\/#primaryimage"},"image":{"@id":"https:\/\/airportsmokinglounge.com\/smoking-areas-at-minsk-national-airport-msq\/#primaryimage"},"thumbnailUrl":"https:\/\/airportsmokinglounge.com\/wp-content\/uploads\/2023\/03\/airport-smoking-lounge-4.jpg","datePublished":"2023-03-15T17:52:05+00:00","dateModified":"2023-05-13T13:04:46+00:00","description":"Zonas de fumadores Aeropuerto Nacional de Minsk - Encuentra una zona de fumadores en el aeropuerto \u2714\ufe0e Gu\u00eda para fumadores en aeropuertos: Informaci\u00f3n para viajeros \u2714\ufe0e","breadcrumb":{"@id":"https:\/\/airportsmokinglounge.com\/smoking-areas-at-minsk-national-airport-msq\/#breadcrumb"},"inLanguage":"es","potentialAction":[{"@type":"ReadAction","target":["https:\/\/airportsmokinglounge.com\/smoking-areas-at-minsk-national-airport-msq\/"]}]},{"@type":"ImageObject","inLanguage":"es","@id":"https:\/\/airportsmokinglounge.com\/smoking-areas-at-minsk-national-airport-msq\/#primaryimage","url":"https:\/\/airportsmokinglounge.com\/wp-content\/uploads\/2023\/03\/airport-smoking-lounge-4.jpg","contentUrl":"https:\/\/airportsmokinglounge.com\/wp-content\/uploads\/2023\/03\/airport-smoking-lounge-4.jpg","width":2048,"height":1152,"caption":"Airport Smoking"},{"@type":"BreadcrumbList","@id":"https:\/\/airportsmokinglounge.com\/smoking-areas-at-minsk-national-airport-msq\/#breadcrumb","itemListElement":[{"@type":"ListItem","position":1,"name":"Home","item":"https:\/\/airportsmokinglounge.com\/"},{"@type":"ListItem","position":2,"name":"Smoking areas at Minsk National Airport (MSQ)"}]},{"@type":"WebSite","@id":"https:\/\/airportsmokinglounge.com\/#website","url":"https:\/\/airportsmokinglounge.com\/","name":"aeropuertofumarlounge.com","description":"","potentialAction":[{"@type":"SearchAction","target":{"@type":"EntryPoint","urlTemplate":"https:\/\/airportsmokinglounge.com\/?s={search_term_string}"},"query-input":{"@type":"PropertyValueSpecification","valueRequired":true,"valueName":"search_term_string"}}],"inLanguage":"es"}]}},"_links":{"self":[{"href":"https:\/\/airportsmokinglounge.com\/es\/wp-json\/wp\/v2\/pages\/498","targetHints":{"allow":["GET"]}}],"collection":[{"href":"https:\/\/airportsmokinglounge.com\/es\/wp-json\/wp\/v2\/pages"}],"about":[{"href":"https:\/\/airportsmokinglounge.com\/es\/wp-json\/wp\/v2\/types\/page"}],"author":[{"embeddable":true,"href":"https:\/\/airportsmokinglounge.com\/es\/wp-json\/wp\/v2\/users\/1"}],"replies":[{"embeddable":true,"href":"https:\/\/airportsmokinglounge.com\/es\/wp-json\/wp\/v2\/comments?post=498"}],"version-history":[{"count":10,"href":"https:\/\/airportsmokinglounge.com\/es\/wp-json\/wp\/v2\/pages\/498\/revisions"}],"predecessor-version":[{"id":4973,"href":"https:\/\/airportsmokinglounge.com\/es\/wp-json\/wp\/v2\/pages\/498\/revisions\/4973"}],"wp:featuredmedia":[{"embeddable":true,"href":"https:\/\/airportsmokinglounge.com\/es\/wp-json\/wp\/v2\/media\/1199"}],"wp:attachment":[{"href":"https:\/\/airportsmokinglounge.com\/es\/wp-json\/wp\/v2\/media?parent=498"}],"curies":[{"name":"gracias","href":"https:\/\/api.w.org\/{rel}","templated":true}]}}