{"id":55,"date":"2023-02-15T16:05:13","date_gmt":"2023-02-15T15:05:13","guid":{"rendered":"https:\/\/airportsmokinglounge.com\/?page_id=55"},"modified":"2023-02-15T16:08:03","modified_gmt":"2023-02-15T15:08:03","slug":"disclaimer","status":"publish","type":"page","link":"https:\/\/airportsmokinglounge.com\/es\/descargo-de-responsabilidad\/","title":{"rendered":"Descargo de responsabilidad"},"content":{"rendered":"<p>El sitio web Airportsmokinglounge.com (el \u201cSitio\u201d) es un servicio de informaci\u00f3n en l\u00ednea. \u201cairportsmokinglounge.com\u201d, sujeto a su cumplimiento de los t\u00e9rminos y condiciones establecidos a continuaci\u00f3n. <strong>POR FAVOR LEA ESTE DOCUMENTO DETENIDAMENTE ANTES DE ACCEDER O UTILIZAR EL SITIO. <\/strong>AL ACCEDER O UTILIZAR EL SITIO, USTED ACEPTA ESTAR OBLIGADO POR LOS T\u00c9RMINOS Y CONDICIONES ESTABLECIDOS A CONTINUACI\u00d3N. SI NO DESEA ESTAR OBLIGADO POR ESTOS T\u00c9RMINOS Y CONDICIONES, NO PUEDE ACCEDER NI UTILIZAR EL SITIO. Airportsmokinglounge.com PUEDE MODIFICAR ESTE ACUERDO EN CUALQUIER MOMENTO, Y DICHAS MODIFICACIONES SER\u00c1N EFECTIVAS INMEDIATAMENTE DESPU\u00c9S DE LA PUBLICACI\u00d3N DEL ACUERDO MODIFICADO EN EL SITIO. USTED ACEPTA REVISAR EL ACUERDO PERI\u00d3DICAMENTE PARA ESTAR CONSCIENTE DE DICHAS MODIFICACIONES Y SU CONTINUACI\u00d3N ACCESO O USO DEL SITIO SE CONSIDERAR\u00c1 SU ACEPTACI\u00d3N CONCLUSIVA DEL ACUERDO MODIFICADO.<\/p>\n<p><strong>1. Derechos de autor, licencias y env\u00edos de ideas.<\/strong><\/p>\n<p>Todo el contenido del Sitio est\u00e1 protegido por leyes internacionales de derechos de autor y marcas registradas. El propietario de los derechos de autor y las marcas comerciales es Airportsmokinglounge.com, sus afiliados u otros terceros otorgantes de licencias. <strong>USTED NO PUEDE MODIFICAR, COPIAR, REPRODUCIR, REPUBLICAR, CARGAR, PUBLICAR, TRANSMITIR O DISTRIBUIR, DE NINGUNA MANERA, EL MATERIAL DEL SITIO, INCLUYENDO TEXTO, GR\u00c1FICOS, C\u00d3DIGOS Y\/O SOFTWARE.<\/strong> Puede imprimir y descargar partes de material de las diferentes \u00e1reas del Sitio \u00fanicamente para su propio uso no comercial, siempre que acepte no cambiar ni eliminar ning\u00fan aviso de derechos de autor o de propiedad de los materiales. Usted acepta otorgar a Airportsmokinglounge.com una licencia no exclusiva, libre de regal\u00edas, mundial y perpetua, con derecho a sublicenciar, reproducir, distribuir, transmitir, crear trabajos derivados, exhibir p\u00fablicamente y ejecutar p\u00fablicamente cualquier material y otra informaci\u00f3n (incluidas, entre otras, las ideas contenidas en \u00e9l para productos y servicios nuevos o mejorados) que env\u00ede a cualquier \u00e1rea p\u00fablica del Sitio (como tableros de anuncios, foros y grupos de noticias) o por correo electr\u00f3nico a Airportsmokinglounge.com por todos los medios. y en cualquier medio conocido actualmente o desarrollado en el futuro. Tambi\u00e9n otorga a Airportsmokinglounge.com el derecho de utilizar su nombre en relaci\u00f3n con los materiales enviados y otra informaci\u00f3n, as\u00ed como en relaci\u00f3n con toda la publicidad, el marketing y el material promocional relacionado con los mismos. Usted acepta que no tendr\u00e1 ning\u00fan recurso contra Airportsmokinglounge.com por cualquier infracci\u00f3n o apropiaci\u00f3n indebida supuesta o real de cualquier derecho de propiedad en sus comunicaciones con Airportsmokinglounge.com. MARCAS COMERCIALES, Publicaciones, productos, contenidos o servicios a los que se hace referencia en este documento o en el Sitio son marcas comerciales o marcas de servicio exclusivas de Airportsmokinglounge.com. Otros nombres de productos y empresas mencionados en el Sitio pueden ser marcas comerciales de sus respectivos propietarios.<\/p>\n<p><strong>2. Uso del Sitio.<\/strong><\/p>\n<p>Usted comprende que, excepto la informaci\u00f3n, los productos o los servicios claramente identificados como proporcionados por Airportsmokinglounge.com, Airportsmokinglounge.com no opera, controla ni respalda ninguna informaci\u00f3n, productos o servicios en Internet de ninguna manera. A excepci\u00f3n de la informaci\u00f3n, los productos o los servicios identificados por Airportsmokinglounge.com, toda la informaci\u00f3n, los productos y los servicios ofrecidos a trav\u00e9s del Sitio o en Internet generalmente son ofrecidos por terceros que no est\u00e1n afiliados a Airportsmokinglounge.com. Tambi\u00e9n comprende que Airportsmokinglounge.com no puede garantizar ni garantiza que los archivos disponibles para descargar a trav\u00e9s del Sitio est\u00e9n libres de infecciones o virus, gusanos, caballos de Troya u otros c\u00f3digos que manifiesten propiedades contaminantes o destructivas. Usted es responsable de implementar suficientes procedimientos y puntos de control para satisfacer sus requisitos particulares de precisi\u00f3n de la entrada y salida de datos, y de mantener un medio externo al Sitio para la reconstrucci\u00f3n de cualquier dato perdido.<\/p>\n<p>USTED ASUME TOTAL RESPONSABILIDAD Y RIESGO POR SU USO DEL SITIO Y DE INTERNET. Airportsmokinglounge.com PROPORCIONA EL SITIO Y LA INFORMACI\u00d3N RELACIONADA \u201cTAL CUAL\u201d Y NO OFRECE NINGUNA GARANT\u00cdA, DECLARACI\u00d3N O RESPALDO EXPRESO O IMPL\u00cdCITO DE NING\u00daN TIPO (INCLUYENDO, SIN LIMITACI\u00d3N, GARANT\u00cdAS DE T\u00cdTULO O NO INFRACCI\u00d3N, O LAS GARANT\u00cdAS IMPL\u00cdCITAS DE COMERCIABILIDAD O IDONEIDAD PARA UN PROP\u00d3SITO PARTICULAR). CON RESPECTO AL SERVICIO, CUALQUIER INFORMACI\u00d3N DE MERCANC\u00cdA O SERVICIO PROPORCIONADO A TRAV\u00c9S DEL SERVICIO O EN INTERNET EN GENERAL, Y Airportsmokinglounge.com NO SER\u00c1 RESPONSABLE DE NING\u00daN COSTO O DA\u00d1O QUE SURJA DIRECTA O INDIRECTAMENTE DE DICHA TRANSACCI\u00d3N. ES EXCLUSIVAMENTE SU RESPONSABILIDAD EVALUAR LA EXACTITUD, INTEGRIDAD Y UTILIDAD DE TODAS LAS OPINIONES, CONSEJOS, SERVICIOS, MERCANC\u00cdAS Y OTRA INFORMACI\u00d3N PROPORCIONADA A TRAV\u00c9S DEL SERVICIO O EN INTERNET EN GENERAL. Airportsmokinglounge.com NO GARANTIZA QUE EL SERVICIO SER\u00c1 ININTERRUMPIDO O LIBRE DE ERRORES NI QUE LOS DEFECTOS EN EL SERVICIO SEAN CORREGIDOS.<\/p>\n<p>USTED ENTIENDE ADEM\u00c1S QUE LA NATURALEZA PURA DE INTERNET CONTIENE MATERIALES NO EDITADOS, ALGUNOS DE LOS CUALES SON SEXUALMENTE EXPL\u00cdCITOS O PUEDEN SER OFENSIVOS PARA USTED. SU ACCESO A DICHOS MATERIALES ES BAJO SU RIESGO. Airportsmokinglounge.com NO TIENE CONTROL SOBRE DICHOS MATERIALES NI ACEPTA NINGUNA RESPONSABILIDAD POR DICHOS MATERIALES.<\/p>\n<p><strong>LIMITACI\u00d3N DE RESPONSABILIDAD<\/strong><\/p>\n<p>EN NING\u00daN CASO Airportsmokinglounge.com SER\u00c1 RESPONSABLE DE (I) CUALQUIER DA\u00d1O INCIDENTAL, CONSECUENTE O INDIRECTO (INCLUYENDO, PERO NO LIMITADO A, DA\u00d1OS POR P\u00c9RDIDA DE GANANCIAS, INTERRUPCI\u00d3N DE NEGOCIOS, P\u00c9RDIDA DE PROGRAMAS O INFORMACI\u00d3N, Y SIMILARES) QUE SURJAN DE DEL USO O INCAPACIDAD DE UTILIZAR EL SERVICIO, O CUALQUIER INFORMACI\u00d3N O TRANSACCIONES PROPORCIONADAS EN EL SERVICIO, O DESCARGADAS DEL SERVICIO, O CUALQUIER RETRASO DE DICHA INFORMACI\u00d3N O SERVICIO. AUNQUE Airportsmokinglounge.com O SUS REPRESENTANTES AUTORIZADOS HAN SIDO INFORMADOS DE LA POSIBILIDAD DE TALES DA\u00d1OS, O (II) CUALQUIER RECLAMACI\u00d3N ATRIBUIBLE A ERRORES, OMISIONES U OTRAS IMPRECISIONES EN EL SERVICIO Y\/O MATERIALES O INFORMACI\u00d3N DESCARGADOS A TRAV\u00c9S DEL SERVICIO. DEBIDO A QUE ALGUNOS ESTADOS NO PERMITEN LA EXCLUSI\u00d3N O LIMITACI\u00d3N DE RESPONSABILIDAD POR DA\u00d1OS CONSECUENCIALES O INCIDENTALES, LA LIMITACI\u00d3N ANTERIOR PUEDE NO APLICARSE EN SU CASO. EN TALES ESTADOS, LA RESPONSABILIDAD DE Airportsmokinglounge.com SE LIMITA AL M\u00c1XIMO PERMITIDO POR LA LEY.<\/p>\n<p>Airportsmokinglounge.com no hace ninguna representaci\u00f3n sobre ning\u00fan otro sitio web al que pueda acceder a trav\u00e9s de este o que pueda vincularse a este Sitio. Cuando acceda a un sitio web que no pertenece a airportsmokinglounge.com, comprenda que es independiente de Airportsmokinglounge.com y que Airportsmokinglounge.com no tiene control sobre el contenido de ese sitio web. Adem\u00e1s, un enlace a un sitio web de Airportsmokinglounge.com no significa que Airportsmokinglounge.com respalde o acepte ninguna responsabilidad por el contenido o el uso de dicho sitio web.<\/p>\n<p><strong>3. Indemnizaci\u00f3n.<\/strong><\/p>\n<p>Usted acepta indemnizar, defender y eximir de responsabilidad a Airportsmokinglounge.com, sus funcionarios, directores, empleados, agentes, otorgantes de licencias, proveedores y terceros proveedores de informaci\u00f3n para el Servicio de y contra todas las p\u00e9rdidas, gastos, da\u00f1os y costos, incluidos los costos razonables de los abogados. honorarios, resultantes de cualquier violaci\u00f3n de este Acuerdo (incluyendo conducta negligente o il\u00edcita) por parte de usted o de cualquier otra persona que acceda al Servicio.<\/p>\n<p><strong>4. Derechos de Terceros.<\/strong><\/p>\n<p>Las disposiciones de los p\u00e1rrafos 2 (Uso del Servicio) y 3 (Indemnizaci\u00f3n) son para beneficio de aeropuertosmokinglounge.com y sus funcionarios, directores, empleados, agentes, licenciantes, proveedores y terceros proveedores de informaci\u00f3n del Servicio. Cada uno de estos individuos o entidades tendr\u00e1 derecho a hacer valer y hacer cumplir esas disposiciones directamente contra usted en su propio nombre.<\/p>\n<p><strong>5.Plazo; Terminaci\u00f3n.<\/strong><\/p>\n<p>Este Acuerdo puede ser rescindido por cualquiera de las partes sin previo aviso en cualquier momento y por cualquier motivo. Las disposiciones de los p\u00e1rrafos 1 (Derechos de autor, licencias y env\u00edos de ideas), 2 (Uso del servicio), 3 (Indemnizaci\u00f3n), 4 (Derechos de terceros) y 6 (Varios) seguir\u00e1n vigentes despu\u00e9s de la terminaci\u00f3n de este Acuerdo.<\/p>\n<p><strong>6.Varios.<\/strong><\/p>\n<p>Este Acuerdo se regir\u00e1 e interpretar\u00e1 de acuerdo con las leyes de Bulgaria aplicables a los acuerdos celebrados y por ejecutar en Bulgaria. Usted acepta que cualquier acci\u00f3n o procedimiento legal entre Airportsmokinglounge.com y usted para cualquier prop\u00f3sito relacionado con este Acuerdo o las obligaciones de las partes en virtud del mismo se presentar\u00e1 exclusivamente ante un tribunal federal o estatal de jurisdicci\u00f3n competente con sede en Bulgaria. Cualquier causa de acci\u00f3n o reclamo que pueda tener con respecto al Servicio debe iniciarse dentro de un (1) a\u00f1o despu\u00e9s de que surja el reclamo o causa de acci\u00f3n o dicho reclamo o causa de acci\u00f3n est\u00e9 prescrito. El hecho de que Airportsmokinglounge.com no insista o imponga el cumplimiento estricto de cualquier disposici\u00f3n de este Acuerdo no se interpretar\u00e1 como una renuncia a ninguna disposici\u00f3n o derecho. Ni el curso de conducta entre las partes ni la pr\u00e1ctica comercial actuar\u00e1n para modificar ninguna disposici\u00f3n de este Acuerdo. Airportsmokinglounge.com puede ceder sus derechos y obligaciones en virtud de este Acuerdo a cualquier parte en cualquier momento sin previo aviso. Todos los derechos no otorgados expresamente en este documento est\u00e1n reservados.<\/p>","protected":false},"excerpt":{"rendered":"<p>El sitio web de \u201cairportsmokinglounge.com\u201d (el \u201cSitio\u201d) es un servicio de informaci\u00f3n en l\u00ednea \u201cairportsmokinglounge.com\u201d, sujeto al cumplimiento por su parte de los t\u00e9rminos y condiciones que se establecen a continuaci\u00f3n. LEA ATENTAMENTE ESTE DOCUMENTO ANTES DE ACCEDER O UTILIZAR EL SITIO. AL ACCEDER O UTILIZAR EL SITIO, USTED ACEPTA ESTAR OBLIGADO POR LOS T\u00c9RMINOS Y CONDICIONES ESTABLECIDOS AQU\u00cd\u2026&nbsp;<a href=\"https:\/\/airportsmokinglounge.com\/es\/descargo-de-responsabilidad\/\" rel=\"bookmark\">Leer m\u00e1s &quot;<span class=\"screen-reader-text\">Descargo de responsabilidad<\/span><\/a><\/p>","protected":false},"author":1,"featured_media":0,"parent":0,"menu_order":0,"comment_status":"closed","ping_status":"closed","template":"","meta":{"neve_meta_sidebar":"","neve_meta_container":"","neve_meta_enable_content_width":"off","neve_meta_content_width":100,"neve_meta_title_alignment":"","neve_meta_author_avatar":"","neve_post_elements_order":"","neve_meta_disable_header":"","neve_meta_disable_footer":"","neve_meta_disable_title":"","neve_meta_reading_time":"","footnotes":""},"class_list":["post-55","page","type-page","status-publish","hentry"],"yoast_head":"<!-- This site is optimized with the Yoast SEO plugin v26.6 - https:\/\/yoast.com\/wordpress\/plugins\/seo\/ -->\n<title>Disclaimer - airportsmokinglounge.com<\/title>\n<meta name=\"robots\" content=\"noindex, follow\" \/>\n<meta property=\"og:locale\" content=\"es_ES\" \/>\n<meta property=\"og:type\" content=\"article\" \/>\n<meta property=\"og:title\" content=\"Disclaimer - airportsmokinglounge.com\" \/>\n<meta property=\"og:description\" content=\"The airportsmokinglounge.com Web Site (the \u201cSite\u201d) is an online information service . \u201cairportsmokinglounge.com \u201c, subject to your compliance with the terms and conditions set forth below. PLEASE READ THIS DOCUMENT CAREFULLY BEFORE ACCESSING OR USING THE SITE. BY ACCESSING OR USING THE SITE, YOU AGREE TO BE BOUND BY THE TERMS AND CONDITIONS SET FORTH&hellip;&nbsp;Read More &raquo;Disclaimer\" \/>\n<meta property=\"og:url\" content=\"https:\/\/airportsmokinglounge.com\/es\/descargo-de-responsabilidad\/\" \/>\n<meta property=\"og:site_name\" content=\"airportsmokinglounge.com\" \/>\n<meta property=\"article:modified_time\" content=\"2023-02-15T15:08:03+00:00\" \/>\n<meta name=\"twitter:card\" content=\"summary_large_image\" \/>\n<meta name=\"twitter:label1\" content=\"Tiempo de lectura\" \/>\n\t<meta name=\"twitter:data1\" content=\"6 minutos\" \/>\n<script type=\"application\/ld+json\" class=\"yoast-schema-graph\">{\"@context\":\"https:\/\/schema.org\",\"@graph\":[{\"@type\":\"WebPage\",\"@id\":\"https:\/\/airportsmokinglounge.com\/disclaimer\/\",\"url\":\"https:\/\/airportsmokinglounge.com\/disclaimer\/\",\"name\":\"Disclaimer - airportsmokinglounge.com\",\"isPartOf\":{\"@id\":\"https:\/\/airportsmokinglounge.com\/#website\"},\"datePublished\":\"2023-02-15T15:05:13+00:00\",\"dateModified\":\"2023-02-15T15:08:03+00:00\",\"breadcrumb\":{\"@id\":\"https:\/\/airportsmokinglounge.com\/disclaimer\/#breadcrumb\"},\"inLanguage\":\"es\",\"potentialAction\":[{\"@type\":\"ReadAction\",\"target\":[\"https:\/\/airportsmokinglounge.com\/disclaimer\/\"]}]},{\"@type\":\"BreadcrumbList\",\"@id\":\"https:\/\/airportsmokinglounge.com\/disclaimer\/#breadcrumb\",\"itemListElement\":[{\"@type\":\"ListItem\",\"position\":1,\"name\":\"Home\",\"item\":\"https:\/\/airportsmokinglounge.com\/\"},{\"@type\":\"ListItem\",\"position\":2,\"name\":\"Disclaimer\"}]},{\"@type\":\"WebSite\",\"@id\":\"https:\/\/airportsmokinglounge.com\/#website\",\"url\":\"https:\/\/airportsmokinglounge.com\/\",\"name\":\"airportsmokinglounge.com\",\"description\":\"\",\"potentialAction\":[{\"@type\":\"SearchAction\",\"target\":{\"@type\":\"EntryPoint\",\"urlTemplate\":\"https:\/\/airportsmokinglounge.com\/?s={search_term_string}\"},\"query-input\":{\"@type\":\"PropertyValueSpecification\",\"valueRequired\":true,\"valueName\":\"search_term_string\"}}],\"inLanguage\":\"es\"}]}<\/script>\n<!-- \/ Yoast SEO plugin. -->","yoast_head_json":{"title":"Descargo de responsabilidad - aeropuertosmokinglounge.com","robots":{"index":"noindex","follow":"follow"},"og_locale":"es_ES","og_type":"article","og_title":"Disclaimer - airportsmokinglounge.com","og_description":"The airportsmokinglounge.com Web Site (the \u201cSite\u201d) is an online information service . \u201cairportsmokinglounge.com \u201c, subject to your compliance with the terms and conditions set forth below. PLEASE READ THIS DOCUMENT CAREFULLY BEFORE ACCESSING OR USING THE SITE. BY ACCESSING OR USING THE SITE, YOU AGREE TO BE BOUND BY THE TERMS AND CONDITIONS SET FORTH&hellip;&nbsp;Read More &raquo;Disclaimer","og_url":"https:\/\/airportsmokinglounge.com\/es\/descargo-de-responsabilidad\/","og_site_name":"airportsmokinglounge.com","article_modified_time":"2023-02-15T15:08:03+00:00","twitter_card":"summary_large_image","twitter_misc":{"Tiempo de lectura":"6 minutos"},"schema":{"@context":"https:\/\/schema.org","@graph":[{"@type":"WebPage","@id":"https:\/\/airportsmokinglounge.com\/disclaimer\/","url":"https:\/\/airportsmokinglounge.com\/disclaimer\/","name":"Descargo de responsabilidad - aeropuertosmokinglounge.com","isPartOf":{"@id":"https:\/\/airportsmokinglounge.com\/#website"},"datePublished":"2023-02-15T15:05:13+00:00","dateModified":"2023-02-15T15:08:03+00:00","breadcrumb":{"@id":"https:\/\/airportsmokinglounge.com\/disclaimer\/#breadcrumb"},"inLanguage":"es","potentialAction":[{"@type":"ReadAction","target":["https:\/\/airportsmokinglounge.com\/disclaimer\/"]}]},{"@type":"BreadcrumbList","@id":"https:\/\/airportsmokinglounge.com\/disclaimer\/#breadcrumb","itemListElement":[{"@type":"ListItem","position":1,"name":"Home","item":"https:\/\/airportsmokinglounge.com\/"},{"@type":"ListItem","position":2,"name":"Disclaimer"}]},{"@type":"WebSite","@id":"https:\/\/airportsmokinglounge.com\/#website","url":"https:\/\/airportsmokinglounge.com\/","name":"aeropuertofumarlounge.com","description":"","potentialAction":[{"@type":"SearchAction","target":{"@type":"EntryPoint","urlTemplate":"https:\/\/airportsmokinglounge.com\/?s={search_term_string}"},"query-input":{"@type":"PropertyValueSpecification","valueRequired":true,"valueName":"search_term_string"}}],"inLanguage":"es"}]}},"_links":{"self":[{"href":"https:\/\/airportsmokinglounge.com\/es\/wp-json\/wp\/v2\/pages\/55","targetHints":{"allow":["GET"]}}],"collection":[{"href":"https:\/\/airportsmokinglounge.com\/es\/wp-json\/wp\/v2\/pages"}],"about":[{"href":"https:\/\/airportsmokinglounge.com\/es\/wp-json\/wp\/v2\/types\/page"}],"author":[{"embeddable":true,"href":"https:\/\/airportsmokinglounge.com\/es\/wp-json\/wp\/v2\/users\/1"}],"replies":[{"embeddable":true,"href":"https:\/\/airportsmokinglounge.com\/es\/wp-json\/wp\/v2\/comments?post=55"}],"version-history":[{"count":2,"href":"https:\/\/airportsmokinglounge.com\/es\/wp-json\/wp\/v2\/pages\/55\/revisions"}],"predecessor-version":[{"id":57,"href":"https:\/\/airportsmokinglounge.com\/es\/wp-json\/wp\/v2\/pages\/55\/revisions\/57"}],"wp:attachment":[{"href":"https:\/\/airportsmokinglounge.com\/es\/wp-json\/wp\/v2\/media?parent=55"}],"curies":[{"name":"gracias","href":"https:\/\/api.w.org\/{rel}","templated":true}]}}