{"id":5667,"date":"2023-05-22T16:10:54","date_gmt":"2023-05-22T14:10:54","guid":{"rendered":"https:\/\/airportsmokinglounge.com\/?page_id=5667"},"modified":"2023-05-22T16:10:54","modified_gmt":"2023-05-22T14:10:54","slug":"smoking-areas-at-saskatoon-john-g-diefenbaker-international-airport-yxe","status":"publish","type":"page","link":"https:\/\/airportsmokinglounge.com\/es\/areas-para-fumar-en-saskatoon-john-g-diefenbaker-international-airport-yxe\/","title":{"rendered":"Zonas para fumadores en el AEROPUERTO INTERNACIONAL SASKATOON JOHN G. DIEFENBAKER (YXE)"},"content":{"rendered":"<p>El Aeropuerto Internacional Saskatoon John G. Diefenbaker (YXE) es el principal aeropuerto que sirve a la ciudad de Saskatoon en Saskatchewan, Canad\u00e1. Es un importante centro de transporte en la regi\u00f3n, que conecta Saskatoon con varios destinos nacionales e internacionales limitados.<\/p>\n<p>El aeropuerto cuenta con un moderno edificio terminal equipado con una variedad de comodidades y servicios para los viajeros. Estos incluyen mostradores de facturaci\u00f3n, puntos de control de seguridad, salones, opciones gastron\u00f3micas, tiendas minoristas y agencias de alquiler de autom\u00f3viles. El aeropuerto se esfuerza por brindar una experiencia de viaje c\u00f3moda y eficiente a los pasajeros.<\/p>\n<h2>Zonas de fumadores antes del Control de Seguridad<\/h2>\n<ul>\n<li><span style=\"font-size: 14pt;\">Solo se permite fumar fuera de la terminal.<\/span><\/li>\n<\/ul>\n<h2>Zonas de fumadores despu\u00e9s del control de seguridad<\/h2>\n<ul>\n<li><span style=\"font-size: 14pt;\">Actualmente, no hay informaci\u00f3n disponible sobre \u00e1reas para fumadores dentro del aeropuerto.<\/span><\/li>\n<\/ul>\n<p><strong><span style=\"font-size: 14pt;\">Envianos tus comentarios<\/span><\/strong><\/p>\n<p><span style=\"font-size: 14pt;\">Si se encuentra en el aeropuerto de Nassau, puede enviarnos fotograf\u00edas de las \u00e1reas para fumadores. Esto nos ayudar\u00e1 a llenar nuestra base de datos m\u00e1s r\u00e1pido. Puedes hacerlo <strong><a href=\"https:\/\/airportsmokinglounge.com\/es\/contacto\/\">Aqu\u00ed<\/a>.<\/strong> Las im\u00e1genes se publican en nuestro sitio web, indicando la fuente de la imagen (nombre). Si\u00e9ntase libre de compartir estas fotos con nosotros y todos los visitantes de airportSmokinglounge.com<\/span>.<\/p>\n<h2>Ley de fumar de Canad\u00e1<\/h2>\n<p>Canad\u00e1 ha implementado regulaciones para fumar tanto a nivel federal como provincial\/territorial para proteger la salud p\u00fablica y reducir el consumo de tabaco. Sin embargo, tenga en cuenta que las leyes y regulaciones sobre fumar pueden variar entre las diferentes provincias y territorios dentro de Canad\u00e1, por lo que se recomienda consultar las leyes espec\u00edficas de la provincia o territorio que le interese para obtener la informaci\u00f3n m\u00e1s actualizada.<\/p>\n<p>A nivel federal, Canad\u00e1 ha implementado la Ley de productos de tabaco y vapeo (TVPA) para regular la fabricaci\u00f3n, venta, etiquetado y promoci\u00f3n de productos de tabaco y vapeo. Seg\u00fan la TVPA, generalmente se proh\u00edbe fumar en ciertos lugares p\u00fablicos cerrados, incluidos edificios gubernamentales, instalaciones de atenci\u00f3n m\u00e9dica, instituciones educativas y transporte p\u00fablico bajo jurisdicci\u00f3n federal. La ley tambi\u00e9n restringe fumar en \u00e1reas cercanas a las entradas y salidas de edificios federales, as\u00ed como en vuelos de aerol\u00edneas comerciales.<\/p>\n<h3>Preguntas frecuentes<\/h3>\n<h4>\u00bfLas \u00e1reas para fumadores del aeropuerto est\u00e1n disponibles las 24 horas, los 7 d\u00edas de la semana?<\/h4>\n<p>La disponibilidad de \u00e1reas para fumadores en los aeropuertos puede variar seg\u00fan el aeropuerto y la ubicaci\u00f3n. Algunas \u00e1reas para fumadores est\u00e1n abiertas las 24 horas del d\u00eda, mientras que otras pueden tener horarios restringidos o estar cerradas durante ciertos horarios. Lo mejor es consultar con el aeropuerto o visitar su sitio web para obtener informaci\u00f3n espec\u00edfica sobre las horas de operaci\u00f3n del \u00e1rea para fumadores.<\/p>\n<h4>\u00bfEst\u00e1 permitido llevar mi propia comida y bebida a la zona de fumadores?<\/h4>\n<p>Esto puede depender de la zona espec\u00edfica para fumadores y del aeropuerto. Algunas \u00e1reas para fumadores pueden permitir alimentos y bebidas del exterior, mientras que otras pueden tener restricciones o prohibirlas por completo. Lo mejor es consultar con el aeropuerto o la se\u00f1alizaci\u00f3n de la zona de fumadores para conocer las normas y reglamentos espec\u00edficos.<\/p>\n<h4>\u00bfEst\u00e1 permitido fumar en todas las \u00e1reas para fumadores del aeropuerto?<\/h4>\n<p>No todas las \u00e1reas para fumadores del aeropuerto pueden permitir fumar. Algunos aeropuertos pueden tener \u00e1reas designadas para cigarrillos electr\u00f3nicos o vapeo, que est\u00e1n separadas de las \u00e1reas tradicionales para fumadores. Aseg\u00farese de verificar las reglas y regulaciones espec\u00edficas para el \u00e1rea para fumadores que planea usar.<\/p>\n<h4>\u00bfLas \u00e1reas para fumadores tienen aire acondicionado o calefacci\u00f3n?<\/h4>\n<p>La temperatura y la ventilaci\u00f3n de las \u00e1reas para fumadores de los aeropuertos pueden variar mucho. Algunos pueden tener aire acondicionado o calefacci\u00f3n, mientras que otros pueden ser espacios al aire libre con protecci\u00f3n limitada contra los elementos. Aseg\u00farese de consultar con el aeropuerto o visitar el \u00e1rea de fumadores con anticipaci\u00f3n para determinar las condiciones y prepararse en consecuencia.<\/p>\n<h4>\u00bfLas \u00e1reas para fumadores son accesibles para viajeros con discapacidades?<\/h4>\n<p>Muchos aeropuertos se han esforzado por hacer que sus \u00e1reas para fumadores sean accesibles para los viajeros con discapacidades. Sin embargo, la accesibilidad de las \u00e1reas espec\u00edficas para fumadores puede variar mucho. Aseg\u00farese de consultar con el aeropuerto o visitar el \u00e1rea de fumadores con anticipaci\u00f3n para determinar si es accesible y satisface sus necesidades.<\/p>\n<p><strong>M\u00e1s aeropuertos en Canad\u00e1:<\/strong><\/p>\n<ul>\n<li><a href=\"https:\/\/airportsmokinglounge.com\/es\/zonas-de-fumadores-en-canadas-aeropuertos\/\">Aeropuertos en Canad\u00e1<\/a><\/li>\n<\/ul>\n<p><span style=\"font-size: 14pt;\"><strong>Zonas de fumadores en Am\u00e9rica del Norte:<\/strong><\/span><\/p>\n<ul>\n<li><a href=\"https:\/\/airportsmokinglounge.com\/es\/fumar-en-los-aeropuertos-de-norteamerica\/\"><span style=\"font-size: 14pt;\">aeropuertos de america del norte<\/span><\/a><\/li>\n<\/ul>","protected":false},"excerpt":{"rendered":"<p>El Aeropuerto Internacional John G. Diefenbaker de Saskatoon (YXE) es el principal aeropuerto de la ciudad de Saskatoon, en Saskatchewan, Canad\u00e1. Es un importante centro de transporte en la regi\u00f3n, conectando Saskatoon con diversos destinos nacionales e internacionales limitados. El aeropuerto cuenta con una moderna terminal equipada con una amplia gama de servicios para los viajeros. Estos\u2026&nbsp;<a href=\"https:\/\/airportsmokinglounge.com\/es\/areas-para-fumar-en-saskatoon-john-g-diefenbaker-international-airport-yxe\/\" rel=\"bookmark\">Leer m\u00e1s &quot;<span class=\"screen-reader-text\">Zonas para fumadores en el AEROPUERTO INTERNACIONAL SASKATOON JOHN G. DIEFENBAKER (YXE)<\/span><\/a><\/p>","protected":false},"author":1,"featured_media":1199,"parent":0,"menu_order":0,"comment_status":"closed","ping_status":"closed","template":"","meta":{"neve_meta_sidebar":"","neve_meta_container":"","neve_meta_enable_content_width":"off","neve_meta_content_width":100,"neve_meta_title_alignment":"","neve_meta_author_avatar":"","neve_post_elements_order":"","neve_meta_disable_header":"","neve_meta_disable_footer":"","neve_meta_disable_title":"","neve_meta_reading_time":"","footnotes":""},"class_list":["post-5667","page","type-page","status-publish","has-post-thumbnail","hentry"],"yoast_head":"<!-- This site is optimized with the Yoast SEO plugin v26.6 - https:\/\/yoast.com\/wordpress\/plugins\/seo\/ -->\n<title>Smoking areas at SASKATOON JOHN G. DIEFENBAKER INTERNATIONAL AIRPORT (YXE)<\/title>\n<meta name=\"description\" content=\"Smoking areas at SASKATOON JOHN G. DIEFENBAKER INTERNATIONAL AIRPORT (YXE) - Find a smoking area in the airport \u2714\" \/>\n<meta name=\"robots\" content=\"index, follow, max-snippet:-1, max-image-preview:large, max-video-preview:-1\" \/>\n<link rel=\"canonical\" href=\"https:\/\/airportsmokinglounge.com\/es\/areas-para-fumar-en-saskatoon-john-g-diefenbaker-international-airport-yxe\/\" \/>\n<meta property=\"og:locale\" content=\"es_ES\" \/>\n<meta property=\"og:type\" content=\"article\" \/>\n<meta property=\"og:title\" content=\"Smoking areas at SASKATOON JOHN G. DIEFENBAKER INTERNATIONAL AIRPORT (YXE)\" \/>\n<meta property=\"og:description\" content=\"Smoking areas at SASKATOON JOHN G. DIEFENBAKER INTERNATIONAL AIRPORT (YXE) - Find a smoking area in the airport \u2714\" \/>\n<meta property=\"og:url\" content=\"https:\/\/airportsmokinglounge.com\/es\/areas-para-fumar-en-saskatoon-john-g-diefenbaker-international-airport-yxe\/\" \/>\n<meta property=\"og:site_name\" content=\"airportsmokinglounge.com\" \/>\n<meta property=\"og:image\" content=\"https:\/\/airportsmokinglounge.com\/wp-content\/uploads\/2023\/03\/airport-smoking-lounge-4.jpg\" \/>\n\t<meta property=\"og:image:width\" content=\"2048\" \/>\n\t<meta property=\"og:image:height\" content=\"1152\" \/>\n\t<meta property=\"og:image:type\" content=\"image\/jpeg\" \/>\n<meta name=\"twitter:card\" content=\"summary_large_image\" \/>\n<meta name=\"twitter:label1\" content=\"Tiempo de lectura\" \/>\n\t<meta name=\"twitter:data1\" content=\"3 minutos\" \/>\n<script type=\"application\/ld+json\" class=\"yoast-schema-graph\">{\"@context\":\"https:\/\/schema.org\",\"@graph\":[{\"@type\":\"WebPage\",\"@id\":\"https:\/\/airportsmokinglounge.com\/smoking-areas-at-saskatoon-john-g-diefenbaker-international-airport-yxe\/\",\"url\":\"https:\/\/airportsmokinglounge.com\/smoking-areas-at-saskatoon-john-g-diefenbaker-international-airport-yxe\/\",\"name\":\"Smoking areas at SASKATOON JOHN G. DIEFENBAKER INTERNATIONAL AIRPORT (YXE)\",\"isPartOf\":{\"@id\":\"https:\/\/airportsmokinglounge.com\/#website\"},\"primaryImageOfPage\":{\"@id\":\"https:\/\/airportsmokinglounge.com\/smoking-areas-at-saskatoon-john-g-diefenbaker-international-airport-yxe\/#primaryimage\"},\"image\":{\"@id\":\"https:\/\/airportsmokinglounge.com\/smoking-areas-at-saskatoon-john-g-diefenbaker-international-airport-yxe\/#primaryimage\"},\"thumbnailUrl\":\"https:\/\/airportsmokinglounge.com\/wp-content\/uploads\/2023\/03\/airport-smoking-lounge-4.jpg\",\"datePublished\":\"2023-05-22T14:10:54+00:00\",\"description\":\"Smoking areas at SASKATOON JOHN G. DIEFENBAKER INTERNATIONAL AIRPORT (YXE) - Find a smoking area in the airport \u2714\",\"breadcrumb\":{\"@id\":\"https:\/\/airportsmokinglounge.com\/smoking-areas-at-saskatoon-john-g-diefenbaker-international-airport-yxe\/#breadcrumb\"},\"inLanguage\":\"es\",\"potentialAction\":[{\"@type\":\"ReadAction\",\"target\":[\"https:\/\/airportsmokinglounge.com\/smoking-areas-at-saskatoon-john-g-diefenbaker-international-airport-yxe\/\"]}]},{\"@type\":\"ImageObject\",\"inLanguage\":\"es\",\"@id\":\"https:\/\/airportsmokinglounge.com\/smoking-areas-at-saskatoon-john-g-diefenbaker-international-airport-yxe\/#primaryimage\",\"url\":\"https:\/\/airportsmokinglounge.com\/wp-content\/uploads\/2023\/03\/airport-smoking-lounge-4.jpg\",\"contentUrl\":\"https:\/\/airportsmokinglounge.com\/wp-content\/uploads\/2023\/03\/airport-smoking-lounge-4.jpg\",\"width\":2048,\"height\":1152,\"caption\":\"Airport Smoking\"},{\"@type\":\"BreadcrumbList\",\"@id\":\"https:\/\/airportsmokinglounge.com\/smoking-areas-at-saskatoon-john-g-diefenbaker-international-airport-yxe\/#breadcrumb\",\"itemListElement\":[{\"@type\":\"ListItem\",\"position\":1,\"name\":\"Home\",\"item\":\"https:\/\/airportsmokinglounge.com\/\"},{\"@type\":\"ListItem\",\"position\":2,\"name\":\"Smoking areas at SASKATOON JOHN G. DIEFENBAKER INTERNATIONAL AIRPORT (YXE)\"}]},{\"@type\":\"WebSite\",\"@id\":\"https:\/\/airportsmokinglounge.com\/#website\",\"url\":\"https:\/\/airportsmokinglounge.com\/\",\"name\":\"airportsmokinglounge.com\",\"description\":\"\",\"potentialAction\":[{\"@type\":\"SearchAction\",\"target\":{\"@type\":\"EntryPoint\",\"urlTemplate\":\"https:\/\/airportsmokinglounge.com\/?s={search_term_string}\"},\"query-input\":{\"@type\":\"PropertyValueSpecification\",\"valueRequired\":true,\"valueName\":\"search_term_string\"}}],\"inLanguage\":\"es\"}]}<\/script>\n<!-- \/ Yoast SEO plugin. -->","yoast_head_json":{"title":"Zonas para fumadores en el AEROPUERTO INTERNACIONAL SASKATOON JOHN G. DIEFENBAKER (YXE)","description":"\u00c1reas para fumadores en el AEROPUERTO INTERNACIONAL SASKATOON JOHN G. DIEFENBAKER (YXE) - Encuentre una zona para fumadores en el aeropuerto \u2714","robots":{"index":"index","follow":"follow","max-snippet":"max-snippet:-1","max-image-preview":"max-image-preview:large","max-video-preview":"max-video-preview:-1"},"canonical":"https:\/\/airportsmokinglounge.com\/es\/areas-para-fumar-en-saskatoon-john-g-diefenbaker-international-airport-yxe\/","og_locale":"es_ES","og_type":"article","og_title":"Smoking areas at SASKATOON JOHN G. DIEFENBAKER INTERNATIONAL AIRPORT (YXE)","og_description":"Smoking areas at SASKATOON JOHN G. DIEFENBAKER INTERNATIONAL AIRPORT (YXE) - Find a smoking area in the airport \u2714","og_url":"https:\/\/airportsmokinglounge.com\/es\/areas-para-fumar-en-saskatoon-john-g-diefenbaker-international-airport-yxe\/","og_site_name":"airportsmokinglounge.com","og_image":[{"width":2048,"height":1152,"url":"https:\/\/airportsmokinglounge.com\/wp-content\/uploads\/2023\/03\/airport-smoking-lounge-4.jpg","type":"image\/jpeg"}],"twitter_card":"summary_large_image","twitter_misc":{"Tiempo de lectura":"3 minutos"},"schema":{"@context":"https:\/\/schema.org","@graph":[{"@type":"WebPage","@id":"https:\/\/airportsmokinglounge.com\/smoking-areas-at-saskatoon-john-g-diefenbaker-international-airport-yxe\/","url":"https:\/\/airportsmokinglounge.com\/smoking-areas-at-saskatoon-john-g-diefenbaker-international-airport-yxe\/","name":"Zonas para fumadores en el AEROPUERTO INTERNACIONAL SASKATOON JOHN G. DIEFENBAKER (YXE)","isPartOf":{"@id":"https:\/\/airportsmokinglounge.com\/#website"},"primaryImageOfPage":{"@id":"https:\/\/airportsmokinglounge.com\/smoking-areas-at-saskatoon-john-g-diefenbaker-international-airport-yxe\/#primaryimage"},"image":{"@id":"https:\/\/airportsmokinglounge.com\/smoking-areas-at-saskatoon-john-g-diefenbaker-international-airport-yxe\/#primaryimage"},"thumbnailUrl":"https:\/\/airportsmokinglounge.com\/wp-content\/uploads\/2023\/03\/airport-smoking-lounge-4.jpg","datePublished":"2023-05-22T14:10:54+00:00","description":"\u00c1reas para fumadores en el AEROPUERTO INTERNACIONAL SASKATOON JOHN G. DIEFENBAKER (YXE) - Encuentre una zona para fumadores en el aeropuerto \u2714","breadcrumb":{"@id":"https:\/\/airportsmokinglounge.com\/smoking-areas-at-saskatoon-john-g-diefenbaker-international-airport-yxe\/#breadcrumb"},"inLanguage":"es","potentialAction":[{"@type":"ReadAction","target":["https:\/\/airportsmokinglounge.com\/smoking-areas-at-saskatoon-john-g-diefenbaker-international-airport-yxe\/"]}]},{"@type":"ImageObject","inLanguage":"es","@id":"https:\/\/airportsmokinglounge.com\/smoking-areas-at-saskatoon-john-g-diefenbaker-international-airport-yxe\/#primaryimage","url":"https:\/\/airportsmokinglounge.com\/wp-content\/uploads\/2023\/03\/airport-smoking-lounge-4.jpg","contentUrl":"https:\/\/airportsmokinglounge.com\/wp-content\/uploads\/2023\/03\/airport-smoking-lounge-4.jpg","width":2048,"height":1152,"caption":"Airport Smoking"},{"@type":"BreadcrumbList","@id":"https:\/\/airportsmokinglounge.com\/smoking-areas-at-saskatoon-john-g-diefenbaker-international-airport-yxe\/#breadcrumb","itemListElement":[{"@type":"ListItem","position":1,"name":"Home","item":"https:\/\/airportsmokinglounge.com\/"},{"@type":"ListItem","position":2,"name":"Smoking areas at SASKATOON JOHN G. DIEFENBAKER INTERNATIONAL AIRPORT (YXE)"}]},{"@type":"WebSite","@id":"https:\/\/airportsmokinglounge.com\/#website","url":"https:\/\/airportsmokinglounge.com\/","name":"aeropuertofumarlounge.com","description":"","potentialAction":[{"@type":"SearchAction","target":{"@type":"EntryPoint","urlTemplate":"https:\/\/airportsmokinglounge.com\/?s={search_term_string}"},"query-input":{"@type":"PropertyValueSpecification","valueRequired":true,"valueName":"search_term_string"}}],"inLanguage":"es"}]}},"_links":{"self":[{"href":"https:\/\/airportsmokinglounge.com\/es\/wp-json\/wp\/v2\/pages\/5667","targetHints":{"allow":["GET"]}}],"collection":[{"href":"https:\/\/airportsmokinglounge.com\/es\/wp-json\/wp\/v2\/pages"}],"about":[{"href":"https:\/\/airportsmokinglounge.com\/es\/wp-json\/wp\/v2\/types\/page"}],"author":[{"embeddable":true,"href":"https:\/\/airportsmokinglounge.com\/es\/wp-json\/wp\/v2\/users\/1"}],"replies":[{"embeddable":true,"href":"https:\/\/airportsmokinglounge.com\/es\/wp-json\/wp\/v2\/comments?post=5667"}],"version-history":[{"count":1,"href":"https:\/\/airportsmokinglounge.com\/es\/wp-json\/wp\/v2\/pages\/5667\/revisions"}],"predecessor-version":[{"id":5668,"href":"https:\/\/airportsmokinglounge.com\/es\/wp-json\/wp\/v2\/pages\/5667\/revisions\/5668"}],"wp:featuredmedia":[{"embeddable":true,"href":"https:\/\/airportsmokinglounge.com\/es\/wp-json\/wp\/v2\/media\/1199"}],"wp:attachment":[{"href":"https:\/\/airportsmokinglounge.com\/es\/wp-json\/wp\/v2\/media?parent=5667"}],"curies":[{"name":"gracias","href":"https:\/\/api.w.org\/{rel}","templated":true}]}}