{"id":5940,"date":"2023-05-23T13:40:14","date_gmt":"2023-05-23T11:40:14","guid":{"rendered":"https:\/\/airportsmokinglounge.com\/?page_id=5940"},"modified":"2023-05-23T13:40:14","modified_gmt":"2023-05-23T11:40:14","slug":"smoking-areas-at-funafuti-international-airport-fun","status":"publish","type":"page","link":"https:\/\/airportsmokinglounge.com\/es\/zonas-para-fumadores-en-el-aeropuerto-internacional-de-funafuti\/","title":{"rendered":"Zonas para fumadores en el Aeropuerto Internacional de Funafuti (FUN)"},"content":{"rendered":"<p>El Aeropuerto Internacional de Funafuti (FUN) es el principal aeropuerto que da servicio a la capital de Tuvalu, Funafuti. Ubicado en el atol\u00f3n de Funafuti, es la principal puerta de entrada a esta remota naci\u00f3n insular del Pac\u00edfico.<\/p>\n<p>El aeropuerto cuenta con una \u00fanica terminal que presta servicio tanto a vuelos nacionales como internacionales y conecta Funafuti con destinos como Suva (Fiji), Nadi (Fiji) y Tarawa (Kiribati). A pesar de su menor tama\u00f1o, el aeropuerto ofrece instalaciones esenciales, como una zona de facturaci\u00f3n, una sala de espera y servicios b\u00e1sicos para los pasajeros.<\/p>\n<h2>Zonas de fumadores antes del Control de Seguridad<\/h2>\n<ul>\n<li><span style=\"font-size: 14pt;\">Solo se permite fumar fuera de la terminal.<\/span><\/li>\n<\/ul>\n<h2>Zonas de fumadores despu\u00e9s del control de seguridad<\/h2>\n<ul>\n<li><span style=\"font-size: 14pt;\">Actualmente, no hay informaci\u00f3n disponible sobre instalaciones para fumadores dentro del aeropuerto.<\/span><\/li>\n<\/ul>\n<p><strong><span style=\"font-size: 14pt;\">Envianos tus comentarios<\/span><\/strong><\/p>\n<p><span style=\"font-size: 14pt;\">Si se encuentra en el aeropuerto, es m\u00e1s que bienvenido a enviarnos fotos de las \u00e1reas para fumadores. Esto nos ayudar\u00e1 a llenar nuestra base de datos m\u00e1s r\u00e1pido. Puedes hacerlo <strong><a href=\"https:\/\/airportsmokinglounge.com\/es\/contacto\/\">Aqu\u00ed<\/a>.<\/strong> Las im\u00e1genes se publican en nuestro sitio web, indicando la fuente de la imagen (nombre). Si\u00e9ntase libre de compartir estas fotos con nosotros y todos los visitantes de airportSmokinglounge.com<\/span>.<\/p>\n<h3>Preguntas frecuentes<\/h3>\n<h4>\u00bfLas \u00e1reas para fumadores del aeropuerto est\u00e1n disponibles las 24 horas, los 7 d\u00edas de la semana?<\/h4>\n<p>La disponibilidad de \u00e1reas para fumadores en los aeropuertos puede variar seg\u00fan el aeropuerto y la ubicaci\u00f3n. Algunas \u00e1reas para fumadores est\u00e1n abiertas las 24 horas del d\u00eda, mientras que otras pueden tener horarios restringidos o estar cerradas durante ciertos horarios. Lo mejor es consultar con el aeropuerto o visitar su sitio web para obtener informaci\u00f3n espec\u00edfica sobre las horas de operaci\u00f3n del \u00e1rea para fumadores.<\/p>\n<h4>\u00bfEst\u00e1 permitido llevar mi propia comida y bebida a la zona de fumadores?<\/h4>\n<p>Esto puede depender de la zona espec\u00edfica para fumadores y del aeropuerto. Algunas \u00e1reas para fumadores pueden permitir alimentos y bebidas del exterior, mientras que otras pueden tener restricciones o prohibirlas por completo. Lo mejor es consultar con el aeropuerto o la se\u00f1alizaci\u00f3n de la zona de fumadores para conocer las normas y reglamentos espec\u00edficos.<\/p>\n<h4>\u00bfEst\u00e1 permitido fumar en todas las \u00e1reas para fumadores del aeropuerto?<\/h4>\n<p>No todas las \u00e1reas para fumadores del aeropuerto pueden permitir fumar. Algunos aeropuertos pueden tener \u00e1reas designadas para cigarrillos electr\u00f3nicos o vapeo, que est\u00e1n separadas de las \u00e1reas tradicionales para fumadores. Aseg\u00farese de verificar las reglas y regulaciones espec\u00edficas para el \u00e1rea para fumadores que planea usar.<\/p>\n<h4>\u00bfLas \u00e1reas para fumadores tienen aire acondicionado o calefacci\u00f3n?<\/h4>\n<p>La temperatura y la ventilaci\u00f3n de las \u00e1reas para fumadores de los aeropuertos pueden variar mucho. Algunos pueden tener aire acondicionado o calefacci\u00f3n, mientras que otros pueden ser espacios al aire libre con protecci\u00f3n limitada contra los elementos. Aseg\u00farese de consultar con el aeropuerto o visitar el \u00e1rea de fumadores con anticipaci\u00f3n para determinar las condiciones y prepararse en consecuencia.<\/p>\n<h4>\u00bfLas \u00e1reas para fumadores son accesibles para viajeros con discapacidades?<\/h4>\n<p>Muchos aeropuertos se han esforzado por hacer que sus \u00e1reas para fumadores sean accesibles para los viajeros con discapacidades. Sin embargo, la accesibilidad de las \u00e1reas espec\u00edficas para fumadores puede variar mucho. Aseg\u00farese de consultar con el aeropuerto o visitar el \u00e1rea de fumadores con anticipaci\u00f3n para determinar si es accesible y satisface sus necesidades.<\/p>\n<p><span style=\"font-size: 14pt;\"><strong>Zonas de fumadores en Ocean\u00eda<\/strong><\/span><\/p>\n<ul>\n<li><a href=\"https:\/\/airportsmokinglounge.com\/es\/fumar-en-aeropuertos-en-oceania\/\"><span style=\"font-size: 14pt;\">aeropuertos de Ocean\u00eda<\/span><\/a><\/li>\n<\/ul>","protected":false},"excerpt":{"rendered":"<p>Funafuti International Airport (FUN) is the primary airport serving the capital of Tuvalu, Funafuti. Located on Funafuti Atoll, it is the main gateway to this remote Pacific island nation. The airport has a single terminal that serves both domestic and international flights, connecting Funafuti with destinations such as Suva (Fiji), Nadi (Fiji), and Tarawa (Kiribati).&hellip;&nbsp;<a href=\"https:\/\/airportsmokinglounge.com\/es\/zonas-para-fumadores-en-el-aeropuerto-internacional-de-funafuti\/\" rel=\"bookmark\">Leer m\u00e1s &quot;<span class=\"screen-reader-text\">Zonas para fumadores en el Aeropuerto Internacional de Funafuti (FUN)<\/span><\/a><\/p>","protected":false},"author":1,"featured_media":1199,"parent":0,"menu_order":0,"comment_status":"closed","ping_status":"closed","template":"","meta":{"neve_meta_sidebar":"","neve_meta_container":"","neve_meta_enable_content_width":"off","neve_meta_content_width":100,"neve_meta_title_alignment":"","neve_meta_author_avatar":"","neve_post_elements_order":"","neve_meta_disable_header":"","neve_meta_disable_footer":"","neve_meta_disable_title":"","neve_meta_reading_time":"","footnotes":""},"class_list":["post-5940","page","type-page","status-publish","has-post-thumbnail","hentry"],"yoast_head":"<!-- This site is optimized with the Yoast SEO plugin v26.6 - https:\/\/yoast.com\/wordpress\/plugins\/seo\/ -->\n<title>Smoking areas at Funafuti International Airport (FUN)<\/title>\n<meta name=\"description\" content=\"Smoking areas at Funafuti International Airport (FUN)- Find a smoking area in the airport \u2714\ufe0e Smoking Guide in Airports: Information\" \/>\n<meta name=\"robots\" content=\"index, follow, max-snippet:-1, max-image-preview:large, max-video-preview:-1\" \/>\n<link rel=\"canonical\" href=\"https:\/\/airportsmokinglounge.com\/es\/zonas-para-fumadores-en-el-aeropuerto-internacional-de-funafuti\/\" \/>\n<meta property=\"og:locale\" content=\"es_ES\" \/>\n<meta property=\"og:type\" content=\"article\" \/>\n<meta property=\"og:title\" content=\"Smoking areas at Funafuti International Airport (FUN)\" \/>\n<meta property=\"og:description\" content=\"Smoking areas at Funafuti International Airport (FUN)- Find a smoking area in the airport \u2714\ufe0e Smoking Guide in Airports: Information\" \/>\n<meta property=\"og:url\" content=\"https:\/\/airportsmokinglounge.com\/es\/zonas-para-fumadores-en-el-aeropuerto-internacional-de-funafuti\/\" \/>\n<meta property=\"og:site_name\" content=\"airportsmokinglounge.com\" \/>\n<meta property=\"og:image\" content=\"https:\/\/airportsmokinglounge.com\/wp-content\/uploads\/2023\/03\/airport-smoking-lounge-4.jpg\" \/>\n\t<meta property=\"og:image:width\" content=\"2048\" \/>\n\t<meta property=\"og:image:height\" content=\"1152\" \/>\n\t<meta property=\"og:image:type\" content=\"image\/jpeg\" \/>\n<meta name=\"twitter:card\" content=\"summary_large_image\" \/>\n<meta name=\"twitter:label1\" content=\"Tiempo de lectura\" \/>\n\t<meta name=\"twitter:data1\" content=\"3 minutos\" \/>\n<script type=\"application\/ld+json\" class=\"yoast-schema-graph\">{\"@context\":\"https:\/\/schema.org\",\"@graph\":[{\"@type\":\"WebPage\",\"@id\":\"https:\/\/airportsmokinglounge.com\/smoking-areas-at-funafuti-international-airport-fun\/\",\"url\":\"https:\/\/airportsmokinglounge.com\/smoking-areas-at-funafuti-international-airport-fun\/\",\"name\":\"Smoking areas at Funafuti International Airport (FUN)\",\"isPartOf\":{\"@id\":\"https:\/\/airportsmokinglounge.com\/#website\"},\"primaryImageOfPage\":{\"@id\":\"https:\/\/airportsmokinglounge.com\/smoking-areas-at-funafuti-international-airport-fun\/#primaryimage\"},\"image\":{\"@id\":\"https:\/\/airportsmokinglounge.com\/smoking-areas-at-funafuti-international-airport-fun\/#primaryimage\"},\"thumbnailUrl\":\"https:\/\/airportsmokinglounge.com\/wp-content\/uploads\/2023\/03\/airport-smoking-lounge-4.jpg\",\"datePublished\":\"2023-05-23T11:40:14+00:00\",\"description\":\"Smoking areas at Funafuti International Airport (FUN)- Find a smoking area in the airport \u2714\ufe0e Smoking Guide in Airports: Information\",\"breadcrumb\":{\"@id\":\"https:\/\/airportsmokinglounge.com\/smoking-areas-at-funafuti-international-airport-fun\/#breadcrumb\"},\"inLanguage\":\"es\",\"potentialAction\":[{\"@type\":\"ReadAction\",\"target\":[\"https:\/\/airportsmokinglounge.com\/smoking-areas-at-funafuti-international-airport-fun\/\"]}]},{\"@type\":\"ImageObject\",\"inLanguage\":\"es\",\"@id\":\"https:\/\/airportsmokinglounge.com\/smoking-areas-at-funafuti-international-airport-fun\/#primaryimage\",\"url\":\"https:\/\/airportsmokinglounge.com\/wp-content\/uploads\/2023\/03\/airport-smoking-lounge-4.jpg\",\"contentUrl\":\"https:\/\/airportsmokinglounge.com\/wp-content\/uploads\/2023\/03\/airport-smoking-lounge-4.jpg\",\"width\":2048,\"height\":1152,\"caption\":\"Airport Smoking\"},{\"@type\":\"BreadcrumbList\",\"@id\":\"https:\/\/airportsmokinglounge.com\/smoking-areas-at-funafuti-international-airport-fun\/#breadcrumb\",\"itemListElement\":[{\"@type\":\"ListItem\",\"position\":1,\"name\":\"Home\",\"item\":\"https:\/\/airportsmokinglounge.com\/\"},{\"@type\":\"ListItem\",\"position\":2,\"name\":\"Smoking areas at Funafuti International Airport (FUN)\"}]},{\"@type\":\"WebSite\",\"@id\":\"https:\/\/airportsmokinglounge.com\/#website\",\"url\":\"https:\/\/airportsmokinglounge.com\/\",\"name\":\"airportsmokinglounge.com\",\"description\":\"\",\"potentialAction\":[{\"@type\":\"SearchAction\",\"target\":{\"@type\":\"EntryPoint\",\"urlTemplate\":\"https:\/\/airportsmokinglounge.com\/?s={search_term_string}\"},\"query-input\":{\"@type\":\"PropertyValueSpecification\",\"valueRequired\":true,\"valueName\":\"search_term_string\"}}],\"inLanguage\":\"es\"}]}<\/script>\n<!-- \/ Yoast SEO plugin. -->","yoast_head_json":{"title":"Zonas para fumadores en el Aeropuerto Internacional de Funafuti (FUN)","description":"Zonas de fumadores en el Aeropuerto Internacional de Funafuti (FUN) - Encuentra una zona de fumadores en el aeropuerto \u2714\ufe0e Gu\u00eda para fumadores en aeropuertos: Informaci\u00f3n","robots":{"index":"index","follow":"follow","max-snippet":"max-snippet:-1","max-image-preview":"max-image-preview:large","max-video-preview":"max-video-preview:-1"},"canonical":"https:\/\/airportsmokinglounge.com\/es\/zonas-para-fumadores-en-el-aeropuerto-internacional-de-funafuti\/","og_locale":"es_ES","og_type":"article","og_title":"Smoking areas at Funafuti International Airport (FUN)","og_description":"Smoking areas at Funafuti International Airport (FUN)- Find a smoking area in the airport \u2714\ufe0e Smoking Guide in Airports: Information","og_url":"https:\/\/airportsmokinglounge.com\/es\/zonas-para-fumadores-en-el-aeropuerto-internacional-de-funafuti\/","og_site_name":"airportsmokinglounge.com","og_image":[{"width":2048,"height":1152,"url":"https:\/\/airportsmokinglounge.com\/wp-content\/uploads\/2023\/03\/airport-smoking-lounge-4.jpg","type":"image\/jpeg"}],"twitter_card":"summary_large_image","twitter_misc":{"Tiempo de lectura":"3 minutos"},"schema":{"@context":"https:\/\/schema.org","@graph":[{"@type":"WebPage","@id":"https:\/\/airportsmokinglounge.com\/smoking-areas-at-funafuti-international-airport-fun\/","url":"https:\/\/airportsmokinglounge.com\/smoking-areas-at-funafuti-international-airport-fun\/","name":"Zonas para fumadores en el Aeropuerto Internacional de Funafuti (FUN)","isPartOf":{"@id":"https:\/\/airportsmokinglounge.com\/#website"},"primaryImageOfPage":{"@id":"https:\/\/airportsmokinglounge.com\/smoking-areas-at-funafuti-international-airport-fun\/#primaryimage"},"image":{"@id":"https:\/\/airportsmokinglounge.com\/smoking-areas-at-funafuti-international-airport-fun\/#primaryimage"},"thumbnailUrl":"https:\/\/airportsmokinglounge.com\/wp-content\/uploads\/2023\/03\/airport-smoking-lounge-4.jpg","datePublished":"2023-05-23T11:40:14+00:00","description":"Zonas de fumadores en el Aeropuerto Internacional de Funafuti (FUN) - Encuentra una zona de fumadores en el aeropuerto \u2714\ufe0e Gu\u00eda para fumadores en aeropuertos: Informaci\u00f3n","breadcrumb":{"@id":"https:\/\/airportsmokinglounge.com\/smoking-areas-at-funafuti-international-airport-fun\/#breadcrumb"},"inLanguage":"es","potentialAction":[{"@type":"ReadAction","target":["https:\/\/airportsmokinglounge.com\/smoking-areas-at-funafuti-international-airport-fun\/"]}]},{"@type":"ImageObject","inLanguage":"es","@id":"https:\/\/airportsmokinglounge.com\/smoking-areas-at-funafuti-international-airport-fun\/#primaryimage","url":"https:\/\/airportsmokinglounge.com\/wp-content\/uploads\/2023\/03\/airport-smoking-lounge-4.jpg","contentUrl":"https:\/\/airportsmokinglounge.com\/wp-content\/uploads\/2023\/03\/airport-smoking-lounge-4.jpg","width":2048,"height":1152,"caption":"Airport Smoking"},{"@type":"BreadcrumbList","@id":"https:\/\/airportsmokinglounge.com\/smoking-areas-at-funafuti-international-airport-fun\/#breadcrumb","itemListElement":[{"@type":"ListItem","position":1,"name":"Home","item":"https:\/\/airportsmokinglounge.com\/"},{"@type":"ListItem","position":2,"name":"Smoking areas at Funafuti International Airport (FUN)"}]},{"@type":"WebSite","@id":"https:\/\/airportsmokinglounge.com\/#website","url":"https:\/\/airportsmokinglounge.com\/","name":"aeropuertofumarlounge.com","description":"","potentialAction":[{"@type":"SearchAction","target":{"@type":"EntryPoint","urlTemplate":"https:\/\/airportsmokinglounge.com\/?s={search_term_string}"},"query-input":{"@type":"PropertyValueSpecification","valueRequired":true,"valueName":"search_term_string"}}],"inLanguage":"es"}]}},"_links":{"self":[{"href":"https:\/\/airportsmokinglounge.com\/es\/wp-json\/wp\/v2\/pages\/5940","targetHints":{"allow":["GET"]}}],"collection":[{"href":"https:\/\/airportsmokinglounge.com\/es\/wp-json\/wp\/v2\/pages"}],"about":[{"href":"https:\/\/airportsmokinglounge.com\/es\/wp-json\/wp\/v2\/types\/page"}],"author":[{"embeddable":true,"href":"https:\/\/airportsmokinglounge.com\/es\/wp-json\/wp\/v2\/users\/1"}],"replies":[{"embeddable":true,"href":"https:\/\/airportsmokinglounge.com\/es\/wp-json\/wp\/v2\/comments?post=5940"}],"version-history":[{"count":1,"href":"https:\/\/airportsmokinglounge.com\/es\/wp-json\/wp\/v2\/pages\/5940\/revisions"}],"predecessor-version":[{"id":5941,"href":"https:\/\/airportsmokinglounge.com\/es\/wp-json\/wp\/v2\/pages\/5940\/revisions\/5941"}],"wp:featuredmedia":[{"embeddable":true,"href":"https:\/\/airportsmokinglounge.com\/es\/wp-json\/wp\/v2\/media\/1199"}],"wp:attachment":[{"href":"https:\/\/airportsmokinglounge.com\/es\/wp-json\/wp\/v2\/media?parent=5940"}],"curies":[{"name":"gracias","href":"https:\/\/api.w.org\/{rel}","templated":true}]}}