{"id":6409,"date":"2023-06-18T16:59:52","date_gmt":"2023-06-18T14:59:52","guid":{"rendered":"https:\/\/airportsmokinglounge.com\/?page_id=6409"},"modified":"2023-06-18T16:59:52","modified_gmt":"2023-06-18T14:59:52","slug":"about-us","status":"publish","type":"page","link":"https:\/\/airportsmokinglounge.com\/es\/sobre-nosotros\/","title":{"rendered":"Sobre nosotros"},"content":{"rendered":"<p>Bienvenido a Airportsmokinglounge.com, su fuente completa de informaci\u00f3n sobre \u00e1reas para fumadores en aeropuertos de todo el mundo.<\/p>\n<p>Nuestra misi\u00f3n es hacer que los viajes sean m\u00e1s placenteros para los fumadores brind\u00e1ndoles informaci\u00f3n detallada sobre las \u00e1reas designadas para fumadores y las instalaciones disponibles en los aeropuertos de todo el mundo. Entendemos la frustraci\u00f3n de pasar por seguridad y descubrir que no hay \u00e1reas para fumadores o, en algunos casos, no se permiten cigarrillos electr\u00f3nicos.<\/p>\n<p>Ya sea que est\u00e9 en tr\u00e1nsito, esperando un vuelo de conexi\u00f3n o reci\u00e9n llegado a su destino, nuestro objetivo es ayudarlo a encontrar un lugar donde pueda relajarse y fumar sin preocuparse de infringir ninguna regla.<\/p>\n<p>Actualizamos continuamente nuestra base de datos para garantizar que tenga la informaci\u00f3n m\u00e1s reciente y precisa a su alcance. Desde los aeropuertos internacionales m\u00e1s grandes hasta los nacionales m\u00e1s peque\u00f1os, nos esforzamos por cubrirlos todos.<\/p>\n<p>Nuestro equipo est\u00e1 dedicado a hacer que su experiencia de viaje sea lo m\u00e1s fluida posible. Si tiene alguna pregunta, sugerencia o desea aportar informaci\u00f3n sobre una zona para fumadores en un aeropuerto que a\u00fan no hemos cubierto, no dude en contactarnos. <a href=\"https:\/\/airportsmokinglounge.com\/es\/contacto\/\">contacto<\/a> a nosotros.<\/p>\n<p>\u00a1Gracias por elegir Airportsmokinglounge.com y buen viaje!\u201d<\/p>","protected":false},"excerpt":{"rendered":"<p>Bienvenido a aeroportsmokinglounge.com, su fuente completa de informaci\u00f3n sobre las zonas para fumadores en los aeropuertos de todo el mundo. Nuestra misi\u00f3n es hacer que los viajes sean m\u00e1s agradables para los fumadores proporcion\u00e1ndoles informaci\u00f3n detallada sobre las zonas para fumadores designadas y las instalaciones disponibles en los aeropuertos de todo el mundo. Entendemos la frustraci\u00f3n de pasar por el control de seguridad y descubrir que no hay\u2026&nbsp;<a href=\"https:\/\/airportsmokinglounge.com\/es\/sobre-nosotros\/\" rel=\"bookmark\">Leer m\u00e1s &quot;<span class=\"screen-reader-text\">Sobre nosotros<\/span><\/a><\/p>","protected":false},"author":1,"featured_media":1274,"parent":0,"menu_order":0,"comment_status":"closed","ping_status":"closed","template":"","meta":{"neve_meta_sidebar":"","neve_meta_container":"","neve_meta_enable_content_width":"off","neve_meta_content_width":100,"neve_meta_title_alignment":"","neve_meta_author_avatar":"","neve_post_elements_order":"","neve_meta_disable_header":"","neve_meta_disable_footer":"","neve_meta_disable_title":"","neve_meta_reading_time":"","footnotes":""},"class_list":["post-6409","page","type-page","status-publish","has-post-thumbnail","hentry"],"yoast_head":"<!-- This site is optimized with the Yoast SEO plugin v26.6 - https:\/\/yoast.com\/wordpress\/plugins\/seo\/ -->\n<title>About us - airportsmokinglounge.com<\/title>\n<meta name=\"robots\" content=\"index, follow, max-snippet:-1, max-image-preview:large, max-video-preview:-1\" \/>\n<link rel=\"canonical\" href=\"https:\/\/airportsmokinglounge.com\/es\/sobre-nosotros\/\" \/>\n<meta property=\"og:locale\" content=\"es_ES\" \/>\n<meta property=\"og:type\" content=\"article\" \/>\n<meta property=\"og:title\" content=\"About us - airportsmokinglounge.com\" \/>\n<meta property=\"og:description\" content=\"Welcome to airportsmokinglounge.com, your comprehensive source for information on smoking areas in airports worldwide. Our mission is to make travel more enjoyable for smokers by providing detailed information about designated smoking areas and available facilities in airports across the globe. We understand the frustration of going through security, only to find that there are no&hellip;&nbsp;Read More &raquo;About us\" \/>\n<meta property=\"og:url\" content=\"https:\/\/airportsmokinglounge.com\/es\/sobre-nosotros\/\" \/>\n<meta property=\"og:site_name\" content=\"airportsmokinglounge.com\" \/>\n<meta property=\"og:image\" content=\"https:\/\/airportsmokinglounge.com\/wp-content\/uploads\/2023\/03\/Fiverr1-smoking-2.png\" \/>\n\t<meta property=\"og:image:width\" content=\"5990\" \/>\n\t<meta property=\"og:image:height\" content=\"1296\" \/>\n\t<meta property=\"og:image:type\" content=\"image\/png\" \/>\n<meta name=\"twitter:card\" content=\"summary_large_image\" \/>\n<meta name=\"twitter:label1\" content=\"Tiempo de lectura\" \/>\n\t<meta name=\"twitter:data1\" content=\"1 minuto\" \/>\n<script type=\"application\/ld+json\" class=\"yoast-schema-graph\">{\"@context\":\"https:\/\/schema.org\",\"@graph\":[{\"@type\":\"WebPage\",\"@id\":\"https:\/\/airportsmokinglounge.com\/about-us\/\",\"url\":\"https:\/\/airportsmokinglounge.com\/about-us\/\",\"name\":\"About us - airportsmokinglounge.com\",\"isPartOf\":{\"@id\":\"https:\/\/airportsmokinglounge.com\/#website\"},\"primaryImageOfPage\":{\"@id\":\"https:\/\/airportsmokinglounge.com\/about-us\/#primaryimage\"},\"image\":{\"@id\":\"https:\/\/airportsmokinglounge.com\/about-us\/#primaryimage\"},\"thumbnailUrl\":\"https:\/\/airportsmokinglounge.com\/wp-content\/uploads\/2023\/03\/Fiverr1-smoking-2.png\",\"datePublished\":\"2023-06-18T14:59:52+00:00\",\"breadcrumb\":{\"@id\":\"https:\/\/airportsmokinglounge.com\/about-us\/#breadcrumb\"},\"inLanguage\":\"es\",\"potentialAction\":[{\"@type\":\"ReadAction\",\"target\":[\"https:\/\/airportsmokinglounge.com\/about-us\/\"]}]},{\"@type\":\"ImageObject\",\"inLanguage\":\"es\",\"@id\":\"https:\/\/airportsmokinglounge.com\/about-us\/#primaryimage\",\"url\":\"https:\/\/airportsmokinglounge.com\/wp-content\/uploads\/2023\/03\/Fiverr1-smoking-2.png\",\"contentUrl\":\"https:\/\/airportsmokinglounge.com\/wp-content\/uploads\/2023\/03\/Fiverr1-smoking-2.png\",\"width\":5990,\"height\":1296,\"caption\":\"Airport smoking lounge\"},{\"@type\":\"BreadcrumbList\",\"@id\":\"https:\/\/airportsmokinglounge.com\/about-us\/#breadcrumb\",\"itemListElement\":[{\"@type\":\"ListItem\",\"position\":1,\"name\":\"Home\",\"item\":\"https:\/\/airportsmokinglounge.com\/\"},{\"@type\":\"ListItem\",\"position\":2,\"name\":\"About us\"}]},{\"@type\":\"WebSite\",\"@id\":\"https:\/\/airportsmokinglounge.com\/#website\",\"url\":\"https:\/\/airportsmokinglounge.com\/\",\"name\":\"airportsmokinglounge.com\",\"description\":\"\",\"potentialAction\":[{\"@type\":\"SearchAction\",\"target\":{\"@type\":\"EntryPoint\",\"urlTemplate\":\"https:\/\/airportsmokinglounge.com\/?s={search_term_string}\"},\"query-input\":{\"@type\":\"PropertyValueSpecification\",\"valueRequired\":true,\"valueName\":\"search_term_string\"}}],\"inLanguage\":\"es\"}]}<\/script>\n<!-- \/ Yoast SEO plugin. -->","yoast_head_json":{"title":"Sobre nosotros - Airportsmokinglounge.com","robots":{"index":"index","follow":"follow","max-snippet":"max-snippet:-1","max-image-preview":"max-image-preview:large","max-video-preview":"max-video-preview:-1"},"canonical":"https:\/\/airportsmokinglounge.com\/es\/sobre-nosotros\/","og_locale":"es_ES","og_type":"article","og_title":"About us - airportsmokinglounge.com","og_description":"Welcome to airportsmokinglounge.com, your comprehensive source for information on smoking areas in airports worldwide. Our mission is to make travel more enjoyable for smokers by providing detailed information about designated smoking areas and available facilities in airports across the globe. We understand the frustration of going through security, only to find that there are no&hellip;&nbsp;Read More &raquo;About us","og_url":"https:\/\/airportsmokinglounge.com\/es\/sobre-nosotros\/","og_site_name":"airportsmokinglounge.com","og_image":[{"width":5990,"height":1296,"url":"https:\/\/airportsmokinglounge.com\/wp-content\/uploads\/2023\/03\/Fiverr1-smoking-2.png","type":"image\/png"}],"twitter_card":"summary_large_image","twitter_misc":{"Tiempo de lectura":"1 minuto"},"schema":{"@context":"https:\/\/schema.org","@graph":[{"@type":"WebPage","@id":"https:\/\/airportsmokinglounge.com\/about-us\/","url":"https:\/\/airportsmokinglounge.com\/about-us\/","name":"Sobre nosotros - Airportsmokinglounge.com","isPartOf":{"@id":"https:\/\/airportsmokinglounge.com\/#website"},"primaryImageOfPage":{"@id":"https:\/\/airportsmokinglounge.com\/about-us\/#primaryimage"},"image":{"@id":"https:\/\/airportsmokinglounge.com\/about-us\/#primaryimage"},"thumbnailUrl":"https:\/\/airportsmokinglounge.com\/wp-content\/uploads\/2023\/03\/Fiverr1-smoking-2.png","datePublished":"2023-06-18T14:59:52+00:00","breadcrumb":{"@id":"https:\/\/airportsmokinglounge.com\/about-us\/#breadcrumb"},"inLanguage":"es","potentialAction":[{"@type":"ReadAction","target":["https:\/\/airportsmokinglounge.com\/about-us\/"]}]},{"@type":"ImageObject","inLanguage":"es","@id":"https:\/\/airportsmokinglounge.com\/about-us\/#primaryimage","url":"https:\/\/airportsmokinglounge.com\/wp-content\/uploads\/2023\/03\/Fiverr1-smoking-2.png","contentUrl":"https:\/\/airportsmokinglounge.com\/wp-content\/uploads\/2023\/03\/Fiverr1-smoking-2.png","width":5990,"height":1296,"caption":"Airport smoking lounge"},{"@type":"BreadcrumbList","@id":"https:\/\/airportsmokinglounge.com\/about-us\/#breadcrumb","itemListElement":[{"@type":"ListItem","position":1,"name":"Home","item":"https:\/\/airportsmokinglounge.com\/"},{"@type":"ListItem","position":2,"name":"About us"}]},{"@type":"WebSite","@id":"https:\/\/airportsmokinglounge.com\/#website","url":"https:\/\/airportsmokinglounge.com\/","name":"aeropuertofumarlounge.com","description":"","potentialAction":[{"@type":"SearchAction","target":{"@type":"EntryPoint","urlTemplate":"https:\/\/airportsmokinglounge.com\/?s={search_term_string}"},"query-input":{"@type":"PropertyValueSpecification","valueRequired":true,"valueName":"search_term_string"}}],"inLanguage":"es"}]}},"_links":{"self":[{"href":"https:\/\/airportsmokinglounge.com\/es\/wp-json\/wp\/v2\/pages\/6409","targetHints":{"allow":["GET"]}}],"collection":[{"href":"https:\/\/airportsmokinglounge.com\/es\/wp-json\/wp\/v2\/pages"}],"about":[{"href":"https:\/\/airportsmokinglounge.com\/es\/wp-json\/wp\/v2\/types\/page"}],"author":[{"embeddable":true,"href":"https:\/\/airportsmokinglounge.com\/es\/wp-json\/wp\/v2\/users\/1"}],"replies":[{"embeddable":true,"href":"https:\/\/airportsmokinglounge.com\/es\/wp-json\/wp\/v2\/comments?post=6409"}],"version-history":[{"count":1,"href":"https:\/\/airportsmokinglounge.com\/es\/wp-json\/wp\/v2\/pages\/6409\/revisions"}],"predecessor-version":[{"id":6410,"href":"https:\/\/airportsmokinglounge.com\/es\/wp-json\/wp\/v2\/pages\/6409\/revisions\/6410"}],"wp:featuredmedia":[{"embeddable":true,"href":"https:\/\/airportsmokinglounge.com\/es\/wp-json\/wp\/v2\/media\/1274"}],"wp:attachment":[{"href":"https:\/\/airportsmokinglounge.com\/es\/wp-json\/wp\/v2\/media?parent=6409"}],"curies":[{"name":"gracias","href":"https:\/\/api.w.org\/{rel}","templated":true}]}}