{"id":72,"date":"2023-02-21T15:22:58","date_gmt":"2023-02-21T14:22:58","guid":{"rendered":"https:\/\/airportsmokinglounge.com\/?page_id=72"},"modified":"2023-05-23T13:44:54","modified_gmt":"2023-05-23T11:44:54","slug":"smoking-at-airports-in-oceania","status":"publish","type":"page","link":"https:\/\/airportsmokinglounge.com\/es\/fumar-en-aeropuertos-en-oceania\/","title":{"rendered":"Fumar en los aeropuertos de Ocean\u00eda"},"content":{"rendered":"<h2>Zonas de fumadores en los aeropuertos de Ocean\u00eda<\/h2>\n<p><span style=\"font-size: 14pt;\">En este sitio web encontrar\u00e1 todas las \u00e1reas para fumadores en los aeropuertos de Ocean\u00eda, incluidas las \u00e1reas designadas para fumar y las instalaciones disponibles. Entendemos la frustraci\u00f3n de pasar por seguridad solo para descubrir que no hay \u00e1reas para fumadores en ninguna parte y, en algunos casos, es posible que no se permitan los cigarrillos electr\u00f3nicos. <\/span><\/p>\n<p><span style=\"font-size: 14pt;\">Este servicio es para todos los fumadores que quieran disfrutar de un cigarrillo antes o despu\u00e9s de vuelos largos.<\/span><\/p>\n<p><span style=\"font-size: 14pt;\"><strong>Elige tu pa\u00eds:<\/strong><\/span><\/p>\n<ul style=\"list-style-type: circle;\">\n<li><a href=\"https:\/\/airportsmokinglounge.com\/es\/zonas-para-fumar-en-los-aeropuertos-de-australia\/\">AUSTRALIA<\/a><\/li>\n<li><a href=\"https:\/\/airportsmokinglounge.com\/es\/zonas-para-fumar-en-los-aeropuertos-de-papua-nueva-guinea\/\">PAP\u00daA NUEVA GUINEA<\/a><\/li>\n<li><a href=\"https:\/\/airportsmokinglounge.com\/es\/zonas-de-fumadores-en-aeropuertos-de-nueva-zelanda\/\">NUEVA ZELANDA<\/a><\/li>\n<li><a href=\"https:\/\/airportsmokinglounge.com\/es\/zonas-para-fumar-en-los-aeropuertos-de-fijis\/\">FIJI<\/a><\/li>\n<li><a href=\"https:\/\/airportsmokinglounge.com\/es\/zonas-para-fumadores-en-aeropuertos-de-islas-salomon\/\">ISLAS SALOM\u00d3N<\/a><\/li>\n<li><a href=\"https:\/\/airportsmokinglounge.com\/es\/zonas-para-fumar-en-los-aeropuertos-de-vanuatus\/\">VANUATU<\/a><\/li>\n<li><a href=\"https:\/\/airportsmokinglounge.com\/es\/zonas-para-fumadores-en-el-aeropuerto-internacional-apia-faleolo-apw\/\">SAMOA<\/a><\/li>\n<li><a href=\"https:\/\/airportsmokinglounge.com\/es\/zonas-para-fumadores-en-aeropuertos-de-kiribati\/\">KIRIBATI<\/a><\/li>\n<li><a href=\"https:\/\/airportsmokinglounge.com\/es\/zonas-para-fumar-en-aeropuertos-tongas\/\">TONGA<\/a><\/li>\n<li><a href=\"https:\/\/airportsmokinglounge.com\/es\/zonas-para-fumadores-en-los-aeropuertos-de-las-islas-marshall\/\">ISLAS MARSHALL<\/a><\/li>\n<li><a href=\"https:\/\/airportsmokinglounge.com\/es\/zonas-para-fumar-en-los-aeropuertos-de-palau\/\">PALAU<\/a><\/li>\n<li><a href=\"https:\/\/airportsmokinglounge.com\/es\/zonas-para-fumadores-en-el-aeropuerto-internacional-de-funafuti\/\">TUVAL\u00da<\/a><\/li>\n<li><a href=\"https:\/\/airportsmokinglounge.com\/es\/areas-para-fumar-en-el-aeropuerto-internacional-de-nauru-inu\/\">NAURU<\/a><\/li>\n<\/ul>\n<p><strong><span style=\"font-size: 14pt;\">M\u00e1s Aeropuerto Zonas de fumadores<\/span><\/strong><\/p>\n<ul style=\"list-style-type: circle;\">\n<li><a href=\"https:\/\/airportsmokinglounge.com\/es\/fumar-en-los-aeropuertos-en-africa\/\">\u00c1frica<\/a><\/li>\n<li><a href=\"https:\/\/airportsmokinglounge.com\/es\/fumar-en-los-aeropuertos-de-norteamerica\/\">Am\u00e9rica del norte<\/a><\/li>\n<li><a href=\"https:\/\/airportsmokinglounge.com\/es\/zonas-de-fumadores-en-aeropuertos-europeos\/\">Europa<\/a><\/li>\n<li><a href=\"https:\/\/airportsmokinglounge.com\/es\/fumar-en-los-aeropuertos-de-america-del-sur\/\">Sudamerica<\/a><\/li>\n<li><a href=\"https:\/\/airportsmokinglounge.com\/es\/fumar-en-aeropuertos-en-asia\/\">Asia<\/a><\/li>\n<\/ul>","protected":false},"excerpt":{"rendered":"<p>Zonas para fumadores en los aeropuertos de Ocean\u00eda En este sitio web encontrar\u00e1 todas las zonas para fumadores de los aeropuertos de Ocean\u00eda, incluidas las zonas para fumadores designadas y las instalaciones disponibles. Entendemos la frustraci\u00f3n de pasar por el control de seguridad y descubrir que no hay zonas para fumadores en ning\u00fan lado y, en algunos casos, puede que no se permitan los cigarrillos electr\u00f3nicos. Este servicio\u2026&nbsp;<a href=\"https:\/\/airportsmokinglounge.com\/es\/fumar-en-aeropuertos-en-oceania\/\" rel=\"bookmark\">Leer m\u00e1s &quot;<span class=\"screen-reader-text\">Fumar en los aeropuertos de Ocean\u00eda<\/span><\/a><\/p>","protected":false},"author":1,"featured_media":1202,"parent":0,"menu_order":0,"comment_status":"closed","ping_status":"closed","template":"","meta":{"neve_meta_sidebar":"","neve_meta_container":"","neve_meta_enable_content_width":"off","neve_meta_content_width":100,"neve_meta_title_alignment":"","neve_meta_author_avatar":"","neve_post_elements_order":"","neve_meta_disable_header":"","neve_meta_disable_footer":"","neve_meta_disable_title":"","neve_meta_reading_time":"","footnotes":""},"class_list":["post-72","page","type-page","status-publish","has-post-thumbnail","hentry"],"yoast_head":"<!-- This site is optimized with the Yoast SEO plugin v26.6 - https:\/\/yoast.com\/wordpress\/plugins\/seo\/ -->\n<title>Smoking at airports in Oceania - airportsmokinglounge.com<\/title>\n<meta name=\"description\" content=\"Smoking in airports in Oceania \u2714\ufe0e A Comprehensive Guide to Smoking Areas and Smoking Policies in Major Airports \u2714\ufe0e\" \/>\n<meta name=\"robots\" content=\"index, follow, max-snippet:-1, max-image-preview:large, max-video-preview:-1\" \/>\n<link rel=\"canonical\" href=\"https:\/\/airportsmokinglounge.com\/es\/fumar-en-aeropuertos-en-oceania\/\" \/>\n<meta property=\"og:locale\" content=\"es_ES\" \/>\n<meta property=\"og:type\" content=\"article\" \/>\n<meta property=\"og:title\" content=\"Smoking at airports in Oceania - airportsmokinglounge.com\" \/>\n<meta property=\"og:description\" content=\"Smoking in airports in Oceania \u2714\ufe0e A Comprehensive Guide to Smoking Areas and Smoking Policies in Major Airports \u2714\ufe0e\" \/>\n<meta property=\"og:url\" content=\"https:\/\/airportsmokinglounge.com\/es\/fumar-en-aeropuertos-en-oceania\/\" \/>\n<meta property=\"og:site_name\" content=\"airportsmokinglounge.com\" \/>\n<meta property=\"article:modified_time\" content=\"2023-05-23T11:44:54+00:00\" \/>\n<meta property=\"og:image\" content=\"https:\/\/airportsmokinglounge.com\/wp-content\/uploads\/2023\/03\/airport-smoking-lounge-7.jpg\" \/>\n\t<meta property=\"og:image:width\" content=\"2048\" \/>\n\t<meta property=\"og:image:height\" content=\"1152\" \/>\n\t<meta property=\"og:image:type\" content=\"image\/jpeg\" \/>\n<meta name=\"twitter:card\" content=\"summary_large_image\" \/>\n<meta name=\"twitter:label1\" content=\"Tiempo de lectura\" \/>\n\t<meta name=\"twitter:data1\" content=\"1 minuto\" \/>\n<script type=\"application\/ld+json\" class=\"yoast-schema-graph\">{\"@context\":\"https:\/\/schema.org\",\"@graph\":[{\"@type\":\"WebPage\",\"@id\":\"https:\/\/airportsmokinglounge.com\/smoking-at-airports-in-oceania\/\",\"url\":\"https:\/\/airportsmokinglounge.com\/smoking-at-airports-in-oceania\/\",\"name\":\"Smoking at airports in Oceania - airportsmokinglounge.com\",\"isPartOf\":{\"@id\":\"https:\/\/airportsmokinglounge.com\/#website\"},\"primaryImageOfPage\":{\"@id\":\"https:\/\/airportsmokinglounge.com\/smoking-at-airports-in-oceania\/#primaryimage\"},\"image\":{\"@id\":\"https:\/\/airportsmokinglounge.com\/smoking-at-airports-in-oceania\/#primaryimage\"},\"thumbnailUrl\":\"https:\/\/airportsmokinglounge.com\/wp-content\/uploads\/2023\/03\/airport-smoking-lounge-7.jpg\",\"datePublished\":\"2023-02-21T14:22:58+00:00\",\"dateModified\":\"2023-05-23T11:44:54+00:00\",\"description\":\"Smoking in airports in Oceania \u2714\ufe0e A Comprehensive Guide to Smoking Areas and Smoking Policies in Major Airports \u2714\ufe0e\",\"breadcrumb\":{\"@id\":\"https:\/\/airportsmokinglounge.com\/smoking-at-airports-in-oceania\/#breadcrumb\"},\"inLanguage\":\"es\",\"potentialAction\":[{\"@type\":\"ReadAction\",\"target\":[\"https:\/\/airportsmokinglounge.com\/smoking-at-airports-in-oceania\/\"]}]},{\"@type\":\"ImageObject\",\"inLanguage\":\"es\",\"@id\":\"https:\/\/airportsmokinglounge.com\/smoking-at-airports-in-oceania\/#primaryimage\",\"url\":\"https:\/\/airportsmokinglounge.com\/wp-content\/uploads\/2023\/03\/airport-smoking-lounge-7.jpg\",\"contentUrl\":\"https:\/\/airportsmokinglounge.com\/wp-content\/uploads\/2023\/03\/airport-smoking-lounge-7.jpg\",\"width\":2048,\"height\":1152,\"caption\":\"Airport Smoking areas\"},{\"@type\":\"BreadcrumbList\",\"@id\":\"https:\/\/airportsmokinglounge.com\/smoking-at-airports-in-oceania\/#breadcrumb\",\"itemListElement\":[{\"@type\":\"ListItem\",\"position\":1,\"name\":\"Home\",\"item\":\"https:\/\/airportsmokinglounge.com\/\"},{\"@type\":\"ListItem\",\"position\":2,\"name\":\"Smoking at airports in Oceania\"}]},{\"@type\":\"WebSite\",\"@id\":\"https:\/\/airportsmokinglounge.com\/#website\",\"url\":\"https:\/\/airportsmokinglounge.com\/\",\"name\":\"airportsmokinglounge.com\",\"description\":\"\",\"potentialAction\":[{\"@type\":\"SearchAction\",\"target\":{\"@type\":\"EntryPoint\",\"urlTemplate\":\"https:\/\/airportsmokinglounge.com\/?s={search_term_string}\"},\"query-input\":{\"@type\":\"PropertyValueSpecification\",\"valueRequired\":true,\"valueName\":\"search_term_string\"}}],\"inLanguage\":\"es\"}]}<\/script>\n<!-- \/ Yoast SEO plugin. -->","yoast_head_json":{"title":"Fumar en los aeropuertos de Ocean\u00eda - airportSmokinglounge.com","description":"Fumar en los aeropuertos de Ocean\u00eda \u2714\ufe0e Una gu\u00eda completa de \u00e1reas para fumadores y pol\u00edticas para fumadores en los principales aeropuertos \u2714\ufe0e","robots":{"index":"index","follow":"follow","max-snippet":"max-snippet:-1","max-image-preview":"max-image-preview:large","max-video-preview":"max-video-preview:-1"},"canonical":"https:\/\/airportsmokinglounge.com\/es\/fumar-en-aeropuertos-en-oceania\/","og_locale":"es_ES","og_type":"article","og_title":"Smoking at airports in Oceania - airportsmokinglounge.com","og_description":"Smoking in airports in Oceania \u2714\ufe0e A Comprehensive Guide to Smoking Areas and Smoking Policies in Major Airports \u2714\ufe0e","og_url":"https:\/\/airportsmokinglounge.com\/es\/fumar-en-aeropuertos-en-oceania\/","og_site_name":"airportsmokinglounge.com","article_modified_time":"2023-05-23T11:44:54+00:00","og_image":[{"width":2048,"height":1152,"url":"https:\/\/airportsmokinglounge.com\/wp-content\/uploads\/2023\/03\/airport-smoking-lounge-7.jpg","type":"image\/jpeg"}],"twitter_card":"summary_large_image","twitter_misc":{"Tiempo de lectura":"1 minuto"},"schema":{"@context":"https:\/\/schema.org","@graph":[{"@type":"WebPage","@id":"https:\/\/airportsmokinglounge.com\/smoking-at-airports-in-oceania\/","url":"https:\/\/airportsmokinglounge.com\/smoking-at-airports-in-oceania\/","name":"Fumar en los aeropuertos de Ocean\u00eda - airportSmokinglounge.com","isPartOf":{"@id":"https:\/\/airportsmokinglounge.com\/#website"},"primaryImageOfPage":{"@id":"https:\/\/airportsmokinglounge.com\/smoking-at-airports-in-oceania\/#primaryimage"},"image":{"@id":"https:\/\/airportsmokinglounge.com\/smoking-at-airports-in-oceania\/#primaryimage"},"thumbnailUrl":"https:\/\/airportsmokinglounge.com\/wp-content\/uploads\/2023\/03\/airport-smoking-lounge-7.jpg","datePublished":"2023-02-21T14:22:58+00:00","dateModified":"2023-05-23T11:44:54+00:00","description":"Fumar en los aeropuertos de Ocean\u00eda \u2714\ufe0e Una gu\u00eda completa de \u00e1reas para fumadores y pol\u00edticas para fumadores en los principales aeropuertos \u2714\ufe0e","breadcrumb":{"@id":"https:\/\/airportsmokinglounge.com\/smoking-at-airports-in-oceania\/#breadcrumb"},"inLanguage":"es","potentialAction":[{"@type":"ReadAction","target":["https:\/\/airportsmokinglounge.com\/smoking-at-airports-in-oceania\/"]}]},{"@type":"ImageObject","inLanguage":"es","@id":"https:\/\/airportsmokinglounge.com\/smoking-at-airports-in-oceania\/#primaryimage","url":"https:\/\/airportsmokinglounge.com\/wp-content\/uploads\/2023\/03\/airport-smoking-lounge-7.jpg","contentUrl":"https:\/\/airportsmokinglounge.com\/wp-content\/uploads\/2023\/03\/airport-smoking-lounge-7.jpg","width":2048,"height":1152,"caption":"Airport Smoking areas"},{"@type":"BreadcrumbList","@id":"https:\/\/airportsmokinglounge.com\/smoking-at-airports-in-oceania\/#breadcrumb","itemListElement":[{"@type":"ListItem","position":1,"name":"Home","item":"https:\/\/airportsmokinglounge.com\/"},{"@type":"ListItem","position":2,"name":"Smoking at airports in Oceania"}]},{"@type":"WebSite","@id":"https:\/\/airportsmokinglounge.com\/#website","url":"https:\/\/airportsmokinglounge.com\/","name":"aeropuertofumarlounge.com","description":"","potentialAction":[{"@type":"SearchAction","target":{"@type":"EntryPoint","urlTemplate":"https:\/\/airportsmokinglounge.com\/?s={search_term_string}"},"query-input":{"@type":"PropertyValueSpecification","valueRequired":true,"valueName":"search_term_string"}}],"inLanguage":"es"}]}},"_links":{"self":[{"href":"https:\/\/airportsmokinglounge.com\/es\/wp-json\/wp\/v2\/pages\/72","targetHints":{"allow":["GET"]}}],"collection":[{"href":"https:\/\/airportsmokinglounge.com\/es\/wp-json\/wp\/v2\/pages"}],"about":[{"href":"https:\/\/airportsmokinglounge.com\/es\/wp-json\/wp\/v2\/types\/page"}],"author":[{"embeddable":true,"href":"https:\/\/airportsmokinglounge.com\/es\/wp-json\/wp\/v2\/users\/1"}],"replies":[{"embeddable":true,"href":"https:\/\/airportsmokinglounge.com\/es\/wp-json\/wp\/v2\/comments?post=72"}],"version-history":[{"count":10,"href":"https:\/\/airportsmokinglounge.com\/es\/wp-json\/wp\/v2\/pages\/72\/revisions"}],"predecessor-version":[{"id":5945,"href":"https:\/\/airportsmokinglounge.com\/es\/wp-json\/wp\/v2\/pages\/72\/revisions\/5945"}],"wp:featuredmedia":[{"embeddable":true,"href":"https:\/\/airportsmokinglounge.com\/es\/wp-json\/wp\/v2\/media\/1202"}],"wp:attachment":[{"href":"https:\/\/airportsmokinglounge.com\/es\/wp-json\/wp\/v2\/media?parent=72"}],"curies":[{"name":"gracias","href":"https:\/\/api.w.org\/{rel}","templated":true}]}}