{"id":7264,"date":"2024-01-28T19:04:10","date_gmt":"2024-01-28T18:04:10","guid":{"rendered":"https:\/\/airportsmokinglounge.com\/?page_id=7264"},"modified":"2024-01-28T19:04:10","modified_gmt":"2024-01-28T18:04:10","slug":"smoking-areas-at-transilvania-airport-targu-mures-tgm","status":"publish","type":"page","link":"https:\/\/airportsmokinglounge.com\/es\/zonas-para-fumar-en-el-aeropuerto-de-transilvania-targu-mures-tgm\/","title":{"rendered":"Zonas para fumadores en el AEROPUERTO DE TRANSILVANIA T\u00e2rgu Mure\u0219 (TGM)"},"content":{"rendered":"<p>El aeropuerto de T\u00e2rgu Mure\u0219 ofrece vuelos nacionales e internacionales limitados que conectan a los pasajeros con varios destinos dentro de Rumania y algunos destinos internacionales. Es una importante puerta de entrada al centro de Rumania y ofrece conexiones con las principales ciudades rumanas. Varias aerol\u00edneas operan vuelos regulares desde el aeropuerto de T\u00e2rgu Mure\u0219, lo que ofrece a los viajeros una variedad de opciones para sus viajes.<\/p>\n<h2>Zonas de fumadores antes del Control de Seguridad<\/h2>\n<ul>\n<li>Solo se permite fumar fuera de la terminal en las \u00e1reas designadas<\/li>\n<\/ul>\n<h2>Zonas de fumadores despu\u00e9s del control de seguridad<\/h2>\n<ul>\n<li>Hay un lugar para fumadores ubicado en el 1er nivel.<\/li>\n<\/ul>\n<figure id=\"attachment_7266\" aria-describedby=\"caption-attachment-7266\" style=\"width: 600px\" class=\"wp-caption aligncenter\"><img decoding=\"async\" class=\"size-full wp-image-7266\" src=\"https:\/\/airportsmokinglounge.com\/wp-content\/uploads\/2024\/01\/ymail-tmp-1548934299842944543-scaled-e1706464949458.jpg\" alt=\"Zonas para fumadores en el AEROPUERTO DE TRANSILVANIA T\u00e2rgu Mure\u0219 (TGM)\" width=\"600\" height=\"450\" \/><figcaption id=\"caption-attachment-7266\" class=\"wp-caption-text\">\u00a9 rosu stefan<\/figcaption><\/figure>\n<p><span style=\"font-size: 12pt;\">M\u00e1s informaci\u00f3n en el sitio web oficial<\/span><\/p>\n<ul>\n<li><span style=\"font-size: 12pt;\"><a href=\"https:\/\/www.sibiuairport.ro\/\" target=\"_blank\" rel=\"noopener\">www.siniuairport.ro<\/a><\/span><\/li>\n<\/ul>\n<p><span style=\"font-size: 12pt;\"><strong>Envianos tus comentarios<\/strong><\/span><\/p>\n<p><span style=\"font-size: 12pt;\">Si se encuentra en el aeropuerto, es m\u00e1s que bienvenido a enviarnos fotos de las \u00e1reas para fumadores. Esto nos ayudar\u00e1 a llenar nuestra base de datos m\u00e1s r\u00e1pido. Puedes hacerlo <strong><a href=\"https:\/\/airportsmokinglounge.com\/es\/contacto\/\">Aqu\u00ed<\/a>.<\/strong> Las im\u00e1genes se publican en nuestro sitio web, indicando la fuente de la imagen (nombre). Si\u00e9ntase libre de compartir estas fotos con nosotros y todos los visitantes de airportSmokinglounge.com.<\/span><\/p>\n<h2>Fumar en los aeropuertos de Rumania<\/h2>\n<p>En general, est\u00e1 prohibido fumar en las \u00e1reas interiores de los aeropuertos de Rumania, incluidos los edificios terminales, las \u00e1reas de espera, las salas de facturaci\u00f3n, las \u00e1reas de seguridad, los restaurantes, las cafeter\u00edas y otros espacios cerrados. Esto se aplica tanto a los aeropuertos nacionales como internacionales de todo el pa\u00eds. El objetivo es crear un ambiente libre de humo para la comodidad y bienestar de todos los pasajeros y del personal del aeropuerto.<\/p>\n<p>Para dar cabida a los fumadores, normalmente se proporcionan \u00e1reas designadas para fumadores fuera de los edificios de la terminal. Estas \u00e1reas suelen estar ubicadas en espacios exteriores designados o en salas espec\u00edficas para fumadores equipadas con sistemas de ventilaci\u00f3n adecuados. Estas \u00e1reas o habitaciones est\u00e1n designadas solo para fumar y no se permite fumar fuera de estas \u00e1reas.<\/p>\n<p>Los aeropuertos de Rumania muestran se\u00f1ales claras y brindan informaci\u00f3n sobre las normas sobre fumar. Por lo general, hay paneles informativos, letreros y anuncios en todas las instalaciones del aeropuerto para informar a los pasajeros sobre la pol\u00edtica de fumar y dirigirlos a las \u00e1reas designadas para fumadores.<\/p>\n<p>Por lo tanto, es recomendable consultar con las autoridades aeroportuarias espec\u00edficas o consultar la se\u00f1alizaci\u00f3n y la informaci\u00f3n en el aeropuerto por el que viaja para conocer las normas y pautas para fumar m\u00e1s precisas y actualizadas.<\/p>\n<h3>Preguntas frecuentes<\/h3>\n<h4>\u00bfLas \u00e1reas para fumadores del aeropuerto est\u00e1n disponibles las 24 horas, los 7 d\u00edas de la semana?<\/h4>\n<p>La disponibilidad de \u00e1reas para fumadores en los aeropuertos puede variar seg\u00fan el aeropuerto y la ubicaci\u00f3n. Algunas \u00e1reas para fumadores est\u00e1n abiertas las 24 horas del d\u00eda, mientras que otras pueden tener horarios restringidos o estar cerradas durante ciertos horarios. Lo mejor es consultar con el aeropuerto o visitar su sitio web para obtener informaci\u00f3n espec\u00edfica sobre las horas de operaci\u00f3n del \u00e1rea para fumadores.<\/p>\n<h4>\u00bfEst\u00e1 permitido llevar mi propia comida y bebida a la zona de fumadores?<\/h4>\n<p>Esto puede depender de la zona espec\u00edfica para fumadores y del aeropuerto. Algunas \u00e1reas para fumadores pueden permitir alimentos y bebidas del exterior, mientras que otras pueden tener restricciones o prohibirlas por completo. Lo mejor es consultar con el aeropuerto o la se\u00f1alizaci\u00f3n de la zona de fumadores para conocer las normas y reglamentos espec\u00edficos.<\/p>\n<h4>\u00bfEst\u00e1 permitido fumar en todas las \u00e1reas para fumadores del aeropuerto?<\/h4>\n<p>No todas las \u00e1reas para fumadores del aeropuerto pueden permitir fumar. Algunos aeropuertos pueden tener \u00e1reas designadas para cigarrillos electr\u00f3nicos o vapeo, que est\u00e1n separadas de las \u00e1reas tradicionales para fumadores. Aseg\u00farese de verificar las reglas y regulaciones espec\u00edficas para el \u00e1rea para fumadores que planea usar.<\/p>\n<h4>\u00bfLas \u00e1reas para fumadores tienen aire acondicionado o calefacci\u00f3n?<\/h4>\n<p>La temperatura y la ventilaci\u00f3n de las \u00e1reas para fumadores de los aeropuertos pueden variar mucho. Algunos pueden tener aire acondicionado o calefacci\u00f3n, mientras que otros pueden ser espacios al aire libre con protecci\u00f3n limitada contra los elementos. Aseg\u00farese de consultar con el aeropuerto o visitar el \u00e1rea de fumadores con anticipaci\u00f3n para determinar las condiciones y prepararse en consecuencia.<\/p>\n<h4>\u00bfLas \u00e1reas para fumadores son accesibles para viajeros con discapacidades?<\/h4>\n<p>Muchos aeropuertos se han esforzado por hacer que sus \u00e1reas para fumadores sean accesibles para los viajeros con discapacidades. Sin embargo, la accesibilidad de las \u00e1reas espec\u00edficas para fumadores puede variar mucho. Aseg\u00farese de consultar con el aeropuerto o visitar el \u00e1rea de fumadores con anticipaci\u00f3n para determinar si es accesible y satisface sus necesidades.<\/p>\n<p><span style=\"font-size: 12pt;\"><strong>M\u00e1s aeropuertos en Rumania:<\/strong> <\/span><\/p>\n<ul>\n<li><span style=\"font-size: 12pt;\"><a href=\"https:\/\/airportsmokinglounge.com\/es\/zonas-para-fumar-en-los-aeropuertos-de-rumanas\/\">Aeropuertos en Rumania<\/a><\/span><\/li>\n<\/ul>\n<p><span style=\"font-size: 12pt;\"><strong>Zonas de fumadores en:<\/strong><\/span><\/p>\n<ul>\n<li><span style=\"font-size: 12pt;\"><a href=\"https:\/\/airportsmokinglounge.com\/es\/zonas-de-fumadores-en-aeropuertos-europeos\/\">aeropuertos europeos<\/a><\/span><\/li>\n<\/ul>","protected":false},"excerpt":{"rendered":"<p>El Aeropuerto de T\u00e2rgu Mure\u0219 ofrece vuelos nacionales e internacionales limitados, conectando a los pasajeros con diversos destinos dentro de Ruman\u00eda y algunos destinos internacionales. Sirve como una importante puerta de entrada al centro de Ruman\u00eda y ofrece conexiones con las principales ciudades rumanas. Varias aerol\u00edneas operan vuelos regulares desde el Aeropuerto de T\u00e2rgu Mure\u0219, ofreciendo a los viajeros diversas opciones para sus...&nbsp;<a href=\"https:\/\/airportsmokinglounge.com\/es\/zonas-para-fumar-en-el-aeropuerto-de-transilvania-targu-mures-tgm\/\" rel=\"bookmark\">Leer m\u00e1s &quot;<span class=\"screen-reader-text\">Zonas para fumadores en el AEROPUERTO DE TRANSILVANIA T\u00e2rgu Mure\u0219 (TGM)<\/span><\/a><\/p>","protected":false},"author":1,"featured_media":7265,"parent":0,"menu_order":0,"comment_status":"closed","ping_status":"closed","template":"","meta":{"neve_meta_sidebar":"","neve_meta_container":"","neve_meta_enable_content_width":"off","neve_meta_content_width":100,"neve_meta_title_alignment":"","neve_meta_author_avatar":"","neve_post_elements_order":"","neve_meta_disable_header":"","neve_meta_disable_footer":"","neve_meta_disable_title":"","neve_meta_reading_time":"","footnotes":""},"class_list":["post-7264","page","type-page","status-publish","has-post-thumbnail","hentry"],"yoast_head":"<!-- This site is optimized with the Yoast SEO plugin v26.6 - https:\/\/yoast.com\/wordpress\/plugins\/seo\/ -->\n<title>Smoking areas at TRANSILVANIA AIRPORT T\u00e2rgu Mure\u0219 (TGM) - airportsmokinglounge.com<\/title>\n<meta name=\"description\" content=\"Smoking areas TRANSILVANIA AIRPORT T\u00e2rgu Mure\u0219 - Find a smoking area in the airport \u2714\ufe0e Smoking Guide in Airports: Information for Travelers\" \/>\n<meta name=\"robots\" content=\"index, follow, max-snippet:-1, max-image-preview:large, max-video-preview:-1\" \/>\n<link rel=\"canonical\" href=\"https:\/\/airportsmokinglounge.com\/es\/zonas-para-fumar-en-el-aeropuerto-de-transilvania-targu-mures-tgm\/\" \/>\n<meta property=\"og:locale\" content=\"es_ES\" \/>\n<meta property=\"og:type\" content=\"article\" \/>\n<meta property=\"og:title\" content=\"Smoking areas at TRANSILVANIA AIRPORT T\u00e2rgu Mure\u0219 (TGM) - airportsmokinglounge.com\" \/>\n<meta property=\"og:description\" content=\"Smoking areas TRANSILVANIA AIRPORT T\u00e2rgu Mure\u0219 - Find a smoking area in the airport \u2714\ufe0e Smoking Guide in Airports: Information for Travelers\" \/>\n<meta property=\"og:url\" content=\"https:\/\/airportsmokinglounge.com\/es\/zonas-para-fumar-en-el-aeropuerto-de-transilvania-targu-mures-tgm\/\" \/>\n<meta property=\"og:site_name\" content=\"airportsmokinglounge.com\" \/>\n<meta property=\"og:image\" content=\"https:\/\/airportsmokinglounge.com\/wp-content\/uploads\/2024\/01\/IMG_20240125_080131-scaled.jpg\" \/>\n\t<meta property=\"og:image:width\" content=\"2560\" \/>\n\t<meta property=\"og:image:height\" content=\"1152\" \/>\n\t<meta property=\"og:image:type\" content=\"image\/jpeg\" \/>\n<meta name=\"twitter:card\" content=\"summary_large_image\" \/>\n<meta name=\"twitter:label1\" content=\"Tiempo de lectura\" \/>\n\t<meta name=\"twitter:data1\" content=\"4 minutos\" \/>\n<script type=\"application\/ld+json\" class=\"yoast-schema-graph\">{\"@context\":\"https:\/\/schema.org\",\"@graph\":[{\"@type\":\"WebPage\",\"@id\":\"https:\/\/airportsmokinglounge.com\/smoking-areas-at-transilvania-airport-targu-mures-tgm\/\",\"url\":\"https:\/\/airportsmokinglounge.com\/smoking-areas-at-transilvania-airport-targu-mures-tgm\/\",\"name\":\"Smoking areas at TRANSILVANIA AIRPORT T\u00e2rgu Mure\u0219 (TGM) - airportsmokinglounge.com\",\"isPartOf\":{\"@id\":\"https:\/\/airportsmokinglounge.com\/#website\"},\"primaryImageOfPage\":{\"@id\":\"https:\/\/airportsmokinglounge.com\/smoking-areas-at-transilvania-airport-targu-mures-tgm\/#primaryimage\"},\"image\":{\"@id\":\"https:\/\/airportsmokinglounge.com\/smoking-areas-at-transilvania-airport-targu-mures-tgm\/#primaryimage\"},\"thumbnailUrl\":\"https:\/\/airportsmokinglounge.com\/wp-content\/uploads\/2024\/01\/IMG_20240125_080131-scaled.jpg\",\"datePublished\":\"2024-01-28T18:04:10+00:00\",\"description\":\"Smoking areas TRANSILVANIA AIRPORT T\u00e2rgu Mure\u0219 - Find a smoking area in the airport \u2714\ufe0e Smoking Guide in Airports: Information for Travelers\",\"breadcrumb\":{\"@id\":\"https:\/\/airportsmokinglounge.com\/smoking-areas-at-transilvania-airport-targu-mures-tgm\/#breadcrumb\"},\"inLanguage\":\"es\",\"potentialAction\":[{\"@type\":\"ReadAction\",\"target\":[\"https:\/\/airportsmokinglounge.com\/smoking-areas-at-transilvania-airport-targu-mures-tgm\/\"]}]},{\"@type\":\"ImageObject\",\"inLanguage\":\"es\",\"@id\":\"https:\/\/airportsmokinglounge.com\/smoking-areas-at-transilvania-airport-targu-mures-tgm\/#primaryimage\",\"url\":\"https:\/\/airportsmokinglounge.com\/wp-content\/uploads\/2024\/01\/IMG_20240125_080131-scaled.jpg\",\"contentUrl\":\"https:\/\/airportsmokinglounge.com\/wp-content\/uploads\/2024\/01\/IMG_20240125_080131-scaled.jpg\",\"width\":2560,\"height\":1152,\"caption\":\"TRANSILVANIA AIRPORT T\u00e2rgu Mure\u0219\"},{\"@type\":\"BreadcrumbList\",\"@id\":\"https:\/\/airportsmokinglounge.com\/smoking-areas-at-transilvania-airport-targu-mures-tgm\/#breadcrumb\",\"itemListElement\":[{\"@type\":\"ListItem\",\"position\":1,\"name\":\"Home\",\"item\":\"https:\/\/airportsmokinglounge.com\/\"},{\"@type\":\"ListItem\",\"position\":2,\"name\":\"Smoking areas at TRANSILVANIA AIRPORT T\u00e2rgu Mure\u0219 (TGM)\"}]},{\"@type\":\"WebSite\",\"@id\":\"https:\/\/airportsmokinglounge.com\/#website\",\"url\":\"https:\/\/airportsmokinglounge.com\/\",\"name\":\"airportsmokinglounge.com\",\"description\":\"\",\"potentialAction\":[{\"@type\":\"SearchAction\",\"target\":{\"@type\":\"EntryPoint\",\"urlTemplate\":\"https:\/\/airportsmokinglounge.com\/?s={search_term_string}\"},\"query-input\":{\"@type\":\"PropertyValueSpecification\",\"valueRequired\":true,\"valueName\":\"search_term_string\"}}],\"inLanguage\":\"es\"}]}<\/script>\n<!-- \/ Yoast SEO plugin. -->","yoast_head_json":{"title":"Zonas para fumadores en el AEROPUERTO DE TRANSILVANIA T\u00e2rgu Mure\u0219 (TGM) - Airportsmokinglounge.com","description":"Zonas de fumadores AEROPUERTO DE TRANSILVANIA T\u00e2rgu Mure\u0219 - Encuentra una zona de fumadores en el aeropuerto \u2714\ufe0e Gu\u00eda para fumadores en aeropuertos: informaci\u00f3n para viajeros","robots":{"index":"index","follow":"follow","max-snippet":"max-snippet:-1","max-image-preview":"max-image-preview:large","max-video-preview":"max-video-preview:-1"},"canonical":"https:\/\/airportsmokinglounge.com\/es\/zonas-para-fumar-en-el-aeropuerto-de-transilvania-targu-mures-tgm\/","og_locale":"es_ES","og_type":"article","og_title":"Smoking areas at TRANSILVANIA AIRPORT T\u00e2rgu Mure\u0219 (TGM) - airportsmokinglounge.com","og_description":"Smoking areas TRANSILVANIA AIRPORT T\u00e2rgu Mure\u0219 - Find a smoking area in the airport \u2714\ufe0e Smoking Guide in Airports: Information for Travelers","og_url":"https:\/\/airportsmokinglounge.com\/es\/zonas-para-fumar-en-el-aeropuerto-de-transilvania-targu-mures-tgm\/","og_site_name":"airportsmokinglounge.com","og_image":[{"width":2560,"height":1152,"url":"https:\/\/airportsmokinglounge.com\/wp-content\/uploads\/2024\/01\/IMG_20240125_080131-scaled.jpg","type":"image\/jpeg"}],"twitter_card":"summary_large_image","twitter_misc":{"Tiempo de lectura":"4 minutos"},"schema":{"@context":"https:\/\/schema.org","@graph":[{"@type":"WebPage","@id":"https:\/\/airportsmokinglounge.com\/smoking-areas-at-transilvania-airport-targu-mures-tgm\/","url":"https:\/\/airportsmokinglounge.com\/smoking-areas-at-transilvania-airport-targu-mures-tgm\/","name":"Zonas para fumadores en el AEROPUERTO DE TRANSILVANIA T\u00e2rgu Mure\u0219 (TGM) - Airportsmokinglounge.com","isPartOf":{"@id":"https:\/\/airportsmokinglounge.com\/#website"},"primaryImageOfPage":{"@id":"https:\/\/airportsmokinglounge.com\/smoking-areas-at-transilvania-airport-targu-mures-tgm\/#primaryimage"},"image":{"@id":"https:\/\/airportsmokinglounge.com\/smoking-areas-at-transilvania-airport-targu-mures-tgm\/#primaryimage"},"thumbnailUrl":"https:\/\/airportsmokinglounge.com\/wp-content\/uploads\/2024\/01\/IMG_20240125_080131-scaled.jpg","datePublished":"2024-01-28T18:04:10+00:00","description":"Zonas de fumadores AEROPUERTO DE TRANSILVANIA T\u00e2rgu Mure\u0219 - Encuentra una zona de fumadores en el aeropuerto \u2714\ufe0e Gu\u00eda para fumadores en aeropuertos: informaci\u00f3n para viajeros","breadcrumb":{"@id":"https:\/\/airportsmokinglounge.com\/smoking-areas-at-transilvania-airport-targu-mures-tgm\/#breadcrumb"},"inLanguage":"es","potentialAction":[{"@type":"ReadAction","target":["https:\/\/airportsmokinglounge.com\/smoking-areas-at-transilvania-airport-targu-mures-tgm\/"]}]},{"@type":"ImageObject","inLanguage":"es","@id":"https:\/\/airportsmokinglounge.com\/smoking-areas-at-transilvania-airport-targu-mures-tgm\/#primaryimage","url":"https:\/\/airportsmokinglounge.com\/wp-content\/uploads\/2024\/01\/IMG_20240125_080131-scaled.jpg","contentUrl":"https:\/\/airportsmokinglounge.com\/wp-content\/uploads\/2024\/01\/IMG_20240125_080131-scaled.jpg","width":2560,"height":1152,"caption":"TRANSILVANIA AIRPORT T\u00e2rgu Mure\u0219"},{"@type":"BreadcrumbList","@id":"https:\/\/airportsmokinglounge.com\/smoking-areas-at-transilvania-airport-targu-mures-tgm\/#breadcrumb","itemListElement":[{"@type":"ListItem","position":1,"name":"Home","item":"https:\/\/airportsmokinglounge.com\/"},{"@type":"ListItem","position":2,"name":"Smoking areas at TRANSILVANIA AIRPORT T\u00e2rgu Mure\u0219 (TGM)"}]},{"@type":"WebSite","@id":"https:\/\/airportsmokinglounge.com\/#website","url":"https:\/\/airportsmokinglounge.com\/","name":"aeropuertofumarlounge.com","description":"","potentialAction":[{"@type":"SearchAction","target":{"@type":"EntryPoint","urlTemplate":"https:\/\/airportsmokinglounge.com\/?s={search_term_string}"},"query-input":{"@type":"PropertyValueSpecification","valueRequired":true,"valueName":"search_term_string"}}],"inLanguage":"es"}]}},"_links":{"self":[{"href":"https:\/\/airportsmokinglounge.com\/es\/wp-json\/wp\/v2\/pages\/7264","targetHints":{"allow":["GET"]}}],"collection":[{"href":"https:\/\/airportsmokinglounge.com\/es\/wp-json\/wp\/v2\/pages"}],"about":[{"href":"https:\/\/airportsmokinglounge.com\/es\/wp-json\/wp\/v2\/types\/page"}],"author":[{"embeddable":true,"href":"https:\/\/airportsmokinglounge.com\/es\/wp-json\/wp\/v2\/users\/1"}],"replies":[{"embeddable":true,"href":"https:\/\/airportsmokinglounge.com\/es\/wp-json\/wp\/v2\/comments?post=7264"}],"version-history":[{"count":1,"href":"https:\/\/airportsmokinglounge.com\/es\/wp-json\/wp\/v2\/pages\/7264\/revisions"}],"predecessor-version":[{"id":7267,"href":"https:\/\/airportsmokinglounge.com\/es\/wp-json\/wp\/v2\/pages\/7264\/revisions\/7267"}],"wp:featuredmedia":[{"embeddable":true,"href":"https:\/\/airportsmokinglounge.com\/es\/wp-json\/wp\/v2\/media\/7265"}],"wp:attachment":[{"href":"https:\/\/airportsmokinglounge.com\/es\/wp-json\/wp\/v2\/media?parent=7264"}],"curies":[{"name":"gracias","href":"https:\/\/api.w.org\/{rel}","templated":true}]}}