{"id":76,"date":"2023-02-21T15:40:49","date_gmt":"2023-02-21T14:40:49","guid":{"rendered":"https:\/\/airportsmokinglounge.com\/?page_id=76"},"modified":"2023-05-10T11:28:34","modified_gmt":"2023-05-10T09:28:34","slug":"smoking-in-andorra-airport-la-seu-durgell-leu","status":"publish","type":"page","link":"https:\/\/airportsmokinglounge.com\/es\/fumar-en-andorra-aeropuerto-la-seu-durgell-leu\/","title":{"rendered":"Fumar en el Aeropuerto de Andorra \u2013 La Seu d&#039;Urgell (LEU)"},"content":{"rendered":"<h2><span style=\"color: #333333;\">Zonas de fumadores en el Aeropuerto de Andorra antes del Control de Seguridad<\/span><\/h2>\n<ul>\n<li><span style=\"font-size: 14pt;\">Solo se permite fumar fuera de la terminal en las \u00e1reas designadas para fumadores.<\/span><\/li>\n<li><span style=\"font-size: 14pt;\">Est\u00e1 prohibido fumar en el edificio de la terminal.<\/span><\/li>\n<\/ul>\n<h2>Zonas de fumadores despu\u00e9s del control de seguridad<\/h2>\n<ul>\n<li><span style=\"font-size: 14pt;\">No hay instalaciones para fumar dentro de la Terminal despu\u00e9s del Control de Seguridad.<\/span><\/li>\n<li><span style=\"font-size: 14pt;\">Los pasajeros con vuelos de conexi\u00f3n primero deben emigrar y luego pueden fumar fuera de la terminal. Hay \u00e1reas designadas para fumadores. Luego, vuelva a pasar por seguridad para su vuelo de conexi\u00f3n.<\/span><\/li>\n<\/ul>\n<p><span style=\"font-size: 14pt;\">M\u00e1s informaci\u00f3n en el sitio web oficial<\/span><\/p>\n<ul>\n<li><a href=\"https:\/\/www.aeroportandorralaseu.cat\/\" target=\"_blank\" rel=\"noopener\"><span style=\"font-size: 14pt;\">aeroportandorralaseu.cat<\/span><\/a><\/li>\n<\/ul>\n<p><strong><span style=\"font-size: 14pt;\">Envianos tus comentarios<\/span><\/strong><\/p>\n<p><span style=\"font-size: 14pt;\">Si se encuentra en el aeropuerto de Andorra, puede enviarnos fotograf\u00edas de las zonas de fumadores. Esto nos ayudar\u00e1 a llenar nuestra base de datos m\u00e1s r\u00e1pido. Puedes hacerlo <strong><a href=\"https:\/\/airportsmokinglounge.com\/es\/contacto\/\">Aqu\u00ed<\/a>.<\/strong> Las im\u00e1genes se publican en nuestro sitio web, indicando la fuente de la imagen (nombre). Si\u00e9ntase libre de compartir estas fotos con nosotros y todos los visitantes de airportSmokinglounge.com<\/span>.<\/p>\n<h2>Ley de fumadores de Andorra<\/h2>\n<p><span style=\"font-size: 14pt;\">Est\u00e1 prohibido fumar en todos los espacios p\u00fablicos cerrados, incluidos bares, restaurantes y lugares de trabajo. Esta prohibici\u00f3n tambi\u00e9n se extiende a las \u00e1reas al aire libre donde es probable que se congregue gente, como parques infantiles e instalaciones deportivas.<\/span><\/p>\n<p><span style=\"font-size: 14pt;\">Adem\u00e1s de la prohibici\u00f3n de fumar en los espacios p\u00fablicos, tambi\u00e9n existen restricciones a la publicidad y promoci\u00f3n de los productos del tabaco. Es ilegal vender productos de tabaco a menores de 18 a\u00f1os y tambi\u00e9n est\u00e1 prohibido fumar en veh\u00edculos privados si el pasajero es menor de 18 a\u00f1os.<\/span><\/p>\n<p><span style=\"font-size: 14pt;\">Las sanciones por infringir estas leyes sobre fumar en Andorra son bastante severas. Las personas que sean sorprendidas fumando en lugares p\u00fablicos pueden enfrentarse a multas de hasta 600 euros, mientras que los establecimientos que permitan fumar pueden recibir multas de hasta 12.000 euros. Los reincidentes pueden enfrentarse a multas a\u00fan mayores o incluso a penas de prisi\u00f3n.<\/span><\/p>\n<p><span style=\"font-size: 14pt;\">En general, las leyes sobre fumar en Andorra son bastante estrictas y se aplican rigurosamente.<\/span><\/p>\n<p>&nbsp;<\/p>\n<h3>Preguntas frecuentes<\/h3>\n<h4><span style=\"font-size: 14pt;\">\u00bfLas \u00e1reas para fumadores del aeropuerto est\u00e1n disponibles las 24 horas, los 7 d\u00edas de la semana?<\/span><\/h4>\n<p><span style=\"font-size: 14pt;\">La disponibilidad de \u00e1reas para fumadores en los aeropuertos puede variar seg\u00fan el aeropuerto y la ubicaci\u00f3n. Algunas \u00e1reas para fumadores est\u00e1n abiertas las 24 horas del d\u00eda, mientras que otras pueden tener horarios restringidos o estar cerradas durante ciertos horarios. Lo mejor es consultar con el aeropuerto o visitar su sitio web para obtener informaci\u00f3n espec\u00edfica sobre las horas de operaci\u00f3n del \u00e1rea para fumadores.<\/span><\/p>\n<h4><span style=\"font-size: 14pt;\">\u00bfEst\u00e1 permitido llevar mi propia comida y bebida a la zona de fumadores?<\/span><\/h4>\n<p><span style=\"font-size: 14pt;\">Esto puede depender de la zona espec\u00edfica para fumadores y del aeropuerto. Algunas \u00e1reas para fumadores pueden permitir alimentos y bebidas del exterior, mientras que otras pueden tener restricciones o prohibirlas por completo. Lo mejor es consultar con el aeropuerto o la se\u00f1alizaci\u00f3n de la zona de fumadores para conocer las normas y reglamentos espec\u00edficos.<\/span><\/p>\n<h4><span style=\"font-size: 14pt;\">\u00bfEst\u00e1 permitido fumar en todas las \u00e1reas para fumadores del aeropuerto?<\/span><\/h4>\n<p><span style=\"font-size: 14pt;\">No todas las \u00e1reas para fumadores del aeropuerto pueden permitir fumar. Algunos aeropuertos pueden tener \u00e1reas designadas para cigarrillos electr\u00f3nicos o vapeo, que est\u00e1n separadas de las \u00e1reas tradicionales para fumadores. Aseg\u00farese de verificar las reglas y regulaciones espec\u00edficas para el \u00e1rea para fumadores que planea usar.<\/span><\/p>\n<h4><span style=\"font-size: 14pt;\">\u00bfLas \u00e1reas para fumadores tienen aire acondicionado o calefacci\u00f3n?<\/span><\/h4>\n<p><span style=\"font-size: 14pt;\">La temperatura y la ventilaci\u00f3n de las \u00e1reas para fumadores de los aeropuertos pueden variar mucho. Algunos pueden tener aire acondicionado o calefacci\u00f3n, mientras que otros pueden ser espacios al aire libre con protecci\u00f3n limitada contra los elementos. Aseg\u00farese de consultar con el aeropuerto o visitar el \u00e1rea de fumadores con anticipaci\u00f3n para determinar las condiciones y prepararse en consecuencia.<\/span><\/p>\n<h4><span style=\"font-size: 14pt;\">\u00bfLas \u00e1reas para fumadores son accesibles para viajeros con discapacidades?<\/span><\/h4>\n<p><span style=\"font-size: 14pt;\">Muchos aeropuertos se han esforzado por hacer que sus \u00e1reas para fumadores sean accesibles para los viajeros con discapacidades. Sin embargo, la accesibilidad de las \u00e1reas espec\u00edficas para fumadores puede variar mucho. Aseg\u00farese de consultar con el aeropuerto o visitar el \u00e1rea de fumadores con anticipaci\u00f3n para determinar si es accesible y satisface sus necesidades.<\/span><\/p>\n<p><span style=\"font-size: 14pt;\"><strong>Zonas de fumadores en:<\/strong><\/span><\/p>\n<ul>\n<li><a href=\"https:\/\/airportsmokinglounge.com\/es\/zonas-de-fumadores-en-aeropuertos-europeos\/\">aeropuertos europeos<\/a><\/li>\n<\/ul>","protected":false},"excerpt":{"rendered":"<p>Zonas de fumadores en el Aeropuerto de Andorra antes del Control de Seguridad Solo se permite fumar fuera de la terminal en las zonas designadas para fumadores. Est\u00e1 prohibido fumar en el edificio de la terminal. Zonas de fumadores despu\u00e9s del Control de Seguridad No hay instalaciones para fumadores dentro de la Terminal despu\u00e9s del Control de Seguridad. Los pasajeros con vuelos de conexi\u00f3n deben inmigrar primero y luego pueden fumar\u2026&nbsp;<a href=\"https:\/\/airportsmokinglounge.com\/es\/fumar-en-andorra-aeropuerto-la-seu-durgell-leu\/\" rel=\"bookmark\">Leer m\u00e1s &quot;<span class=\"screen-reader-text\">Fumar en el Aeropuerto de Andorra \u2013 La Seu d&#039;Urgell (LEU)<\/span><\/a><\/p>","protected":false},"author":1,"featured_media":1199,"parent":0,"menu_order":0,"comment_status":"closed","ping_status":"closed","template":"","meta":{"neve_meta_sidebar":"","neve_meta_container":"","neve_meta_enable_content_width":"off","neve_meta_content_width":100,"neve_meta_title_alignment":"","neve_meta_author_avatar":"","neve_post_elements_order":"","neve_meta_disable_header":"","neve_meta_disable_footer":"","neve_meta_disable_title":"","neve_meta_reading_time":"","footnotes":""},"class_list":["post-76","page","type-page","status-publish","has-post-thumbnail","hentry"],"yoast_head":"<!-- This site is optimized with the Yoast SEO plugin v26.6 - https:\/\/yoast.com\/wordpress\/plugins\/seo\/ -->\n<title>Smoking in Andorra Airport - La Seu d\u2019Urgell (LEU)<\/title>\n<meta name=\"description\" content=\"Smoking in Andorra Airport - Find a smoking area in the airport from Andorra \u2714\ufe0e Smoking Guide in Airports: Information for Travelers \u2714\ufe0e\" \/>\n<meta name=\"robots\" content=\"index, follow, max-snippet:-1, max-image-preview:large, max-video-preview:-1\" \/>\n<link rel=\"canonical\" href=\"https:\/\/airportsmokinglounge.com\/es\/fumar-en-andorra-aeropuerto-la-seu-durgell-leu\/\" \/>\n<meta property=\"og:locale\" content=\"es_ES\" \/>\n<meta property=\"og:type\" content=\"article\" \/>\n<meta property=\"og:title\" content=\"Smoking in Andorra Airport - La Seu d\u2019Urgell (LEU)\" \/>\n<meta property=\"og:description\" content=\"Smoking in Andorra Airport - Find a smoking area in the airport from Andorra \u2714\ufe0e Smoking Guide in Airports: Information for Travelers \u2714\ufe0e\" \/>\n<meta property=\"og:url\" content=\"https:\/\/airportsmokinglounge.com\/es\/fumar-en-andorra-aeropuerto-la-seu-durgell-leu\/\" \/>\n<meta property=\"og:site_name\" content=\"airportsmokinglounge.com\" \/>\n<meta property=\"article:modified_time\" content=\"2023-05-10T09:28:34+00:00\" \/>\n<meta property=\"og:image\" content=\"https:\/\/airportsmokinglounge.com\/wp-content\/uploads\/2023\/03\/airport-smoking-lounge-4.jpg\" \/>\n\t<meta property=\"og:image:width\" content=\"2048\" \/>\n\t<meta property=\"og:image:height\" content=\"1152\" \/>\n\t<meta property=\"og:image:type\" content=\"image\/jpeg\" \/>\n<meta name=\"twitter:card\" content=\"summary_large_image\" \/>\n<meta name=\"twitter:label1\" content=\"Tiempo de lectura\" \/>\n\t<meta name=\"twitter:data1\" content=\"3 minutos\" \/>\n<script type=\"application\/ld+json\" class=\"yoast-schema-graph\">{\"@context\":\"https:\/\/schema.org\",\"@graph\":[{\"@type\":\"WebPage\",\"@id\":\"https:\/\/airportsmokinglounge.com\/smoking-in-andorra-airport-la-seu-durgell-leu\/\",\"url\":\"https:\/\/airportsmokinglounge.com\/smoking-in-andorra-airport-la-seu-durgell-leu\/\",\"name\":\"Smoking in Andorra Airport - La Seu d\u2019Urgell (LEU)\",\"isPartOf\":{\"@id\":\"https:\/\/airportsmokinglounge.com\/#website\"},\"primaryImageOfPage\":{\"@id\":\"https:\/\/airportsmokinglounge.com\/smoking-in-andorra-airport-la-seu-durgell-leu\/#primaryimage\"},\"image\":{\"@id\":\"https:\/\/airportsmokinglounge.com\/smoking-in-andorra-airport-la-seu-durgell-leu\/#primaryimage\"},\"thumbnailUrl\":\"https:\/\/airportsmokinglounge.com\/wp-content\/uploads\/2023\/03\/airport-smoking-lounge-4.jpg\",\"datePublished\":\"2023-02-21T14:40:49+00:00\",\"dateModified\":\"2023-05-10T09:28:34+00:00\",\"description\":\"Smoking in Andorra Airport - Find a smoking area in the airport from Andorra \u2714\ufe0e Smoking Guide in Airports: Information for Travelers \u2714\ufe0e\",\"breadcrumb\":{\"@id\":\"https:\/\/airportsmokinglounge.com\/smoking-in-andorra-airport-la-seu-durgell-leu\/#breadcrumb\"},\"inLanguage\":\"es\",\"potentialAction\":[{\"@type\":\"ReadAction\",\"target\":[\"https:\/\/airportsmokinglounge.com\/smoking-in-andorra-airport-la-seu-durgell-leu\/\"]}]},{\"@type\":\"ImageObject\",\"inLanguage\":\"es\",\"@id\":\"https:\/\/airportsmokinglounge.com\/smoking-in-andorra-airport-la-seu-durgell-leu\/#primaryimage\",\"url\":\"https:\/\/airportsmokinglounge.com\/wp-content\/uploads\/2023\/03\/airport-smoking-lounge-4.jpg\",\"contentUrl\":\"https:\/\/airportsmokinglounge.com\/wp-content\/uploads\/2023\/03\/airport-smoking-lounge-4.jpg\",\"width\":2048,\"height\":1152,\"caption\":\"Airport Smoking\"},{\"@type\":\"BreadcrumbList\",\"@id\":\"https:\/\/airportsmokinglounge.com\/smoking-in-andorra-airport-la-seu-durgell-leu\/#breadcrumb\",\"itemListElement\":[{\"@type\":\"ListItem\",\"position\":1,\"name\":\"Home\",\"item\":\"https:\/\/airportsmokinglounge.com\/\"},{\"@type\":\"ListItem\",\"position\":2,\"name\":\"Smoking in Andorra Airport &#8211; La Seu d\u2019Urgell (LEU)\"}]},{\"@type\":\"WebSite\",\"@id\":\"https:\/\/airportsmokinglounge.com\/#website\",\"url\":\"https:\/\/airportsmokinglounge.com\/\",\"name\":\"airportsmokinglounge.com\",\"description\":\"\",\"potentialAction\":[{\"@type\":\"SearchAction\",\"target\":{\"@type\":\"EntryPoint\",\"urlTemplate\":\"https:\/\/airportsmokinglounge.com\/?s={search_term_string}\"},\"query-input\":{\"@type\":\"PropertyValueSpecification\",\"valueRequired\":true,\"valueName\":\"search_term_string\"}}],\"inLanguage\":\"es\"}]}<\/script>\n<!-- \/ Yoast SEO plugin. -->","yoast_head_json":{"title":"Fumar en el Aeropuerto de Andorra - La Seu d&#039;Urgell (LEU)","description":"Fumar en el Aeropuerto de Andorra - Encuentra una zona de fumadores en el aeropuerto de Andorra \u2714\ufe0e Gu\u00eda para fumadores en Aeropuertos: Informaci\u00f3n para Viajeros \u2714\ufe0e","robots":{"index":"index","follow":"follow","max-snippet":"max-snippet:-1","max-image-preview":"max-image-preview:large","max-video-preview":"max-video-preview:-1"},"canonical":"https:\/\/airportsmokinglounge.com\/es\/fumar-en-andorra-aeropuerto-la-seu-durgell-leu\/","og_locale":"es_ES","og_type":"article","og_title":"Smoking in Andorra Airport - La Seu d\u2019Urgell (LEU)","og_description":"Smoking in Andorra Airport - Find a smoking area in the airport from Andorra \u2714\ufe0e Smoking Guide in Airports: Information for Travelers \u2714\ufe0e","og_url":"https:\/\/airportsmokinglounge.com\/es\/fumar-en-andorra-aeropuerto-la-seu-durgell-leu\/","og_site_name":"airportsmokinglounge.com","article_modified_time":"2023-05-10T09:28:34+00:00","og_image":[{"width":2048,"height":1152,"url":"https:\/\/airportsmokinglounge.com\/wp-content\/uploads\/2023\/03\/airport-smoking-lounge-4.jpg","type":"image\/jpeg"}],"twitter_card":"summary_large_image","twitter_misc":{"Tiempo de lectura":"3 minutos"},"schema":{"@context":"https:\/\/schema.org","@graph":[{"@type":"WebPage","@id":"https:\/\/airportsmokinglounge.com\/smoking-in-andorra-airport-la-seu-durgell-leu\/","url":"https:\/\/airportsmokinglounge.com\/smoking-in-andorra-airport-la-seu-durgell-leu\/","name":"Fumar en el Aeropuerto de Andorra - La Seu d&#039;Urgell (LEU)","isPartOf":{"@id":"https:\/\/airportsmokinglounge.com\/#website"},"primaryImageOfPage":{"@id":"https:\/\/airportsmokinglounge.com\/smoking-in-andorra-airport-la-seu-durgell-leu\/#primaryimage"},"image":{"@id":"https:\/\/airportsmokinglounge.com\/smoking-in-andorra-airport-la-seu-durgell-leu\/#primaryimage"},"thumbnailUrl":"https:\/\/airportsmokinglounge.com\/wp-content\/uploads\/2023\/03\/airport-smoking-lounge-4.jpg","datePublished":"2023-02-21T14:40:49+00:00","dateModified":"2023-05-10T09:28:34+00:00","description":"Fumar en el Aeropuerto de Andorra - Encuentra una zona de fumadores en el aeropuerto de Andorra \u2714\ufe0e Gu\u00eda para fumadores en Aeropuertos: Informaci\u00f3n para Viajeros \u2714\ufe0e","breadcrumb":{"@id":"https:\/\/airportsmokinglounge.com\/smoking-in-andorra-airport-la-seu-durgell-leu\/#breadcrumb"},"inLanguage":"es","potentialAction":[{"@type":"ReadAction","target":["https:\/\/airportsmokinglounge.com\/smoking-in-andorra-airport-la-seu-durgell-leu\/"]}]},{"@type":"ImageObject","inLanguage":"es","@id":"https:\/\/airportsmokinglounge.com\/smoking-in-andorra-airport-la-seu-durgell-leu\/#primaryimage","url":"https:\/\/airportsmokinglounge.com\/wp-content\/uploads\/2023\/03\/airport-smoking-lounge-4.jpg","contentUrl":"https:\/\/airportsmokinglounge.com\/wp-content\/uploads\/2023\/03\/airport-smoking-lounge-4.jpg","width":2048,"height":1152,"caption":"Airport Smoking"},{"@type":"BreadcrumbList","@id":"https:\/\/airportsmokinglounge.com\/smoking-in-andorra-airport-la-seu-durgell-leu\/#breadcrumb","itemListElement":[{"@type":"ListItem","position":1,"name":"Home","item":"https:\/\/airportsmokinglounge.com\/"},{"@type":"ListItem","position":2,"name":"Smoking in Andorra Airport &#8211; La Seu d\u2019Urgell (LEU)"}]},{"@type":"WebSite","@id":"https:\/\/airportsmokinglounge.com\/#website","url":"https:\/\/airportsmokinglounge.com\/","name":"aeropuertofumarlounge.com","description":"","potentialAction":[{"@type":"SearchAction","target":{"@type":"EntryPoint","urlTemplate":"https:\/\/airportsmokinglounge.com\/?s={search_term_string}"},"query-input":{"@type":"PropertyValueSpecification","valueRequired":true,"valueName":"search_term_string"}}],"inLanguage":"es"}]}},"_links":{"self":[{"href":"https:\/\/airportsmokinglounge.com\/es\/wp-json\/wp\/v2\/pages\/76","targetHints":{"allow":["GET"]}}],"collection":[{"href":"https:\/\/airportsmokinglounge.com\/es\/wp-json\/wp\/v2\/pages"}],"about":[{"href":"https:\/\/airportsmokinglounge.com\/es\/wp-json\/wp\/v2\/types\/page"}],"author":[{"embeddable":true,"href":"https:\/\/airportsmokinglounge.com\/es\/wp-json\/wp\/v2\/users\/1"}],"replies":[{"embeddable":true,"href":"https:\/\/airportsmokinglounge.com\/es\/wp-json\/wp\/v2\/comments?post=76"}],"version-history":[{"count":10,"href":"https:\/\/airportsmokinglounge.com\/es\/wp-json\/wp\/v2\/pages\/76\/revisions"}],"predecessor-version":[{"id":4736,"href":"https:\/\/airportsmokinglounge.com\/es\/wp-json\/wp\/v2\/pages\/76\/revisions\/4736"}],"wp:featuredmedia":[{"embeddable":true,"href":"https:\/\/airportsmokinglounge.com\/es\/wp-json\/wp\/v2\/media\/1199"}],"wp:attachment":[{"href":"https:\/\/airportsmokinglounge.com\/es\/wp-json\/wp\/v2\/media?parent=76"}],"curies":[{"name":"gracias","href":"https:\/\/api.w.org\/{rel}","templated":true}]}}