{"id":99,"date":"2023-02-21T20:39:57","date_gmt":"2023-02-21T19:39:57","guid":{"rendered":"https:\/\/airportsmokinglounge.com\/?page_id=99"},"modified":"2023-05-26T20:44:23","modified_gmt":"2023-05-26T18:44:23","slug":"smoking-areas-in-italian-airports","status":"publish","type":"page","link":"https:\/\/airportsmokinglounge.com\/es\/zonas-de-fumadores-en-aeropuertos-italianos\/","title":{"rendered":"Zonas de fumadores en aeropuertos italianos"},"content":{"rendered":"<p>Italia alberga varios aeropuertos que sirven como importantes puertas de entrada para viajeros nacionales e internacionales.<\/p>\n<p>En este sitio web puede encontrar todas las \u00e1reas para fumadores en los aeropuertos, incluidas las \u00e1reas designadas para fumadores y las instalaciones disponibles. Entendemos la frustraci\u00f3n de pasar por seguridad solo para descubrir que no hay \u00e1reas para fumadores en ninguna parte y, en algunos casos, es posible que no se permitan los cigarrillos electr\u00f3nicos.<\/p>\n<p>Este servicio es para todos los fumadores que quieran disfrutar de un cigarrillo antes o despu\u00e9s de vuelos largos.<\/p>\n<h2>aeropuertos italianos<\/h2>\n<ul style=\"list-style-type: circle;\">\n<li><a href=\"https:\/\/airportsmokinglounge.com\/es\/zonas-para-fumar-en-el-aeropuerto-de-roma-fiumicino-fco\/\">AEROPUERTO DE ROMA FIUMICINO (FCO)<\/a><\/li>\n<li><a href=\"https:\/\/airportsmokinglounge.com\/es\/zonas-para-fumar-en-el-aeropuerto-de-milan-malpensa-mxp\/\">AEROPUERTO INTERNACIONAL DE MIL\u00c1N MALPENSA (MXP)<\/a><\/li>\n<li><a href=\"https:\/\/airportsmokinglounge.com\/es\/zonas-de-fumadores-en-venecia-marco-polo-aeropuerto-vce\/\">AEROPUERTO DE VENECIA MARCO POLO (VCE)<\/a><\/li>\n<li><a href=\"https:\/\/airportsmokinglounge.com\/es\/zonas-para-fumar-en-el-aeropuerto-de-bolonia-blq\/\">AEROPUERTO DE BOLONIA (BLQ)<\/a><\/li>\n<li><a href=\"https:\/\/airportsmokinglounge.com\/es\/zonas-para-fumar-en-el-aeropuerto-internacional-de-napoles-siesta\/\">AEROPUERTO INTERNACIONAL DE N\u00c1POLES N\u00c0POLI (NAP)<\/a><\/li>\n<li><a href=\"https:\/\/airportsmokinglounge.com\/es\/zonas-de-fumadores-en-el-aeropuerto-de-catania-cta\/\">AEROPUERTO DE CATANIA-FONTANAROSSA (CTA)<\/a><\/li>\n<li><a href=\"https:\/\/airportsmokinglounge.com\/es\/zonas-para-fumar-en-el-aeropuerto-de-milan-linate-lin\/\">AEROPUERTO DE MIL\u00c1N LINATE (LIN)<\/a><\/li>\n<li><a href=\"https:\/\/airportsmokinglounge.com\/es\/zonas-para-fumar-en-el-aeropuerto-de-turin-trn\/\">AEROPUERTO DE TUR\u00cdN (TRN)<\/a><\/li>\n<li><a href=\"https:\/\/airportsmokinglounge.com\/es\/zonas-para-fumar-en-el-aeropuerto-de-verona-vrn\/\">AEROPUERTO DE VERONA VILLAFRANCA (VRN)<\/a><\/li>\n<li><a href=\"https:\/\/airportsmokinglounge.com\/es\/zonas-de-fumadores-en-el-aeropuerto-de-palermo-pmo\/\">AEROPUERTO DE PALERMO (PMO)<\/a><\/li>\n<li><a href=\"https:\/\/airportsmokinglounge.com\/es\/zonas-de-fumadores-en-el-aeropuerto-de-pisa-psa\/\">AEROPUERTO INTERNACIONAL DE PISA (PSA)<\/a><\/li>\n<li><a href=\"https:\/\/airportsmokinglounge.com\/es\/zonas-para-fumar-en-el-aeropuerto-de-bari-bri\/\">AEROPUERTO DE BARI (BRI)<\/a><\/li>\n<li><a href=\"https:\/\/airportsmokinglounge.com\/es\/areas-para-fumar-en-el-aeropuerto-de-genova-goa\/\">AEROPUERTO DE G\u00c9NOVA G\u00c9NOVA CRISTOFORO COLOMBO (GOA)<\/a><\/li>\n<li><a href=\"https:\/\/airportsmokinglounge.com\/es\/zonas-para-fumar-en-el-aeropuerto-de-cagliari-elmas-cag\/\">AEROPUERTO DE CAGLIARI ELMAS (CAG)<\/a><\/li>\n<li><a href=\"https:\/\/airportsmokinglounge.com\/es\/zonas-para-fumar-en-el-aeropuerto-internacional-de-bergamo-bgy\/\">AEROPUERTO INTERNACIONAL DE B\u00c9RGAMO (BGY)<\/a><\/li>\n<li><a href=\"https:\/\/airportsmokinglounge.com\/es\/zonas-para-fumar-en-el-aeropuerto-de-treviso-tsf\/\">AEROPUERTO DE TREVISO (TSF)<\/a><\/li>\n<li><a href=\"https:\/\/airportsmokinglounge.com\/es\/zonas-para-fumar-en-roma-ciampino-aeropuerto-cia\/\">AEROPUERTO DE ROMA CIAMPINO (CIA)<\/a><\/li>\n<li><a href=\"https:\/\/airportsmokinglounge.com\/es\/areas-para-fumar-en-el-aeropuerto-de-florencia-flr\/\">AEROPUERTO DE FIRENZA PERETOLA (FLR)<\/a><\/li>\n<li><a href=\"https:\/\/airportsmokinglounge.com\/es\/zonas-para-fumar-en-el-aeropuerto-de-olbia-olb\/\">AEROPUERTO DE OLBIA (OLB)<\/a><\/li>\n<li><a href=\"https:\/\/airportsmokinglounge.com\/es\/zonas-para-fumar-en-el-aeropuerto-lamezia-suf\/\">AEROPUERTO DE LAMEZIA TERME (SUF)<\/a><\/li>\n<li><a href=\"https:\/\/airportsmokinglounge.com\/es\/zonas-para-fumar-en-brindisi-aeropuerto-bds\/\">BRINDISI \u2013 AEROPUERTO DE SALENTO (BDS)<\/a><\/li>\n<li><a href=\"https:\/\/airportsmokinglounge.com\/es\/zonas-de-fumadores-en-el-aeropuerto-de-ancona-aoi\/\">AEROPUERTO DE ANCONA FALCONARA (AOI)<\/a><\/li>\n<li><a href=\"https:\/\/airportsmokinglounge.com\/es\/zonas-para-fumar-en-el-aeropuerto-de-trieste-trs\/\">AEROPUERTO DE TRIESTE (TRS)<\/a><\/li>\n<\/ul>\n<h2>Ley de Tabaquismo de Italia<\/h2>\n<p>Est\u00e1 prohibido fumar en lugares p\u00fablicos cerrados, incluidos los aeropuertos, excepto en las \u00e1reas designadas para fumadores que est\u00e1n espec\u00edficamente designadas y equipadas para fumar. Estas \u00e1reas generalmente est\u00e1n cerradas y tienen sistemas de ventilaci\u00f3n adecuados para contener y reducir la exposici\u00f3n al humo de segunda mano.<\/p>\n<p>Es obligatorio que los aeropuertos y otros lugares p\u00fablicos muestren carteles prominentes de &quot;No fumar&quot; en las \u00e1reas donde est\u00e1 prohibido fumar. Estos letreros generalmente se muestran en las entradas, salidas y otros lugares visibles para informar a las personas sobre las normas para fumar.<\/p>\n<p>Por lo general, no se permite fumar en \u00e1reas como terminales de aeropuertos, \u00e1reas de espera, mostradores de facturaci\u00f3n, puertas de embarque y otros espacios interiores donde se re\u00fanen personas. Sin embargo, las \u00e1reas designadas para fumar pueden estar disponibles en algunos aeropuertos, donde los fumadores pueden ir a fumar de conformidad con la ley.<\/p>\n<p>En las \u00e1reas al aire libre de los aeropuertos, por lo general se permite fumar, a menos que las normas locales lo restrinjan espec\u00edficamente. Sin embargo, siempre es importante ser considerado con los dem\u00e1s y asegurarse de que fumar no cause molestias a los no fumadores que se encuentran cerca.<\/p>\n<p>El uso de cigarrillos electr\u00f3nicos, o \u201cvapeo\u201d, tambi\u00e9n est\u00e1 sujeto a las mismas regulaciones que el tabaquismo tradicional. Por lo tanto, es importante seguir las \u00e1reas designadas para fumar o las reglas espec\u00edficas establecidas por las autoridades aeroportuarias con respecto al uso de cigarrillos electr\u00f3nicos.<\/p>\n<p>Siempre se recomienda verificar las normas vigentes sobre fumar con las autoridades pertinentes o consultar fuentes oficiales para obtener la informaci\u00f3n m\u00e1s actualizada.<\/p>\n<p>&nbsp;<\/p>\n<div class=\"container single-page-container\">\n<div class=\"row\">\n<div class=\"nv-single-page-wrap col\">\n<div class=\"nv-content-wrap entry-content\">\n<p><strong>M\u00e1s Aeropuerto Zonas de fumadores\u00a0<\/strong><\/p>\n<ul>\n<li><a href=\"https:\/\/airportsmokinglounge.com\/es\/fumar-en-los-aeropuertos-de-norteamerica\/\">Am\u00e9rica del norte<\/a><\/li>\n<li><a href=\"https:\/\/airportsmokinglounge.com\/es\/fumar-en-los-aeropuertos-de-america-del-sur\/\">Sudamerica<\/a><\/li>\n<li><a href=\"https:\/\/airportsmokinglounge.com\/es\/zonas-de-fumadores-en-aeropuertos-europeos\/\">Europa<\/a><\/li>\n<li><a href=\"https:\/\/airportsmokinglounge.com\/es\/fumar-en-aeropuertos-en-asia\/\">Asia<\/a><\/li>\n<li><a href=\"https:\/\/airportsmokinglounge.com\/es\/fumar-en-aeropuertos-en-oceania\/\">Ocean\u00eda<\/a><\/li>\n<li><a href=\"https:\/\/airportsmokinglounge.com\/es\/fumar-en-los-aeropuertos-en-africa\/\">\u00c1frica<\/a><\/li>\n<\/ul>\n<\/div>\n<\/div>\n<\/div>\n<\/div>\n<p>&nbsp;<\/p>\n<p>&nbsp;<\/p>\n<footer id=\"site-footer\" class=\"site-footer\">\n<div class=\"hfg_footer\">\n<div id=\"cb-row--footer-top\" class=\"footer--row footer-top layout-full-contained\" data-row-id=\"top\" data-show-on=\"desktop\">\n<div class=\"footer--row-inner footer-top-inner footer-content-wrap\">\n<div class=\"container\">\n<div class=\"hfg-grid nv-footer-content hfg-grid-top row--wrapper row\" data-section=\"hfg_footer_layout_top\">\n<div class=\"hfg-slot left\"><\/div>\n<\/div>\n<\/div>\n<\/div>\n<\/div>\n<\/div>\n<\/footer>","protected":false},"excerpt":{"rendered":"<p>Italy is home to several airports that serve as important gateways for both domestic and international travelers. On this website you can find all smoking areas in airports, including designated smoking areas and available facilities. We understand the frustration of going through security only to find that there are no smoking areas anywhere and in&hellip;&nbsp;<a href=\"https:\/\/airportsmokinglounge.com\/es\/zonas-de-fumadores-en-aeropuertos-italianos\/\" rel=\"bookmark\">Leer m\u00e1s &quot;<span class=\"screen-reader-text\">Zonas de fumadores en aeropuertos italianos<\/span><\/a><\/p>","protected":false},"author":1,"featured_media":1199,"parent":0,"menu_order":0,"comment_status":"closed","ping_status":"closed","template":"","meta":{"neve_meta_sidebar":"","neve_meta_container":"","neve_meta_enable_content_width":"off","neve_meta_content_width":100,"neve_meta_title_alignment":"","neve_meta_author_avatar":"","neve_post_elements_order":"","neve_meta_disable_header":"","neve_meta_disable_footer":"","neve_meta_disable_title":"","neve_meta_reading_time":"","footnotes":""},"class_list":["post-99","page","type-page","status-publish","has-post-thumbnail","hentry"],"yoast_head":"<!-- This site is optimized with the Yoast SEO plugin v26.6 - https:\/\/yoast.com\/wordpress\/plugins\/seo\/ -->\n<title>Smoking areas in Italian airports - airportsmokinglounge.com<\/title>\n<meta name=\"description\" content=\"Smoking Areas in Italian Airports - Your Ultimate Guide to Finding a Place to Smoke \u2714\ufe0e Find Your Next Smoke Break Spot \u2714\ufe0e\" \/>\n<meta name=\"robots\" content=\"index, follow, max-snippet:-1, max-image-preview:large, max-video-preview:-1\" \/>\n<link rel=\"canonical\" href=\"https:\/\/airportsmokinglounge.com\/es\/zonas-de-fumadores-en-aeropuertos-italianos\/\" \/>\n<meta property=\"og:locale\" content=\"es_ES\" \/>\n<meta property=\"og:type\" content=\"article\" \/>\n<meta property=\"og:title\" content=\"Smoking areas in Italian airports - airportsmokinglounge.com\" \/>\n<meta property=\"og:description\" content=\"Smoking Areas in Italian Airports - Your Ultimate Guide to Finding a Place to Smoke \u2714\ufe0e Find Your Next Smoke Break Spot \u2714\ufe0e\" \/>\n<meta property=\"og:url\" content=\"https:\/\/airportsmokinglounge.com\/es\/zonas-de-fumadores-en-aeropuertos-italianos\/\" \/>\n<meta property=\"og:site_name\" content=\"airportsmokinglounge.com\" \/>\n<meta property=\"article:modified_time\" content=\"2023-05-26T18:44:23+00:00\" \/>\n<meta property=\"og:image\" content=\"https:\/\/airportsmokinglounge.com\/wp-content\/uploads\/2023\/03\/airport-smoking-lounge-4.jpg\" \/>\n\t<meta property=\"og:image:width\" content=\"2048\" \/>\n\t<meta property=\"og:image:height\" content=\"1152\" \/>\n\t<meta property=\"og:image:type\" content=\"image\/jpeg\" \/>\n<meta name=\"twitter:card\" content=\"summary_large_image\" \/>\n<meta name=\"twitter:label1\" content=\"Tiempo de lectura\" \/>\n\t<meta name=\"twitter:data1\" content=\"2 minutos\" \/>\n<script type=\"application\/ld+json\" class=\"yoast-schema-graph\">{\"@context\":\"https:\/\/schema.org\",\"@graph\":[{\"@type\":\"WebPage\",\"@id\":\"https:\/\/airportsmokinglounge.com\/smoking-areas-in-italian-airports\/\",\"url\":\"https:\/\/airportsmokinglounge.com\/smoking-areas-in-italian-airports\/\",\"name\":\"Smoking areas in Italian airports - airportsmokinglounge.com\",\"isPartOf\":{\"@id\":\"https:\/\/airportsmokinglounge.com\/#website\"},\"primaryImageOfPage\":{\"@id\":\"https:\/\/airportsmokinglounge.com\/smoking-areas-in-italian-airports\/#primaryimage\"},\"image\":{\"@id\":\"https:\/\/airportsmokinglounge.com\/smoking-areas-in-italian-airports\/#primaryimage\"},\"thumbnailUrl\":\"https:\/\/airportsmokinglounge.com\/wp-content\/uploads\/2023\/03\/airport-smoking-lounge-4.jpg\",\"datePublished\":\"2023-02-21T19:39:57+00:00\",\"dateModified\":\"2023-05-26T18:44:23+00:00\",\"description\":\"Smoking Areas in Italian Airports - Your Ultimate Guide to Finding a Place to Smoke \u2714\ufe0e Find Your Next Smoke Break Spot \u2714\ufe0e\",\"breadcrumb\":{\"@id\":\"https:\/\/airportsmokinglounge.com\/smoking-areas-in-italian-airports\/#breadcrumb\"},\"inLanguage\":\"es\",\"potentialAction\":[{\"@type\":\"ReadAction\",\"target\":[\"https:\/\/airportsmokinglounge.com\/smoking-areas-in-italian-airports\/\"]}]},{\"@type\":\"ImageObject\",\"inLanguage\":\"es\",\"@id\":\"https:\/\/airportsmokinglounge.com\/smoking-areas-in-italian-airports\/#primaryimage\",\"url\":\"https:\/\/airportsmokinglounge.com\/wp-content\/uploads\/2023\/03\/airport-smoking-lounge-4.jpg\",\"contentUrl\":\"https:\/\/airportsmokinglounge.com\/wp-content\/uploads\/2023\/03\/airport-smoking-lounge-4.jpg\",\"width\":2048,\"height\":1152,\"caption\":\"Airport Smoking\"},{\"@type\":\"BreadcrumbList\",\"@id\":\"https:\/\/airportsmokinglounge.com\/smoking-areas-in-italian-airports\/#breadcrumb\",\"itemListElement\":[{\"@type\":\"ListItem\",\"position\":1,\"name\":\"Home\",\"item\":\"https:\/\/airportsmokinglounge.com\/\"},{\"@type\":\"ListItem\",\"position\":2,\"name\":\"Smoking areas in Italian airports\"}]},{\"@type\":\"WebSite\",\"@id\":\"https:\/\/airportsmokinglounge.com\/#website\",\"url\":\"https:\/\/airportsmokinglounge.com\/\",\"name\":\"airportsmokinglounge.com\",\"description\":\"\",\"potentialAction\":[{\"@type\":\"SearchAction\",\"target\":{\"@type\":\"EntryPoint\",\"urlTemplate\":\"https:\/\/airportsmokinglounge.com\/?s={search_term_string}\"},\"query-input\":{\"@type\":\"PropertyValueSpecification\",\"valueRequired\":true,\"valueName\":\"search_term_string\"}}],\"inLanguage\":\"es\"}]}<\/script>\n<!-- \/ Yoast SEO plugin. -->","yoast_head_json":{"title":"Zonas de fumadores en los aeropuertos italianos - airportSmokinglounge.com","description":"Zonas para fumadores en los aeropuertos italianos: su gu\u00eda definitiva para encontrar un lugar para fumar \u2714\ufe0e Encuentre su pr\u00f3ximo lugar para fumar \u2714\ufe0e","robots":{"index":"index","follow":"follow","max-snippet":"max-snippet:-1","max-image-preview":"max-image-preview:large","max-video-preview":"max-video-preview:-1"},"canonical":"https:\/\/airportsmokinglounge.com\/es\/zonas-de-fumadores-en-aeropuertos-italianos\/","og_locale":"es_ES","og_type":"article","og_title":"Smoking areas in Italian airports - airportsmokinglounge.com","og_description":"Smoking Areas in Italian Airports - Your Ultimate Guide to Finding a Place to Smoke \u2714\ufe0e Find Your Next Smoke Break Spot \u2714\ufe0e","og_url":"https:\/\/airportsmokinglounge.com\/es\/zonas-de-fumadores-en-aeropuertos-italianos\/","og_site_name":"airportsmokinglounge.com","article_modified_time":"2023-05-26T18:44:23+00:00","og_image":[{"width":2048,"height":1152,"url":"https:\/\/airportsmokinglounge.com\/wp-content\/uploads\/2023\/03\/airport-smoking-lounge-4.jpg","type":"image\/jpeg"}],"twitter_card":"summary_large_image","twitter_misc":{"Tiempo de lectura":"2 minutos"},"schema":{"@context":"https:\/\/schema.org","@graph":[{"@type":"WebPage","@id":"https:\/\/airportsmokinglounge.com\/smoking-areas-in-italian-airports\/","url":"https:\/\/airportsmokinglounge.com\/smoking-areas-in-italian-airports\/","name":"Zonas de fumadores en los aeropuertos italianos - airportSmokinglounge.com","isPartOf":{"@id":"https:\/\/airportsmokinglounge.com\/#website"},"primaryImageOfPage":{"@id":"https:\/\/airportsmokinglounge.com\/smoking-areas-in-italian-airports\/#primaryimage"},"image":{"@id":"https:\/\/airportsmokinglounge.com\/smoking-areas-in-italian-airports\/#primaryimage"},"thumbnailUrl":"https:\/\/airportsmokinglounge.com\/wp-content\/uploads\/2023\/03\/airport-smoking-lounge-4.jpg","datePublished":"2023-02-21T19:39:57+00:00","dateModified":"2023-05-26T18:44:23+00:00","description":"Zonas para fumadores en los aeropuertos italianos: su gu\u00eda definitiva para encontrar un lugar para fumar \u2714\ufe0e Encuentre su pr\u00f3ximo lugar para fumar \u2714\ufe0e","breadcrumb":{"@id":"https:\/\/airportsmokinglounge.com\/smoking-areas-in-italian-airports\/#breadcrumb"},"inLanguage":"es","potentialAction":[{"@type":"ReadAction","target":["https:\/\/airportsmokinglounge.com\/smoking-areas-in-italian-airports\/"]}]},{"@type":"ImageObject","inLanguage":"es","@id":"https:\/\/airportsmokinglounge.com\/smoking-areas-in-italian-airports\/#primaryimage","url":"https:\/\/airportsmokinglounge.com\/wp-content\/uploads\/2023\/03\/airport-smoking-lounge-4.jpg","contentUrl":"https:\/\/airportsmokinglounge.com\/wp-content\/uploads\/2023\/03\/airport-smoking-lounge-4.jpg","width":2048,"height":1152,"caption":"Airport Smoking"},{"@type":"BreadcrumbList","@id":"https:\/\/airportsmokinglounge.com\/smoking-areas-in-italian-airports\/#breadcrumb","itemListElement":[{"@type":"ListItem","position":1,"name":"Home","item":"https:\/\/airportsmokinglounge.com\/"},{"@type":"ListItem","position":2,"name":"Smoking areas in Italian airports"}]},{"@type":"WebSite","@id":"https:\/\/airportsmokinglounge.com\/#website","url":"https:\/\/airportsmokinglounge.com\/","name":"aeropuertofumarlounge.com","description":"","potentialAction":[{"@type":"SearchAction","target":{"@type":"EntryPoint","urlTemplate":"https:\/\/airportsmokinglounge.com\/?s={search_term_string}"},"query-input":{"@type":"PropertyValueSpecification","valueRequired":true,"valueName":"search_term_string"}}],"inLanguage":"es"}]}},"_links":{"self":[{"href":"https:\/\/airportsmokinglounge.com\/es\/wp-json\/wp\/v2\/pages\/99","targetHints":{"allow":["GET"]}}],"collection":[{"href":"https:\/\/airportsmokinglounge.com\/es\/wp-json\/wp\/v2\/pages"}],"about":[{"href":"https:\/\/airportsmokinglounge.com\/es\/wp-json\/wp\/v2\/types\/page"}],"author":[{"embeddable":true,"href":"https:\/\/airportsmokinglounge.com\/es\/wp-json\/wp\/v2\/users\/1"}],"replies":[{"embeddable":true,"href":"https:\/\/airportsmokinglounge.com\/es\/wp-json\/wp\/v2\/comments?post=99"}],"version-history":[{"count":10,"href":"https:\/\/airportsmokinglounge.com\/es\/wp-json\/wp\/v2\/pages\/99\/revisions"}],"predecessor-version":[{"id":6255,"href":"https:\/\/airportsmokinglounge.com\/es\/wp-json\/wp\/v2\/pages\/99\/revisions\/6255"}],"wp:featuredmedia":[{"embeddable":true,"href":"https:\/\/airportsmokinglounge.com\/es\/wp-json\/wp\/v2\/media\/1199"}],"wp:attachment":[{"href":"https:\/\/airportsmokinglounge.com\/es\/wp-json\/wp\/v2\/media?parent=99"}],"curies":[{"name":"gracias","href":"https:\/\/api.w.org\/{rel}","templated":true}]}}