{"id":1049,"date":"2023-03-22T11:55:05","date_gmt":"2023-03-22T10:55:05","guid":{"rendered":"https:\/\/airportsmokinglounge.com\/?page_id=1049"},"modified":"2023-05-30T13:36:45","modified_gmt":"2023-05-30T11:36:45","slug":"smoking-areas-at-bilbao-airport-bio","status":"publish","type":"page","link":"https:\/\/airportsmokinglounge.com\/fr\/zones-fumeurs-a-l-aeroport-de-bilbao-bio\/","title":{"rendered":"Zones fumeurs \u00e0 l&#039;a\u00e9roport de Bilbao (BIO)"},"content":{"rendered":"<p>L&#039;a\u00e9roport de Bilbao, officiellement connu sous le nom d&#039;a\u00e9roport de Bilbao \u2013 \u00ab Bilboko aireportua \u00bb en langue basque, est le principal a\u00e9roport international desservant la ville de Bilbao et le Pays Basque, au nord de l&#039;Espagne.<\/p>\n<h2>Zones fumeurs avant le contr\u00f4le de s\u00e9curit\u00e9<\/h2>\n<ul>\n<li>Fumer n&#039;est autoris\u00e9 qu&#039;\u00e0 l&#039;ext\u00e9rieur du terminal dans les zones d\u00e9sign\u00e9es<\/li>\n<\/ul>\n<h2>Zones fumeurs apr\u00e8s le contr\u00f4le de s\u00e9curit\u00e9<\/h2>\n<ul>\n<li>Zones non-fumeurs \u00e0 l&#039;int\u00e9rieur du terminal<\/li>\n<\/ul>\n<p><span style=\"font-size: 12pt;\">Plus d&#039;informations sur le site officiel<\/span><\/p>\n<ul>\n<li><span style=\"font-size: 12pt;\"><a href=\"https:\/\/www.aena.es\/es\/bilbao.html?utm_source=Google&amp;utm_medium=GMB_BIO\" target=\"_blank\" rel=\"noopener\">www.aena.es<\/a><\/span><\/li>\n<\/ul>\n<p><span style=\"font-size: 12pt;\"><strong>Envoyez-nous vos commentaires<\/strong><\/span><\/p>\n<p><span style=\"font-size: 12pt;\">Si vous \u00eates \u00e0 l&#039;a\u00e9roport, vous \u00eates plus que bienvenu pour nous envoyer des photos des zones fumeurs. Cela nous aidera \u00e0 remplir notre base de donn\u00e9es plus rapidement. Tu peux le faire <strong><a href=\"https:\/\/airportsmokinglounge.com\/fr\/contact\/\">Ici<\/a>.<\/strong> Les images sont publi\u00e9es sur notre site Web, en indiquant la source de l&#039;image (nom). N&#039;h\u00e9sitez pas \u00e0 partager ces photos avec nous et tous les visiteurs de airportsmokinglounge.com.<\/span><\/p>\n<h2>Fumer dans les a\u00e9roports espagnols<\/h2>\n<p>Il est g\u00e9n\u00e9ralement interdit de fumer \u00e0 l&#039;int\u00e9rieur des a\u00e9roports espagnols. Cela comprend les a\u00e9rogares, les salons et autres zones ferm\u00e9es accessibles au public. Cependant, la plupart des a\u00e9roports offrent des zones fumeurs ext\u00e9rieures d\u00e9sign\u00e9es ou des zones fumeurs situ\u00e9es \u00e0 l&#039;ext\u00e9rieur des a\u00e9rogares. Ces zones sont g\u00e9n\u00e9ralement \u00e9quip\u00e9es de cendriers et de panneaux fumeurs.<\/p>\n<p>Pour se conformer \u00e0 la l\u00e9gislation anti-tabac, les a\u00e9rogares des a\u00e9roports espagnols sont g\u00e9n\u00e9ralement sans fum\u00e9e. Fumer \u00e0 l&#039;int\u00e9rieur des terminaux, y compris les espaces publics, les couloirs et les zones d&#039;attente, n&#039;est g\u00e9n\u00e9ralement pas autoris\u00e9.<\/p>\n<p>L&#039;utilisation de cigarettes \u00e9lectroniques (e-cigarettes) \u00e0 l&#039;int\u00e9rieur des a\u00e9roports suit les m\u00eames restrictions que le tabagisme traditionnel. La plupart des a\u00e9roports traitent les cigarettes \u00e9lectroniques de la m\u00eame mani\u00e8re que les cigarettes ordinaires et leur utilisation est interdite dans les zones int\u00e9rieures. Les passagers sont g\u00e9n\u00e9ralement tenus d&#039;utiliser les zones fumeurs ext\u00e9rieures d\u00e9sign\u00e9es ou les zones fumeurs s&#039;ils souhaitent utiliser des cigarettes \u00e9lectroniques.<\/p>\n<p>Les a\u00e9roports espagnols affichent des panneaux \u00ab Interdiction de fumer \u00bb bien en vue dans tous les terminaux, indiquant qu&#039;il est interdit de fumer \u00e0 l&#039;int\u00e9rieur. Ces panneaux sont g\u00e9n\u00e9ralement affich\u00e9s en plusieurs langues pour la commodit\u00e9 des voyageurs internationaux.<\/p>\n<h3>Questions fr\u00e9quemment pos\u00e9es<\/h3>\n<h4>Les zones fumeurs de l&#039;a\u00e9roport sont-elles disponibles 24h\/24 et 7j\/7 ?<\/h4>\n<p>La disponibilit\u00e9 des zones fumeurs de l&#039;a\u00e9roport peut varier en fonction de l&#039;a\u00e9roport et de l&#039;emplacement. Certaines zones fumeurs sont ouvertes 24 heures sur 24, tandis que d&#039;autres peuvent avoir des horaires restreints ou \u00eatre ferm\u00e9es \u00e0 certaines heures. Il est pr\u00e9f\u00e9rable de v\u00e9rifier aupr\u00e8s de l&#039;a\u00e9roport ou de visiter leur site Web pour obtenir des informations sp\u00e9cifiques sur les heures d&#039;ouverture de la zone fumeurs.<\/p>\n<h4>Est-il permis d&#039;apporter ma propre nourriture et mes boissons dans la zone fumeurs ?<\/h4>\n<p>Cela peut d\u00e9pendre de la zone fumeurs et de l&#039;a\u00e9roport. Certaines zones fumeurs peuvent autoriser la nourriture et les boissons \u00e0 l&#039;ext\u00e9rieur, tandis que d&#039;autres peuvent avoir des restrictions ou les interdire compl\u00e8tement. Il est pr\u00e9f\u00e9rable de v\u00e9rifier aupr\u00e8s de l&#039;a\u00e9roport ou de la signalisation de la zone fumeurs les r\u00e8gles et r\u00e9glementations sp\u00e9cifiques.<\/p>\n<h4>Fumer est-il autoris\u00e9 dans toutes les zones fumeurs de l&#039;a\u00e9roport\u00a0?<\/h4>\n<p>Toutes les zones fumeurs de l&#039;a\u00e9roport ne permettent pas de fumer. Certains a\u00e9roports peuvent avoir des zones d\u00e9sign\u00e9es pour les cigarettes \u00e9lectroniques ou le vapotage, qui sont distinctes des zones fumeurs traditionnelles. Assurez-vous de v\u00e9rifier les r\u00e8gles et r\u00e9glementations sp\u00e9cifiques \u00e0 la zone fumeurs que vous pr\u00e9voyez d&#039;utiliser.<\/p>\n<h4>Les espaces fumeurs sont-ils climatis\u00e9s ou chauff\u00e9s ?<\/h4>\n<p>La temp\u00e9rature et la ventilation des zones fumeurs des a\u00e9roports peuvent varier consid\u00e9rablement. Certains peuvent \u00eatre climatis\u00e9s ou chauff\u00e9s, tandis que d&#039;autres peuvent \u00eatre des espaces en plein air avec une protection limit\u00e9e contre les \u00e9l\u00e9ments. Assurez-vous de v\u00e9rifier aupr\u00e8s de l&#039;a\u00e9roport ou de visiter la zone fumeurs \u00e0 l&#039;avance pour d\u00e9terminer les conditions et vous pr\u00e9parer en cons\u00e9quence.<\/p>\n<h4>Les zones fumeurs sont-elles accessibles aux voyageurs handicap\u00e9s\u00a0?<\/h4>\n<p>De nombreux a\u00e9roports ont fait des efforts pour rendre leurs espaces fumeurs accessibles aux voyageurs handicap\u00e9s. Cependant, l&#039;accessibilit\u00e9 des zones fumeurs sp\u00e9cifiques peut varier consid\u00e9rablement. Assurez-vous de v\u00e9rifier aupr\u00e8s de l&#039;a\u00e9roport ou de visiter la zone fumeurs \u00e0 l&#039;avance pour d\u00e9terminer si elle est accessible et r\u00e9pond \u00e0 vos besoins.<\/p>\n<p><span style=\"font-size: 12pt;\"><strong>Plus d&#039;a\u00e9roports en Espagne :<\/strong> <\/span><\/p>\n<ul>\n<li><span style=\"font-size: 12pt;\"><a href=\"https:\/\/airportsmokinglounge.com\/fr\/zones-fumeurs-dans-les-aeroports-espagnols\/\">A\u00e9roports en Espagne<\/a><\/span><\/li>\n<\/ul>\n<p><span style=\"font-size: 12pt;\"><strong>Zones fumeurs dans\u00a0:<\/strong><\/span><\/p>\n<ul>\n<li><span style=\"font-size: 12pt;\"><a href=\"https:\/\/airportsmokinglounge.com\/fr\/espaces-fumeurs-dans-les-aeroports-europeens\/\">A\u00e9roports europ\u00e9ens<\/a><\/span><\/li>\n<\/ul>","protected":false},"excerpt":{"rendered":"<p>L&#039;a\u00e9roport de Bilbao, officiellement connu sous le nom de \u00ab\u00a0Bilboko aireportua\u00a0\u00bb en basque, est le principal a\u00e9roport international desservant la ville de Bilbao et le Pays basque, dans le nord de l&#039;Espagne. Zones fumeurs avant le contr\u00f4le de s\u00e9curit\u00e9\u00a0: il est uniquement permis de fumer \u00e0 l&#039;ext\u00e9rieur du terminal, dans les zones pr\u00e9vues \u00e0 cet effet. Zones fumeurs apr\u00e8s le contr\u00f4le de s\u00e9curit\u00e9\u00a0: zones non-fumeurs\u2026&nbsp;<a href=\"https:\/\/airportsmokinglounge.com\/fr\/zones-fumeurs-a-l-aeroport-de-bilbao-bio\/\" rel=\"bookmark\">En savoir plus &quot;<span class=\"screen-reader-text\">Zones fumeurs \u00e0 l&#039;a\u00e9roport de Bilbao (BIO)<\/span><\/a><\/p>","protected":false},"author":1,"featured_media":1199,"parent":0,"menu_order":0,"comment_status":"closed","ping_status":"closed","template":"","meta":{"neve_meta_sidebar":"","neve_meta_container":"","neve_meta_enable_content_width":"off","neve_meta_content_width":100,"neve_meta_title_alignment":"","neve_meta_author_avatar":"","neve_post_elements_order":"","neve_meta_disable_header":"","neve_meta_disable_footer":"","neve_meta_disable_title":"","neve_meta_reading_time":"","footnotes":""},"class_list":["post-1049","page","type-page","status-publish","has-post-thumbnail","hentry"],"yoast_head":"<!-- This site is optimized with the Yoast SEO plugin v26.6 - https:\/\/yoast.com\/wordpress\/plugins\/seo\/ -->\n<title>Smoking areas at Bilbao Airport (BIO) - airportsmokinglounge.com<\/title>\n<meta name=\"description\" content=\"Smoking areas Bilbao Airport - Find a smoking area in the airport from Bilbao \u2714\ufe0e Smoking Guide in Airports: Information for Travelers \u2714\ufe0e\" \/>\n<meta name=\"robots\" content=\"index, follow, max-snippet:-1, max-image-preview:large, max-video-preview:-1\" \/>\n<link rel=\"canonical\" href=\"https:\/\/airportsmokinglounge.com\/fr\/zones-fumeurs-a-l-aeroport-de-bilbao-bio\/\" \/>\n<meta property=\"og:locale\" content=\"fr_FR\" \/>\n<meta property=\"og:type\" content=\"article\" \/>\n<meta property=\"og:title\" content=\"Smoking areas at Bilbao Airport (BIO) - airportsmokinglounge.com\" \/>\n<meta property=\"og:description\" content=\"Smoking areas Bilbao Airport - Find a smoking area in the airport from Bilbao \u2714\ufe0e Smoking Guide in Airports: Information for Travelers \u2714\ufe0e\" \/>\n<meta property=\"og:url\" content=\"https:\/\/airportsmokinglounge.com\/fr\/zones-fumeurs-a-l-aeroport-de-bilbao-bio\/\" \/>\n<meta property=\"og:site_name\" content=\"airportsmokinglounge.com\" \/>\n<meta property=\"article:modified_time\" content=\"2023-05-30T11:36:45+00:00\" \/>\n<meta property=\"og:image\" content=\"https:\/\/airportsmokinglounge.com\/wp-content\/uploads\/2023\/03\/airport-smoking-lounge-4.jpg\" \/>\n\t<meta property=\"og:image:width\" content=\"2048\" \/>\n\t<meta property=\"og:image:height\" content=\"1152\" \/>\n\t<meta property=\"og:image:type\" content=\"image\/jpeg\" \/>\n<meta name=\"twitter:card\" content=\"summary_large_image\" \/>\n<meta name=\"twitter:label1\" content=\"Dur\u00e9e de lecture estim\u00e9e\" \/>\n\t<meta name=\"twitter:data1\" content=\"3 minutes\" \/>\n<script type=\"application\/ld+json\" class=\"yoast-schema-graph\">{\"@context\":\"https:\/\/schema.org\",\"@graph\":[{\"@type\":\"WebPage\",\"@id\":\"https:\/\/airportsmokinglounge.com\/smoking-areas-at-bilbao-airport-bio\/\",\"url\":\"https:\/\/airportsmokinglounge.com\/smoking-areas-at-bilbao-airport-bio\/\",\"name\":\"Smoking areas at Bilbao Airport (BIO) - airportsmokinglounge.com\",\"isPartOf\":{\"@id\":\"https:\/\/airportsmokinglounge.com\/#website\"},\"primaryImageOfPage\":{\"@id\":\"https:\/\/airportsmokinglounge.com\/smoking-areas-at-bilbao-airport-bio\/#primaryimage\"},\"image\":{\"@id\":\"https:\/\/airportsmokinglounge.com\/smoking-areas-at-bilbao-airport-bio\/#primaryimage\"},\"thumbnailUrl\":\"https:\/\/airportsmokinglounge.com\/wp-content\/uploads\/2023\/03\/airport-smoking-lounge-4.jpg\",\"datePublished\":\"2023-03-22T10:55:05+00:00\",\"dateModified\":\"2023-05-30T11:36:45+00:00\",\"description\":\"Smoking areas Bilbao Airport - Find a smoking area in the airport from Bilbao \u2714\ufe0e Smoking Guide in Airports: Information for Travelers \u2714\ufe0e\",\"breadcrumb\":{\"@id\":\"https:\/\/airportsmokinglounge.com\/smoking-areas-at-bilbao-airport-bio\/#breadcrumb\"},\"inLanguage\":\"fr-FR\",\"potentialAction\":[{\"@type\":\"ReadAction\",\"target\":[\"https:\/\/airportsmokinglounge.com\/smoking-areas-at-bilbao-airport-bio\/\"]}]},{\"@type\":\"ImageObject\",\"inLanguage\":\"fr-FR\",\"@id\":\"https:\/\/airportsmokinglounge.com\/smoking-areas-at-bilbao-airport-bio\/#primaryimage\",\"url\":\"https:\/\/airportsmokinglounge.com\/wp-content\/uploads\/2023\/03\/airport-smoking-lounge-4.jpg\",\"contentUrl\":\"https:\/\/airportsmokinglounge.com\/wp-content\/uploads\/2023\/03\/airport-smoking-lounge-4.jpg\",\"width\":2048,\"height\":1152,\"caption\":\"Airport Smoking\"},{\"@type\":\"BreadcrumbList\",\"@id\":\"https:\/\/airportsmokinglounge.com\/smoking-areas-at-bilbao-airport-bio\/#breadcrumb\",\"itemListElement\":[{\"@type\":\"ListItem\",\"position\":1,\"name\":\"Home\",\"item\":\"https:\/\/airportsmokinglounge.com\/\"},{\"@type\":\"ListItem\",\"position\":2,\"name\":\"Smoking areas at Bilbao Airport (BIO)\"}]},{\"@type\":\"WebSite\",\"@id\":\"https:\/\/airportsmokinglounge.com\/#website\",\"url\":\"https:\/\/airportsmokinglounge.com\/\",\"name\":\"airportsmokinglounge.com\",\"description\":\"\",\"potentialAction\":[{\"@type\":\"SearchAction\",\"target\":{\"@type\":\"EntryPoint\",\"urlTemplate\":\"https:\/\/airportsmokinglounge.com\/?s={search_term_string}\"},\"query-input\":{\"@type\":\"PropertyValueSpecification\",\"valueRequired\":true,\"valueName\":\"search_term_string\"}}],\"inLanguage\":\"fr-FR\"}]}<\/script>\n<!-- \/ Yoast SEO plugin. -->","yoast_head_json":{"title":"Zones fumeurs \u00e0 l&#039;a\u00e9roport de Bilbao (BIO) - Airportsmokinglounge.com","description":"Zones fumeurs A\u00e9roport de Bilbao - Trouver une zone fumeurs \u00e0 l&#039;a\u00e9roport depuis Bilbao \u2714\ufe0e Guide fumeurs dans les a\u00e9roports : Informations aux voyageurs \u2714\ufe0e","robots":{"index":"index","follow":"follow","max-snippet":"max-snippet:-1","max-image-preview":"max-image-preview:large","max-video-preview":"max-video-preview:-1"},"canonical":"https:\/\/airportsmokinglounge.com\/fr\/zones-fumeurs-a-l-aeroport-de-bilbao-bio\/","og_locale":"fr_FR","og_type":"article","og_title":"Smoking areas at Bilbao Airport (BIO) - airportsmokinglounge.com","og_description":"Smoking areas Bilbao Airport - Find a smoking area in the airport from Bilbao \u2714\ufe0e Smoking Guide in Airports: Information for Travelers \u2714\ufe0e","og_url":"https:\/\/airportsmokinglounge.com\/fr\/zones-fumeurs-a-l-aeroport-de-bilbao-bio\/","og_site_name":"airportsmokinglounge.com","article_modified_time":"2023-05-30T11:36:45+00:00","og_image":[{"width":2048,"height":1152,"url":"https:\/\/airportsmokinglounge.com\/wp-content\/uploads\/2023\/03\/airport-smoking-lounge-4.jpg","type":"image\/jpeg"}],"twitter_card":"summary_large_image","twitter_misc":{"Dur\u00e9e de lecture estim\u00e9e":"3 minutes"},"schema":{"@context":"https:\/\/schema.org","@graph":[{"@type":"WebPage","@id":"https:\/\/airportsmokinglounge.com\/smoking-areas-at-bilbao-airport-bio\/","url":"https:\/\/airportsmokinglounge.com\/smoking-areas-at-bilbao-airport-bio\/","name":"Zones fumeurs \u00e0 l&#039;a\u00e9roport de Bilbao (BIO) - Airportsmokinglounge.com","isPartOf":{"@id":"https:\/\/airportsmokinglounge.com\/#website"},"primaryImageOfPage":{"@id":"https:\/\/airportsmokinglounge.com\/smoking-areas-at-bilbao-airport-bio\/#primaryimage"},"image":{"@id":"https:\/\/airportsmokinglounge.com\/smoking-areas-at-bilbao-airport-bio\/#primaryimage"},"thumbnailUrl":"https:\/\/airportsmokinglounge.com\/wp-content\/uploads\/2023\/03\/airport-smoking-lounge-4.jpg","datePublished":"2023-03-22T10:55:05+00:00","dateModified":"2023-05-30T11:36:45+00:00","description":"Zones fumeurs A\u00e9roport de Bilbao - Trouver une zone fumeurs \u00e0 l&#039;a\u00e9roport depuis Bilbao \u2714\ufe0e Guide fumeurs dans les a\u00e9roports : Informations aux voyageurs \u2714\ufe0e","breadcrumb":{"@id":"https:\/\/airportsmokinglounge.com\/smoking-areas-at-bilbao-airport-bio\/#breadcrumb"},"inLanguage":"fr-FR","potentialAction":[{"@type":"ReadAction","target":["https:\/\/airportsmokinglounge.com\/smoking-areas-at-bilbao-airport-bio\/"]}]},{"@type":"ImageObject","inLanguage":"fr-FR","@id":"https:\/\/airportsmokinglounge.com\/smoking-areas-at-bilbao-airport-bio\/#primaryimage","url":"https:\/\/airportsmokinglounge.com\/wp-content\/uploads\/2023\/03\/airport-smoking-lounge-4.jpg","contentUrl":"https:\/\/airportsmokinglounge.com\/wp-content\/uploads\/2023\/03\/airport-smoking-lounge-4.jpg","width":2048,"height":1152,"caption":"Airport Smoking"},{"@type":"BreadcrumbList","@id":"https:\/\/airportsmokinglounge.com\/smoking-areas-at-bilbao-airport-bio\/#breadcrumb","itemListElement":[{"@type":"ListItem","position":1,"name":"Home","item":"https:\/\/airportsmokinglounge.com\/"},{"@type":"ListItem","position":2,"name":"Smoking areas at Bilbao Airport (BIO)"}]},{"@type":"WebSite","@id":"https:\/\/airportsmokinglounge.com\/#website","url":"https:\/\/airportsmokinglounge.com\/","name":"airportsmokinglounge.com","description":"","potentialAction":[{"@type":"SearchAction","target":{"@type":"EntryPoint","urlTemplate":"https:\/\/airportsmokinglounge.com\/?s={search_term_string}"},"query-input":{"@type":"PropertyValueSpecification","valueRequired":true,"valueName":"search_term_string"}}],"inLanguage":"fr-FR"}]}},"_links":{"self":[{"href":"https:\/\/airportsmokinglounge.com\/fr\/wp-json\/wp\/v2\/pages\/1049","targetHints":{"allow":["GET"]}}],"collection":[{"href":"https:\/\/airportsmokinglounge.com\/fr\/wp-json\/wp\/v2\/pages"}],"about":[{"href":"https:\/\/airportsmokinglounge.com\/fr\/wp-json\/wp\/v2\/types\/page"}],"author":[{"embeddable":true,"href":"https:\/\/airportsmokinglounge.com\/fr\/wp-json\/wp\/v2\/users\/1"}],"replies":[{"embeddable":true,"href":"https:\/\/airportsmokinglounge.com\/fr\/wp-json\/wp\/v2\/comments?post=1049"}],"version-history":[{"count":7,"href":"https:\/\/airportsmokinglounge.com\/fr\/wp-json\/wp\/v2\/pages\/1049\/revisions"}],"predecessor-version":[{"id":6378,"href":"https:\/\/airportsmokinglounge.com\/fr\/wp-json\/wp\/v2\/pages\/1049\/revisions\/6378"}],"wp:featuredmedia":[{"embeddable":true,"href":"https:\/\/airportsmokinglounge.com\/fr\/wp-json\/wp\/v2\/media\/1199"}],"wp:attachment":[{"href":"https:\/\/airportsmokinglounge.com\/fr\/wp-json\/wp\/v2\/media?parent=1049"}],"curies":[{"name":"wp","href":"https:\/\/api.w.org\/{rel}","templated":true}]}}