{"id":1842,"date":"2023-04-08T09:36:25","date_gmt":"2023-04-08T07:36:25","guid":{"rendered":"https:\/\/airportsmokinglounge.com\/?page_id=1842"},"modified":"2023-05-04T20:51:43","modified_gmt":"2023-05-04T18:51:43","slug":"smoking-areas-at-chandigarh-airport-ixc","status":"publish","type":"page","link":"https:\/\/airportsmokinglounge.com\/fr\/zones-fumeurs-a-l-aeroport-de-chandigarh-ixc\/","title":{"rendered":"Zones fumeurs \u00e0 l&#039;a\u00e9roport de Chandigarh (IXC)"},"content":{"rendered":"<h2>Zones fumeurs avant le contr\u00f4le de s\u00e9curit\u00e9<\/h2>\n<ul>\n<li><span style=\"font-size: 14pt;\">Fumer n&#039;est autoris\u00e9 qu&#039;\u00e0 l&#039;ext\u00e9rieur du terminal<\/span><\/li>\n<\/ul>\n<h2>Zones fumeurs apr\u00e8s le contr\u00f4le de s\u00e9curit\u00e9<\/h2>\n<p>&nbsp;<\/p>\n<p><span style=\"font-size: 14pt;\">Plus d&#039;informations sur le site officiel<\/span><\/p>\n<ul>\n<li><a href=\"https:\/\/www.aai.aero\/en\/airports\/chandigarh\" target=\"_blank\" rel=\"noopener\">www.aai.aero<\/a><\/li>\n<\/ul>\n<p><strong><span style=\"font-size: 14pt;\">Envoyez-nous vos commentaires<\/span><\/strong><\/p>\n<p><span style=\"font-size: 14pt;\">Si vous \u00eates \u00e0 l&#039;a\u00e9roport de Chandigarh, vous \u00eates plus que bienvenu pour nous envoyer des photos des zones fumeurs. Cela nous aidera \u00e0 remplir notre base de donn\u00e9es plus rapidement. Tu peux le faire <strong><a href=\"https:\/\/airportsmokinglounge.com\/fr\/contact\/\">Ici<\/a>.<\/strong> Les images sont publi\u00e9es sur notre site Web, en indiquant la source de l&#039;image (nom). N&#039;h\u00e9sitez pas \u00e0 partager ces photos avec nous et tous les visiteurs de airportsmokinglounge.com<\/span>.<\/p>\n<p>&nbsp;<\/p>\n<p><span style=\"font-size: 14pt;\"><strong>Plus d&#039;a\u00e9roports en Inde :<\/strong> <\/span><\/p>\n<ul>\n<li><a href=\"https:\/\/airportsmokinglounge.com\/fr\/zones-fumeurs-dans-les-aeroports-en-inde\/\"><span style=\"font-size: 14pt;\">A\u00e9roports en Inde<\/span><\/a><\/li>\n<\/ul>\n<p><span style=\"font-size: 14pt;\"><strong>Zones fumeurs dans\u00a0:<\/strong><\/span><\/p>\n<ul>\n<li><a href=\"https:\/\/airportsmokinglounge.com\/fr\/fumer-dans-les-aeroports-en-asie\/\"><span style=\"font-size: 14pt;\">A\u00e9roports asiatiques<\/span><\/a><\/li>\n<\/ul>","protected":false},"excerpt":{"rendered":"<p>Smoking areas before the Security Check Smoking is only allowed outside the terminal Smoking areas after Security Check &nbsp; More Information on the official Website www.aai.aero Send us feedback If you are at the Airport in Chandigarh, you are more than welcome to send us pictures of the smoking areas. This will help us fill&hellip;&nbsp;<a href=\"https:\/\/airportsmokinglounge.com\/fr\/zones-fumeurs-a-l-aeroport-de-chandigarh-ixc\/\" rel=\"bookmark\">En savoir plus &quot;<span class=\"screen-reader-text\">Zones fumeurs \u00e0 l&#039;a\u00e9roport de Chandigarh (IXC)<\/span><\/a><\/p>","protected":false},"author":1,"featured_media":1199,"parent":0,"menu_order":0,"comment_status":"closed","ping_status":"closed","template":"","meta":{"neve_meta_sidebar":"","neve_meta_container":"","neve_meta_enable_content_width":"off","neve_meta_content_width":100,"neve_meta_title_alignment":"","neve_meta_author_avatar":"","neve_post_elements_order":"","neve_meta_disable_header":"","neve_meta_disable_footer":"","neve_meta_disable_title":"","neve_meta_reading_time":"","footnotes":""},"class_list":["post-1842","page","type-page","status-publish","has-post-thumbnail","hentry"],"yoast_head":"<!-- This site is optimized with the Yoast SEO plugin v26.6 - https:\/\/yoast.com\/wordpress\/plugins\/seo\/ -->\n<title>Smoking areas at Chandigarh Airport (IXC)<\/title>\n<meta name=\"description\" content=\"Smoking areas Chandigarh Airport - Find a smoking area in the airport \u2714\ufe0e Smoking Guide in Airports: Information for Travelers \u2714\ufe0e\" \/>\n<meta name=\"robots\" content=\"index, follow, max-snippet:-1, max-image-preview:large, max-video-preview:-1\" \/>\n<link rel=\"canonical\" href=\"https:\/\/airportsmokinglounge.com\/fr\/zones-fumeurs-a-l-aeroport-de-chandigarh-ixc\/\" \/>\n<meta property=\"og:locale\" content=\"fr_FR\" \/>\n<meta property=\"og:type\" content=\"article\" \/>\n<meta property=\"og:title\" content=\"Smoking areas at Chandigarh Airport (IXC)\" \/>\n<meta property=\"og:description\" content=\"Smoking areas Chandigarh Airport - Find a smoking area in the airport \u2714\ufe0e Smoking Guide in Airports: Information for Travelers \u2714\ufe0e\" \/>\n<meta property=\"og:url\" content=\"https:\/\/airportsmokinglounge.com\/fr\/zones-fumeurs-a-l-aeroport-de-chandigarh-ixc\/\" \/>\n<meta property=\"og:site_name\" content=\"airportsmokinglounge.com\" \/>\n<meta property=\"article:modified_time\" content=\"2023-05-04T18:51:43+00:00\" \/>\n<meta property=\"og:image\" content=\"https:\/\/airportsmokinglounge.com\/wp-content\/uploads\/2023\/03\/airport-smoking-lounge-4.jpg\" \/>\n\t<meta property=\"og:image:width\" content=\"2048\" \/>\n\t<meta property=\"og:image:height\" content=\"1152\" \/>\n\t<meta property=\"og:image:type\" content=\"image\/jpeg\" \/>\n<meta name=\"twitter:card\" content=\"summary_large_image\" \/>\n<meta name=\"twitter:label1\" content=\"Dur\u00e9e de lecture estim\u00e9e\" \/>\n\t<meta name=\"twitter:data1\" content=\"1 minute\" \/>\n<script type=\"application\/ld+json\" class=\"yoast-schema-graph\">{\"@context\":\"https:\/\/schema.org\",\"@graph\":[{\"@type\":\"WebPage\",\"@id\":\"https:\/\/airportsmokinglounge.com\/smoking-areas-at-chandigarh-airport-ixc\/\",\"url\":\"https:\/\/airportsmokinglounge.com\/smoking-areas-at-chandigarh-airport-ixc\/\",\"name\":\"Smoking areas at Chandigarh Airport (IXC)\",\"isPartOf\":{\"@id\":\"https:\/\/airportsmokinglounge.com\/#website\"},\"primaryImageOfPage\":{\"@id\":\"https:\/\/airportsmokinglounge.com\/smoking-areas-at-chandigarh-airport-ixc\/#primaryimage\"},\"image\":{\"@id\":\"https:\/\/airportsmokinglounge.com\/smoking-areas-at-chandigarh-airport-ixc\/#primaryimage\"},\"thumbnailUrl\":\"https:\/\/airportsmokinglounge.com\/wp-content\/uploads\/2023\/03\/airport-smoking-lounge-4.jpg\",\"datePublished\":\"2023-04-08T07:36:25+00:00\",\"dateModified\":\"2023-05-04T18:51:43+00:00\",\"description\":\"Smoking areas Chandigarh Airport - Find a smoking area in the airport \u2714\ufe0e Smoking Guide in Airports: Information for Travelers \u2714\ufe0e\",\"breadcrumb\":{\"@id\":\"https:\/\/airportsmokinglounge.com\/smoking-areas-at-chandigarh-airport-ixc\/#breadcrumb\"},\"inLanguage\":\"fr-FR\",\"potentialAction\":[{\"@type\":\"ReadAction\",\"target\":[\"https:\/\/airportsmokinglounge.com\/smoking-areas-at-chandigarh-airport-ixc\/\"]}]},{\"@type\":\"ImageObject\",\"inLanguage\":\"fr-FR\",\"@id\":\"https:\/\/airportsmokinglounge.com\/smoking-areas-at-chandigarh-airport-ixc\/#primaryimage\",\"url\":\"https:\/\/airportsmokinglounge.com\/wp-content\/uploads\/2023\/03\/airport-smoking-lounge-4.jpg\",\"contentUrl\":\"https:\/\/airportsmokinglounge.com\/wp-content\/uploads\/2023\/03\/airport-smoking-lounge-4.jpg\",\"width\":2048,\"height\":1152,\"caption\":\"Airport Smoking\"},{\"@type\":\"BreadcrumbList\",\"@id\":\"https:\/\/airportsmokinglounge.com\/smoking-areas-at-chandigarh-airport-ixc\/#breadcrumb\",\"itemListElement\":[{\"@type\":\"ListItem\",\"position\":1,\"name\":\"Home\",\"item\":\"https:\/\/airportsmokinglounge.com\/\"},{\"@type\":\"ListItem\",\"position\":2,\"name\":\"Smoking areas at Chandigarh Airport (IXC)\"}]},{\"@type\":\"WebSite\",\"@id\":\"https:\/\/airportsmokinglounge.com\/#website\",\"url\":\"https:\/\/airportsmokinglounge.com\/\",\"name\":\"airportsmokinglounge.com\",\"description\":\"\",\"potentialAction\":[{\"@type\":\"SearchAction\",\"target\":{\"@type\":\"EntryPoint\",\"urlTemplate\":\"https:\/\/airportsmokinglounge.com\/?s={search_term_string}\"},\"query-input\":{\"@type\":\"PropertyValueSpecification\",\"valueRequired\":true,\"valueName\":\"search_term_string\"}}],\"inLanguage\":\"fr-FR\"}]}<\/script>\n<!-- \/ Yoast SEO plugin. -->","yoast_head_json":{"title":"Zones fumeurs \u00e0 l&#039;a\u00e9roport de Chandigarh (IXC)","description":"Zones fumeurs A\u00e9roport de Chandigarh - Trouver une zone fumeurs \u00e0 l&#039;a\u00e9roport \u2714\ufe0e Guide du fumeur dans les a\u00e9roports : informations pour les voyageurs \u2714\ufe0e","robots":{"index":"index","follow":"follow","max-snippet":"max-snippet:-1","max-image-preview":"max-image-preview:large","max-video-preview":"max-video-preview:-1"},"canonical":"https:\/\/airportsmokinglounge.com\/fr\/zones-fumeurs-a-l-aeroport-de-chandigarh-ixc\/","og_locale":"fr_FR","og_type":"article","og_title":"Smoking areas at Chandigarh Airport (IXC)","og_description":"Smoking areas Chandigarh Airport - Find a smoking area in the airport \u2714\ufe0e Smoking Guide in Airports: Information for Travelers \u2714\ufe0e","og_url":"https:\/\/airportsmokinglounge.com\/fr\/zones-fumeurs-a-l-aeroport-de-chandigarh-ixc\/","og_site_name":"airportsmokinglounge.com","article_modified_time":"2023-05-04T18:51:43+00:00","og_image":[{"width":2048,"height":1152,"url":"https:\/\/airportsmokinglounge.com\/wp-content\/uploads\/2023\/03\/airport-smoking-lounge-4.jpg","type":"image\/jpeg"}],"twitter_card":"summary_large_image","twitter_misc":{"Dur\u00e9e de lecture estim\u00e9e":"1 minute"},"schema":{"@context":"https:\/\/schema.org","@graph":[{"@type":"WebPage","@id":"https:\/\/airportsmokinglounge.com\/smoking-areas-at-chandigarh-airport-ixc\/","url":"https:\/\/airportsmokinglounge.com\/smoking-areas-at-chandigarh-airport-ixc\/","name":"Zones fumeurs \u00e0 l&#039;a\u00e9roport de Chandigarh (IXC)","isPartOf":{"@id":"https:\/\/airportsmokinglounge.com\/#website"},"primaryImageOfPage":{"@id":"https:\/\/airportsmokinglounge.com\/smoking-areas-at-chandigarh-airport-ixc\/#primaryimage"},"image":{"@id":"https:\/\/airportsmokinglounge.com\/smoking-areas-at-chandigarh-airport-ixc\/#primaryimage"},"thumbnailUrl":"https:\/\/airportsmokinglounge.com\/wp-content\/uploads\/2023\/03\/airport-smoking-lounge-4.jpg","datePublished":"2023-04-08T07:36:25+00:00","dateModified":"2023-05-04T18:51:43+00:00","description":"Zones fumeurs A\u00e9roport de Chandigarh - Trouver une zone fumeurs \u00e0 l&#039;a\u00e9roport \u2714\ufe0e Guide du fumeur dans les a\u00e9roports : informations pour les voyageurs \u2714\ufe0e","breadcrumb":{"@id":"https:\/\/airportsmokinglounge.com\/smoking-areas-at-chandigarh-airport-ixc\/#breadcrumb"},"inLanguage":"fr-FR","potentialAction":[{"@type":"ReadAction","target":["https:\/\/airportsmokinglounge.com\/smoking-areas-at-chandigarh-airport-ixc\/"]}]},{"@type":"ImageObject","inLanguage":"fr-FR","@id":"https:\/\/airportsmokinglounge.com\/smoking-areas-at-chandigarh-airport-ixc\/#primaryimage","url":"https:\/\/airportsmokinglounge.com\/wp-content\/uploads\/2023\/03\/airport-smoking-lounge-4.jpg","contentUrl":"https:\/\/airportsmokinglounge.com\/wp-content\/uploads\/2023\/03\/airport-smoking-lounge-4.jpg","width":2048,"height":1152,"caption":"Airport Smoking"},{"@type":"BreadcrumbList","@id":"https:\/\/airportsmokinglounge.com\/smoking-areas-at-chandigarh-airport-ixc\/#breadcrumb","itemListElement":[{"@type":"ListItem","position":1,"name":"Home","item":"https:\/\/airportsmokinglounge.com\/"},{"@type":"ListItem","position":2,"name":"Smoking areas at Chandigarh Airport (IXC)"}]},{"@type":"WebSite","@id":"https:\/\/airportsmokinglounge.com\/#website","url":"https:\/\/airportsmokinglounge.com\/","name":"airportsmokinglounge.com","description":"","potentialAction":[{"@type":"SearchAction","target":{"@type":"EntryPoint","urlTemplate":"https:\/\/airportsmokinglounge.com\/?s={search_term_string}"},"query-input":{"@type":"PropertyValueSpecification","valueRequired":true,"valueName":"search_term_string"}}],"inLanguage":"fr-FR"}]}},"_links":{"self":[{"href":"https:\/\/airportsmokinglounge.com\/fr\/wp-json\/wp\/v2\/pages\/1842","targetHints":{"allow":["GET"]}}],"collection":[{"href":"https:\/\/airportsmokinglounge.com\/fr\/wp-json\/wp\/v2\/pages"}],"about":[{"href":"https:\/\/airportsmokinglounge.com\/fr\/wp-json\/wp\/v2\/types\/page"}],"author":[{"embeddable":true,"href":"https:\/\/airportsmokinglounge.com\/fr\/wp-json\/wp\/v2\/users\/1"}],"replies":[{"embeddable":true,"href":"https:\/\/airportsmokinglounge.com\/fr\/wp-json\/wp\/v2\/comments?post=1842"}],"version-history":[{"count":4,"href":"https:\/\/airportsmokinglounge.com\/fr\/wp-json\/wp\/v2\/pages\/1842\/revisions"}],"predecessor-version":[{"id":4241,"href":"https:\/\/airportsmokinglounge.com\/fr\/wp-json\/wp\/v2\/pages\/1842\/revisions\/4241"}],"wp:featuredmedia":[{"embeddable":true,"href":"https:\/\/airportsmokinglounge.com\/fr\/wp-json\/wp\/v2\/media\/1199"}],"wp:attachment":[{"href":"https:\/\/airportsmokinglounge.com\/fr\/wp-json\/wp\/v2\/media?parent=1842"}],"curies":[{"name":"wp","href":"https:\/\/api.w.org\/{rel}","templated":true}]}}