{"id":206,"date":"2023-02-28T14:27:28","date_gmt":"2023-02-28T13:27:28","guid":{"rendered":"https:\/\/airportsmokinglounge.com\/?page_id=206"},"modified":"2023-05-26T20:46:25","modified_gmt":"2023-05-26T18:46:25","slug":"smoking-areas-in-irelands-airports","status":"publish","type":"page","link":"https:\/\/airportsmokinglounge.com\/fr\/zones-fumeurs-dans-les-aeroports-irlandais\/","title":{"rendered":"Zones fumeurs dans les a\u00e9roports irlandais"},"content":{"rendered":"<p>L&#039;Irlande est desservie par plusieurs a\u00e9roports, internationaux et r\u00e9gionaux, qui relient le pays \u00e0 diverses destinations nationales et internationales.<\/p>\n<p>Sur ce site Web, vous pouvez trouver toutes les zones fumeurs dans les a\u00e9roports, y compris les zones fumeurs d\u00e9sign\u00e9es et les installations disponibles. Nous comprenons la frustration de passer par la s\u00e9curit\u00e9 pour constater qu&#039;il n&#039;y a pas de zones fumeurs nulle part et dans certains cas, les cigarettes \u00e9lectroniques peuvent ne pas \u00eatre autoris\u00e9es.<\/p>\n<p>Ce service s&#039;adresse \u00e0 tous les fumeurs qui souhaitent profiter d&#039;une cigarette avant ou apr\u00e8s de longs vols.<\/p>\n<h2>A\u00e9roports en Irlande<\/h2>\n<ul style=\"list-style-type: circle;\">\n<li><a href=\"https:\/\/airportsmokinglounge.com\/fr\/zones-fumeurs-au-dublin-airport-dub\/\">A\u00c9ROPORT DE DUBLIN (DUB)<\/a><\/li>\n<li><a href=\"https:\/\/airportsmokinglounge.com\/fr\/zones-fumeurs-a-laeroport-de-shannon-snn\/\">A\u00c9ROPORT DE SHANNON (SNN)<\/a><\/li>\n<li><a href=\"https:\/\/airportsmokinglounge.com\/fr\/zones-fumeurs-a-laeroport-de-cork-ork\/\">A\u00c9ROPORT DE CORK (ORK)<\/a><\/li>\n<\/ul>\n<h2>La loi irlandaise sur le tabagisme<\/h2>\n<p>En Irlande, le tabagisme est r\u00e9glement\u00e9 par la loi de 2002 sur la sant\u00e9 publique (tabac) et ses modifications ult\u00e9rieures. La loi vise \u00e0 prot\u00e9ger la sant\u00e9 publique en r\u00e9duisant l&#039;exposition \u00e0 la fum\u00e9e secondaire et en promouvant un environnement sans fum\u00e9e.<\/p>\n<p>La loi interdit de fumer dans tous les lieux de travail ferm\u00e9s, y compris les bureaux, restaurants, bars, pubs, centres commerciaux, transports publics et autres espaces publics int\u00e9rieurs. Cette interdiction s&#039;\u00e9tend \u00e9galement aux parties communes des immeubles d&#039;habitation et autres logements partag\u00e9s.<\/p>\n<p>Bien qu&#039;il soit g\u00e9n\u00e9ralement interdit de fumer dans les lieux publics ferm\u00e9s, certains \u00e9tablissements peuvent disposer d&#039;espaces ext\u00e9rieurs d\u00e9sign\u00e9s o\u00f9 il est permis de fumer. Ces zones doivent r\u00e9pondre \u00e0 des crit\u00e8res sp\u00e9cifiques \u00e9nonc\u00e9s dans la loi, comme \u00eatre physiquement s\u00e9par\u00e9es des zones sans fum\u00e9e et disposer d&#039;une ventilation appropri\u00e9e.<\/p>\n<p>Il est important de noter que l&#039;Irlande a adopt\u00e9 une approche globale de lutte antitabac, comprenant des initiatives visant \u00e0 d\u00e9courager le tabagisme, \u00e0 promouvoir les services de sevrage tabagique et \u00e0 sensibiliser le public aux risques associ\u00e9s au tabagisme.<\/p>\n<p>Il est toujours conseill\u00e9 de respecter et d&#039;adh\u00e9rer aux lois et r\u00e9glementations relatives au tabac en Irlande pour garantir le bien-\u00eatre des fumeurs et des non-fumeurs et contribuer \u00e0 un environnement plus sain.<\/p>\n<p>&nbsp;<\/p>\n<div class=\"container single-page-container\">\n<div class=\"row\">\n<div class=\"nv-single-page-wrap col\">\n<div class=\"nv-content-wrap entry-content\">\n<p><strong>Plus de zones fumeurs \u00e0 l&#039;a\u00e9roport\u00a0<\/strong><\/p>\n<ul>\n<li><a href=\"https:\/\/airportsmokinglounge.com\/fr\/fumer-dans-les-aeroports-d-amerique-du-nord\/\">Am\u00e9rique du Nord<\/a><\/li>\n<li><a href=\"https:\/\/airportsmokinglounge.com\/fr\/fumer-dans-les-aeroports-d-amerique-du-sud\/\">Am\u00e9rique du Sud<\/a><\/li>\n<li><a href=\"https:\/\/airportsmokinglounge.com\/fr\/espaces-fumeurs-dans-les-aeroports-europeens\/\">L&#039;Europe \uf0d7<\/a><\/li>\n<li><a href=\"https:\/\/airportsmokinglounge.com\/fr\/fumer-dans-les-aeroports-en-asie\/\">Asie<\/a><\/li>\n<li><a href=\"https:\/\/airportsmokinglounge.com\/fr\/fumer-dans-les-aeroports-en-oceanie\/\">Oc\u00e9anie<\/a><\/li>\n<li><a href=\"https:\/\/airportsmokinglounge.com\/fr\/fumer-dans-les-aeroports-en-afrique\/\">Afrique<\/a><\/li>\n<\/ul>\n<\/div>\n<\/div>\n<\/div>\n<\/div>\n<p>&nbsp;<\/p>\n<p>&nbsp;<\/p>\n<footer id=\"site-footer\" class=\"site-footer\">\n<div class=\"hfg_footer\">\n<div id=\"cb-row--footer-top\" class=\"footer--row footer-top layout-full-contained\" data-row-id=\"top\" data-show-on=\"desktop\">\n<div class=\"footer--row-inner footer-top-inner footer-content-wrap\">\n<div class=\"container\">\n<div class=\"hfg-grid nv-footer-content hfg-grid-top row--wrapper row\" data-section=\"hfg_footer_layout_top\">\n<div class=\"hfg-slot left\"><\/div>\n<\/div>\n<\/div>\n<\/div>\n<\/div>\n<\/div>\n<\/footer>","protected":false},"excerpt":{"rendered":"<p>L&#039;Irlande est desservie par plusieurs a\u00e9roports, internationaux et r\u00e9gionaux, qui relient le pays \u00e0 diverses destinations nationales et internationales. Sur ce site Web, vous trouverez toutes les zones fumeurs dans les a\u00e9roports, y compris les zones fumeurs d\u00e9sign\u00e9es et les installations disponibles. Nous comprenons la frustration de passer le contr\u00f4le de s\u00e9curit\u00e9 pour constater qu\u2019il n\u2019y a pas de zones fumeurs\u2026&nbsp;<a href=\"https:\/\/airportsmokinglounge.com\/fr\/zones-fumeurs-dans-les-aeroports-irlandais\/\" rel=\"bookmark\">En savoir plus &quot;<span class=\"screen-reader-text\">Zones fumeurs dans les a\u00e9roports irlandais<\/span><\/a><\/p>","protected":false},"author":1,"featured_media":1199,"parent":0,"menu_order":0,"comment_status":"closed","ping_status":"closed","template":"","meta":{"neve_meta_sidebar":"","neve_meta_container":"","neve_meta_enable_content_width":"off","neve_meta_content_width":100,"neve_meta_title_alignment":"","neve_meta_author_avatar":"","neve_post_elements_order":"","neve_meta_disable_header":"","neve_meta_disable_footer":"","neve_meta_disable_title":"","neve_meta_reading_time":"","footnotes":""},"class_list":["post-206","page","type-page","status-publish","has-post-thumbnail","hentry"],"yoast_head":"<!-- This site is optimized with the Yoast SEO plugin v26.6 - https:\/\/yoast.com\/wordpress\/plugins\/seo\/ -->\n<title>Smoking areas in Ireland&#039;s airports - airportsmokinglounge.com<\/title>\n<meta name=\"description\" content=\"Smoking Areas in Ireland&#039;s Airports - Your Ultimate Guide to Finding a Place to Smoke \u2714\ufe0e Find Your Next Smoke Break Spot \u2714\ufe0e\" \/>\n<meta name=\"robots\" content=\"index, follow, max-snippet:-1, max-image-preview:large, max-video-preview:-1\" \/>\n<link rel=\"canonical\" href=\"https:\/\/airportsmokinglounge.com\/fr\/zones-fumeurs-dans-les-aeroports-irlandais\/\" \/>\n<meta property=\"og:locale\" content=\"fr_FR\" \/>\n<meta property=\"og:type\" content=\"article\" \/>\n<meta property=\"og:title\" content=\"Smoking areas in Ireland&#039;s airports - airportsmokinglounge.com\" \/>\n<meta property=\"og:description\" content=\"Smoking Areas in Ireland&#039;s Airports - Your Ultimate Guide to Finding a Place to Smoke \u2714\ufe0e Find Your Next Smoke Break Spot \u2714\ufe0e\" \/>\n<meta property=\"og:url\" content=\"https:\/\/airportsmokinglounge.com\/fr\/zones-fumeurs-dans-les-aeroports-irlandais\/\" \/>\n<meta property=\"og:site_name\" content=\"airportsmokinglounge.com\" \/>\n<meta property=\"article:modified_time\" content=\"2023-05-26T18:46:25+00:00\" \/>\n<meta property=\"og:image\" content=\"https:\/\/airportsmokinglounge.com\/wp-content\/uploads\/2023\/03\/airport-smoking-lounge-4.jpg\" \/>\n\t<meta property=\"og:image:width\" content=\"2048\" \/>\n\t<meta property=\"og:image:height\" content=\"1152\" \/>\n\t<meta property=\"og:image:type\" content=\"image\/jpeg\" \/>\n<meta name=\"twitter:card\" content=\"summary_large_image\" \/>\n<meta name=\"twitter:label1\" content=\"Dur\u00e9e de lecture estim\u00e9e\" \/>\n\t<meta name=\"twitter:data1\" content=\"2 minutes\" \/>\n<script type=\"application\/ld+json\" class=\"yoast-schema-graph\">{\"@context\":\"https:\/\/schema.org\",\"@graph\":[{\"@type\":\"WebPage\",\"@id\":\"https:\/\/airportsmokinglounge.com\/smoking-areas-in-irelands-airports\/\",\"url\":\"https:\/\/airportsmokinglounge.com\/smoking-areas-in-irelands-airports\/\",\"name\":\"Smoking areas in Ireland's airports - airportsmokinglounge.com\",\"isPartOf\":{\"@id\":\"https:\/\/airportsmokinglounge.com\/#website\"},\"primaryImageOfPage\":{\"@id\":\"https:\/\/airportsmokinglounge.com\/smoking-areas-in-irelands-airports\/#primaryimage\"},\"image\":{\"@id\":\"https:\/\/airportsmokinglounge.com\/smoking-areas-in-irelands-airports\/#primaryimage\"},\"thumbnailUrl\":\"https:\/\/airportsmokinglounge.com\/wp-content\/uploads\/2023\/03\/airport-smoking-lounge-4.jpg\",\"datePublished\":\"2023-02-28T13:27:28+00:00\",\"dateModified\":\"2023-05-26T18:46:25+00:00\",\"description\":\"Smoking Areas in Ireland's Airports - Your Ultimate Guide to Finding a Place to Smoke \u2714\ufe0e Find Your Next Smoke Break Spot \u2714\ufe0e\",\"breadcrumb\":{\"@id\":\"https:\/\/airportsmokinglounge.com\/smoking-areas-in-irelands-airports\/#breadcrumb\"},\"inLanguage\":\"fr-FR\",\"potentialAction\":[{\"@type\":\"ReadAction\",\"target\":[\"https:\/\/airportsmokinglounge.com\/smoking-areas-in-irelands-airports\/\"]}]},{\"@type\":\"ImageObject\",\"inLanguage\":\"fr-FR\",\"@id\":\"https:\/\/airportsmokinglounge.com\/smoking-areas-in-irelands-airports\/#primaryimage\",\"url\":\"https:\/\/airportsmokinglounge.com\/wp-content\/uploads\/2023\/03\/airport-smoking-lounge-4.jpg\",\"contentUrl\":\"https:\/\/airportsmokinglounge.com\/wp-content\/uploads\/2023\/03\/airport-smoking-lounge-4.jpg\",\"width\":2048,\"height\":1152,\"caption\":\"Airport Smoking\"},{\"@type\":\"BreadcrumbList\",\"@id\":\"https:\/\/airportsmokinglounge.com\/smoking-areas-in-irelands-airports\/#breadcrumb\",\"itemListElement\":[{\"@type\":\"ListItem\",\"position\":1,\"name\":\"Home\",\"item\":\"https:\/\/airportsmokinglounge.com\/\"},{\"@type\":\"ListItem\",\"position\":2,\"name\":\"Smoking areas in Ireland&#8217;s airports\"}]},{\"@type\":\"WebSite\",\"@id\":\"https:\/\/airportsmokinglounge.com\/#website\",\"url\":\"https:\/\/airportsmokinglounge.com\/\",\"name\":\"airportsmokinglounge.com\",\"description\":\"\",\"potentialAction\":[{\"@type\":\"SearchAction\",\"target\":{\"@type\":\"EntryPoint\",\"urlTemplate\":\"https:\/\/airportsmokinglounge.com\/?s={search_term_string}\"},\"query-input\":{\"@type\":\"PropertyValueSpecification\",\"valueRequired\":true,\"valueName\":\"search_term_string\"}}],\"inLanguage\":\"fr-FR\"}]}<\/script>\n<!-- \/ Yoast SEO plugin. -->","yoast_head_json":{"title":"Zones fumeurs dans les a\u00e9roports irlandais - Airportsmokinglounge.com","description":"Zones fumeurs dans les a\u00e9roports irlandais \u2013 Votre guide ultime pour trouver un endroit pour fumer \u2714\ufe0e Trouvez votre prochain endroit pour fumer \u2714\ufe0e","robots":{"index":"index","follow":"follow","max-snippet":"max-snippet:-1","max-image-preview":"max-image-preview:large","max-video-preview":"max-video-preview:-1"},"canonical":"https:\/\/airportsmokinglounge.com\/fr\/zones-fumeurs-dans-les-aeroports-irlandais\/","og_locale":"fr_FR","og_type":"article","og_title":"Smoking areas in Ireland's airports - airportsmokinglounge.com","og_description":"Smoking Areas in Ireland's Airports - Your Ultimate Guide to Finding a Place to Smoke \u2714\ufe0e Find Your Next Smoke Break Spot \u2714\ufe0e","og_url":"https:\/\/airportsmokinglounge.com\/fr\/zones-fumeurs-dans-les-aeroports-irlandais\/","og_site_name":"airportsmokinglounge.com","article_modified_time":"2023-05-26T18:46:25+00:00","og_image":[{"width":2048,"height":1152,"url":"https:\/\/airportsmokinglounge.com\/wp-content\/uploads\/2023\/03\/airport-smoking-lounge-4.jpg","type":"image\/jpeg"}],"twitter_card":"summary_large_image","twitter_misc":{"Dur\u00e9e de lecture estim\u00e9e":"2 minutes"},"schema":{"@context":"https:\/\/schema.org","@graph":[{"@type":"WebPage","@id":"https:\/\/airportsmokinglounge.com\/smoking-areas-in-irelands-airports\/","url":"https:\/\/airportsmokinglounge.com\/smoking-areas-in-irelands-airports\/","name":"Zones fumeurs dans les a\u00e9roports irlandais - Airportsmokinglounge.com","isPartOf":{"@id":"https:\/\/airportsmokinglounge.com\/#website"},"primaryImageOfPage":{"@id":"https:\/\/airportsmokinglounge.com\/smoking-areas-in-irelands-airports\/#primaryimage"},"image":{"@id":"https:\/\/airportsmokinglounge.com\/smoking-areas-in-irelands-airports\/#primaryimage"},"thumbnailUrl":"https:\/\/airportsmokinglounge.com\/wp-content\/uploads\/2023\/03\/airport-smoking-lounge-4.jpg","datePublished":"2023-02-28T13:27:28+00:00","dateModified":"2023-05-26T18:46:25+00:00","description":"Zones fumeurs dans les a\u00e9roports irlandais \u2013 Votre guide ultime pour trouver un endroit pour fumer \u2714\ufe0e Trouvez votre prochain endroit pour fumer \u2714\ufe0e","breadcrumb":{"@id":"https:\/\/airportsmokinglounge.com\/smoking-areas-in-irelands-airports\/#breadcrumb"},"inLanguage":"fr-FR","potentialAction":[{"@type":"ReadAction","target":["https:\/\/airportsmokinglounge.com\/smoking-areas-in-irelands-airports\/"]}]},{"@type":"ImageObject","inLanguage":"fr-FR","@id":"https:\/\/airportsmokinglounge.com\/smoking-areas-in-irelands-airports\/#primaryimage","url":"https:\/\/airportsmokinglounge.com\/wp-content\/uploads\/2023\/03\/airport-smoking-lounge-4.jpg","contentUrl":"https:\/\/airportsmokinglounge.com\/wp-content\/uploads\/2023\/03\/airport-smoking-lounge-4.jpg","width":2048,"height":1152,"caption":"Airport Smoking"},{"@type":"BreadcrumbList","@id":"https:\/\/airportsmokinglounge.com\/smoking-areas-in-irelands-airports\/#breadcrumb","itemListElement":[{"@type":"ListItem","position":1,"name":"Home","item":"https:\/\/airportsmokinglounge.com\/"},{"@type":"ListItem","position":2,"name":"Smoking areas in Ireland&#8217;s airports"}]},{"@type":"WebSite","@id":"https:\/\/airportsmokinglounge.com\/#website","url":"https:\/\/airportsmokinglounge.com\/","name":"airportsmokinglounge.com","description":"","potentialAction":[{"@type":"SearchAction","target":{"@type":"EntryPoint","urlTemplate":"https:\/\/airportsmokinglounge.com\/?s={search_term_string}"},"query-input":{"@type":"PropertyValueSpecification","valueRequired":true,"valueName":"search_term_string"}}],"inLanguage":"fr-FR"}]}},"_links":{"self":[{"href":"https:\/\/airportsmokinglounge.com\/fr\/wp-json\/wp\/v2\/pages\/206","targetHints":{"allow":["GET"]}}],"collection":[{"href":"https:\/\/airportsmokinglounge.com\/fr\/wp-json\/wp\/v2\/pages"}],"about":[{"href":"https:\/\/airportsmokinglounge.com\/fr\/wp-json\/wp\/v2\/types\/page"}],"author":[{"embeddable":true,"href":"https:\/\/airportsmokinglounge.com\/fr\/wp-json\/wp\/v2\/users\/1"}],"replies":[{"embeddable":true,"href":"https:\/\/airportsmokinglounge.com\/fr\/wp-json\/wp\/v2\/comments?post=206"}],"version-history":[{"count":7,"href":"https:\/\/airportsmokinglounge.com\/fr\/wp-json\/wp\/v2\/pages\/206\/revisions"}],"predecessor-version":[{"id":6256,"href":"https:\/\/airportsmokinglounge.com\/fr\/wp-json\/wp\/v2\/pages\/206\/revisions\/6256"}],"wp:featuredmedia":[{"embeddable":true,"href":"https:\/\/airportsmokinglounge.com\/fr\/wp-json\/wp\/v2\/media\/1199"}],"wp:attachment":[{"href":"https:\/\/airportsmokinglounge.com\/fr\/wp-json\/wp\/v2\/media?parent=206"}],"curies":[{"name":"wp","href":"https:\/\/api.w.org\/{rel}","templated":true}]}}