{"id":2160,"date":"2023-04-11T10:45:58","date_gmt":"2023-04-11T08:45:58","guid":{"rendered":"https:\/\/airportsmokinglounge.com\/?page_id=2160"},"modified":"2023-05-16T13:54:48","modified_gmt":"2023-05-16T11:54:48","slug":"smoking-areas-at-chiang-mai-international-airport-cnx","status":"publish","type":"page","link":"https:\/\/airportsmokinglounge.com\/fr\/zones-fumeurs-a-laeroport-international-de-chiang-mai-cnx\/","title":{"rendered":"Zones fumeurs \u00e0 l&#039;a\u00e9roport international de Chiang Mai (CNX)"},"content":{"rendered":"<p>L&#039;a\u00e9roport international de Chiang Mai (CNX) est la principale porte d&#039;entr\u00e9e de la ville de Chiang Mai, situ\u00e9e dans la partie nord de la Tha\u00eflande. Il s&#039;agit du quatri\u00e8me a\u00e9roport le plus fr\u00e9quent\u00e9 du pays et constitue une plaque tournante importante pour les vols nationaux et internationaux.<\/p>\n<p>L&#039;a\u00e9roport international de Chiang Mai offre une gamme de liaisons int\u00e9rieures vers des destinations populaires en Tha\u00eflande, notamment Bangkok, Phuket, Krabi et Koh Samui. Elle propose \u00e9galement des vols internationaux vers diverses destinations en Asie, notamment la Chine, la Cor\u00e9e du Sud, le Japon, la Malaisie, Singapour, etc.<\/p>\n<h2>Zones fumeurs avant le contr\u00f4le de s\u00e9curit\u00e9<\/h2>\n<ul>\n<li><span style=\"font-size: 14pt;\">Fumer n&#039;est autoris\u00e9 qu&#039;\u00e0 l&#039;ext\u00e9rieur du terminal<\/span><\/li>\n<\/ul>\n<h2>Zones fumeurs apr\u00e8s le contr\u00f4le de s\u00e9curit\u00e9<\/h2>\n<ul>\n<li><span style=\"font-size: 14pt;\">Il n&#039;y a pas de zones fumeurs \u00e0 l&#039;int\u00e9rieur de l&#039;a\u00e9roport.<\/span><\/li>\n<\/ul>\n<p><span style=\"font-size: 14pt;\">Plus d&#039;informations sur le site officiel<\/span><\/p>\n<ul>\n<li><a href=\"https:\/\/chiangmai.airportthai.co.th\/\" target=\"_blank\" rel=\"noopener\">www.chiangmai.airportthai.co.th<\/a><\/li>\n<\/ul>\n<p><strong><span style=\"font-size: 14pt;\">Envoyez-nous vos commentaires<\/span><\/strong><\/p>\n<p><span style=\"font-size: 14pt;\">Si vous \u00eates \u00e0 l&#039;a\u00e9roport de Chiang Mai, n&#039;h\u00e9sitez pas \u00e0 nous envoyer des photos des zones fumeurs. Cela nous aidera \u00e0 remplir notre base de donn\u00e9es plus rapidement. Tu peux le faire <strong><a href=\"https:\/\/airportsmokinglounge.com\/fr\/contact\/\">Ici<\/a>.<\/strong> Les images sont publi\u00e9es sur notre site Web, en indiquant la source de l&#039;image (nom). N&#039;h\u00e9sitez pas \u00e0 partager ces photos avec nous et tous les visiteurs de airportsmokinglounge.com<\/span>.<\/p>\n<h2>Loi sur le tabagisme en Tha\u00eflande<\/h2>\n<p>Tous les fumoirs des a\u00e9roports tha\u00eflandais ont \u00e9t\u00e9 ferm\u00e9s conform\u00e9ment \u00e0 la r\u00e9glementation anti-tabac. Par cons\u00e9quent, si vous souhaitez fumer, vous devrez passer par l&#039;immigration et utiliser les zones fumeurs d\u00e9sign\u00e9es situ\u00e9es \u00e0 l&#039;ext\u00e9rieur des terminaux de l&#039;a\u00e9roport. \u00c0 l&#039;a\u00e9roport de Suvarnabhumi, des zones non-fumeurs sont disponibles dans les sections c\u00f4t\u00e9 piste et c\u00f4t\u00e9 ville du terminal. Par cons\u00e9quent, sachez que vous devrez sortir du terminal pour acc\u00e9der aux zones fumeurs d\u00e9sign\u00e9es.<\/p>\n<h3>Questions fr\u00e9quemment pos\u00e9es<\/h3>\n<h4>Les zones fumeurs de l&#039;a\u00e9roport sont-elles disponibles 24h\/24 et 7j\/7 ?<\/h4>\n<p>La disponibilit\u00e9 des zones fumeurs de l&#039;a\u00e9roport peut varier en fonction de l&#039;a\u00e9roport et de l&#039;emplacement. Certaines zones fumeurs sont ouvertes 24 heures sur 24, tandis que d&#039;autres peuvent avoir des horaires restreints ou \u00eatre ferm\u00e9es \u00e0 certaines heures. Il est pr\u00e9f\u00e9rable de v\u00e9rifier aupr\u00e8s de l&#039;a\u00e9roport ou de visiter leur site Web pour obtenir des informations sp\u00e9cifiques sur les heures d&#039;ouverture de la zone fumeurs.<\/p>\n<h4>Est-il permis d&#039;apporter ma propre nourriture et mes boissons dans la zone fumeurs ?<\/h4>\n<p>Cela peut d\u00e9pendre de la zone fumeurs et de l&#039;a\u00e9roport. Certaines zones fumeurs peuvent autoriser la nourriture et les boissons \u00e0 l&#039;ext\u00e9rieur, tandis que d&#039;autres peuvent avoir des restrictions ou les interdire compl\u00e8tement. Il est pr\u00e9f\u00e9rable de v\u00e9rifier aupr\u00e8s de l&#039;a\u00e9roport ou de la signalisation de la zone fumeurs les r\u00e8gles et r\u00e9glementations sp\u00e9cifiques.<\/p>\n<h4>Fumer est-il autoris\u00e9 dans toutes les zones fumeurs de l&#039;a\u00e9roport\u00a0?<\/h4>\n<p>Toutes les zones fumeurs de l&#039;a\u00e9roport ne permettent pas de fumer. Certains a\u00e9roports peuvent avoir des zones d\u00e9sign\u00e9es pour les cigarettes \u00e9lectroniques ou le vapotage, qui sont distinctes des zones fumeurs traditionnelles. Assurez-vous de v\u00e9rifier les r\u00e8gles et r\u00e9glementations sp\u00e9cifiques \u00e0 la zone fumeurs que vous pr\u00e9voyez d&#039;utiliser.<\/p>\n<h4>Les espaces fumeurs sont-ils climatis\u00e9s ou chauff\u00e9s ?<\/h4>\n<p>La temp\u00e9rature et la ventilation des zones fumeurs des a\u00e9roports peuvent varier consid\u00e9rablement. Certains peuvent \u00eatre climatis\u00e9s ou chauff\u00e9s, tandis que d&#039;autres peuvent \u00eatre des espaces en plein air avec une protection limit\u00e9e contre les \u00e9l\u00e9ments. Assurez-vous de v\u00e9rifier aupr\u00e8s de l&#039;a\u00e9roport ou de visiter la zone fumeurs \u00e0 l&#039;avance pour d\u00e9terminer les conditions et vous pr\u00e9parer en cons\u00e9quence.<\/p>\n<h4>Les zones fumeurs sont-elles accessibles aux voyageurs handicap\u00e9s\u00a0?<\/h4>\n<p>De nombreux a\u00e9roports ont fait des efforts pour rendre leurs espaces fumeurs accessibles aux voyageurs handicap\u00e9s. Cependant, l&#039;accessibilit\u00e9 des zones fumeurs sp\u00e9cifiques peut varier consid\u00e9rablement. Assurez-vous de v\u00e9rifier aupr\u00e8s de l&#039;a\u00e9roport ou de visiter la zone fumeurs \u00e0 l&#039;avance pour d\u00e9terminer si elle est accessible et r\u00e9pond \u00e0 vos besoins.<\/p>\n<p><span style=\"font-size: 14pt;\"><strong>Plus d&#039;a\u00e9roports en Tha\u00eflande :<\/strong> <\/span><\/p>\n<ul>\n<li><a href=\"https:\/\/airportsmokinglounge.com\/fr\/zones-fumeurs-dans-les-aeroports-en-thailande\/\"><span style=\"font-size: 14pt;\">A\u00e9roports en Tha\u00eflande<\/span><\/a><\/li>\n<\/ul>\n<p><span style=\"font-size: 14pt;\"><strong>Zones fumeurs en Asie<\/strong><\/span><\/p>\n<ul>\n<li><a href=\"https:\/\/airportsmokinglounge.com\/fr\/fumer-dans-les-aeroports-en-asie\/\"><span style=\"font-size: 14pt;\">A\u00e9roports asiatiques<\/span><\/a><\/li>\n<\/ul>","protected":false},"excerpt":{"rendered":"<p>Chiang Mai International Airport (CNX) is the major gateway to the city of Chiang Mai, located in the northern part of Thailand. It is the fourth busiest airport in the country and serves as an important hub for both domestic and international flights. Chiang Mai International Airport offers a range of domestic connections to popular&hellip;&nbsp;<a href=\"https:\/\/airportsmokinglounge.com\/fr\/zones-fumeurs-a-laeroport-international-de-chiang-mai-cnx\/\" rel=\"bookmark\">En savoir plus &quot;<span class=\"screen-reader-text\">Zones fumeurs \u00e0 l&#039;a\u00e9roport international de Chiang Mai (CNX)<\/span><\/a><\/p>","protected":false},"author":1,"featured_media":1199,"parent":0,"menu_order":0,"comment_status":"closed","ping_status":"closed","template":"","meta":{"neve_meta_sidebar":"","neve_meta_container":"","neve_meta_enable_content_width":"off","neve_meta_content_width":100,"neve_meta_title_alignment":"","neve_meta_author_avatar":"","neve_post_elements_order":"","neve_meta_disable_header":"","neve_meta_disable_footer":"","neve_meta_disable_title":"","neve_meta_reading_time":"","footnotes":""},"class_list":["post-2160","page","type-page","status-publish","has-post-thumbnail","hentry"],"yoast_head":"<!-- This site is optimized with the Yoast SEO plugin v26.6 - https:\/\/yoast.com\/wordpress\/plugins\/seo\/ -->\n<title>Smoking areas at Chiang Mai International Airport (CNX)<\/title>\n<meta name=\"description\" content=\"Smoking areas Chiang Mai International Airport - Find a smoking area in the airport \u2714\ufe0e Smoking Guide in Airports for Travelers \u2714\ufe0e\" \/>\n<meta name=\"robots\" content=\"index, follow, max-snippet:-1, max-image-preview:large, max-video-preview:-1\" \/>\n<link rel=\"canonical\" href=\"https:\/\/airportsmokinglounge.com\/fr\/zones-fumeurs-a-laeroport-international-de-chiang-mai-cnx\/\" \/>\n<meta property=\"og:locale\" content=\"fr_FR\" \/>\n<meta property=\"og:type\" content=\"article\" \/>\n<meta property=\"og:title\" content=\"Smoking areas at Chiang Mai International Airport (CNX)\" \/>\n<meta property=\"og:description\" content=\"Smoking areas Chiang Mai International Airport - Find a smoking area in the airport \u2714\ufe0e Smoking Guide in Airports for Travelers \u2714\ufe0e\" \/>\n<meta property=\"og:url\" content=\"https:\/\/airportsmokinglounge.com\/fr\/zones-fumeurs-a-laeroport-international-de-chiang-mai-cnx\/\" \/>\n<meta property=\"og:site_name\" content=\"airportsmokinglounge.com\" \/>\n<meta property=\"article:modified_time\" content=\"2023-05-16T11:54:48+00:00\" \/>\n<meta property=\"og:image\" content=\"https:\/\/airportsmokinglounge.com\/wp-content\/uploads\/2023\/03\/airport-smoking-lounge-4.jpg\" \/>\n\t<meta property=\"og:image:width\" content=\"2048\" \/>\n\t<meta property=\"og:image:height\" content=\"1152\" \/>\n\t<meta property=\"og:image:type\" content=\"image\/jpeg\" \/>\n<meta name=\"twitter:card\" content=\"summary_large_image\" \/>\n<meta name=\"twitter:label1\" content=\"Dur\u00e9e de lecture estim\u00e9e\" \/>\n\t<meta name=\"twitter:data1\" content=\"3 minutes\" \/>\n<script type=\"application\/ld+json\" class=\"yoast-schema-graph\">{\"@context\":\"https:\/\/schema.org\",\"@graph\":[{\"@type\":\"WebPage\",\"@id\":\"https:\/\/airportsmokinglounge.com\/smoking-areas-at-chiang-mai-international-airport-cnx\/\",\"url\":\"https:\/\/airportsmokinglounge.com\/smoking-areas-at-chiang-mai-international-airport-cnx\/\",\"name\":\"Smoking areas at Chiang Mai International Airport (CNX)\",\"isPartOf\":{\"@id\":\"https:\/\/airportsmokinglounge.com\/#website\"},\"primaryImageOfPage\":{\"@id\":\"https:\/\/airportsmokinglounge.com\/smoking-areas-at-chiang-mai-international-airport-cnx\/#primaryimage\"},\"image\":{\"@id\":\"https:\/\/airportsmokinglounge.com\/smoking-areas-at-chiang-mai-international-airport-cnx\/#primaryimage\"},\"thumbnailUrl\":\"https:\/\/airportsmokinglounge.com\/wp-content\/uploads\/2023\/03\/airport-smoking-lounge-4.jpg\",\"datePublished\":\"2023-04-11T08:45:58+00:00\",\"dateModified\":\"2023-05-16T11:54:48+00:00\",\"description\":\"Smoking areas Chiang Mai International Airport - Find a smoking area in the airport \u2714\ufe0e Smoking Guide in Airports for Travelers \u2714\ufe0e\",\"breadcrumb\":{\"@id\":\"https:\/\/airportsmokinglounge.com\/smoking-areas-at-chiang-mai-international-airport-cnx\/#breadcrumb\"},\"inLanguage\":\"fr-FR\",\"potentialAction\":[{\"@type\":\"ReadAction\",\"target\":[\"https:\/\/airportsmokinglounge.com\/smoking-areas-at-chiang-mai-international-airport-cnx\/\"]}]},{\"@type\":\"ImageObject\",\"inLanguage\":\"fr-FR\",\"@id\":\"https:\/\/airportsmokinglounge.com\/smoking-areas-at-chiang-mai-international-airport-cnx\/#primaryimage\",\"url\":\"https:\/\/airportsmokinglounge.com\/wp-content\/uploads\/2023\/03\/airport-smoking-lounge-4.jpg\",\"contentUrl\":\"https:\/\/airportsmokinglounge.com\/wp-content\/uploads\/2023\/03\/airport-smoking-lounge-4.jpg\",\"width\":2048,\"height\":1152,\"caption\":\"Airport Smoking\"},{\"@type\":\"BreadcrumbList\",\"@id\":\"https:\/\/airportsmokinglounge.com\/smoking-areas-at-chiang-mai-international-airport-cnx\/#breadcrumb\",\"itemListElement\":[{\"@type\":\"ListItem\",\"position\":1,\"name\":\"Home\",\"item\":\"https:\/\/airportsmokinglounge.com\/\"},{\"@type\":\"ListItem\",\"position\":2,\"name\":\"Smoking areas at Chiang Mai International Airport (CNX)\"}]},{\"@type\":\"WebSite\",\"@id\":\"https:\/\/airportsmokinglounge.com\/#website\",\"url\":\"https:\/\/airportsmokinglounge.com\/\",\"name\":\"airportsmokinglounge.com\",\"description\":\"\",\"potentialAction\":[{\"@type\":\"SearchAction\",\"target\":{\"@type\":\"EntryPoint\",\"urlTemplate\":\"https:\/\/airportsmokinglounge.com\/?s={search_term_string}\"},\"query-input\":{\"@type\":\"PropertyValueSpecification\",\"valueRequired\":true,\"valueName\":\"search_term_string\"}}],\"inLanguage\":\"fr-FR\"}]}<\/script>\n<!-- \/ Yoast SEO plugin. -->","yoast_head_json":{"title":"Zones fumeurs \u00e0 l&#039;a\u00e9roport international de Chiang Mai (CNX)","description":"Zones fumeurs A\u00e9roport international de Chiang Mai - Trouvez une zone fumeurs \u00e0 l&#039;a\u00e9roport \u2714\ufe0e Guide fumeurs dans les a\u00e9roports pour les voyageurs \u2714\ufe0e","robots":{"index":"index","follow":"follow","max-snippet":"max-snippet:-1","max-image-preview":"max-image-preview:large","max-video-preview":"max-video-preview:-1"},"canonical":"https:\/\/airportsmokinglounge.com\/fr\/zones-fumeurs-a-laeroport-international-de-chiang-mai-cnx\/","og_locale":"fr_FR","og_type":"article","og_title":"Smoking areas at Chiang Mai International Airport (CNX)","og_description":"Smoking areas Chiang Mai International Airport - Find a smoking area in the airport \u2714\ufe0e Smoking Guide in Airports for Travelers \u2714\ufe0e","og_url":"https:\/\/airportsmokinglounge.com\/fr\/zones-fumeurs-a-laeroport-international-de-chiang-mai-cnx\/","og_site_name":"airportsmokinglounge.com","article_modified_time":"2023-05-16T11:54:48+00:00","og_image":[{"width":2048,"height":1152,"url":"https:\/\/airportsmokinglounge.com\/wp-content\/uploads\/2023\/03\/airport-smoking-lounge-4.jpg","type":"image\/jpeg"}],"twitter_card":"summary_large_image","twitter_misc":{"Dur\u00e9e de lecture estim\u00e9e":"3 minutes"},"schema":{"@context":"https:\/\/schema.org","@graph":[{"@type":"WebPage","@id":"https:\/\/airportsmokinglounge.com\/smoking-areas-at-chiang-mai-international-airport-cnx\/","url":"https:\/\/airportsmokinglounge.com\/smoking-areas-at-chiang-mai-international-airport-cnx\/","name":"Zones fumeurs \u00e0 l&#039;a\u00e9roport international de Chiang Mai (CNX)","isPartOf":{"@id":"https:\/\/airportsmokinglounge.com\/#website"},"primaryImageOfPage":{"@id":"https:\/\/airportsmokinglounge.com\/smoking-areas-at-chiang-mai-international-airport-cnx\/#primaryimage"},"image":{"@id":"https:\/\/airportsmokinglounge.com\/smoking-areas-at-chiang-mai-international-airport-cnx\/#primaryimage"},"thumbnailUrl":"https:\/\/airportsmokinglounge.com\/wp-content\/uploads\/2023\/03\/airport-smoking-lounge-4.jpg","datePublished":"2023-04-11T08:45:58+00:00","dateModified":"2023-05-16T11:54:48+00:00","description":"Zones fumeurs A\u00e9roport international de Chiang Mai - Trouvez une zone fumeurs \u00e0 l&#039;a\u00e9roport \u2714\ufe0e Guide fumeurs dans les a\u00e9roports pour les voyageurs \u2714\ufe0e","breadcrumb":{"@id":"https:\/\/airportsmokinglounge.com\/smoking-areas-at-chiang-mai-international-airport-cnx\/#breadcrumb"},"inLanguage":"fr-FR","potentialAction":[{"@type":"ReadAction","target":["https:\/\/airportsmokinglounge.com\/smoking-areas-at-chiang-mai-international-airport-cnx\/"]}]},{"@type":"ImageObject","inLanguage":"fr-FR","@id":"https:\/\/airportsmokinglounge.com\/smoking-areas-at-chiang-mai-international-airport-cnx\/#primaryimage","url":"https:\/\/airportsmokinglounge.com\/wp-content\/uploads\/2023\/03\/airport-smoking-lounge-4.jpg","contentUrl":"https:\/\/airportsmokinglounge.com\/wp-content\/uploads\/2023\/03\/airport-smoking-lounge-4.jpg","width":2048,"height":1152,"caption":"Airport Smoking"},{"@type":"BreadcrumbList","@id":"https:\/\/airportsmokinglounge.com\/smoking-areas-at-chiang-mai-international-airport-cnx\/#breadcrumb","itemListElement":[{"@type":"ListItem","position":1,"name":"Home","item":"https:\/\/airportsmokinglounge.com\/"},{"@type":"ListItem","position":2,"name":"Smoking areas at Chiang Mai International Airport (CNX)"}]},{"@type":"WebSite","@id":"https:\/\/airportsmokinglounge.com\/#website","url":"https:\/\/airportsmokinglounge.com\/","name":"airportsmokinglounge.com","description":"","potentialAction":[{"@type":"SearchAction","target":{"@type":"EntryPoint","urlTemplate":"https:\/\/airportsmokinglounge.com\/?s={search_term_string}"},"query-input":{"@type":"PropertyValueSpecification","valueRequired":true,"valueName":"search_term_string"}}],"inLanguage":"fr-FR"}]}},"_links":{"self":[{"href":"https:\/\/airportsmokinglounge.com\/fr\/wp-json\/wp\/v2\/pages\/2160","targetHints":{"allow":["GET"]}}],"collection":[{"href":"https:\/\/airportsmokinglounge.com\/fr\/wp-json\/wp\/v2\/pages"}],"about":[{"href":"https:\/\/airportsmokinglounge.com\/fr\/wp-json\/wp\/v2\/types\/page"}],"author":[{"embeddable":true,"href":"https:\/\/airportsmokinglounge.com\/fr\/wp-json\/wp\/v2\/users\/1"}],"replies":[{"embeddable":true,"href":"https:\/\/airportsmokinglounge.com\/fr\/wp-json\/wp\/v2\/comments?post=2160"}],"version-history":[{"count":5,"href":"https:\/\/airportsmokinglounge.com\/fr\/wp-json\/wp\/v2\/pages\/2160\/revisions"}],"predecessor-version":[{"id":5271,"href":"https:\/\/airportsmokinglounge.com\/fr\/wp-json\/wp\/v2\/pages\/2160\/revisions\/5271"}],"wp:featuredmedia":[{"embeddable":true,"href":"https:\/\/airportsmokinglounge.com\/fr\/wp-json\/wp\/v2\/media\/1199"}],"wp:attachment":[{"href":"https:\/\/airportsmokinglounge.com\/fr\/wp-json\/wp\/v2\/media?parent=2160"}],"curies":[{"name":"wp","href":"https:\/\/api.w.org\/{rel}","templated":true}]}}