{"id":221,"date":"2023-02-28T15:30:48","date_gmt":"2023-02-28T14:30:48","guid":{"rendered":"https:\/\/airportsmokinglounge.com\/?page_id=221"},"modified":"2023-05-22T16:11:36","modified_gmt":"2023-05-22T14:11:36","slug":"smoking-areas-in-canadas-airports","status":"publish","type":"page","link":"https:\/\/airportsmokinglounge.com\/fr\/zones-fumeurs-dans-les-aeroports-canadiens\/","title":{"rendered":"Zones fumeurs dans les a\u00e9roports du Canada"},"content":{"rendered":"<p>Le Canada compte plusieurs a\u00e9roports, allant des petits a\u00e9roports r\u00e9gionaux aux grandes plaques tournantes internationales.<\/p>\n<p>Sur ce site Web, vous pouvez trouver toutes les zones fumeurs dans les a\u00e9roports, y compris les zones fumeurs d\u00e9sign\u00e9es et les installations disponibles. Nous comprenons la frustration de passer par la s\u00e9curit\u00e9 pour constater qu&#039;il n&#039;y a pas de zones fumeurs nulle part et dans certains cas, les cigarettes \u00e9lectroniques peuvent ne pas \u00eatre autoris\u00e9es.<\/p>\n<p>Ce service s&#039;adresse \u00e0 tous les fumeurs qui souhaitent profiter d&#039;une cigarette avant ou apr\u00e8s de longs vols.<\/p>\n<h2>A\u00e9roports au Canada<\/h2>\n<ul style=\"list-style-type: circle;\">\n<li><a href=\"https:\/\/airportsmokinglounge.com\/fr\/zones-fumeurs-a-l-aeroport-international-pearson-de-toronto-yyz\/\">TORONTO \u2013 A\u00c9ROPORT INTERNATIONAL LESTER B. PEARSON (YYZ)<\/a><\/li>\n<li><a href=\"https:\/\/airportsmokinglounge.com\/fr\/espaces-fumeurs-a-l-aeroport-international-de-montreal-yul\/\">MONTR\u00c9AL \/ A\u00c9ROPORT INTERNATIONAL PIERRE ELLIOTT TRUDEAU (YUL)<\/a><\/li>\n<li><a href=\"https:\/\/airportsmokinglounge.com\/fr\/zones-fumeurs-a-laeroport-international-de-vancouver-yvr\/\">A\u00c9ROPORT INTERNATIONAL DE VANCOUVER (YVR)<\/a><\/li>\n<li><a href=\"https:\/\/airportsmokinglounge.com\/fr\/zones-fumeurs-a-l-aeroport-international-de-calgary-yyc\/\">A\u00c9ROPORT INTERNATIONAL DE CALGARY (YYC)<\/a><\/li>\n<li><a href=\"https:\/\/airportsmokinglounge.com\/fr\/zones-fumeurs-a-l-aeroport-international-d-edmonton-yeg\/\">A\u00c9ROPORT INTERNATIONAL D&#039;EDMONTON (YEG)<\/a><\/li>\n<li><a href=\"https:\/\/airportsmokinglounge.com\/fr\/zones-fumeurs-a-l-aeroport-international-stanfield-d-halifax-yhz\/\">A\u00c9ROPORT INTERNATIONAL D&#039;HALIFAX \/ STANFIELD (YHZ)<\/a><\/li>\n<li><a href=\"https:\/\/airportsmokinglounge.com\/fr\/zones-fumeurs-a-l-aeroport-international-d-ottawa-yow\/\">A\u00c9ROPORT INTERNATIONAL MACDONALD-CARTIER D&#039;OTTAWA (YOW)<\/a><\/li>\n<li><a href=\"https:\/\/airportsmokinglounge.com\/fr\/zones-fumeurs-a-l-aeroport-international-de-winnipeg-ywg\/\">A\u00c9ROPORT INTERNATIONAL WINNIPEG\/JAMES ARMSTRONG RICHARDSON (YWG)<\/a><\/li>\n<li><a href=\"https:\/\/airportsmokinglounge.com\/fr\/zones-fumeurs-a-laeroport-international-de-st-johns-yyt\/\">ST. A\u00c9ROPORT INTERNATIONAL JOHN (YYT)<\/a><\/li>\n<li><a href=\"https:\/\/airportsmokinglounge.com\/fr\/zones-fumeurs-a-laeroport-international-de-victoria-yyj\/\">A\u00c9ROPORT INTERNATIONAL DE VICTORIA (YYJ)<\/a><\/li>\n<li><a href=\"https:\/\/airportsmokinglounge.com\/fr\/zones-fumeurs-a-laeroport-international-de-quebec-yqb\/\">A\u00c9ROPORT INTERNATIONAL JEAN-LESAGE DE QU\u00c9BEC (YQB)<\/a><\/li>\n<li><a href=\"https:\/\/airportsmokinglounge.com\/fr\/zones-fumeurs-a-laeroport-de-yellowknife-yzf\/\">A\u00c9ROPORT DE YELLOWKNIFE (YZF)<\/a><\/li>\n<li><a href=\"https:\/\/airportsmokinglounge.com\/fr\/zones-fumeurs-a-l-aeroport-international-de-kelowna-ylw\/\">A\u00c9ROPORT INTERNATIONAL DE KELOWNA (YLW)<\/a><\/li>\n<li><a href=\"https:\/\/airportsmokinglounge.com\/fr\/zones-fumeurs-a-l-aeroport-sept-iles-yzv\/\">A\u00c9ROPORT DE SEPT-\u00ceLES (YZV)<\/a><\/li>\n<li><a href=\"https:\/\/airportsmokinglounge.com\/fr\/zones-fumeurs-a-l-aeroport-international-du-grand-moncton-yqm\/\">A\u00c9ROPORT INTERNATIONAL DU GRAND MONCTON (YQM)<\/a><\/li>\n<li><a href=\"https:\/\/airportsmokinglounge.com\/fr\/zones-fumeurs-a-thunder-bay-airport-yqt\/\">A\u00c9ROPORT DE THUNDER BAY (YQT)<\/a><\/li>\n<li><a href=\"https:\/\/airportsmokinglounge.com\/fr\/zones-fumeurs-a-laeroport-de-wabush-ywk\/\">A\u00c9ROPORT DE WABUSH (YWK)<\/a><\/li>\n<li><a href=\"https:\/\/airportsmokinglounge.com\/fr\/zones-fumeurs-a-l-aeroport-international-john-g-diefenbaker-de-saskatoon-yxe\/\">A\u00c9ROPORT INTERNATIONAL JOHN G. DIEFENBAKER DE SASKATOON (YXE)<\/a><\/li>\n<\/ul>\n<h2>Loi canadienne sur le tabagisme<\/h2>\n<p>Le Canada a mis en place des r\u00e8glements sur le tabagisme aux niveaux f\u00e9d\u00e9ral et provincial\/territorial afin de prot\u00e9ger la sant\u00e9 publique et de r\u00e9duire l&#039;usage du tabac. Cependant, veuillez noter que les lois et r\u00e8glements sur le tabagisme peuvent varier d&#039;une province et d&#039;un territoire \u00e0 l&#039;autre au Canada. Il est donc conseill\u00e9 de consulter les lois sp\u00e9cifiques de la province ou du territoire qui vous int\u00e9resse pour obtenir les informations les plus r\u00e9centes.<\/p>\n<p>Au niveau f\u00e9d\u00e9ral, le Canada a mis en \u0153uvre la Loi sur le tabac et les produits de vapotage (LTPV) pour r\u00e9glementer la fabrication, la vente, l&#039;\u00e9tiquetage et la promotion des produits du tabac et de vapotage. En vertu de la TVPA, il est g\u00e9n\u00e9ralement interdit de fumer dans certains lieux publics int\u00e9rieurs, y compris les \u00e9difices gouvernementaux, les \u00e9tablissements de sant\u00e9, les \u00e9tablissements d&#039;enseignement et les transports publics relevant de la comp\u00e9tence f\u00e9d\u00e9rale. La loi interdit \u00e9galement de fumer dans les zones proches des entr\u00e9es et des sorties des b\u00e2timents f\u00e9d\u00e9raux, ainsi que sur les vols des compagnies a\u00e9riennes commerciales.<\/p>\n<p>Cependant, la r\u00e9glementation sur le tabagisme peut varier d&#039;une province et d&#039;un territoire \u00e0 l&#039;autre. De nombreuses provinces et territoires ont promulgu\u00e9 leur propre l\u00e9gislation antitabac, qui peut inclure des restrictions suppl\u00e9mentaires sur le tabagisme dans les lieux publics, les lieux de travail, les restaurants, les bars et autres lieux. Certaines juridictions ont mis en place des lois antitabac compl\u00e8tes qui interdisent de fumer dans les lieux publics int\u00e9rieurs, tandis que d&#039;autres peuvent avoir des restrictions plus limit\u00e9es ou autoriser des zones fumeurs d\u00e9sign\u00e9es dans certains \u00e9tablissements.<\/p>\n<p>L&#039;\u00e2ge l\u00e9gal minimum pour acheter et poss\u00e9der des produits du tabac varie \u00e9galement selon la province ou le territoire, la plupart le fixant \u00e0 19 ans. Cependant, certaines provinces l&#039;ont port\u00e9 \u00e0 21 ans.<\/p>\n<p>L&#039;application des lois antitabac est g\u00e9n\u00e9ralement supervis\u00e9e par les autorit\u00e9s provinciales\/territoriales comp\u00e9tentes, et les violations peuvent entra\u00eener des amendes ou d&#039;autres sanctions sp\u00e9cifiques \u00e0 la juridiction.<\/p>\n<p>Pour obtenir les informations les plus pr\u00e9cises et les plus r\u00e9centes sur les lois sur le tabagisme au Canada, il est recommand\u00e9 de consulter les lois de la province ou du territoire qui vous int\u00e9resse ou de contacter les autorit\u00e9s locales ou les organismes de sant\u00e9.<\/p>\n<p><strong>Plus de zones fumeurs \u00e0 l&#039;a\u00e9roport\u00a0<\/strong><\/p>\n<ul>\n<li><a href=\"https:\/\/airportsmokinglounge.com\/fr\/fumer-dans-les-aeroports-d-amerique-du-nord\/\">Am\u00e9rique du Nord<\/a><\/li>\n<li><a href=\"https:\/\/airportsmokinglounge.com\/fr\/fumer-dans-les-aeroports-d-amerique-du-sud\/\">Am\u00e9rique du Sud<\/a><\/li>\n<li><a href=\"https:\/\/airportsmokinglounge.com\/fr\/espaces-fumeurs-dans-les-aeroports-europeens\/\">L&#039;Europe \uf0d7<\/a><\/li>\n<li><a href=\"https:\/\/airportsmokinglounge.com\/fr\/fumer-dans-les-aeroports-en-asie\/\">Asie<\/a><\/li>\n<li><a href=\"https:\/\/airportsmokinglounge.com\/fr\/fumer-dans-les-aeroports-en-oceanie\/\">Oc\u00e9anie<\/a><\/li>\n<\/ul>","protected":false},"excerpt":{"rendered":"<p>Le Canada poss\u00e8de plusieurs a\u00e9roports, allant des petits a\u00e9roports r\u00e9gionaux aux plus grandes plaques tournantes internationales. Sur ce site Web, vous trouverez toutes les zones fumeurs dans les a\u00e9roports, y compris les zones fumeurs d\u00e9sign\u00e9es et les installations disponibles. Nous comprenons la frustration de passer les contr\u00f4les de s\u00e9curit\u00e9 pour constater qu&#039;il n&#039;y a aucune zone fumeurs nulle part et que, dans certains cas, les cigarettes \u00e9lectroniques peuvent...&nbsp;<a href=\"https:\/\/airportsmokinglounge.com\/fr\/zones-fumeurs-dans-les-aeroports-canadiens\/\" rel=\"bookmark\">En savoir plus &quot;<span class=\"screen-reader-text\">Zones fumeurs dans les a\u00e9roports du Canada<\/span><\/a><\/p>","protected":false},"author":1,"featured_media":1199,"parent":0,"menu_order":0,"comment_status":"closed","ping_status":"closed","template":"","meta":{"neve_meta_sidebar":"","neve_meta_container":"","neve_meta_enable_content_width":"off","neve_meta_content_width":100,"neve_meta_title_alignment":"","neve_meta_author_avatar":"","neve_post_elements_order":"","neve_meta_disable_header":"","neve_meta_disable_footer":"","neve_meta_disable_title":"","neve_meta_reading_time":"","footnotes":""},"class_list":["post-221","page","type-page","status-publish","has-post-thumbnail","hentry"],"yoast_head":"<!-- This site is optimized with the Yoast SEO plugin v26.6 - https:\/\/yoast.com\/wordpress\/plugins\/seo\/ -->\n<title>Smoking areas in Canada&#039;s airports - airportsmokinglounge.com<\/title>\n<meta name=\"description\" content=\"Smoking areas at Canada&#039;s airports - Find Your Next Smoke Break Spot \u2714\ufe0e - Your Ultimate Guide to Finding a Place to Smoke at the airport \u2714\ufe0e\" \/>\n<meta name=\"robots\" content=\"index, follow, max-snippet:-1, max-image-preview:large, max-video-preview:-1\" \/>\n<link rel=\"canonical\" href=\"https:\/\/airportsmokinglounge.com\/fr\/zones-fumeurs-dans-les-aeroports-canadiens\/\" \/>\n<meta property=\"og:locale\" content=\"fr_FR\" \/>\n<meta property=\"og:type\" content=\"article\" \/>\n<meta property=\"og:title\" content=\"Smoking areas in Canada&#039;s airports - airportsmokinglounge.com\" \/>\n<meta property=\"og:description\" content=\"Smoking areas at Canada&#039;s airports - Find Your Next Smoke Break Spot \u2714\ufe0e - Your Ultimate Guide to Finding a Place to Smoke at the airport \u2714\ufe0e\" \/>\n<meta property=\"og:url\" content=\"https:\/\/airportsmokinglounge.com\/fr\/zones-fumeurs-dans-les-aeroports-canadiens\/\" \/>\n<meta property=\"og:site_name\" content=\"airportsmokinglounge.com\" \/>\n<meta property=\"article:modified_time\" content=\"2023-05-22T14:11:36+00:00\" \/>\n<meta property=\"og:image\" content=\"https:\/\/airportsmokinglounge.com\/wp-content\/uploads\/2023\/03\/airport-smoking-lounge-4.jpg\" \/>\n\t<meta property=\"og:image:width\" content=\"2048\" \/>\n\t<meta property=\"og:image:height\" content=\"1152\" \/>\n\t<meta property=\"og:image:type\" content=\"image\/jpeg\" \/>\n<meta name=\"twitter:card\" content=\"summary_large_image\" \/>\n<meta name=\"twitter:label1\" content=\"Dur\u00e9e de lecture estim\u00e9e\" \/>\n\t<meta name=\"twitter:data1\" content=\"3 minutes\" \/>\n<script type=\"application\/ld+json\" class=\"yoast-schema-graph\">{\"@context\":\"https:\/\/schema.org\",\"@graph\":[{\"@type\":\"WebPage\",\"@id\":\"https:\/\/airportsmokinglounge.com\/smoking-areas-in-canadas-airports\/\",\"url\":\"https:\/\/airportsmokinglounge.com\/smoking-areas-in-canadas-airports\/\",\"name\":\"Smoking areas in Canada's airports - airportsmokinglounge.com\",\"isPartOf\":{\"@id\":\"https:\/\/airportsmokinglounge.com\/#website\"},\"primaryImageOfPage\":{\"@id\":\"https:\/\/airportsmokinglounge.com\/smoking-areas-in-canadas-airports\/#primaryimage\"},\"image\":{\"@id\":\"https:\/\/airportsmokinglounge.com\/smoking-areas-in-canadas-airports\/#primaryimage\"},\"thumbnailUrl\":\"https:\/\/airportsmokinglounge.com\/wp-content\/uploads\/2023\/03\/airport-smoking-lounge-4.jpg\",\"datePublished\":\"2023-02-28T14:30:48+00:00\",\"dateModified\":\"2023-05-22T14:11:36+00:00\",\"description\":\"Smoking areas at Canada's airports - Find Your Next Smoke Break Spot \u2714\ufe0e - Your Ultimate Guide to Finding a Place to Smoke at the airport \u2714\ufe0e\",\"breadcrumb\":{\"@id\":\"https:\/\/airportsmokinglounge.com\/smoking-areas-in-canadas-airports\/#breadcrumb\"},\"inLanguage\":\"fr-FR\",\"potentialAction\":[{\"@type\":\"ReadAction\",\"target\":[\"https:\/\/airportsmokinglounge.com\/smoking-areas-in-canadas-airports\/\"]}]},{\"@type\":\"ImageObject\",\"inLanguage\":\"fr-FR\",\"@id\":\"https:\/\/airportsmokinglounge.com\/smoking-areas-in-canadas-airports\/#primaryimage\",\"url\":\"https:\/\/airportsmokinglounge.com\/wp-content\/uploads\/2023\/03\/airport-smoking-lounge-4.jpg\",\"contentUrl\":\"https:\/\/airportsmokinglounge.com\/wp-content\/uploads\/2023\/03\/airport-smoking-lounge-4.jpg\",\"width\":2048,\"height\":1152,\"caption\":\"Airport Smoking\"},{\"@type\":\"BreadcrumbList\",\"@id\":\"https:\/\/airportsmokinglounge.com\/smoking-areas-in-canadas-airports\/#breadcrumb\",\"itemListElement\":[{\"@type\":\"ListItem\",\"position\":1,\"name\":\"Home\",\"item\":\"https:\/\/airportsmokinglounge.com\/\"},{\"@type\":\"ListItem\",\"position\":2,\"name\":\"Smoking areas in Canada&#8217;s airports\"}]},{\"@type\":\"WebSite\",\"@id\":\"https:\/\/airportsmokinglounge.com\/#website\",\"url\":\"https:\/\/airportsmokinglounge.com\/\",\"name\":\"airportsmokinglounge.com\",\"description\":\"\",\"potentialAction\":[{\"@type\":\"SearchAction\",\"target\":{\"@type\":\"EntryPoint\",\"urlTemplate\":\"https:\/\/airportsmokinglounge.com\/?s={search_term_string}\"},\"query-input\":{\"@type\":\"PropertyValueSpecification\",\"valueRequired\":true,\"valueName\":\"search_term_string\"}}],\"inLanguage\":\"fr-FR\"}]}<\/script>\n<!-- \/ Yoast SEO plugin. -->","yoast_head_json":{"title":"Zones fumeurs dans les a\u00e9roports du Canada - airportsmokinglounge.com","description":"Zones fumeurs dans les a\u00e9roports du Canada - Trouvez votre prochain endroit pour fumer \u2714\ufe0e - Votre guide ultime pour trouver un endroit o\u00f9 fumer \u00e0 l&#039;a\u00e9roport \u2714\ufe0e","robots":{"index":"index","follow":"follow","max-snippet":"max-snippet:-1","max-image-preview":"max-image-preview:large","max-video-preview":"max-video-preview:-1"},"canonical":"https:\/\/airportsmokinglounge.com\/fr\/zones-fumeurs-dans-les-aeroports-canadiens\/","og_locale":"fr_FR","og_type":"article","og_title":"Smoking areas in Canada's airports - airportsmokinglounge.com","og_description":"Smoking areas at Canada's airports - Find Your Next Smoke Break Spot \u2714\ufe0e - Your Ultimate Guide to Finding a Place to Smoke at the airport \u2714\ufe0e","og_url":"https:\/\/airportsmokinglounge.com\/fr\/zones-fumeurs-dans-les-aeroports-canadiens\/","og_site_name":"airportsmokinglounge.com","article_modified_time":"2023-05-22T14:11:36+00:00","og_image":[{"width":2048,"height":1152,"url":"https:\/\/airportsmokinglounge.com\/wp-content\/uploads\/2023\/03\/airport-smoking-lounge-4.jpg","type":"image\/jpeg"}],"twitter_card":"summary_large_image","twitter_misc":{"Dur\u00e9e de lecture estim\u00e9e":"3 minutes"},"schema":{"@context":"https:\/\/schema.org","@graph":[{"@type":"WebPage","@id":"https:\/\/airportsmokinglounge.com\/smoking-areas-in-canadas-airports\/","url":"https:\/\/airportsmokinglounge.com\/smoking-areas-in-canadas-airports\/","name":"Zones fumeurs dans les a\u00e9roports du Canada - airportsmokinglounge.com","isPartOf":{"@id":"https:\/\/airportsmokinglounge.com\/#website"},"primaryImageOfPage":{"@id":"https:\/\/airportsmokinglounge.com\/smoking-areas-in-canadas-airports\/#primaryimage"},"image":{"@id":"https:\/\/airportsmokinglounge.com\/smoking-areas-in-canadas-airports\/#primaryimage"},"thumbnailUrl":"https:\/\/airportsmokinglounge.com\/wp-content\/uploads\/2023\/03\/airport-smoking-lounge-4.jpg","datePublished":"2023-02-28T14:30:48+00:00","dateModified":"2023-05-22T14:11:36+00:00","description":"Zones fumeurs dans les a\u00e9roports du Canada - Trouvez votre prochain endroit pour fumer \u2714\ufe0e - Votre guide ultime pour trouver un endroit o\u00f9 fumer \u00e0 l&#039;a\u00e9roport \u2714\ufe0e","breadcrumb":{"@id":"https:\/\/airportsmokinglounge.com\/smoking-areas-in-canadas-airports\/#breadcrumb"},"inLanguage":"fr-FR","potentialAction":[{"@type":"ReadAction","target":["https:\/\/airportsmokinglounge.com\/smoking-areas-in-canadas-airports\/"]}]},{"@type":"ImageObject","inLanguage":"fr-FR","@id":"https:\/\/airportsmokinglounge.com\/smoking-areas-in-canadas-airports\/#primaryimage","url":"https:\/\/airportsmokinglounge.com\/wp-content\/uploads\/2023\/03\/airport-smoking-lounge-4.jpg","contentUrl":"https:\/\/airportsmokinglounge.com\/wp-content\/uploads\/2023\/03\/airport-smoking-lounge-4.jpg","width":2048,"height":1152,"caption":"Airport Smoking"},{"@type":"BreadcrumbList","@id":"https:\/\/airportsmokinglounge.com\/smoking-areas-in-canadas-airports\/#breadcrumb","itemListElement":[{"@type":"ListItem","position":1,"name":"Home","item":"https:\/\/airportsmokinglounge.com\/"},{"@type":"ListItem","position":2,"name":"Smoking areas in Canada&#8217;s airports"}]},{"@type":"WebSite","@id":"https:\/\/airportsmokinglounge.com\/#website","url":"https:\/\/airportsmokinglounge.com\/","name":"airportsmokinglounge.com","description":"","potentialAction":[{"@type":"SearchAction","target":{"@type":"EntryPoint","urlTemplate":"https:\/\/airportsmokinglounge.com\/?s={search_term_string}"},"query-input":{"@type":"PropertyValueSpecification","valueRequired":true,"valueName":"search_term_string"}}],"inLanguage":"fr-FR"}]}},"_links":{"self":[{"href":"https:\/\/airportsmokinglounge.com\/fr\/wp-json\/wp\/v2\/pages\/221","targetHints":{"allow":["GET"]}}],"collection":[{"href":"https:\/\/airportsmokinglounge.com\/fr\/wp-json\/wp\/v2\/pages"}],"about":[{"href":"https:\/\/airportsmokinglounge.com\/fr\/wp-json\/wp\/v2\/types\/page"}],"author":[{"embeddable":true,"href":"https:\/\/airportsmokinglounge.com\/fr\/wp-json\/wp\/v2\/users\/1"}],"replies":[{"embeddable":true,"href":"https:\/\/airportsmokinglounge.com\/fr\/wp-json\/wp\/v2\/comments?post=221"}],"version-history":[{"count":10,"href":"https:\/\/airportsmokinglounge.com\/fr\/wp-json\/wp\/v2\/pages\/221\/revisions"}],"predecessor-version":[{"id":5669,"href":"https:\/\/airportsmokinglounge.com\/fr\/wp-json\/wp\/v2\/pages\/221\/revisions\/5669"}],"wp:featuredmedia":[{"embeddable":true,"href":"https:\/\/airportsmokinglounge.com\/fr\/wp-json\/wp\/v2\/media\/1199"}],"wp:attachment":[{"href":"https:\/\/airportsmokinglounge.com\/fr\/wp-json\/wp\/v2\/media?parent=221"}],"curies":[{"name":"wp","href":"https:\/\/api.w.org\/{rel}","templated":true}]}}