{"id":224,"date":"2023-02-28T15:48:45","date_gmt":"2023-02-28T14:48:45","guid":{"rendered":"https:\/\/airportsmokinglounge.com\/?page_id=224"},"modified":"2023-05-21T21:52:19","modified_gmt":"2023-05-21T19:52:19","slug":"smoking-areas-in-united-states-airports","status":"publish","type":"page","link":"https:\/\/airportsmokinglounge.com\/fr\/zones-fumeurs-dans-les-aeroports-des-etats-unis\/","title":{"rendered":"Zones fumeurs dans les a\u00e9roports des \u00c9tats-Unis"},"content":{"rendered":"<p>Les \u00c9tats-Unis d&#039;Am\u00e9rique disposent de plusieurs a\u00e9roports, allant des petits a\u00e9roports r\u00e9gionaux aux grands hubs internationaux.<\/p>\n<p>Sur ce site Web, vous pouvez trouver toutes les zones fumeurs dans les a\u00e9roports, y compris les zones fumeurs d\u00e9sign\u00e9es et les installations disponibles. Nous comprenons la frustration de passer par la s\u00e9curit\u00e9 pour constater qu&#039;il n&#039;y a pas de zones fumeurs nulle part et dans certains cas, les cigarettes \u00e9lectroniques peuvent ne pas \u00eatre autoris\u00e9es.<\/p>\n<p>Ce service s&#039;adresse \u00e0 tous les fumeurs qui souhaitent profiter d&#039;une cigarette avant ou apr\u00e8s de longs vols.<\/p>\n<h2>A\u00e9roports aux \u00c9tats-Unis d&#039;Am\u00e9rique<\/h2>\n<ul style=\"list-style-type: circle;\">\n<li><a href=\"https:\/\/airportsmokinglounge.com\/fr\/zones-fumeurs-a-l-aeroport-john-f-kennedy-de-new-york-jfk\/\">NEW YORK \u2013 A\u00c9ROPORT INTERNATIONAL JOHN F. KENNEDY (JFK)<\/a><\/li>\n<li><a href=\"https:\/\/airportsmokinglounge.com\/fr\/zones-fumeurs-a-laeroport-international-de-los-angeles-lax\/\">A\u00c9ROPORT INTERNATIONAL DE LOS ANGELES (LAX)<\/a><\/li>\n<li><a href=\"https:\/\/airportsmokinglounge.com\/fr\/zones-fumeurs-de-l-aeroport-international-de-chicago-ohare-ord\/\">A\u00c9ROPORT INTERNATIONAL DE CHICAGO O&#039;HARE (ORD)<\/a><\/li>\n<li><a href=\"https:\/\/airportsmokinglounge.com\/fr\/zones-fumeurs-a-laeroport-international-de-miami-mia\/\">A\u00c9ROPORT INTERNATIONAL DE MIAMI (MIA)<\/a><\/li>\n<li><a href=\"https:\/\/airportsmokinglounge.com\/fr\/zones-fumeurs-a-laeroport-international-de-daytona-beach-dab\/\">A\u00c9ROPORT INTERNATIONAL DE DAYTONA BEACH (DAB)<\/a><\/li>\n<li><a href=\"https:\/\/airportsmokinglounge.com\/fr\/zones-fumeurs-a-l-aeroport-international-de-san-francisco-sfo\/\">A\u00c9ROPORT INTERNATIONAL DE SAN FRANCISCO (SFO)<\/a><\/li>\n<li><a href=\"https:\/\/airportsmokinglounge.com\/fr\/espaces-fumeurs-a-l-aeroport-international-de-washington-iad\/\">A\u00c9ROPORT INTERNATIONAL DE WASHINGTON-DULLES (IAD)<\/a><\/li>\n<li><a href=\"https:\/\/airportsmokinglounge.com\/fr\/zones-fumeurs-a-laeroport-international-d-atlanta-hartsfield-atl\/\">A\u00c9ROPORT INTERNATIONAL D&#039;ATLANTA HARTSFIELD JACKSON (ATL)<\/a><\/li>\n<li><a href=\"https:\/\/airportsmokinglounge.com\/fr\/zones-fumeurs-a-laeroport-international-newark-liberty-ewr\/\">A\u00c9ROPORT INTERNATIONAL LIBERT\u00c9 DE NEWARK (EWR)<\/a><\/li>\n<li><a href=\"https:\/\/airportsmokinglounge.com\/fr\/zones-fumeurs-a-l-aeroport-international-d-orlando-mco\/\">A\u00c9ROPORT INTERNATIONAL D&#039;ORLANDO (MCO)<\/a><\/li>\n<li><a href=\"https:\/\/airportsmokinglounge.com\/fr\/zones-fumeurs-a-laeroport-international-de-boston-bos\/\">BOSTON \u2013 A\u00c9ROPORT INTERNATIONAL G\u00c9N\u00c9RAL EDWARD LAWRENCE LOGAN (BOS)<\/a><\/li>\n<li><a href=\"https:\/\/airportsmokinglounge.com\/fr\/zones-fumeurs-a-laeroport-international-de-las-vegas-las\/\">LAS VEGAS \u2013 A\u00c9ROPORT INTERNATIONAL MCCARRAN (LAS)<\/a><\/li>\n<li><a href=\"https:\/\/airportsmokinglounge.com\/fr\/zones-fumeurs-a-l-aeroport-international-de-seattle-tacoma-mer\/\">A\u00c9ROPORT INTERNATIONAL DE SEATTLE TACOMA (MER)<\/a><\/li>\n<li><a href=\"https:\/\/airportsmokinglounge.com\/fr\/zones-fumeurs-a-l-aeroport-louis-armstrong-de-la-nouvelle-orleans-msy\/\">A\u00c9ROPORT INTERNATIONAL LOUIS ARMSTRONG DE LA NOUVELLE-ORL\u00c9ANS (MSY)<\/a><\/li>\n<li><a href=\"https:\/\/airportsmokinglounge.com\/fr\/zones-fumeurs-a-laeroport-international-de-dallas-forth-worth-dfw\/\">A\u00c9ROPORT INTERNATIONAL DE DALLAS FORT WORTH (DFW)<\/a><\/li>\n<li><a href=\"https:\/\/airportsmokinglounge.com\/fr\/zones-fumeurs-a-laeroport-houston-george-bush-iah\/\">A\u00c9ROPORT INTERCONTINENTAL DE HOUSTON GEORGE BUSH (IAH)<\/a><\/li>\n<li><a href=\"https:\/\/airportsmokinglounge.com\/fr\/zones-fumeurs-a-laeroport-international-de-san-diego-san\/\">A\u00c9ROPORT INTERNATIONAL DE SAN DIEGO (SAN)<\/a><\/li>\n<li><a href=\"https:\/\/airportsmokinglounge.com\/fr\/zones-fumeurs-a-laeroport-international-dhonolulu-hnl\/\">HONOLULU \u2013 A\u00c9ROPORT INTERNATIONAL DANIEL K INOUYE (HNL)<\/a><\/li>\n<li><a href=\"https:\/\/airportsmokinglounge.com\/fr\/zones-fumeurs-a-laeroport-international-de-fort-lauderdale-fll\/\">A\u00c9ROPORT INTERNATIONAL DE FORT LAUDERDALE HOLLYWOOD (FLL)<\/a><\/li>\n<li><a href=\"https:\/\/airportsmokinglounge.com\/fr\/zones-fumeurs-a-laeroport-international-de-phoenix-phx\/\">A\u00c9ROPORT INTERNATIONAL DE PHOENIX SKY HARBOUR (PHX)<\/a><\/li>\n<li><a href=\"https:\/\/airportsmokinglounge.com\/fr\/zones-fumeurs-a-laeroport-international-de-denver-den\/\">A\u00c9ROPORT INTERNATIONAL DE DENVER (DEN)<\/a><\/li>\n<li><a href=\"https:\/\/airportsmokinglounge.com\/fr\/zones-fumeurs-detroit-metropolitan-airport-dtw\/\">A\u00c9ROPORT METROPOLITAN WAYNE COUNTRY DE DETROIT (DTW)<\/a><\/li>\n<li><a href=\"https:\/\/airportsmokinglounge.com\/fr\/zones-fumeurs-a-laeroport-international-de-tampa-tpa\/\">A\u00c9ROPORT INTERNATIONAL DE TAMPA (TPA)<\/a><\/li>\n<li><a href=\"https:\/\/airportsmokinglounge.com\/fr\/zones-fumeurs-a-laeroport-international-de-philadelphie-phl\/\">A\u00c9ROPORT INTERNATIONAL DE PHILADELPHIE (PHL)<\/a><\/li>\n<li><a href=\"https:\/\/airportsmokinglounge.com\/fr\/zones-fumeurs-a-laeroport-international-austin-bergstrom-aus\/\">A\u00c9ROPORT INTERNATIONAL AUSTIN BERGSTROM (AUS)<\/a><\/li>\n<li><a href=\"https:\/\/airportsmokinglounge.com\/fr\/zones-fumeurs-a-laeroport-international-de-raleigh-durham-rdu\/\">A\u00c9ROPORT INTERNATIONAL RALEIGH-DURHAM (RDU)<\/a><\/li>\n<li><a href=\"https:\/\/airportsmokinglounge.com\/fr\/zones-fumeurs-a-fort-mayers-southwest-florida-international-airport-rsw\/\">FORT MAYERS \u2013 A\u00c9ROPORT INTERNATIONAL DU SUD-OUEST DE LA FLORIDE (RSW)<\/a><\/li>\n<li><a href=\"https:\/\/airportsmokinglounge.com\/fr\/zones-fumeurs-a-laeroport-international-de-minneapolis-msp\/\">A\u00c9ROPORT INTERNATIONAL DE MINNEAPOLIS-ST PAUL\/WOLD-CHAMBERLAIN (MSP)<\/a><\/li>\n<li><a href=\"https:\/\/airportsmokinglounge.com\/fr\/zones-fumeurs-a-laeroport-international-de-charlotte-clt\/\">A\u00c9ROPORT INTERNATIONAL CHARLOTTE DOUGLAS (CLT)<\/a><\/li>\n<li><a href=\"https:\/\/airportsmokinglounge.com\/fr\/zones-fumeurs-a-laeroport-international-de-baltimore-washington-bwi\/\">A\u00c9ROPORT INTERNATIONAL DE BALTIMORE\/WASHINGTON (IBB)<\/a><\/li>\n<li><a href=\"https:\/\/airportsmokinglounge.com\/fr\/zones-fumeurs-a-laeroport-international-de-st-louis-stl\/\">A\u00c9ROPORT INTERNATIONAL SAINT-LOUIS LAMBERT (STL)<\/a><\/li>\n<\/ul>\n<h2>Loi sur le tabagisme aux \u00c9tats-Unis d&#039;Am\u00e9rique<\/h2>\n<p>Les \u00c9tats-Unis ont mis en place des r\u00e9glementations antitabac aux niveaux f\u00e9d\u00e9ral et \u00e9tatique pour prot\u00e9ger la sant\u00e9 publique et r\u00e9duire la consommation de tabac. Cependant, veuillez noter que les lois et r\u00e9glementations sur le tabagisme peuvent varier selon les \u00c9tats et les juridictions locales aux \u00c9tats-Unis. Il est donc conseill\u00e9 de se r\u00e9f\u00e9rer aux lois sp\u00e9cifiques de l&#039;\u00c9tat ou de la localit\u00e9 qui vous int\u00e9resse pour obtenir les informations les plus r\u00e9centes.<\/p>\n<p>Au niveau f\u00e9d\u00e9ral, il est g\u00e9n\u00e9ralement interdit de fumer dans certains lieux publics int\u00e9rieurs en vertu des r\u00e9glementations du D\u00e9partement am\u00e9ricain de la sant\u00e9 et des services sociaux. Il s&#039;agit notamment des \u00e9difices gouvernementaux, des \u00e9tablissements de soins de sant\u00e9, des \u00e9tablissements d&#039;enseignement qui re\u00e7oivent un financement f\u00e9d\u00e9ral et des transports en commun de comp\u00e9tence f\u00e9d\u00e9rale. De plus, la loi f\u00e9d\u00e9rale interdit de fumer sur les vols des compagnies a\u00e9riennes commerciales et dans certains v\u00e9hicules du gouvernement f\u00e9d\u00e9ral.<\/p>\n<p>Cependant, les r\u00e9glementations antitabac peuvent varier consid\u00e9rablement entre les \u00c9tats et les localit\u00e9s des \u00c9tats-Unis. De nombreux \u00c9tats ont promulgu\u00e9 leurs propres lois et r\u00e9glementations concernant le tabagisme dans les lieux publics, les lieux de travail, les restaurants, les bars et autres lieux. Certains \u00c9tats ont mis en place des lois antitabac compl\u00e8tes qui interdisent de fumer dans les lieux publics int\u00e9rieurs, tandis que d&#039;autres peuvent avoir des restrictions plus limit\u00e9es ou autoriser des zones fumeurs d\u00e9sign\u00e9es dans certains \u00e9tablissements.<\/p>\n<p>L&#039;\u00e2ge l\u00e9gal minimum pour acheter et poss\u00e9der des produits du tabac varie \u00e9galement selon les \u00c9tats, la plupart des \u00c9tats le fixant \u00e0 18 ans, tandis que certains l&#039;ont port\u00e9 \u00e0 21 ans conform\u00e9ment \u00e0 la l\u00e9gislation f\u00e9d\u00e9rale connue sous le nom de loi sur le tabac 21.<\/p>\n<p>L&#039;application des lois sur le tabagisme est g\u00e9n\u00e9ralement supervis\u00e9e par les autorit\u00e9s nationales ou locales comp\u00e9tentes, et les violations peuvent entra\u00eener des amendes ou d&#039;autres sanctions sp\u00e9cifiques \u00e0 la juridiction.<\/p>\n<p>Pour obtenir les informations les plus pr\u00e9cises et les plus r\u00e9centes sur les lois antitabac aux \u00c9tats-Unis, il est recommand\u00e9 de consulter les lois de l&#039;\u00c9tat ou de la localit\u00e9 qui vous int\u00e9resse ou de contacter les autorit\u00e9s locales ou les organismes de sant\u00e9.<\/p>\n<p><strong>Plus de zones fumeurs \u00e0 l&#039;a\u00e9roport\u00a0<\/strong><\/p>\n<ul>\n<li><a href=\"https:\/\/airportsmokinglounge.com\/fr\/fumer-dans-les-aeroports-d-amerique-du-nord\/\">Am\u00e9rique du Nord<\/a><\/li>\n<li><a href=\"https:\/\/airportsmokinglounge.com\/fr\/fumer-dans-les-aeroports-d-amerique-du-sud\/\">Am\u00e9rique du Sud<\/a><\/li>\n<li><a href=\"https:\/\/airportsmokinglounge.com\/fr\/espaces-fumeurs-dans-les-aeroports-europeens\/\">L&#039;Europe \uf0d7<\/a><\/li>\n<li><a href=\"https:\/\/airportsmokinglounge.com\/fr\/fumer-dans-les-aeroports-en-asie\/\">Asie<\/a><\/li>\n<li><a href=\"https:\/\/airportsmokinglounge.com\/fr\/fumer-dans-les-aeroports-en-oceanie\/\">Oc\u00e9anie<\/a><\/li>\n<\/ul>","protected":false},"excerpt":{"rendered":"<p>Les \u00c9tats-Unis comptent plusieurs a\u00e9roports, allant des petits a\u00e9roports r\u00e9gionaux aux grands a\u00e9roports internationaux. Sur ce site web, vous trouverez toutes les zones fumeurs des a\u00e9roports, y compris les zones fumeurs d\u00e9sign\u00e9es et les installations disponibles. Nous comprenons la frustration de passer les contr\u00f4les de s\u00e9curit\u00e9 et de constater qu&#039;il n&#039;y a aucune zone fumeur, o\u00f9 que ce soit\u2026&nbsp;<a href=\"https:\/\/airportsmokinglounge.com\/fr\/zones-fumeurs-dans-les-aeroports-des-etats-unis\/\" rel=\"bookmark\">En savoir plus &quot;<span class=\"screen-reader-text\">Zones fumeurs dans les a\u00e9roports des \u00c9tats-Unis<\/span><\/a><\/p>","protected":false},"author":1,"featured_media":1199,"parent":0,"menu_order":0,"comment_status":"closed","ping_status":"closed","template":"","meta":{"neve_meta_sidebar":"","neve_meta_container":"","neve_meta_enable_content_width":"off","neve_meta_content_width":100,"neve_meta_title_alignment":"","neve_meta_author_avatar":"","neve_post_elements_order":"","neve_meta_disable_header":"","neve_meta_disable_footer":"","neve_meta_disable_title":"","neve_meta_reading_time":"","footnotes":""},"class_list":["post-224","page","type-page","status-publish","has-post-thumbnail","hentry"],"yoast_head":"<!-- This site is optimized with the Yoast SEO plugin v26.6 - https:\/\/yoast.com\/wordpress\/plugins\/seo\/ -->\n<title>Smoking areas in United States airports<\/title>\n<meta name=\"description\" content=\"Smoking areas at United States airports - Where to Smoke at the Airport? - Your Ultimate Guide to Finding a Place to Smoke \u2714\ufe0e\" \/>\n<meta name=\"robots\" content=\"index, follow, max-snippet:-1, max-image-preview:large, max-video-preview:-1\" \/>\n<link rel=\"canonical\" href=\"https:\/\/airportsmokinglounge.com\/fr\/zones-fumeurs-dans-les-aeroports-des-etats-unis\/\" \/>\n<meta property=\"og:locale\" content=\"fr_FR\" \/>\n<meta property=\"og:type\" content=\"article\" \/>\n<meta property=\"og:title\" content=\"Smoking areas in United States airports\" \/>\n<meta property=\"og:description\" content=\"Smoking areas at United States airports - Where to Smoke at the Airport? - Your Ultimate Guide to Finding a Place to Smoke \u2714\ufe0e\" \/>\n<meta property=\"og:url\" content=\"https:\/\/airportsmokinglounge.com\/fr\/zones-fumeurs-dans-les-aeroports-des-etats-unis\/\" \/>\n<meta property=\"og:site_name\" content=\"airportsmokinglounge.com\" \/>\n<meta property=\"article:modified_time\" content=\"2023-05-21T19:52:19+00:00\" \/>\n<meta property=\"og:image\" content=\"https:\/\/airportsmokinglounge.com\/wp-content\/uploads\/2023\/03\/airport-smoking-lounge-4.jpg\" \/>\n\t<meta property=\"og:image:width\" content=\"2048\" \/>\n\t<meta property=\"og:image:height\" content=\"1152\" \/>\n\t<meta property=\"og:image:type\" content=\"image\/jpeg\" \/>\n<meta name=\"twitter:card\" content=\"summary_large_image\" \/>\n<meta name=\"twitter:label1\" content=\"Dur\u00e9e de lecture estim\u00e9e\" \/>\n\t<meta name=\"twitter:data1\" content=\"3 minutes\" \/>\n<script type=\"application\/ld+json\" class=\"yoast-schema-graph\">{\"@context\":\"https:\/\/schema.org\",\"@graph\":[{\"@type\":\"WebPage\",\"@id\":\"https:\/\/airportsmokinglounge.com\/smoking-areas-in-united-states-airports\/\",\"url\":\"https:\/\/airportsmokinglounge.com\/smoking-areas-in-united-states-airports\/\",\"name\":\"Smoking areas in United States airports\",\"isPartOf\":{\"@id\":\"https:\/\/airportsmokinglounge.com\/#website\"},\"primaryImageOfPage\":{\"@id\":\"https:\/\/airportsmokinglounge.com\/smoking-areas-in-united-states-airports\/#primaryimage\"},\"image\":{\"@id\":\"https:\/\/airportsmokinglounge.com\/smoking-areas-in-united-states-airports\/#primaryimage\"},\"thumbnailUrl\":\"https:\/\/airportsmokinglounge.com\/wp-content\/uploads\/2023\/03\/airport-smoking-lounge-4.jpg\",\"datePublished\":\"2023-02-28T14:48:45+00:00\",\"dateModified\":\"2023-05-21T19:52:19+00:00\",\"description\":\"Smoking areas at United States airports - Where to Smoke at the Airport? - Your Ultimate Guide to Finding a Place to Smoke \u2714\ufe0e\",\"breadcrumb\":{\"@id\":\"https:\/\/airportsmokinglounge.com\/smoking-areas-in-united-states-airports\/#breadcrumb\"},\"inLanguage\":\"fr-FR\",\"potentialAction\":[{\"@type\":\"ReadAction\",\"target\":[\"https:\/\/airportsmokinglounge.com\/smoking-areas-in-united-states-airports\/\"]}]},{\"@type\":\"ImageObject\",\"inLanguage\":\"fr-FR\",\"@id\":\"https:\/\/airportsmokinglounge.com\/smoking-areas-in-united-states-airports\/#primaryimage\",\"url\":\"https:\/\/airportsmokinglounge.com\/wp-content\/uploads\/2023\/03\/airport-smoking-lounge-4.jpg\",\"contentUrl\":\"https:\/\/airportsmokinglounge.com\/wp-content\/uploads\/2023\/03\/airport-smoking-lounge-4.jpg\",\"width\":2048,\"height\":1152,\"caption\":\"Airport Smoking\"},{\"@type\":\"BreadcrumbList\",\"@id\":\"https:\/\/airportsmokinglounge.com\/smoking-areas-in-united-states-airports\/#breadcrumb\",\"itemListElement\":[{\"@type\":\"ListItem\",\"position\":1,\"name\":\"Home\",\"item\":\"https:\/\/airportsmokinglounge.com\/\"},{\"@type\":\"ListItem\",\"position\":2,\"name\":\"Smoking areas in United States airports\"}]},{\"@type\":\"WebSite\",\"@id\":\"https:\/\/airportsmokinglounge.com\/#website\",\"url\":\"https:\/\/airportsmokinglounge.com\/\",\"name\":\"airportsmokinglounge.com\",\"description\":\"\",\"potentialAction\":[{\"@type\":\"SearchAction\",\"target\":{\"@type\":\"EntryPoint\",\"urlTemplate\":\"https:\/\/airportsmokinglounge.com\/?s={search_term_string}\"},\"query-input\":{\"@type\":\"PropertyValueSpecification\",\"valueRequired\":true,\"valueName\":\"search_term_string\"}}],\"inLanguage\":\"fr-FR\"}]}<\/script>\n<!-- \/ Yoast SEO plugin. -->","yoast_head_json":{"title":"Zones fumeurs dans les a\u00e9roports des \u00c9tats-Unis","description":"Zones fumeurs dans les a\u00e9roports des \u00c9tats-Unis \u2013 O\u00f9 fumer \u00e0 l\u2019a\u00e9roport ? - Votre guide ultime pour trouver un endroit pour fumer \u2714\ufe0e","robots":{"index":"index","follow":"follow","max-snippet":"max-snippet:-1","max-image-preview":"max-image-preview:large","max-video-preview":"max-video-preview:-1"},"canonical":"https:\/\/airportsmokinglounge.com\/fr\/zones-fumeurs-dans-les-aeroports-des-etats-unis\/","og_locale":"fr_FR","og_type":"article","og_title":"Smoking areas in United States airports","og_description":"Smoking areas at United States airports - Where to Smoke at the Airport? - Your Ultimate Guide to Finding a Place to Smoke \u2714\ufe0e","og_url":"https:\/\/airportsmokinglounge.com\/fr\/zones-fumeurs-dans-les-aeroports-des-etats-unis\/","og_site_name":"airportsmokinglounge.com","article_modified_time":"2023-05-21T19:52:19+00:00","og_image":[{"width":2048,"height":1152,"url":"https:\/\/airportsmokinglounge.com\/wp-content\/uploads\/2023\/03\/airport-smoking-lounge-4.jpg","type":"image\/jpeg"}],"twitter_card":"summary_large_image","twitter_misc":{"Dur\u00e9e de lecture estim\u00e9e":"3 minutes"},"schema":{"@context":"https:\/\/schema.org","@graph":[{"@type":"WebPage","@id":"https:\/\/airportsmokinglounge.com\/smoking-areas-in-united-states-airports\/","url":"https:\/\/airportsmokinglounge.com\/smoking-areas-in-united-states-airports\/","name":"Zones fumeurs dans les a\u00e9roports des \u00c9tats-Unis","isPartOf":{"@id":"https:\/\/airportsmokinglounge.com\/#website"},"primaryImageOfPage":{"@id":"https:\/\/airportsmokinglounge.com\/smoking-areas-in-united-states-airports\/#primaryimage"},"image":{"@id":"https:\/\/airportsmokinglounge.com\/smoking-areas-in-united-states-airports\/#primaryimage"},"thumbnailUrl":"https:\/\/airportsmokinglounge.com\/wp-content\/uploads\/2023\/03\/airport-smoking-lounge-4.jpg","datePublished":"2023-02-28T14:48:45+00:00","dateModified":"2023-05-21T19:52:19+00:00","description":"Zones fumeurs dans les a\u00e9roports des \u00c9tats-Unis \u2013 O\u00f9 fumer \u00e0 l\u2019a\u00e9roport ? - Votre guide ultime pour trouver un endroit pour fumer \u2714\ufe0e","breadcrumb":{"@id":"https:\/\/airportsmokinglounge.com\/smoking-areas-in-united-states-airports\/#breadcrumb"},"inLanguage":"fr-FR","potentialAction":[{"@type":"ReadAction","target":["https:\/\/airportsmokinglounge.com\/smoking-areas-in-united-states-airports\/"]}]},{"@type":"ImageObject","inLanguage":"fr-FR","@id":"https:\/\/airportsmokinglounge.com\/smoking-areas-in-united-states-airports\/#primaryimage","url":"https:\/\/airportsmokinglounge.com\/wp-content\/uploads\/2023\/03\/airport-smoking-lounge-4.jpg","contentUrl":"https:\/\/airportsmokinglounge.com\/wp-content\/uploads\/2023\/03\/airport-smoking-lounge-4.jpg","width":2048,"height":1152,"caption":"Airport Smoking"},{"@type":"BreadcrumbList","@id":"https:\/\/airportsmokinglounge.com\/smoking-areas-in-united-states-airports\/#breadcrumb","itemListElement":[{"@type":"ListItem","position":1,"name":"Home","item":"https:\/\/airportsmokinglounge.com\/"},{"@type":"ListItem","position":2,"name":"Smoking areas in United States airports"}]},{"@type":"WebSite","@id":"https:\/\/airportsmokinglounge.com\/#website","url":"https:\/\/airportsmokinglounge.com\/","name":"airportsmokinglounge.com","description":"","potentialAction":[{"@type":"SearchAction","target":{"@type":"EntryPoint","urlTemplate":"https:\/\/airportsmokinglounge.com\/?s={search_term_string}"},"query-input":{"@type":"PropertyValueSpecification","valueRequired":true,"valueName":"search_term_string"}}],"inLanguage":"fr-FR"}]}},"_links":{"self":[{"href":"https:\/\/airportsmokinglounge.com\/fr\/wp-json\/wp\/v2\/pages\/224","targetHints":{"allow":["GET"]}}],"collection":[{"href":"https:\/\/airportsmokinglounge.com\/fr\/wp-json\/wp\/v2\/pages"}],"about":[{"href":"https:\/\/airportsmokinglounge.com\/fr\/wp-json\/wp\/v2\/types\/page"}],"author":[{"embeddable":true,"href":"https:\/\/airportsmokinglounge.com\/fr\/wp-json\/wp\/v2\/users\/1"}],"replies":[{"embeddable":true,"href":"https:\/\/airportsmokinglounge.com\/fr\/wp-json\/wp\/v2\/comments?post=224"}],"version-history":[{"count":10,"href":"https:\/\/airportsmokinglounge.com\/fr\/wp-json\/wp\/v2\/pages\/224\/revisions"}],"predecessor-version":[{"id":5645,"href":"https:\/\/airportsmokinglounge.com\/fr\/wp-json\/wp\/v2\/pages\/224\/revisions\/5645"}],"wp:featuredmedia":[{"embeddable":true,"href":"https:\/\/airportsmokinglounge.com\/fr\/wp-json\/wp\/v2\/media\/1199"}],"wp:attachment":[{"href":"https:\/\/airportsmokinglounge.com\/fr\/wp-json\/wp\/v2\/media?parent=224"}],"curies":[{"name":"wp","href":"https:\/\/api.w.org\/{rel}","templated":true}]}}