{"id":227,"date":"2023-02-28T16:02:45","date_gmt":"2023-02-28T15:02:45","guid":{"rendered":"https:\/\/airportsmokinglounge.com\/?page_id=227"},"modified":"2023-05-22T16:55:22","modified_gmt":"2023-05-22T14:55:22","slug":"smoking-areas-in-mexico-airports","status":"publish","type":"page","link":"https:\/\/airportsmokinglounge.com\/fr\/zones-fumeurs-dans-les-aeroports-au-mexique\/","title":{"rendered":"Zones fumeurs dans les a\u00e9roports du Mexique"},"content":{"rendered":"<p>Le Mexique poss\u00e8de plusieurs a\u00e9roports, allant des petits a\u00e9roports r\u00e9gionaux aux plus grands hubs internationaux.<\/p>\n<p>Sur ce site Web, vous pouvez trouver toutes les zones fumeurs dans les a\u00e9roports, y compris les zones fumeurs d\u00e9sign\u00e9es et les installations disponibles. Nous comprenons la frustration de passer par la s\u00e9curit\u00e9 pour constater qu&#039;il n&#039;y a pas de zones fumeurs nulle part et dans certains cas, les cigarettes \u00e9lectroniques peuvent ne pas \u00eatre autoris\u00e9es.<\/p>\n<p>Ce service s&#039;adresse \u00e0 tous les fumeurs qui souhaitent profiter d&#039;une cigarette avant ou apr\u00e8s de longs vols.<\/p>\n<h2>A\u00e9roports au Mexique<\/h2>\n<ul style=\"list-style-type: circle;\">\n<li><a href=\"https:\/\/airportsmokinglounge.com\/fr\/zones-fumeurs-a-l-aeroport-international-de-cancun-cun\/\">A\u00c9ROPORT INTERNATIONAL DE CAN\u0106UN (CUN)<\/a><\/li>\n<li><a href=\"https:\/\/airportsmokinglounge.com\/fr\/zones-fumeurs-a-laeroport-benito-juarez-de-mexico-mex\/\">MEXICO \u2013 A\u00c9ROPORT INTERNATIONAL BENITO JUAREZ (MEX)<\/a><\/li>\n<li><a href=\"https:\/\/airportsmokinglounge.com\/fr\/zones-fumeurs-a-san-jose-del-cabo-los-cabos-international-airport-sjd\/\">SAN JOS\u00c9 DEL CABO \u2013 A\u00c9ROPORT INTERNATIONAL DE LOS CABOS (SJD)<\/a><\/li>\n<li><a href=\"https:\/\/airportsmokinglounge.com\/fr\/zones-fumeurs-a-puerto-vallarta-licenciado-gustavo-diaz-ordaz-aeroport-international-pvr\/\">PUERTO VALLARTA \u2013 A\u00c9ROPORT INTERNATIONAL LICENCIADO GUSTAVO D\u00cdAZ ORDAZ (PVR)<\/a><\/li>\n<li><a href=\"https:\/\/airportsmokinglounge.com\/fr\/zones-fumeurs-a-laeroport-international-de-guadalajara-gdl\/\">GUADALAJARA \u2013 A\u00c9ROPORT INTERNATIONAL DOM MIGUEL HIDALGO ET COSTILLA (GDL)<\/a><\/li>\n<li><a href=\"https:\/\/airportsmokinglounge.com\/fr\/zones-fumeurs-a-laeroport-international-de-monterrey-mty\/\">MONTERREY \u2013 A\u00c9ROPORT INTERNATIONAL G\u00c9N\u00c9RAL MARIANO ESCOBEDO (MTY)<\/a><\/li>\n<li><a href=\"https:\/\/airportsmokinglounge.com\/fr\/zones-fumeurs-a-hermosillo-general-ignacio-p-garcia-international-airport-hmo\/\">HERMOSILLO \u2013 A\u00c9ROPORT INTERNATIONAL G\u00c9N\u00c9RAL IGNACIO P. GARCIA (HMO)<\/a><\/li>\n<li><a href=\"https:\/\/airportsmokinglounge.com\/fr\/zones-fumeurs-a-acapulco-general-juan-n-alvarez-international-airport-aca\/\">ACAPULCO \u2013 A\u00c9ROPORT INTERNATIONAL G\u00c9N\u00c9RAL JUAN N. ALVAREZ (ACA)<\/a><\/li>\n<li><a href=\"https:\/\/airportsmokinglounge.com\/fr\/zones-fumeurs-a-laeroport-international-de-tijuana-tij\/\">TIJUANA \u2013 A\u00c9ROPORT INTERNATIONAL G\u00c9N\u00c9RAL ABELARDO L. RODR\u00cdGUEZ (TIJ)<\/a><\/li>\n<li><a href=\"https:\/\/airportsmokinglounge.com\/fr\/zones-fumeurs-a-laeroport-international-de-cozumel-czm\/\">A\u00c9ROPORT INTERNATIONAL DE COZUMEL (CZM)<\/a><\/li>\n<\/ul>\n<h2>Loi mexicaine sur le tabagisme<\/h2>\n<p>Le Mexique a mis en place une r\u00e9glementation antitabac pour prot\u00e9ger la sant\u00e9 publique et r\u00e9duire l&#039;usage du tabac. Cependant, veuillez noter que les lois et r\u00e9glementations sur le tabagisme peuvent changer avec le temps, il est donc conseill\u00e9 de se r\u00e9f\u00e9rer \u00e0 la l\u00e9gislation la plus r\u00e9cente ou de consulter les autorit\u00e9s locales pour obtenir les informations les plus r\u00e9centes sur les lois mexicaines sur le tabagisme.<\/p>\n<p>Au Mexique, il est g\u00e9n\u00e9ralement interdit de fumer dans certains lieux publics int\u00e9rieurs, notamment les b\u00e2timents gouvernementaux, les \u00e9tablissements de sant\u00e9, les \u00e9tablissements d&#039;enseignement et les transports en commun. La loi peut \u00e9galement interdire de fumer dans les zones d\u00e9sign\u00e9es comme zones non-fumeurs, telles que les espaces publics ferm\u00e9s et les zones proches des entr\u00e9es et des sorties des b\u00e2timents publics.<\/p>\n<p>La vente de produits du tabac aux mineurs de moins de 18 ans est interdite au Mexique. En outre, le pays a mis en place des r\u00e9glementations sur la publicit\u00e9, la promotion et le parrainage du tabac.<\/p>\n<p>Le Mexique a pris des mesures pour sensibiliser le public aux risques pour la sant\u00e9 associ\u00e9s au tabagisme par le biais de campagnes sanitaires et d&#039;avertissements sur les paquets de cigarettes. Le pays a \u00e9galement mis en place des avertissements sanitaires graphiques illustr\u00e9s sur les emballages des produits du tabac.<\/p>\n<p>L&#039;application des lois sur le tabagisme est g\u00e9n\u00e9ralement supervis\u00e9e par les autorit\u00e9s comp\u00e9tentes, et les violations peuvent entra\u00eener des amendes ou d&#039;autres sanctions.<\/p>\n<p>Pour obtenir les informations les plus pr\u00e9cises et les plus r\u00e9centes sur les lois mexicaines sur le tabagisme, il est recommand\u00e9 de consulter la l\u00e9gislation la plus r\u00e9cente ou de contacter les autorit\u00e9s locales ou les organismes de sant\u00e9.<\/p>\n<p><strong>Plus de zones fumeurs \u00e0 l&#039;a\u00e9roport\u00a0<\/strong><\/p>\n<ul>\n<li><a href=\"https:\/\/airportsmokinglounge.com\/fr\/fumer-dans-les-aeroports-d-amerique-du-nord\/\">Am\u00e9rique du Nord<\/a><\/li>\n<li><a href=\"https:\/\/airportsmokinglounge.com\/fr\/fumer-dans-les-aeroports-d-amerique-du-sud\/\">Am\u00e9rique du Sud<\/a><\/li>\n<li><a href=\"https:\/\/airportsmokinglounge.com\/fr\/espaces-fumeurs-dans-les-aeroports-europeens\/\">L&#039;Europe \uf0d7<\/a><\/li>\n<li><a href=\"https:\/\/airportsmokinglounge.com\/fr\/fumer-dans-les-aeroports-en-asie\/\">Asie<\/a><\/li>\n<li><a href=\"https:\/\/airportsmokinglounge.com\/fr\/fumer-dans-les-aeroports-en-oceanie\/\">Oc\u00e9anie<\/a><\/li>\n<\/ul>","protected":false},"excerpt":{"rendered":"<p>Le Mexique compte plusieurs a\u00e9roports, allant des petits a\u00e9roports r\u00e9gionaux aux grands a\u00e9roports internationaux. Sur ce site, vous trouverez toutes les zones fumeurs des a\u00e9roports, y compris les zones fumeurs d\u00e9sign\u00e9es et les installations disponibles. Nous comprenons la frustration de passer les contr\u00f4les de s\u00e9curit\u00e9 pour d\u00e9couvrir qu&#039;il n&#039;y a aucune zone fumeurs nulle part et que, dans certains cas, les cigarettes \u00e9lectroniques peuvent \u00eatre interdites.&nbsp;<a href=\"https:\/\/airportsmokinglounge.com\/fr\/zones-fumeurs-dans-les-aeroports-au-mexique\/\" rel=\"bookmark\">En savoir plus &quot;<span class=\"screen-reader-text\">Zones fumeurs dans les a\u00e9roports du Mexique<\/span><\/a><\/p>","protected":false},"author":1,"featured_media":1199,"parent":0,"menu_order":0,"comment_status":"closed","ping_status":"closed","template":"","meta":{"neve_meta_sidebar":"","neve_meta_container":"","neve_meta_enable_content_width":"off","neve_meta_content_width":100,"neve_meta_title_alignment":"","neve_meta_author_avatar":"","neve_post_elements_order":"","neve_meta_disable_header":"","neve_meta_disable_footer":"","neve_meta_disable_title":"","neve_meta_reading_time":"","footnotes":""},"class_list":["post-227","page","type-page","status-publish","has-post-thumbnail","hentry"],"yoast_head":"<!-- This site is optimized with the Yoast SEO plugin v26.6 - https:\/\/yoast.com\/wordpress\/plugins\/seo\/ -->\n<title>Smoking areas in Mexico airports - airportsmokinglounge.com<\/title>\n<meta name=\"description\" content=\"Smoking areas at Mexico airports - Find Your Next Smoke Break Spot \u2714\ufe0e - Your Ultimate Guide to Finding a Place to Smoke at the airport \u2714\ufe0e\" \/>\n<meta name=\"robots\" content=\"index, follow, max-snippet:-1, max-image-preview:large, max-video-preview:-1\" \/>\n<link rel=\"canonical\" href=\"https:\/\/airportsmokinglounge.com\/fr\/zones-fumeurs-dans-les-aeroports-au-mexique\/\" \/>\n<meta property=\"og:locale\" content=\"fr_FR\" \/>\n<meta property=\"og:type\" content=\"article\" \/>\n<meta property=\"og:title\" content=\"Smoking areas in Mexico airports - airportsmokinglounge.com\" \/>\n<meta property=\"og:description\" content=\"Smoking areas at Mexico airports - Find Your Next Smoke Break Spot \u2714\ufe0e - Your Ultimate Guide to Finding a Place to Smoke at the airport \u2714\ufe0e\" \/>\n<meta property=\"og:url\" content=\"https:\/\/airportsmokinglounge.com\/fr\/zones-fumeurs-dans-les-aeroports-au-mexique\/\" \/>\n<meta property=\"og:site_name\" content=\"airportsmokinglounge.com\" \/>\n<meta property=\"article:modified_time\" content=\"2023-05-22T14:55:22+00:00\" \/>\n<meta property=\"og:image\" content=\"https:\/\/airportsmokinglounge.com\/wp-content\/uploads\/2023\/03\/airport-smoking-lounge-4.jpg\" \/>\n\t<meta property=\"og:image:width\" content=\"2048\" \/>\n\t<meta property=\"og:image:height\" content=\"1152\" \/>\n\t<meta property=\"og:image:type\" content=\"image\/jpeg\" \/>\n<meta name=\"twitter:card\" content=\"summary_large_image\" \/>\n<meta name=\"twitter:label1\" content=\"Dur\u00e9e de lecture estim\u00e9e\" \/>\n\t<meta name=\"twitter:data1\" content=\"2 minutes\" \/>\n<script type=\"application\/ld+json\" class=\"yoast-schema-graph\">{\"@context\":\"https:\/\/schema.org\",\"@graph\":[{\"@type\":\"WebPage\",\"@id\":\"https:\/\/airportsmokinglounge.com\/smoking-areas-in-mexico-airports\/\",\"url\":\"https:\/\/airportsmokinglounge.com\/smoking-areas-in-mexico-airports\/\",\"name\":\"Smoking areas in Mexico airports - airportsmokinglounge.com\",\"isPartOf\":{\"@id\":\"https:\/\/airportsmokinglounge.com\/#website\"},\"primaryImageOfPage\":{\"@id\":\"https:\/\/airportsmokinglounge.com\/smoking-areas-in-mexico-airports\/#primaryimage\"},\"image\":{\"@id\":\"https:\/\/airportsmokinglounge.com\/smoking-areas-in-mexico-airports\/#primaryimage\"},\"thumbnailUrl\":\"https:\/\/airportsmokinglounge.com\/wp-content\/uploads\/2023\/03\/airport-smoking-lounge-4.jpg\",\"datePublished\":\"2023-02-28T15:02:45+00:00\",\"dateModified\":\"2023-05-22T14:55:22+00:00\",\"description\":\"Smoking areas at Mexico airports - Find Your Next Smoke Break Spot \u2714\ufe0e - Your Ultimate Guide to Finding a Place to Smoke at the airport \u2714\ufe0e\",\"breadcrumb\":{\"@id\":\"https:\/\/airportsmokinglounge.com\/smoking-areas-in-mexico-airports\/#breadcrumb\"},\"inLanguage\":\"fr-FR\",\"potentialAction\":[{\"@type\":\"ReadAction\",\"target\":[\"https:\/\/airportsmokinglounge.com\/smoking-areas-in-mexico-airports\/\"]}]},{\"@type\":\"ImageObject\",\"inLanguage\":\"fr-FR\",\"@id\":\"https:\/\/airportsmokinglounge.com\/smoking-areas-in-mexico-airports\/#primaryimage\",\"url\":\"https:\/\/airportsmokinglounge.com\/wp-content\/uploads\/2023\/03\/airport-smoking-lounge-4.jpg\",\"contentUrl\":\"https:\/\/airportsmokinglounge.com\/wp-content\/uploads\/2023\/03\/airport-smoking-lounge-4.jpg\",\"width\":2048,\"height\":1152,\"caption\":\"Airport Smoking\"},{\"@type\":\"BreadcrumbList\",\"@id\":\"https:\/\/airportsmokinglounge.com\/smoking-areas-in-mexico-airports\/#breadcrumb\",\"itemListElement\":[{\"@type\":\"ListItem\",\"position\":1,\"name\":\"Home\",\"item\":\"https:\/\/airportsmokinglounge.com\/\"},{\"@type\":\"ListItem\",\"position\":2,\"name\":\"Smoking areas in Mexico airports\"}]},{\"@type\":\"WebSite\",\"@id\":\"https:\/\/airportsmokinglounge.com\/#website\",\"url\":\"https:\/\/airportsmokinglounge.com\/\",\"name\":\"airportsmokinglounge.com\",\"description\":\"\",\"potentialAction\":[{\"@type\":\"SearchAction\",\"target\":{\"@type\":\"EntryPoint\",\"urlTemplate\":\"https:\/\/airportsmokinglounge.com\/?s={search_term_string}\"},\"query-input\":{\"@type\":\"PropertyValueSpecification\",\"valueRequired\":true,\"valueName\":\"search_term_string\"}}],\"inLanguage\":\"fr-FR\"}]}<\/script>\n<!-- \/ Yoast SEO plugin. -->","yoast_head_json":{"title":"Zones fumeurs dans les a\u00e9roports du Mexique - Airportsmokinglounge.com","description":"Zones fumeurs dans les a\u00e9roports du Mexique - Trouvez votre prochain endroit pour fumer \u2714\ufe0e - Votre guide ultime pour trouver un endroit pour fumer \u00e0 l&#039;a\u00e9roport \u2714\ufe0e","robots":{"index":"index","follow":"follow","max-snippet":"max-snippet:-1","max-image-preview":"max-image-preview:large","max-video-preview":"max-video-preview:-1"},"canonical":"https:\/\/airportsmokinglounge.com\/fr\/zones-fumeurs-dans-les-aeroports-au-mexique\/","og_locale":"fr_FR","og_type":"article","og_title":"Smoking areas in Mexico airports - airportsmokinglounge.com","og_description":"Smoking areas at Mexico airports - Find Your Next Smoke Break Spot \u2714\ufe0e - Your Ultimate Guide to Finding a Place to Smoke at the airport \u2714\ufe0e","og_url":"https:\/\/airportsmokinglounge.com\/fr\/zones-fumeurs-dans-les-aeroports-au-mexique\/","og_site_name":"airportsmokinglounge.com","article_modified_time":"2023-05-22T14:55:22+00:00","og_image":[{"width":2048,"height":1152,"url":"https:\/\/airportsmokinglounge.com\/wp-content\/uploads\/2023\/03\/airport-smoking-lounge-4.jpg","type":"image\/jpeg"}],"twitter_card":"summary_large_image","twitter_misc":{"Dur\u00e9e de lecture estim\u00e9e":"2 minutes"},"schema":{"@context":"https:\/\/schema.org","@graph":[{"@type":"WebPage","@id":"https:\/\/airportsmokinglounge.com\/smoking-areas-in-mexico-airports\/","url":"https:\/\/airportsmokinglounge.com\/smoking-areas-in-mexico-airports\/","name":"Zones fumeurs dans les a\u00e9roports du Mexique - Airportsmokinglounge.com","isPartOf":{"@id":"https:\/\/airportsmokinglounge.com\/#website"},"primaryImageOfPage":{"@id":"https:\/\/airportsmokinglounge.com\/smoking-areas-in-mexico-airports\/#primaryimage"},"image":{"@id":"https:\/\/airportsmokinglounge.com\/smoking-areas-in-mexico-airports\/#primaryimage"},"thumbnailUrl":"https:\/\/airportsmokinglounge.com\/wp-content\/uploads\/2023\/03\/airport-smoking-lounge-4.jpg","datePublished":"2023-02-28T15:02:45+00:00","dateModified":"2023-05-22T14:55:22+00:00","description":"Zones fumeurs dans les a\u00e9roports du Mexique - Trouvez votre prochain endroit pour fumer \u2714\ufe0e - Votre guide ultime pour trouver un endroit pour fumer \u00e0 l&#039;a\u00e9roport \u2714\ufe0e","breadcrumb":{"@id":"https:\/\/airportsmokinglounge.com\/smoking-areas-in-mexico-airports\/#breadcrumb"},"inLanguage":"fr-FR","potentialAction":[{"@type":"ReadAction","target":["https:\/\/airportsmokinglounge.com\/smoking-areas-in-mexico-airports\/"]}]},{"@type":"ImageObject","inLanguage":"fr-FR","@id":"https:\/\/airportsmokinglounge.com\/smoking-areas-in-mexico-airports\/#primaryimage","url":"https:\/\/airportsmokinglounge.com\/wp-content\/uploads\/2023\/03\/airport-smoking-lounge-4.jpg","contentUrl":"https:\/\/airportsmokinglounge.com\/wp-content\/uploads\/2023\/03\/airport-smoking-lounge-4.jpg","width":2048,"height":1152,"caption":"Airport Smoking"},{"@type":"BreadcrumbList","@id":"https:\/\/airportsmokinglounge.com\/smoking-areas-in-mexico-airports\/#breadcrumb","itemListElement":[{"@type":"ListItem","position":1,"name":"Home","item":"https:\/\/airportsmokinglounge.com\/"},{"@type":"ListItem","position":2,"name":"Smoking areas in Mexico airports"}]},{"@type":"WebSite","@id":"https:\/\/airportsmokinglounge.com\/#website","url":"https:\/\/airportsmokinglounge.com\/","name":"airportsmokinglounge.com","description":"","potentialAction":[{"@type":"SearchAction","target":{"@type":"EntryPoint","urlTemplate":"https:\/\/airportsmokinglounge.com\/?s={search_term_string}"},"query-input":{"@type":"PropertyValueSpecification","valueRequired":true,"valueName":"search_term_string"}}],"inLanguage":"fr-FR"}]}},"_links":{"self":[{"href":"https:\/\/airportsmokinglounge.com\/fr\/wp-json\/wp\/v2\/pages\/227","targetHints":{"allow":["GET"]}}],"collection":[{"href":"https:\/\/airportsmokinglounge.com\/fr\/wp-json\/wp\/v2\/pages"}],"about":[{"href":"https:\/\/airportsmokinglounge.com\/fr\/wp-json\/wp\/v2\/types\/page"}],"author":[{"embeddable":true,"href":"https:\/\/airportsmokinglounge.com\/fr\/wp-json\/wp\/v2\/users\/1"}],"replies":[{"embeddable":true,"href":"https:\/\/airportsmokinglounge.com\/fr\/wp-json\/wp\/v2\/comments?post=227"}],"version-history":[{"count":9,"href":"https:\/\/airportsmokinglounge.com\/fr\/wp-json\/wp\/v2\/pages\/227\/revisions"}],"predecessor-version":[{"id":5708,"href":"https:\/\/airportsmokinglounge.com\/fr\/wp-json\/wp\/v2\/pages\/227\/revisions\/5708"}],"wp:featuredmedia":[{"embeddable":true,"href":"https:\/\/airportsmokinglounge.com\/fr\/wp-json\/wp\/v2\/media\/1199"}],"wp:attachment":[{"href":"https:\/\/airportsmokinglounge.com\/fr\/wp-json\/wp\/v2\/media?parent=227"}],"curies":[{"name":"wp","href":"https:\/\/api.w.org\/{rel}","templated":true}]}}