{"id":25,"date":"2023-02-12T19:36:00","date_gmt":"2023-02-12T18:36:00","guid":{"rendered":"https:\/\/airportsmokinglounge.com\/?page_id=25"},"modified":"2023-05-21T21:41:35","modified_gmt":"2023-05-21T19:41:35","slug":"smoking-at-airports-in-africa","status":"publish","type":"page","link":"https:\/\/airportsmokinglounge.com\/fr\/fumer-dans-les-aeroports-en-afrique\/","title":{"rendered":"Fumer dans les a\u00e9roports en Afrique"},"content":{"rendered":"<p><span style=\"font-size: 14pt;\">Sur ce site Web, vous trouverez toutes les zones fumeurs des a\u00e9roports africains, y compris les zones fumeurs d\u00e9sign\u00e9es et les installations disponibles. Nous comprenons la frustration de passer par la s\u00e9curit\u00e9 pour constater qu&#039;il n&#039;y a pas de zones fumeurs nulle part et dans certains cas, les cigarettes \u00e9lectroniques peuvent ne pas \u00eatre autoris\u00e9es. <\/span><\/p>\n<p><span style=\"font-size: 14pt;\">Ce service s&#039;adresse \u00e0 tous les fumeurs qui souhaitent profiter d&#039;une cigarette avant ou apr\u00e8s de longs vols.<\/span><\/p>\n<h2>Zones fumeurs dans les a\u00e9roports africains<\/h2>\n<p><strong><span style=\"font-size: 14pt;\">Choisis ton pays:<\/span><\/strong><\/p>\n<ul style=\"list-style-type: circle;\">\n<li><a href=\"https:\/\/airportsmokinglounge.com\/fr\/fumer-dans-les-aeroports-d-algerie\/\">ALG\u00c9RIE<\/a><\/li>\n<li><a href=\"https:\/\/airportsmokinglounge.com\/fr\/zones-fumeurs-dans-les-aeroports-en-angolas\/\">ANGOLA<\/a><\/li>\n<li><a href=\"https:\/\/airportsmokinglounge.com\/fr\/zones-fumeurs-dans-les-aeroports-du-botswanas\/\">BOTSWANA<\/a><\/li>\n<li><a href=\"https:\/\/airportsmokinglounge.com\/fr\/zones-fumeurs-dans-les-aeroports-du-cameroun\/\">CAMEROUN<\/a><em>\u00a0<\/em><\/li>\n<li><a href=\"https:\/\/airportsmokinglounge.com\/fr\/zones-fumeurs-dans-les-aeroports-du-cap-vert\/\">CAP-VERT<\/a><\/li>\n<li><a href=\"https:\/\/airportsmokinglounge.com\/fr\/zones-fumeurs-a-l-aeroport-international-de-bangui-mpoko-bgf\/\">R\u00c9PUBLIQUE CENTRAFRICAINE<\/a><\/li>\n<li><a href=\"https:\/\/airportsmokinglounge.com\/fr\/zones-fumeurs-a-l-aeroport-international-de-kinshasa-ndjili-fih\/\">R\u00c9PUBLIQUE D\u00c9MOCRATIQUE DU CONGO<\/a><\/li>\n<li><a href=\"https:\/\/airportsmokinglounge.com\/fr\/zones-fumeurs-a-laeroport-djibouti-ambouli-jib\/\">DJIBOUTI<\/a><em>\u00a0<\/em><\/li>\n<li><a href=\"https:\/\/airportsmokinglounge.com\/fr\/zones-fumeurs-dans-les-aeroports-d-egyptes\/\">EGYPTE<\/a><\/li>\n<li><a href=\"https:\/\/airportsmokinglounge.com\/fr\/zones-fumeurs-dans-les-aeroports-d-ethiopie\/\">ETHIOPIE<\/a><\/li>\n<li><a href=\"https:\/\/airportsmokinglounge.com\/fr\/zones-fumeurs-a-laeroport-international-de-libreville-lbv\/\">GABON<\/a><\/li>\n<li><a href=\"https:\/\/airportsmokinglounge.com\/fr\/espaces-fumeurs-a-l-aeroport-international-de-banjul-bjl\/\">GAMBIE<\/a><\/li>\n<li><a href=\"https:\/\/airportsmokinglounge.com\/fr\/zones-fumeurs-a-accra-kotoka-international-airport-acc\/\">GHANA<\/a><\/li>\n<li><a href=\"https:\/\/airportsmokinglounge.com\/fr\/zones-fumeurs-a-abidjan-port-bouet-airport-abj\/\">C\u00d4TE D&#039;IVOIRE<\/a><em>\u00a0<\/em><\/li>\n<li><a href=\"https:\/\/airportsmokinglounge.com\/fr\/zones-fumeurs-dans-les-aeroports-du-kenyas\/\">KENYA<\/a><em>\u00a0<\/em><\/li>\n<li><a href=\"https:\/\/airportsmokinglounge.com\/fr\/zones-fumeurs-dans-les-aeroports-de-madagascars\/\">MADAGASCAR<\/a><\/li>\n<li><a href=\"https:\/\/airportsmokinglounge.com\/fr\/zones-fumeurs-dans-les-aeroports-du-mali\/\">MALI<\/a><\/li>\n<li><a href=\"https:\/\/airportsmokinglounge.com\/fr\/zones-fumeurs-a-laeroport-international-de-port-louis-mru\/\">MAURICE<\/a><em>\u00a0<\/em><\/li>\n<li><a href=\"https:\/\/airportsmokinglounge.com\/fr\/zones-fumeurs-dans-les-aeroports-au-maroc\/\">MAROC<\/a><\/li>\n<li><a href=\"https:\/\/airportsmokinglounge.com\/fr\/zones-fumeurs-dans-les-aeroports-du-mozambique\/\">MOZAMBIQUE<\/a><\/li>\n<li><a href=\"https:\/\/airportsmokinglounge.com\/fr\/zones-fumeurs-dans-les-aeroports-du-nigeria\/\">NIGERIA<\/a><\/li>\n<li><a href=\"https:\/\/airportsmokinglounge.com\/fr\/zones-fumeurs-dans-les-aeroports-de-namibie\/\">NAMIBIE<\/a><\/li>\n<li><a href=\"https:\/\/airportsmokinglounge.com\/fr\/zones-fumeurs-dans-les-aeroports-du-rwanda\/\">RWANDA<\/a><\/li>\n<li><a href=\"https:\/\/airportsmokinglounge.com\/fr\/zones-fumeurs-a-l-aeroport-international-de-freetown-fna\/\">SIERRA LEONE<\/a><\/li>\n<li><a href=\"https:\/\/airportsmokinglounge.com\/fr\/zones-fumeurs-dans-les-aeroports-du-liberia\/\">LIB\u00c9RIA<\/a><\/li>\n<li><a href=\"https:\/\/airportsmokinglounge.com\/fr\/espaces-fumeurs-dans-les-aeroports-du-senegal\/\">S\u00c9N\u00c9GAL<\/a><\/li>\n<li><a href=\"https:\/\/airportsmokinglounge.com\/fr\/zones-fumeurs-dans-les-aeroports-de-somalies\/\"><span class=\"auto-style3\">SOMALIE<\/span><\/a><\/li>\n<li><a href=\"https:\/\/airportsmokinglounge.com\/fr\/zones-fumeurs-dans-les-aeroports-d-afrique-du-sud\/\">AFRIQUE DU SUD<\/a><\/li>\n<li><a href=\"https:\/\/airportsmokinglounge.com\/fr\/zones-fumeurs-au-soudan\/\">SOUDAN<\/a><\/li>\n<li><a href=\"https:\/\/airportsmokinglounge.com\/fr\/zones-fumeurs-dans-les-aeroports-de-tanzanie\/\">TANZANIE<\/a><\/li>\n<li><a href=\"https:\/\/airportsmokinglounge.com\/fr\/zones-fumeurs-dans-les-aeroports-de-tunisie\/\">TUNISIE<\/a><\/li>\n<li><a href=\"https:\/\/airportsmokinglounge.com\/fr\/zones-fumeurs-dans-les-aeroports-ougandais\/\">OUGANDA<\/a><\/li>\n<li><a href=\"https:\/\/airportsmokinglounge.com\/fr\/zones-fumeurs-dans-les-aeroports-de-zambie\/\">ZAMBIE<\/a><\/li>\n<li><a href=\"https:\/\/airportsmokinglounge.com\/fr\/zones-fumeurs-dans-les-aeroports-du-zimbabwes\/\">ZIMBABWE<\/a><\/li>\n<\/ul>\n<h2>Service des fumeurs de l&#039;a\u00e9roport africain<\/h2>\n<p><span style=\"font-size: 14pt;\">Fumer dans les a\u00e9roports africains est un sujet influenc\u00e9 par diverses r\u00e9glementations antitabac, normes culturelles et probl\u00e8mes de sant\u00e9. L&#039;Afrique, \u00e9tant un continent diversifi\u00e9 avec diff\u00e9rents pays et r\u00e9gions, pr\u00e9sente un paysage unique en ce qui concerne le tabagisme dans les a\u00e9roports.<\/span><\/p>\n<p><span style=\"font-size: 14pt;\">Dans certains pays africains, le tabagisme est encore largement accept\u00e9 et des zones fumeurs d\u00e9sign\u00e9es peuvent \u00eatre trouv\u00e9es dans de nombreux a\u00e9roports. Ces zones fumeurs peuvent \u00eatre situ\u00e9es dans des zones ext\u00e9rieures \u00e9loign\u00e9es du b\u00e2timent principal de l&#039;a\u00e9rogare et peuvent \u00eatre \u00e9quip\u00e9es de cendriers, de si\u00e8ges et d&#039;abris pour fumeurs. <\/span><\/p>\n<p><span style=\"font-size: 14pt;\">Cependant, il est important de noter que la disponibilit\u00e9 et la qualit\u00e9 de ces zones fumeurs d\u00e9sign\u00e9es peuvent varier consid\u00e9rablement d&#039;un a\u00e9roport \u00e0 l&#039;autre et ne r\u00e9pondent pas toujours aux attentes des voyageurs fumeurs.<\/span><\/p>\n<p><span style=\"font-size: 14pt;\">D&#039;autre part, il existe \u00e9galement des pays africains o\u00f9 le tabagisme est strictement r\u00e9glement\u00e9 et interdit de fumer dans les a\u00e9roports dans tous les espaces int\u00e9rieurs et ext\u00e9rieurs. Cela signifie que les voyageurs qui fument peuvent avoir des difficult\u00e9s \u00e0 trouver des endroits appropri\u00e9s pour fumer dans les locaux de l&#039;a\u00e9roport et peuvent avoir besoin de quitter les locaux de l&#039;a\u00e9roport pour fumer, si les lois locales le permettent.<\/span><\/p>\n<p><span style=\"font-size: 14pt;\">Voici toutes les informations n\u00e9cessaires pour trouver une zone fumeurs dans un a\u00e9roport africain.<\/span><\/p>\n<h3><span style=\"font-size: 14pt;\">Envoyez-nous vos commentaires<\/span><\/h3>\n<p><span style=\"font-size: 14pt;\">Si vous \u00eates dans un a\u00e9roport en Afrique, vous \u00eates plus que bienvenu pour nous envoyer des photos des zones fumeurs. Cela nous aidera \u00e0 remplir notre base de donn\u00e9es plus rapidement. Tu peux le faire <strong><a href=\"https:\/\/airportsmokinglounge.com\/fr\/contact\/\">Ici<\/a>.<\/strong>\u00a0Les images sont publi\u00e9es sur notre site Web, en indiquant la source de l&#039;image (nom). N&#039;h\u00e9sitez pas \u00e0 partager ces photos avec nous et tous les visiteurs de airportsmokinglounge.com.<\/span><\/p>\n<p><strong><span style=\"font-size: 14pt;\">Plus de zones fumeurs \u00e0 l&#039;a\u00e9roport\u00a0<\/span><\/strong><\/p>\n<ul style=\"list-style-type: circle;\">\n<li><a href=\"https:\/\/airportsmokinglounge.com\/fr\/fumer-dans-les-aeroports-d-amerique-du-nord\/\">Am\u00e9rique du Nord<\/a><\/li>\n<li><a href=\"https:\/\/airportsmokinglounge.com\/fr\/fumer-dans-les-aeroports-d-amerique-du-sud\/\">Am\u00e9rique du Sud<\/a><\/li>\n<li><a href=\"https:\/\/airportsmokinglounge.com\/fr\/espaces-fumeurs-dans-les-aeroports-europeens\/\">L&#039;Europe \uf0d7<\/a><\/li>\n<li><a href=\"https:\/\/airportsmokinglounge.com\/fr\/fumer-dans-les-aeroports-en-asie\/\">Asie<\/a><\/li>\n<li><a href=\"https:\/\/airportsmokinglounge.com\/fr\/fumer-dans-les-aeroports-en-oceanie\/\">Oc\u00e9anie<\/a><\/li>\n<\/ul>","protected":false},"excerpt":{"rendered":"<p>Sur ce site, vous trouverez toutes les zones fumeurs dans les a\u00e9roports africains, y compris les zones fumeurs d\u00e9sign\u00e9es et les installations disponibles. Nous comprenons la frustration de passer les contr\u00f4les de s\u00e9curit\u00e9 et de d\u00e9couvrir qu&#039;il n&#039;y a aucune zone fumeurs nulle part et que, dans certains cas, les cigarettes \u00e9lectroniques peuvent ne pas \u00eatre autoris\u00e9es. Ce service s&#039;adresse \u00e0 tous les fumeurs qui souhaitent\u2026&nbsp;<a href=\"https:\/\/airportsmokinglounge.com\/fr\/fumer-dans-les-aeroports-en-afrique\/\" rel=\"bookmark\">En savoir plus &quot;<span class=\"screen-reader-text\">Fumer dans les a\u00e9roports en Afrique<\/span><\/a><\/p>","protected":false},"author":1,"featured_media":1202,"parent":0,"menu_order":0,"comment_status":"closed","ping_status":"closed","template":"","meta":{"neve_meta_sidebar":"","neve_meta_container":"","neve_meta_enable_content_width":"off","neve_meta_content_width":100,"neve_meta_title_alignment":"","neve_meta_author_avatar":"","neve_post_elements_order":"","neve_meta_disable_header":"","neve_meta_disable_footer":"","neve_meta_disable_title":"","neve_meta_reading_time":"","footnotes":""},"class_list":["post-25","page","type-page","status-publish","has-post-thumbnail","hentry"],"yoast_head":"<!-- This site is optimized with the Yoast SEO plugin v26.6 - https:\/\/yoast.com\/wordpress\/plugins\/seo\/ -->\n<title>Smoking at airports in Africa - airportsmokinglounge.com<\/title>\n<meta name=\"description\" content=\"Smoking at airports in Africa \u2714\ufe0e A Comprehensive Guide to Smoking Areas and Smoking Policies in Major African Airports \u2714\ufe0e\" \/>\n<meta name=\"robots\" content=\"index, follow, max-snippet:-1, max-image-preview:large, max-video-preview:-1\" \/>\n<link rel=\"canonical\" href=\"https:\/\/airportsmokinglounge.com\/fr\/fumer-dans-les-aeroports-en-afrique\/\" \/>\n<meta property=\"og:locale\" content=\"fr_FR\" \/>\n<meta property=\"og:type\" content=\"article\" \/>\n<meta property=\"og:title\" content=\"Smoking at airports in Africa - airportsmokinglounge.com\" \/>\n<meta property=\"og:description\" content=\"Smoking at airports in Africa \u2714\ufe0e A Comprehensive Guide to Smoking Areas and Smoking Policies in Major African Airports \u2714\ufe0e\" \/>\n<meta property=\"og:url\" content=\"https:\/\/airportsmokinglounge.com\/fr\/fumer-dans-les-aeroports-en-afrique\/\" \/>\n<meta property=\"og:site_name\" content=\"airportsmokinglounge.com\" \/>\n<meta property=\"article:modified_time\" content=\"2023-05-21T19:41:35+00:00\" \/>\n<meta property=\"og:image\" content=\"https:\/\/airportsmokinglounge.com\/wp-content\/uploads\/2023\/03\/airport-smoking-lounge-7.jpg\" \/>\n\t<meta property=\"og:image:width\" content=\"2048\" \/>\n\t<meta property=\"og:image:height\" content=\"1152\" \/>\n\t<meta property=\"og:image:type\" content=\"image\/jpeg\" \/>\n<meta name=\"twitter:card\" content=\"summary_large_image\" \/>\n<meta name=\"twitter:label1\" content=\"Dur\u00e9e de lecture estim\u00e9e\" \/>\n\t<meta name=\"twitter:data1\" content=\"2 minutes\" \/>\n<script type=\"application\/ld+json\" class=\"yoast-schema-graph\">{\"@context\":\"https:\/\/schema.org\",\"@graph\":[{\"@type\":\"WebPage\",\"@id\":\"https:\/\/airportsmokinglounge.com\/smoking-at-airports-in-africa\/\",\"url\":\"https:\/\/airportsmokinglounge.com\/smoking-at-airports-in-africa\/\",\"name\":\"Smoking at airports in Africa - airportsmokinglounge.com\",\"isPartOf\":{\"@id\":\"https:\/\/airportsmokinglounge.com\/#website\"},\"primaryImageOfPage\":{\"@id\":\"https:\/\/airportsmokinglounge.com\/smoking-at-airports-in-africa\/#primaryimage\"},\"image\":{\"@id\":\"https:\/\/airportsmokinglounge.com\/smoking-at-airports-in-africa\/#primaryimage\"},\"thumbnailUrl\":\"https:\/\/airportsmokinglounge.com\/wp-content\/uploads\/2023\/03\/airport-smoking-lounge-7.jpg\",\"datePublished\":\"2023-02-12T18:36:00+00:00\",\"dateModified\":\"2023-05-21T19:41:35+00:00\",\"description\":\"Smoking at airports in Africa \u2714\ufe0e A Comprehensive Guide to Smoking Areas and Smoking Policies in Major African Airports \u2714\ufe0e\",\"breadcrumb\":{\"@id\":\"https:\/\/airportsmokinglounge.com\/smoking-at-airports-in-africa\/#breadcrumb\"},\"inLanguage\":\"fr-FR\",\"potentialAction\":[{\"@type\":\"ReadAction\",\"target\":[\"https:\/\/airportsmokinglounge.com\/smoking-at-airports-in-africa\/\"]}]},{\"@type\":\"ImageObject\",\"inLanguage\":\"fr-FR\",\"@id\":\"https:\/\/airportsmokinglounge.com\/smoking-at-airports-in-africa\/#primaryimage\",\"url\":\"https:\/\/airportsmokinglounge.com\/wp-content\/uploads\/2023\/03\/airport-smoking-lounge-7.jpg\",\"contentUrl\":\"https:\/\/airportsmokinglounge.com\/wp-content\/uploads\/2023\/03\/airport-smoking-lounge-7.jpg\",\"width\":2048,\"height\":1152,\"caption\":\"Airport Smoking areas\"},{\"@type\":\"BreadcrumbList\",\"@id\":\"https:\/\/airportsmokinglounge.com\/smoking-at-airports-in-africa\/#breadcrumb\",\"itemListElement\":[{\"@type\":\"ListItem\",\"position\":1,\"name\":\"Home\",\"item\":\"https:\/\/airportsmokinglounge.com\/\"},{\"@type\":\"ListItem\",\"position\":2,\"name\":\"Smoking at airports in Africa\"}]},{\"@type\":\"WebSite\",\"@id\":\"https:\/\/airportsmokinglounge.com\/#website\",\"url\":\"https:\/\/airportsmokinglounge.com\/\",\"name\":\"airportsmokinglounge.com\",\"description\":\"\",\"potentialAction\":[{\"@type\":\"SearchAction\",\"target\":{\"@type\":\"EntryPoint\",\"urlTemplate\":\"https:\/\/airportsmokinglounge.com\/?s={search_term_string}\"},\"query-input\":{\"@type\":\"PropertyValueSpecification\",\"valueRequired\":true,\"valueName\":\"search_term_string\"}}],\"inLanguage\":\"fr-FR\"}]}<\/script>\n<!-- \/ Yoast SEO plugin. -->","yoast_head_json":{"title":"Fumer dans les a\u00e9roports en Afrique - airportsmokinglounge.com","description":"Fumer dans les a\u00e9roports en Afrique \u2714\ufe0e Un guide complet des zones fumeurs et des politiques anti-tabac dans les principaux a\u00e9roports africains \u2714\ufe0e","robots":{"index":"index","follow":"follow","max-snippet":"max-snippet:-1","max-image-preview":"max-image-preview:large","max-video-preview":"max-video-preview:-1"},"canonical":"https:\/\/airportsmokinglounge.com\/fr\/fumer-dans-les-aeroports-en-afrique\/","og_locale":"fr_FR","og_type":"article","og_title":"Smoking at airports in Africa - airportsmokinglounge.com","og_description":"Smoking at airports in Africa \u2714\ufe0e A Comprehensive Guide to Smoking Areas and Smoking Policies in Major African Airports \u2714\ufe0e","og_url":"https:\/\/airportsmokinglounge.com\/fr\/fumer-dans-les-aeroports-en-afrique\/","og_site_name":"airportsmokinglounge.com","article_modified_time":"2023-05-21T19:41:35+00:00","og_image":[{"width":2048,"height":1152,"url":"https:\/\/airportsmokinglounge.com\/wp-content\/uploads\/2023\/03\/airport-smoking-lounge-7.jpg","type":"image\/jpeg"}],"twitter_card":"summary_large_image","twitter_misc":{"Dur\u00e9e de lecture estim\u00e9e":"2 minutes"},"schema":{"@context":"https:\/\/schema.org","@graph":[{"@type":"WebPage","@id":"https:\/\/airportsmokinglounge.com\/smoking-at-airports-in-africa\/","url":"https:\/\/airportsmokinglounge.com\/smoking-at-airports-in-africa\/","name":"Fumer dans les a\u00e9roports en Afrique - airportsmokinglounge.com","isPartOf":{"@id":"https:\/\/airportsmokinglounge.com\/#website"},"primaryImageOfPage":{"@id":"https:\/\/airportsmokinglounge.com\/smoking-at-airports-in-africa\/#primaryimage"},"image":{"@id":"https:\/\/airportsmokinglounge.com\/smoking-at-airports-in-africa\/#primaryimage"},"thumbnailUrl":"https:\/\/airportsmokinglounge.com\/wp-content\/uploads\/2023\/03\/airport-smoking-lounge-7.jpg","datePublished":"2023-02-12T18:36:00+00:00","dateModified":"2023-05-21T19:41:35+00:00","description":"Fumer dans les a\u00e9roports en Afrique \u2714\ufe0e Un guide complet des zones fumeurs et des politiques anti-tabac dans les principaux a\u00e9roports africains \u2714\ufe0e","breadcrumb":{"@id":"https:\/\/airportsmokinglounge.com\/smoking-at-airports-in-africa\/#breadcrumb"},"inLanguage":"fr-FR","potentialAction":[{"@type":"ReadAction","target":["https:\/\/airportsmokinglounge.com\/smoking-at-airports-in-africa\/"]}]},{"@type":"ImageObject","inLanguage":"fr-FR","@id":"https:\/\/airportsmokinglounge.com\/smoking-at-airports-in-africa\/#primaryimage","url":"https:\/\/airportsmokinglounge.com\/wp-content\/uploads\/2023\/03\/airport-smoking-lounge-7.jpg","contentUrl":"https:\/\/airportsmokinglounge.com\/wp-content\/uploads\/2023\/03\/airport-smoking-lounge-7.jpg","width":2048,"height":1152,"caption":"Airport Smoking areas"},{"@type":"BreadcrumbList","@id":"https:\/\/airportsmokinglounge.com\/smoking-at-airports-in-africa\/#breadcrumb","itemListElement":[{"@type":"ListItem","position":1,"name":"Home","item":"https:\/\/airportsmokinglounge.com\/"},{"@type":"ListItem","position":2,"name":"Smoking at airports in Africa"}]},{"@type":"WebSite","@id":"https:\/\/airportsmokinglounge.com\/#website","url":"https:\/\/airportsmokinglounge.com\/","name":"airportsmokinglounge.com","description":"","potentialAction":[{"@type":"SearchAction","target":{"@type":"EntryPoint","urlTemplate":"https:\/\/airportsmokinglounge.com\/?s={search_term_string}"},"query-input":{"@type":"PropertyValueSpecification","valueRequired":true,"valueName":"search_term_string"}}],"inLanguage":"fr-FR"}]}},"_links":{"self":[{"href":"https:\/\/airportsmokinglounge.com\/fr\/wp-json\/wp\/v2\/pages\/25","targetHints":{"allow":["GET"]}}],"collection":[{"href":"https:\/\/airportsmokinglounge.com\/fr\/wp-json\/wp\/v2\/pages"}],"about":[{"href":"https:\/\/airportsmokinglounge.com\/fr\/wp-json\/wp\/v2\/types\/page"}],"author":[{"embeddable":true,"href":"https:\/\/airportsmokinglounge.com\/fr\/wp-json\/wp\/v2\/users\/1"}],"replies":[{"embeddable":true,"href":"https:\/\/airportsmokinglounge.com\/fr\/wp-json\/wp\/v2\/comments?post=25"}],"version-history":[{"count":10,"href":"https:\/\/airportsmokinglounge.com\/fr\/wp-json\/wp\/v2\/pages\/25\/revisions"}],"predecessor-version":[{"id":5631,"href":"https:\/\/airportsmokinglounge.com\/fr\/wp-json\/wp\/v2\/pages\/25\/revisions\/5631"}],"wp:featuredmedia":[{"embeddable":true,"href":"https:\/\/airportsmokinglounge.com\/fr\/wp-json\/wp\/v2\/media\/1202"}],"wp:attachment":[{"href":"https:\/\/airportsmokinglounge.com\/fr\/wp-json\/wp\/v2\/media?parent=25"}],"curies":[{"name":"wp","href":"https:\/\/api.w.org\/{rel}","templated":true}]}}