{"id":310,"date":"2023-03-01T18:00:43","date_gmt":"2023-03-01T17:00:43","guid":{"rendered":"https:\/\/airportsmokinglounge.com\/?page_id=310"},"modified":"2023-05-23T12:48:42","modified_gmt":"2023-05-23T10:48:42","slug":"smoking-areas-in-papua-new-guinea-airports","status":"publish","type":"page","link":"https:\/\/airportsmokinglounge.com\/fr\/zones-fumeurs-dans-les-aeroports-de-papouasie-nouvelle-guinee\/","title":{"rendered":"Zones fumeurs dans les a\u00e9roports de Papouasie-Nouvelle-Guin\u00e9e"},"content":{"rendered":"<p>La Papouasie-Nouvelle-Guin\u00e9e dispose de plusieurs a\u00e9roports, allant des petits a\u00e9roports r\u00e9gionaux aux grands a\u00e9roports internationaux.<\/p>\n<p>Sur ce site Web, vous pouvez trouver toutes les zones fumeurs dans les a\u00e9roports, y compris les zones fumeurs d\u00e9sign\u00e9es et les installations disponibles. Nous comprenons la frustration de passer par la s\u00e9curit\u00e9 pour constater qu&#039;il n&#039;y a pas de zones fumeurs nulle part et dans certains cas, les cigarettes \u00e9lectroniques peuvent ne pas \u00eatre autoris\u00e9es.<\/p>\n<p>Ce service s&#039;adresse \u00e0 tous les fumeurs qui souhaitent profiter d&#039;une cigarette avant ou apr\u00e8s de longs vols.<\/p>\n<h2>A\u00e9roports en Papouasie-Nouvelle-Guin\u00e9e<\/h2>\n<ul style=\"list-style-type: circle;\">\n<li><a href=\"https:\/\/airportsmokinglounge.com\/fr\/zones-fumeurs-a-port-moresby-international-aeroport-pom\/\">A\u00c9ROPORT INTERNATIONAL JACKSON DE PORT MORESBY (POM)<\/a><\/li>\n<li><a href=\"https:\/\/airportsmokinglounge.com\/fr\/zones-fumeurs-a-madang-airport-mag\/\">A\u00c9ROPORT DE MADANG (MAG)<\/a><\/li>\n<li><a href=\"https:\/\/airportsmokinglounge.com\/fr\/zones-fumeurs-a-laeroport-de-buka-bua\/\">A\u00c9ROPORT DE BUKA (BUA)<\/a><\/li>\n<li><a href=\"https:\/\/airportsmokinglounge.com\/fr\/zones-fumeurs-a-mount-hagen-kagamuga-airport-hgu\/\">A\u00c9ROPORT DU MONT HAGEN KAGAMUGA (HGU)<\/a><\/li>\n<li><a href=\"https:\/\/airportsmokinglounge.com\/fr\/zones-fumeurs-a-laeroport-de-momote-mas\/\">A\u00c9ROPORT DE MOMOTE (MAS)<\/a><\/li>\n<\/ul>\n<h2>Loi sur le tabagisme en Papouasie-Nouvelle-Guin\u00e9e<\/h2>\n<p>La Papouasie-Nouvelle-Guin\u00e9e a mis en place une r\u00e9glementation antitabac pour r\u00e9pondre aux pr\u00e9occupations de sant\u00e9 publique li\u00e9es \u00e0 l&#039;usage du tabac. Cependant, veuillez noter que les lois et r\u00e9glementations antitabac peuvent changer avec le temps, il est donc conseill\u00e9 de se r\u00e9f\u00e9rer \u00e0 la l\u00e9gislation la plus r\u00e9cente ou de consulter les autorit\u00e9s locales pour obtenir les informations les plus r\u00e9centes sur les lois antitabac en Papouasie-Nouvelle-Guin\u00e9e.<\/p>\n<p>En Papouasie-Nouvelle-Guin\u00e9e, il est g\u00e9n\u00e9ralement interdit de fumer dans les lieux publics ferm\u00e9s, y compris les b\u00e2timents gouvernementaux, les \u00e9tablissements de sant\u00e9, les \u00e9tablissements d&#039;enseignement et les transports publics. La loi interdit \u00e9galement de fumer dans des zones telles que les restaurants, les caf\u00e9s et les centres commerciaux, \u00e0 moins qu&#039;ils n&#039;aient des zones fumeurs d\u00e9sign\u00e9es qui r\u00e9pondent \u00e0 des exigences sp\u00e9cifiques.<\/p>\n<p>De plus, il est interdit de fumer dans certains espaces ext\u00e9rieurs, comme pr\u00e8s des entr\u00e9es des b\u00e2timents publics et des stades. Certaines provinces de Papouasie-Nouvelle-Guin\u00e9e peuvent avoir des restrictions suppl\u00e9mentaires sur le tabagisme dans les espaces publics et exiger la cr\u00e9ation de zones fumeurs d\u00e9sign\u00e9es.<\/p>\n<p>La vente de produits du tabac aux mineurs de moins de 18 ans est interdite en Papouasie-Nouvelle-Guin\u00e9e. Le pays a \u00e9galement mis en place des r\u00e9glementations sur la publicit\u00e9, la promotion et le parrainage du tabac.<\/p>\n<p>La Papouasie-Nouvelle-Guin\u00e9e a pris des mesures pour sensibiliser le public aux risques pour la sant\u00e9 associ\u00e9s au tabagisme par le biais de campagnes sanitaires et d&#039;avertissements sur les paquets de cigarettes. Le pays a mis en place des avertissements sanitaires graphiques illustr\u00e9s sur les emballages des produits du tabac.<\/p>\n<p>L&#039;application des lois sur le tabagisme est effectu\u00e9e par les autorit\u00e9s comp\u00e9tentes, et les violations peuvent entra\u00eener des amendes ou d&#039;autres sanctions.<\/p>\n<p>Il est important de noter que le respect de la r\u00e9glementation antitabac en Papouasie-Nouvelle-Guin\u00e9e est g\u00e9n\u00e9ralement attendu, et fumer dans les zones interdites peut entra\u00eener des sanctions.<\/p>\n<p>Pour obtenir les informations les plus pr\u00e9cises et les plus r\u00e9centes sur les lois antitabac en Papouasie-Nouvelle-Guin\u00e9e, il est recommand\u00e9 de consulter la l\u00e9gislation la plus r\u00e9cente ou de contacter les autorit\u00e9s locales ou les organismes de sant\u00e9.<\/p>\n<p><strong>Plus de zones fumeurs \u00e0 l&#039;a\u00e9roport\u00a0<\/strong><\/p>\n<ul>\n<li><a href=\"https:\/\/airportsmokinglounge.com\/fr\/fumer-dans-les-aeroports-d-amerique-du-nord\/\">Am\u00e9rique du Nord<\/a><\/li>\n<li><a href=\"https:\/\/airportsmokinglounge.com\/fr\/fumer-dans-les-aeroports-d-amerique-du-sud\/\">Am\u00e9rique du Sud<\/a><\/li>\n<li><a href=\"https:\/\/airportsmokinglounge.com\/fr\/espaces-fumeurs-dans-les-aeroports-europeens\/\">L&#039;Europe \uf0d7<\/a><\/li>\n<li><a href=\"https:\/\/airportsmokinglounge.com\/fr\/fumer-dans-les-aeroports-en-asie\/\">Asie<\/a><\/li>\n<li><a href=\"https:\/\/airportsmokinglounge.com\/fr\/fumer-dans-les-aeroports-en-oceanie\/\">Oc\u00e9anie<\/a><\/li>\n<\/ul>","protected":false},"excerpt":{"rendered":"<p>La Papouasie-Nouvelle-Guin\u00e9e compte plusieurs a\u00e9roports, allant des petits a\u00e9roports r\u00e9gionaux aux grands a\u00e9roports internationaux. Sur ce site Web, vous trouverez toutes les zones fumeurs dans les a\u00e9roports, y compris les zones fumeurs d\u00e9sign\u00e9es et les installations disponibles. Nous comprenons la frustration de passer les contr\u00f4les de s\u00e9curit\u00e9 pour d\u00e9couvrir qu&#039;il n&#039;y a aucune zone fumeurs nulle part et dans certains cas\u2026&nbsp;<a href=\"https:\/\/airportsmokinglounge.com\/fr\/zones-fumeurs-dans-les-aeroports-de-papouasie-nouvelle-guinee\/\" rel=\"bookmark\">En savoir plus &quot;<span class=\"screen-reader-text\">Zones fumeurs dans les a\u00e9roports de Papouasie-Nouvelle-Guin\u00e9e<\/span><\/a><\/p>","protected":false},"author":1,"featured_media":1199,"parent":0,"menu_order":0,"comment_status":"closed","ping_status":"closed","template":"","meta":{"neve_meta_sidebar":"","neve_meta_container":"","neve_meta_enable_content_width":"off","neve_meta_content_width":100,"neve_meta_title_alignment":"","neve_meta_author_avatar":"","neve_post_elements_order":"","neve_meta_disable_header":"","neve_meta_disable_footer":"","neve_meta_disable_title":"","neve_meta_reading_time":"","footnotes":""},"class_list":["post-310","page","type-page","status-publish","has-post-thumbnail","hentry"],"yoast_head":"<!-- This site is optimized with the Yoast SEO plugin v26.6 - https:\/\/yoast.com\/wordpress\/plugins\/seo\/ -->\n<title>Smoking areas in Papua New Guinea airports<\/title>\n<meta name=\"description\" content=\"Smoking Areas in Papua New Guinea Airports - Your Ultimate Guide to Finding a Place to Smoke \u2714\ufe0e Find Your Next Smoke Break Spot \u2714\ufe0e\" \/>\n<meta name=\"robots\" content=\"index, follow, max-snippet:-1, max-image-preview:large, max-video-preview:-1\" \/>\n<link rel=\"canonical\" href=\"https:\/\/airportsmokinglounge.com\/fr\/zones-fumeurs-dans-les-aeroports-de-papouasie-nouvelle-guinee\/\" \/>\n<meta property=\"og:locale\" content=\"fr_FR\" \/>\n<meta property=\"og:type\" content=\"article\" \/>\n<meta property=\"og:title\" content=\"Smoking areas in Papua New Guinea airports\" \/>\n<meta property=\"og:description\" content=\"Smoking Areas in Papua New Guinea Airports - Your Ultimate Guide to Finding a Place to Smoke \u2714\ufe0e Find Your Next Smoke Break Spot \u2714\ufe0e\" \/>\n<meta property=\"og:url\" content=\"https:\/\/airportsmokinglounge.com\/fr\/zones-fumeurs-dans-les-aeroports-de-papouasie-nouvelle-guinee\/\" \/>\n<meta property=\"og:site_name\" content=\"airportsmokinglounge.com\" \/>\n<meta property=\"article:modified_time\" content=\"2023-05-23T10:48:42+00:00\" \/>\n<meta property=\"og:image\" content=\"https:\/\/airportsmokinglounge.com\/wp-content\/uploads\/2023\/03\/airport-smoking-lounge-4.jpg\" \/>\n\t<meta property=\"og:image:width\" content=\"2048\" \/>\n\t<meta property=\"og:image:height\" content=\"1152\" \/>\n\t<meta property=\"og:image:type\" content=\"image\/jpeg\" \/>\n<meta name=\"twitter:card\" content=\"summary_large_image\" \/>\n<meta name=\"twitter:label1\" content=\"Dur\u00e9e de lecture estim\u00e9e\" \/>\n\t<meta name=\"twitter:data1\" content=\"2 minutes\" \/>\n<script type=\"application\/ld+json\" class=\"yoast-schema-graph\">{\"@context\":\"https:\/\/schema.org\",\"@graph\":[{\"@type\":\"WebPage\",\"@id\":\"https:\/\/airportsmokinglounge.com\/smoking-areas-in-papua-new-guinea-airports\/\",\"url\":\"https:\/\/airportsmokinglounge.com\/smoking-areas-in-papua-new-guinea-airports\/\",\"name\":\"Smoking areas in Papua New Guinea airports\",\"isPartOf\":{\"@id\":\"https:\/\/airportsmokinglounge.com\/#website\"},\"primaryImageOfPage\":{\"@id\":\"https:\/\/airportsmokinglounge.com\/smoking-areas-in-papua-new-guinea-airports\/#primaryimage\"},\"image\":{\"@id\":\"https:\/\/airportsmokinglounge.com\/smoking-areas-in-papua-new-guinea-airports\/#primaryimage\"},\"thumbnailUrl\":\"https:\/\/airportsmokinglounge.com\/wp-content\/uploads\/2023\/03\/airport-smoking-lounge-4.jpg\",\"datePublished\":\"2023-03-01T17:00:43+00:00\",\"dateModified\":\"2023-05-23T10:48:42+00:00\",\"description\":\"Smoking Areas in Papua New Guinea Airports - Your Ultimate Guide to Finding a Place to Smoke \u2714\ufe0e Find Your Next Smoke Break Spot \u2714\ufe0e\",\"breadcrumb\":{\"@id\":\"https:\/\/airportsmokinglounge.com\/smoking-areas-in-papua-new-guinea-airports\/#breadcrumb\"},\"inLanguage\":\"fr-FR\",\"potentialAction\":[{\"@type\":\"ReadAction\",\"target\":[\"https:\/\/airportsmokinglounge.com\/smoking-areas-in-papua-new-guinea-airports\/\"]}]},{\"@type\":\"ImageObject\",\"inLanguage\":\"fr-FR\",\"@id\":\"https:\/\/airportsmokinglounge.com\/smoking-areas-in-papua-new-guinea-airports\/#primaryimage\",\"url\":\"https:\/\/airportsmokinglounge.com\/wp-content\/uploads\/2023\/03\/airport-smoking-lounge-4.jpg\",\"contentUrl\":\"https:\/\/airportsmokinglounge.com\/wp-content\/uploads\/2023\/03\/airport-smoking-lounge-4.jpg\",\"width\":2048,\"height\":1152,\"caption\":\"Airport Smoking\"},{\"@type\":\"BreadcrumbList\",\"@id\":\"https:\/\/airportsmokinglounge.com\/smoking-areas-in-papua-new-guinea-airports\/#breadcrumb\",\"itemListElement\":[{\"@type\":\"ListItem\",\"position\":1,\"name\":\"Home\",\"item\":\"https:\/\/airportsmokinglounge.com\/\"},{\"@type\":\"ListItem\",\"position\":2,\"name\":\"Smoking areas in Papua New Guinea airports\"}]},{\"@type\":\"WebSite\",\"@id\":\"https:\/\/airportsmokinglounge.com\/#website\",\"url\":\"https:\/\/airportsmokinglounge.com\/\",\"name\":\"airportsmokinglounge.com\",\"description\":\"\",\"potentialAction\":[{\"@type\":\"SearchAction\",\"target\":{\"@type\":\"EntryPoint\",\"urlTemplate\":\"https:\/\/airportsmokinglounge.com\/?s={search_term_string}\"},\"query-input\":{\"@type\":\"PropertyValueSpecification\",\"valueRequired\":true,\"valueName\":\"search_term_string\"}}],\"inLanguage\":\"fr-FR\"}]}<\/script>\n<!-- \/ Yoast SEO plugin. -->","yoast_head_json":{"title":"Zones fumeurs dans les a\u00e9roports de Papouasie-Nouvelle-Guin\u00e9e","description":"Zones fumeurs dans les a\u00e9roports de Papouasie-Nouvelle-Guin\u00e9e - Votre guide ultime pour trouver un endroit o\u00f9 fumer \u2714\ufe0e Trouvez votre prochain endroit pour fumer \u2714\ufe0e","robots":{"index":"index","follow":"follow","max-snippet":"max-snippet:-1","max-image-preview":"max-image-preview:large","max-video-preview":"max-video-preview:-1"},"canonical":"https:\/\/airportsmokinglounge.com\/fr\/zones-fumeurs-dans-les-aeroports-de-papouasie-nouvelle-guinee\/","og_locale":"fr_FR","og_type":"article","og_title":"Smoking areas in Papua New Guinea airports","og_description":"Smoking Areas in Papua New Guinea Airports - Your Ultimate Guide to Finding a Place to Smoke \u2714\ufe0e Find Your Next Smoke Break Spot \u2714\ufe0e","og_url":"https:\/\/airportsmokinglounge.com\/fr\/zones-fumeurs-dans-les-aeroports-de-papouasie-nouvelle-guinee\/","og_site_name":"airportsmokinglounge.com","article_modified_time":"2023-05-23T10:48:42+00:00","og_image":[{"width":2048,"height":1152,"url":"https:\/\/airportsmokinglounge.com\/wp-content\/uploads\/2023\/03\/airport-smoking-lounge-4.jpg","type":"image\/jpeg"}],"twitter_card":"summary_large_image","twitter_misc":{"Dur\u00e9e de lecture estim\u00e9e":"2 minutes"},"schema":{"@context":"https:\/\/schema.org","@graph":[{"@type":"WebPage","@id":"https:\/\/airportsmokinglounge.com\/smoking-areas-in-papua-new-guinea-airports\/","url":"https:\/\/airportsmokinglounge.com\/smoking-areas-in-papua-new-guinea-airports\/","name":"Zones fumeurs dans les a\u00e9roports de Papouasie-Nouvelle-Guin\u00e9e","isPartOf":{"@id":"https:\/\/airportsmokinglounge.com\/#website"},"primaryImageOfPage":{"@id":"https:\/\/airportsmokinglounge.com\/smoking-areas-in-papua-new-guinea-airports\/#primaryimage"},"image":{"@id":"https:\/\/airportsmokinglounge.com\/smoking-areas-in-papua-new-guinea-airports\/#primaryimage"},"thumbnailUrl":"https:\/\/airportsmokinglounge.com\/wp-content\/uploads\/2023\/03\/airport-smoking-lounge-4.jpg","datePublished":"2023-03-01T17:00:43+00:00","dateModified":"2023-05-23T10:48:42+00:00","description":"Zones fumeurs dans les a\u00e9roports de Papouasie-Nouvelle-Guin\u00e9e - Votre guide ultime pour trouver un endroit o\u00f9 fumer \u2714\ufe0e Trouvez votre prochain endroit pour fumer \u2714\ufe0e","breadcrumb":{"@id":"https:\/\/airportsmokinglounge.com\/smoking-areas-in-papua-new-guinea-airports\/#breadcrumb"},"inLanguage":"fr-FR","potentialAction":[{"@type":"ReadAction","target":["https:\/\/airportsmokinglounge.com\/smoking-areas-in-papua-new-guinea-airports\/"]}]},{"@type":"ImageObject","inLanguage":"fr-FR","@id":"https:\/\/airportsmokinglounge.com\/smoking-areas-in-papua-new-guinea-airports\/#primaryimage","url":"https:\/\/airportsmokinglounge.com\/wp-content\/uploads\/2023\/03\/airport-smoking-lounge-4.jpg","contentUrl":"https:\/\/airportsmokinglounge.com\/wp-content\/uploads\/2023\/03\/airport-smoking-lounge-4.jpg","width":2048,"height":1152,"caption":"Airport Smoking"},{"@type":"BreadcrumbList","@id":"https:\/\/airportsmokinglounge.com\/smoking-areas-in-papua-new-guinea-airports\/#breadcrumb","itemListElement":[{"@type":"ListItem","position":1,"name":"Home","item":"https:\/\/airportsmokinglounge.com\/"},{"@type":"ListItem","position":2,"name":"Smoking areas in Papua New Guinea airports"}]},{"@type":"WebSite","@id":"https:\/\/airportsmokinglounge.com\/#website","url":"https:\/\/airportsmokinglounge.com\/","name":"airportsmokinglounge.com","description":"","potentialAction":[{"@type":"SearchAction","target":{"@type":"EntryPoint","urlTemplate":"https:\/\/airportsmokinglounge.com\/?s={search_term_string}"},"query-input":{"@type":"PropertyValueSpecification","valueRequired":true,"valueName":"search_term_string"}}],"inLanguage":"fr-FR"}]}},"_links":{"self":[{"href":"https:\/\/airportsmokinglounge.com\/fr\/wp-json\/wp\/v2\/pages\/310","targetHints":{"allow":["GET"]}}],"collection":[{"href":"https:\/\/airportsmokinglounge.com\/fr\/wp-json\/wp\/v2\/pages"}],"about":[{"href":"https:\/\/airportsmokinglounge.com\/fr\/wp-json\/wp\/v2\/types\/page"}],"author":[{"embeddable":true,"href":"https:\/\/airportsmokinglounge.com\/fr\/wp-json\/wp\/v2\/users\/1"}],"replies":[{"embeddable":true,"href":"https:\/\/airportsmokinglounge.com\/fr\/wp-json\/wp\/v2\/comments?post=310"}],"version-history":[{"count":6,"href":"https:\/\/airportsmokinglounge.com\/fr\/wp-json\/wp\/v2\/pages\/310\/revisions"}],"predecessor-version":[{"id":5894,"href":"https:\/\/airportsmokinglounge.com\/fr\/wp-json\/wp\/v2\/pages\/310\/revisions\/5894"}],"wp:featuredmedia":[{"embeddable":true,"href":"https:\/\/airportsmokinglounge.com\/fr\/wp-json\/wp\/v2\/media\/1199"}],"wp:attachment":[{"href":"https:\/\/airportsmokinglounge.com\/fr\/wp-json\/wp\/v2\/media?parent=310"}],"curies":[{"name":"wp","href":"https:\/\/api.w.org\/{rel}","templated":true}]}}